{"id":3018,"date":"2018-04-06T09:34:24","date_gmt":"2018-04-06T08:34:24","guid":{"rendered":"https:\/\/www.brokk.com\/norway\/about-brokk\/the-brokk-group\/"},"modified":"2018-10-31T10:21:06","modified_gmt":"2018-10-31T09:21:06","slug":"brokk-gruppen","status":"publish","type":"page","link":"https:\/\/www.brokk.com\/no\/om-brokk\/brokk-gruppen\/","title":{"rendered":"Brokk-gruppen"},"content":{"rendered":"<p>Brokk-konsernet er verdensledende innen spesialisert og teknisk avansert rivningsutstyr, str\u00e5lingsbestemt elektrisk utstyr og utstyr for ovnsvedlikehold. Gruppen best\u00e5r av en rekke markedsledende produktfirmaer samt en rekke salgsselskaper over hele verden.<\/p>\n<p>Produktselskapene er:<\/p>\n<ul>\n<li>Brokk &#8211; Verdens ledende produsent av avanserte fjernstyrte rivningsmaskiner, popul\u00e6rt kalt &laquo;rivningsroboter&raquo;.<\/li>\n<li>Brokk Bricking Solutions &#8211; En ledende produsent av spesialisert ovn vedlikeholdsutstyr.<\/li>\n<li>Darda &#8211; verdens ledende produsent av kompakt betongknusnings- og metallskj\u00e6rutstyr, samt hydrauliske fjellsplittere.<\/li>\n<li>Ahlberg Camera Systems &#8211; En verdensledende produsent av spesialiserte str\u00e5lingssikre kamera og belysningssystemer.<\/li>\n<li>Aquajet Systems &#8211; Verdens ledende produsent av vannmeislingsroboter og utstyr.<\/li>\n<\/ul>\n<p>I tillegg best\u00e5r Brokk-konsernet av 12 salgs- og servicevirksomheter over hele verden. I 2017 hadde Brokk-konsernet over 300 ansatte over hele verden og et omsetning p\u00e5 ca. 1,0 milliarder kroner.<\/p>\n<p><img loading=\"lazy\" decoding=\"async\" class=\"alignnone size-medium wp-image-2032\" src=\"https:\/\/www.brokk.com\/uploads\/2018\/05\/brokk_world_map-720x480.jpg\" alt=\"Brokk sales and service companies across the world\" width=\"720\" height=\"480\" srcset=\"https:\/\/www.brokk.com\/no\/uploads\/2018\/05\/brokk_world_map-720x480.jpg 720w, https:\/\/www.brokk.com\/no\/uploads\/2018\/05\/brokk_world_map-420x280.jpg 420w, https:\/\/www.brokk.com\/no\/uploads\/2018\/05\/brokk_world_map-768x512.jpg 768w, https:\/\/www.brokk.com\/no\/uploads\/2018\/05\/brokk_world_map-1280x853.jpg 1280w, https:\/\/www.brokk.com\/no\/uploads\/2018\/05\/brokk_world_map-480x320.jpg 480w, https:\/\/www.brokk.com\/no\/uploads\/2018\/05\/brokk_world_map-48x32.jpg 48w, https:\/\/www.brokk.com\/no\/uploads\/2018\/05\/brokk_world_map.jpg 1440w\" sizes=\"auto, (max-width: 720px) 100vw, 720px\" \/><\/p>\n<p>Brokk-konsernet er en del av investeringsselskapet Lifco. Lifcos forretningsid\u00e9 er \u00e5 erverve og utvikle markedsledende nisjebedrifter med potensial til \u00e5 levere b\u00e6rekraftig inntjeningsvekst og robuste kontantstr\u00f8mmer over tid. Ved utgangen av 2017 besto Lifco av 138 driftsselskaper i 29 land, med ca 4.800 ansatte. Lifco rapporterte i 2017 netto omsetning p\u00e5 10,0 milliarder kroner og EBITA p\u00e5 1,7 milliarder kroner.<\/p>\n","protected":false},"excerpt":{"rendered":"<p>Brokk-konsernet er verdensledende innen spesialisert og teknisk avansert rivningsutstyr, str\u00e5lingsbestemt elektrisk utstyr og utstyr for ovnsvedlikehold. Gruppen best\u00e5r av en rekke markedsledende produktfirmaer samt en rekke salgsselskaper over hele verden. Produktselskapene er: Brokk &#8211; Verdens ledende produsent av avanserte fjernstyrte\u2026<\/p>\n","protected":false},"author":8,"featured_media":3019,"parent":3001,"menu_order":85,"comment_status":"closed","ping_status":"closed","template":"page-templates\/common.php","meta":{"_acf_changed":false,"_relevanssi_hide_post":"","_relevanssi_hide_content":"","_relevanssi_pin_for_all":"","_relevanssi_pin_keywords":"","_relevanssi_unpin_keywords":"","_relevanssi_related_keywords":"","_relevanssi_related_include_ids":"","_relevanssi_related_exclude_ids":"","_relevanssi_related_no_append":"","_relevanssi_related_not_related":"","_relevanssi_related_posts":"","_relevanssi_noindex_reason":"","footnotes":""},"class_list":["post-3018","page","type-page","status-publish","has-post-thumbnail","hentry"],"acf":[],"yoast_head":"<!-- This site is optimized with the Yoast SEO plugin v27.3 - https:\/\/yoast.com\/product\/yoast-seo-wordpress\/ -->\n<title>Brokk-gruppen - Brokk Norge<\/title>\n<meta name=\"robots\" content=\"index, follow, max-snippet:-1, max-image-preview:large, max-video-preview:-1\" \/>\n<link rel=\"canonical\" href=\"https:\/\/www.brokk.com\/no\/om-brokk\/brokk-gruppen\/\" \/>\n<meta property=\"og:locale\" content=\"nb_NO\" \/>\n<meta property=\"og:type\" content=\"article\" \/>\n<meta property=\"og:title\" content=\"Brokk-gruppen - Brokk Norge\" \/>\n<meta property=\"og:description\" content=\"Brokk-konsernet er verdensledende innen spesialisert og teknisk avansert rivningsutstyr, str\u00e5lingsbestemt elektrisk utstyr og utstyr for ovnsvedlikehold. Gruppen best\u00e5r av en rekke markedsledende produktfirmaer samt en rekke salgsselskaper over hele verden. Produktselskapene er: Brokk &#8211; Verdens ledende produsent av avanserte fjernstyrte\u2026\" \/>\n<meta property=\"og:url\" content=\"https:\/\/www.brokk.com\/no\/om-brokk\/brokk-gruppen\/\" \/>\n<meta property=\"og:site_name\" content=\"Brokk Norge\" \/>\n<meta property=\"article:modified_time\" content=\"2018-10-31T09:21:06+00:00\" \/>\n<meta property=\"og:image\" content=\"https:\/\/www.brokk.com\/no\/uploads\/sites\/3\/2018\/03\/brokk_group_hero.jpg\" \/>\n\t<meta property=\"og:image:width\" content=\"2560\" \/>\n\t<meta property=\"og:image:height\" content=\"1096\" \/>\n\t<meta property=\"og:image:type\" content=\"image\/jpeg\" \/>\n<meta name=\"twitter:card\" content=\"summary_large_image\" \/>\n<meta name=\"twitter:label1\" content=\"Ansl. lesetid\" \/>\n\t<meta name=\"twitter:data1\" content=\"1 minutt\" \/>\n<script type=\"application\/ld+json\" class=\"yoast-schema-graph\">{\"@context\":\"https:\\\/\\\/schema.org\",\"@graph\":[{\"@type\":\"WebPage\",\"@id\":\"https:\\\/\\\/www.brokk.com\\\/no\\\/om-brokk\\\/brokk-gruppen\\\/\",\"url\":\"https:\\\/\\\/www.brokk.com\\\/no\\\/om-brokk\\\/brokk-gruppen\\\/\",\"name\":\"Brokk-gruppen - Brokk Norge\",\"isPartOf\":{\"@id\":\"https:\\\/\\\/www.brokk.com\\\/no\\\/#website\"},\"primaryImageOfPage\":{\"@id\":\"https:\\\/\\\/www.brokk.com\\\/no\\\/om-brokk\\\/brokk-gruppen\\\/#primaryimage\"},\"image\":{\"@id\":\"https:\\\/\\\/www.brokk.com\\\/no\\\/om-brokk\\\/brokk-gruppen\\\/#primaryimage\"},\"thumbnailUrl\":\"https:\\\/\\\/www.brokk.com\\\/no\\\/uploads\\\/sites\\\/3\\\/2018\\\/03\\\/brokk_group_hero.jpg\",\"datePublished\":\"2018-04-06T08:34:24+00:00\",\"dateModified\":\"2018-10-31T09:21:06+00:00\",\"breadcrumb\":{\"@id\":\"https:\\\/\\\/www.brokk.com\\\/no\\\/om-brokk\\\/brokk-gruppen\\\/#breadcrumb\"},\"inLanguage\":\"nb-NO\",\"potentialAction\":[{\"@type\":\"ReadAction\",\"target\":[\"https:\\\/\\\/www.brokk.com\\\/no\\\/om-brokk\\\/brokk-gruppen\\\/\"]}]},{\"@type\":\"ImageObject\",\"inLanguage\":\"nb-NO\",\"@id\":\"https:\\\/\\\/www.brokk.com\\\/no\\\/om-brokk\\\/brokk-gruppen\\\/#primaryimage\",\"url\":\"https:\\\/\\\/www.brokk.com\\\/no\\\/uploads\\\/sites\\\/3\\\/2018\\\/03\\\/brokk_group_hero.jpg\",\"contentUrl\":\"https:\\\/\\\/www.brokk.com\\\/no\\\/uploads\\\/sites\\\/3\\\/2018\\\/03\\\/brokk_group_hero.jpg\",\"width\":2560,\"height\":1096},{\"@type\":\"BreadcrumbList\",\"@id\":\"https:\\\/\\\/www.brokk.com\\\/no\\\/om-brokk\\\/brokk-gruppen\\\/#breadcrumb\",\"itemListElement\":[{\"@type\":\"ListItem\",\"position\":1,\"name\":\"Home\",\"item\":\"https:\\\/\\\/www.brokk.com\\\/no\\\/home\\\/\"},{\"@type\":\"ListItem\",\"position\":2,\"name\":\"Om Brokk\",\"item\":\"https:\\\/\\\/www.brokk.com\\\/no\\\/om-brokk\\\/\"},{\"@type\":\"ListItem\",\"position\":3,\"name\":\"Brokk-gruppen\"}]},{\"@type\":\"WebSite\",\"@id\":\"https:\\\/\\\/www.brokk.com\\\/no\\\/#website\",\"url\":\"https:\\\/\\\/www.brokk.com\\\/no\\\/\",\"name\":\"Brokk Norge\",\"description\":\"\",\"potentialAction\":[{\"@type\":\"SearchAction\",\"target\":{\"@type\":\"EntryPoint\",\"urlTemplate\":\"https:\\\/\\\/www.brokk.com\\\/no\\\/?s={search_term_string}\"},\"query-input\":{\"@type\":\"PropertyValueSpecification\",\"valueRequired\":true,\"valueName\":\"search_term_string\"}}],\"inLanguage\":\"nb-NO\"}]}<\/script>\n<!-- \/ Yoast SEO plugin. -->","yoast_head_json":{"title":"Brokk-gruppen - Brokk Norge","robots":{"index":"index","follow":"follow","max-snippet":"max-snippet:-1","max-image-preview":"max-image-preview:large","max-video-preview":"max-video-preview:-1"},"canonical":"https:\/\/www.brokk.com\/no\/om-brokk\/brokk-gruppen\/","og_locale":"nb_NO","og_type":"article","og_title":"Brokk-gruppen - Brokk Norge","og_description":"Brokk-konsernet er verdensledende innen spesialisert og teknisk avansert rivningsutstyr, str\u00e5lingsbestemt elektrisk utstyr og utstyr for ovnsvedlikehold. Gruppen best\u00e5r av en rekke markedsledende produktfirmaer samt en rekke salgsselskaper over hele verden. Produktselskapene er: Brokk &#8211; Verdens ledende produsent av avanserte fjernstyrte\u2026","og_url":"https:\/\/www.brokk.com\/no\/om-brokk\/brokk-gruppen\/","og_site_name":"Brokk Norge","article_modified_time":"2018-10-31T09:21:06+00:00","og_image":[{"width":2560,"height":1096,"url":"https:\/\/www.brokk.com\/no\/uploads\/sites\/3\/2018\/03\/brokk_group_hero.jpg","type":"image\/jpeg"}],"twitter_card":"summary_large_image","twitter_misc":{"Ansl. lesetid":"1 minutt"},"schema":{"@context":"https:\/\/schema.org","@graph":[{"@type":"WebPage","@id":"https:\/\/www.brokk.com\/no\/om-brokk\/brokk-gruppen\/","url":"https:\/\/www.brokk.com\/no\/om-brokk\/brokk-gruppen\/","name":"Brokk-gruppen - Brokk Norge","isPartOf":{"@id":"https:\/\/www.brokk.com\/no\/#website"},"primaryImageOfPage":{"@id":"https:\/\/www.brokk.com\/no\/om-brokk\/brokk-gruppen\/#primaryimage"},"image":{"@id":"https:\/\/www.brokk.com\/no\/om-brokk\/brokk-gruppen\/#primaryimage"},"thumbnailUrl":"https:\/\/www.brokk.com\/no\/uploads\/sites\/3\/2018\/03\/brokk_group_hero.jpg","datePublished":"2018-04-06T08:34:24+00:00","dateModified":"2018-10-31T09:21:06+00:00","breadcrumb":{"@id":"https:\/\/www.brokk.com\/no\/om-brokk\/brokk-gruppen\/#breadcrumb"},"inLanguage":"nb-NO","potentialAction":[{"@type":"ReadAction","target":["https:\/\/www.brokk.com\/no\/om-brokk\/brokk-gruppen\/"]}]},{"@type":"ImageObject","inLanguage":"nb-NO","@id":"https:\/\/www.brokk.com\/no\/om-brokk\/brokk-gruppen\/#primaryimage","url":"https:\/\/www.brokk.com\/no\/uploads\/sites\/3\/2018\/03\/brokk_group_hero.jpg","contentUrl":"https:\/\/www.brokk.com\/no\/uploads\/sites\/3\/2018\/03\/brokk_group_hero.jpg","width":2560,"height":1096},{"@type":"BreadcrumbList","@id":"https:\/\/www.brokk.com\/no\/om-brokk\/brokk-gruppen\/#breadcrumb","itemListElement":[{"@type":"ListItem","position":1,"name":"Home","item":"https:\/\/www.brokk.com\/no\/home\/"},{"@type":"ListItem","position":2,"name":"Om Brokk","item":"https:\/\/www.brokk.com\/no\/om-brokk\/"},{"@type":"ListItem","position":3,"name":"Brokk-gruppen"}]},{"@type":"WebSite","@id":"https:\/\/www.brokk.com\/no\/#website","url":"https:\/\/www.brokk.com\/no\/","name":"Brokk Norge","description":"","potentialAction":[{"@type":"SearchAction","target":{"@type":"EntryPoint","urlTemplate":"https:\/\/www.brokk.com\/no\/?s={search_term_string}"},"query-input":{"@type":"PropertyValueSpecification","valueRequired":true,"valueName":"search_term_string"}}],"inLanguage":"nb-NO"}]}},"_links":{"self":[{"href":"https:\/\/www.brokk.com\/no\/wp-json\/wp\/v2\/pages\/3018","targetHints":{"allow":["GET"]}}],"collection":[{"href":"https:\/\/www.brokk.com\/no\/wp-json\/wp\/v2\/pages"}],"about":[{"href":"https:\/\/www.brokk.com\/no\/wp-json\/wp\/v2\/types\/page"}],"author":[{"embeddable":true,"href":"https:\/\/www.brokk.com\/no\/wp-json\/wp\/v2\/users\/8"}],"replies":[{"embeddable":true,"href":"https:\/\/www.brokk.com\/no\/wp-json\/wp\/v2\/comments?post=3018"}],"version-history":[{"count":2,"href":"https:\/\/www.brokk.com\/no\/wp-json\/wp\/v2\/pages\/3018\/revisions"}],"predecessor-version":[{"id":3021,"href":"https:\/\/www.brokk.com\/no\/wp-json\/wp\/v2\/pages\/3018\/revisions\/3021"}],"up":[{"embeddable":true,"href":"https:\/\/www.brokk.com\/no\/wp-json\/wp\/v2\/pages\/3001"}],"wp:featuredmedia":[{"embeddable":true,"href":"https:\/\/www.brokk.com\/no\/wp-json\/wp\/v2\/media\/3019"}],"wp:attachment":[{"href":"https:\/\/www.brokk.com\/no\/wp-json\/wp\/v2\/media?parent=3018"}],"curies":[{"name":"wp","href":"https:\/\/api.w.org\/{rel}","templated":true}]}}