{"id":3024,"date":"2018-04-06T08:34:15","date_gmt":"2018-04-06T07:34:15","guid":{"rendered":"https:\/\/www.brokk.com\/norway\/after-sales\/"},"modified":"2018-11-21T19:44:08","modified_gmt":"2018-11-21T18:44:08","slug":"ettermarked","status":"publish","type":"page","link":"https:\/\/www.brokk.com\/no\/ettermarked\/","title":{"rendered":"Ettermarked"},"content":{"rendered":"<h3>DIN BROKKMASKIN BLIR GODT IVARETATT<\/h3>\n<p>Brokk oppetid best\u00e5r av tre hovedpunkter<\/p>\n<ul>\n<li>Service og support i verdensklasse.<\/li>\n<li>Originaldeler som er produsert for \u00e5 \u00f8ke levetid og effekt p\u00e5 Brokkmaskinen.<\/li>\n<li>En proaktiv serviceavtale. En p\u00e5litelig forsikring i stedet for uvelkomne overraskelser.<\/li>\n<\/ul>\n<p>Alle disse tjenestene betyr at din BROKK robot er produktiv og p\u00e5litelig, \u00e5r etter \u00e5r. Legg merke tilserviceavtalen kan gj\u00f8res for brukte maskiner ogs\u00e5. Klikk p\u00e5 de ulike seksjonene under for mer informasjon.<\/p>\n","protected":false},"excerpt":{"rendered":"<p>Brokk oppetid er neste steg i v\u00e5r fokus p\u00e5 service, support og oppl\u00e6ring.<\/p>\n","protected":false},"author":8,"featured_media":0,"parent":0,"menu_order":39,"comment_status":"closed","ping_status":"closed","template":"page-templates\/common.php","meta":{"_acf_changed":false,"_relevanssi_hide_post":"","_relevanssi_hide_content":"","_relevanssi_pin_for_all":"","_relevanssi_pin_keywords":"","_relevanssi_unpin_keywords":"","_relevanssi_related_keywords":"","_relevanssi_related_include_ids":"","_relevanssi_related_exclude_ids":"","_relevanssi_related_no_append":"","_relevanssi_related_not_related":"","_relevanssi_related_posts":"","_relevanssi_noindex_reason":"","footnotes":""},"class_list":["post-3024","page","type-page","status-publish","hentry"],"acf":[],"yoast_head":"<!-- This site is optimized with the Yoast SEO plugin v27.3 - https:\/\/yoast.com\/product\/yoast-seo-wordpress\/ -->\n<title>Ettermarked - Brokk Norge<\/title>\n<meta name=\"robots\" content=\"index, follow, max-snippet:-1, max-image-preview:large, max-video-preview:-1\" \/>\n<link rel=\"canonical\" href=\"https:\/\/www.brokk.com\/no\/ettermarked\/\" \/>\n<meta property=\"og:locale\" content=\"nb_NO\" \/>\n<meta property=\"og:type\" content=\"article\" \/>\n<meta property=\"og:title\" content=\"Ettermarked - Brokk Norge\" \/>\n<meta property=\"og:description\" content=\"Brokk oppetid er neste steg i v\u00e5r fokus p\u00e5 service, support og oppl\u00e6ring.\" \/>\n<meta property=\"og:url\" content=\"https:\/\/www.brokk.com\/no\/ettermarked\/\" \/>\n<meta property=\"og:site_name\" content=\"Brokk Norge\" \/>\n<meta property=\"article:modified_time\" content=\"2018-11-21T18:44:08+00:00\" \/>\n<meta property=\"og:image\" content=\"https:\/\/www.brokk.com\/no\/uploads\/sites\/3\/2018\/03\/after-sales_hero.jpg\" \/>\n\t<meta property=\"og:image:width\" content=\"2560\" \/>\n\t<meta property=\"og:image:height\" content=\"1096\" \/>\n\t<meta property=\"og:image:type\" content=\"image\/jpeg\" \/>\n<meta name=\"twitter:card\" content=\"summary_large_image\" \/>\n<script type=\"application\/ld+json\" class=\"yoast-schema-graph\">{\"@context\":\"https:\\\/\\\/schema.org\",\"@graph\":[{\"@type\":\"WebPage\",\"@id\":\"https:\\\/\\\/www.brokk.com\\\/no\\\/ettermarked\\\/\",\"url\":\"https:\\\/\\\/www.brokk.com\\\/no\\\/ettermarked\\\/\",\"name\":\"Ettermarked - Brokk Norge\",\"isPartOf\":{\"@id\":\"https:\\\/\\\/www.brokk.com\\\/no\\\/#website\"},\"datePublished\":\"2018-04-06T07:34:15+00:00\",\"dateModified\":\"2018-11-21T18:44:08+00:00\",\"breadcrumb\":{\"@id\":\"https:\\\/\\\/www.brokk.com\\\/no\\\/ettermarked\\\/#breadcrumb\"},\"inLanguage\":\"nb-NO\",\"potentialAction\":[{\"@type\":\"ReadAction\",\"target\":[\"https:\\\/\\\/www.brokk.com\\\/no\\\/ettermarked\\\/\"]}]},{\"@type\":\"BreadcrumbList\",\"@id\":\"https:\\\/\\\/www.brokk.com\\\/no\\\/ettermarked\\\/#breadcrumb\",\"itemListElement\":[{\"@type\":\"ListItem\",\"position\":1,\"name\":\"Home\",\"item\":\"https:\\\/\\\/www.brokk.com\\\/no\\\/home\\\/\"},{\"@type\":\"ListItem\",\"position\":2,\"name\":\"Ettermarked\"}]},{\"@type\":\"WebSite\",\"@id\":\"https:\\\/\\\/www.brokk.com\\\/no\\\/#website\",\"url\":\"https:\\\/\\\/www.brokk.com\\\/no\\\/\",\"name\":\"Brokk Norge\",\"description\":\"\",\"potentialAction\":[{\"@type\":\"SearchAction\",\"target\":{\"@type\":\"EntryPoint\",\"urlTemplate\":\"https:\\\/\\\/www.brokk.com\\\/no\\\/?s={search_term_string}\"},\"query-input\":{\"@type\":\"PropertyValueSpecification\",\"valueRequired\":true,\"valueName\":\"search_term_string\"}}],\"inLanguage\":\"nb-NO\"}]}<\/script>\n<!-- \/ Yoast SEO plugin. -->","yoast_head_json":{"title":"Ettermarked - Brokk Norge","robots":{"index":"index","follow":"follow","max-snippet":"max-snippet:-1","max-image-preview":"max-image-preview:large","max-video-preview":"max-video-preview:-1"},"canonical":"https:\/\/www.brokk.com\/no\/ettermarked\/","og_locale":"nb_NO","og_type":"article","og_title":"Ettermarked - Brokk Norge","og_description":"Brokk oppetid er neste steg i v\u00e5r fokus p\u00e5 service, support og oppl\u00e6ring.","og_url":"https:\/\/www.brokk.com\/no\/ettermarked\/","og_site_name":"Brokk Norge","article_modified_time":"2018-11-21T18:44:08+00:00","og_image":[{"width":2560,"height":1096,"url":"https:\/\/www.brokk.com\/no\/uploads\/sites\/3\/2018\/03\/after-sales_hero.jpg","type":"image\/jpeg"}],"twitter_card":"summary_large_image","schema":{"@context":"https:\/\/schema.org","@graph":[{"@type":"WebPage","@id":"https:\/\/www.brokk.com\/no\/ettermarked\/","url":"https:\/\/www.brokk.com\/no\/ettermarked\/","name":"Ettermarked - Brokk Norge","isPartOf":{"@id":"https:\/\/www.brokk.com\/no\/#website"},"datePublished":"2018-04-06T07:34:15+00:00","dateModified":"2018-11-21T18:44:08+00:00","breadcrumb":{"@id":"https:\/\/www.brokk.com\/no\/ettermarked\/#breadcrumb"},"inLanguage":"nb-NO","potentialAction":[{"@type":"ReadAction","target":["https:\/\/www.brokk.com\/no\/ettermarked\/"]}]},{"@type":"BreadcrumbList","@id":"https:\/\/www.brokk.com\/no\/ettermarked\/#breadcrumb","itemListElement":[{"@type":"ListItem","position":1,"name":"Home","item":"https:\/\/www.brokk.com\/no\/home\/"},{"@type":"ListItem","position":2,"name":"Ettermarked"}]},{"@type":"WebSite","@id":"https:\/\/www.brokk.com\/no\/#website","url":"https:\/\/www.brokk.com\/no\/","name":"Brokk Norge","description":"","potentialAction":[{"@type":"SearchAction","target":{"@type":"EntryPoint","urlTemplate":"https:\/\/www.brokk.com\/no\/?s={search_term_string}"},"query-input":{"@type":"PropertyValueSpecification","valueRequired":true,"valueName":"search_term_string"}}],"inLanguage":"nb-NO"}]}},"_links":{"self":[{"href":"https:\/\/www.brokk.com\/no\/wp-json\/wp\/v2\/pages\/3024","targetHints":{"allow":["GET"]}}],"collection":[{"href":"https:\/\/www.brokk.com\/no\/wp-json\/wp\/v2\/pages"}],"about":[{"href":"https:\/\/www.brokk.com\/no\/wp-json\/wp\/v2\/types\/page"}],"author":[{"embeddable":true,"href":"https:\/\/www.brokk.com\/no\/wp-json\/wp\/v2\/users\/8"}],"replies":[{"embeddable":true,"href":"https:\/\/www.brokk.com\/no\/wp-json\/wp\/v2\/comments?post=3024"}],"version-history":[{"count":3,"href":"https:\/\/www.brokk.com\/no\/wp-json\/wp\/v2\/pages\/3024\/revisions"}],"predecessor-version":[{"id":3396,"href":"https:\/\/www.brokk.com\/no\/wp-json\/wp\/v2\/pages\/3024\/revisions\/3396"}],"wp:attachment":[{"href":"https:\/\/www.brokk.com\/no\/wp-json\/wp\/v2\/media?parent=3024"}],"curies":[{"name":"wp","href":"https:\/\/api.w.org\/{rel}","templated":true}]}}