{"id":3037,"date":"2018-05-23T07:26:16","date_gmt":"2018-05-23T06:26:16","guid":{"rendered":"https:\/\/www.brokk.com\/norway\/security-and-rescue-for-industries\/"},"modified":"2018-10-30T12:26:48","modified_gmt":"2018-10-30T11:26:48","slug":"redning-sikkerhet-industri","status":"publish","type":"page","link":"https:\/\/www.brokk.com\/no\/redning-sikkerhet-industri\/","title":{"rendered":"Redning og sikkerhet"},"content":{"rendered":"<h3>Redning og sikkerhet \u2013 trygg effektivitet, midt blandt alle farer<\/h3>\n<p><strong>Brokk`s SR system er designet for redning og sikkerhetsoperasjoner med et arbeidsomr\u00e5de som rekker over 1000 meter. Denne helt spesielle demoleringsroboten er utviklet p\u00e5 bakgrunn av millioner av timer med erfaring i Brokk operasjoner i de t\u00f8ffeste og mest krevende milj\u00f8er over hele verden.<\/strong><\/p>\n<h4>EN PLATTFORM, ET UTALL OPPDRAG<\/h4>\n<p>Uansett fare, naturkatastrofer, terroraksjoner, sammenraste byggninger, h\u00f8ye temperaturer, fare for fientlig ild, kjemisk, radioaktivitet, eksploive omgivelser (CBRN) vil v\u00e5r fjernstyrte SR-system effektivt utf\u00f8re redningsoppdrag og forsvarsoperasjoner mens operat\u00f8ren er trygg.<\/p>\n<p>SR-systemet er basert p\u00e5 en standard Brokk plattform med en videreutvikling og en utrustning tilpasset redning og sikkerhetsoperasjoner rundt i verden og s\u00e5 skreddersydd det enkelte segments behov. Det v\u00e6re seg milit\u00e6re kapasiteter, kryptert radiokommunikasjons systemer og spesielle operasjoner utenfor siktelinjer i vanskelige milj\u00f8er., nye sensorsystemer, kamera l\u00f8sninger og skreddersydde verkt\u00f8y etc.<\/p>\n<p>For mer informasjon <a href=\"mailto:Patrik.Bylin@brokk.com\">Kontakt<\/a> Patrik Bylin eller <a href=\"mailto:dag@brokk.no\">Kontakt<\/a> Brokk Norge AS.<\/p>\n","protected":false},"excerpt":{"rendered":"<p>Redning og sikkerhet \u2013 trygg effektivitet, midt blandt alle farer Brokk`s SR system er designet for redning og sikkerhetsoperasjoner med et arbeidsomr\u00e5de som rekker over 1000 meter. Denne helt spesielle demoleringsroboten er utviklet p\u00e5 bakgrunn av millioner av timer med\u2026<\/p>\n","protected":false},"author":10,"featured_media":3038,"parent":0,"menu_order":29,"comment_status":"closed","ping_status":"closed","template":"page-templates\/campaign.php","meta":{"_acf_changed":false,"_relevanssi_hide_post":"","_relevanssi_hide_content":"","_relevanssi_pin_for_all":"","_relevanssi_pin_keywords":"","_relevanssi_unpin_keywords":"","_relevanssi_related_keywords":"","_relevanssi_related_include_ids":"","_relevanssi_related_exclude_ids":"","_relevanssi_related_no_append":"","_relevanssi_related_not_related":"","_relevanssi_related_posts":"","_relevanssi_noindex_reason":"","footnotes":""},"class_list":["post-3037","page","type-page","status-publish","has-post-thumbnail","hentry"],"acf":[],"yoast_head":"<!-- This site is optimized with the Yoast SEO plugin v27.3 - https:\/\/yoast.com\/product\/yoast-seo-wordpress\/ -->\n<title>Redning og sikkerhet - Brokk Norge<\/title>\n<meta name=\"robots\" content=\"index, follow, max-snippet:-1, max-image-preview:large, max-video-preview:-1\" \/>\n<link rel=\"canonical\" href=\"https:\/\/www.brokk.com\/no\/redning-sikkerhet-industri\/\" \/>\n<meta property=\"og:locale\" content=\"nb_NO\" \/>\n<meta property=\"og:type\" content=\"article\" \/>\n<meta property=\"og:title\" content=\"Redning og sikkerhet - Brokk Norge\" \/>\n<meta property=\"og:description\" content=\"Redning og sikkerhet \u2013 trygg effektivitet, midt blandt alle farer Brokk`s SR system er designet for redning og sikkerhetsoperasjoner med et arbeidsomr\u00e5de som rekker over 1000 meter. Denne helt spesielle demoleringsroboten er utviklet p\u00e5 bakgrunn av millioner av timer med\u2026\" \/>\n<meta property=\"og:url\" content=\"https:\/\/www.brokk.com\/no\/redning-sikkerhet-industri\/\" \/>\n<meta property=\"og:site_name\" content=\"Brokk Norge\" \/>\n<meta property=\"article:modified_time\" content=\"2018-10-30T11:26:48+00:00\" \/>\n<meta property=\"og:image\" content=\"https:\/\/www.brokk.com\/no\/uploads\/sites\/3\/2018\/06\/brokksr_product_hero.jpg\" \/>\n\t<meta property=\"og:image:width\" content=\"2560\" \/>\n\t<meta property=\"og:image:height\" content=\"1096\" \/>\n\t<meta property=\"og:image:type\" content=\"image\/jpeg\" \/>\n<meta name=\"twitter:card\" content=\"summary_large_image\" \/>\n<meta name=\"twitter:label1\" content=\"Ansl. lesetid\" \/>\n\t<meta name=\"twitter:data1\" content=\"1 minutt\" \/>\n<script type=\"application\/ld+json\" class=\"yoast-schema-graph\">{\"@context\":\"https:\\\/\\\/schema.org\",\"@graph\":[{\"@type\":\"WebPage\",\"@id\":\"https:\\\/\\\/www.brokk.com\\\/no\\\/redning-sikkerhet-industri\\\/\",\"url\":\"https:\\\/\\\/www.brokk.com\\\/no\\\/redning-sikkerhet-industri\\\/\",\"name\":\"Redning og sikkerhet - Brokk Norge\",\"isPartOf\":{\"@id\":\"https:\\\/\\\/www.brokk.com\\\/no\\\/#website\"},\"primaryImageOfPage\":{\"@id\":\"https:\\\/\\\/www.brokk.com\\\/no\\\/redning-sikkerhet-industri\\\/#primaryimage\"},\"image\":{\"@id\":\"https:\\\/\\\/www.brokk.com\\\/no\\\/redning-sikkerhet-industri\\\/#primaryimage\"},\"thumbnailUrl\":\"https:\\\/\\\/www.brokk.com\\\/no\\\/uploads\\\/sites\\\/3\\\/2018\\\/06\\\/brokksr_product_hero.jpg\",\"datePublished\":\"2018-05-23T06:26:16+00:00\",\"dateModified\":\"2018-10-30T11:26:48+00:00\",\"breadcrumb\":{\"@id\":\"https:\\\/\\\/www.brokk.com\\\/no\\\/redning-sikkerhet-industri\\\/#breadcrumb\"},\"inLanguage\":\"nb-NO\",\"potentialAction\":[{\"@type\":\"ReadAction\",\"target\":[\"https:\\\/\\\/www.brokk.com\\\/no\\\/redning-sikkerhet-industri\\\/\"]}]},{\"@type\":\"ImageObject\",\"inLanguage\":\"nb-NO\",\"@id\":\"https:\\\/\\\/www.brokk.com\\\/no\\\/redning-sikkerhet-industri\\\/#primaryimage\",\"url\":\"https:\\\/\\\/www.brokk.com\\\/no\\\/uploads\\\/sites\\\/3\\\/2018\\\/06\\\/brokksr_product_hero.jpg\",\"contentUrl\":\"https:\\\/\\\/www.brokk.com\\\/no\\\/uploads\\\/sites\\\/3\\\/2018\\\/06\\\/brokksr_product_hero.jpg\",\"width\":2560,\"height\":1096},{\"@type\":\"BreadcrumbList\",\"@id\":\"https:\\\/\\\/www.brokk.com\\\/no\\\/redning-sikkerhet-industri\\\/#breadcrumb\",\"itemListElement\":[{\"@type\":\"ListItem\",\"position\":1,\"name\":\"Home\",\"item\":\"https:\\\/\\\/www.brokk.com\\\/no\\\/home\\\/\"},{\"@type\":\"ListItem\",\"position\":2,\"name\":\"Redning og sikkerhet\"}]},{\"@type\":\"WebSite\",\"@id\":\"https:\\\/\\\/www.brokk.com\\\/no\\\/#website\",\"url\":\"https:\\\/\\\/www.brokk.com\\\/no\\\/\",\"name\":\"Brokk Norge\",\"description\":\"\",\"potentialAction\":[{\"@type\":\"SearchAction\",\"target\":{\"@type\":\"EntryPoint\",\"urlTemplate\":\"https:\\\/\\\/www.brokk.com\\\/no\\\/?s={search_term_string}\"},\"query-input\":{\"@type\":\"PropertyValueSpecification\",\"valueRequired\":true,\"valueName\":\"search_term_string\"}}],\"inLanguage\":\"nb-NO\"}]}<\/script>\n<!-- \/ Yoast SEO plugin. -->","yoast_head_json":{"title":"Redning og sikkerhet - Brokk Norge","robots":{"index":"index","follow":"follow","max-snippet":"max-snippet:-1","max-image-preview":"max-image-preview:large","max-video-preview":"max-video-preview:-1"},"canonical":"https:\/\/www.brokk.com\/no\/redning-sikkerhet-industri\/","og_locale":"nb_NO","og_type":"article","og_title":"Redning og sikkerhet - Brokk Norge","og_description":"Redning og sikkerhet \u2013 trygg effektivitet, midt blandt alle farer Brokk`s SR system er designet for redning og sikkerhetsoperasjoner med et arbeidsomr\u00e5de som rekker over 1000 meter. Denne helt spesielle demoleringsroboten er utviklet p\u00e5 bakgrunn av millioner av timer med\u2026","og_url":"https:\/\/www.brokk.com\/no\/redning-sikkerhet-industri\/","og_site_name":"Brokk Norge","article_modified_time":"2018-10-30T11:26:48+00:00","og_image":[{"width":2560,"height":1096,"url":"https:\/\/www.brokk.com\/no\/uploads\/sites\/3\/2018\/06\/brokksr_product_hero.jpg","type":"image\/jpeg"}],"twitter_card":"summary_large_image","twitter_misc":{"Ansl. lesetid":"1 minutt"},"schema":{"@context":"https:\/\/schema.org","@graph":[{"@type":"WebPage","@id":"https:\/\/www.brokk.com\/no\/redning-sikkerhet-industri\/","url":"https:\/\/www.brokk.com\/no\/redning-sikkerhet-industri\/","name":"Redning og sikkerhet - Brokk Norge","isPartOf":{"@id":"https:\/\/www.brokk.com\/no\/#website"},"primaryImageOfPage":{"@id":"https:\/\/www.brokk.com\/no\/redning-sikkerhet-industri\/#primaryimage"},"image":{"@id":"https:\/\/www.brokk.com\/no\/redning-sikkerhet-industri\/#primaryimage"},"thumbnailUrl":"https:\/\/www.brokk.com\/no\/uploads\/sites\/3\/2018\/06\/brokksr_product_hero.jpg","datePublished":"2018-05-23T06:26:16+00:00","dateModified":"2018-10-30T11:26:48+00:00","breadcrumb":{"@id":"https:\/\/www.brokk.com\/no\/redning-sikkerhet-industri\/#breadcrumb"},"inLanguage":"nb-NO","potentialAction":[{"@type":"ReadAction","target":["https:\/\/www.brokk.com\/no\/redning-sikkerhet-industri\/"]}]},{"@type":"ImageObject","inLanguage":"nb-NO","@id":"https:\/\/www.brokk.com\/no\/redning-sikkerhet-industri\/#primaryimage","url":"https:\/\/www.brokk.com\/no\/uploads\/sites\/3\/2018\/06\/brokksr_product_hero.jpg","contentUrl":"https:\/\/www.brokk.com\/no\/uploads\/sites\/3\/2018\/06\/brokksr_product_hero.jpg","width":2560,"height":1096},{"@type":"BreadcrumbList","@id":"https:\/\/www.brokk.com\/no\/redning-sikkerhet-industri\/#breadcrumb","itemListElement":[{"@type":"ListItem","position":1,"name":"Home","item":"https:\/\/www.brokk.com\/no\/home\/"},{"@type":"ListItem","position":2,"name":"Redning og sikkerhet"}]},{"@type":"WebSite","@id":"https:\/\/www.brokk.com\/no\/#website","url":"https:\/\/www.brokk.com\/no\/","name":"Brokk Norge","description":"","potentialAction":[{"@type":"SearchAction","target":{"@type":"EntryPoint","urlTemplate":"https:\/\/www.brokk.com\/no\/?s={search_term_string}"},"query-input":{"@type":"PropertyValueSpecification","valueRequired":true,"valueName":"search_term_string"}}],"inLanguage":"nb-NO"}]}},"_links":{"self":[{"href":"https:\/\/www.brokk.com\/no\/wp-json\/wp\/v2\/pages\/3037","targetHints":{"allow":["GET"]}}],"collection":[{"href":"https:\/\/www.brokk.com\/no\/wp-json\/wp\/v2\/pages"}],"about":[{"href":"https:\/\/www.brokk.com\/no\/wp-json\/wp\/v2\/types\/page"}],"author":[{"embeddable":true,"href":"https:\/\/www.brokk.com\/no\/wp-json\/wp\/v2\/users\/10"}],"replies":[{"embeddable":true,"href":"https:\/\/www.brokk.com\/no\/wp-json\/wp\/v2\/comments?post=3037"}],"version-history":[{"count":2,"href":"https:\/\/www.brokk.com\/no\/wp-json\/wp\/v2\/pages\/3037\/revisions"}],"predecessor-version":[{"id":3040,"href":"https:\/\/www.brokk.com\/no\/wp-json\/wp\/v2\/pages\/3037\/revisions\/3040"}],"wp:featuredmedia":[{"embeddable":true,"href":"https:\/\/www.brokk.com\/no\/wp-json\/wp\/v2\/media\/3038"}],"wp:attachment":[{"href":"https:\/\/www.brokk.com\/no\/wp-json\/wp\/v2\/media?parent=3037"}],"curies":[{"name":"wp","href":"https:\/\/api.w.org\/{rel}","templated":true}]}}