{"id":3047,"date":"2018-04-06T09:19:37","date_gmt":"2018-04-06T08:19:37","guid":{"rendered":"https:\/\/www.brokk.com\/norway\/after-sales\/brokk-academy\/"},"modified":"2018-10-25T08:11:35","modified_gmt":"2018-10-25T07:11:35","slug":"brokk-academy","status":"publish","type":"page","link":"https:\/\/www.brokk.com\/no\/ettermarked\/brokk-academy\/","title":{"rendered":"Brokk Academy"},"content":{"rendered":"<p>For \u00e5 maksimere produktiviteten, tilbyr vi spesialiserte kurs for b\u00e5de Brokk-operat\u00f8rer og servicepersonell. \u00c5 l\u00e6re en trygg og smart m\u00e5te \u00e5 jobbe med din rivningsrobot, vil gj\u00f8re hver jobb mer l\u00f8nnsom og maksimere avkastningen p\u00e5 Brokk-investeringen.<\/p>\n<p>V\u00e5rt treningsprogram, Brokk Academy, gir deg med all den kunnskapen du trenger for \u00e5 kunne operere og mestre din Brokk-maskin. Brokk Academy, fungerer ogs\u00e5 som en effektiv guide for \u00e5 utvide det mangfoldet av arbeid du er i stand til \u00e5 gj\u00f8re. Selv om rivning er den prim\u00e6re jobben til hver Brokk, kan maskinene brukes til en lang rekke oppgaver ved \u00e5 bare legge til et nytt vedlegg og riktig oppl\u00e6ring. Finn ut hvordan du f\u00e5r det beste ut av maskinen din, hvordan du f\u00e5r jobben s\u00e5 fort som mulig og hvordan du h\u00e5ndterer og vedlikeholder investeringen din! Ta kontakt med n\u00e6rmeste Brokk-forhandler eller oss direkte for mer informasjon <a href=\"https:\/\/www.brokk.com\/contact\/find-dealer\/\">her<\/a>\u00a0 (eller send oss \u200b\u200ben e-post p\u00e5 <a href=\"mailto:info@brokk.no\">info@brokk.no<\/a>)<\/p>\n<p><img loading=\"lazy\" decoding=\"async\" class=\"alignnone size-medium wp-image-526\" src=\"https:\/\/www.brokk.com\/uploads\/2018\/03\/brokk-academy-1_content-720x480.jpg\" alt=\"Brokk academy\" width=\"720\" height=\"480\" srcset=\"https:\/\/www.brokk.com\/no\/uploads\/2018\/03\/brokk-academy-1_content-720x480.jpg 720w, https:\/\/www.brokk.com\/no\/uploads\/2018\/03\/brokk-academy-1_content-420x280.jpg 420w, https:\/\/www.brokk.com\/no\/uploads\/2018\/03\/brokk-academy-1_content-768x512.jpg 768w, https:\/\/www.brokk.com\/no\/uploads\/2018\/03\/brokk-academy-1_content-1280x853.jpg 1280w, https:\/\/www.brokk.com\/no\/uploads\/2018\/03\/brokk-academy-1_content-480x320.jpg 480w, https:\/\/www.brokk.com\/no\/uploads\/2018\/03\/brokk-academy-1_content-48x32.jpg 48w, https:\/\/www.brokk.com\/no\/uploads\/2018\/03\/brokk-academy-1_content.jpg 1440w\" sizes=\"auto, (max-width: 720px) 100vw, 720px\" \/><\/p>\n","protected":false},"excerpt":{"rendered":"<p>For \u00e5 maksimere produktiviteten, tilbyr vi spesialiserte kurs for b\u00e5de Brokk-operat\u00f8rer og servicepersonell. \u00c5 l\u00e6re en trygg og smart m\u00e5te \u00e5 jobbe med din rivningsrobot, vil gj\u00f8re hver jobb mer l\u00f8nnsom og maksimere avkastningen p\u00e5 Brokk-investeringen. V\u00e5rt treningsprogram, Brokk Academy,\u2026<\/p>\n","protected":false},"author":8,"featured_media":0,"parent":3024,"menu_order":33,"comment_status":"closed","ping_status":"closed","template":"page-templates\/common.php","meta":{"_acf_changed":false,"_relevanssi_hide_post":"","_relevanssi_hide_content":"","_relevanssi_pin_for_all":"","_relevanssi_pin_keywords":"","_relevanssi_unpin_keywords":"","_relevanssi_related_keywords":"","_relevanssi_related_include_ids":"","_relevanssi_related_exclude_ids":"","_relevanssi_related_no_append":"","_relevanssi_related_not_related":"","_relevanssi_related_posts":"","_relevanssi_noindex_reason":"","footnotes":""},"class_list":["post-3047","page","type-page","status-publish","hentry"],"acf":[],"yoast_head":"<!-- This site is optimized with the Yoast SEO plugin v27.3 - https:\/\/yoast.com\/product\/yoast-seo-wordpress\/ -->\n<title>Brokk Academy - Brokk Norge<\/title>\n<meta name=\"robots\" content=\"index, follow, max-snippet:-1, max-image-preview:large, max-video-preview:-1\" \/>\n<link rel=\"canonical\" href=\"https:\/\/www.brokk.com\/no\/ettermarked\/brokk-academy\/\" \/>\n<meta property=\"og:locale\" content=\"nb_NO\" \/>\n<meta property=\"og:type\" content=\"article\" \/>\n<meta property=\"og:title\" content=\"Brokk Academy - Brokk Norge\" \/>\n<meta property=\"og:description\" content=\"For \u00e5 maksimere produktiviteten, tilbyr vi spesialiserte kurs for b\u00e5de Brokk-operat\u00f8rer og servicepersonell. \u00c5 l\u00e6re en trygg og smart m\u00e5te \u00e5 jobbe med din rivningsrobot, vil gj\u00f8re hver jobb mer l\u00f8nnsom og maksimere avkastningen p\u00e5 Brokk-investeringen. V\u00e5rt treningsprogram, Brokk Academy,\u2026\" \/>\n<meta property=\"og:url\" content=\"https:\/\/www.brokk.com\/no\/ettermarked\/brokk-academy\/\" \/>\n<meta property=\"og:site_name\" content=\"Brokk Norge\" \/>\n<meta property=\"article:modified_time\" content=\"2018-10-25T07:11:35+00:00\" \/>\n<meta property=\"og:image\" content=\"https:\/\/www.brokk.com\/no\/uploads\/sites\/3\/2018\/03\/brokk-academy_hero.jpg\" \/>\n\t<meta property=\"og:image:width\" content=\"2560\" \/>\n\t<meta property=\"og:image:height\" content=\"1096\" \/>\n\t<meta property=\"og:image:type\" content=\"image\/jpeg\" \/>\n<meta name=\"twitter:card\" content=\"summary_large_image\" \/>\n<meta name=\"twitter:label1\" content=\"Ansl. lesetid\" \/>\n\t<meta name=\"twitter:data1\" content=\"1 minutt\" \/>\n<script type=\"application\/ld+json\" class=\"yoast-schema-graph\">{\"@context\":\"https:\\\/\\\/schema.org\",\"@graph\":[{\"@type\":\"WebPage\",\"@id\":\"https:\\\/\\\/www.brokk.com\\\/no\\\/ettermarked\\\/brokk-academy\\\/\",\"url\":\"https:\\\/\\\/www.brokk.com\\\/no\\\/ettermarked\\\/brokk-academy\\\/\",\"name\":\"Brokk Academy - Brokk Norge\",\"isPartOf\":{\"@id\":\"https:\\\/\\\/www.brokk.com\\\/no\\\/#website\"},\"primaryImageOfPage\":{\"@id\":\"https:\\\/\\\/www.brokk.com\\\/no\\\/ettermarked\\\/brokk-academy\\\/#primaryimage\"},\"image\":{\"@id\":\"https:\\\/\\\/www.brokk.com\\\/no\\\/ettermarked\\\/brokk-academy\\\/#primaryimage\"},\"thumbnailUrl\":\"https:\\\/\\\/www.brokk.com\\\/uploads\\\/2018\\\/03\\\/brokk-academy-1_content-720x480.jpg\",\"datePublished\":\"2018-04-06T08:19:37+00:00\",\"dateModified\":\"2018-10-25T07:11:35+00:00\",\"breadcrumb\":{\"@id\":\"https:\\\/\\\/www.brokk.com\\\/no\\\/ettermarked\\\/brokk-academy\\\/#breadcrumb\"},\"inLanguage\":\"nb-NO\",\"potentialAction\":[{\"@type\":\"ReadAction\",\"target\":[\"https:\\\/\\\/www.brokk.com\\\/no\\\/ettermarked\\\/brokk-academy\\\/\"]}]},{\"@type\":\"ImageObject\",\"inLanguage\":\"nb-NO\",\"@id\":\"https:\\\/\\\/www.brokk.com\\\/no\\\/ettermarked\\\/brokk-academy\\\/#primaryimage\",\"url\":\"https:\\\/\\\/www.brokk.com\\\/uploads\\\/2018\\\/03\\\/brokk-academy-1_content-720x480.jpg\",\"contentUrl\":\"https:\\\/\\\/www.brokk.com\\\/uploads\\\/2018\\\/03\\\/brokk-academy-1_content-720x480.jpg\"},{\"@type\":\"BreadcrumbList\",\"@id\":\"https:\\\/\\\/www.brokk.com\\\/no\\\/ettermarked\\\/brokk-academy\\\/#breadcrumb\",\"itemListElement\":[{\"@type\":\"ListItem\",\"position\":1,\"name\":\"Home\",\"item\":\"https:\\\/\\\/www.brokk.com\\\/no\\\/home\\\/\"},{\"@type\":\"ListItem\",\"position\":2,\"name\":\"Ettermarked\",\"item\":\"https:\\\/\\\/www.brokk.com\\\/no\\\/ettermarked\\\/\"},{\"@type\":\"ListItem\",\"position\":3,\"name\":\"Brokk Academy\"}]},{\"@type\":\"WebSite\",\"@id\":\"https:\\\/\\\/www.brokk.com\\\/no\\\/#website\",\"url\":\"https:\\\/\\\/www.brokk.com\\\/no\\\/\",\"name\":\"Brokk Norge\",\"description\":\"\",\"potentialAction\":[{\"@type\":\"SearchAction\",\"target\":{\"@type\":\"EntryPoint\",\"urlTemplate\":\"https:\\\/\\\/www.brokk.com\\\/no\\\/?s={search_term_string}\"},\"query-input\":{\"@type\":\"PropertyValueSpecification\",\"valueRequired\":true,\"valueName\":\"search_term_string\"}}],\"inLanguage\":\"nb-NO\"}]}<\/script>\n<!-- \/ Yoast SEO plugin. -->","yoast_head_json":{"title":"Brokk Academy - Brokk Norge","robots":{"index":"index","follow":"follow","max-snippet":"max-snippet:-1","max-image-preview":"max-image-preview:large","max-video-preview":"max-video-preview:-1"},"canonical":"https:\/\/www.brokk.com\/no\/ettermarked\/brokk-academy\/","og_locale":"nb_NO","og_type":"article","og_title":"Brokk Academy - Brokk Norge","og_description":"For \u00e5 maksimere produktiviteten, tilbyr vi spesialiserte kurs for b\u00e5de Brokk-operat\u00f8rer og servicepersonell. \u00c5 l\u00e6re en trygg og smart m\u00e5te \u00e5 jobbe med din rivningsrobot, vil gj\u00f8re hver jobb mer l\u00f8nnsom og maksimere avkastningen p\u00e5 Brokk-investeringen. V\u00e5rt treningsprogram, Brokk Academy,\u2026","og_url":"https:\/\/www.brokk.com\/no\/ettermarked\/brokk-academy\/","og_site_name":"Brokk Norge","article_modified_time":"2018-10-25T07:11:35+00:00","og_image":[{"width":2560,"height":1096,"url":"https:\/\/www.brokk.com\/no\/uploads\/sites\/3\/2018\/03\/brokk-academy_hero.jpg","type":"image\/jpeg"}],"twitter_card":"summary_large_image","twitter_misc":{"Ansl. lesetid":"1 minutt"},"schema":{"@context":"https:\/\/schema.org","@graph":[{"@type":"WebPage","@id":"https:\/\/www.brokk.com\/no\/ettermarked\/brokk-academy\/","url":"https:\/\/www.brokk.com\/no\/ettermarked\/brokk-academy\/","name":"Brokk Academy - Brokk Norge","isPartOf":{"@id":"https:\/\/www.brokk.com\/no\/#website"},"primaryImageOfPage":{"@id":"https:\/\/www.brokk.com\/no\/ettermarked\/brokk-academy\/#primaryimage"},"image":{"@id":"https:\/\/www.brokk.com\/no\/ettermarked\/brokk-academy\/#primaryimage"},"thumbnailUrl":"https:\/\/www.brokk.com\/uploads\/2018\/03\/brokk-academy-1_content-720x480.jpg","datePublished":"2018-04-06T08:19:37+00:00","dateModified":"2018-10-25T07:11:35+00:00","breadcrumb":{"@id":"https:\/\/www.brokk.com\/no\/ettermarked\/brokk-academy\/#breadcrumb"},"inLanguage":"nb-NO","potentialAction":[{"@type":"ReadAction","target":["https:\/\/www.brokk.com\/no\/ettermarked\/brokk-academy\/"]}]},{"@type":"ImageObject","inLanguage":"nb-NO","@id":"https:\/\/www.brokk.com\/no\/ettermarked\/brokk-academy\/#primaryimage","url":"https:\/\/www.brokk.com\/uploads\/2018\/03\/brokk-academy-1_content-720x480.jpg","contentUrl":"https:\/\/www.brokk.com\/uploads\/2018\/03\/brokk-academy-1_content-720x480.jpg"},{"@type":"BreadcrumbList","@id":"https:\/\/www.brokk.com\/no\/ettermarked\/brokk-academy\/#breadcrumb","itemListElement":[{"@type":"ListItem","position":1,"name":"Home","item":"https:\/\/www.brokk.com\/no\/home\/"},{"@type":"ListItem","position":2,"name":"Ettermarked","item":"https:\/\/www.brokk.com\/no\/ettermarked\/"},{"@type":"ListItem","position":3,"name":"Brokk Academy"}]},{"@type":"WebSite","@id":"https:\/\/www.brokk.com\/no\/#website","url":"https:\/\/www.brokk.com\/no\/","name":"Brokk Norge","description":"","potentialAction":[{"@type":"SearchAction","target":{"@type":"EntryPoint","urlTemplate":"https:\/\/www.brokk.com\/no\/?s={search_term_string}"},"query-input":{"@type":"PropertyValueSpecification","valueRequired":true,"valueName":"search_term_string"}}],"inLanguage":"nb-NO"}]}},"_links":{"self":[{"href":"https:\/\/www.brokk.com\/no\/wp-json\/wp\/v2\/pages\/3047","targetHints":{"allow":["GET"]}}],"collection":[{"href":"https:\/\/www.brokk.com\/no\/wp-json\/wp\/v2\/pages"}],"about":[{"href":"https:\/\/www.brokk.com\/no\/wp-json\/wp\/v2\/types\/page"}],"author":[{"embeddable":true,"href":"https:\/\/www.brokk.com\/no\/wp-json\/wp\/v2\/users\/8"}],"replies":[{"embeddable":true,"href":"https:\/\/www.brokk.com\/no\/wp-json\/wp\/v2\/comments?post=3047"}],"version-history":[{"count":3,"href":"https:\/\/www.brokk.com\/no\/wp-json\/wp\/v2\/pages\/3047\/revisions"}],"predecessor-version":[{"id":3158,"href":"https:\/\/www.brokk.com\/no\/wp-json\/wp\/v2\/pages\/3047\/revisions\/3158"}],"up":[{"embeddable":true,"href":"https:\/\/www.brokk.com\/no\/wp-json\/wp\/v2\/pages\/3024"}],"wp:attachment":[{"href":"https:\/\/www.brokk.com\/no\/wp-json\/wp\/v2\/media?parent=3047"}],"curies":[{"name":"wp","href":"https:\/\/api.w.org\/{rel}","templated":true}]}}