{"id":3151,"date":"2018-04-06T08:35:41","date_gmt":"2018-04-06T07:35:41","guid":{"rendered":"https:\/\/www.brokk.com\/norway\/after-sales\/troubleshooting\/"},"modified":"2018-10-30T12:56:34","modified_gmt":"2018-10-30T11:56:34","slug":"feilsoking","status":"publish","type":"page","link":"https:\/\/www.brokk.com\/no\/ettermarked\/feilsoking\/","title":{"rendered":"Feils\u00f8king"},"content":{"rendered":"<p>Her har vi samlet opp retningslinjer for feils\u00f8king bygget p\u00e5 v\u00e5r akkumulerte kunnskap om Brokk-maskinene, og samlet det inn i et PDF-dokument. Last ned PDF-filen til mobilen din, eller skriv den ut p\u00e5 papir, slik at du har tilgang til retningslinjene, selv i omr\u00e5der uten nettverk eller mobildekning. Last ned dokumentet <a href=\"https:\/\/www.brokk.com\/uploads\/2018\/05\/troubleshooting.pdf\" target=\"_blank\" rel=\"noopener\">her<\/a><\/p>\n","protected":false},"excerpt":{"rendered":"<p>Her har vi samlet opp retningslinjer for feils\u00f8king bygget p\u00e5 v\u00e5r akkumulerte kunnskap om Brokk-maskinene, og samlet det inn i et PDF-dokument. Last ned PDF-filen til mobilen din, eller skriv den ut p\u00e5 papir, slik at du har tilgang til\u2026<\/p>\n","protected":false},"author":8,"featured_media":0,"parent":3024,"menu_order":67,"comment_status":"closed","ping_status":"closed","template":"","meta":{"_acf_changed":false,"_relevanssi_hide_post":"","_relevanssi_hide_content":"","_relevanssi_pin_for_all":"","_relevanssi_pin_keywords":"","_relevanssi_unpin_keywords":"","_relevanssi_related_keywords":"","_relevanssi_related_include_ids":"","_relevanssi_related_exclude_ids":"","_relevanssi_related_no_append":"","_relevanssi_related_not_related":"","_relevanssi_related_posts":"","_relevanssi_noindex_reason":"","footnotes":""},"class_list":["post-3151","page","type-page","status-publish","hentry"],"acf":[],"yoast_head":"<!-- This site is optimized with the Yoast SEO plugin v27.5 - https:\/\/yoast.com\/product\/yoast-seo-wordpress\/ -->\n<title>Feils\u00f8king - Brokk Norge<\/title>\n<meta name=\"robots\" content=\"index, follow, max-snippet:-1, max-image-preview:large, max-video-preview:-1\" \/>\n<link rel=\"canonical\" href=\"https:\/\/www.brokk.com\/no\/ettermarked\/feilsoking\/\" \/>\n<meta property=\"og:locale\" content=\"nb_NO\" \/>\n<meta property=\"og:type\" content=\"article\" \/>\n<meta property=\"og:title\" content=\"Feils\u00f8king - Brokk Norge\" \/>\n<meta property=\"og:description\" content=\"Her har vi samlet opp retningslinjer for feils\u00f8king bygget p\u00e5 v\u00e5r akkumulerte kunnskap om Brokk-maskinene, og samlet det inn i et PDF-dokument. Last ned PDF-filen til mobilen din, eller skriv den ut p\u00e5 papir, slik at du har tilgang til\u2026\" \/>\n<meta property=\"og:url\" content=\"https:\/\/www.brokk.com\/no\/ettermarked\/feilsoking\/\" \/>\n<meta property=\"og:site_name\" content=\"Brokk Norge\" \/>\n<meta property=\"article:modified_time\" content=\"2018-10-30T11:56:34+00:00\" \/>\n<meta name=\"twitter:card\" content=\"summary_large_image\" \/>\n<script type=\"application\/ld+json\" class=\"yoast-schema-graph\">{\"@context\":\"https:\\\/\\\/schema.org\",\"@graph\":[{\"@type\":\"WebPage\",\"@id\":\"https:\\\/\\\/www.brokk.com\\\/no\\\/ettermarked\\\/feilsoking\\\/\",\"url\":\"https:\\\/\\\/www.brokk.com\\\/no\\\/ettermarked\\\/feilsoking\\\/\",\"name\":\"Feils\u00f8king - Brokk Norge\",\"isPartOf\":{\"@id\":\"https:\\\/\\\/www.brokk.com\\\/no\\\/#website\"},\"datePublished\":\"2018-04-06T07:35:41+00:00\",\"dateModified\":\"2018-10-30T11:56:34+00:00\",\"breadcrumb\":{\"@id\":\"https:\\\/\\\/www.brokk.com\\\/no\\\/ettermarked\\\/feilsoking\\\/#breadcrumb\"},\"inLanguage\":\"nb-NO\",\"potentialAction\":[{\"@type\":\"ReadAction\",\"target\":[\"https:\\\/\\\/www.brokk.com\\\/no\\\/ettermarked\\\/feilsoking\\\/\"]}]},{\"@type\":\"BreadcrumbList\",\"@id\":\"https:\\\/\\\/www.brokk.com\\\/no\\\/ettermarked\\\/feilsoking\\\/#breadcrumb\",\"itemListElement\":[{\"@type\":\"ListItem\",\"position\":1,\"name\":\"Home\",\"item\":\"https:\\\/\\\/www.brokk.com\\\/no\\\/home\\\/\"},{\"@type\":\"ListItem\",\"position\":2,\"name\":\"Ettermarked\",\"item\":\"https:\\\/\\\/www.brokk.com\\\/no\\\/ettermarked\\\/\"},{\"@type\":\"ListItem\",\"position\":3,\"name\":\"Feils\u00f8king\"}]},{\"@type\":\"WebSite\",\"@id\":\"https:\\\/\\\/www.brokk.com\\\/no\\\/#website\",\"url\":\"https:\\\/\\\/www.brokk.com\\\/no\\\/\",\"name\":\"Brokk Norge\",\"description\":\"\",\"potentialAction\":[{\"@type\":\"SearchAction\",\"target\":{\"@type\":\"EntryPoint\",\"urlTemplate\":\"https:\\\/\\\/www.brokk.com\\\/no\\\/?s={search_term_string}\"},\"query-input\":{\"@type\":\"PropertyValueSpecification\",\"valueRequired\":true,\"valueName\":\"search_term_string\"}}],\"inLanguage\":\"nb-NO\"}]}<\/script>\n<!-- \/ Yoast SEO plugin. -->","yoast_head_json":{"title":"Feils\u00f8king - Brokk Norge","robots":{"index":"index","follow":"follow","max-snippet":"max-snippet:-1","max-image-preview":"max-image-preview:large","max-video-preview":"max-video-preview:-1"},"canonical":"https:\/\/www.brokk.com\/no\/ettermarked\/feilsoking\/","og_locale":"nb_NO","og_type":"article","og_title":"Feils\u00f8king - Brokk Norge","og_description":"Her har vi samlet opp retningslinjer for feils\u00f8king bygget p\u00e5 v\u00e5r akkumulerte kunnskap om Brokk-maskinene, og samlet det inn i et PDF-dokument. Last ned PDF-filen til mobilen din, eller skriv den ut p\u00e5 papir, slik at du har tilgang til\u2026","og_url":"https:\/\/www.brokk.com\/no\/ettermarked\/feilsoking\/","og_site_name":"Brokk Norge","article_modified_time":"2018-10-30T11:56:34+00:00","twitter_card":"summary_large_image","schema":{"@context":"https:\/\/schema.org","@graph":[{"@type":"WebPage","@id":"https:\/\/www.brokk.com\/no\/ettermarked\/feilsoking\/","url":"https:\/\/www.brokk.com\/no\/ettermarked\/feilsoking\/","name":"Feils\u00f8king - Brokk Norge","isPartOf":{"@id":"https:\/\/www.brokk.com\/no\/#website"},"datePublished":"2018-04-06T07:35:41+00:00","dateModified":"2018-10-30T11:56:34+00:00","breadcrumb":{"@id":"https:\/\/www.brokk.com\/no\/ettermarked\/feilsoking\/#breadcrumb"},"inLanguage":"nb-NO","potentialAction":[{"@type":"ReadAction","target":["https:\/\/www.brokk.com\/no\/ettermarked\/feilsoking\/"]}]},{"@type":"BreadcrumbList","@id":"https:\/\/www.brokk.com\/no\/ettermarked\/feilsoking\/#breadcrumb","itemListElement":[{"@type":"ListItem","position":1,"name":"Home","item":"https:\/\/www.brokk.com\/no\/home\/"},{"@type":"ListItem","position":2,"name":"Ettermarked","item":"https:\/\/www.brokk.com\/no\/ettermarked\/"},{"@type":"ListItem","position":3,"name":"Feils\u00f8king"}]},{"@type":"WebSite","@id":"https:\/\/www.brokk.com\/no\/#website","url":"https:\/\/www.brokk.com\/no\/","name":"Brokk Norge","description":"","potentialAction":[{"@type":"SearchAction","target":{"@type":"EntryPoint","urlTemplate":"https:\/\/www.brokk.com\/no\/?s={search_term_string}"},"query-input":{"@type":"PropertyValueSpecification","valueRequired":true,"valueName":"search_term_string"}}],"inLanguage":"nb-NO"}]}},"_links":{"self":[{"href":"https:\/\/www.brokk.com\/no\/wp-json\/wp\/v2\/pages\/3151","targetHints":{"allow":["GET"]}}],"collection":[{"href":"https:\/\/www.brokk.com\/no\/wp-json\/wp\/v2\/pages"}],"about":[{"href":"https:\/\/www.brokk.com\/no\/wp-json\/wp\/v2\/types\/page"}],"author":[{"embeddable":true,"href":"https:\/\/www.brokk.com\/no\/wp-json\/wp\/v2\/users\/8"}],"replies":[{"embeddable":true,"href":"https:\/\/www.brokk.com\/no\/wp-json\/wp\/v2\/comments?post=3151"}],"version-history":[{"count":3,"href":"https:\/\/www.brokk.com\/no\/wp-json\/wp\/v2\/pages\/3151\/revisions"}],"predecessor-version":[{"id":3164,"href":"https:\/\/www.brokk.com\/no\/wp-json\/wp\/v2\/pages\/3151\/revisions\/3164"}],"up":[{"embeddable":true,"href":"https:\/\/www.brokk.com\/no\/wp-json\/wp\/v2\/pages\/3024"}],"wp:attachment":[{"href":"https:\/\/www.brokk.com\/no\/wp-json\/wp\/v2\/media?parent=3151"}],"curies":[{"name":"wp","href":"https:\/\/api.w.org\/{rel}","templated":true}]}}