{"id":3154,"date":"2018-04-06T09:17:49","date_gmt":"2018-04-06T08:17:49","guid":{"rendered":"https:\/\/www.brokk.com\/norway\/after-sales\/spare-parts\/"},"modified":"2018-10-31T10:43:58","modified_gmt":"2018-10-31T09:43:58","slug":"reservedeler","status":"publish","type":"page","link":"https:\/\/www.brokk.com\/no\/ettermarked\/reservedeler\/","title":{"rendered":"Reservedeler"},"content":{"rendered":"<p>Alle v\u00e5re originale reservedeler er testet p\u00e5 hver Brokk-modell for \u00e5 sikre at du beholder dine robotfordeler selv etter service og vedlikehold. For \u00e5 forenkle feils\u00f8king, gir vi en detaljert og brukervennlig h\u00e5ndbok med hver Brokk-maskin, og v\u00e5r enorme servicekunnskap er bare en telefonsamtale unna.<\/p>\n<p>Vi kan ogs\u00e5 samle reservedelspakker som er skreddersydd for din nye maskin p\u00e5 foresp\u00f8rsel. I tillegg deltar alle v\u00e5re distribut\u00f8rer i kontinuerlige, omfattende treningsprogrammer, og garanterer den samme h\u00f8yverdige Brokk-tjenesten over hele verden. V\u00e5rt effektive distribusjonssenter kombinert med et velutstyrt servicenettverk sikrer effektiv feils\u00f8king og hurtig levering av deler &#8211; to viktige faktorer for \u00e5 f\u00e5 t\u00f8ffe rivningsjobber ferdigstilt p\u00e5 en trygg og tidsriktig m\u00e5te.<\/p>\n<p>For din n\u00e6rmeste forhandler, <a href=\"https:\/\/www.brokk.com\/contact\/find-service\/\">klikk her<\/a><\/p>\n","protected":false},"excerpt":{"rendered":"<p>Alle v\u00e5re originale reservedeler er testet p\u00e5 hver Brokk-modell for \u00e5 sikre at du beholder dine robotfordeler selv etter service og vedlikehold. For \u00e5 forenkle feils\u00f8king, gir vi en detaljert og brukervennlig h\u00e5ndbok med hver Brokk-maskin, og v\u00e5r enorme servicekunnskap\u2026<\/p>\n","protected":false},"author":8,"featured_media":3030,"parent":3024,"menu_order":47,"comment_status":"closed","ping_status":"closed","template":"page-templates\/common.php","meta":{"_acf_changed":false,"_relevanssi_hide_post":"","_relevanssi_hide_content":"","_relevanssi_pin_for_all":"","_relevanssi_pin_keywords":"","_relevanssi_unpin_keywords":"","_relevanssi_related_keywords":"","_relevanssi_related_include_ids":"","_relevanssi_related_exclude_ids":"","_relevanssi_related_no_append":"","_relevanssi_related_not_related":"","_relevanssi_related_posts":"","_relevanssi_noindex_reason":"","footnotes":""},"class_list":["post-3154","page","type-page","status-publish","has-post-thumbnail","hentry"],"acf":[],"yoast_head":"<!-- This site is optimized with the Yoast SEO plugin v27.3 - https:\/\/yoast.com\/product\/yoast-seo-wordpress\/ -->\n<title>Reservedeler - Brokk Norge<\/title>\n<meta name=\"robots\" content=\"index, follow, max-snippet:-1, max-image-preview:large, max-video-preview:-1\" \/>\n<link rel=\"canonical\" href=\"https:\/\/www.brokk.com\/no\/ettermarked\/reservedeler\/\" \/>\n<meta property=\"og:locale\" content=\"nb_NO\" \/>\n<meta property=\"og:type\" content=\"article\" \/>\n<meta property=\"og:title\" content=\"Reservedeler - Brokk Norge\" \/>\n<meta property=\"og:description\" content=\"Alle v\u00e5re originale reservedeler er testet p\u00e5 hver Brokk-modell for \u00e5 sikre at du beholder dine robotfordeler selv etter service og vedlikehold. For \u00e5 forenkle feils\u00f8king, gir vi en detaljert og brukervennlig h\u00e5ndbok med hver Brokk-maskin, og v\u00e5r enorme servicekunnskap\u2026\" \/>\n<meta property=\"og:url\" content=\"https:\/\/www.brokk.com\/no\/ettermarked\/reservedeler\/\" \/>\n<meta property=\"og:site_name\" content=\"Brokk Norge\" \/>\n<meta property=\"article:modified_time\" content=\"2018-10-31T09:43:58+00:00\" \/>\n<meta property=\"og:image\" content=\"https:\/\/www.brokk.com\/no\/uploads\/sites\/3\/2018\/03\/spare-parts_1_hero.jpg\" \/>\n\t<meta property=\"og:image:width\" content=\"2560\" \/>\n\t<meta property=\"og:image:height\" content=\"1096\" \/>\n\t<meta property=\"og:image:type\" content=\"image\/jpeg\" \/>\n<meta name=\"twitter:card\" content=\"summary_large_image\" \/>\n<meta name=\"twitter:label1\" content=\"Ansl. lesetid\" \/>\n\t<meta name=\"twitter:data1\" content=\"1 minutt\" \/>\n<script type=\"application\/ld+json\" class=\"yoast-schema-graph\">{\"@context\":\"https:\\\/\\\/schema.org\",\"@graph\":[{\"@type\":\"WebPage\",\"@id\":\"https:\\\/\\\/www.brokk.com\\\/no\\\/ettermarked\\\/reservedeler\\\/\",\"url\":\"https:\\\/\\\/www.brokk.com\\\/no\\\/ettermarked\\\/reservedeler\\\/\",\"name\":\"Reservedeler - Brokk Norge\",\"isPartOf\":{\"@id\":\"https:\\\/\\\/www.brokk.com\\\/no\\\/#website\"},\"primaryImageOfPage\":{\"@id\":\"https:\\\/\\\/www.brokk.com\\\/no\\\/ettermarked\\\/reservedeler\\\/#primaryimage\"},\"image\":{\"@id\":\"https:\\\/\\\/www.brokk.com\\\/no\\\/ettermarked\\\/reservedeler\\\/#primaryimage\"},\"thumbnailUrl\":\"https:\\\/\\\/www.brokk.com\\\/no\\\/uploads\\\/sites\\\/3\\\/2018\\\/03\\\/spare-parts_1_hero.jpg\",\"datePublished\":\"2018-04-06T08:17:49+00:00\",\"dateModified\":\"2018-10-31T09:43:58+00:00\",\"breadcrumb\":{\"@id\":\"https:\\\/\\\/www.brokk.com\\\/no\\\/ettermarked\\\/reservedeler\\\/#breadcrumb\"},\"inLanguage\":\"nb-NO\",\"potentialAction\":[{\"@type\":\"ReadAction\",\"target\":[\"https:\\\/\\\/www.brokk.com\\\/no\\\/ettermarked\\\/reservedeler\\\/\"]}]},{\"@type\":\"ImageObject\",\"inLanguage\":\"nb-NO\",\"@id\":\"https:\\\/\\\/www.brokk.com\\\/no\\\/ettermarked\\\/reservedeler\\\/#primaryimage\",\"url\":\"https:\\\/\\\/www.brokk.com\\\/no\\\/uploads\\\/sites\\\/3\\\/2018\\\/03\\\/spare-parts_1_hero.jpg\",\"contentUrl\":\"https:\\\/\\\/www.brokk.com\\\/no\\\/uploads\\\/sites\\\/3\\\/2018\\\/03\\\/spare-parts_1_hero.jpg\",\"width\":2560,\"height\":1096},{\"@type\":\"BreadcrumbList\",\"@id\":\"https:\\\/\\\/www.brokk.com\\\/no\\\/ettermarked\\\/reservedeler\\\/#breadcrumb\",\"itemListElement\":[{\"@type\":\"ListItem\",\"position\":1,\"name\":\"Home\",\"item\":\"https:\\\/\\\/www.brokk.com\\\/no\\\/home\\\/\"},{\"@type\":\"ListItem\",\"position\":2,\"name\":\"Ettermarked\",\"item\":\"https:\\\/\\\/www.brokk.com\\\/no\\\/ettermarked\\\/\"},{\"@type\":\"ListItem\",\"position\":3,\"name\":\"Reservedeler\"}]},{\"@type\":\"WebSite\",\"@id\":\"https:\\\/\\\/www.brokk.com\\\/no\\\/#website\",\"url\":\"https:\\\/\\\/www.brokk.com\\\/no\\\/\",\"name\":\"Brokk Norge\",\"description\":\"\",\"potentialAction\":[{\"@type\":\"SearchAction\",\"target\":{\"@type\":\"EntryPoint\",\"urlTemplate\":\"https:\\\/\\\/www.brokk.com\\\/no\\\/?s={search_term_string}\"},\"query-input\":{\"@type\":\"PropertyValueSpecification\",\"valueRequired\":true,\"valueName\":\"search_term_string\"}}],\"inLanguage\":\"nb-NO\"}]}<\/script>\n<!-- \/ Yoast SEO plugin. -->","yoast_head_json":{"title":"Reservedeler - Brokk Norge","robots":{"index":"index","follow":"follow","max-snippet":"max-snippet:-1","max-image-preview":"max-image-preview:large","max-video-preview":"max-video-preview:-1"},"canonical":"https:\/\/www.brokk.com\/no\/ettermarked\/reservedeler\/","og_locale":"nb_NO","og_type":"article","og_title":"Reservedeler - Brokk Norge","og_description":"Alle v\u00e5re originale reservedeler er testet p\u00e5 hver Brokk-modell for \u00e5 sikre at du beholder dine robotfordeler selv etter service og vedlikehold. For \u00e5 forenkle feils\u00f8king, gir vi en detaljert og brukervennlig h\u00e5ndbok med hver Brokk-maskin, og v\u00e5r enorme servicekunnskap\u2026","og_url":"https:\/\/www.brokk.com\/no\/ettermarked\/reservedeler\/","og_site_name":"Brokk Norge","article_modified_time":"2018-10-31T09:43:58+00:00","og_image":[{"width":2560,"height":1096,"url":"https:\/\/www.brokk.com\/no\/uploads\/sites\/3\/2018\/03\/spare-parts_1_hero.jpg","type":"image\/jpeg"}],"twitter_card":"summary_large_image","twitter_misc":{"Ansl. lesetid":"1 minutt"},"schema":{"@context":"https:\/\/schema.org","@graph":[{"@type":"WebPage","@id":"https:\/\/www.brokk.com\/no\/ettermarked\/reservedeler\/","url":"https:\/\/www.brokk.com\/no\/ettermarked\/reservedeler\/","name":"Reservedeler - Brokk Norge","isPartOf":{"@id":"https:\/\/www.brokk.com\/no\/#website"},"primaryImageOfPage":{"@id":"https:\/\/www.brokk.com\/no\/ettermarked\/reservedeler\/#primaryimage"},"image":{"@id":"https:\/\/www.brokk.com\/no\/ettermarked\/reservedeler\/#primaryimage"},"thumbnailUrl":"https:\/\/www.brokk.com\/no\/uploads\/sites\/3\/2018\/03\/spare-parts_1_hero.jpg","datePublished":"2018-04-06T08:17:49+00:00","dateModified":"2018-10-31T09:43:58+00:00","breadcrumb":{"@id":"https:\/\/www.brokk.com\/no\/ettermarked\/reservedeler\/#breadcrumb"},"inLanguage":"nb-NO","potentialAction":[{"@type":"ReadAction","target":["https:\/\/www.brokk.com\/no\/ettermarked\/reservedeler\/"]}]},{"@type":"ImageObject","inLanguage":"nb-NO","@id":"https:\/\/www.brokk.com\/no\/ettermarked\/reservedeler\/#primaryimage","url":"https:\/\/www.brokk.com\/no\/uploads\/sites\/3\/2018\/03\/spare-parts_1_hero.jpg","contentUrl":"https:\/\/www.brokk.com\/no\/uploads\/sites\/3\/2018\/03\/spare-parts_1_hero.jpg","width":2560,"height":1096},{"@type":"BreadcrumbList","@id":"https:\/\/www.brokk.com\/no\/ettermarked\/reservedeler\/#breadcrumb","itemListElement":[{"@type":"ListItem","position":1,"name":"Home","item":"https:\/\/www.brokk.com\/no\/home\/"},{"@type":"ListItem","position":2,"name":"Ettermarked","item":"https:\/\/www.brokk.com\/no\/ettermarked\/"},{"@type":"ListItem","position":3,"name":"Reservedeler"}]},{"@type":"WebSite","@id":"https:\/\/www.brokk.com\/no\/#website","url":"https:\/\/www.brokk.com\/no\/","name":"Brokk Norge","description":"","potentialAction":[{"@type":"SearchAction","target":{"@type":"EntryPoint","urlTemplate":"https:\/\/www.brokk.com\/no\/?s={search_term_string}"},"query-input":{"@type":"PropertyValueSpecification","valueRequired":true,"valueName":"search_term_string"}}],"inLanguage":"nb-NO"}]}},"_links":{"self":[{"href":"https:\/\/www.brokk.com\/no\/wp-json\/wp\/v2\/pages\/3154","targetHints":{"allow":["GET"]}}],"collection":[{"href":"https:\/\/www.brokk.com\/no\/wp-json\/wp\/v2\/pages"}],"about":[{"href":"https:\/\/www.brokk.com\/no\/wp-json\/wp\/v2\/types\/page"}],"author":[{"embeddable":true,"href":"https:\/\/www.brokk.com\/no\/wp-json\/wp\/v2\/users\/8"}],"replies":[{"embeddable":true,"href":"https:\/\/www.brokk.com\/no\/wp-json\/wp\/v2\/comments?post=3154"}],"version-history":[{"count":2,"href":"https:\/\/www.brokk.com\/no\/wp-json\/wp\/v2\/pages\/3154\/revisions"}],"predecessor-version":[{"id":3156,"href":"https:\/\/www.brokk.com\/no\/wp-json\/wp\/v2\/pages\/3154\/revisions\/3156"}],"up":[{"embeddable":true,"href":"https:\/\/www.brokk.com\/no\/wp-json\/wp\/v2\/pages\/3024"}],"wp:featuredmedia":[{"embeddable":true,"href":"https:\/\/www.brokk.com\/no\/wp-json\/wp\/v2\/media\/3030"}],"wp:attachment":[{"href":"https:\/\/www.brokk.com\/no\/wp-json\/wp\/v2\/media?parent=3154"}],"curies":[{"name":"wp","href":"https:\/\/api.w.org\/{rel}","templated":true}]}}