{"id":3170,"date":"2018-04-06T10:00:19","date_gmt":"2018-04-06T09:00:19","guid":{"rendered":"https:\/\/www.brokk.com\/norway\/custom-machines\/"},"modified":"2018-10-25T09:18:05","modified_gmt":"2018-10-25T08:18:05","slug":"custom-machines","status":"publish","type":"page","link":"https:\/\/www.brokk.com\/no\/custom-machines\/","title":{"rendered":"Tilpassede maskiner"},"content":{"rendered":"<p>Brokk-konseptet er bygget for tilpasning. Med over 40 \u00e5rs produktutvikling og beste praksisl\u00f8sninger kan vi hjelpe deg med \u00e5 skreddersy din rivingrobot til dine spesifikke behov.<\/p>\n<p>Faktisk trives vi med disse utfordringene. Selv om vi har et bredt spekter av standard Brokk-maskiner for ulike bransjer, ser vi hele tiden ut til \u00e5 utvide produktspekteret og dets funksjoner for \u00e5 m\u00f8te enda flere krav og for \u00e5 hjelpe kunden til effektive l\u00f8sninger for sikre og l\u00f8nnsomme prosjekter. Den beste m\u00e5ten \u00e5 oppn\u00e5 dette p\u00e5 er \u00e5 samarbeide med kundene for \u00e5 m\u00f8te deres sv\u00e6rt spesifikke behov. \u00c5 l\u00f8se det ul\u00f8selige. For \u00e5 skyve rivningsroboten begrenser ytterligere. Sammen gj\u00f8r vi et godt team, deg som ekspert p\u00e5 situasjonen din og Brokk som den ledende utvikleren av innovativ teknologi for rivning og vedlikeholdsmaskiner.<\/p>\n<p><a href=\"https:\/\/www.brokk.com\/about-brokk\/head-office\/\">Kontakt oss<\/a> for en uforbindtlig snakk om l\u00f8sningen din.<\/p>\n","protected":false},"excerpt":{"rendered":"<p>Brokk-konseptet er bygget for tilpasning. Med over 40 \u00e5rs produktutvikling og beste praksisl\u00f8sninger kan vi hjelpe deg med \u00e5 skreddersy din rivingrobot til dine spesifikke behov. Faktisk trives vi med disse utfordringene. Selv om vi har et bredt spekter av\u2026<\/p>\n","protected":false},"author":8,"featured_media":3171,"parent":0,"menu_order":93,"comment_status":"closed","ping_status":"closed","template":"page-templates\/common.php","meta":{"_acf_changed":false,"_relevanssi_hide_post":"","_relevanssi_hide_content":"","_relevanssi_pin_for_all":"","_relevanssi_pin_keywords":"","_relevanssi_unpin_keywords":"","_relevanssi_related_keywords":"","_relevanssi_related_include_ids":"","_relevanssi_related_exclude_ids":"","_relevanssi_related_no_append":"","_relevanssi_related_not_related":"","_relevanssi_related_posts":"","_relevanssi_noindex_reason":"","footnotes":""},"class_list":["post-3170","page","type-page","status-publish","has-post-thumbnail","hentry"],"acf":[],"yoast_head":"<!-- This site is optimized with the Yoast SEO plugin v27.3 - https:\/\/yoast.com\/product\/yoast-seo-wordpress\/ -->\n<title>Tilpassede maskiner - Brokk Norge<\/title>\n<meta name=\"robots\" content=\"index, follow, max-snippet:-1, max-image-preview:large, max-video-preview:-1\" \/>\n<link rel=\"canonical\" href=\"https:\/\/www.brokk.com\/no\/custom-machines\/\" \/>\n<meta property=\"og:locale\" content=\"nb_NO\" \/>\n<meta property=\"og:type\" content=\"article\" \/>\n<meta property=\"og:title\" content=\"Tilpassede maskiner - Brokk Norge\" \/>\n<meta property=\"og:description\" content=\"Brokk-konseptet er bygget for tilpasning. Med over 40 \u00e5rs produktutvikling og beste praksisl\u00f8sninger kan vi hjelpe deg med \u00e5 skreddersy din rivingrobot til dine spesifikke behov. Faktisk trives vi med disse utfordringene. Selv om vi har et bredt spekter av\u2026\" \/>\n<meta property=\"og:url\" content=\"https:\/\/www.brokk.com\/no\/custom-machines\/\" \/>\n<meta property=\"og:site_name\" content=\"Brokk Norge\" \/>\n<meta property=\"article:modified_time\" content=\"2018-10-25T08:18:05+00:00\" \/>\n<meta property=\"og:image\" content=\"https:\/\/www.brokk.com\/no\/uploads\/sites\/3\/2018\/03\/custom-machines_hero.jpg\" \/>\n\t<meta property=\"og:image:width\" content=\"2560\" \/>\n\t<meta property=\"og:image:height\" content=\"1096\" \/>\n\t<meta property=\"og:image:type\" content=\"image\/jpeg\" \/>\n<meta name=\"twitter:card\" content=\"summary_large_image\" \/>\n<meta name=\"twitter:label1\" content=\"Ansl. lesetid\" \/>\n\t<meta name=\"twitter:data1\" content=\"1 minutt\" \/>\n<script type=\"application\/ld+json\" class=\"yoast-schema-graph\">{\"@context\":\"https:\\\/\\\/schema.org\",\"@graph\":[{\"@type\":\"WebPage\",\"@id\":\"https:\\\/\\\/www.brokk.com\\\/no\\\/custom-machines\\\/\",\"url\":\"https:\\\/\\\/www.brokk.com\\\/no\\\/custom-machines\\\/\",\"name\":\"Tilpassede maskiner - Brokk Norge\",\"isPartOf\":{\"@id\":\"https:\\\/\\\/www.brokk.com\\\/no\\\/#website\"},\"primaryImageOfPage\":{\"@id\":\"https:\\\/\\\/www.brokk.com\\\/no\\\/custom-machines\\\/#primaryimage\"},\"image\":{\"@id\":\"https:\\\/\\\/www.brokk.com\\\/no\\\/custom-machines\\\/#primaryimage\"},\"thumbnailUrl\":\"https:\\\/\\\/www.brokk.com\\\/no\\\/uploads\\\/sites\\\/3\\\/2018\\\/03\\\/custom-machines_hero.jpg\",\"datePublished\":\"2018-04-06T09:00:19+00:00\",\"dateModified\":\"2018-10-25T08:18:05+00:00\",\"breadcrumb\":{\"@id\":\"https:\\\/\\\/www.brokk.com\\\/no\\\/custom-machines\\\/#breadcrumb\"},\"inLanguage\":\"nb-NO\",\"potentialAction\":[{\"@type\":\"ReadAction\",\"target\":[\"https:\\\/\\\/www.brokk.com\\\/no\\\/custom-machines\\\/\"]}]},{\"@type\":\"ImageObject\",\"inLanguage\":\"nb-NO\",\"@id\":\"https:\\\/\\\/www.brokk.com\\\/no\\\/custom-machines\\\/#primaryimage\",\"url\":\"https:\\\/\\\/www.brokk.com\\\/no\\\/uploads\\\/sites\\\/3\\\/2018\\\/03\\\/custom-machines_hero.jpg\",\"contentUrl\":\"https:\\\/\\\/www.brokk.com\\\/no\\\/uploads\\\/sites\\\/3\\\/2018\\\/03\\\/custom-machines_hero.jpg\",\"width\":2560,\"height\":1096},{\"@type\":\"BreadcrumbList\",\"@id\":\"https:\\\/\\\/www.brokk.com\\\/no\\\/custom-machines\\\/#breadcrumb\",\"itemListElement\":[{\"@type\":\"ListItem\",\"position\":1,\"name\":\"Home\",\"item\":\"https:\\\/\\\/www.brokk.com\\\/no\\\/home\\\/\"},{\"@type\":\"ListItem\",\"position\":2,\"name\":\"Tilpassede maskiner\"}]},{\"@type\":\"WebSite\",\"@id\":\"https:\\\/\\\/www.brokk.com\\\/no\\\/#website\",\"url\":\"https:\\\/\\\/www.brokk.com\\\/no\\\/\",\"name\":\"Brokk Norge\",\"description\":\"\",\"potentialAction\":[{\"@type\":\"SearchAction\",\"target\":{\"@type\":\"EntryPoint\",\"urlTemplate\":\"https:\\\/\\\/www.brokk.com\\\/no\\\/?s={search_term_string}\"},\"query-input\":{\"@type\":\"PropertyValueSpecification\",\"valueRequired\":true,\"valueName\":\"search_term_string\"}}],\"inLanguage\":\"nb-NO\"}]}<\/script>\n<!-- \/ Yoast SEO plugin. -->","yoast_head_json":{"title":"Tilpassede maskiner - Brokk Norge","robots":{"index":"index","follow":"follow","max-snippet":"max-snippet:-1","max-image-preview":"max-image-preview:large","max-video-preview":"max-video-preview:-1"},"canonical":"https:\/\/www.brokk.com\/no\/custom-machines\/","og_locale":"nb_NO","og_type":"article","og_title":"Tilpassede maskiner - Brokk Norge","og_description":"Brokk-konseptet er bygget for tilpasning. Med over 40 \u00e5rs produktutvikling og beste praksisl\u00f8sninger kan vi hjelpe deg med \u00e5 skreddersy din rivingrobot til dine spesifikke behov. Faktisk trives vi med disse utfordringene. Selv om vi har et bredt spekter av\u2026","og_url":"https:\/\/www.brokk.com\/no\/custom-machines\/","og_site_name":"Brokk Norge","article_modified_time":"2018-10-25T08:18:05+00:00","og_image":[{"width":2560,"height":1096,"url":"https:\/\/www.brokk.com\/no\/uploads\/sites\/3\/2018\/03\/custom-machines_hero.jpg","type":"image\/jpeg"}],"twitter_card":"summary_large_image","twitter_misc":{"Ansl. lesetid":"1 minutt"},"schema":{"@context":"https:\/\/schema.org","@graph":[{"@type":"WebPage","@id":"https:\/\/www.brokk.com\/no\/custom-machines\/","url":"https:\/\/www.brokk.com\/no\/custom-machines\/","name":"Tilpassede maskiner - Brokk Norge","isPartOf":{"@id":"https:\/\/www.brokk.com\/no\/#website"},"primaryImageOfPage":{"@id":"https:\/\/www.brokk.com\/no\/custom-machines\/#primaryimage"},"image":{"@id":"https:\/\/www.brokk.com\/no\/custom-machines\/#primaryimage"},"thumbnailUrl":"https:\/\/www.brokk.com\/no\/uploads\/sites\/3\/2018\/03\/custom-machines_hero.jpg","datePublished":"2018-04-06T09:00:19+00:00","dateModified":"2018-10-25T08:18:05+00:00","breadcrumb":{"@id":"https:\/\/www.brokk.com\/no\/custom-machines\/#breadcrumb"},"inLanguage":"nb-NO","potentialAction":[{"@type":"ReadAction","target":["https:\/\/www.brokk.com\/no\/custom-machines\/"]}]},{"@type":"ImageObject","inLanguage":"nb-NO","@id":"https:\/\/www.brokk.com\/no\/custom-machines\/#primaryimage","url":"https:\/\/www.brokk.com\/no\/uploads\/sites\/3\/2018\/03\/custom-machines_hero.jpg","contentUrl":"https:\/\/www.brokk.com\/no\/uploads\/sites\/3\/2018\/03\/custom-machines_hero.jpg","width":2560,"height":1096},{"@type":"BreadcrumbList","@id":"https:\/\/www.brokk.com\/no\/custom-machines\/#breadcrumb","itemListElement":[{"@type":"ListItem","position":1,"name":"Home","item":"https:\/\/www.brokk.com\/no\/home\/"},{"@type":"ListItem","position":2,"name":"Tilpassede maskiner"}]},{"@type":"WebSite","@id":"https:\/\/www.brokk.com\/no\/#website","url":"https:\/\/www.brokk.com\/no\/","name":"Brokk Norge","description":"","potentialAction":[{"@type":"SearchAction","target":{"@type":"EntryPoint","urlTemplate":"https:\/\/www.brokk.com\/no\/?s={search_term_string}"},"query-input":{"@type":"PropertyValueSpecification","valueRequired":true,"valueName":"search_term_string"}}],"inLanguage":"nb-NO"}]}},"_links":{"self":[{"href":"https:\/\/www.brokk.com\/no\/wp-json\/wp\/v2\/pages\/3170","targetHints":{"allow":["GET"]}}],"collection":[{"href":"https:\/\/www.brokk.com\/no\/wp-json\/wp\/v2\/pages"}],"about":[{"href":"https:\/\/www.brokk.com\/no\/wp-json\/wp\/v2\/types\/page"}],"author":[{"embeddable":true,"href":"https:\/\/www.brokk.com\/no\/wp-json\/wp\/v2\/users\/8"}],"replies":[{"embeddable":true,"href":"https:\/\/www.brokk.com\/no\/wp-json\/wp\/v2\/comments?post=3170"}],"version-history":[{"count":2,"href":"https:\/\/www.brokk.com\/no\/wp-json\/wp\/v2\/pages\/3170\/revisions"}],"predecessor-version":[{"id":3173,"href":"https:\/\/www.brokk.com\/no\/wp-json\/wp\/v2\/pages\/3170\/revisions\/3173"}],"wp:featuredmedia":[{"embeddable":true,"href":"https:\/\/www.brokk.com\/no\/wp-json\/wp\/v2\/media\/3171"}],"wp:attachment":[{"href":"https:\/\/www.brokk.com\/no\/wp-json\/wp\/v2\/media?parent=3170"}],"curies":[{"name":"wp","href":"https:\/\/api.w.org\/{rel}","templated":true}]}}