{"id":3175,"date":"2018-04-06T10:02:11","date_gmt":"2018-04-06T09:02:11","guid":{"rendered":"https:\/\/www.brokk.com\/norway\/brokk-smartconcept\/"},"modified":"2018-11-21T19:45:26","modified_gmt":"2018-11-21T18:45:26","slug":"brokk-smartconcept","status":"publish","type":"page","link":"https:\/\/www.brokk.com\/no\/brokk-smartconcept\/","title":{"rendered":"Brokk SmartConcept"},"content":{"rendered":"<h3>BROKK SMARTPOWER<\/h3>\n<p>Med Brokk SmartPower\u2122 f\u00e5r du verdens mest intelligente kraftsystem, designet spesielt for store rivningsarbeider. Hemmeligheten ligger i et system som gir \u00f8kt kraft gjennom et smart kontroll- og overv\u00e5kingssystem og et spesial herdet elektrisk design \u2013 alt for \u00e5 maksimere produksjonen samtidig som nedetiden reduseres.<\/p>\n<p>Det er svaret p\u00e5 den tilsynelatende umulige ligningen for \u00e5 gj\u00f8re rivningsrobotene sterkere enn noensinne, men likevel s\u00e5 kompakte og lette at de kan f\u00e5 tilgang til de tetteste, begrensede stedene. Robustheten gir ogs\u00e5 uavbrutt drift, selv i varme eller andre ekstremt krevende milj\u00f8er.<\/p>\n<p>Brokk SmartPower\u2122 overskrider tradisjonelle begrensninger. Med den helt nye og intelligente str\u00f8mstyringen introduserer vi et unikt elektrisk drivaggregat som \u00f8ker utgangen i en hvilken som helst mengde str\u00f8mforsyning med 50% eller mer. Den smarte overv\u00e5kingen gj\u00f8r Brokk-maskinen velegnet til arbeid i milj\u00f8er med aggregater eller potensielt up\u00e5litelig str\u00f8mforsyning. Det intelligente systemet registrerer om str\u00f8mforsyningen er d\u00e5rlig eller feil, kompenserer for den s\u00e5 mye som mulig og beskytter samtidig komponentene f\u00f8r det blir skadet. Dette forlenger levetiden til alle elektriske og hydrauliske komponenter.<\/p>\n<p>Den unike utformingen og de smarte modifikasjonene av n\u00f8kkelkomponenter bidrar ogs\u00e5 til den enest\u00e5ende p\u00e5liteligheten. Sammenlignet med et tradisjonelt system, reduseres innvendig kabling og kontakter til et absolutt minimum (en reduksjon p\u00e5 70 prosent). Med ingen eller f\u00e5 bevegelige deler i det elektriske systemet og komponenter konstruert for \u00e5 motst\u00e5 ekstrem vibrasjon, st\u00f8v og grov h\u00e5ndtering, er systemet perfekt for arbeidsforholdene til en rivningsrobot.<\/p>\n<p><img loading=\"lazy\" decoding=\"async\" class=\"alignnone size-medium wp-image-1961\" src=\"https:\/\/www.brokk.com\/uploads\/2018\/05\/smartpower_chart_thumb-720x480.jpg\" alt=\"Brokk SmartPower Chart\" width=\"720\" height=\"480\" srcset=\"https:\/\/www.brokk.com\/no\/uploads\/2018\/05\/smartpower_chart_thumb-720x480.jpg 720w, https:\/\/www.brokk.com\/no\/uploads\/2018\/05\/smartpower_chart_thumb-420x280.jpg 420w, https:\/\/www.brokk.com\/no\/uploads\/2018\/05\/smartpower_chart_thumb-768x512.jpg 768w, https:\/\/www.brokk.com\/no\/uploads\/2018\/05\/smartpower_chart_thumb-1280x853.jpg 1280w, https:\/\/www.brokk.com\/no\/uploads\/2018\/05\/smartpower_chart_thumb-480x320.jpg 480w, https:\/\/www.brokk.com\/no\/uploads\/2018\/05\/smartpower_chart_thumb-48x32.jpg 48w, https:\/\/www.brokk.com\/no\/uploads\/2018\/05\/smartpower_chart_thumb.jpg 1440w\" sizes=\"auto, (max-width: 720px) 100vw, 720px\" \/><\/p>\n<p>&nbsp;<\/p>\n<h3>BROKK SMARTDESIGN<\/h3>\n<p>Brokks nye maskindesign fokuserer p\u00e5 \u00e5 lette operat\u00f8rens hverdagsh\u00e5ndtering av maskinen. Ved \u00e5 gj\u00f8re service og vedlikehold enklere enn noensinne, maksimerer vi oppetid og skaper en problemfri og produktiv opplevelse gjennom hele produktets levetid.<\/p>\n<p>Derfor kan alt daglig og ukentlig vedlikehold utf\u00f8res uten \u00e5 l\u00f8fte et maskindeksel. Derfor er det lett \u00e5 f\u00e5 tilgang til alle sm\u00f8ringspunkter, inkludert fyllerfett, fra utsiden. Derfor eliminerte vi behovet for regelmessig \u00e5 stramme aksler som er vanskelig \u00e5 n\u00e5. Det er derfor lett \u00e5 bytte ut slanger p\u00e5 en Brokk-maskin, og hvorfor utriggerslanger er delt slik at bare en liten del trenger utskifting hvis den er skadet av rebar eller annet rusk.<\/p>\n<p>Den nye herdede konstruksjonen beskytter ogs\u00e5 rivingroboten og minimerer skade hvis og n\u00e5r ulykker oppst\u00e5r, noe som reduserer reparasjonskostnadene og \u00f8ker oppetiden. Med pressede st\u00e5ldeksler som motst\u00e5r skade. Med st\u00f8pte dreiebenk hj\u00f8rner og robust LED-belysning beskyttelse, etc, etc.<\/p>\n<p><img loading=\"lazy\" decoding=\"async\" class=\"alignnone size-medium wp-image-597\" src=\"https:\/\/www.brokk.com\/uploads\/2018\/03\/brokk520d_reinforced_headlight_protection-720x479.jpg\" alt=\"Brokk 520D Reinforced headlight protection\" width=\"720\" height=\"479\" srcset=\"https:\/\/www.brokk.com\/no\/uploads\/2018\/03\/brokk520d_reinforced_headlight_protection-720x479.jpg 720w, https:\/\/www.brokk.com\/no\/uploads\/2018\/03\/brokk520d_reinforced_headlight_protection-420x280.jpg 420w, https:\/\/www.brokk.com\/no\/uploads\/2018\/03\/brokk520d_reinforced_headlight_protection-768x511.jpg 768w, https:\/\/www.brokk.com\/no\/uploads\/2018\/03\/brokk520d_reinforced_headlight_protection-1280x852.jpg 1280w, https:\/\/www.brokk.com\/no\/uploads\/2018\/03\/brokk520d_reinforced_headlight_protection-480x320.jpg 480w, https:\/\/www.brokk.com\/no\/uploads\/2018\/03\/brokk520d_reinforced_headlight_protection-48x32.jpg 48w, https:\/\/www.brokk.com\/no\/uploads\/2018\/03\/brokk520d_reinforced_headlight_protection.jpg 1439w\" sizes=\"auto, (max-width: 720px) 100vw, 720px\" \/><\/p>\n<p>&nbsp;<\/p>\n<h3>BROKK SMART-STYRING<\/h3>\n<p>Ergonomi er en av mange fordeler med fjernstyrt nedrivning; Evnen til \u00e5 velge en komfortabel arbeidsstilling vekk fra vibrasjoner, varme og st\u00f8v, og fortsatt ha en perfekt utsikt over situasjonen. Brokk tar dette et skritt videre med SmartRemote\u2122.<\/p>\n<p>Ja, det finnes andre fjernstyrte l\u00f8sninger. Men alle fjernkontroller er ikke skapt like. Brokks SmartRemote er bransjeledende med sitt ergonomiske design og dens funksjoner som gj\u00f8r operat\u00f8ren mer produktiv. Vi har tenkt p\u00e5 alle detaljer: Den profesjonelle radioteknologien gir p\u00e5litelig og rask tilkobling til maskinen opptil 300 meter unna, slik at operat\u00f8ren kan velge en god posisjon. En patentert midje sele skifter vekt over til hvor den belasret rett kroppsdel og lindrer stress p\u00e5 skuldre. Korte joysticks gir operat\u00f8rene mulighet til \u00e5 hvile sine armer p\u00e5 fjernkontrollen, noe som reduserer belastningen. Intuitive knapper og kontroller tillater operat\u00f8rene \u00e5 fokusere p\u00e5 arbeidet, uten at man m\u00e5 se p\u00e5 fjernkontrollen for drift.<\/p>\n<p>Hos Brokk vet vi at rivingroboten og operat\u00f8ren jobber som et lag. Derfor utviklet vi et fjernkontrollsystem som hjelper operat\u00f8ren \u00e5 holde seg produktiv gjennom en langt arbeidsdag og hjelper ham til \u00e5 holde seg frisk p\u00e5 lang sikt.<\/p>\n<p><img loading=\"lazy\" decoding=\"async\" class=\"alignnone size-medium wp-image-1964\" src=\"https:\/\/www.brokk.com\/uploads\/2018\/05\/smartremote_thumb-720x480.jpg\" alt=\"Brokk SmartRemote\" width=\"720\" height=\"480\" srcset=\"https:\/\/www.brokk.com\/no\/uploads\/2018\/05\/smartremote_thumb-720x480.jpg 720w, https:\/\/www.brokk.com\/no\/uploads\/2018\/05\/smartremote_thumb-420x280.jpg 420w, https:\/\/www.brokk.com\/no\/uploads\/2018\/05\/smartremote_thumb-768x512.jpg 768w, https:\/\/www.brokk.com\/no\/uploads\/2018\/05\/smartremote_thumb-1280x853.jpg 1280w, https:\/\/www.brokk.com\/no\/uploads\/2018\/05\/smartremote_thumb-480x320.jpg 480w, https:\/\/www.brokk.com\/no\/uploads\/2018\/05\/smartremote_thumb-48x32.jpg 48w, https:\/\/www.brokk.com\/no\/uploads\/2018\/05\/smartremote_thumb.jpg 1440w\" sizes=\"auto, (max-width: 720px) 100vw, 720px\" \/><\/p>\n","protected":false},"excerpt":{"rendered":"<p>Med Brokk SmartPower\u2122 f\u00e5r du verdens mest intelligente kraftsystem, designet spesielt for store rivningsarbeider.<\/p>\n","protected":false},"author":8,"featured_media":3177,"parent":0,"menu_order":76,"comment_status":"closed","ping_status":"closed","template":"page-templates\/common.php","meta":{"_acf_changed":false,"_relevanssi_hide_post":"","_relevanssi_hide_content":"","_relevanssi_pin_for_all":"","_relevanssi_pin_keywords":"","_relevanssi_unpin_keywords":"","_relevanssi_related_keywords":"","_relevanssi_related_include_ids":"","_relevanssi_related_exclude_ids":"","_relevanssi_related_no_append":"","_relevanssi_related_not_related":"","_relevanssi_related_posts":"","_relevanssi_noindex_reason":"","footnotes":""},"class_list":["post-3175","page","type-page","status-publish","has-post-thumbnail","hentry"],"acf":[],"yoast_head":"<!-- This site is optimized with the Yoast SEO plugin v27.5 - https:\/\/yoast.com\/product\/yoast-seo-wordpress\/ -->\n<title>Brokk SmartConcept - Brokk Norge<\/title>\n<meta name=\"robots\" content=\"index, follow, max-snippet:-1, max-image-preview:large, max-video-preview:-1\" \/>\n<link rel=\"canonical\" href=\"https:\/\/www.brokk.com\/no\/brokk-smartconcept\/\" \/>\n<meta property=\"og:locale\" content=\"nb_NO\" \/>\n<meta property=\"og:type\" content=\"article\" \/>\n<meta property=\"og:title\" content=\"Brokk SmartConcept - Brokk Norge\" \/>\n<meta property=\"og:description\" content=\"Med Brokk SmartPower\u2122 f\u00e5r du verdens mest intelligente kraftsystem, designet spesielt for store rivningsarbeider.\" \/>\n<meta property=\"og:url\" content=\"https:\/\/www.brokk.com\/no\/brokk-smartconcept\/\" \/>\n<meta property=\"og:site_name\" content=\"Brokk Norge\" \/>\n<meta property=\"article:modified_time\" content=\"2018-11-21T18:45:26+00:00\" \/>\n<meta property=\"og:image\" content=\"https:\/\/www.brokk.com\/no\/uploads\/sites\/3\/2018\/05\/smartpower.jpg\" \/>\n\t<meta property=\"og:image:width\" content=\"2560\" \/>\n\t<meta property=\"og:image:height\" content=\"1096\" \/>\n\t<meta property=\"og:image:type\" content=\"image\/jpeg\" \/>\n<meta name=\"twitter:card\" content=\"summary_large_image\" \/>\n<meta name=\"twitter:label1\" content=\"Ansl. lesetid\" \/>\n\t<meta name=\"twitter:data1\" content=\"3 minutter\" \/>\n<script type=\"application\/ld+json\" class=\"yoast-schema-graph\">{\"@context\":\"https:\\\/\\\/schema.org\",\"@graph\":[{\"@type\":\"WebPage\",\"@id\":\"https:\\\/\\\/www.brokk.com\\\/no\\\/brokk-smartconcept\\\/\",\"url\":\"https:\\\/\\\/www.brokk.com\\\/no\\\/brokk-smartconcept\\\/\",\"name\":\"Brokk SmartConcept - Brokk Norge\",\"isPartOf\":{\"@id\":\"https:\\\/\\\/www.brokk.com\\\/no\\\/#website\"},\"primaryImageOfPage\":{\"@id\":\"https:\\\/\\\/www.brokk.com\\\/no\\\/brokk-smartconcept\\\/#primaryimage\"},\"image\":{\"@id\":\"https:\\\/\\\/www.brokk.com\\\/no\\\/brokk-smartconcept\\\/#primaryimage\"},\"thumbnailUrl\":\"https:\\\/\\\/www.brokk.com\\\/no\\\/uploads\\\/sites\\\/3\\\/2018\\\/05\\\/smartpower.jpg\",\"datePublished\":\"2018-04-06T09:02:11+00:00\",\"dateModified\":\"2018-11-21T18:45:26+00:00\",\"breadcrumb\":{\"@id\":\"https:\\\/\\\/www.brokk.com\\\/no\\\/brokk-smartconcept\\\/#breadcrumb\"},\"inLanguage\":\"nb-NO\",\"potentialAction\":[{\"@type\":\"ReadAction\",\"target\":[\"https:\\\/\\\/www.brokk.com\\\/no\\\/brokk-smartconcept\\\/\"]}]},{\"@type\":\"ImageObject\",\"inLanguage\":\"nb-NO\",\"@id\":\"https:\\\/\\\/www.brokk.com\\\/no\\\/brokk-smartconcept\\\/#primaryimage\",\"url\":\"https:\\\/\\\/www.brokk.com\\\/no\\\/uploads\\\/sites\\\/3\\\/2018\\\/05\\\/smartpower.jpg\",\"contentUrl\":\"https:\\\/\\\/www.brokk.com\\\/no\\\/uploads\\\/sites\\\/3\\\/2018\\\/05\\\/smartpower.jpg\",\"width\":2560,\"height\":1096},{\"@type\":\"BreadcrumbList\",\"@id\":\"https:\\\/\\\/www.brokk.com\\\/no\\\/brokk-smartconcept\\\/#breadcrumb\",\"itemListElement\":[{\"@type\":\"ListItem\",\"position\":1,\"name\":\"Home\",\"item\":\"https:\\\/\\\/www.brokk.com\\\/no\\\/home\\\/\"},{\"@type\":\"ListItem\",\"position\":2,\"name\":\"Brokk SmartConcept\"}]},{\"@type\":\"WebSite\",\"@id\":\"https:\\\/\\\/www.brokk.com\\\/no\\\/#website\",\"url\":\"https:\\\/\\\/www.brokk.com\\\/no\\\/\",\"name\":\"Brokk Norge\",\"description\":\"\",\"potentialAction\":[{\"@type\":\"SearchAction\",\"target\":{\"@type\":\"EntryPoint\",\"urlTemplate\":\"https:\\\/\\\/www.brokk.com\\\/no\\\/?s={search_term_string}\"},\"query-input\":{\"@type\":\"PropertyValueSpecification\",\"valueRequired\":true,\"valueName\":\"search_term_string\"}}],\"inLanguage\":\"nb-NO\"}]}<\/script>\n<!-- \/ Yoast SEO plugin. -->","yoast_head_json":{"title":"Brokk SmartConcept - Brokk Norge","robots":{"index":"index","follow":"follow","max-snippet":"max-snippet:-1","max-image-preview":"max-image-preview:large","max-video-preview":"max-video-preview:-1"},"canonical":"https:\/\/www.brokk.com\/no\/brokk-smartconcept\/","og_locale":"nb_NO","og_type":"article","og_title":"Brokk SmartConcept - Brokk Norge","og_description":"Med Brokk SmartPower\u2122 f\u00e5r du verdens mest intelligente kraftsystem, designet spesielt for store rivningsarbeider.","og_url":"https:\/\/www.brokk.com\/no\/brokk-smartconcept\/","og_site_name":"Brokk Norge","article_modified_time":"2018-11-21T18:45:26+00:00","og_image":[{"width":2560,"height":1096,"url":"https:\/\/www.brokk.com\/no\/uploads\/sites\/3\/2018\/05\/smartpower.jpg","type":"image\/jpeg"}],"twitter_card":"summary_large_image","twitter_misc":{"Ansl. lesetid":"3 minutter"},"schema":{"@context":"https:\/\/schema.org","@graph":[{"@type":"WebPage","@id":"https:\/\/www.brokk.com\/no\/brokk-smartconcept\/","url":"https:\/\/www.brokk.com\/no\/brokk-smartconcept\/","name":"Brokk SmartConcept - Brokk Norge","isPartOf":{"@id":"https:\/\/www.brokk.com\/no\/#website"},"primaryImageOfPage":{"@id":"https:\/\/www.brokk.com\/no\/brokk-smartconcept\/#primaryimage"},"image":{"@id":"https:\/\/www.brokk.com\/no\/brokk-smartconcept\/#primaryimage"},"thumbnailUrl":"https:\/\/www.brokk.com\/no\/uploads\/sites\/3\/2018\/05\/smartpower.jpg","datePublished":"2018-04-06T09:02:11+00:00","dateModified":"2018-11-21T18:45:26+00:00","breadcrumb":{"@id":"https:\/\/www.brokk.com\/no\/brokk-smartconcept\/#breadcrumb"},"inLanguage":"nb-NO","potentialAction":[{"@type":"ReadAction","target":["https:\/\/www.brokk.com\/no\/brokk-smartconcept\/"]}]},{"@type":"ImageObject","inLanguage":"nb-NO","@id":"https:\/\/www.brokk.com\/no\/brokk-smartconcept\/#primaryimage","url":"https:\/\/www.brokk.com\/no\/uploads\/sites\/3\/2018\/05\/smartpower.jpg","contentUrl":"https:\/\/www.brokk.com\/no\/uploads\/sites\/3\/2018\/05\/smartpower.jpg","width":2560,"height":1096},{"@type":"BreadcrumbList","@id":"https:\/\/www.brokk.com\/no\/brokk-smartconcept\/#breadcrumb","itemListElement":[{"@type":"ListItem","position":1,"name":"Home","item":"https:\/\/www.brokk.com\/no\/home\/"},{"@type":"ListItem","position":2,"name":"Brokk SmartConcept"}]},{"@type":"WebSite","@id":"https:\/\/www.brokk.com\/no\/#website","url":"https:\/\/www.brokk.com\/no\/","name":"Brokk Norge","description":"","potentialAction":[{"@type":"SearchAction","target":{"@type":"EntryPoint","urlTemplate":"https:\/\/www.brokk.com\/no\/?s={search_term_string}"},"query-input":{"@type":"PropertyValueSpecification","valueRequired":true,"valueName":"search_term_string"}}],"inLanguage":"nb-NO"}]}},"_links":{"self":[{"href":"https:\/\/www.brokk.com\/no\/wp-json\/wp\/v2\/pages\/3175","targetHints":{"allow":["GET"]}}],"collection":[{"href":"https:\/\/www.brokk.com\/no\/wp-json\/wp\/v2\/pages"}],"about":[{"href":"https:\/\/www.brokk.com\/no\/wp-json\/wp\/v2\/types\/page"}],"author":[{"embeddable":true,"href":"https:\/\/www.brokk.com\/no\/wp-json\/wp\/v2\/users\/8"}],"replies":[{"embeddable":true,"href":"https:\/\/www.brokk.com\/no\/wp-json\/wp\/v2\/comments?post=3175"}],"version-history":[{"count":3,"href":"https:\/\/www.brokk.com\/no\/wp-json\/wp\/v2\/pages\/3175\/revisions"}],"predecessor-version":[{"id":3397,"href":"https:\/\/www.brokk.com\/no\/wp-json\/wp\/v2\/pages\/3175\/revisions\/3397"}],"wp:featuredmedia":[{"embeddable":true,"href":"https:\/\/www.brokk.com\/no\/wp-json\/wp\/v2\/media\/3177"}],"wp:attachment":[{"href":"https:\/\/www.brokk.com\/no\/wp-json\/wp\/v2\/media?parent=3175"}],"curies":[{"name":"wp","href":"https:\/\/api.w.org\/{rel}","templated":true}]}}