{"id":3187,"date":"2018-04-06T09:16:42","date_gmt":"2018-04-06T08:16:42","guid":{"rendered":"https:\/\/www.brokk.com\/norway\/faq-after-sales\/"},"modified":"2018-10-30T12:58:12","modified_gmt":"2018-10-30T11:58:12","slug":"faq-ettermarked","status":"publish","type":"page","link":"https:\/\/www.brokk.com\/no\/faq-ettermarked\/","title":{"rendered":"FAQ &#8211; Ettermarked"},"content":{"rendered":"<p>Vi setter stor pris p\u00e5 dine sp\u00f8rsm\u00e5l og legger v\u00e5r \u00e6re i raskt \u00e5 gi deg svar. Her er noen av de mest spurte sp\u00f8rsm\u00e5lene. Du kan selvsagt stille dine egne sp\u00f8rsm\u00e5l og s\u00e5 skal vi svare s\u00e5 raskt og langt vi bare kan.<\/p>\n","protected":false},"excerpt":{"rendered":"<p>Vi setter stor pris p\u00e5 dine sp\u00f8rsm\u00e5l og legger v\u00e5r \u00e6re i raskt \u00e5 gi deg svar. Her er noen av de mest spurte sp\u00f8rsm\u00e5lene. Du kan selvsagt stille dine egne sp\u00f8rsm\u00e5l og s\u00e5 skal vi svare s\u00e5 raskt og\u2026<\/p>\n","protected":false},"author":8,"featured_media":0,"parent":0,"menu_order":86,"comment_status":"closed","ping_status":"closed","template":"page-templates\/faq.php","meta":{"_acf_changed":false,"_relevanssi_hide_post":"","_relevanssi_hide_content":"","_relevanssi_pin_for_all":"","_relevanssi_pin_keywords":"","_relevanssi_unpin_keywords":"","_relevanssi_related_keywords":"","_relevanssi_related_include_ids":"","_relevanssi_related_exclude_ids":"","_relevanssi_related_no_append":"","_relevanssi_related_not_related":"","_relevanssi_related_posts":"","_relevanssi_noindex_reason":"","footnotes":""},"class_list":["post-3187","page","type-page","status-publish","hentry"],"acf":[],"yoast_head":"<!-- This site is optimized with the Yoast SEO plugin v27.3 - https:\/\/yoast.com\/product\/yoast-seo-wordpress\/ -->\n<title>FAQ - Ettermarked - Brokk Norge<\/title>\n<meta name=\"robots\" content=\"index, follow, max-snippet:-1, max-image-preview:large, max-video-preview:-1\" \/>\n<link rel=\"canonical\" href=\"https:\/\/www.brokk.com\/no\/faq-ettermarked\/\" \/>\n<meta property=\"og:locale\" content=\"nb_NO\" \/>\n<meta property=\"og:type\" content=\"article\" \/>\n<meta property=\"og:title\" content=\"FAQ - Ettermarked - Brokk Norge\" \/>\n<meta property=\"og:description\" content=\"Vi setter stor pris p\u00e5 dine sp\u00f8rsm\u00e5l og legger v\u00e5r \u00e6re i raskt \u00e5 gi deg svar. Her er noen av de mest spurte sp\u00f8rsm\u00e5lene. Du kan selvsagt stille dine egne sp\u00f8rsm\u00e5l og s\u00e5 skal vi svare s\u00e5 raskt og\u2026\" \/>\n<meta property=\"og:url\" content=\"https:\/\/www.brokk.com\/no\/faq-ettermarked\/\" \/>\n<meta property=\"og:site_name\" content=\"Brokk Norge\" \/>\n<meta property=\"article:modified_time\" content=\"2018-10-30T11:58:12+00:00\" \/>\n<meta name=\"twitter:card\" content=\"summary_large_image\" \/>\n<script type=\"application\/ld+json\" class=\"yoast-schema-graph\">{\"@context\":\"https:\\\/\\\/schema.org\",\"@graph\":[{\"@type\":\"WebPage\",\"@id\":\"https:\\\/\\\/www.brokk.com\\\/no\\\/faq-ettermarked\\\/\",\"url\":\"https:\\\/\\\/www.brokk.com\\\/no\\\/faq-ettermarked\\\/\",\"name\":\"FAQ - Ettermarked - Brokk Norge\",\"isPartOf\":{\"@id\":\"https:\\\/\\\/www.brokk.com\\\/no\\\/#website\"},\"datePublished\":\"2018-04-06T08:16:42+00:00\",\"dateModified\":\"2018-10-30T11:58:12+00:00\",\"breadcrumb\":{\"@id\":\"https:\\\/\\\/www.brokk.com\\\/no\\\/faq-ettermarked\\\/#breadcrumb\"},\"inLanguage\":\"nb-NO\",\"potentialAction\":[{\"@type\":\"ReadAction\",\"target\":[\"https:\\\/\\\/www.brokk.com\\\/no\\\/faq-ettermarked\\\/\"]}]},{\"@type\":\"BreadcrumbList\",\"@id\":\"https:\\\/\\\/www.brokk.com\\\/no\\\/faq-ettermarked\\\/#breadcrumb\",\"itemListElement\":[{\"@type\":\"ListItem\",\"position\":1,\"name\":\"Home\",\"item\":\"https:\\\/\\\/www.brokk.com\\\/no\\\/home\\\/\"},{\"@type\":\"ListItem\",\"position\":2,\"name\":\"FAQ &#8211; Ettermarked\"}]},{\"@type\":\"WebSite\",\"@id\":\"https:\\\/\\\/www.brokk.com\\\/no\\\/#website\",\"url\":\"https:\\\/\\\/www.brokk.com\\\/no\\\/\",\"name\":\"Brokk Norge\",\"description\":\"\",\"potentialAction\":[{\"@type\":\"SearchAction\",\"target\":{\"@type\":\"EntryPoint\",\"urlTemplate\":\"https:\\\/\\\/www.brokk.com\\\/no\\\/?s={search_term_string}\"},\"query-input\":{\"@type\":\"PropertyValueSpecification\",\"valueRequired\":true,\"valueName\":\"search_term_string\"}}],\"inLanguage\":\"nb-NO\"}]}<\/script>\n<!-- \/ Yoast SEO plugin. -->","yoast_head_json":{"title":"FAQ - Ettermarked - Brokk Norge","robots":{"index":"index","follow":"follow","max-snippet":"max-snippet:-1","max-image-preview":"max-image-preview:large","max-video-preview":"max-video-preview:-1"},"canonical":"https:\/\/www.brokk.com\/no\/faq-ettermarked\/","og_locale":"nb_NO","og_type":"article","og_title":"FAQ - Ettermarked - Brokk Norge","og_description":"Vi setter stor pris p\u00e5 dine sp\u00f8rsm\u00e5l og legger v\u00e5r \u00e6re i raskt \u00e5 gi deg svar. Her er noen av de mest spurte sp\u00f8rsm\u00e5lene. Du kan selvsagt stille dine egne sp\u00f8rsm\u00e5l og s\u00e5 skal vi svare s\u00e5 raskt og\u2026","og_url":"https:\/\/www.brokk.com\/no\/faq-ettermarked\/","og_site_name":"Brokk Norge","article_modified_time":"2018-10-30T11:58:12+00:00","twitter_card":"summary_large_image","schema":{"@context":"https:\/\/schema.org","@graph":[{"@type":"WebPage","@id":"https:\/\/www.brokk.com\/no\/faq-ettermarked\/","url":"https:\/\/www.brokk.com\/no\/faq-ettermarked\/","name":"FAQ - Ettermarked - Brokk Norge","isPartOf":{"@id":"https:\/\/www.brokk.com\/no\/#website"},"datePublished":"2018-04-06T08:16:42+00:00","dateModified":"2018-10-30T11:58:12+00:00","breadcrumb":{"@id":"https:\/\/www.brokk.com\/no\/faq-ettermarked\/#breadcrumb"},"inLanguage":"nb-NO","potentialAction":[{"@type":"ReadAction","target":["https:\/\/www.brokk.com\/no\/faq-ettermarked\/"]}]},{"@type":"BreadcrumbList","@id":"https:\/\/www.brokk.com\/no\/faq-ettermarked\/#breadcrumb","itemListElement":[{"@type":"ListItem","position":1,"name":"Home","item":"https:\/\/www.brokk.com\/no\/home\/"},{"@type":"ListItem","position":2,"name":"FAQ &#8211; Ettermarked"}]},{"@type":"WebSite","@id":"https:\/\/www.brokk.com\/no\/#website","url":"https:\/\/www.brokk.com\/no\/","name":"Brokk Norge","description":"","potentialAction":[{"@type":"SearchAction","target":{"@type":"EntryPoint","urlTemplate":"https:\/\/www.brokk.com\/no\/?s={search_term_string}"},"query-input":{"@type":"PropertyValueSpecification","valueRequired":true,"valueName":"search_term_string"}}],"inLanguage":"nb-NO"}]}},"_links":{"self":[{"href":"https:\/\/www.brokk.com\/no\/wp-json\/wp\/v2\/pages\/3187","targetHints":{"allow":["GET"]}}],"collection":[{"href":"https:\/\/www.brokk.com\/no\/wp-json\/wp\/v2\/pages"}],"about":[{"href":"https:\/\/www.brokk.com\/no\/wp-json\/wp\/v2\/types\/page"}],"author":[{"embeddable":true,"href":"https:\/\/www.brokk.com\/no\/wp-json\/wp\/v2\/users\/8"}],"replies":[{"embeddable":true,"href":"https:\/\/www.brokk.com\/no\/wp-json\/wp\/v2\/comments?post=3187"}],"version-history":[{"count":3,"href":"https:\/\/www.brokk.com\/no\/wp-json\/wp\/v2\/pages\/3187\/revisions"}],"predecessor-version":[{"id":3210,"href":"https:\/\/www.brokk.com\/no\/wp-json\/wp\/v2\/pages\/3187\/revisions\/3210"}],"wp:attachment":[{"href":"https:\/\/www.brokk.com\/no\/wp-json\/wp\/v2\/media?parent=3187"}],"curies":[{"name":"wp","href":"https:\/\/api.w.org\/{rel}","templated":true}]}}