{"id":3191,"date":"2018-04-06T13:56:51","date_gmt":"2018-04-06T12:56:51","guid":{"rendered":"https:\/\/www.brokk.com\/norway\/about-cookies\/"},"modified":"2024-03-22T16:52:12","modified_gmt":"2024-03-22T15:52:12","slug":"om-cookies","status":"publish","type":"page","link":"https:\/\/www.brokk.com\/no\/om-cookies\/","title":{"rendered":"Om cookies"},"content":{"rendered":"<p>Hvis du velger \u00e5 ikke godta informasjonskapsler, kan det hende at du ikke kan bruke alle deler av nettstedet, og enkelte deler av nettstedet vil kunne gi feil.<\/p>\n<h4>Hva er informasjonskapsler?<\/h4>\n<p>Informasjonskapsler er sm\u00e5 tekstfiler med informasjon lagret p\u00e5 datamaskinen din (eller en annen enhet du bruker for \u00e5 f\u00e5 tilgang til nettstedet) n\u00e5r du bes\u00f8ker et nettsted. En cookie vil vanligvis inneholde navnet p\u00e5 nettstedet som cookien kom fra, hvor lenge cookien skal lagres og et tall (vanligvis et tilfeldig generert unikt nummer). Informasjonskapsler brukes til \u00e5 gj\u00f8re nettsteder mer effektivt, men ogs\u00e5 \u00e5 gi informasjon til eieren av et nettsted. Cookies gj\u00f8r det mulig \u00e5 skille forskjellige brukere fra hverandre, noe som kan gi hver bruker en mer personlig og positiv opplevelse av nettstedet.<\/p>\n<h4>Hva bruker Brokk informasjonskapsler for?<\/h4>\n<p>Brokk bruker informasjonskapsler som trengs for at nettstedet skal fungere riktig, og er n\u00f8dvendig for \u00e5 navigere rundt nettstedet og bruke dets funksjoner.<\/p>\n<p>Nettstedet bruker ogs\u00e5 informasjonskapsler som gj\u00f8r det mulig \u00e5 optimalisere nettstedets funksjoner for \u00e5 forbedre opplevelsen og \u00e5 individualisere fremtidige bes\u00f8k, ved \u00e5 huske dine brukerpreferanser, for eksempel ditt foretrukne spr\u00e5k.<\/p>\n<p>&nbsp;<\/p>\n<h4>Cookies som brukes p\u00e5 Brokk nettside(r)<\/h4>\n<p>Det finnes tre typer informasjonskapsler p\u00e5 nettstedet:<\/p>\n<p><strong>Langsiktig informasjonskapsler<\/strong>, dvs. Cookies som lagrer en fil p\u00e5 enheten din over lengre tid. Langsiktig informasjonskapsler brukes for eksempel med funksjoner som beskriver hvilken informasjon som er ny siden du sist bes\u00f8kte nettstedet. Hvor lenge cookien er igjen p\u00e5 enheten din, avhenger av levetiden til den spesifikke informasjonskapselen og nettleserinnstillingene dine.<\/p>\n<p><strong>Session-informasjonskapsler<\/strong>, det vil si informasjonskapsler som midlertidig lagres i minnet ditt, mens du bes\u00f8ker et nettsted og n\u00e5r du navigerer p\u00e5 en side. Session-informasjonskapsler brukes for eksempel til \u00e5 bestemme hvilket spr\u00e5k du har valgt. N\u00e5r du forlater et nettsted, blir de brukte informasjonskapslene slettet.<\/p>\n<p><strong>Tredjeparts-informasjonskapsler<\/strong>, dvs. informasjonskapsler som tilh\u00f8rer andre domener enn de som vises i adressefeltet. Tredjeparts-cookies tillater sporing av brukerens nettlesingslogg.<\/p>\n<p>Tabellen nedenfor viser de individuelle informasjonskapslene som brukes p\u00e5 nettstedet v\u00e5rt, deres form\u00e5l, hvilken informasjon informasjonen lagrer, hvis den er en langsiktig cookie, (eller en tredjeparts informasjonskapsel), oppbevaringsperioden for hver informasjonskapsel som er lagret p\u00e5 harddisken og om informasjonen kommer fra, eller blir offentliggjort til tredjepart.<\/p>\n<table>\n<tbody>\n<tr>\n<th>Cookie<\/th>\n<th>Form\u00e5lstjenelig<\/th>\n<th>Lagret informasjon<\/th>\n<th>Vedr\u00f8rende Retention<\/th>\n<th>Deling<\/th>\n<\/tr>\n<\/tbody>\n<\/table>\n<h4>Hvordan blokkere og \/ eller slette informasjonskapsler<\/h4>\n<p>De fleste nettlesere har en standardinnstilling som godtar bruk av informasjonskapsler. Du kan endre disse innstillingene slik at du blir advart n\u00e5r en informasjonskapsel sendes til enheten, eller opprett en hovedregel, noe som betyr at informasjonskapsler er blokkert. Du kan ogs\u00e5 velge \u00e5 slette alle informasjonskapslene som er lagret p\u00e5 enheten din.<\/p>\n<p>Instruksjoner om hvordan du sletter lagrede informasjonskapsler eller endrer innstillingene for informasjonskapsel er angitt i nettleserens hjelpefunksjon. Hvis du bruker forskjellige enheter til \u00e5 vise og f\u00e5 tilgang til nettstedet, m\u00e5 du s\u00f8rge for at nettleseren p\u00e5 hver enhet er tilpasset dine preferanser ang\u00e5ende informasjonskapsler.<\/p>\n<h4>Endringer i disse retningslinjene og eventuelle sp\u00f8rsm\u00e5l<\/h4>\n<p>Hvis du har sp\u00f8rsm\u00e5l om bruken av informasjonskapsler, vennligst kontakt oss p\u00e5 <a href=\"mailto:info@brokk.no\">info@brokk.no<\/a><\/p>\n<p>Brokk kan oppdatere denne informasjonen fra tid til annen, s\u00e5 gjerne bes\u00f8ke nettstedet hvis bruk av informasjonskapsler p\u00e5 dette nettstedet interesserer deg.<\/p>\n<style>.CookieDeclaration{font-size:16px;}<\/style><script id=\"CookieDeclaration\" data-culture=\"no\" src=\"https:\/\/consent.cookiebot.com\/f4cced5d-6ce6-4529-9ccd-4327437c4e65\/cd.js\" type=\"text\/javascript\" async><\/script>\n","protected":false},"excerpt":{"rendered":"<p>Hvis du velger \u00e5 ikke godta informasjonskapsler, kan det hende at du ikke kan bruke alle deler av nettstedet, og enkelte deler av nettstedet vil kunne gi feil. Hva er informasjonskapsler? Informasjonskapsler er sm\u00e5 tekstfiler med informasjon lagret p\u00e5 datamaskinen\u2026<\/p>\n","protected":false},"author":28,"featured_media":0,"parent":0,"menu_order":58,"comment_status":"closed","ping_status":"closed","template":"","meta":{"_acf_changed":false,"_relevanssi_hide_post":"","_relevanssi_hide_content":"","_relevanssi_pin_for_all":"","_relevanssi_pin_keywords":"","_relevanssi_unpin_keywords":"","_relevanssi_related_keywords":"","_relevanssi_related_include_ids":"","_relevanssi_related_exclude_ids":"","_relevanssi_related_no_append":"","_relevanssi_related_not_related":"","_relevanssi_related_posts":"","_relevanssi_noindex_reason":"","footnotes":""},"class_list":["post-3191","page","type-page","status-publish","hentry"],"acf":[],"yoast_head":"<!-- This site is optimized with the Yoast SEO plugin v27.3 - https:\/\/yoast.com\/product\/yoast-seo-wordpress\/ -->\n<title>Om cookies - Brokk Norge<\/title>\n<meta name=\"robots\" content=\"index, follow, max-snippet:-1, max-image-preview:large, max-video-preview:-1\" \/>\n<link rel=\"canonical\" href=\"https:\/\/www.brokk.com\/no\/om-cookies\/\" \/>\n<meta property=\"og:locale\" content=\"nb_NO\" \/>\n<meta property=\"og:type\" content=\"article\" \/>\n<meta property=\"og:title\" content=\"Om cookies - Brokk Norge\" \/>\n<meta property=\"og:description\" content=\"Hvis du velger \u00e5 ikke godta informasjonskapsler, kan det hende at du ikke kan bruke alle deler av nettstedet, og enkelte deler av nettstedet vil kunne gi feil. Hva er informasjonskapsler? Informasjonskapsler er sm\u00e5 tekstfiler med informasjon lagret p\u00e5 datamaskinen\u2026\" \/>\n<meta property=\"og:url\" content=\"https:\/\/www.brokk.com\/no\/om-cookies\/\" \/>\n<meta property=\"og:site_name\" content=\"Brokk Norge\" \/>\n<meta property=\"article:modified_time\" content=\"2024-03-22T15:52:12+00:00\" \/>\n<meta name=\"twitter:card\" content=\"summary_large_image\" \/>\n<meta name=\"twitter:label1\" content=\"Ansl. lesetid\" \/>\n\t<meta name=\"twitter:data1\" content=\"3 minutter\" \/>\n<script type=\"application\/ld+json\" class=\"yoast-schema-graph\">{\"@context\":\"https:\\\/\\\/schema.org\",\"@graph\":[{\"@type\":\"WebPage\",\"@id\":\"https:\\\/\\\/www.brokk.com\\\/no\\\/om-cookies\\\/\",\"url\":\"https:\\\/\\\/www.brokk.com\\\/no\\\/om-cookies\\\/\",\"name\":\"Om cookies - Brokk Norge\",\"isPartOf\":{\"@id\":\"https:\\\/\\\/www.brokk.com\\\/no\\\/#website\"},\"datePublished\":\"2018-04-06T12:56:51+00:00\",\"dateModified\":\"2024-03-22T15:52:12+00:00\",\"breadcrumb\":{\"@id\":\"https:\\\/\\\/www.brokk.com\\\/no\\\/om-cookies\\\/#breadcrumb\"},\"inLanguage\":\"nb-NO\",\"potentialAction\":[{\"@type\":\"ReadAction\",\"target\":[\"https:\\\/\\\/www.brokk.com\\\/no\\\/om-cookies\\\/\"]}]},{\"@type\":\"BreadcrumbList\",\"@id\":\"https:\\\/\\\/www.brokk.com\\\/no\\\/om-cookies\\\/#breadcrumb\",\"itemListElement\":[{\"@type\":\"ListItem\",\"position\":1,\"name\":\"Home\",\"item\":\"https:\\\/\\\/www.brokk.com\\\/no\\\/home\\\/\"},{\"@type\":\"ListItem\",\"position\":2,\"name\":\"Om cookies\"}]},{\"@type\":\"WebSite\",\"@id\":\"https:\\\/\\\/www.brokk.com\\\/no\\\/#website\",\"url\":\"https:\\\/\\\/www.brokk.com\\\/no\\\/\",\"name\":\"Brokk Norge\",\"description\":\"\",\"potentialAction\":[{\"@type\":\"SearchAction\",\"target\":{\"@type\":\"EntryPoint\",\"urlTemplate\":\"https:\\\/\\\/www.brokk.com\\\/no\\\/?s={search_term_string}\"},\"query-input\":{\"@type\":\"PropertyValueSpecification\",\"valueRequired\":true,\"valueName\":\"search_term_string\"}}],\"inLanguage\":\"nb-NO\"}]}<\/script>\n<!-- \/ Yoast SEO plugin. -->","yoast_head_json":{"title":"Om cookies - Brokk Norge","robots":{"index":"index","follow":"follow","max-snippet":"max-snippet:-1","max-image-preview":"max-image-preview:large","max-video-preview":"max-video-preview:-1"},"canonical":"https:\/\/www.brokk.com\/no\/om-cookies\/","og_locale":"nb_NO","og_type":"article","og_title":"Om cookies - Brokk Norge","og_description":"Hvis du velger \u00e5 ikke godta informasjonskapsler, kan det hende at du ikke kan bruke alle deler av nettstedet, og enkelte deler av nettstedet vil kunne gi feil. Hva er informasjonskapsler? Informasjonskapsler er sm\u00e5 tekstfiler med informasjon lagret p\u00e5 datamaskinen\u2026","og_url":"https:\/\/www.brokk.com\/no\/om-cookies\/","og_site_name":"Brokk Norge","article_modified_time":"2024-03-22T15:52:12+00:00","twitter_card":"summary_large_image","twitter_misc":{"Ansl. lesetid":"3 minutter"},"schema":{"@context":"https:\/\/schema.org","@graph":[{"@type":"WebPage","@id":"https:\/\/www.brokk.com\/no\/om-cookies\/","url":"https:\/\/www.brokk.com\/no\/om-cookies\/","name":"Om cookies - Brokk Norge","isPartOf":{"@id":"https:\/\/www.brokk.com\/no\/#website"},"datePublished":"2018-04-06T12:56:51+00:00","dateModified":"2024-03-22T15:52:12+00:00","breadcrumb":{"@id":"https:\/\/www.brokk.com\/no\/om-cookies\/#breadcrumb"},"inLanguage":"nb-NO","potentialAction":[{"@type":"ReadAction","target":["https:\/\/www.brokk.com\/no\/om-cookies\/"]}]},{"@type":"BreadcrumbList","@id":"https:\/\/www.brokk.com\/no\/om-cookies\/#breadcrumb","itemListElement":[{"@type":"ListItem","position":1,"name":"Home","item":"https:\/\/www.brokk.com\/no\/home\/"},{"@type":"ListItem","position":2,"name":"Om cookies"}]},{"@type":"WebSite","@id":"https:\/\/www.brokk.com\/no\/#website","url":"https:\/\/www.brokk.com\/no\/","name":"Brokk Norge","description":"","potentialAction":[{"@type":"SearchAction","target":{"@type":"EntryPoint","urlTemplate":"https:\/\/www.brokk.com\/no\/?s={search_term_string}"},"query-input":{"@type":"PropertyValueSpecification","valueRequired":true,"valueName":"search_term_string"}}],"inLanguage":"nb-NO"}]}},"_links":{"self":[{"href":"https:\/\/www.brokk.com\/no\/wp-json\/wp\/v2\/pages\/3191","targetHints":{"allow":["GET"]}}],"collection":[{"href":"https:\/\/www.brokk.com\/no\/wp-json\/wp\/v2\/pages"}],"about":[{"href":"https:\/\/www.brokk.com\/no\/wp-json\/wp\/v2\/types\/page"}],"author":[{"embeddable":true,"href":"https:\/\/www.brokk.com\/no\/wp-json\/wp\/v2\/users\/28"}],"replies":[{"embeddable":true,"href":"https:\/\/www.brokk.com\/no\/wp-json\/wp\/v2\/comments?post=3191"}],"version-history":[{"count":4,"href":"https:\/\/www.brokk.com\/no\/wp-json\/wp\/v2\/pages\/3191\/revisions"}],"predecessor-version":[{"id":4276,"href":"https:\/\/www.brokk.com\/no\/wp-json\/wp\/v2\/pages\/3191\/revisions\/4276"}],"wp:attachment":[{"href":"https:\/\/www.brokk.com\/no\/wp-json\/wp\/v2\/media?parent=3191"}],"curies":[{"name":"wp","href":"https:\/\/api.w.org\/{rel}","templated":true}]}}