{"id":3219,"date":"2018-04-06T08:00:17","date_gmt":"2018-04-06T07:00:17","guid":{"rendered":"https:\/\/www.brokk.com\/norway\/our-edge\/"},"modified":"2018-10-30T12:27:59","modified_gmt":"2018-10-30T11:27:59","slug":"var-spydspiss","status":"publish","type":"page","link":"https:\/\/www.brokk.com\/no\/var-spydspiss\/","title":{"rendered":"V\u00e5r kvasse egg og skarpe blikk"},"content":{"rendered":"<h2>Dette er oss<\/h2>\n<h4>ET BREDT MODELLUTVALG<\/h4>\n<p>Et bredt spekter av maskinmodeller, med unike egenskaper og utallige muligheter.<\/p>\n<h4>MAKSIMAL UTGANG &#8211; MINIMUM INNGANG<\/h4>\n<p>Maksimal effekt med minimum energi. Krever kun et minimum av el. sikringer. Bygget for \u00e5 optimalisere verkt\u00f8yets ytelse.<\/p>\n<h4>ERGONOMISK FOR OPERATOR<\/h4>\n<p>Belte, sele og h\u00e5ndst\u00f8tte til styrespaker for optimal ergonomi hele dagen, uke etter uke..<\/p>\n<h4>HARDENED ELECTRICAL SYSTEM<\/h4>\n<p>Designet med v\u00e5re egne spesielle komponenter for t\u00f8ffe milj\u00f8er.<\/p>\n<h4>OVERLEGEN STABILITET<\/h4>\n<p>Spordesign og lastst\u00f8tter som maksimerer stabilitet og sikkerhet.<\/p>\n<h4>ET UNIKT KONTROLLSYSTEM<\/h4>\n<p>Overlegen radioteknologi med en lettlest display. P\u00e5vist p\u00e5litelighet med opptil 300 m rekkevidde uten forsinkelse.<\/p>\n<h4>P\u00c5LITELIG TIL 1000<\/h4>\n<p>Bygget for \u00e5 vare i t\u00f8ffe i varme forhold, basert p\u00e5 40 \u00e5rs erfaring.<\/p>\n<h4>USL\u00c5ELIG KJ\u00d8LEKAPASITET<\/h4>\n<p>Designet for hardt arbeid under varme forhold.<\/p>\n<h4>SERVICE<\/h4>\n<p>Alt er designet for rask og enkel service, selv n\u00e5r du er p\u00e5 arbeidsplassen.<\/p>\n<h4>RETT UTSTYR FOR RETT OPPGAVE<\/h4>\n<p>Bredt utvalg av tilleggsutstyr og tilbeh\u00f8r til forskjellige oppgaver.<\/p>\n","protected":false},"excerpt":{"rendered":"<p>Dette er oss ET BREDT MODELLUTVALG Et bredt spekter av maskinmodeller, med unike egenskaper og utallige muligheter. MAKSIMAL UTGANG &#8211; MINIMUM INNGANG Maksimal effekt med minimum energi. Krever kun et minimum av el. sikringer. Bygget for \u00e5 optimalisere verkt\u00f8yets ytelse.\u2026<\/p>\n","protected":false},"author":8,"featured_media":0,"parent":0,"menu_order":82,"comment_status":"closed","ping_status":"closed","template":"page-templates\/common.php","meta":{"_acf_changed":false,"_relevanssi_hide_post":"","_relevanssi_hide_content":"","_relevanssi_pin_for_all":"","_relevanssi_pin_keywords":"","_relevanssi_unpin_keywords":"","_relevanssi_related_keywords":"","_relevanssi_related_include_ids":"","_relevanssi_related_exclude_ids":"","_relevanssi_related_no_append":"","_relevanssi_related_not_related":"","_relevanssi_related_posts":"","_relevanssi_noindex_reason":"","footnotes":""},"class_list":["post-3219","page","type-page","status-publish","hentry"],"acf":[],"yoast_head":"<!-- This site is optimized with the Yoast SEO plugin v27.3 - https:\/\/yoast.com\/product\/yoast-seo-wordpress\/ -->\n<title>V\u00e5r kvasse egg og skarpe blikk - Brokk Norge<\/title>\n<meta name=\"robots\" content=\"index, follow, max-snippet:-1, max-image-preview:large, max-video-preview:-1\" \/>\n<link rel=\"canonical\" href=\"https:\/\/www.brokk.com\/no\/var-spydspiss\/\" \/>\n<meta property=\"og:locale\" content=\"nb_NO\" \/>\n<meta property=\"og:type\" content=\"article\" \/>\n<meta property=\"og:title\" content=\"V\u00e5r kvasse egg og skarpe blikk - Brokk Norge\" \/>\n<meta property=\"og:description\" content=\"Dette er oss ET BREDT MODELLUTVALG Et bredt spekter av maskinmodeller, med unike egenskaper og utallige muligheter. MAKSIMAL UTGANG &#8211; MINIMUM INNGANG Maksimal effekt med minimum energi. Krever kun et minimum av el. sikringer. Bygget for \u00e5 optimalisere verkt\u00f8yets ytelse.\u2026\" \/>\n<meta property=\"og:url\" content=\"https:\/\/www.brokk.com\/no\/var-spydspiss\/\" \/>\n<meta property=\"og:site_name\" content=\"Brokk Norge\" \/>\n<meta property=\"article:modified_time\" content=\"2018-10-30T11:27:59+00:00\" \/>\n<meta property=\"og:image\" content=\"https:\/\/www.brokk.com\/no\/uploads\/sites\/3\/2018\/03\/our-edge-brokk300_hero.jpg\" \/>\n\t<meta property=\"og:image:width\" content=\"2560\" \/>\n\t<meta property=\"og:image:height\" content=\"1096\" \/>\n\t<meta property=\"og:image:type\" content=\"image\/jpeg\" \/>\n<meta name=\"twitter:card\" content=\"summary_large_image\" \/>\n<meta name=\"twitter:label1\" content=\"Ansl. lesetid\" \/>\n\t<meta name=\"twitter:data1\" content=\"1 minutt\" \/>\n<script type=\"application\/ld+json\" class=\"yoast-schema-graph\">{\"@context\":\"https:\\\/\\\/schema.org\",\"@graph\":[{\"@type\":\"WebPage\",\"@id\":\"https:\\\/\\\/www.brokk.com\\\/no\\\/var-spydspiss\\\/\",\"url\":\"https:\\\/\\\/www.brokk.com\\\/no\\\/var-spydspiss\\\/\",\"name\":\"V\u00e5r kvasse egg og skarpe blikk - Brokk Norge\",\"isPartOf\":{\"@id\":\"https:\\\/\\\/www.brokk.com\\\/no\\\/#website\"},\"datePublished\":\"2018-04-06T07:00:17+00:00\",\"dateModified\":\"2018-10-30T11:27:59+00:00\",\"breadcrumb\":{\"@id\":\"https:\\\/\\\/www.brokk.com\\\/no\\\/var-spydspiss\\\/#breadcrumb\"},\"inLanguage\":\"nb-NO\",\"potentialAction\":[{\"@type\":\"ReadAction\",\"target\":[\"https:\\\/\\\/www.brokk.com\\\/no\\\/var-spydspiss\\\/\"]}]},{\"@type\":\"BreadcrumbList\",\"@id\":\"https:\\\/\\\/www.brokk.com\\\/no\\\/var-spydspiss\\\/#breadcrumb\",\"itemListElement\":[{\"@type\":\"ListItem\",\"position\":1,\"name\":\"Home\",\"item\":\"https:\\\/\\\/www.brokk.com\\\/no\\\/home\\\/\"},{\"@type\":\"ListItem\",\"position\":2,\"name\":\"V\u00e5r kvasse egg og skarpe blikk\"}]},{\"@type\":\"WebSite\",\"@id\":\"https:\\\/\\\/www.brokk.com\\\/no\\\/#website\",\"url\":\"https:\\\/\\\/www.brokk.com\\\/no\\\/\",\"name\":\"Brokk Norge\",\"description\":\"\",\"potentialAction\":[{\"@type\":\"SearchAction\",\"target\":{\"@type\":\"EntryPoint\",\"urlTemplate\":\"https:\\\/\\\/www.brokk.com\\\/no\\\/?s={search_term_string}\"},\"query-input\":{\"@type\":\"PropertyValueSpecification\",\"valueRequired\":true,\"valueName\":\"search_term_string\"}}],\"inLanguage\":\"nb-NO\"}]}<\/script>\n<!-- \/ Yoast SEO plugin. -->","yoast_head_json":{"title":"V\u00e5r kvasse egg og skarpe blikk - Brokk Norge","robots":{"index":"index","follow":"follow","max-snippet":"max-snippet:-1","max-image-preview":"max-image-preview:large","max-video-preview":"max-video-preview:-1"},"canonical":"https:\/\/www.brokk.com\/no\/var-spydspiss\/","og_locale":"nb_NO","og_type":"article","og_title":"V\u00e5r kvasse egg og skarpe blikk - Brokk Norge","og_description":"Dette er oss ET BREDT MODELLUTVALG Et bredt spekter av maskinmodeller, med unike egenskaper og utallige muligheter. MAKSIMAL UTGANG &#8211; MINIMUM INNGANG Maksimal effekt med minimum energi. Krever kun et minimum av el. sikringer. Bygget for \u00e5 optimalisere verkt\u00f8yets ytelse.\u2026","og_url":"https:\/\/www.brokk.com\/no\/var-spydspiss\/","og_site_name":"Brokk Norge","article_modified_time":"2018-10-30T11:27:59+00:00","og_image":[{"width":2560,"height":1096,"url":"https:\/\/www.brokk.com\/no\/uploads\/sites\/3\/2018\/03\/our-edge-brokk300_hero.jpg","type":"image\/jpeg"}],"twitter_card":"summary_large_image","twitter_misc":{"Ansl. lesetid":"1 minutt"},"schema":{"@context":"https:\/\/schema.org","@graph":[{"@type":"WebPage","@id":"https:\/\/www.brokk.com\/no\/var-spydspiss\/","url":"https:\/\/www.brokk.com\/no\/var-spydspiss\/","name":"V\u00e5r kvasse egg og skarpe blikk - Brokk Norge","isPartOf":{"@id":"https:\/\/www.brokk.com\/no\/#website"},"datePublished":"2018-04-06T07:00:17+00:00","dateModified":"2018-10-30T11:27:59+00:00","breadcrumb":{"@id":"https:\/\/www.brokk.com\/no\/var-spydspiss\/#breadcrumb"},"inLanguage":"nb-NO","potentialAction":[{"@type":"ReadAction","target":["https:\/\/www.brokk.com\/no\/var-spydspiss\/"]}]},{"@type":"BreadcrumbList","@id":"https:\/\/www.brokk.com\/no\/var-spydspiss\/#breadcrumb","itemListElement":[{"@type":"ListItem","position":1,"name":"Home","item":"https:\/\/www.brokk.com\/no\/home\/"},{"@type":"ListItem","position":2,"name":"V\u00e5r kvasse egg og skarpe blikk"}]},{"@type":"WebSite","@id":"https:\/\/www.brokk.com\/no\/#website","url":"https:\/\/www.brokk.com\/no\/","name":"Brokk Norge","description":"","potentialAction":[{"@type":"SearchAction","target":{"@type":"EntryPoint","urlTemplate":"https:\/\/www.brokk.com\/no\/?s={search_term_string}"},"query-input":{"@type":"PropertyValueSpecification","valueRequired":true,"valueName":"search_term_string"}}],"inLanguage":"nb-NO"}]}},"_links":{"self":[{"href":"https:\/\/www.brokk.com\/no\/wp-json\/wp\/v2\/pages\/3219","targetHints":{"allow":["GET"]}}],"collection":[{"href":"https:\/\/www.brokk.com\/no\/wp-json\/wp\/v2\/pages"}],"about":[{"href":"https:\/\/www.brokk.com\/no\/wp-json\/wp\/v2\/types\/page"}],"author":[{"embeddable":true,"href":"https:\/\/www.brokk.com\/no\/wp-json\/wp\/v2\/users\/8"}],"replies":[{"embeddable":true,"href":"https:\/\/www.brokk.com\/no\/wp-json\/wp\/v2\/comments?post=3219"}],"version-history":[{"count":2,"href":"https:\/\/www.brokk.com\/no\/wp-json\/wp\/v2\/pages\/3219\/revisions"}],"predecessor-version":[{"id":3222,"href":"https:\/\/www.brokk.com\/no\/wp-json\/wp\/v2\/pages\/3219\/revisions\/3222"}],"wp:attachment":[{"href":"https:\/\/www.brokk.com\/no\/wp-json\/wp\/v2\/media?parent=3219"}],"curies":[{"name":"wp","href":"https:\/\/api.w.org\/{rel}","templated":true}]}}