{"id":3224,"date":"2018-03-07T15:00:16","date_gmt":"2018-03-07T15:00:16","guid":{"rendered":"https:\/\/www.brokk.com\/norway\/contact\/"},"modified":"2023-06-26T09:47:05","modified_gmt":"2023-06-26T08:47:05","slug":"kontakt","status":"publish","type":"page","link":"https:\/\/www.brokk.com\/no\/kontakt\/","title":{"rendered":"Kontakt"},"content":{"rendered":"<p>N\u00e6re relasjoner er viktige for oss. Derfor setter vi pris p\u00e5 sp\u00f8rsm\u00e5l og en kontinuerlig dialog som hjelper oss med v\u00e5r s\u00f8ken etter kontinuerlige forbedringer. Velg seksjonen nedenfor, for relevant kontaktinformasjon.<\/p>\n","protected":false},"excerpt":{"rendered":"<p>N\u00e6re relasjoner er viktige for oss. Derfor setter vi pris p\u00e5 sp\u00f8rsm\u00e5l og en kontinuerlig dialog som hjelper oss med v\u00e5r s\u00f8ken etter kontinuerlige forbedringer. Velg seksjonen nedenfor, for relevant kontaktinformasjon.<\/p>\n","protected":false},"author":28,"featured_media":0,"parent":0,"menu_order":51,"comment_status":"closed","ping_status":"closed","template":"page-templates\/contacts-global.php","meta":{"_acf_changed":false,"_relevanssi_hide_post":"","_relevanssi_hide_content":"","_relevanssi_pin_for_all":"","_relevanssi_pin_keywords":"","_relevanssi_unpin_keywords":"","_relevanssi_related_keywords":"","_relevanssi_related_include_ids":"","_relevanssi_related_exclude_ids":"","_relevanssi_related_no_append":"","_relevanssi_related_not_related":"","_relevanssi_related_posts":"","_relevanssi_noindex_reason":"","footnotes":""},"class_list":["post-3224","page","type-page","status-publish","hentry"],"acf":[],"yoast_head":"<!-- This site is optimized with the Yoast SEO plugin v27.3 - https:\/\/yoast.com\/product\/yoast-seo-wordpress\/ -->\n<title>Kontakt - Brokk Norge<\/title>\n<meta name=\"robots\" content=\"index, follow, max-snippet:-1, max-image-preview:large, max-video-preview:-1\" \/>\n<link rel=\"canonical\" href=\"https:\/\/www.brokk.com\/no\/kontakt\/\" \/>\n<meta property=\"og:locale\" content=\"nb_NO\" \/>\n<meta property=\"og:type\" content=\"article\" \/>\n<meta property=\"og:title\" content=\"Kontakt - Brokk Norge\" \/>\n<meta property=\"og:description\" content=\"N\u00e6re relasjoner er viktige for oss. Derfor setter vi pris p\u00e5 sp\u00f8rsm\u00e5l og en kontinuerlig dialog som hjelper oss med v\u00e5r s\u00f8ken etter kontinuerlige forbedringer. Velg seksjonen nedenfor, for relevant kontaktinformasjon.\" \/>\n<meta property=\"og:url\" content=\"https:\/\/www.brokk.com\/no\/kontakt\/\" \/>\n<meta property=\"og:site_name\" content=\"Brokk Norge\" \/>\n<meta property=\"article:modified_time\" content=\"2023-06-26T08:47:05+00:00\" \/>\n<meta name=\"twitter:card\" content=\"summary_large_image\" \/>\n<meta name=\"twitter:label1\" content=\"Ansl. lesetid\" \/>\n\t<meta name=\"twitter:data1\" content=\"1 minutt\" \/>\n<script type=\"application\/ld+json\" class=\"yoast-schema-graph\">{\"@context\":\"https:\\\/\\\/schema.org\",\"@graph\":[{\"@type\":\"WebPage\",\"@id\":\"https:\\\/\\\/www.brokk.com\\\/no\\\/kontakt\\\/\",\"url\":\"https:\\\/\\\/www.brokk.com\\\/no\\\/kontakt\\\/\",\"name\":\"Kontakt - Brokk Norge\",\"isPartOf\":{\"@id\":\"https:\\\/\\\/www.brokk.com\\\/no\\\/#website\"},\"datePublished\":\"2018-03-07T15:00:16+00:00\",\"dateModified\":\"2023-06-26T08:47:05+00:00\",\"breadcrumb\":{\"@id\":\"https:\\\/\\\/www.brokk.com\\\/no\\\/kontakt\\\/#breadcrumb\"},\"inLanguage\":\"nb-NO\",\"potentialAction\":[{\"@type\":\"ReadAction\",\"target\":[\"https:\\\/\\\/www.brokk.com\\\/no\\\/kontakt\\\/\"]}]},{\"@type\":\"BreadcrumbList\",\"@id\":\"https:\\\/\\\/www.brokk.com\\\/no\\\/kontakt\\\/#breadcrumb\",\"itemListElement\":[{\"@type\":\"ListItem\",\"position\":1,\"name\":\"Home\",\"item\":\"https:\\\/\\\/www.brokk.com\\\/no\\\/home\\\/\"},{\"@type\":\"ListItem\",\"position\":2,\"name\":\"Kontakt\"}]},{\"@type\":\"WebSite\",\"@id\":\"https:\\\/\\\/www.brokk.com\\\/no\\\/#website\",\"url\":\"https:\\\/\\\/www.brokk.com\\\/no\\\/\",\"name\":\"Brokk Norge\",\"description\":\"\",\"potentialAction\":[{\"@type\":\"SearchAction\",\"target\":{\"@type\":\"EntryPoint\",\"urlTemplate\":\"https:\\\/\\\/www.brokk.com\\\/no\\\/?s={search_term_string}\"},\"query-input\":{\"@type\":\"PropertyValueSpecification\",\"valueRequired\":true,\"valueName\":\"search_term_string\"}}],\"inLanguage\":\"nb-NO\"}]}<\/script>\n<!-- \/ Yoast SEO plugin. -->","yoast_head_json":{"title":"Kontakt - Brokk Norge","robots":{"index":"index","follow":"follow","max-snippet":"max-snippet:-1","max-image-preview":"max-image-preview:large","max-video-preview":"max-video-preview:-1"},"canonical":"https:\/\/www.brokk.com\/no\/kontakt\/","og_locale":"nb_NO","og_type":"article","og_title":"Kontakt - Brokk Norge","og_description":"N\u00e6re relasjoner er viktige for oss. Derfor setter vi pris p\u00e5 sp\u00f8rsm\u00e5l og en kontinuerlig dialog som hjelper oss med v\u00e5r s\u00f8ken etter kontinuerlige forbedringer. Velg seksjonen nedenfor, for relevant kontaktinformasjon.","og_url":"https:\/\/www.brokk.com\/no\/kontakt\/","og_site_name":"Brokk Norge","article_modified_time":"2023-06-26T08:47:05+00:00","twitter_card":"summary_large_image","twitter_misc":{"Ansl. lesetid":"1 minutt"},"schema":{"@context":"https:\/\/schema.org","@graph":[{"@type":"WebPage","@id":"https:\/\/www.brokk.com\/no\/kontakt\/","url":"https:\/\/www.brokk.com\/no\/kontakt\/","name":"Kontakt - Brokk Norge","isPartOf":{"@id":"https:\/\/www.brokk.com\/no\/#website"},"datePublished":"2018-03-07T15:00:16+00:00","dateModified":"2023-06-26T08:47:05+00:00","breadcrumb":{"@id":"https:\/\/www.brokk.com\/no\/kontakt\/#breadcrumb"},"inLanguage":"nb-NO","potentialAction":[{"@type":"ReadAction","target":["https:\/\/www.brokk.com\/no\/kontakt\/"]}]},{"@type":"BreadcrumbList","@id":"https:\/\/www.brokk.com\/no\/kontakt\/#breadcrumb","itemListElement":[{"@type":"ListItem","position":1,"name":"Home","item":"https:\/\/www.brokk.com\/no\/home\/"},{"@type":"ListItem","position":2,"name":"Kontakt"}]},{"@type":"WebSite","@id":"https:\/\/www.brokk.com\/no\/#website","url":"https:\/\/www.brokk.com\/no\/","name":"Brokk Norge","description":"","potentialAction":[{"@type":"SearchAction","target":{"@type":"EntryPoint","urlTemplate":"https:\/\/www.brokk.com\/no\/?s={search_term_string}"},"query-input":{"@type":"PropertyValueSpecification","valueRequired":true,"valueName":"search_term_string"}}],"inLanguage":"nb-NO"}]}},"_links":{"self":[{"href":"https:\/\/www.brokk.com\/no\/wp-json\/wp\/v2\/pages\/3224","targetHints":{"allow":["GET"]}}],"collection":[{"href":"https:\/\/www.brokk.com\/no\/wp-json\/wp\/v2\/pages"}],"about":[{"href":"https:\/\/www.brokk.com\/no\/wp-json\/wp\/v2\/types\/page"}],"author":[{"embeddable":true,"href":"https:\/\/www.brokk.com\/no\/wp-json\/wp\/v2\/users\/28"}],"replies":[{"embeddable":true,"href":"https:\/\/www.brokk.com\/no\/wp-json\/wp\/v2\/comments?post=3224"}],"version-history":[{"count":7,"href":"https:\/\/www.brokk.com\/no\/wp-json\/wp\/v2\/pages\/3224\/revisions"}],"predecessor-version":[{"id":4134,"href":"https:\/\/www.brokk.com\/no\/wp-json\/wp\/v2\/pages\/3224\/revisions\/4134"}],"wp:attachment":[{"href":"https:\/\/www.brokk.com\/no\/wp-json\/wp\/v2\/media?parent=3224"}],"curies":[{"name":"wp","href":"https:\/\/api.w.org\/{rel}","templated":true}]}}