{"id":3252,"date":"2018-03-21T10:43:05","date_gmt":"2018-03-21T09:43:05","guid":{"rendered":"https:\/\/www.brokk.com\/norway\/press\/"},"modified":"2018-10-29T17:13:12","modified_gmt":"2018-10-29T16:13:12","slug":"press","status":"publish","type":"page","link":"https:\/\/www.brokk.com\/no\/press\/","title":{"rendered":"Presse"},"content":{"rendered":"<p>Velkommen til Brokk pressesenter. Her finner du v\u00e5re siste pressemeldinger og uttalelser. Ta kontakt med oss \u200b\u200bp\u00e5 <a href=\"mailto:communications@brokk.com\">marketing@brokk.com<\/a> hvis det er noen sp\u00f8rsm\u00e5l eller du trenger mer hjelp.<\/p>\n","protected":false},"excerpt":{"rendered":"<p>Velkommen til Brokk pressesenter. Her finner du v\u00e5re siste pressemeldinger og uttalelser. Ta kontakt med oss \u200b\u200bp\u00e5 marketing@brokk.com hvis det er noen sp\u00f8rsm\u00e5l eller du trenger mer hjelp.<\/p>\n","protected":false},"author":2,"featured_media":3225,"parent":0,"menu_order":101,"comment_status":"closed","ping_status":"closed","template":"page-templates\/press.php","meta":{"_acf_changed":false,"_relevanssi_hide_post":"","_relevanssi_hide_content":"","_relevanssi_pin_for_all":"","_relevanssi_pin_keywords":"","_relevanssi_unpin_keywords":"","_relevanssi_related_keywords":"","_relevanssi_related_include_ids":"","_relevanssi_related_exclude_ids":"","_relevanssi_related_no_append":"","_relevanssi_related_not_related":"","_relevanssi_related_posts":"","_relevanssi_noindex_reason":"","footnotes":""},"class_list":["post-3252","page","type-page","status-publish","has-post-thumbnail","hentry"],"acf":[],"yoast_head":"<!-- This site is optimized with the Yoast SEO plugin v27.3 - https:\/\/yoast.com\/product\/yoast-seo-wordpress\/ -->\n<title>Presse - Brokk Norge<\/title>\n<meta name=\"robots\" content=\"index, follow, max-snippet:-1, max-image-preview:large, max-video-preview:-1\" \/>\n<link rel=\"canonical\" href=\"https:\/\/www.brokk.com\/no\/press\/\" \/>\n<meta property=\"og:locale\" content=\"nb_NO\" \/>\n<meta property=\"og:type\" content=\"article\" \/>\n<meta property=\"og:title\" content=\"Presse - Brokk Norge\" \/>\n<meta property=\"og:description\" content=\"Velkommen til Brokk pressesenter. Her finner du v\u00e5re siste pressemeldinger og uttalelser. Ta kontakt med oss \u200b\u200bp\u00e5 marketing@brokk.com hvis det er noen sp\u00f8rsm\u00e5l eller du trenger mer hjelp.\" \/>\n<meta property=\"og:url\" content=\"https:\/\/www.brokk.com\/no\/press\/\" \/>\n<meta property=\"og:site_name\" content=\"Brokk Norge\" \/>\n<meta property=\"article:modified_time\" content=\"2018-10-29T16:13:12+00:00\" \/>\n<meta property=\"og:image\" content=\"https:\/\/www.brokk.com\/no\/uploads\/sites\/3\/2018\/03\/project-02.jpg\" \/>\n\t<meta property=\"og:image:width\" content=\"900\" \/>\n\t<meta property=\"og:image:height\" content=\"550\" \/>\n\t<meta property=\"og:image:type\" content=\"image\/jpeg\" \/>\n<meta name=\"twitter:card\" content=\"summary_large_image\" \/>\n<script type=\"application\/ld+json\" class=\"yoast-schema-graph\">{\"@context\":\"https:\\\/\\\/schema.org\",\"@graph\":[{\"@type\":\"WebPage\",\"@id\":\"https:\\\/\\\/www.brokk.com\\\/no\\\/press\\\/\",\"url\":\"https:\\\/\\\/www.brokk.com\\\/no\\\/press\\\/\",\"name\":\"Presse - Brokk Norge\",\"isPartOf\":{\"@id\":\"https:\\\/\\\/www.brokk.com\\\/no\\\/#website\"},\"primaryImageOfPage\":{\"@id\":\"https:\\\/\\\/www.brokk.com\\\/no\\\/press\\\/#primaryimage\"},\"image\":{\"@id\":\"https:\\\/\\\/www.brokk.com\\\/no\\\/press\\\/#primaryimage\"},\"thumbnailUrl\":\"https:\\\/\\\/www.brokk.com\\\/no\\\/uploads\\\/sites\\\/3\\\/2018\\\/03\\\/project-02.jpg\",\"datePublished\":\"2018-03-21T09:43:05+00:00\",\"dateModified\":\"2018-10-29T16:13:12+00:00\",\"breadcrumb\":{\"@id\":\"https:\\\/\\\/www.brokk.com\\\/no\\\/press\\\/#breadcrumb\"},\"inLanguage\":\"nb-NO\",\"potentialAction\":[{\"@type\":\"ReadAction\",\"target\":[\"https:\\\/\\\/www.brokk.com\\\/no\\\/press\\\/\"]}]},{\"@type\":\"ImageObject\",\"inLanguage\":\"nb-NO\",\"@id\":\"https:\\\/\\\/www.brokk.com\\\/no\\\/press\\\/#primaryimage\",\"url\":\"https:\\\/\\\/www.brokk.com\\\/no\\\/uploads\\\/sites\\\/3\\\/2018\\\/03\\\/project-02.jpg\",\"contentUrl\":\"https:\\\/\\\/www.brokk.com\\\/no\\\/uploads\\\/sites\\\/3\\\/2018\\\/03\\\/project-02.jpg\",\"width\":900,\"height\":550},{\"@type\":\"BreadcrumbList\",\"@id\":\"https:\\\/\\\/www.brokk.com\\\/no\\\/press\\\/#breadcrumb\",\"itemListElement\":[{\"@type\":\"ListItem\",\"position\":1,\"name\":\"Home\",\"item\":\"https:\\\/\\\/www.brokk.com\\\/no\\\/home\\\/\"},{\"@type\":\"ListItem\",\"position\":2,\"name\":\"Presse\"}]},{\"@type\":\"WebSite\",\"@id\":\"https:\\\/\\\/www.brokk.com\\\/no\\\/#website\",\"url\":\"https:\\\/\\\/www.brokk.com\\\/no\\\/\",\"name\":\"Brokk Norge\",\"description\":\"\",\"potentialAction\":[{\"@type\":\"SearchAction\",\"target\":{\"@type\":\"EntryPoint\",\"urlTemplate\":\"https:\\\/\\\/www.brokk.com\\\/no\\\/?s={search_term_string}\"},\"query-input\":{\"@type\":\"PropertyValueSpecification\",\"valueRequired\":true,\"valueName\":\"search_term_string\"}}],\"inLanguage\":\"nb-NO\"}]}<\/script>\n<!-- \/ Yoast SEO plugin. -->","yoast_head_json":{"title":"Presse - Brokk Norge","robots":{"index":"index","follow":"follow","max-snippet":"max-snippet:-1","max-image-preview":"max-image-preview:large","max-video-preview":"max-video-preview:-1"},"canonical":"https:\/\/www.brokk.com\/no\/press\/","og_locale":"nb_NO","og_type":"article","og_title":"Presse - Brokk Norge","og_description":"Velkommen til Brokk pressesenter. Her finner du v\u00e5re siste pressemeldinger og uttalelser. Ta kontakt med oss \u200b\u200bp\u00e5 marketing@brokk.com hvis det er noen sp\u00f8rsm\u00e5l eller du trenger mer hjelp.","og_url":"https:\/\/www.brokk.com\/no\/press\/","og_site_name":"Brokk Norge","article_modified_time":"2018-10-29T16:13:12+00:00","og_image":[{"width":900,"height":550,"url":"https:\/\/www.brokk.com\/no\/uploads\/sites\/3\/2018\/03\/project-02.jpg","type":"image\/jpeg"}],"twitter_card":"summary_large_image","schema":{"@context":"https:\/\/schema.org","@graph":[{"@type":"WebPage","@id":"https:\/\/www.brokk.com\/no\/press\/","url":"https:\/\/www.brokk.com\/no\/press\/","name":"Presse - Brokk Norge","isPartOf":{"@id":"https:\/\/www.brokk.com\/no\/#website"},"primaryImageOfPage":{"@id":"https:\/\/www.brokk.com\/no\/press\/#primaryimage"},"image":{"@id":"https:\/\/www.brokk.com\/no\/press\/#primaryimage"},"thumbnailUrl":"https:\/\/www.brokk.com\/no\/uploads\/sites\/3\/2018\/03\/project-02.jpg","datePublished":"2018-03-21T09:43:05+00:00","dateModified":"2018-10-29T16:13:12+00:00","breadcrumb":{"@id":"https:\/\/www.brokk.com\/no\/press\/#breadcrumb"},"inLanguage":"nb-NO","potentialAction":[{"@type":"ReadAction","target":["https:\/\/www.brokk.com\/no\/press\/"]}]},{"@type":"ImageObject","inLanguage":"nb-NO","@id":"https:\/\/www.brokk.com\/no\/press\/#primaryimage","url":"https:\/\/www.brokk.com\/no\/uploads\/sites\/3\/2018\/03\/project-02.jpg","contentUrl":"https:\/\/www.brokk.com\/no\/uploads\/sites\/3\/2018\/03\/project-02.jpg","width":900,"height":550},{"@type":"BreadcrumbList","@id":"https:\/\/www.brokk.com\/no\/press\/#breadcrumb","itemListElement":[{"@type":"ListItem","position":1,"name":"Home","item":"https:\/\/www.brokk.com\/no\/home\/"},{"@type":"ListItem","position":2,"name":"Presse"}]},{"@type":"WebSite","@id":"https:\/\/www.brokk.com\/no\/#website","url":"https:\/\/www.brokk.com\/no\/","name":"Brokk Norge","description":"","potentialAction":[{"@type":"SearchAction","target":{"@type":"EntryPoint","urlTemplate":"https:\/\/www.brokk.com\/no\/?s={search_term_string}"},"query-input":{"@type":"PropertyValueSpecification","valueRequired":true,"valueName":"search_term_string"}}],"inLanguage":"nb-NO"}]}},"_links":{"self":[{"href":"https:\/\/www.brokk.com\/no\/wp-json\/wp\/v2\/pages\/3252","targetHints":{"allow":["GET"]}}],"collection":[{"href":"https:\/\/www.brokk.com\/no\/wp-json\/wp\/v2\/pages"}],"about":[{"href":"https:\/\/www.brokk.com\/no\/wp-json\/wp\/v2\/types\/page"}],"author":[{"embeddable":true,"href":"https:\/\/www.brokk.com\/no\/wp-json\/wp\/v2\/users\/2"}],"replies":[{"embeddable":true,"href":"https:\/\/www.brokk.com\/no\/wp-json\/wp\/v2\/comments?post=3252"}],"version-history":[{"count":2,"href":"https:\/\/www.brokk.com\/no\/wp-json\/wp\/v2\/pages\/3252\/revisions"}],"predecessor-version":[{"id":3254,"href":"https:\/\/www.brokk.com\/no\/wp-json\/wp\/v2\/pages\/3252\/revisions\/3254"}],"wp:featuredmedia":[{"embeddable":true,"href":"https:\/\/www.brokk.com\/no\/wp-json\/wp\/v2\/media\/3225"}],"wp:attachment":[{"href":"https:\/\/www.brokk.com\/no\/wp-json\/wp\/v2\/media?parent=3252"}],"curies":[{"name":"wp","href":"https:\/\/api.w.org\/{rel}","templated":true}]}}