{"id":3256,"date":"2018-03-09T10:09:15","date_gmt":"2018-03-09T10:09:15","guid":{"rendered":"https:\/\/www.brokk.com\/norway\/career\/"},"modified":"2018-10-29T17:18:10","modified_gmt":"2018-10-29T16:18:10","slug":"career","status":"publish","type":"page","link":"https:\/\/www.brokk.com\/no\/career\/","title":{"rendered":"Karriere"},"content":{"rendered":"<p>Vi er alltid ute etter dyktige mennesker som er dedikert til \u00e5 ta sitt kompetanseomr\u00e5de til neste niv\u00e5. Som en Brokk-medarbeider hjelper du mennesker rundt om i verden til sikrere, smartere og mer produktive riving- og vedlikeholdsrutiner. P\u00e5 Brokk er det ogs\u00e5 et stort personlig utviklingspotensial. Hjemme eller rundt om i verden. Vi im\u00f8teser s\u00f8knaden din. <a href=\"mailto:hr@brokk.com\">Send s\u00f8knaden din<\/a><\/p>\n","protected":false},"excerpt":{"rendered":"<p>Vi er alltid ute etter dyktige mennesker som er dedikert til \u00e5 ta sitt kompetanseomr\u00e5de til neste niv\u00e5. Som en Brokk-medarbeider hjelper du mennesker rundt om i verden til sikrere, smartere og mer produktive riving- og vedlikeholdsrutiner. P\u00e5 Brokk er\u2026<\/p>\n","protected":false},"author":2,"featured_media":0,"parent":0,"menu_order":77,"comment_status":"closed","ping_status":"closed","template":"page-templates\/career.php","meta":{"_acf_changed":false,"_relevanssi_hide_post":"","_relevanssi_hide_content":"","_relevanssi_pin_for_all":"","_relevanssi_pin_keywords":"","_relevanssi_unpin_keywords":"","_relevanssi_related_keywords":"","_relevanssi_related_include_ids":"","_relevanssi_related_exclude_ids":"","_relevanssi_related_no_append":"","_relevanssi_related_not_related":"","_relevanssi_related_posts":"","_relevanssi_noindex_reason":"","footnotes":""},"class_list":["post-3256","page","type-page","status-publish","hentry"],"acf":[],"yoast_head":"<!-- This site is optimized with the Yoast SEO plugin v27.0 - https:\/\/yoast.com\/product\/yoast-seo-wordpress\/ -->\n<title>Karriere - Brokk Norge<\/title>\n<meta name=\"robots\" content=\"index, follow, max-snippet:-1, max-image-preview:large, max-video-preview:-1\" \/>\n<link rel=\"canonical\" href=\"https:\/\/www.brokk.com\/no\/career\/\" \/>\n<meta property=\"og:locale\" content=\"nb_NO\" \/>\n<meta property=\"og:type\" content=\"article\" \/>\n<meta property=\"og:title\" content=\"Karriere - Brokk Norge\" \/>\n<meta property=\"og:description\" content=\"Vi er alltid ute etter dyktige mennesker som er dedikert til \u00e5 ta sitt kompetanseomr\u00e5de til neste niv\u00e5. Som en Brokk-medarbeider hjelper du mennesker rundt om i verden til sikrere, smartere og mer produktive riving- og vedlikeholdsrutiner. P\u00e5 Brokk er\u2026\" \/>\n<meta property=\"og:url\" content=\"https:\/\/www.brokk.com\/no\/career\/\" \/>\n<meta property=\"og:site_name\" content=\"Brokk Norge\" \/>\n<meta property=\"article:modified_time\" content=\"2018-10-29T16:18:10+00:00\" \/>\n<meta property=\"og:image\" content=\"https:\/\/www.brokk.com\/no\/uploads\/sites\/3\/2018\/04\/career_hero.jpg\" \/>\n\t<meta property=\"og:image:width\" content=\"2560\" \/>\n\t<meta property=\"og:image:height\" content=\"1096\" \/>\n\t<meta property=\"og:image:type\" content=\"image\/jpeg\" \/>\n<meta name=\"twitter:card\" content=\"summary_large_image\" \/>\n<script type=\"application\/ld+json\" class=\"yoast-schema-graph\">{\"@context\":\"https:\/\/schema.org\",\"@graph\":[{\"@type\":\"WebPage\",\"@id\":\"https:\/\/www.brokk.com\/no\/career\/\",\"url\":\"https:\/\/www.brokk.com\/no\/career\/\",\"name\":\"Karriere - Brokk Norge\",\"isPartOf\":{\"@id\":\"https:\/\/www.brokk.com\/no\/#website\"},\"datePublished\":\"2018-03-09T10:09:15+00:00\",\"dateModified\":\"2018-10-29T16:18:10+00:00\",\"breadcrumb\":{\"@id\":\"https:\/\/www.brokk.com\/no\/career\/#breadcrumb\"},\"inLanguage\":\"nb-NO\",\"potentialAction\":[{\"@type\":\"ReadAction\",\"target\":[\"https:\/\/www.brokk.com\/no\/career\/\"]}]},{\"@type\":\"BreadcrumbList\",\"@id\":\"https:\/\/www.brokk.com\/no\/career\/#breadcrumb\",\"itemListElement\":[{\"@type\":\"ListItem\",\"position\":1,\"name\":\"Home\",\"item\":\"https:\/\/www.brokk.com\/no\/home\/\"},{\"@type\":\"ListItem\",\"position\":2,\"name\":\"Karriere\"}]},{\"@type\":\"WebSite\",\"@id\":\"https:\/\/www.brokk.com\/no\/#website\",\"url\":\"https:\/\/www.brokk.com\/no\/\",\"name\":\"Brokk Norge\",\"description\":\"\",\"potentialAction\":[{\"@type\":\"SearchAction\",\"target\":{\"@type\":\"EntryPoint\",\"urlTemplate\":\"https:\/\/www.brokk.com\/no\/?s={search_term_string}\"},\"query-input\":{\"@type\":\"PropertyValueSpecification\",\"valueRequired\":true,\"valueName\":\"search_term_string\"}}],\"inLanguage\":\"nb-NO\"}]}<\/script>\n<!-- \/ Yoast SEO plugin. -->","yoast_head_json":{"title":"Karriere - Brokk Norge","robots":{"index":"index","follow":"follow","max-snippet":"max-snippet:-1","max-image-preview":"max-image-preview:large","max-video-preview":"max-video-preview:-1"},"canonical":"https:\/\/www.brokk.com\/no\/career\/","og_locale":"nb_NO","og_type":"article","og_title":"Karriere - Brokk Norge","og_description":"Vi er alltid ute etter dyktige mennesker som er dedikert til \u00e5 ta sitt kompetanseomr\u00e5de til neste niv\u00e5. Som en Brokk-medarbeider hjelper du mennesker rundt om i verden til sikrere, smartere og mer produktive riving- og vedlikeholdsrutiner. P\u00e5 Brokk er\u2026","og_url":"https:\/\/www.brokk.com\/no\/career\/","og_site_name":"Brokk Norge","article_modified_time":"2018-10-29T16:18:10+00:00","og_image":[{"width":2560,"height":1096,"url":"https:\/\/www.brokk.com\/no\/uploads\/sites\/3\/2018\/04\/career_hero.jpg","type":"image\/jpeg"}],"twitter_card":"summary_large_image","schema":{"@context":"https:\/\/schema.org","@graph":[{"@type":"WebPage","@id":"https:\/\/www.brokk.com\/no\/career\/","url":"https:\/\/www.brokk.com\/no\/career\/","name":"Karriere - Brokk Norge","isPartOf":{"@id":"https:\/\/www.brokk.com\/no\/#website"},"datePublished":"2018-03-09T10:09:15+00:00","dateModified":"2018-10-29T16:18:10+00:00","breadcrumb":{"@id":"https:\/\/www.brokk.com\/no\/career\/#breadcrumb"},"inLanguage":"nb-NO","potentialAction":[{"@type":"ReadAction","target":["https:\/\/www.brokk.com\/no\/career\/"]}]},{"@type":"BreadcrumbList","@id":"https:\/\/www.brokk.com\/no\/career\/#breadcrumb","itemListElement":[{"@type":"ListItem","position":1,"name":"Home","item":"https:\/\/www.brokk.com\/no\/home\/"},{"@type":"ListItem","position":2,"name":"Karriere"}]},{"@type":"WebSite","@id":"https:\/\/www.brokk.com\/no\/#website","url":"https:\/\/www.brokk.com\/no\/","name":"Brokk Norge","description":"","potentialAction":[{"@type":"SearchAction","target":{"@type":"EntryPoint","urlTemplate":"https:\/\/www.brokk.com\/no\/?s={search_term_string}"},"query-input":{"@type":"PropertyValueSpecification","valueRequired":true,"valueName":"search_term_string"}}],"inLanguage":"nb-NO"}]}},"_links":{"self":[{"href":"https:\/\/www.brokk.com\/no\/wp-json\/wp\/v2\/pages\/3256","targetHints":{"allow":["GET"]}}],"collection":[{"href":"https:\/\/www.brokk.com\/no\/wp-json\/wp\/v2\/pages"}],"about":[{"href":"https:\/\/www.brokk.com\/no\/wp-json\/wp\/v2\/types\/page"}],"author":[{"embeddable":true,"href":"https:\/\/www.brokk.com\/no\/wp-json\/wp\/v2\/users\/2"}],"replies":[{"embeddable":true,"href":"https:\/\/www.brokk.com\/no\/wp-json\/wp\/v2\/comments?post=3256"}],"version-history":[{"count":2,"href":"https:\/\/www.brokk.com\/no\/wp-json\/wp\/v2\/pages\/3256\/revisions"}],"predecessor-version":[{"id":3259,"href":"https:\/\/www.brokk.com\/no\/wp-json\/wp\/v2\/pages\/3256\/revisions\/3259"}],"wp:attachment":[{"href":"https:\/\/www.brokk.com\/no\/wp-json\/wp\/v2\/media?parent=3256"}],"curies":[{"name":"wp","href":"https:\/\/api.w.org\/{rel}","templated":true}]}}