{"id":3263,"date":"2018-05-18T09:46:41","date_gmt":"2018-05-18T08:46:41","guid":{"rendered":"https:\/\/www.brokk.com\/norway\/our-concept-2\/"},"modified":"2019-01-17T16:25:20","modified_gmt":"2019-01-17T15:25:20","slug":"vart-konsept-2","status":"publish","type":"page","link":"https:\/\/www.brokk.com\/no\/vart-konsept-2\/","title":{"rendered":"V\u00e5rt konsept"},"content":{"rendered":"<h3>Redefinerer kraft\/vekt forholdet<\/h3>\n<h4>Kompakt og kraftig<\/h4>\n<p>Brokk rivningsrobot gir deg mer kraft i en mindre pakke. Om arbeidsmilj\u00f8et er innen bygg og anlegg, metallprossess, atomkraft, gruve eller tunnelarbeid, gj\u00f8r den nesten skremmende sterke Brokk den til den ideelle l\u00f8sningen for effektivt, allsidig og l\u00f8nnsom rivning og vedlikeholdsarbeid. En fem tonn Brokk er like kraftig som en 25 tonn gravemaskin, og den minste 500 kg Brokk f\u00e5r jobben gjort 500-600 prosent raskere enn med h\u00e5ndholdte verkt\u00f8y. Likevel er den overraskende kompakt og lett, og derfor enkel \u00e5 transportere.<\/p>\n<h4>SIKKER OG EFFEKTIV<\/h4>\n<p>Fjernstyring av Brokk gj\u00f8r det mulig for operat\u00f8ren \u00e5 man\u00f8vrere maskinen mer effektivt med en bedre oversikt over arbeidet. Den ergonomiske fjernkontrollen verner ogs\u00e5 operat\u00f8ren fra utsatte omr\u00e5der og eliminerer skadelige vibrasjoner og st\u00f8v.<br \/>\nElektriske motorer med Brokk SmartPower, er skreddersydd for tunge rivningsprosjekter, og gir deg all den kraft, p\u00e5litelighet og holdbarhet du trenger.<\/p>\n<h4>FLEksibelt &amp; VERSATILE<\/h4>\n<p>Et kjennetegn p\u00e5 Brokk-rivningsroboten er dens allsidighet. Takket v\u00e6re signatur trearms-systemet, gir Brokk operat\u00f8ren imponerende rekkevidde og stabilitet. Det brede og stadig voksende spekteret av originale verkt\u00f8y gj\u00f8r det til det perfekte verkt\u00f8yet for et bredt spekter av oppgaver. Uansett hva dine behov er, finnes det en stor Brokk med rett st\u00f8rrelse og riktig redskap for jobben. Og hvis dine behov er utenfor boksen, kan du til og med bygge din egen Brokk og fortsatt f\u00e5 40 \u00e5rs erfaring og den beste erfaringen bygget inn.<\/p>\n<h4>ERFARING OG TRUSTWORTHY<\/h4>\n<p>Med over 40 \u00e5rs rivning erfaring, hjelper Brokk deg med \u00e5 finne den rette l\u00f8sningen p\u00e5 dine behov. Sikkert, mer effektivt og mer l\u00f8nnsomt. V\u00e5re bransjeeksperter gir deg en l\u00f8sning, ikke bare en maskin. V\u00e5rt globale nettverk og fornyet fokus p\u00e5 service og support (Brokk Uptime) gir deg direkte kontakt med erfarne selgere, og l\u00f8sningen eller reservedeler er bare en telefonsamtale unna.<\/p>\n<p>&nbsp;<\/p>\n<h3>Brokk gir deg<\/h3>\n<h4>TRE ARM SYSTEM<\/h4>\n<p>En sterk og fleksibel l\u00f8sning som gir ekstraordin\u00e6r rekkevidde og kraft i alle retninger, og gir maksimal presisjon og n\u00f8yaktighet.<\/p>\n<h4>FJERNSTYRING<\/h4>\n<p>Maksimer effektiviteten samtidig som brukeren er trygg mot skadelige vibrasjoner og farlige omr\u00e5der.<\/p>\n<h4>DEMOLITION POWER<\/h4>\n<p>Til tross for sin kompakte st\u00f8rrelse, kan Brokk-maskiner overg\u00e5 gravemaskiner fem ganger s\u00e5 stor.<\/p>\n<h4>Ingen avgasser<\/h4>\n<p>Mindre st\u00f8y og mindre vedlikehold.<\/p>\n<h4>KOMPAKT OG SMIDIG<\/h4>\n<p>Lett \u00e5 man\u00f8vrere og lett \u00e5 transportere. Kan f\u00e5 tilgang gjennom smale mellomrom og klatrer trapper.<\/p>\n<h4>ST\u00d8TTEBEIN GIR STABILITET<\/h4>\n<p>Gj\u00f8r det mulig \u00e5 b\u00e6re ekstra tungt verkt\u00f8y.<\/p>\n<h4>VARMERESISTENT<\/h4>\n<p>Fra deksler til sylindere og komponenter, er alt varme og st\u00f8tbeskyttet.<\/p>\n<h4>ENORMT REDSKAPSUTVALG<\/h4>\n<p>Et stort utvalg av verkt\u00f8y, mange spesielt designet for Brokk. Patentert hurtighitch for rask og enkel bytte av verkt\u00f8y.<\/p>\n<h4>PATENTERET MASKINFESTE<\/h4>\n<p>Sparer vekt og gir rask og sikkert redskapsbytte.<\/p>\n","protected":false},"excerpt":{"rendered":"<p>Redefinerer kraft\/vekt forholdet Kompakt og kraftig Brokk rivningsrobot gir deg mer kraft i en mindre pakke. Om arbeidsmilj\u00f8et er innen bygg og anlegg, metallprossess, atomkraft, gruve eller tunnelarbeid, gj\u00f8r den nesten skremmende sterke Brokk den til den ideelle l\u00f8sningen for\u2026<\/p>\n","protected":false},"author":10,"featured_media":0,"parent":0,"menu_order":81,"comment_status":"closed","ping_status":"closed","template":"page-templates\/common.php","meta":{"_acf_changed":false,"_relevanssi_hide_post":"","_relevanssi_hide_content":"","_relevanssi_pin_for_all":"","_relevanssi_pin_keywords":"","_relevanssi_unpin_keywords":"","_relevanssi_related_keywords":"","_relevanssi_related_include_ids":"","_relevanssi_related_exclude_ids":"","_relevanssi_related_no_append":"","_relevanssi_related_not_related":"","_relevanssi_related_posts":"","_relevanssi_noindex_reason":"","footnotes":""},"class_list":["post-3263","page","type-page","status-publish","hentry"],"acf":[],"yoast_head":"<!-- This site is optimized with the Yoast SEO plugin v27.5 - https:\/\/yoast.com\/product\/yoast-seo-wordpress\/ -->\n<title>V\u00e5rt konsept - Brokk Norge<\/title>\n<meta name=\"robots\" content=\"index, follow, max-snippet:-1, max-image-preview:large, max-video-preview:-1\" \/>\n<link rel=\"canonical\" href=\"https:\/\/www.brokk.com\/no\/vart-konsept-2\/\" \/>\n<meta property=\"og:locale\" content=\"nb_NO\" \/>\n<meta property=\"og:type\" content=\"article\" \/>\n<meta property=\"og:title\" content=\"V\u00e5rt konsept - Brokk Norge\" \/>\n<meta property=\"og:description\" content=\"Redefinerer kraft\/vekt forholdet Kompakt og kraftig Brokk rivningsrobot gir deg mer kraft i en mindre pakke. Om arbeidsmilj\u00f8et er innen bygg og anlegg, metallprossess, atomkraft, gruve eller tunnelarbeid, gj\u00f8r den nesten skremmende sterke Brokk den til den ideelle l\u00f8sningen for\u2026\" \/>\n<meta property=\"og:url\" content=\"https:\/\/www.brokk.com\/no\/vart-konsept-2\/\" \/>\n<meta property=\"og:site_name\" content=\"Brokk Norge\" \/>\n<meta property=\"article:modified_time\" content=\"2019-01-17T15:25:20+00:00\" \/>\n<meta property=\"og:image\" content=\"https:\/\/www.brokk.com\/no\/uploads\/sites\/3\/2018\/03\/our-concept_hero.jpg\" \/>\n\t<meta property=\"og:image:width\" content=\"2560\" \/>\n\t<meta property=\"og:image:height\" content=\"1096\" \/>\n\t<meta property=\"og:image:type\" content=\"image\/jpeg\" \/>\n<meta name=\"twitter:card\" content=\"summary_large_image\" \/>\n<meta name=\"twitter:label1\" content=\"Ansl. lesetid\" \/>\n\t<meta name=\"twitter:data1\" content=\"2 minutter\" \/>\n<script type=\"application\/ld+json\" class=\"yoast-schema-graph\">{\"@context\":\"https:\\\/\\\/schema.org\",\"@graph\":[{\"@type\":\"WebPage\",\"@id\":\"https:\\\/\\\/www.brokk.com\\\/no\\\/vart-konsept-2\\\/\",\"url\":\"https:\\\/\\\/www.brokk.com\\\/no\\\/vart-konsept-2\\\/\",\"name\":\"V\u00e5rt konsept - Brokk Norge\",\"isPartOf\":{\"@id\":\"https:\\\/\\\/www.brokk.com\\\/no\\\/#website\"},\"datePublished\":\"2018-05-18T08:46:41+00:00\",\"dateModified\":\"2019-01-17T15:25:20+00:00\",\"breadcrumb\":{\"@id\":\"https:\\\/\\\/www.brokk.com\\\/no\\\/vart-konsept-2\\\/#breadcrumb\"},\"inLanguage\":\"nb-NO\",\"potentialAction\":[{\"@type\":\"ReadAction\",\"target\":[\"https:\\\/\\\/www.brokk.com\\\/no\\\/vart-konsept-2\\\/\"]}]},{\"@type\":\"BreadcrumbList\",\"@id\":\"https:\\\/\\\/www.brokk.com\\\/no\\\/vart-konsept-2\\\/#breadcrumb\",\"itemListElement\":[{\"@type\":\"ListItem\",\"position\":1,\"name\":\"Home\",\"item\":\"https:\\\/\\\/www.brokk.com\\\/no\\\/home\\\/\"},{\"@type\":\"ListItem\",\"position\":2,\"name\":\"V\u00e5rt konsept\"}]},{\"@type\":\"WebSite\",\"@id\":\"https:\\\/\\\/www.brokk.com\\\/no\\\/#website\",\"url\":\"https:\\\/\\\/www.brokk.com\\\/no\\\/\",\"name\":\"Brokk Norge\",\"description\":\"\",\"potentialAction\":[{\"@type\":\"SearchAction\",\"target\":{\"@type\":\"EntryPoint\",\"urlTemplate\":\"https:\\\/\\\/www.brokk.com\\\/no\\\/?s={search_term_string}\"},\"query-input\":{\"@type\":\"PropertyValueSpecification\",\"valueRequired\":true,\"valueName\":\"search_term_string\"}}],\"inLanguage\":\"nb-NO\"}]}<\/script>\n<!-- \/ Yoast SEO plugin. -->","yoast_head_json":{"title":"V\u00e5rt konsept - Brokk Norge","robots":{"index":"index","follow":"follow","max-snippet":"max-snippet:-1","max-image-preview":"max-image-preview:large","max-video-preview":"max-video-preview:-1"},"canonical":"https:\/\/www.brokk.com\/no\/vart-konsept-2\/","og_locale":"nb_NO","og_type":"article","og_title":"V\u00e5rt konsept - Brokk Norge","og_description":"Redefinerer kraft\/vekt forholdet Kompakt og kraftig Brokk rivningsrobot gir deg mer kraft i en mindre pakke. Om arbeidsmilj\u00f8et er innen bygg og anlegg, metallprossess, atomkraft, gruve eller tunnelarbeid, gj\u00f8r den nesten skremmende sterke Brokk den til den ideelle l\u00f8sningen for\u2026","og_url":"https:\/\/www.brokk.com\/no\/vart-konsept-2\/","og_site_name":"Brokk Norge","article_modified_time":"2019-01-17T15:25:20+00:00","og_image":[{"width":2560,"height":1096,"url":"https:\/\/www.brokk.com\/no\/uploads\/sites\/3\/2018\/03\/our-concept_hero.jpg","type":"image\/jpeg"}],"twitter_card":"summary_large_image","twitter_misc":{"Ansl. lesetid":"2 minutter"},"schema":{"@context":"https:\/\/schema.org","@graph":[{"@type":"WebPage","@id":"https:\/\/www.brokk.com\/no\/vart-konsept-2\/","url":"https:\/\/www.brokk.com\/no\/vart-konsept-2\/","name":"V\u00e5rt konsept - Brokk Norge","isPartOf":{"@id":"https:\/\/www.brokk.com\/no\/#website"},"datePublished":"2018-05-18T08:46:41+00:00","dateModified":"2019-01-17T15:25:20+00:00","breadcrumb":{"@id":"https:\/\/www.brokk.com\/no\/vart-konsept-2\/#breadcrumb"},"inLanguage":"nb-NO","potentialAction":[{"@type":"ReadAction","target":["https:\/\/www.brokk.com\/no\/vart-konsept-2\/"]}]},{"@type":"BreadcrumbList","@id":"https:\/\/www.brokk.com\/no\/vart-konsept-2\/#breadcrumb","itemListElement":[{"@type":"ListItem","position":1,"name":"Home","item":"https:\/\/www.brokk.com\/no\/home\/"},{"@type":"ListItem","position":2,"name":"V\u00e5rt konsept"}]},{"@type":"WebSite","@id":"https:\/\/www.brokk.com\/no\/#website","url":"https:\/\/www.brokk.com\/no\/","name":"Brokk Norge","description":"","potentialAction":[{"@type":"SearchAction","target":{"@type":"EntryPoint","urlTemplate":"https:\/\/www.brokk.com\/no\/?s={search_term_string}"},"query-input":{"@type":"PropertyValueSpecification","valueRequired":true,"valueName":"search_term_string"}}],"inLanguage":"nb-NO"}]}},"_links":{"self":[{"href":"https:\/\/www.brokk.com\/no\/wp-json\/wp\/v2\/pages\/3263","targetHints":{"allow":["GET"]}}],"collection":[{"href":"https:\/\/www.brokk.com\/no\/wp-json\/wp\/v2\/pages"}],"about":[{"href":"https:\/\/www.brokk.com\/no\/wp-json\/wp\/v2\/types\/page"}],"author":[{"embeddable":true,"href":"https:\/\/www.brokk.com\/no\/wp-json\/wp\/v2\/users\/10"}],"replies":[{"embeddable":true,"href":"https:\/\/www.brokk.com\/no\/wp-json\/wp\/v2\/comments?post=3263"}],"version-history":[{"count":3,"href":"https:\/\/www.brokk.com\/no\/wp-json\/wp\/v2\/pages\/3263\/revisions"}],"predecessor-version":[{"id":3430,"href":"https:\/\/www.brokk.com\/no\/wp-json\/wp\/v2\/pages\/3263\/revisions\/3430"}],"wp:attachment":[{"href":"https:\/\/www.brokk.com\/no\/wp-json\/wp\/v2\/media?parent=3263"}],"curies":[{"name":"wp","href":"https:\/\/api.w.org\/{rel}","templated":true}]}}