{"id":3343,"date":"2018-03-16T10:22:01","date_gmt":"2018-03-16T09:22:01","guid":{"rendered":"https:\/\/www.brokk.com\/norway\/after-sales\/service-agreement\/"},"modified":"2018-10-31T13:35:08","modified_gmt":"2018-10-31T12:35:08","slug":"service-agreement","status":"publish","type":"page","link":"https:\/\/www.brokk.com\/no\/ettermarked\/service-agreement\/","title":{"rendered":"Serviceavtale"},"content":{"rendered":"<p>Med en Brokk Uptime\u2122 serviceavtale kan du v\u00e6re trygg p\u00e5 at Brokk-maskinen alltid er i gode hender. Med planlagte nedetid og serviceintervall kan vi sikre at service og vedlikehold foreg\u00e5r n\u00e5r det passer for deg og ditt arbeid. Hver tjeneste utf\u00f8res av erfarne Brokk servicetekniker, og selvf\u00f8lgelig kan du v\u00e6re trygg p\u00e5 den eksklusive bruken av Brokk Original Spare Parts\u2122 av h\u00f8y kvalitet.<\/p>\n<p><a href=\"https:\/\/www.brokk.com\/no\/kontakt\/finn-forhandler\/\">Kontakt<\/a> din lokale Brokk-forhandler for \u00e5 finne ut mer om den beste l\u00f8sningen for deg og din Brokk-maskin.<img loading=\"lazy\" decoding=\"async\" class=\"alignnone size-medium wp-image-529\" src=\"https:\/\/www.brokk.com\/uploads\/2018\/03\/service-agreement-2_content-720x480.jpg\" alt=\"Brokk service\" width=\"720\" height=\"480\" srcset=\"https:\/\/www.brokk.com\/no\/uploads\/2018\/03\/service-agreement-2_content-720x480.jpg 720w, https:\/\/www.brokk.com\/no\/uploads\/2018\/03\/service-agreement-2_content-420x280.jpg 420w, https:\/\/www.brokk.com\/no\/uploads\/2018\/03\/service-agreement-2_content-768x512.jpg 768w, https:\/\/www.brokk.com\/no\/uploads\/2018\/03\/service-agreement-2_content-1280x853.jpg 1280w, https:\/\/www.brokk.com\/no\/uploads\/2018\/03\/service-agreement-2_content-480x320.jpg 480w, https:\/\/www.brokk.com\/no\/uploads\/2018\/03\/service-agreement-2_content-48x32.jpg 48w, https:\/\/www.brokk.com\/no\/uploads\/2018\/03\/service-agreement-2_content.jpg 1440w\" sizes=\"auto, (max-width: 720px) 100vw, 720px\" \/><\/p>\n","protected":false},"excerpt":{"rendered":"<p>Med en Brokk Uptime\u2122 serviceavtale kan du v\u00e6re trygg p\u00e5 at Brokk-maskinen alltid er i gode hender. Med planlagte nedetid og serviceintervall kan vi sikre at service og vedlikehold foreg\u00e5r n\u00e5r det passer for deg og ditt arbeid. Hver tjeneste\u2026<\/p>\n","protected":false},"author":2,"featured_media":0,"parent":3024,"menu_order":72,"comment_status":"closed","ping_status":"closed","template":"page-templates\/common.php","meta":{"_acf_changed":false,"_relevanssi_hide_post":"","_relevanssi_hide_content":"","_relevanssi_pin_for_all":"","_relevanssi_pin_keywords":"","_relevanssi_unpin_keywords":"","_relevanssi_related_keywords":"","_relevanssi_related_include_ids":"","_relevanssi_related_exclude_ids":"","_relevanssi_related_no_append":"","_relevanssi_related_not_related":"","_relevanssi_related_posts":"","_relevanssi_noindex_reason":"","footnotes":""},"class_list":["post-3343","page","type-page","status-publish","hentry"],"acf":[],"yoast_head":"<!-- This site is optimized with the Yoast SEO plugin v27.3 - https:\/\/yoast.com\/product\/yoast-seo-wordpress\/ -->\n<title>Serviceavtale - Brokk Norge<\/title>\n<meta name=\"robots\" content=\"index, follow, max-snippet:-1, max-image-preview:large, max-video-preview:-1\" \/>\n<link rel=\"canonical\" href=\"https:\/\/www.brokk.com\/no\/ettermarked\/service-agreement\/\" \/>\n<meta property=\"og:locale\" content=\"nb_NO\" \/>\n<meta property=\"og:type\" content=\"article\" \/>\n<meta property=\"og:title\" content=\"Serviceavtale - Brokk Norge\" \/>\n<meta property=\"og:description\" content=\"Med en Brokk Uptime\u2122 serviceavtale kan du v\u00e6re trygg p\u00e5 at Brokk-maskinen alltid er i gode hender. Med planlagte nedetid og serviceintervall kan vi sikre at service og vedlikehold foreg\u00e5r n\u00e5r det passer for deg og ditt arbeid. Hver tjeneste\u2026\" \/>\n<meta property=\"og:url\" content=\"https:\/\/www.brokk.com\/no\/ettermarked\/service-agreement\/\" \/>\n<meta property=\"og:site_name\" content=\"Brokk Norge\" \/>\n<meta property=\"article:modified_time\" content=\"2018-10-31T12:35:08+00:00\" \/>\n<meta property=\"og:image\" content=\"https:\/\/www.brokk.com\/uploads\/2018\/03\/service-agreement-2_content-720x480.jpg\" \/>\n<meta name=\"twitter:card\" content=\"summary_large_image\" \/>\n<script type=\"application\/ld+json\" class=\"yoast-schema-graph\">{\"@context\":\"https:\\\/\\\/schema.org\",\"@graph\":[{\"@type\":\"WebPage\",\"@id\":\"https:\\\/\\\/www.brokk.com\\\/no\\\/ettermarked\\\/service-agreement\\\/\",\"url\":\"https:\\\/\\\/www.brokk.com\\\/no\\\/ettermarked\\\/service-agreement\\\/\",\"name\":\"Serviceavtale - Brokk Norge\",\"isPartOf\":{\"@id\":\"https:\\\/\\\/www.brokk.com\\\/no\\\/#website\"},\"primaryImageOfPage\":{\"@id\":\"https:\\\/\\\/www.brokk.com\\\/no\\\/ettermarked\\\/service-agreement\\\/#primaryimage\"},\"image\":{\"@id\":\"https:\\\/\\\/www.brokk.com\\\/no\\\/ettermarked\\\/service-agreement\\\/#primaryimage\"},\"thumbnailUrl\":\"https:\\\/\\\/www.brokk.com\\\/uploads\\\/2018\\\/03\\\/service-agreement-2_content-720x480.jpg\",\"datePublished\":\"2018-03-16T09:22:01+00:00\",\"dateModified\":\"2018-10-31T12:35:08+00:00\",\"breadcrumb\":{\"@id\":\"https:\\\/\\\/www.brokk.com\\\/no\\\/ettermarked\\\/service-agreement\\\/#breadcrumb\"},\"inLanguage\":\"nb-NO\",\"potentialAction\":[{\"@type\":\"ReadAction\",\"target\":[\"https:\\\/\\\/www.brokk.com\\\/no\\\/ettermarked\\\/service-agreement\\\/\"]}]},{\"@type\":\"ImageObject\",\"inLanguage\":\"nb-NO\",\"@id\":\"https:\\\/\\\/www.brokk.com\\\/no\\\/ettermarked\\\/service-agreement\\\/#primaryimage\",\"url\":\"https:\\\/\\\/www.brokk.com\\\/uploads\\\/2018\\\/03\\\/service-agreement-2_content-720x480.jpg\",\"contentUrl\":\"https:\\\/\\\/www.brokk.com\\\/uploads\\\/2018\\\/03\\\/service-agreement-2_content-720x480.jpg\"},{\"@type\":\"BreadcrumbList\",\"@id\":\"https:\\\/\\\/www.brokk.com\\\/no\\\/ettermarked\\\/service-agreement\\\/#breadcrumb\",\"itemListElement\":[{\"@type\":\"ListItem\",\"position\":1,\"name\":\"Home\",\"item\":\"https:\\\/\\\/www.brokk.com\\\/no\\\/home\\\/\"},{\"@type\":\"ListItem\",\"position\":2,\"name\":\"Ettermarked\",\"item\":\"https:\\\/\\\/www.brokk.com\\\/no\\\/ettermarked\\\/\"},{\"@type\":\"ListItem\",\"position\":3,\"name\":\"Serviceavtale\"}]},{\"@type\":\"WebSite\",\"@id\":\"https:\\\/\\\/www.brokk.com\\\/no\\\/#website\",\"url\":\"https:\\\/\\\/www.brokk.com\\\/no\\\/\",\"name\":\"Brokk Norge\",\"description\":\"\",\"potentialAction\":[{\"@type\":\"SearchAction\",\"target\":{\"@type\":\"EntryPoint\",\"urlTemplate\":\"https:\\\/\\\/www.brokk.com\\\/no\\\/?s={search_term_string}\"},\"query-input\":{\"@type\":\"PropertyValueSpecification\",\"valueRequired\":true,\"valueName\":\"search_term_string\"}}],\"inLanguage\":\"nb-NO\"}]}<\/script>\n<!-- \/ Yoast SEO plugin. -->","yoast_head_json":{"title":"Serviceavtale - Brokk Norge","robots":{"index":"index","follow":"follow","max-snippet":"max-snippet:-1","max-image-preview":"max-image-preview:large","max-video-preview":"max-video-preview:-1"},"canonical":"https:\/\/www.brokk.com\/no\/ettermarked\/service-agreement\/","og_locale":"nb_NO","og_type":"article","og_title":"Serviceavtale - Brokk Norge","og_description":"Med en Brokk Uptime\u2122 serviceavtale kan du v\u00e6re trygg p\u00e5 at Brokk-maskinen alltid er i gode hender. Med planlagte nedetid og serviceintervall kan vi sikre at service og vedlikehold foreg\u00e5r n\u00e5r det passer for deg og ditt arbeid. Hver tjeneste\u2026","og_url":"https:\/\/www.brokk.com\/no\/ettermarked\/service-agreement\/","og_site_name":"Brokk Norge","article_modified_time":"2018-10-31T12:35:08+00:00","og_image":[{"url":"https:\/\/www.brokk.com\/uploads\/2018\/03\/service-agreement-2_content-720x480.jpg","type":"","width":"","height":""}],"twitter_card":"summary_large_image","schema":{"@context":"https:\/\/schema.org","@graph":[{"@type":"WebPage","@id":"https:\/\/www.brokk.com\/no\/ettermarked\/service-agreement\/","url":"https:\/\/www.brokk.com\/no\/ettermarked\/service-agreement\/","name":"Serviceavtale - Brokk Norge","isPartOf":{"@id":"https:\/\/www.brokk.com\/no\/#website"},"primaryImageOfPage":{"@id":"https:\/\/www.brokk.com\/no\/ettermarked\/service-agreement\/#primaryimage"},"image":{"@id":"https:\/\/www.brokk.com\/no\/ettermarked\/service-agreement\/#primaryimage"},"thumbnailUrl":"https:\/\/www.brokk.com\/uploads\/2018\/03\/service-agreement-2_content-720x480.jpg","datePublished":"2018-03-16T09:22:01+00:00","dateModified":"2018-10-31T12:35:08+00:00","breadcrumb":{"@id":"https:\/\/www.brokk.com\/no\/ettermarked\/service-agreement\/#breadcrumb"},"inLanguage":"nb-NO","potentialAction":[{"@type":"ReadAction","target":["https:\/\/www.brokk.com\/no\/ettermarked\/service-agreement\/"]}]},{"@type":"ImageObject","inLanguage":"nb-NO","@id":"https:\/\/www.brokk.com\/no\/ettermarked\/service-agreement\/#primaryimage","url":"https:\/\/www.brokk.com\/uploads\/2018\/03\/service-agreement-2_content-720x480.jpg","contentUrl":"https:\/\/www.brokk.com\/uploads\/2018\/03\/service-agreement-2_content-720x480.jpg"},{"@type":"BreadcrumbList","@id":"https:\/\/www.brokk.com\/no\/ettermarked\/service-agreement\/#breadcrumb","itemListElement":[{"@type":"ListItem","position":1,"name":"Home","item":"https:\/\/www.brokk.com\/no\/home\/"},{"@type":"ListItem","position":2,"name":"Ettermarked","item":"https:\/\/www.brokk.com\/no\/ettermarked\/"},{"@type":"ListItem","position":3,"name":"Serviceavtale"}]},{"@type":"WebSite","@id":"https:\/\/www.brokk.com\/no\/#website","url":"https:\/\/www.brokk.com\/no\/","name":"Brokk Norge","description":"","potentialAction":[{"@type":"SearchAction","target":{"@type":"EntryPoint","urlTemplate":"https:\/\/www.brokk.com\/no\/?s={search_term_string}"},"query-input":{"@type":"PropertyValueSpecification","valueRequired":true,"valueName":"search_term_string"}}],"inLanguage":"nb-NO"}]}},"_links":{"self":[{"href":"https:\/\/www.brokk.com\/no\/wp-json\/wp\/v2\/pages\/3343","targetHints":{"allow":["GET"]}}],"collection":[{"href":"https:\/\/www.brokk.com\/no\/wp-json\/wp\/v2\/pages"}],"about":[{"href":"https:\/\/www.brokk.com\/no\/wp-json\/wp\/v2\/types\/page"}],"author":[{"embeddable":true,"href":"https:\/\/www.brokk.com\/no\/wp-json\/wp\/v2\/users\/2"}],"replies":[{"embeddable":true,"href":"https:\/\/www.brokk.com\/no\/wp-json\/wp\/v2\/comments?post=3343"}],"version-history":[{"count":3,"href":"https:\/\/www.brokk.com\/no\/wp-json\/wp\/v2\/pages\/3343\/revisions"}],"predecessor-version":[{"id":3369,"href":"https:\/\/www.brokk.com\/no\/wp-json\/wp\/v2\/pages\/3343\/revisions\/3369"}],"up":[{"embeddable":true,"href":"https:\/\/www.brokk.com\/no\/wp-json\/wp\/v2\/pages\/3024"}],"wp:attachment":[{"href":"https:\/\/www.brokk.com\/no\/wp-json\/wp\/v2\/media?parent=3343"}],"curies":[{"name":"wp","href":"https:\/\/api.w.org\/{rel}","templated":true}]}}