{"id":5030,"date":"2021-09-09T11:13:12","date_gmt":"2021-09-09T10:13:12","guid":{"rendered":"https:\/\/www.brokk.com\/pl\/brokk-pedestal-boom\/"},"modified":"2023-05-19T23:40:15","modified_gmt":"2023-05-19T22:40:15","slug":"wysiegnik-cokolowy-brokk","status":"publish","type":"page","link":"https:\/\/www.brokk.com\/pl\/wysiegnik-cokolowy-brokk\/","title":{"rendered":"Wysi\u0119gnik coko\u0142owy Brokk"},"content":{"rendered":"<p>&nbsp;<\/p>\n<h2>Wysi\u0119gnik coko\u0142owy Brokk<\/h2>\n<p><img loading=\"lazy\" decoding=\"async\" class=\"alignnone size-full wp-image-4107\" src=\"https:\/\/www.brokk.com\/uk\/uploads\/sites\/5\/2021\/09\/brokk_300_pedestal_boom.jpeg\" alt=\"\" width=\"1440\" height=\"960\" srcset=\"https:\/\/www.brokk.com\/pl\/uploads\/sites\/5\/2021\/09\/brokk_300_pedestal_boom.jpeg 1440w, https:\/\/www.brokk.com\/pl\/uploads\/sites\/5\/2021\/09\/brokk_300_pedestal_boom-720x480.jpeg 720w, https:\/\/www.brokk.com\/pl\/uploads\/sites\/5\/2021\/09\/brokk_300_pedestal_boom-1280x853.jpeg 1280w, https:\/\/www.brokk.com\/pl\/uploads\/sites\/5\/2021\/09\/brokk_300_pedestal_boom-420x280.jpeg 420w, https:\/\/www.brokk.com\/pl\/uploads\/sites\/5\/2021\/09\/brokk_300_pedestal_boom-768x512.jpeg 768w, https:\/\/www.brokk.com\/pl\/uploads\/sites\/5\/2021\/09\/brokk_300_pedestal_boom-480x320.jpeg 480w, https:\/\/www.brokk.com\/pl\/uploads\/sites\/5\/2021\/09\/brokk_300_pedestal_boom-48x32.jpeg 48w\" sizes=\"auto, (max-width: 1440px) 100vw, 1440px\" \/><\/p>\n<p>Zalet robota Brokk w zastosowaniach g\u00f3rniczych jest wiele, a w tym zmodyfikowanym rozwi\u0105zaniu korzy\u015bci staj\u0105 si\u0119 oczywiste. Wysi\u0119gnik coko\u0142owy Brokk Pedestal Boom wykorzystuje sprawdzony systemie ramion i uk\u0142ad zasilania robot\u00f3w wyburzeniowych Brokk. Korpus maszyny montowany jest na cokole, a nie na g\u0105sienicach. Umo\u017cliwia to ustawienie maszyny nieruchomo obok kruszarki lub w dowolnym miejscu, w kt\u00f3rym potrzebne jest wst\u0119pne kruszenie.<\/p>\n<p>W przeciwie\u0144stwie do dost\u0119pnych na rynku m\u0142ot\u00f3w na wysi\u0119gniku, system wysi\u0119gnika coko\u0142owego Brokk integruje \u017ar\u00f3d\u0142o zasilania i rami\u0119, tworz\u0105c kompaktowe rozwi\u0105zanie do kruszenia z wykorzystaniem tylko jednego kabla zasilaj\u0105cego. Nie jest potrzebny zewn\u0119trzny zasilacz i nie ma konieczno\u015bci pod\u0142\u0105czania \u017cadnych przewod\u00f3w hydraulicznych. Dzi\u0119ki temu wysi\u0119gnik coko\u0142owy Brokk jest najlepszym rozwi\u0105zaniem typu plug-and-play.<\/p>\n<h4>Modele i zastosowanie<\/h4>\n<p>Wysi\u0119gniki coko\u0142owe Brokk umo\u017cliwij\u0105 wykorzystanie mocy i precyzji robot\u00f3w wyburzeniowych Brokk do podstawowych zada\u0144 wyburzeniowych, i podawania materia\u0142u do:<\/p>\n<ul>\n<li>Kruszarek szcz\u0119kowych<\/li>\n<li>Kruszarek \u017cyratorowych<\/li>\n<li>Przesiewaczy rusztowych<\/li>\n<li>Kruszarek mobilnych<\/li>\n<\/ul>\n<p>Seria wysi\u0119gnik\u00f3w coko\u0142owych Brokk Pedestal Boom obejmuje modele Brokk 200, 300, 500 i 900 o zasi\u0119gu od 0 do 8,5 metra.<\/p>\n<figure id=\"attachment_3822\" aria-describedby=\"caption-attachment-3822\" style=\"width: 720px\" class=\"wp-caption alignnone\"><img loading=\"lazy\" decoding=\"async\" class=\"wp-image-3822 size-medium\" src=\"https:\/\/www.brokk.com\/uk\/uploads\/sites\/5\/2021\/09\/b800s_breaker_mb1200_mining_boulders_pedestal_boom_lkab_sweden01.jpeg\" alt=\"\" width=\"720\" height=\"480\" \/><figcaption id=\"caption-attachment-3822\" class=\"wp-caption-text\">Wysi\u0119gnik coko\u0142owy Brokk przy kruszarce \u017cyratorowej w kopalni LKAB Malmberget w Szwecji.<\/figcaption><\/figure>\n<p>Wysi\u0119gnik coko\u0142owy jest wszechstronn\u0105 maszyn\u0105 przeznaczon\u0105 do pracy w g\u00f3rnictwie i miejscach o ograniczonej przestrzeni,<br \/>\na to dzi\u0119ki unikalnej trzycz\u0119\u015bciowej konstrukcji ramienia. Robot mo\u017ce si\u0119 zbli\u017cy\u0107 do \u015bciany na bardzo ma\u0142\u0105 odleg\u0142o\u015b\u0107<br \/>\npracuj\u0105c w komorach o wysoko\u015bci zaledwie 180 centymetrach.<\/p>\n<h4>Systemy zdalne<\/h4>\n<p>Wszystkie systemy s\u0105 obs\u0142ugiwane zdalnie i wyposa\u017cone w technologi\u0119 Brokk SmartRemote\u2122.<\/p>\n<p>Na system <strong>standardowej obs\u0142ugi zdalnej<\/strong> sk\u0142ada si\u0119 ergonomiczny i intuicyjny pilot zdalnego sterowania o zasi\u0119gu roboczym 300 metr\u00f3w, zapewniaj\u0105cy operatorom najlepsz\u0105 mo\u017cliw\u0105 widoczno\u015b\u0107 z bezpiecznej odleg\u0142o\u015bci.<\/p>\n<p><a href=\"https:\/\/www.brokk.com\/pl\/uploads\/sites\/15\/2023\/05\/brokk_networked_remote_operation-pl.pdf\"><strong>System sieciowej obs\u0142ugi zdalnej<\/strong><\/a> umo\u017cliwia operatorom sterowanie robotem przebywaj\u0105c w sterowni. Zale\u017cnie od konfiguracji sieci maszyn\u0105 mo\u017cna manewrowa\u0107 z odleg\u0142o\u015bci 2000 metr\u00f3w lub wi\u0119kszej. Maszyna jest po\u0142\u0105czona i obs\u0142ugiwana przez Ethernet lub Wi-Fi. Ergonomiczne stanowisko sterowania Brokk ze zintegrowanymi elementami steruj\u0105cymi i ekranami wideo zapewnia zwrotny sygna\u0142 d\u017awi\u0119kowy i obraz, co poprawia komfort operatora i sprzyja wykonywaniu zadania.<\/p>\n<p><strong>Opcje wideo<\/strong><\/p>\n<p>W zale\u017cno\u015bci od konkretnych potrzeb mo\u017cemy zapewni\u0107 r\u00f3\u017cne opcje wideo. Kamery zapewniaj\u0105 doskona\u0142y widok na obszar roboczy, a tak\u017ce umo\u017cliwiaj\u0105 zdaln\u0105 wymian\u0119 narz\u0119dzi.<\/p>\n<p>Dodanie d\u017awi\u0119kowego sygna\u0142u zwrotnego zwi\u0119ksza komfort pracy operatora, czyni\u0105c prac\u0119 jeszcze bardziej wydajn\u0105.<\/p>\n<p><img loading=\"lazy\" decoding=\"async\" class=\"alignnone size-full wp-image-4111\" src=\"https:\/\/www.brokk.com\/uk\/uploads\/sites\/5\/2021\/09\/brokk_operator_station.jpeg\" alt=\"\" width=\"1440\" height=\"960\" srcset=\"https:\/\/www.brokk.com\/pl\/uploads\/sites\/5\/2021\/09\/brokk_operator_station.jpeg 1440w, https:\/\/www.brokk.com\/pl\/uploads\/sites\/5\/2021\/09\/brokk_operator_station-720x480.jpeg 720w, https:\/\/www.brokk.com\/pl\/uploads\/sites\/5\/2021\/09\/brokk_operator_station-1280x853.jpeg 1280w, https:\/\/www.brokk.com\/pl\/uploads\/sites\/5\/2021\/09\/brokk_operator_station-420x280.jpeg 420w, https:\/\/www.brokk.com\/pl\/uploads\/sites\/5\/2021\/09\/brokk_operator_station-768x512.jpeg 768w, https:\/\/www.brokk.com\/pl\/uploads\/sites\/5\/2021\/09\/brokk_operator_station-480x320.jpeg 480w, https:\/\/www.brokk.com\/pl\/uploads\/sites\/5\/2021\/09\/brokk_operator_station-48x32.jpeg 48w\" sizes=\"auto, (max-width: 1440px) 100vw, 1440px\" \/><\/p>\n<p>&nbsp;<\/p>\n<h4>Monitorowanie stanu maszyny<\/h4>\n<p>Nasza internetowa platforma Wi-Fi <a href=\"https:\/\/www.brokk.com\/brokk-connect\/\"><strong>Brokk Connect<\/strong><\/a> umo\u017cliwia zarz\u0105dzanie ca\u0142\u0105 flot\u0105 robot\u00f3w podaj\u0105c dok\u0142adne informacje na temat ka\u017cdej czynno\u015bci i konieczno\u015bci podj\u0119cia dzia\u0142a\u0144 serwisowych.<\/p>\n<p>Operator ma pe\u0142ne rozeznanie w kondycji swoich maszyn dzi\u0119ki analizie danych i \u015bledzeniu ich dzia\u0142a\u0144 w czasie rzeczywistym. Z naszej platformy mo\u017cna pobra\u0107 du\u017c\u0105 ilo\u015b\u0107 informacji pomocnych w podejmowaniu w\u0142a\u015bciwych decyzji. Zapewnia ona dost\u0119p do informacji o czasie pracy narz\u0119dzi i maszyny, aktualnym stanie robota i konieczno\u015bci podj\u0119cia dzia\u0142a\u0144 serwisowych, co przek\u0142ada si\u0119 na zapewnienie pe\u0142nej sprawno\u015bci i wydajno\u015bci maszyn.<\/p>\n<h4>Osprz\u0119t<\/h4>\n<p>W naszej ofercie jest pe\u0142na gama narz\u0119dzi i element\u00f3w osprz\u0119tu, dzi\u0119ki kt\u00f3rym wykonanie zada\u0144 nie nastr\u0119czy trudno\u015bci, a je\u015bli dane zadanie wymaga wymiany narz\u0119dzi, nasz stojak na narz\u0119dzia jest idealn\u0105 opcj\u0105. Dzi\u0119ki mo\u017cliwo\u015bci obrotu robot\u00f3w o 360<sup>o<\/sup> wymiana osprz\u0119tu jest szybka i \u0142atwa.<\/p>\n<h4><img loading=\"lazy\" decoding=\"async\" class=\"alignnone size-full wp-image-4113\" src=\"https:\/\/www.brokk.com\/uk\/uploads\/sites\/5\/2021\/09\/brokk_360degree_slewing.png\" alt=\"\" width=\"1440\" height=\"960\" srcset=\"https:\/\/www.brokk.com\/pl\/uploads\/sites\/5\/2021\/09\/brokk_360degree_slewing.png 1440w, https:\/\/www.brokk.com\/pl\/uploads\/sites\/5\/2021\/09\/brokk_360degree_slewing-720x480.png 720w, https:\/\/www.brokk.com\/pl\/uploads\/sites\/5\/2021\/09\/brokk_360degree_slewing-1280x853.png 1280w, https:\/\/www.brokk.com\/pl\/uploads\/sites\/5\/2021\/09\/brokk_360degree_slewing-420x280.png 420w, https:\/\/www.brokk.com\/pl\/uploads\/sites\/5\/2021\/09\/brokk_360degree_slewing-768x512.png 768w, https:\/\/www.brokk.com\/pl\/uploads\/sites\/5\/2021\/09\/brokk_360degree_slewing-480x320.png 480w, https:\/\/www.brokk.com\/pl\/uploads\/sites\/5\/2021\/09\/brokk_360degree_slewing-48x32.png 48w\" sizes=\"auto, (max-width: 1440px) 100vw, 1440px\" \/><\/h4>\n<h4>Opcje<\/h4>\n<p>Warunki pracy kruszarek s\u0105 bardzo r\u00f3\u017cne, wi\u0119c celem sprostania wszelkim mo\u017cliwym wyzwaniom opracowali\u015bmy kilka opcji. S\u0105 to, mi\u0119dzy innymi, pojedynczy punkt podnoszenia, ogranicznik obrotu, czujnik poziomu oleju i \u0142o\u017cyska bezobs\u0142ugowe.<\/p>\n<div id='gallery-1' class='gallery galleryid-5030 gallery-columns-4 gallery-size-thumbnail'><figure class='gallery-item'>\n\t\t\t<div class='gallery-icon landscape'>\n\t\t\t\t<img loading=\"lazy\" decoding=\"async\" width=\"420\" height=\"280\" src=\"https:\/\/www.brokk.com\/pl\/uploads\/sites\/15\/2021\/09\/brokk_single_lifting_point-420x280.jpeg\" class=\"attachment-thumbnail size-thumbnail\" alt=\"\" aria-describedby=\"gallery-1-4971\" \/>\n\t\t\t<\/div>\n\t\t\t\t<figcaption class='wp-caption-text gallery-caption' id='gallery-1-4971'>\n\t\t\t\tSingle lifting point\n\t\t\t\t<\/figcaption><\/figure><figure class='gallery-item'>\n\t\t\t<div class='gallery-icon landscape'>\n\t\t\t\t<img loading=\"lazy\" decoding=\"async\" width=\"420\" height=\"280\" src=\"https:\/\/www.brokk.com\/pl\/uploads\/sites\/15\/2021\/09\/brokk_slew_limitation-420x280.png\" class=\"attachment-thumbnail size-thumbnail\" alt=\"\" aria-describedby=\"gallery-1-4972\" \/>\n\t\t\t<\/div>\n\t\t\t\t<figcaption class='wp-caption-text gallery-caption' id='gallery-1-4972'>\n\t\t\t\tSlew limitation\n\t\t\t\t<\/figcaption><\/figure><figure class='gallery-item'>\n\t\t\t<div class='gallery-icon landscape'>\n\t\t\t\t<img loading=\"lazy\" decoding=\"async\" width=\"420\" height=\"280\" src=\"https:\/\/www.brokk.com\/pl\/uploads\/sites\/15\/2021\/09\/brokk_oil_level_guard-420x280.jpeg\" class=\"attachment-thumbnail size-thumbnail\" alt=\"\" aria-describedby=\"gallery-1-4973\" \/>\n\t\t\t<\/div>\n\t\t\t\t<figcaption class='wp-caption-text gallery-caption' id='gallery-1-4973'>\n\t\t\t\tOil level guard\n\t\t\t\t<\/figcaption><\/figure><figure class='gallery-item'>\n\t\t\t<div class='gallery-icon landscape'>\n\t\t\t\t<img loading=\"lazy\" decoding=\"async\" width=\"420\" height=\"280\" src=\"https:\/\/www.brokk.com\/pl\/uploads\/sites\/15\/2021\/09\/sbt-420x280.jpg\" class=\"attachment-thumbnail size-thumbnail\" alt=\"\" aria-describedby=\"gallery-1-4976\" \/>\n\t\t\t<\/div>\n\t\t\t\t<figcaption class='wp-caption-text gallery-caption' id='gallery-1-4976'>\n\t\t\t\tMaintenance free bearings\n\t\t\t\t<\/figcaption><\/figure>\n\t\t<\/div>\n\n<p>Zapoznaj si\u0119 z tre\u015bci\u0105 <a href=\"https:\/\/www.brokk.com\/press-release\/brokk-pedestal-boom\/\">komunikatu prasowego.<\/a><\/p>\n","protected":false},"excerpt":{"rendered":"<p>&nbsp; Wysi\u0119gnik coko\u0142owy Brokk Zalet robota Brokk w zastosowaniach g\u00f3rniczych jest wiele, a w tym zmodyfikowanym rozwi\u0105zaniu korzy\u015bci staj\u0105 si\u0119 oczywiste. Wysi\u0119gnik coko\u0142owy Brokk Pedestal Boom wykorzystuje sprawdzony systemie ramion i uk\u0142ad zasilania robot\u00f3w wyburzeniowych Brokk. Korpus maszyny montowany jest\u2026<\/p>\n","protected":false},"author":1,"featured_media":4966,"parent":0,"menu_order":23,"comment_status":"closed","ping_status":"closed","template":"page-templates\/campaign.php","meta":{"_acf_changed":false,"_relevanssi_hide_post":"","_relevanssi_hide_content":"","_relevanssi_pin_for_all":"","_relevanssi_pin_keywords":"","_relevanssi_unpin_keywords":"","_relevanssi_related_keywords":"","_relevanssi_related_include_ids":"","_relevanssi_related_exclude_ids":"","_relevanssi_related_no_append":"","_relevanssi_related_not_related":"","_relevanssi_related_posts":"","_relevanssi_noindex_reason":"","footnotes":""},"class_list":["post-5030","page","type-page","status-publish","has-post-thumbnail","hentry"],"acf":[],"yoast_head":"<!-- This site is optimized with the Yoast SEO plugin v27.0 - https:\/\/yoast.com\/product\/yoast-seo-wordpress\/ -->\n<title>Wysi\u0119gnik coko\u0142owy Brokk | Brokk Poland<\/title>\n<meta name=\"robots\" content=\"index, follow, max-snippet:-1, max-image-preview:large, max-video-preview:-1\" \/>\n<link rel=\"canonical\" href=\"https:\/\/www.brokk.com\/pl\/wysiegnik-cokolowy-brokk\/\" \/>\n<meta property=\"og:locale\" content=\"pl_PL\" \/>\n<meta property=\"og:type\" content=\"article\" \/>\n<meta property=\"og:title\" content=\"Wysi\u0119gnik coko\u0142owy Brokk | Brokk Poland\" \/>\n<meta property=\"og:description\" content=\"&nbsp; Wysi\u0119gnik coko\u0142owy Brokk Zalet robota Brokk w zastosowaniach g\u00f3rniczych jest wiele, a w tym zmodyfikowanym rozwi\u0105zaniu korzy\u015bci staj\u0105 si\u0119 oczywiste. Wysi\u0119gnik coko\u0142owy Brokk Pedestal Boom wykorzystuje sprawdzony systemie ramion i uk\u0142ad zasilania robot\u00f3w wyburzeniowych Brokk. Korpus maszyny montowany jest\u2026\" \/>\n<meta property=\"og:url\" content=\"https:\/\/www.brokk.com\/pl\/wysiegnik-cokolowy-brokk\/\" \/>\n<meta property=\"og:site_name\" content=\"Brokk Poland\" \/>\n<meta property=\"article:publisher\" content=\"http:\/\/www.facebook.com\/pages\/Brokk\/184270348326912\" \/>\n<meta property=\"article:modified_time\" content=\"2023-05-19T22:40:15+00:00\" \/>\n<meta property=\"og:image\" content=\"https:\/\/www.brokk.com\/pl\/uploads\/sites\/15\/2021\/09\/brokk_pedestal_boom_campaign.png\" \/>\n\t<meta property=\"og:image:width\" content=\"1280\" \/>\n\t<meta property=\"og:image:height\" content=\"800\" \/>\n\t<meta property=\"og:image:type\" content=\"image\/png\" \/>\n<meta name=\"twitter:card\" content=\"summary_large_image\" \/>\n<meta name=\"twitter:label1\" content=\"Est. reading time\" \/>\n\t<meta name=\"twitter:data1\" content=\"4 minutes\" \/>\n<script type=\"application\/ld+json\" class=\"yoast-schema-graph\">{\"@context\":\"https:\/\/schema.org\",\"@graph\":[{\"@type\":\"WebPage\",\"@id\":\"https:\/\/www.brokk.com\/pl\/wysiegnik-cokolowy-brokk\/\",\"url\":\"https:\/\/www.brokk.com\/pl\/wysiegnik-cokolowy-brokk\/\",\"name\":\"Wysi\u0119gnik coko\u0142owy Brokk | Brokk Poland\",\"isPartOf\":{\"@id\":\"https:\/\/www.brokk.com\/pl\/#website\"},\"primaryImageOfPage\":{\"@id\":\"https:\/\/www.brokk.com\/pl\/wysiegnik-cokolowy-brokk\/#primaryimage\"},\"image\":{\"@id\":\"https:\/\/www.brokk.com\/pl\/wysiegnik-cokolowy-brokk\/#primaryimage\"},\"thumbnailUrl\":\"https:\/\/www.brokk.com\/pl\/uploads\/sites\/15\/2021\/09\/brokk_pedestal_boom_campaign.png\",\"datePublished\":\"2021-09-09T10:13:12+00:00\",\"dateModified\":\"2023-05-19T22:40:15+00:00\",\"breadcrumb\":{\"@id\":\"https:\/\/www.brokk.com\/pl\/wysiegnik-cokolowy-brokk\/#breadcrumb\"},\"inLanguage\":\"pl-PL\",\"potentialAction\":[{\"@type\":\"ReadAction\",\"target\":[\"https:\/\/www.brokk.com\/pl\/wysiegnik-cokolowy-brokk\/\"]}]},{\"@type\":\"ImageObject\",\"inLanguage\":\"pl-PL\",\"@id\":\"https:\/\/www.brokk.com\/pl\/wysiegnik-cokolowy-brokk\/#primaryimage\",\"url\":\"https:\/\/www.brokk.com\/pl\/uploads\/sites\/15\/2021\/09\/brokk_pedestal_boom_campaign.png\",\"contentUrl\":\"https:\/\/www.brokk.com\/pl\/uploads\/sites\/15\/2021\/09\/brokk_pedestal_boom_campaign.png\",\"width\":1280,\"height\":800},{\"@type\":\"BreadcrumbList\",\"@id\":\"https:\/\/www.brokk.com\/pl\/wysiegnik-cokolowy-brokk\/#breadcrumb\",\"itemListElement\":[{\"@type\":\"ListItem\",\"position\":1,\"name\":\"Home\",\"item\":\"https:\/\/www.brokk.com\/pl\/\"},{\"@type\":\"ListItem\",\"position\":2,\"name\":\"Wysi\u0119gnik coko\u0142owy Brokk\"}]},{\"@type\":\"WebSite\",\"@id\":\"https:\/\/www.brokk.com\/pl\/#website\",\"url\":\"https:\/\/www.brokk.com\/pl\/\",\"name\":\"Brokk Poland\",\"description\":\"The definitive demolition solution in Poland\",\"publisher\":{\"@id\":\"https:\/\/www.brokk.com\/pl\/#organization\"},\"potentialAction\":[{\"@type\":\"SearchAction\",\"target\":{\"@type\":\"EntryPoint\",\"urlTemplate\":\"https:\/\/www.brokk.com\/pl\/?s={search_term_string}\"},\"query-input\":{\"@type\":\"PropertyValueSpecification\",\"valueRequired\":true,\"valueName\":\"search_term_string\"}}],\"inLanguage\":\"pl-PL\"},{\"@type\":\"Organization\",\"@id\":\"https:\/\/www.brokk.com\/pl\/#organization\",\"name\":\"Brokk (UK) Ltd\",\"url\":\"https:\/\/www.brokk.com\/pl\/\",\"logo\":{\"@type\":\"ImageObject\",\"inLanguage\":\"pl-PL\",\"@id\":\"https:\/\/www.brokk.com\/pl\/#\/schema\/logo\/image\/\",\"url\":\"https:\/\/www.brokk.com\/uk\/uploads\/sites\/5\/2018\/11\/logo.png\",\"contentUrl\":\"https:\/\/www.brokk.com\/uk\/uploads\/sites\/5\/2018\/11\/logo.png\",\"width\":250,\"height\":65,\"caption\":\"Brokk (UK) Ltd\"},\"image\":{\"@id\":\"https:\/\/www.brokk.com\/pl\/#\/schema\/logo\/image\/\"},\"sameAs\":[\"http:\/\/www.facebook.com\/pages\/Brokk\/184270348326912\",\"https:\/\/www.youtube.com\/user\/brokkrobots\"]}]}<\/script>\n<!-- \/ Yoast SEO plugin. -->","yoast_head_json":{"title":"Wysi\u0119gnik coko\u0142owy Brokk | Brokk Poland","robots":{"index":"index","follow":"follow","max-snippet":"max-snippet:-1","max-image-preview":"max-image-preview:large","max-video-preview":"max-video-preview:-1"},"canonical":"https:\/\/www.brokk.com\/pl\/wysiegnik-cokolowy-brokk\/","og_locale":"pl_PL","og_type":"article","og_title":"Wysi\u0119gnik coko\u0142owy Brokk | Brokk Poland","og_description":"&nbsp; Wysi\u0119gnik coko\u0142owy Brokk Zalet robota Brokk w zastosowaniach g\u00f3rniczych jest wiele, a w tym zmodyfikowanym rozwi\u0105zaniu korzy\u015bci staj\u0105 si\u0119 oczywiste. Wysi\u0119gnik coko\u0142owy Brokk Pedestal Boom wykorzystuje sprawdzony systemie ramion i uk\u0142ad zasilania robot\u00f3w wyburzeniowych Brokk. Korpus maszyny montowany jest\u2026","og_url":"https:\/\/www.brokk.com\/pl\/wysiegnik-cokolowy-brokk\/","og_site_name":"Brokk Poland","article_publisher":"http:\/\/www.facebook.com\/pages\/Brokk\/184270348326912","article_modified_time":"2023-05-19T22:40:15+00:00","og_image":[{"width":1280,"height":800,"url":"https:\/\/www.brokk.com\/pl\/uploads\/sites\/15\/2021\/09\/brokk_pedestal_boom_campaign.png","type":"image\/png"}],"twitter_card":"summary_large_image","twitter_misc":{"Est. reading time":"4 minutes"},"schema":{"@context":"https:\/\/schema.org","@graph":[{"@type":"WebPage","@id":"https:\/\/www.brokk.com\/pl\/wysiegnik-cokolowy-brokk\/","url":"https:\/\/www.brokk.com\/pl\/wysiegnik-cokolowy-brokk\/","name":"Wysi\u0119gnik coko\u0142owy Brokk | Brokk Poland","isPartOf":{"@id":"https:\/\/www.brokk.com\/pl\/#website"},"primaryImageOfPage":{"@id":"https:\/\/www.brokk.com\/pl\/wysiegnik-cokolowy-brokk\/#primaryimage"},"image":{"@id":"https:\/\/www.brokk.com\/pl\/wysiegnik-cokolowy-brokk\/#primaryimage"},"thumbnailUrl":"https:\/\/www.brokk.com\/pl\/uploads\/sites\/15\/2021\/09\/brokk_pedestal_boom_campaign.png","datePublished":"2021-09-09T10:13:12+00:00","dateModified":"2023-05-19T22:40:15+00:00","breadcrumb":{"@id":"https:\/\/www.brokk.com\/pl\/wysiegnik-cokolowy-brokk\/#breadcrumb"},"inLanguage":"pl-PL","potentialAction":[{"@type":"ReadAction","target":["https:\/\/www.brokk.com\/pl\/wysiegnik-cokolowy-brokk\/"]}]},{"@type":"ImageObject","inLanguage":"pl-PL","@id":"https:\/\/www.brokk.com\/pl\/wysiegnik-cokolowy-brokk\/#primaryimage","url":"https:\/\/www.brokk.com\/pl\/uploads\/sites\/15\/2021\/09\/brokk_pedestal_boom_campaign.png","contentUrl":"https:\/\/www.brokk.com\/pl\/uploads\/sites\/15\/2021\/09\/brokk_pedestal_boom_campaign.png","width":1280,"height":800},{"@type":"BreadcrumbList","@id":"https:\/\/www.brokk.com\/pl\/wysiegnik-cokolowy-brokk\/#breadcrumb","itemListElement":[{"@type":"ListItem","position":1,"name":"Home","item":"https:\/\/www.brokk.com\/pl\/"},{"@type":"ListItem","position":2,"name":"Wysi\u0119gnik coko\u0142owy Brokk"}]},{"@type":"WebSite","@id":"https:\/\/www.brokk.com\/pl\/#website","url":"https:\/\/www.brokk.com\/pl\/","name":"Brokk Poland","description":"The definitive demolition solution in Poland","publisher":{"@id":"https:\/\/www.brokk.com\/pl\/#organization"},"potentialAction":[{"@type":"SearchAction","target":{"@type":"EntryPoint","urlTemplate":"https:\/\/www.brokk.com\/pl\/?s={search_term_string}"},"query-input":{"@type":"PropertyValueSpecification","valueRequired":true,"valueName":"search_term_string"}}],"inLanguage":"pl-PL"},{"@type":"Organization","@id":"https:\/\/www.brokk.com\/pl\/#organization","name":"Brokk (UK) Ltd","url":"https:\/\/www.brokk.com\/pl\/","logo":{"@type":"ImageObject","inLanguage":"pl-PL","@id":"https:\/\/www.brokk.com\/pl\/#\/schema\/logo\/image\/","url":"https:\/\/www.brokk.com\/uk\/uploads\/sites\/5\/2018\/11\/logo.png","contentUrl":"https:\/\/www.brokk.com\/uk\/uploads\/sites\/5\/2018\/11\/logo.png","width":250,"height":65,"caption":"Brokk (UK) Ltd"},"image":{"@id":"https:\/\/www.brokk.com\/pl\/#\/schema\/logo\/image\/"},"sameAs":["http:\/\/www.facebook.com\/pages\/Brokk\/184270348326912","https:\/\/www.youtube.com\/user\/brokkrobots"]}]}},"_links":{"self":[{"href":"https:\/\/www.brokk.com\/pl\/wp-json\/wp\/v2\/pages\/5030","targetHints":{"allow":["GET"]}}],"collection":[{"href":"https:\/\/www.brokk.com\/pl\/wp-json\/wp\/v2\/pages"}],"about":[{"href":"https:\/\/www.brokk.com\/pl\/wp-json\/wp\/v2\/types\/page"}],"author":[{"embeddable":true,"href":"https:\/\/www.brokk.com\/pl\/wp-json\/wp\/v2\/users\/1"}],"replies":[{"embeddable":true,"href":"https:\/\/www.brokk.com\/pl\/wp-json\/wp\/v2\/comments?post=5030"}],"version-history":[{"count":2,"href":"https:\/\/www.brokk.com\/pl\/wp-json\/wp\/v2\/pages\/5030\/revisions"}],"predecessor-version":[{"id":5396,"href":"https:\/\/www.brokk.com\/pl\/wp-json\/wp\/v2\/pages\/5030\/revisions\/5396"}],"wp:featuredmedia":[{"embeddable":true,"href":"https:\/\/www.brokk.com\/pl\/wp-json\/wp\/v2\/media\/4966"}],"wp:attachment":[{"href":"https:\/\/www.brokk.com\/pl\/wp-json\/wp\/v2\/media?parent=5030"}],"curies":[{"name":"wp","href":"https:\/\/api.w.org\/{rel}","templated":true}]}}