{"id":5041,"date":"2018-04-06T09:17:49","date_gmt":"2018-04-06T08:17:49","guid":{"rendered":"https:\/\/www.brokk.com\/pl\/after-sales\/spare-parts\/"},"modified":"2023-05-19T22:52:25","modified_gmt":"2023-05-19T21:52:25","slug":"czesci-zamienne","status":"publish","type":"page","link":"https:\/\/www.brokk.com\/pl\/obsluga-posprzedazna\/czesci-zamienne\/","title":{"rendered":"Cz\u0119\u015bci zamienne"},"content":{"rendered":"<p>Wszystkie nasze oryginalne cz\u0119\u015bci zamienne przetestowali\u015bmy w ka\u017cdym modelu Brokk, dzi\u0119ki czemu po przegl\u0105dach serwisowych i konserwacyjnych robot wyburzeniowy zachowuje wszystkie swoje zalety. Celem uproszczenia procesu wykrywania i usuwania usterek, do ka\u017cdej maszyny Brokk do\u0142\u0105czamy szczeg\u00f3\u0142ow\u0105, napisan\u0105 prostym j\u0119zykiem instrukcj\u0119 obs\u0142ugi, a chc\u0105c skorzysta\u0107 z ogromnych zasob\u00f3w naszej wiedzy serwisowej wystarczy zadzwoni\u0107.<\/p>\n<p>Na \u017c\u0105danie mo\u017cemy r\u00f3wnie\u017c przygotowa\u0107 pakiety cz\u0119\u015bci zamiennych, skompletowanych specjalnie z my\u015bl\u0105 o Twojej nowej maszynie. Ponadto wszyscy nasi dystrybutorzy uczestnicz\u0105 w ci\u0105g\u0142ych, kompleksowych programach szkoleniowych, gwarantuj\u0105cych t\u0119 sam\u0105 wysok\u0105 jako\u015b\u0107 us\u0142ug Brokk na ca\u0142ym \u015bwiecie. Nasze sprawnie dzia\u0142aj\u0105ce centrum dystrybucyjne w po\u0142\u0105czeniu z dobrze wyposa\u017con\u0105 sieci\u0105 serwisow\u0105 gwarantuje skuteczne usuwanie usterek i szybk\u0105 dostaw\u0119 cz\u0119\u015bci &#8211; dwa podstawowe czynniki umo\u017cliwiaj\u0105ce bezpieczne i terminowe wykonanie trudnych prac wyburzeniowych.<\/p>\n<p>&nbsp;<\/p>\n<h2>BROKK UPTIME\u2122 &#8211; cz\u0119\u015bci eksploatacyjne i zamienne<\/h2>\n<p>Trwa\u0142o\u015b\u0107 robot\u00f3w Brokk to ich drugie imi\u0119. Wyj\u0105tkowa jako\u015b\u0107 maszyn w po\u0142\u0105czeniu z regularn\u0105 konserwacj\u0105 gwarantuje, \u017ce ka\u017cdy Brokk, w kt\u00f3rym stosuje si\u0119 oryginalne cz\u0119\u015bci zamienne, b\u0119dzie dzia\u0142a\u0142 d\u0142ugo po tym, jak maszyny konkurencji przestan\u0105 dzia\u0142a\u0107.<\/p>\n<p>Korzystaj\u0105c z naszego ponad 40-letniego do\u015bwiadczenia wiemy, czego potrzebujesz! Dlatego zalecamy pakiety cz\u0119\u015bci Brokk Uptime\u2122 gwarantuj\u0105ce zachowanie wszystkich zalet robota wyburzeniowego przez d\u0142ugi czas.<\/p>\n<p>Wybierz jeden z trzech pakiet\u00f3w:<\/p>\n<ul>\n<li>Pakiet konserwacyjny i wymiany cz\u0119\u015bci eksploatacyjnych<\/li>\n<li>Pakiet wymiany cz\u0119\u015bci krytycznych<\/li>\n<li>Pakiet konserwacyjny BHB<\/li>\n<\/ul>\n<p>Chc\u0105c uzyska\u0107 wi\u0119cej informacji na temat pakiet\u00f3w Brokk Uptime\u2122 wymiany cz\u0119\u015bci eksploatacyjnych i zamiennych <a href=\"https:\/\/www.brokk.com\/uploads\/2019\/03\/uptime_wear_and_spare_parts_digital.pdf\" target=\"_blank\" rel=\"noopener noreferrer\">kliknij tutaj<\/a>.<\/p>\n<p>&nbsp;<\/p>\n<p>&nbsp;<\/p>\n<p>Je\u015bli potrzebujesz dodatkowych informacji lub masz pytania, skontaktuj si\u0119 z najbli\u017cszym dystrybutorem cz\u0119\u015bci zamiennych <a href=\"https:\/\/www.brokk.com\/contact\/find-service\/\">tutaj<\/a><\/p>\n","protected":false},"excerpt":{"rendered":"<p>Wszystkie nasze oryginalne cz\u0119\u015bci zamienne przetestowali\u015bmy w ka\u017cdym modelu Brokk, dzi\u0119ki czemu po przegl\u0105dach serwisowych i konserwacyjnych robot wyburzeniowy zachowuje wszystkie swoje zalety. Celem uproszczenia procesu wykrywania i usuwania usterek, do ka\u017cdej maszyny Brokk do\u0142\u0105czamy szczeg\u00f3\u0142ow\u0105, napisan\u0105 prostym j\u0119zykiem instrukcj\u0119\u2026<\/p>\n","protected":false},"author":36,"featured_media":5042,"parent":5038,"menu_order":49,"comment_status":"closed","ping_status":"closed","template":"page-templates\/common.php","meta":{"_acf_changed":false,"_relevanssi_hide_post":"","_relevanssi_hide_content":"","_relevanssi_pin_for_all":"","_relevanssi_pin_keywords":"","_relevanssi_unpin_keywords":"","_relevanssi_related_keywords":"","_relevanssi_related_include_ids":"","_relevanssi_related_exclude_ids":"","_relevanssi_related_no_append":"","_relevanssi_related_not_related":"","_relevanssi_related_posts":"","_relevanssi_noindex_reason":"","footnotes":""},"class_list":["post-5041","page","type-page","status-publish","has-post-thumbnail","hentry"],"acf":[],"yoast_head":"<!-- This site is optimized with the Yoast SEO plugin v27.3 - https:\/\/yoast.com\/product\/yoast-seo-wordpress\/ -->\n<title>Cz\u0119\u015bci zamienne | Brokk Poland<\/title>\n<meta name=\"robots\" content=\"index, follow, max-snippet:-1, max-image-preview:large, max-video-preview:-1\" \/>\n<link rel=\"canonical\" href=\"https:\/\/www.brokk.com\/pl\/obsluga-posprzedazna\/czesci-zamienne\/\" \/>\n<meta property=\"og:locale\" content=\"pl_PL\" \/>\n<meta property=\"og:type\" content=\"article\" \/>\n<meta property=\"og:title\" content=\"Cz\u0119\u015bci zamienne | Brokk Poland\" \/>\n<meta property=\"og:description\" content=\"Wszystkie nasze oryginalne cz\u0119\u015bci zamienne przetestowali\u015bmy w ka\u017cdym modelu Brokk, dzi\u0119ki czemu po przegl\u0105dach serwisowych i konserwacyjnych robot wyburzeniowy zachowuje wszystkie swoje zalety. Celem uproszczenia procesu wykrywania i usuwania usterek, do ka\u017cdej maszyny Brokk do\u0142\u0105czamy szczeg\u00f3\u0142ow\u0105, napisan\u0105 prostym j\u0119zykiem instrukcj\u0119\u2026\" \/>\n<meta property=\"og:url\" content=\"https:\/\/www.brokk.com\/pl\/obsluga-posprzedazna\/czesci-zamienne\/\" \/>\n<meta property=\"og:site_name\" content=\"Brokk Poland\" \/>\n<meta property=\"article:publisher\" content=\"http:\/\/www.facebook.com\/pages\/Brokk\/184270348326912\" \/>\n<meta property=\"article:modified_time\" content=\"2023-05-19T21:52:25+00:00\" \/>\n<meta property=\"og:image\" content=\"https:\/\/www.brokk.com\/pl\/uploads\/sites\/15\/2018\/03\/spare-parts_1_hero.jpg\" \/>\n\t<meta property=\"og:image:width\" content=\"2560\" \/>\n\t<meta property=\"og:image:height\" content=\"1096\" \/>\n\t<meta property=\"og:image:type\" content=\"image\/jpeg\" \/>\n<meta name=\"twitter:card\" content=\"summary_large_image\" \/>\n<meta name=\"twitter:label1\" content=\"Est. reading time\" \/>\n\t<meta name=\"twitter:data1\" content=\"2 minutes\" \/>\n<script type=\"application\/ld+json\" class=\"yoast-schema-graph\">{\"@context\":\"https:\\\/\\\/schema.org\",\"@graph\":[{\"@type\":\"WebPage\",\"@id\":\"https:\\\/\\\/www.brokk.com\\\/pl\\\/obsluga-posprzedazna\\\/czesci-zamienne\\\/\",\"url\":\"https:\\\/\\\/www.brokk.com\\\/pl\\\/obsluga-posprzedazna\\\/czesci-zamienne\\\/\",\"name\":\"Cz\u0119\u015bci zamienne | Brokk Poland\",\"isPartOf\":{\"@id\":\"https:\\\/\\\/www.brokk.com\\\/pl\\\/#website\"},\"primaryImageOfPage\":{\"@id\":\"https:\\\/\\\/www.brokk.com\\\/pl\\\/obsluga-posprzedazna\\\/czesci-zamienne\\\/#primaryimage\"},\"image\":{\"@id\":\"https:\\\/\\\/www.brokk.com\\\/pl\\\/obsluga-posprzedazna\\\/czesci-zamienne\\\/#primaryimage\"},\"thumbnailUrl\":\"https:\\\/\\\/www.brokk.com\\\/pl\\\/uploads\\\/sites\\\/15\\\/2018\\\/03\\\/spare-parts_1_hero.jpg\",\"datePublished\":\"2018-04-06T08:17:49+00:00\",\"dateModified\":\"2023-05-19T21:52:25+00:00\",\"breadcrumb\":{\"@id\":\"https:\\\/\\\/www.brokk.com\\\/pl\\\/obsluga-posprzedazna\\\/czesci-zamienne\\\/#breadcrumb\"},\"inLanguage\":\"pl-PL\",\"potentialAction\":[{\"@type\":\"ReadAction\",\"target\":[\"https:\\\/\\\/www.brokk.com\\\/pl\\\/obsluga-posprzedazna\\\/czesci-zamienne\\\/\"]}]},{\"@type\":\"ImageObject\",\"inLanguage\":\"pl-PL\",\"@id\":\"https:\\\/\\\/www.brokk.com\\\/pl\\\/obsluga-posprzedazna\\\/czesci-zamienne\\\/#primaryimage\",\"url\":\"https:\\\/\\\/www.brokk.com\\\/pl\\\/uploads\\\/sites\\\/15\\\/2018\\\/03\\\/spare-parts_1_hero.jpg\",\"contentUrl\":\"https:\\\/\\\/www.brokk.com\\\/pl\\\/uploads\\\/sites\\\/15\\\/2018\\\/03\\\/spare-parts_1_hero.jpg\",\"width\":2560,\"height\":1096},{\"@type\":\"BreadcrumbList\",\"@id\":\"https:\\\/\\\/www.brokk.com\\\/pl\\\/obsluga-posprzedazna\\\/czesci-zamienne\\\/#breadcrumb\",\"itemListElement\":[{\"@type\":\"ListItem\",\"position\":1,\"name\":\"Home\",\"item\":\"https:\\\/\\\/www.brokk.com\\\/pl\\\/\"},{\"@type\":\"ListItem\",\"position\":2,\"name\":\"Obs\u0142uga posprzeda\u017cna\",\"item\":\"https:\\\/\\\/www.brokk.com\\\/pl\\\/obsluga-posprzedazna\\\/\"},{\"@type\":\"ListItem\",\"position\":3,\"name\":\"Cz\u0119\u015bci zamienne\"}]},{\"@type\":\"WebSite\",\"@id\":\"https:\\\/\\\/www.brokk.com\\\/pl\\\/#website\",\"url\":\"https:\\\/\\\/www.brokk.com\\\/pl\\\/\",\"name\":\"Brokk Poland\",\"description\":\"The definitive demolition solution in Poland\",\"publisher\":{\"@id\":\"https:\\\/\\\/www.brokk.com\\\/pl\\\/#organization\"},\"potentialAction\":[{\"@type\":\"SearchAction\",\"target\":{\"@type\":\"EntryPoint\",\"urlTemplate\":\"https:\\\/\\\/www.brokk.com\\\/pl\\\/?s={search_term_string}\"},\"query-input\":{\"@type\":\"PropertyValueSpecification\",\"valueRequired\":true,\"valueName\":\"search_term_string\"}}],\"inLanguage\":\"pl-PL\"},{\"@type\":\"Organization\",\"@id\":\"https:\\\/\\\/www.brokk.com\\\/pl\\\/#organization\",\"name\":\"Brokk (UK) Ltd\",\"url\":\"https:\\\/\\\/www.brokk.com\\\/pl\\\/\",\"logo\":{\"@type\":\"ImageObject\",\"inLanguage\":\"pl-PL\",\"@id\":\"https:\\\/\\\/www.brokk.com\\\/pl\\\/#\\\/schema\\\/logo\\\/image\\\/\",\"url\":\"https:\\\/\\\/www.brokk.com\\\/uk\\\/uploads\\\/sites\\\/5\\\/2018\\\/11\\\/logo.png\",\"contentUrl\":\"https:\\\/\\\/www.brokk.com\\\/uk\\\/uploads\\\/sites\\\/5\\\/2018\\\/11\\\/logo.png\",\"width\":250,\"height\":65,\"caption\":\"Brokk (UK) Ltd\"},\"image\":{\"@id\":\"https:\\\/\\\/www.brokk.com\\\/pl\\\/#\\\/schema\\\/logo\\\/image\\\/\"},\"sameAs\":[\"http:\\\/\\\/www.facebook.com\\\/pages\\\/Brokk\\\/184270348326912\",\"https:\\\/\\\/www.youtube.com\\\/user\\\/brokkrobots\"]}]}<\/script>\n<!-- \/ Yoast SEO plugin. -->","yoast_head_json":{"title":"Cz\u0119\u015bci zamienne | Brokk Poland","robots":{"index":"index","follow":"follow","max-snippet":"max-snippet:-1","max-image-preview":"max-image-preview:large","max-video-preview":"max-video-preview:-1"},"canonical":"https:\/\/www.brokk.com\/pl\/obsluga-posprzedazna\/czesci-zamienne\/","og_locale":"pl_PL","og_type":"article","og_title":"Cz\u0119\u015bci zamienne | Brokk Poland","og_description":"Wszystkie nasze oryginalne cz\u0119\u015bci zamienne przetestowali\u015bmy w ka\u017cdym modelu Brokk, dzi\u0119ki czemu po przegl\u0105dach serwisowych i konserwacyjnych robot wyburzeniowy zachowuje wszystkie swoje zalety. Celem uproszczenia procesu wykrywania i usuwania usterek, do ka\u017cdej maszyny Brokk do\u0142\u0105czamy szczeg\u00f3\u0142ow\u0105, napisan\u0105 prostym j\u0119zykiem instrukcj\u0119\u2026","og_url":"https:\/\/www.brokk.com\/pl\/obsluga-posprzedazna\/czesci-zamienne\/","og_site_name":"Brokk Poland","article_publisher":"http:\/\/www.facebook.com\/pages\/Brokk\/184270348326912","article_modified_time":"2023-05-19T21:52:25+00:00","og_image":[{"width":2560,"height":1096,"url":"https:\/\/www.brokk.com\/pl\/uploads\/sites\/15\/2018\/03\/spare-parts_1_hero.jpg","type":"image\/jpeg"}],"twitter_card":"summary_large_image","twitter_misc":{"Est. reading time":"2 minutes"},"schema":{"@context":"https:\/\/schema.org","@graph":[{"@type":"WebPage","@id":"https:\/\/www.brokk.com\/pl\/obsluga-posprzedazna\/czesci-zamienne\/","url":"https:\/\/www.brokk.com\/pl\/obsluga-posprzedazna\/czesci-zamienne\/","name":"Cz\u0119\u015bci zamienne | Brokk Poland","isPartOf":{"@id":"https:\/\/www.brokk.com\/pl\/#website"},"primaryImageOfPage":{"@id":"https:\/\/www.brokk.com\/pl\/obsluga-posprzedazna\/czesci-zamienne\/#primaryimage"},"image":{"@id":"https:\/\/www.brokk.com\/pl\/obsluga-posprzedazna\/czesci-zamienne\/#primaryimage"},"thumbnailUrl":"https:\/\/www.brokk.com\/pl\/uploads\/sites\/15\/2018\/03\/spare-parts_1_hero.jpg","datePublished":"2018-04-06T08:17:49+00:00","dateModified":"2023-05-19T21:52:25+00:00","breadcrumb":{"@id":"https:\/\/www.brokk.com\/pl\/obsluga-posprzedazna\/czesci-zamienne\/#breadcrumb"},"inLanguage":"pl-PL","potentialAction":[{"@type":"ReadAction","target":["https:\/\/www.brokk.com\/pl\/obsluga-posprzedazna\/czesci-zamienne\/"]}]},{"@type":"ImageObject","inLanguage":"pl-PL","@id":"https:\/\/www.brokk.com\/pl\/obsluga-posprzedazna\/czesci-zamienne\/#primaryimage","url":"https:\/\/www.brokk.com\/pl\/uploads\/sites\/15\/2018\/03\/spare-parts_1_hero.jpg","contentUrl":"https:\/\/www.brokk.com\/pl\/uploads\/sites\/15\/2018\/03\/spare-parts_1_hero.jpg","width":2560,"height":1096},{"@type":"BreadcrumbList","@id":"https:\/\/www.brokk.com\/pl\/obsluga-posprzedazna\/czesci-zamienne\/#breadcrumb","itemListElement":[{"@type":"ListItem","position":1,"name":"Home","item":"https:\/\/www.brokk.com\/pl\/"},{"@type":"ListItem","position":2,"name":"Obs\u0142uga posprzeda\u017cna","item":"https:\/\/www.brokk.com\/pl\/obsluga-posprzedazna\/"},{"@type":"ListItem","position":3,"name":"Cz\u0119\u015bci zamienne"}]},{"@type":"WebSite","@id":"https:\/\/www.brokk.com\/pl\/#website","url":"https:\/\/www.brokk.com\/pl\/","name":"Brokk Poland","description":"The definitive demolition solution in Poland","publisher":{"@id":"https:\/\/www.brokk.com\/pl\/#organization"},"potentialAction":[{"@type":"SearchAction","target":{"@type":"EntryPoint","urlTemplate":"https:\/\/www.brokk.com\/pl\/?s={search_term_string}"},"query-input":{"@type":"PropertyValueSpecification","valueRequired":true,"valueName":"search_term_string"}}],"inLanguage":"pl-PL"},{"@type":"Organization","@id":"https:\/\/www.brokk.com\/pl\/#organization","name":"Brokk (UK) Ltd","url":"https:\/\/www.brokk.com\/pl\/","logo":{"@type":"ImageObject","inLanguage":"pl-PL","@id":"https:\/\/www.brokk.com\/pl\/#\/schema\/logo\/image\/","url":"https:\/\/www.brokk.com\/uk\/uploads\/sites\/5\/2018\/11\/logo.png","contentUrl":"https:\/\/www.brokk.com\/uk\/uploads\/sites\/5\/2018\/11\/logo.png","width":250,"height":65,"caption":"Brokk (UK) Ltd"},"image":{"@id":"https:\/\/www.brokk.com\/pl\/#\/schema\/logo\/image\/"},"sameAs":["http:\/\/www.facebook.com\/pages\/Brokk\/184270348326912","https:\/\/www.youtube.com\/user\/brokkrobots"]}]}},"_links":{"self":[{"href":"https:\/\/www.brokk.com\/pl\/wp-json\/wp\/v2\/pages\/5041","targetHints":{"allow":["GET"]}}],"collection":[{"href":"https:\/\/www.brokk.com\/pl\/wp-json\/wp\/v2\/pages"}],"about":[{"href":"https:\/\/www.brokk.com\/pl\/wp-json\/wp\/v2\/types\/page"}],"author":[{"embeddable":true,"href":"https:\/\/www.brokk.com\/pl\/wp-json\/wp\/v2\/users\/36"}],"replies":[{"embeddable":true,"href":"https:\/\/www.brokk.com\/pl\/wp-json\/wp\/v2\/comments?post=5041"}],"version-history":[{"count":3,"href":"https:\/\/www.brokk.com\/pl\/wp-json\/wp\/v2\/pages\/5041\/revisions"}],"predecessor-version":[{"id":5370,"href":"https:\/\/www.brokk.com\/pl\/wp-json\/wp\/v2\/pages\/5041\/revisions\/5370"}],"up":[{"embeddable":true,"href":"https:\/\/www.brokk.com\/pl\/wp-json\/wp\/v2\/pages\/5038"}],"wp:featuredmedia":[{"embeddable":true,"href":"https:\/\/www.brokk.com\/pl\/wp-json\/wp\/v2\/media\/5042"}],"wp:attachment":[{"href":"https:\/\/www.brokk.com\/pl\/wp-json\/wp\/v2\/media?parent=5041"}],"curies":[{"name":"wp","href":"https:\/\/api.w.org\/{rel}","templated":true}]}}