{"id":5333,"date":"2023-05-19T21:44:41","date_gmt":"2023-05-19T20:44:41","guid":{"rendered":"https:\/\/www.brokk.com\/pl\/historia\/"},"modified":"2023-06-22T12:55:30","modified_gmt":"2023-06-22T11:55:30","slug":"historia","status":"publish","type":"page","link":"https:\/\/www.brokk.com\/pl\/o-firmie-brokk\/historia\/","title":{"rendered":"Historia"},"content":{"rendered":"<p>Wszystko zacz\u0119\u0142o si\u0119 od zak\u0142adu obr\u00f3bki metali R\u00f6nnsk\u00e4rsverken niedaleko Skellefte\u00e5, w kt\u00f3rym pojawi\u0142a si\u0119 konieczno\u015b\u0107 wyczyszczenia jednego z piec\u00f3w do przetopu o\u0142owiu. W latach 70. wi\u0105za\u0142o si\u0119 to z ci\u0119\u017ck\u0105 i niebezpieczn\u0105 prac\u0105 fizyczn\u0105. Pracownicy, chronieni blokami drewna pod stopami i maskami na twarzach, musieli wczo\u0142ga\u0107 si\u0119 do wci\u0105\u017c gor\u0105cego pieca i za pomoc\u0105 r\u0119cznych narz\u0119dzi roz\u0142upywa\u0107 \u017cu\u017cel i ceg\u0142\u0119. W tamtych czasach przemys\u0142 wyburzeniowy by\u0142 s\u0142abo rozwini\u0119ty, dop\u00f3ki dwaj przedsi\u0119biorczy bracia, Lars i Per-Martin Holmgren, nie dostrzegli mo\u017cliwo\u015bci poprawy bezpiecze\u0144stwa i wydajno\u015bci wyburze\u0144.<\/p>\n<h4>Od prototypu po produkt<\/h4>\n<p>Bracia Holmgren dostrzegli potrzeb\u0119 i wyobrazili sobie maszyn\u0119, kt\u00f3ra mog\u0142aby wyeliminowa\u0107 zagro\u017cenia, na jakie nara\u017ceni s\u0105 robotnicy wyburzeniowi. Ich oryginalny prototyp zosta\u0142 z\u0142o\u017cony z cz\u0119\u015bci innych maszyn i jako pierwszy w bran\u017cy wykorzysta\u0142 system zdalnego sterowania. Dzi\u0119ki mo\u017cliwo\u015bci zdalnego sterowania maszyn\u0105 robotnicy nie byli ju\u017c nara\u017ceni na zagro\u017cenia, a czas potrzebny do wykonania zadania skr\u00f3ci\u0142 si\u0119 o po\u0142ow\u0119.<\/p>\n<p>Z czasem nasze maszyny podlega\u0142y udoskonaleniom, lecz wiele oryginalnych pomys\u0142\u00f3w pozostaje bez zmian. W\u0142a\u015bnie na tych pomys\u0142ach opieraj\u0105 si\u0119 wsp\u00f3\u0142czesne maszyny Brokk.<\/p>\n<h4>Jak Brokk zyska\u0142 swoj\u0105 nazw\u0119<\/h4>\n<p>Firma wzmocni\u0142a si\u0119 z chwil\u0105 do\u0142\u0105czenia do niej nowego partnera biznesowego, B\u00f6rje Hedlunda. W tym czasie produkowano ju\u017c model Brokk 250, firma mia\u0142a ju\u017c komercyjnie op\u0142acalny produkt, lecz trzeba by\u0142o zaproponowa\u0107 nazw\u0119 handlow\u0105, r\u00f3wnie wyj\u0105tkow\u0105 i pot\u0119\u017cn\u0105, jak sama maszyna. Zainspirowani nordyck\u0105 mitologi\u0105, za\u0142o\u017cyciele ostatecznie postanowili nazwa\u0107 swoj\u0105 now\u0105 firm\u0119 \u201eBrokk\u201d, na cze\u015b\u0107 krasnoluda, kt\u00f3ry wed\u0142ug poda\u0144 wyku\u0142 m\u0142ot Thora. Krasnolud o imieniu Brokk dysponowa\u0142 pot\u0119\u017cn\u0105 si\u0142\u0105 i by\u0142 niepokonany, cho\u0107 niedu\u017cy, co czyni\u0142o go idealnym imiennikiem dla naszych maszyn.<\/p>\n<p>Do dzi\u015b maszyny Brokk pracuj\u0105 w tej samej hucie, co w 1976 roku. Jednak zakres zastosowa\u0144 maszyn Brokk jest dzi\u015b daleko wi\u0119kszy. Obecnie dzi\u0119ki robotom Brokk miejsca pracy na ca\u0142ym \u015bwiecie s\u0105 bezpieczniejsze, a sama praca wydajniejsza.<\/p>\n<p>&nbsp;<\/p>\n<p><img loading=\"lazy\" decoding=\"async\" class=\"alignnone size-medium wp-image-532\" src=\"https:\/\/www.brokk.com\/uploads\/2018\/03\/1981_first-serial-produced-brokk-250-720x480.jpg\" alt=\"Brokk 250, 1981\" width=\"720\" height=\"480\" srcset=\"https:\/\/www.brokk.com\/pl\/uploads\/2018\/03\/1981_first-serial-produced-brokk-250-720x480.jpg 720w, https:\/\/www.brokk.com\/pl\/uploads\/2018\/03\/1981_first-serial-produced-brokk-250-420x280.jpg 420w, https:\/\/www.brokk.com\/pl\/uploads\/2018\/03\/1981_first-serial-produced-brokk-250-768x512.jpg 768w, https:\/\/www.brokk.com\/pl\/uploads\/2018\/03\/1981_first-serial-produced-brokk-250-1280x853.jpg 1280w, https:\/\/www.brokk.com\/pl\/uploads\/2018\/03\/1981_first-serial-produced-brokk-250-480x320.jpg 480w, https:\/\/www.brokk.com\/pl\/uploads\/2018\/03\/1981_first-serial-produced-brokk-250-48x32.jpg 48w, https:\/\/www.brokk.com\/pl\/uploads\/2018\/03\/1981_first-serial-produced-brokk-250.jpg 1440w\" sizes=\"auto, (max-width: 720px) 100vw, 720px\" \/><\/p>\n<p>Brokk 250, pierwszy produkowany seryjnie robot Brokk.<\/p>\n<p>&nbsp;<\/p>\n<h3>Kamienie milowe Brokk<\/h3>\n<ul>\n<li><strong>1976:<\/strong> Firmy PE Holmgren i Rivteknik opracowuj\u0105 pierwszego na \u015bwiecie robota wyburzeniowego w Skellefte\u00e5 w Szwecji.<\/li>\n<li><strong>1981:<\/strong> Pierwsza masowo produkowana zdalnie sterowana maszyna wyburzeniowa, Brokk 250, trafia na rynek.<\/li>\n<li><strong>1987:<\/strong> Na rynek trafia kolejna legendarna zdalnie sterowana maszyna, pierwszy Brokk 100.<\/li>\n<li><strong>1994:<\/strong> Pojawiaj\u0105 si\u0119 pierwsze modele Brokk 110 i Brokk 150. Do odbiorc\u00f3w trafia 1000 maszyn Brokk.<\/li>\n<li><strong>2000:<\/strong> Utworzono pierwsze mi\u0119dzynarodowe filie firmy w USA i Wielkiej Brytanii.<\/li>\n<li><strong>2005:<\/strong> Brokk otwiera biuro w Chinach.<\/li>\n<li><strong>2006:<\/strong> Brokk przejmuje firm\u0119 Darda w Niemczech, wiod\u0105cego na \u015bwiecie producenta kompaktowego osprz\u0119tu do kruszarek, \u0142uparek i innych narz\u0119dzi.<\/li>\n<li><strong>2007-2010:<\/strong> Intensywny rozw\u00f3j produkt\u00f3w, wraz z wprowadzeniem Brokk 50, Brokk 400, Brokk 260 i Brokk 160.<\/li>\n<li><strong>2011:<\/strong> Przychodzi na \u015bwiat najwi\u0119kszy robot Brokk w historii, Brokk 800.<\/li>\n<li><strong>2012:<\/strong> Brokk przejmuje firm\u0119 Ahlberg Cameras, wiod\u0105cego \u015bwiatowego dostawc\u0119 sprz\u0119tu fotograficznego dla przemys\u0142u nuklearnego.<\/li>\n<li><strong>2014:<\/strong> Notowania w\u0142a\u015bciciela Brokk, firmy Lifco, pojawiaj\u0105 si\u0119 na gie\u0142dzie Nasdaq OMX.<\/li>\n<li><strong>2016:<\/strong> Brokk \u015bwi\u0119tuje 40 lat nieustaj\u0105cych innowacji.<\/li>\n<li><strong>2016:<\/strong> Brokk przejmuje Aquajet Systems, wiod\u0105cego na \u015bwiecie producenta robot\u00f3w i sprz\u0119tu do wyburzania hydrodynamicznego.<\/li>\n<li><strong>2010-2017: <\/strong>Szybka ekspansja mi\u0119dzynarodowa obejmuje powstanie Brokk Australia, Brokk France, Brokk Italia, Brokk China, Brokk Norway, Brokk Switzerland, Brokk Benelux i Brokk Middle East.<\/li>\n<li><strong>2011-2017:<\/strong> W wyniku najszybszego w bran\u017cy tempa rozwoju produkt\u00f3w powstaj\u0105 Brokk 100, Brokk 60, Brokk 120D, Brokk 110, Brokk 280 i Brokk 500.<\/li>\n<li><strong>2017:<\/strong> Brokk wprowadza SmartPower\u2122, najbardziej inteligentny system zasilania na \u015bwiecie, stworzony specjalnie dla ci\u0119\u017ckich robot\u00f3w wyburzeniowych.<\/li>\n<li><strong>2018:<\/strong> Brokk prezentuje cztery nowe maszyny \u2013 Brokk 170, Brokk 200, Brokk 300 i Brokk 520D.<\/li>\n<li><strong>2018:<\/strong> Brokk wprowadza Brokk SmartConcept, sk\u0142adaj\u0105cy si\u0119 z nowej generacji SmartPower\u2122, SmartDesign\u2122 i SmartRemote\u2122.<\/li>\n<li><strong>2018:<\/strong> Na rynek wchodzi nowa koncepcja us\u0142ug i wsparcia o nazwie Brokk UpTime\u2122.<\/li>\n<\/ul>\n","protected":false},"excerpt":{"rendered":"<p>Od pocz\u0105tku istnienia w 1976 roku nadal przesuwamy granice tego, co jest mo\u017cliwe w wyburzeniach z u\u017cyciem zdalnie sterowanych robot\u00f3w.<\/p>\n","protected":false},"author":46,"featured_media":5330,"parent":5326,"menu_order":73,"comment_status":"closed","ping_status":"closed","template":"page-templates\/common.php","meta":{"_acf_changed":false,"_relevanssi_hide_post":"","_relevanssi_hide_content":"","_relevanssi_pin_for_all":"","_relevanssi_pin_keywords":"","_relevanssi_unpin_keywords":"","_relevanssi_related_keywords":"","_relevanssi_related_include_ids":"","_relevanssi_related_exclude_ids":"","_relevanssi_related_no_append":"","_relevanssi_related_not_related":"","_relevanssi_related_posts":"","_relevanssi_noindex_reason":"","footnotes":""},"class_list":["post-5333","page","type-page","status-publish","has-post-thumbnail","hentry"],"acf":[],"yoast_head":"<!-- This site is optimized with the Yoast SEO plugin v27.3 - https:\/\/yoast.com\/product\/yoast-seo-wordpress\/ -->\n<title>Historia | Brokk Poland<\/title>\n<meta name=\"robots\" content=\"index, follow, max-snippet:-1, max-image-preview:large, max-video-preview:-1\" \/>\n<link rel=\"canonical\" href=\"https:\/\/www.brokk.com\/pl\/o-firmie-brokk\/historia\/\" \/>\n<meta property=\"og:locale\" content=\"pl_PL\" \/>\n<meta property=\"og:type\" content=\"article\" \/>\n<meta property=\"og:title\" content=\"Historia | Brokk Poland\" \/>\n<meta property=\"og:description\" content=\"Od pocz\u0105tku istnienia w 1976 roku nadal przesuwamy granice tego, co jest mo\u017cliwe w wyburzeniach z u\u017cyciem zdalnie sterowanych robot\u00f3w.\" \/>\n<meta property=\"og:url\" content=\"https:\/\/www.brokk.com\/pl\/o-firmie-brokk\/historia\/\" \/>\n<meta property=\"og:site_name\" content=\"Brokk Poland\" \/>\n<meta property=\"article:publisher\" content=\"http:\/\/www.facebook.com\/pages\/Brokk\/184270348326912\" \/>\n<meta property=\"article:modified_time\" content=\"2023-06-22T11:55:30+00:00\" \/>\n<meta property=\"og:image\" content=\"https:\/\/www.brokk.com\/pl\/uploads\/sites\/15\/2018\/03\/history-brokk250_hero.jpg\" \/>\n\t<meta property=\"og:image:width\" content=\"2560\" \/>\n\t<meta property=\"og:image:height\" content=\"1096\" \/>\n\t<meta property=\"og:image:type\" content=\"image\/jpeg\" \/>\n<meta name=\"twitter:card\" content=\"summary_large_image\" \/>\n<meta name=\"twitter:label1\" content=\"Est. reading time\" \/>\n\t<meta name=\"twitter:data1\" content=\"4 minutes\" \/>\n<script type=\"application\/ld+json\" class=\"yoast-schema-graph\">{\"@context\":\"https:\\\/\\\/schema.org\",\"@graph\":[{\"@type\":\"WebPage\",\"@id\":\"https:\\\/\\\/www.brokk.com\\\/pl\\\/o-firmie-brokk\\\/historia\\\/\",\"url\":\"https:\\\/\\\/www.brokk.com\\\/pl\\\/o-firmie-brokk\\\/historia\\\/\",\"name\":\"Historia | Brokk Poland\",\"isPartOf\":{\"@id\":\"https:\\\/\\\/www.brokk.com\\\/pl\\\/#website\"},\"primaryImageOfPage\":{\"@id\":\"https:\\\/\\\/www.brokk.com\\\/pl\\\/o-firmie-brokk\\\/historia\\\/#primaryimage\"},\"image\":{\"@id\":\"https:\\\/\\\/www.brokk.com\\\/pl\\\/o-firmie-brokk\\\/historia\\\/#primaryimage\"},\"thumbnailUrl\":\"https:\\\/\\\/www.brokk.com\\\/pl\\\/uploads\\\/sites\\\/15\\\/2018\\\/03\\\/history-brokk250_hero.jpg\",\"datePublished\":\"2023-05-19T20:44:41+00:00\",\"dateModified\":\"2023-06-22T11:55:30+00:00\",\"breadcrumb\":{\"@id\":\"https:\\\/\\\/www.brokk.com\\\/pl\\\/o-firmie-brokk\\\/historia\\\/#breadcrumb\"},\"inLanguage\":\"pl-PL\",\"potentialAction\":[{\"@type\":\"ReadAction\",\"target\":[\"https:\\\/\\\/www.brokk.com\\\/pl\\\/o-firmie-brokk\\\/historia\\\/\"]}]},{\"@type\":\"ImageObject\",\"inLanguage\":\"pl-PL\",\"@id\":\"https:\\\/\\\/www.brokk.com\\\/pl\\\/o-firmie-brokk\\\/historia\\\/#primaryimage\",\"url\":\"https:\\\/\\\/www.brokk.com\\\/pl\\\/uploads\\\/sites\\\/15\\\/2018\\\/03\\\/history-brokk250_hero.jpg\",\"contentUrl\":\"https:\\\/\\\/www.brokk.com\\\/pl\\\/uploads\\\/sites\\\/15\\\/2018\\\/03\\\/history-brokk250_hero.jpg\",\"width\":2560,\"height\":1096},{\"@type\":\"BreadcrumbList\",\"@id\":\"https:\\\/\\\/www.brokk.com\\\/pl\\\/o-firmie-brokk\\\/historia\\\/#breadcrumb\",\"itemListElement\":[{\"@type\":\"ListItem\",\"position\":1,\"name\":\"Home\",\"item\":\"https:\\\/\\\/www.brokk.com\\\/pl\\\/\"},{\"@type\":\"ListItem\",\"position\":2,\"name\":\"O firmie Brokk\",\"item\":\"https:\\\/\\\/www.brokk.com\\\/pl\\\/o-firmie-brokk\\\/\"},{\"@type\":\"ListItem\",\"position\":3,\"name\":\"Historia\"}]},{\"@type\":\"WebSite\",\"@id\":\"https:\\\/\\\/www.brokk.com\\\/pl\\\/#website\",\"url\":\"https:\\\/\\\/www.brokk.com\\\/pl\\\/\",\"name\":\"Brokk Poland\",\"description\":\"The definitive demolition solution in Poland\",\"publisher\":{\"@id\":\"https:\\\/\\\/www.brokk.com\\\/pl\\\/#organization\"},\"potentialAction\":[{\"@type\":\"SearchAction\",\"target\":{\"@type\":\"EntryPoint\",\"urlTemplate\":\"https:\\\/\\\/www.brokk.com\\\/pl\\\/?s={search_term_string}\"},\"query-input\":{\"@type\":\"PropertyValueSpecification\",\"valueRequired\":true,\"valueName\":\"search_term_string\"}}],\"inLanguage\":\"pl-PL\"},{\"@type\":\"Organization\",\"@id\":\"https:\\\/\\\/www.brokk.com\\\/pl\\\/#organization\",\"name\":\"Brokk (UK) Ltd\",\"url\":\"https:\\\/\\\/www.brokk.com\\\/pl\\\/\",\"logo\":{\"@type\":\"ImageObject\",\"inLanguage\":\"pl-PL\",\"@id\":\"https:\\\/\\\/www.brokk.com\\\/pl\\\/#\\\/schema\\\/logo\\\/image\\\/\",\"url\":\"https:\\\/\\\/www.brokk.com\\\/uk\\\/uploads\\\/sites\\\/5\\\/2018\\\/11\\\/logo.png\",\"contentUrl\":\"https:\\\/\\\/www.brokk.com\\\/uk\\\/uploads\\\/sites\\\/5\\\/2018\\\/11\\\/logo.png\",\"width\":250,\"height\":65,\"caption\":\"Brokk (UK) Ltd\"},\"image\":{\"@id\":\"https:\\\/\\\/www.brokk.com\\\/pl\\\/#\\\/schema\\\/logo\\\/image\\\/\"},\"sameAs\":[\"http:\\\/\\\/www.facebook.com\\\/pages\\\/Brokk\\\/184270348326912\",\"https:\\\/\\\/www.youtube.com\\\/user\\\/brokkrobots\"]}]}<\/script>\n<!-- \/ Yoast SEO plugin. -->","yoast_head_json":{"title":"Historia | Brokk Poland","robots":{"index":"index","follow":"follow","max-snippet":"max-snippet:-1","max-image-preview":"max-image-preview:large","max-video-preview":"max-video-preview:-1"},"canonical":"https:\/\/www.brokk.com\/pl\/o-firmie-brokk\/historia\/","og_locale":"pl_PL","og_type":"article","og_title":"Historia | Brokk Poland","og_description":"Od pocz\u0105tku istnienia w 1976 roku nadal przesuwamy granice tego, co jest mo\u017cliwe w wyburzeniach z u\u017cyciem zdalnie sterowanych robot\u00f3w.","og_url":"https:\/\/www.brokk.com\/pl\/o-firmie-brokk\/historia\/","og_site_name":"Brokk Poland","article_publisher":"http:\/\/www.facebook.com\/pages\/Brokk\/184270348326912","article_modified_time":"2023-06-22T11:55:30+00:00","og_image":[{"width":2560,"height":1096,"url":"https:\/\/www.brokk.com\/pl\/uploads\/sites\/15\/2018\/03\/history-brokk250_hero.jpg","type":"image\/jpeg"}],"twitter_card":"summary_large_image","twitter_misc":{"Est. reading time":"4 minutes"},"schema":{"@context":"https:\/\/schema.org","@graph":[{"@type":"WebPage","@id":"https:\/\/www.brokk.com\/pl\/o-firmie-brokk\/historia\/","url":"https:\/\/www.brokk.com\/pl\/o-firmie-brokk\/historia\/","name":"Historia | Brokk Poland","isPartOf":{"@id":"https:\/\/www.brokk.com\/pl\/#website"},"primaryImageOfPage":{"@id":"https:\/\/www.brokk.com\/pl\/o-firmie-brokk\/historia\/#primaryimage"},"image":{"@id":"https:\/\/www.brokk.com\/pl\/o-firmie-brokk\/historia\/#primaryimage"},"thumbnailUrl":"https:\/\/www.brokk.com\/pl\/uploads\/sites\/15\/2018\/03\/history-brokk250_hero.jpg","datePublished":"2023-05-19T20:44:41+00:00","dateModified":"2023-06-22T11:55:30+00:00","breadcrumb":{"@id":"https:\/\/www.brokk.com\/pl\/o-firmie-brokk\/historia\/#breadcrumb"},"inLanguage":"pl-PL","potentialAction":[{"@type":"ReadAction","target":["https:\/\/www.brokk.com\/pl\/o-firmie-brokk\/historia\/"]}]},{"@type":"ImageObject","inLanguage":"pl-PL","@id":"https:\/\/www.brokk.com\/pl\/o-firmie-brokk\/historia\/#primaryimage","url":"https:\/\/www.brokk.com\/pl\/uploads\/sites\/15\/2018\/03\/history-brokk250_hero.jpg","contentUrl":"https:\/\/www.brokk.com\/pl\/uploads\/sites\/15\/2018\/03\/history-brokk250_hero.jpg","width":2560,"height":1096},{"@type":"BreadcrumbList","@id":"https:\/\/www.brokk.com\/pl\/o-firmie-brokk\/historia\/#breadcrumb","itemListElement":[{"@type":"ListItem","position":1,"name":"Home","item":"https:\/\/www.brokk.com\/pl\/"},{"@type":"ListItem","position":2,"name":"O firmie Brokk","item":"https:\/\/www.brokk.com\/pl\/o-firmie-brokk\/"},{"@type":"ListItem","position":3,"name":"Historia"}]},{"@type":"WebSite","@id":"https:\/\/www.brokk.com\/pl\/#website","url":"https:\/\/www.brokk.com\/pl\/","name":"Brokk Poland","description":"The definitive demolition solution in Poland","publisher":{"@id":"https:\/\/www.brokk.com\/pl\/#organization"},"potentialAction":[{"@type":"SearchAction","target":{"@type":"EntryPoint","urlTemplate":"https:\/\/www.brokk.com\/pl\/?s={search_term_string}"},"query-input":{"@type":"PropertyValueSpecification","valueRequired":true,"valueName":"search_term_string"}}],"inLanguage":"pl-PL"},{"@type":"Organization","@id":"https:\/\/www.brokk.com\/pl\/#organization","name":"Brokk (UK) Ltd","url":"https:\/\/www.brokk.com\/pl\/","logo":{"@type":"ImageObject","inLanguage":"pl-PL","@id":"https:\/\/www.brokk.com\/pl\/#\/schema\/logo\/image\/","url":"https:\/\/www.brokk.com\/uk\/uploads\/sites\/5\/2018\/11\/logo.png","contentUrl":"https:\/\/www.brokk.com\/uk\/uploads\/sites\/5\/2018\/11\/logo.png","width":250,"height":65,"caption":"Brokk (UK) Ltd"},"image":{"@id":"https:\/\/www.brokk.com\/pl\/#\/schema\/logo\/image\/"},"sameAs":["http:\/\/www.facebook.com\/pages\/Brokk\/184270348326912","https:\/\/www.youtube.com\/user\/brokkrobots"]}]}},"_links":{"self":[{"href":"https:\/\/www.brokk.com\/pl\/wp-json\/wp\/v2\/pages\/5333","targetHints":{"allow":["GET"]}}],"collection":[{"href":"https:\/\/www.brokk.com\/pl\/wp-json\/wp\/v2\/pages"}],"about":[{"href":"https:\/\/www.brokk.com\/pl\/wp-json\/wp\/v2\/types\/page"}],"author":[{"embeddable":true,"href":"https:\/\/www.brokk.com\/pl\/wp-json\/wp\/v2\/users\/46"}],"replies":[{"embeddable":true,"href":"https:\/\/www.brokk.com\/pl\/wp-json\/wp\/v2\/comments?post=5333"}],"version-history":[{"count":1,"href":"https:\/\/www.brokk.com\/pl\/wp-json\/wp\/v2\/pages\/5333\/revisions"}],"predecessor-version":[{"id":5428,"href":"https:\/\/www.brokk.com\/pl\/wp-json\/wp\/v2\/pages\/5333\/revisions\/5428"}],"up":[{"embeddable":true,"href":"https:\/\/www.brokk.com\/pl\/wp-json\/wp\/v2\/pages\/5326"}],"wp:featuredmedia":[{"embeddable":true,"href":"https:\/\/www.brokk.com\/pl\/wp-json\/wp\/v2\/media\/5330"}],"wp:attachment":[{"href":"https:\/\/www.brokk.com\/pl\/wp-json\/wp\/v2\/media?parent=5333"}],"curies":[{"name":"wp","href":"https:\/\/api.w.org\/{rel}","templated":true}]}}