{"id":5336,"date":"2023-05-19T21:48:39","date_gmt":"2023-05-19T20:48:39","guid":{"rendered":"https:\/\/www.brokk.com\/pl\/grupa-brokk\/"},"modified":"2023-05-19T21:48:39","modified_gmt":"2023-05-19T20:48:39","slug":"grupa-brokk","status":"publish","type":"page","link":"https:\/\/www.brokk.com\/pl\/o-firmie-brokk\/grupa-brokk\/","title":{"rendered":"Grupa Brokk"},"content":{"rendered":"<p>Grupa Brokk jest \u015bwiatowym liderem w dziedzinie specjalistycznego i zaawansowanego technicznie sprz\u0119tu wyburzeniowego, sprz\u0119tu elektrycznego odpornego na promieniowanie oraz sprz\u0119tu do konserwacji piec\u00f3w. Grupa sk\u0142ada si\u0119 z wielu wiod\u0105cych na rynku firm produkcyjnych i handlowych na ca\u0142ym \u015bwiecie.<br \/>\nFirmy produkcyjne to:<\/p>\n<ul>\n<li><a href=\"https:\/\/www.brokk.com\/\">Brokk<\/a> \u2013 Wiod\u0105cy na \u015bwiecie producent zaawansowanych zdalnie sterowanych maszyn wyburzeniowych, popularnie zwanych \u201erobotami wyburzeniowymi\u201d.<\/li>\n<li><a href=\"http:\/\/www.brickingsolutions.com\/\">Bricking Solutions<\/a> \u2013 Wiod\u0105cy producent specjalistycznego sprz\u0119tu do konserwacji piec\u00f3w.<\/li>\n<li><a href=\"https:\/\/darda.de\/home.html\">Darda<\/a> \u2013 Wiod\u0105cy na \u015bwiecie producent kompaktowego sprz\u0119tu do kruszenia betonu i no\u017cyc do metalu, a tak\u017ce \u0142uparek hydraulicznych.<\/li>\n<li><a href=\"https:\/\/www.ahlbergcameras.com\/\">Ahlberg Camera Systems<\/a> \u2013 Wiod\u0105cy na \u015bwiecie producent specjalistycznych, odpornych na promieniowanie system\u00f3w kamer i system\u00f3w o\u015bwietleniowych.<\/li>\n<li><a href=\"https:\/\/www.aquajet.se\/\">Aquajet Systems<\/a> \u2013 Wiod\u0105cy \u015bwiatowy producent robot\u00f3w i sprz\u0119tu do wyburzania hydrodynamicznego.<\/li>\n<\/ul>\n<p>Ponadto, w sk\u0142ad grupy Brokk wchodzi 12 sp\u00f3\u0142ek handlowych i us\u0142ugowych na ca\u0142ym \u015bwiecie. W 2017 roku Grupa Brokk zatrudnia\u0142a ponad 320 pracownik\u00f3w na ca\u0142ym \u015bwiecie, a warto\u015b\u0107 sprzeda\u017cy netto wynios\u0142a ok. 1,0 mld SEK.<\/p>\n<p><img loading=\"lazy\" decoding=\"async\" class=\"alignnone size-medium wp-image-2033\" src=\"https:\/\/www.brokk.com\/uploads\/2018\/05\/brokk_world_map-720x480.jpg\" alt=\"\" width=\"720\" height=\"480\" srcset=\"https:\/\/www.brokk.com\/pl\/uploads\/2018\/05\/brokk_world_map-720x480.jpg 720w, https:\/\/www.brokk.com\/pl\/uploads\/2018\/05\/brokk_world_map-420x280.jpg 420w, https:\/\/www.brokk.com\/pl\/uploads\/2018\/05\/brokk_world_map-768x512.jpg 768w, https:\/\/www.brokk.com\/pl\/uploads\/2018\/05\/brokk_world_map-1280x853.jpg 1280w, https:\/\/www.brokk.com\/pl\/uploads\/2018\/05\/brokk_world_map-480x320.jpg 480w, https:\/\/www.brokk.com\/pl\/uploads\/2018\/05\/brokk_world_map-48x32.jpg 48w, https:\/\/www.brokk.com\/pl\/uploads\/2018\/05\/brokk_world_map.jpg 1440w\" sizes=\"auto, (max-width: 720px) 100vw, 720px\" \/>Grupa Brokk jest cz\u0119\u015bci\u0105 firmy inwestycyjnej Lifco. Koncepcja biznesowa Lifco polega na nabywaniu i rozwijaniu wiod\u0105cych na rynku niszowych firm, kt\u00f3re gwarantuj\u0105 zr\u00f3wnowa\u017cony wzrost zysk\u00f3w i solidne przep\u0142ywy pieni\u0119\u017cne. Na koniec 2018 roku Lifco sk\u0142ada\u0142o si\u0119 ze 146 dzia\u0142aj\u0105cych sp\u00f3\u0142ek w 29 krajach, zatrudniaj\u0105cych oko\u0142o 4900 os\u00f3b. W 2018 roku Lifco odnotowa\u0142o sprzeda\u017c netto w wysoko\u015bci 12,0 mld SEK oraz zysk operacyjny przed potr\u0105ceniem odsetek od zaci\u0105gni\u0119tych zobowi\u0105za\u0144 oprocentowanych w wysoko\u015bci 2,17 mld SEK.<\/p>\n","protected":false},"excerpt":{"rendered":"<p>Grupa Brokk jest \u015bwiatowym liderem w dziedzinie specjalistycznego i zaawansowanego technicznie sprz\u0119tu wyburzeniowego, sprz\u0119tu elektrycznego odpornego na promieniowanie oraz sprz\u0119tu do konserwacji piec\u00f3w. Grupa sk\u0142ada si\u0119 z wielu wiod\u0105cych na rynku firm produkcyjnych i handlowych na ca\u0142ym \u015bwiecie. Firmy produkcyjne\u2026<\/p>\n","protected":false},"author":36,"featured_media":5337,"parent":5326,"menu_order":65,"comment_status":"closed","ping_status":"closed","template":"page-templates\/common.php","meta":{"_acf_changed":false,"_relevanssi_hide_post":"","_relevanssi_hide_content":"","_relevanssi_pin_for_all":"","_relevanssi_pin_keywords":"","_relevanssi_unpin_keywords":"","_relevanssi_related_keywords":"","_relevanssi_related_include_ids":"","_relevanssi_related_exclude_ids":"","_relevanssi_related_no_append":"","_relevanssi_related_not_related":"","_relevanssi_related_posts":"","_relevanssi_noindex_reason":"Relevanssi image attachment filter Relevanssi index exclude","footnotes":""},"class_list":["post-5336","page","type-page","status-publish","has-post-thumbnail","hentry"],"acf":[],"yoast_head":"<!-- This site is optimized with the Yoast SEO plugin v27.3 - https:\/\/yoast.com\/product\/yoast-seo-wordpress\/ -->\n<title>Grupa Brokk | Brokk Poland<\/title>\n<meta name=\"robots\" content=\"index, follow, max-snippet:-1, max-image-preview:large, max-video-preview:-1\" \/>\n<link rel=\"canonical\" href=\"https:\/\/www.brokk.com\/pl\/o-firmie-brokk\/grupa-brokk\/\" \/>\n<meta property=\"og:locale\" content=\"pl_PL\" \/>\n<meta property=\"og:type\" content=\"article\" \/>\n<meta property=\"og:title\" content=\"Grupa Brokk | Brokk Poland\" \/>\n<meta property=\"og:description\" content=\"Grupa Brokk jest \u015bwiatowym liderem w dziedzinie specjalistycznego i zaawansowanego technicznie sprz\u0119tu wyburzeniowego, sprz\u0119tu elektrycznego odpornego na promieniowanie oraz sprz\u0119tu do konserwacji piec\u00f3w. Grupa sk\u0142ada si\u0119 z wielu wiod\u0105cych na rynku firm produkcyjnych i handlowych na ca\u0142ym \u015bwiecie. Firmy produkcyjne\u2026\" \/>\n<meta property=\"og:url\" content=\"https:\/\/www.brokk.com\/pl\/o-firmie-brokk\/grupa-brokk\/\" \/>\n<meta property=\"og:site_name\" content=\"Brokk Poland\" \/>\n<meta property=\"article:publisher\" content=\"http:\/\/www.facebook.com\/pages\/Brokk\/184270348326912\" \/>\n<meta property=\"og:image\" content=\"https:\/\/www.brokk.com\/pl\/uploads\/sites\/15\/2018\/05\/brokk_world_map.jpg\" \/>\n\t<meta property=\"og:image:width\" content=\"1440\" \/>\n\t<meta property=\"og:image:height\" content=\"960\" \/>\n\t<meta property=\"og:image:type\" content=\"image\/jpeg\" \/>\n<meta name=\"twitter:card\" content=\"summary_large_image\" \/>\n<meta name=\"twitter:label1\" content=\"Est. reading time\" \/>\n\t<meta name=\"twitter:data1\" content=\"1 minute\" \/>\n<script type=\"application\/ld+json\" class=\"yoast-schema-graph\">{\"@context\":\"https:\\\/\\\/schema.org\",\"@graph\":[{\"@type\":\"WebPage\",\"@id\":\"https:\\\/\\\/www.brokk.com\\\/pl\\\/o-firmie-brokk\\\/grupa-brokk\\\/\",\"url\":\"https:\\\/\\\/www.brokk.com\\\/pl\\\/o-firmie-brokk\\\/grupa-brokk\\\/\",\"name\":\"Grupa Brokk | Brokk Poland\",\"isPartOf\":{\"@id\":\"https:\\\/\\\/www.brokk.com\\\/pl\\\/#website\"},\"primaryImageOfPage\":{\"@id\":\"https:\\\/\\\/www.brokk.com\\\/pl\\\/o-firmie-brokk\\\/grupa-brokk\\\/#primaryimage\"},\"image\":{\"@id\":\"https:\\\/\\\/www.brokk.com\\\/pl\\\/o-firmie-brokk\\\/grupa-brokk\\\/#primaryimage\"},\"thumbnailUrl\":\"https:\\\/\\\/www.brokk.com\\\/pl\\\/uploads\\\/sites\\\/15\\\/2018\\\/03\\\/brokk_group_hero.jpg\",\"datePublished\":\"2023-05-19T20:48:39+00:00\",\"breadcrumb\":{\"@id\":\"https:\\\/\\\/www.brokk.com\\\/pl\\\/o-firmie-brokk\\\/grupa-brokk\\\/#breadcrumb\"},\"inLanguage\":\"pl-PL\",\"potentialAction\":[{\"@type\":\"ReadAction\",\"target\":[\"https:\\\/\\\/www.brokk.com\\\/pl\\\/o-firmie-brokk\\\/grupa-brokk\\\/\"]}]},{\"@type\":\"ImageObject\",\"inLanguage\":\"pl-PL\",\"@id\":\"https:\\\/\\\/www.brokk.com\\\/pl\\\/o-firmie-brokk\\\/grupa-brokk\\\/#primaryimage\",\"url\":\"https:\\\/\\\/www.brokk.com\\\/pl\\\/uploads\\\/sites\\\/15\\\/2018\\\/03\\\/brokk_group_hero.jpg\",\"contentUrl\":\"https:\\\/\\\/www.brokk.com\\\/pl\\\/uploads\\\/sites\\\/15\\\/2018\\\/03\\\/brokk_group_hero.jpg\",\"width\":2560,\"height\":1096},{\"@type\":\"BreadcrumbList\",\"@id\":\"https:\\\/\\\/www.brokk.com\\\/pl\\\/o-firmie-brokk\\\/grupa-brokk\\\/#breadcrumb\",\"itemListElement\":[{\"@type\":\"ListItem\",\"position\":1,\"name\":\"Home\",\"item\":\"https:\\\/\\\/www.brokk.com\\\/pl\\\/\"},{\"@type\":\"ListItem\",\"position\":2,\"name\":\"O firmie Brokk\",\"item\":\"https:\\\/\\\/www.brokk.com\\\/pl\\\/o-firmie-brokk\\\/\"},{\"@type\":\"ListItem\",\"position\":3,\"name\":\"Grupa Brokk\"}]},{\"@type\":\"WebSite\",\"@id\":\"https:\\\/\\\/www.brokk.com\\\/pl\\\/#website\",\"url\":\"https:\\\/\\\/www.brokk.com\\\/pl\\\/\",\"name\":\"Brokk Poland\",\"description\":\"The definitive demolition solution in Poland\",\"publisher\":{\"@id\":\"https:\\\/\\\/www.brokk.com\\\/pl\\\/#organization\"},\"potentialAction\":[{\"@type\":\"SearchAction\",\"target\":{\"@type\":\"EntryPoint\",\"urlTemplate\":\"https:\\\/\\\/www.brokk.com\\\/pl\\\/?s={search_term_string}\"},\"query-input\":{\"@type\":\"PropertyValueSpecification\",\"valueRequired\":true,\"valueName\":\"search_term_string\"}}],\"inLanguage\":\"pl-PL\"},{\"@type\":\"Organization\",\"@id\":\"https:\\\/\\\/www.brokk.com\\\/pl\\\/#organization\",\"name\":\"Brokk (UK) Ltd\",\"url\":\"https:\\\/\\\/www.brokk.com\\\/pl\\\/\",\"logo\":{\"@type\":\"ImageObject\",\"inLanguage\":\"pl-PL\",\"@id\":\"https:\\\/\\\/www.brokk.com\\\/pl\\\/#\\\/schema\\\/logo\\\/image\\\/\",\"url\":\"https:\\\/\\\/www.brokk.com\\\/uk\\\/uploads\\\/sites\\\/5\\\/2018\\\/11\\\/logo.png\",\"contentUrl\":\"https:\\\/\\\/www.brokk.com\\\/uk\\\/uploads\\\/sites\\\/5\\\/2018\\\/11\\\/logo.png\",\"width\":250,\"height\":65,\"caption\":\"Brokk (UK) Ltd\"},\"image\":{\"@id\":\"https:\\\/\\\/www.brokk.com\\\/pl\\\/#\\\/schema\\\/logo\\\/image\\\/\"},\"sameAs\":[\"http:\\\/\\\/www.facebook.com\\\/pages\\\/Brokk\\\/184270348326912\",\"https:\\\/\\\/www.youtube.com\\\/user\\\/brokkrobots\"]}]}<\/script>\n<!-- \/ Yoast SEO plugin. -->","yoast_head_json":{"title":"Grupa Brokk | Brokk Poland","robots":{"index":"index","follow":"follow","max-snippet":"max-snippet:-1","max-image-preview":"max-image-preview:large","max-video-preview":"max-video-preview:-1"},"canonical":"https:\/\/www.brokk.com\/pl\/o-firmie-brokk\/grupa-brokk\/","og_locale":"pl_PL","og_type":"article","og_title":"Grupa Brokk | Brokk Poland","og_description":"Grupa Brokk jest \u015bwiatowym liderem w dziedzinie specjalistycznego i zaawansowanego technicznie sprz\u0119tu wyburzeniowego, sprz\u0119tu elektrycznego odpornego na promieniowanie oraz sprz\u0119tu do konserwacji piec\u00f3w. Grupa sk\u0142ada si\u0119 z wielu wiod\u0105cych na rynku firm produkcyjnych i handlowych na ca\u0142ym \u015bwiecie. Firmy produkcyjne\u2026","og_url":"https:\/\/www.brokk.com\/pl\/o-firmie-brokk\/grupa-brokk\/","og_site_name":"Brokk Poland","article_publisher":"http:\/\/www.facebook.com\/pages\/Brokk\/184270348326912","og_image":[{"width":1440,"height":960,"url":"https:\/\/www.brokk.com\/pl\/uploads\/sites\/15\/2018\/05\/brokk_world_map.jpg","type":"image\/jpeg"}],"twitter_card":"summary_large_image","twitter_misc":{"Est. reading time":"1 minute"},"schema":{"@context":"https:\/\/schema.org","@graph":[{"@type":"WebPage","@id":"https:\/\/www.brokk.com\/pl\/o-firmie-brokk\/grupa-brokk\/","url":"https:\/\/www.brokk.com\/pl\/o-firmie-brokk\/grupa-brokk\/","name":"Grupa Brokk | Brokk Poland","isPartOf":{"@id":"https:\/\/www.brokk.com\/pl\/#website"},"primaryImageOfPage":{"@id":"https:\/\/www.brokk.com\/pl\/o-firmie-brokk\/grupa-brokk\/#primaryimage"},"image":{"@id":"https:\/\/www.brokk.com\/pl\/o-firmie-brokk\/grupa-brokk\/#primaryimage"},"thumbnailUrl":"https:\/\/www.brokk.com\/pl\/uploads\/sites\/15\/2018\/03\/brokk_group_hero.jpg","datePublished":"2023-05-19T20:48:39+00:00","breadcrumb":{"@id":"https:\/\/www.brokk.com\/pl\/o-firmie-brokk\/grupa-brokk\/#breadcrumb"},"inLanguage":"pl-PL","potentialAction":[{"@type":"ReadAction","target":["https:\/\/www.brokk.com\/pl\/o-firmie-brokk\/grupa-brokk\/"]}]},{"@type":"ImageObject","inLanguage":"pl-PL","@id":"https:\/\/www.brokk.com\/pl\/o-firmie-brokk\/grupa-brokk\/#primaryimage","url":"https:\/\/www.brokk.com\/pl\/uploads\/sites\/15\/2018\/03\/brokk_group_hero.jpg","contentUrl":"https:\/\/www.brokk.com\/pl\/uploads\/sites\/15\/2018\/03\/brokk_group_hero.jpg","width":2560,"height":1096},{"@type":"BreadcrumbList","@id":"https:\/\/www.brokk.com\/pl\/o-firmie-brokk\/grupa-brokk\/#breadcrumb","itemListElement":[{"@type":"ListItem","position":1,"name":"Home","item":"https:\/\/www.brokk.com\/pl\/"},{"@type":"ListItem","position":2,"name":"O firmie Brokk","item":"https:\/\/www.brokk.com\/pl\/o-firmie-brokk\/"},{"@type":"ListItem","position":3,"name":"Grupa Brokk"}]},{"@type":"WebSite","@id":"https:\/\/www.brokk.com\/pl\/#website","url":"https:\/\/www.brokk.com\/pl\/","name":"Brokk Poland","description":"The definitive demolition solution in Poland","publisher":{"@id":"https:\/\/www.brokk.com\/pl\/#organization"},"potentialAction":[{"@type":"SearchAction","target":{"@type":"EntryPoint","urlTemplate":"https:\/\/www.brokk.com\/pl\/?s={search_term_string}"},"query-input":{"@type":"PropertyValueSpecification","valueRequired":true,"valueName":"search_term_string"}}],"inLanguage":"pl-PL"},{"@type":"Organization","@id":"https:\/\/www.brokk.com\/pl\/#organization","name":"Brokk (UK) Ltd","url":"https:\/\/www.brokk.com\/pl\/","logo":{"@type":"ImageObject","inLanguage":"pl-PL","@id":"https:\/\/www.brokk.com\/pl\/#\/schema\/logo\/image\/","url":"https:\/\/www.brokk.com\/uk\/uploads\/sites\/5\/2018\/11\/logo.png","contentUrl":"https:\/\/www.brokk.com\/uk\/uploads\/sites\/5\/2018\/11\/logo.png","width":250,"height":65,"caption":"Brokk (UK) Ltd"},"image":{"@id":"https:\/\/www.brokk.com\/pl\/#\/schema\/logo\/image\/"},"sameAs":["http:\/\/www.facebook.com\/pages\/Brokk\/184270348326912","https:\/\/www.youtube.com\/user\/brokkrobots"]}]}},"_links":{"self":[{"href":"https:\/\/www.brokk.com\/pl\/wp-json\/wp\/v2\/pages\/5336","targetHints":{"allow":["GET"]}}],"collection":[{"href":"https:\/\/www.brokk.com\/pl\/wp-json\/wp\/v2\/pages"}],"about":[{"href":"https:\/\/www.brokk.com\/pl\/wp-json\/wp\/v2\/types\/page"}],"author":[{"embeddable":true,"href":"https:\/\/www.brokk.com\/pl\/wp-json\/wp\/v2\/users\/36"}],"replies":[{"embeddable":true,"href":"https:\/\/www.brokk.com\/pl\/wp-json\/wp\/v2\/comments?post=5336"}],"version-history":[{"count":0,"href":"https:\/\/www.brokk.com\/pl\/wp-json\/wp\/v2\/pages\/5336\/revisions"}],"up":[{"embeddable":true,"href":"https:\/\/www.brokk.com\/pl\/wp-json\/wp\/v2\/pages\/5326"}],"wp:featuredmedia":[{"embeddable":true,"href":"https:\/\/www.brokk.com\/pl\/wp-json\/wp\/v2\/media\/5337"}],"wp:attachment":[{"href":"https:\/\/www.brokk.com\/pl\/wp-json\/wp\/v2\/media?parent=5336"}],"curies":[{"name":"wp","href":"https:\/\/api.w.org\/{rel}","templated":true}]}}