{"id":5339,"date":"2023-05-19T21:50:31","date_gmt":"2023-05-19T20:50:31","guid":{"rendered":"https:\/\/www.brokk.com\/pl\/badania-i-rozwoj\/"},"modified":"2023-10-18T11:17:37","modified_gmt":"2023-10-18T10:17:37","slug":"badania-i-rozwoj","status":"publish","type":"page","link":"https:\/\/www.brokk.com\/pl\/o-firmie-brokk\/badania-i-rozwoj\/","title":{"rendered":"Badania i rozw\u00f3j"},"content":{"rendered":"<p>Od ponad 40 lat firma Brokk zajmuje pozycj\u0119 lidera pod wzgl\u0119dem innowacyjno\u015bci w bran\u017cy robot\u00f3w wyburzeniowych. Pocz\u0105tek firmie Brokk i koncepcji zdalnie sterowanych maszyn wyburzeniowych dali dwaj przedsi\u0119biorcy pragn\u0105cy stawi\u0107 czo\u0142a wyzwaniom stoj\u0105cym przed nimi w ich firmach. Ten spos\u00f3b my\u015blenia nadal le\u017cy u podstaw wszystkich prac badawczo-rozwojowych i in\u017cynieryjnych prowadzonych w firmie Brokk.<\/p>\n<p>Nowe koncepcje, funkcje, wybory projektowe lub udoskonalenia maszyn powinny zawsze wynika\u0107 z usprawnienia pracy z maszynami w rzeczywistych warunkach. A dla maszyny wyburzeniowej s\u0105 to najcz\u0119\u015bciej warunki bardzo ci\u0119\u017ckie. Dlatego wszystkie nowe funkcje i modyfikacje naszych maszyn poddajemy dog\u0142\u0119bnej analizie pod k\u0105tem rzeczywistej poprawy wydajno\u015bci, bezpiecze\u0144stwa, ergonomii, itp. Pami\u0119tamy jednocze\u015bnie o zwi\u0119kszaniu niezawodno\u015bci maszyn w terenie. Kr\u00f3tko m\u00f3wi\u0105c, w Brokk projektujemy i budujemy maszyny do pracy w warunkach \u201eprawdziwego \u017cycia\u201d.<\/p>\n<h4>WIOD\u0104CE TECHNOLOGIE<\/h4>\n<p>Takie praktyczne podej\u015bcie wymusza r\u00f3wnie\u017c opracowywanie i wdra\u017canie najnowocze\u015bniejszych rozwi\u0105za\u0144 technicznych w naszych maszynach. A dzi\u0119ki naszemu ponad 40-letniemu do\u015bwiadczeniu dysponujemy narz\u0119dziami do optymalizacji i adaptacji robot\u00f3w wyburzeniowych, na przyk\u0142ad zaawansowanymi narz\u0119dziami do modelowania danych, unikalnymi dla robot\u00f3w wyburzeniowych. Nasze prace badawczo-rozwojowe zaowocowa\u0142y r\u00f3wnie\u017c imponuj\u0105c\u0105 list\u0105 patent\u00f3w na nasze wyj\u0105tkowe innowacje, czy to w zakresie ergonomii, sprawno\u015bci uk\u0142ad\u00f3w hydraulicznych, elektroniki, czy innych dziedzinach.<\/p>\n<p>W wyniku niekt\u00f3rych z najnowocze\u015bniejszych rozwi\u0105za\u0144 technicznych Brokk bran\u017ca zyska\u0142a koncepcj\u0119 Brokk SmartPower<sup>TM<\/sup>, czyli unikalny elektryczny uk\u0142ad nap\u0119dowy, kt\u00f3ry w ci\u0105gu ostatnich 10 lat praktycznie podwoi\u0142 moc wyburzeniow\u0105 maszyn Brokk, a tak\u017ce mo\u017cliwo\u015b\u0107 u\u017cycia \u201ema\u0142ego bezpiecznika\u201d w niekt\u00f3rych maszynach, co umo\u017cliwia im prac\u0119 przy mniejszym poborze mocy w miejscach, gdzie moc zasilania jest ograniczona. W\u0142a\u015bnie takie rozwi\u0105zania nazywamy in\u017cynieri\u0105 z my\u015bl\u0105 o warunkach rzeczywistych.<\/p>\n","protected":false},"excerpt":{"rendered":"<p>Od ponad 40 lat firma Brokk zajmuje pozycj\u0119 lidera pod wzgl\u0119dem innowacyjno\u015bci w bran\u017cy robot\u00f3w wyburzeniowych. Pocz\u0105tek firmie Brokk i koncepcji zdalnie sterowanych maszyn wyburzeniowych dali dwaj przedsi\u0119biorcy pragn\u0105cy stawi\u0107 czo\u0142a wyzwaniom stoj\u0105cym przed nimi w ich firmach. Ten spos\u00f3b\u2026<\/p>\n","protected":false},"author":36,"featured_media":5331,"parent":5326,"menu_order":126,"comment_status":"closed","ping_status":"closed","template":"page-templates\/common.php","meta":{"_acf_changed":false,"_relevanssi_hide_post":"","_relevanssi_hide_content":"","_relevanssi_pin_for_all":"","_relevanssi_pin_keywords":"","_relevanssi_unpin_keywords":"","_relevanssi_related_keywords":"","_relevanssi_related_include_ids":"","_relevanssi_related_exclude_ids":"","_relevanssi_related_no_append":"","_relevanssi_related_not_related":"","_relevanssi_related_posts":"","_relevanssi_noindex_reason":"","footnotes":""},"class_list":["post-5339","page","type-page","status-publish","has-post-thumbnail","hentry"],"acf":[],"yoast_head":"<!-- This site is optimized with the Yoast SEO plugin v27.3 - https:\/\/yoast.com\/product\/yoast-seo-wordpress\/ -->\n<title>Badania i rozw\u00f3j | Brokk Poland<\/title>\n<meta name=\"robots\" content=\"index, follow, max-snippet:-1, max-image-preview:large, max-video-preview:-1\" \/>\n<link rel=\"canonical\" href=\"https:\/\/www.brokk.com\/pl\/o-firmie-brokk\/badania-i-rozwoj\/\" \/>\n<meta property=\"og:locale\" content=\"pl_PL\" \/>\n<meta property=\"og:type\" content=\"article\" \/>\n<meta property=\"og:title\" content=\"Badania i rozw\u00f3j | Brokk Poland\" \/>\n<meta property=\"og:description\" content=\"Od ponad 40 lat firma Brokk zajmuje pozycj\u0119 lidera pod wzgl\u0119dem innowacyjno\u015bci w bran\u017cy robot\u00f3w wyburzeniowych. Pocz\u0105tek firmie Brokk i koncepcji zdalnie sterowanych maszyn wyburzeniowych dali dwaj przedsi\u0119biorcy pragn\u0105cy stawi\u0107 czo\u0142a wyzwaniom stoj\u0105cym przed nimi w ich firmach. Ten spos\u00f3b\u2026\" \/>\n<meta property=\"og:url\" content=\"https:\/\/www.brokk.com\/pl\/o-firmie-brokk\/badania-i-rozwoj\/\" \/>\n<meta property=\"og:site_name\" content=\"Brokk Poland\" \/>\n<meta property=\"article:publisher\" content=\"http:\/\/www.facebook.com\/pages\/Brokk\/184270348326912\" \/>\n<meta property=\"article:modified_time\" content=\"2023-10-18T10:17:37+00:00\" \/>\n<meta property=\"og:image\" content=\"https:\/\/www.brokk.com\/pl\/uploads\/sites\/15\/2018\/03\/r-and-d_hero.jpg\" \/>\n\t<meta property=\"og:image:width\" content=\"2560\" \/>\n\t<meta property=\"og:image:height\" content=\"1096\" \/>\n\t<meta property=\"og:image:type\" content=\"image\/jpeg\" \/>\n<meta name=\"twitter:card\" content=\"summary_large_image\" \/>\n<meta name=\"twitter:label1\" content=\"Est. reading time\" \/>\n\t<meta name=\"twitter:data1\" content=\"2 minutes\" \/>\n<script type=\"application\/ld+json\" class=\"yoast-schema-graph\">{\"@context\":\"https:\\\/\\\/schema.org\",\"@graph\":[{\"@type\":\"WebPage\",\"@id\":\"https:\\\/\\\/www.brokk.com\\\/pl\\\/o-firmie-brokk\\\/badania-i-rozwoj\\\/\",\"url\":\"https:\\\/\\\/www.brokk.com\\\/pl\\\/o-firmie-brokk\\\/badania-i-rozwoj\\\/\",\"name\":\"Badania i rozw\u00f3j | Brokk Poland\",\"isPartOf\":{\"@id\":\"https:\\\/\\\/www.brokk.com\\\/pl\\\/#website\"},\"primaryImageOfPage\":{\"@id\":\"https:\\\/\\\/www.brokk.com\\\/pl\\\/o-firmie-brokk\\\/badania-i-rozwoj\\\/#primaryimage\"},\"image\":{\"@id\":\"https:\\\/\\\/www.brokk.com\\\/pl\\\/o-firmie-brokk\\\/badania-i-rozwoj\\\/#primaryimage\"},\"thumbnailUrl\":\"https:\\\/\\\/www.brokk.com\\\/pl\\\/uploads\\\/sites\\\/15\\\/2018\\\/03\\\/r-and-d_hero.jpg\",\"datePublished\":\"2023-05-19T20:50:31+00:00\",\"dateModified\":\"2023-10-18T10:17:37+00:00\",\"breadcrumb\":{\"@id\":\"https:\\\/\\\/www.brokk.com\\\/pl\\\/o-firmie-brokk\\\/badania-i-rozwoj\\\/#breadcrumb\"},\"inLanguage\":\"pl-PL\",\"potentialAction\":[{\"@type\":\"ReadAction\",\"target\":[\"https:\\\/\\\/www.brokk.com\\\/pl\\\/o-firmie-brokk\\\/badania-i-rozwoj\\\/\"]}]},{\"@type\":\"ImageObject\",\"inLanguage\":\"pl-PL\",\"@id\":\"https:\\\/\\\/www.brokk.com\\\/pl\\\/o-firmie-brokk\\\/badania-i-rozwoj\\\/#primaryimage\",\"url\":\"https:\\\/\\\/www.brokk.com\\\/pl\\\/uploads\\\/sites\\\/15\\\/2018\\\/03\\\/r-and-d_hero.jpg\",\"contentUrl\":\"https:\\\/\\\/www.brokk.com\\\/pl\\\/uploads\\\/sites\\\/15\\\/2018\\\/03\\\/r-and-d_hero.jpg\",\"width\":2560,\"height\":1096},{\"@type\":\"BreadcrumbList\",\"@id\":\"https:\\\/\\\/www.brokk.com\\\/pl\\\/o-firmie-brokk\\\/badania-i-rozwoj\\\/#breadcrumb\",\"itemListElement\":[{\"@type\":\"ListItem\",\"position\":1,\"name\":\"Home\",\"item\":\"https:\\\/\\\/www.brokk.com\\\/pl\\\/\"},{\"@type\":\"ListItem\",\"position\":2,\"name\":\"O firmie Brokk\",\"item\":\"https:\\\/\\\/www.brokk.com\\\/pl\\\/o-firmie-brokk\\\/\"},{\"@type\":\"ListItem\",\"position\":3,\"name\":\"Badania i rozw\u00f3j\"}]},{\"@type\":\"WebSite\",\"@id\":\"https:\\\/\\\/www.brokk.com\\\/pl\\\/#website\",\"url\":\"https:\\\/\\\/www.brokk.com\\\/pl\\\/\",\"name\":\"Brokk Poland\",\"description\":\"The definitive demolition solution in Poland\",\"publisher\":{\"@id\":\"https:\\\/\\\/www.brokk.com\\\/pl\\\/#organization\"},\"potentialAction\":[{\"@type\":\"SearchAction\",\"target\":{\"@type\":\"EntryPoint\",\"urlTemplate\":\"https:\\\/\\\/www.brokk.com\\\/pl\\\/?s={search_term_string}\"},\"query-input\":{\"@type\":\"PropertyValueSpecification\",\"valueRequired\":true,\"valueName\":\"search_term_string\"}}],\"inLanguage\":\"pl-PL\"},{\"@type\":\"Organization\",\"@id\":\"https:\\\/\\\/www.brokk.com\\\/pl\\\/#organization\",\"name\":\"Brokk (UK) Ltd\",\"url\":\"https:\\\/\\\/www.brokk.com\\\/pl\\\/\",\"logo\":{\"@type\":\"ImageObject\",\"inLanguage\":\"pl-PL\",\"@id\":\"https:\\\/\\\/www.brokk.com\\\/pl\\\/#\\\/schema\\\/logo\\\/image\\\/\",\"url\":\"https:\\\/\\\/www.brokk.com\\\/uk\\\/uploads\\\/sites\\\/5\\\/2018\\\/11\\\/logo.png\",\"contentUrl\":\"https:\\\/\\\/www.brokk.com\\\/uk\\\/uploads\\\/sites\\\/5\\\/2018\\\/11\\\/logo.png\",\"width\":250,\"height\":65,\"caption\":\"Brokk (UK) Ltd\"},\"image\":{\"@id\":\"https:\\\/\\\/www.brokk.com\\\/pl\\\/#\\\/schema\\\/logo\\\/image\\\/\"},\"sameAs\":[\"http:\\\/\\\/www.facebook.com\\\/pages\\\/Brokk\\\/184270348326912\",\"https:\\\/\\\/www.youtube.com\\\/user\\\/brokkrobots\"]}]}<\/script>\n<!-- \/ Yoast SEO plugin. -->","yoast_head_json":{"title":"Badania i rozw\u00f3j | Brokk Poland","robots":{"index":"index","follow":"follow","max-snippet":"max-snippet:-1","max-image-preview":"max-image-preview:large","max-video-preview":"max-video-preview:-1"},"canonical":"https:\/\/www.brokk.com\/pl\/o-firmie-brokk\/badania-i-rozwoj\/","og_locale":"pl_PL","og_type":"article","og_title":"Badania i rozw\u00f3j | Brokk Poland","og_description":"Od ponad 40 lat firma Brokk zajmuje pozycj\u0119 lidera pod wzgl\u0119dem innowacyjno\u015bci w bran\u017cy robot\u00f3w wyburzeniowych. Pocz\u0105tek firmie Brokk i koncepcji zdalnie sterowanych maszyn wyburzeniowych dali dwaj przedsi\u0119biorcy pragn\u0105cy stawi\u0107 czo\u0142a wyzwaniom stoj\u0105cym przed nimi w ich firmach. Ten spos\u00f3b\u2026","og_url":"https:\/\/www.brokk.com\/pl\/o-firmie-brokk\/badania-i-rozwoj\/","og_site_name":"Brokk Poland","article_publisher":"http:\/\/www.facebook.com\/pages\/Brokk\/184270348326912","article_modified_time":"2023-10-18T10:17:37+00:00","og_image":[{"width":2560,"height":1096,"url":"https:\/\/www.brokk.com\/pl\/uploads\/sites\/15\/2018\/03\/r-and-d_hero.jpg","type":"image\/jpeg"}],"twitter_card":"summary_large_image","twitter_misc":{"Est. reading time":"2 minutes"},"schema":{"@context":"https:\/\/schema.org","@graph":[{"@type":"WebPage","@id":"https:\/\/www.brokk.com\/pl\/o-firmie-brokk\/badania-i-rozwoj\/","url":"https:\/\/www.brokk.com\/pl\/o-firmie-brokk\/badania-i-rozwoj\/","name":"Badania i rozw\u00f3j | Brokk Poland","isPartOf":{"@id":"https:\/\/www.brokk.com\/pl\/#website"},"primaryImageOfPage":{"@id":"https:\/\/www.brokk.com\/pl\/o-firmie-brokk\/badania-i-rozwoj\/#primaryimage"},"image":{"@id":"https:\/\/www.brokk.com\/pl\/o-firmie-brokk\/badania-i-rozwoj\/#primaryimage"},"thumbnailUrl":"https:\/\/www.brokk.com\/pl\/uploads\/sites\/15\/2018\/03\/r-and-d_hero.jpg","datePublished":"2023-05-19T20:50:31+00:00","dateModified":"2023-10-18T10:17:37+00:00","breadcrumb":{"@id":"https:\/\/www.brokk.com\/pl\/o-firmie-brokk\/badania-i-rozwoj\/#breadcrumb"},"inLanguage":"pl-PL","potentialAction":[{"@type":"ReadAction","target":["https:\/\/www.brokk.com\/pl\/o-firmie-brokk\/badania-i-rozwoj\/"]}]},{"@type":"ImageObject","inLanguage":"pl-PL","@id":"https:\/\/www.brokk.com\/pl\/o-firmie-brokk\/badania-i-rozwoj\/#primaryimage","url":"https:\/\/www.brokk.com\/pl\/uploads\/sites\/15\/2018\/03\/r-and-d_hero.jpg","contentUrl":"https:\/\/www.brokk.com\/pl\/uploads\/sites\/15\/2018\/03\/r-and-d_hero.jpg","width":2560,"height":1096},{"@type":"BreadcrumbList","@id":"https:\/\/www.brokk.com\/pl\/o-firmie-brokk\/badania-i-rozwoj\/#breadcrumb","itemListElement":[{"@type":"ListItem","position":1,"name":"Home","item":"https:\/\/www.brokk.com\/pl\/"},{"@type":"ListItem","position":2,"name":"O firmie Brokk","item":"https:\/\/www.brokk.com\/pl\/o-firmie-brokk\/"},{"@type":"ListItem","position":3,"name":"Badania i rozw\u00f3j"}]},{"@type":"WebSite","@id":"https:\/\/www.brokk.com\/pl\/#website","url":"https:\/\/www.brokk.com\/pl\/","name":"Brokk Poland","description":"The definitive demolition solution in Poland","publisher":{"@id":"https:\/\/www.brokk.com\/pl\/#organization"},"potentialAction":[{"@type":"SearchAction","target":{"@type":"EntryPoint","urlTemplate":"https:\/\/www.brokk.com\/pl\/?s={search_term_string}"},"query-input":{"@type":"PropertyValueSpecification","valueRequired":true,"valueName":"search_term_string"}}],"inLanguage":"pl-PL"},{"@type":"Organization","@id":"https:\/\/www.brokk.com\/pl\/#organization","name":"Brokk (UK) Ltd","url":"https:\/\/www.brokk.com\/pl\/","logo":{"@type":"ImageObject","inLanguage":"pl-PL","@id":"https:\/\/www.brokk.com\/pl\/#\/schema\/logo\/image\/","url":"https:\/\/www.brokk.com\/uk\/uploads\/sites\/5\/2018\/11\/logo.png","contentUrl":"https:\/\/www.brokk.com\/uk\/uploads\/sites\/5\/2018\/11\/logo.png","width":250,"height":65,"caption":"Brokk (UK) Ltd"},"image":{"@id":"https:\/\/www.brokk.com\/pl\/#\/schema\/logo\/image\/"},"sameAs":["http:\/\/www.facebook.com\/pages\/Brokk\/184270348326912","https:\/\/www.youtube.com\/user\/brokkrobots"]}]}},"_links":{"self":[{"href":"https:\/\/www.brokk.com\/pl\/wp-json\/wp\/v2\/pages\/5339","targetHints":{"allow":["GET"]}}],"collection":[{"href":"https:\/\/www.brokk.com\/pl\/wp-json\/wp\/v2\/pages"}],"about":[{"href":"https:\/\/www.brokk.com\/pl\/wp-json\/wp\/v2\/types\/page"}],"author":[{"embeddable":true,"href":"https:\/\/www.brokk.com\/pl\/wp-json\/wp\/v2\/users\/36"}],"replies":[{"embeddable":true,"href":"https:\/\/www.brokk.com\/pl\/wp-json\/wp\/v2\/comments?post=5339"}],"version-history":[{"count":1,"href":"https:\/\/www.brokk.com\/pl\/wp-json\/wp\/v2\/pages\/5339\/revisions"}],"predecessor-version":[{"id":5856,"href":"https:\/\/www.brokk.com\/pl\/wp-json\/wp\/v2\/pages\/5339\/revisions\/5856"}],"up":[{"embeddable":true,"href":"https:\/\/www.brokk.com\/pl\/wp-json\/wp\/v2\/pages\/5326"}],"wp:featuredmedia":[{"embeddable":true,"href":"https:\/\/www.brokk.com\/pl\/wp-json\/wp\/v2\/media\/5331"}],"wp:attachment":[{"href":"https:\/\/www.brokk.com\/pl\/wp-json\/wp\/v2\/media?parent=5339"}],"curies":[{"name":"wp","href":"https:\/\/api.w.org\/{rel}","templated":true}]}}