{"id":5340,"date":"2023-05-19T21:56:09","date_gmt":"2023-05-19T20:56:09","guid":{"rendered":"https:\/\/www.brokk.com\/pl\/siedziba-glowna\/"},"modified":"2024-05-13T14:39:25","modified_gmt":"2024-05-13T13:39:25","slug":"siedziba-glowna","status":"publish","type":"page","link":"https:\/\/www.brokk.com\/pl\/o-firmie-brokk\/siedziba-glowna\/","title":{"rendered":"Siedziba g\u0142\u00f3wna"},"content":{"rendered":"<p>G\u0142\u00f3wna siedziba firmy Brokk znajduje si\u0119 w Skellefte\u00e5 na p\u00f3\u0142nocy Szwecji, ok. 200 km na po\u0142udnie od ko\u0142a podbiegunowego i 800 km na p\u00f3\u0142noc od Sztokholmu. W\u0142a\u015bnie tutaj powsta\u0142 robot wyburzeniowy, i tutaj znajduje si\u0119 centrum \u015bwiatowego przemys\u0142u robot\u00f3w wyburzeniowych.<\/p>\n","protected":false},"excerpt":{"rendered":"<p>G\u0142\u00f3wna siedziba firmy Brokk znajduje si\u0119 w Skellefte\u00e5 na p\u00f3\u0142nocy Szwecji, ok. 200 km na po\u0142udnie od ko\u0142a podbiegunowego i 800 km na p\u00f3\u0142noc od Sztokholmu. W\u0142a\u015bnie tutaj powsta\u0142 robot wyburzeniowy, i tutaj znajduje si\u0119 centrum \u015bwiatowego przemys\u0142u robot\u00f3w wyburzeniowych.<\/p>\n","protected":false},"author":36,"featured_media":5341,"parent":5326,"menu_order":128,"comment_status":"closed","ping_status":"closed","template":"page-templates\/contacts-subsidiary.php","meta":{"_acf_changed":false,"_relevanssi_hide_post":"","_relevanssi_hide_content":"","_relevanssi_pin_for_all":"","_relevanssi_pin_keywords":"","_relevanssi_unpin_keywords":"","_relevanssi_related_keywords":"","_relevanssi_related_include_ids":"","_relevanssi_related_exclude_ids":"","_relevanssi_related_no_append":"","_relevanssi_related_not_related":"","_relevanssi_related_posts":"","_relevanssi_noindex_reason":"","footnotes":""},"class_list":["post-5340","page","type-page","status-publish","has-post-thumbnail","hentry"],"acf":[],"yoast_head":"<!-- This site is optimized with the Yoast SEO plugin v27.3 - https:\/\/yoast.com\/product\/yoast-seo-wordpress\/ -->\n<title>Siedziba g\u0142\u00f3wna | Brokk Poland<\/title>\n<meta name=\"robots\" content=\"index, follow, max-snippet:-1, max-image-preview:large, max-video-preview:-1\" \/>\n<link rel=\"canonical\" href=\"https:\/\/www.brokk.com\/pl\/o-firmie-brokk\/siedziba-glowna\/\" \/>\n<meta property=\"og:locale\" content=\"pl_PL\" \/>\n<meta property=\"og:type\" content=\"article\" \/>\n<meta property=\"og:title\" content=\"Siedziba g\u0142\u00f3wna | Brokk Poland\" \/>\n<meta property=\"og:description\" content=\"G\u0142\u00f3wna siedziba firmy Brokk znajduje si\u0119 w Skellefte\u00e5 na p\u00f3\u0142nocy Szwecji, ok. 200 km na po\u0142udnie od ko\u0142a podbiegunowego i 800 km na p\u00f3\u0142noc od Sztokholmu. W\u0142a\u015bnie tutaj powsta\u0142 robot wyburzeniowy, i tutaj znajduje si\u0119 centrum \u015bwiatowego przemys\u0142u robot\u00f3w wyburzeniowych.\" \/>\n<meta property=\"og:url\" content=\"https:\/\/www.brokk.com\/pl\/o-firmie-brokk\/siedziba-glowna\/\" \/>\n<meta property=\"og:site_name\" content=\"Brokk Poland\" \/>\n<meta property=\"article:publisher\" content=\"http:\/\/www.facebook.com\/pages\/Brokk\/184270348326912\" \/>\n<meta property=\"article:modified_time\" content=\"2024-05-13T13:39:25+00:00\" \/>\n<meta property=\"og:image\" content=\"https:\/\/www.brokk.com\/pl\/uploads\/sites\/15\/2018\/05\/head_office_spring.jpg\" \/>\n\t<meta property=\"og:image:width\" content=\"2560\" \/>\n\t<meta property=\"og:image:height\" content=\"1096\" \/>\n\t<meta property=\"og:image:type\" content=\"image\/jpeg\" \/>\n<meta name=\"twitter:card\" content=\"summary_large_image\" \/>\n<meta name=\"twitter:label1\" content=\"Est. reading time\" \/>\n\t<meta name=\"twitter:data1\" content=\"2 minutes\" \/>\n<script type=\"application\/ld+json\" class=\"yoast-schema-graph\">{\"@context\":\"https:\\\/\\\/schema.org\",\"@graph\":[{\"@type\":\"WebPage\",\"@id\":\"https:\\\/\\\/www.brokk.com\\\/pl\\\/o-firmie-brokk\\\/siedziba-glowna\\\/\",\"url\":\"https:\\\/\\\/www.brokk.com\\\/pl\\\/o-firmie-brokk\\\/siedziba-glowna\\\/\",\"name\":\"Siedziba g\u0142\u00f3wna | Brokk Poland\",\"isPartOf\":{\"@id\":\"https:\\\/\\\/www.brokk.com\\\/pl\\\/#website\"},\"primaryImageOfPage\":{\"@id\":\"https:\\\/\\\/www.brokk.com\\\/pl\\\/o-firmie-brokk\\\/siedziba-glowna\\\/#primaryimage\"},\"image\":{\"@id\":\"https:\\\/\\\/www.brokk.com\\\/pl\\\/o-firmie-brokk\\\/siedziba-glowna\\\/#primaryimage\"},\"thumbnailUrl\":\"https:\\\/\\\/www.brokk.com\\\/pl\\\/uploads\\\/sites\\\/15\\\/2018\\\/05\\\/head_office_spring.jpg\",\"datePublished\":\"2023-05-19T20:56:09+00:00\",\"dateModified\":\"2024-05-13T13:39:25+00:00\",\"breadcrumb\":{\"@id\":\"https:\\\/\\\/www.brokk.com\\\/pl\\\/o-firmie-brokk\\\/siedziba-glowna\\\/#breadcrumb\"},\"inLanguage\":\"pl-PL\",\"potentialAction\":[{\"@type\":\"ReadAction\",\"target\":[\"https:\\\/\\\/www.brokk.com\\\/pl\\\/o-firmie-brokk\\\/siedziba-glowna\\\/\"]}]},{\"@type\":\"ImageObject\",\"inLanguage\":\"pl-PL\",\"@id\":\"https:\\\/\\\/www.brokk.com\\\/pl\\\/o-firmie-brokk\\\/siedziba-glowna\\\/#primaryimage\",\"url\":\"https:\\\/\\\/www.brokk.com\\\/pl\\\/uploads\\\/sites\\\/15\\\/2018\\\/05\\\/head_office_spring.jpg\",\"contentUrl\":\"https:\\\/\\\/www.brokk.com\\\/pl\\\/uploads\\\/sites\\\/15\\\/2018\\\/05\\\/head_office_spring.jpg\",\"width\":2560,\"height\":1096},{\"@type\":\"BreadcrumbList\",\"@id\":\"https:\\\/\\\/www.brokk.com\\\/pl\\\/o-firmie-brokk\\\/siedziba-glowna\\\/#breadcrumb\",\"itemListElement\":[{\"@type\":\"ListItem\",\"position\":1,\"name\":\"Home\",\"item\":\"https:\\\/\\\/www.brokk.com\\\/pl\\\/\"},{\"@type\":\"ListItem\",\"position\":2,\"name\":\"O firmie Brokk\",\"item\":\"https:\\\/\\\/www.brokk.com\\\/pl\\\/o-firmie-brokk\\\/\"},{\"@type\":\"ListItem\",\"position\":3,\"name\":\"Siedziba g\u0142\u00f3wna\"}]},{\"@type\":\"WebSite\",\"@id\":\"https:\\\/\\\/www.brokk.com\\\/pl\\\/#website\",\"url\":\"https:\\\/\\\/www.brokk.com\\\/pl\\\/\",\"name\":\"Brokk Poland\",\"description\":\"The definitive demolition solution in Poland\",\"publisher\":{\"@id\":\"https:\\\/\\\/www.brokk.com\\\/pl\\\/#organization\"},\"potentialAction\":[{\"@type\":\"SearchAction\",\"target\":{\"@type\":\"EntryPoint\",\"urlTemplate\":\"https:\\\/\\\/www.brokk.com\\\/pl\\\/?s={search_term_string}\"},\"query-input\":{\"@type\":\"PropertyValueSpecification\",\"valueRequired\":true,\"valueName\":\"search_term_string\"}}],\"inLanguage\":\"pl-PL\"},{\"@type\":\"Organization\",\"@id\":\"https:\\\/\\\/www.brokk.com\\\/pl\\\/#organization\",\"name\":\"Brokk (UK) Ltd\",\"url\":\"https:\\\/\\\/www.brokk.com\\\/pl\\\/\",\"logo\":{\"@type\":\"ImageObject\",\"inLanguage\":\"pl-PL\",\"@id\":\"https:\\\/\\\/www.brokk.com\\\/pl\\\/#\\\/schema\\\/logo\\\/image\\\/\",\"url\":\"https:\\\/\\\/www.brokk.com\\\/uk\\\/uploads\\\/sites\\\/5\\\/2018\\\/11\\\/logo.png\",\"contentUrl\":\"https:\\\/\\\/www.brokk.com\\\/uk\\\/uploads\\\/sites\\\/5\\\/2018\\\/11\\\/logo.png\",\"width\":250,\"height\":65,\"caption\":\"Brokk (UK) Ltd\"},\"image\":{\"@id\":\"https:\\\/\\\/www.brokk.com\\\/pl\\\/#\\\/schema\\\/logo\\\/image\\\/\"},\"sameAs\":[\"http:\\\/\\\/www.facebook.com\\\/pages\\\/Brokk\\\/184270348326912\",\"https:\\\/\\\/www.youtube.com\\\/user\\\/brokkrobots\"]}]}<\/script>\n<!-- \/ Yoast SEO plugin. -->","yoast_head_json":{"title":"Siedziba g\u0142\u00f3wna | Brokk Poland","robots":{"index":"index","follow":"follow","max-snippet":"max-snippet:-1","max-image-preview":"max-image-preview:large","max-video-preview":"max-video-preview:-1"},"canonical":"https:\/\/www.brokk.com\/pl\/o-firmie-brokk\/siedziba-glowna\/","og_locale":"pl_PL","og_type":"article","og_title":"Siedziba g\u0142\u00f3wna | Brokk Poland","og_description":"G\u0142\u00f3wna siedziba firmy Brokk znajduje si\u0119 w Skellefte\u00e5 na p\u00f3\u0142nocy Szwecji, ok. 200 km na po\u0142udnie od ko\u0142a podbiegunowego i 800 km na p\u00f3\u0142noc od Sztokholmu. W\u0142a\u015bnie tutaj powsta\u0142 robot wyburzeniowy, i tutaj znajduje si\u0119 centrum \u015bwiatowego przemys\u0142u robot\u00f3w wyburzeniowych.","og_url":"https:\/\/www.brokk.com\/pl\/o-firmie-brokk\/siedziba-glowna\/","og_site_name":"Brokk Poland","article_publisher":"http:\/\/www.facebook.com\/pages\/Brokk\/184270348326912","article_modified_time":"2024-05-13T13:39:25+00:00","og_image":[{"width":2560,"height":1096,"url":"https:\/\/www.brokk.com\/pl\/uploads\/sites\/15\/2018\/05\/head_office_spring.jpg","type":"image\/jpeg"}],"twitter_card":"summary_large_image","twitter_misc":{"Est. reading time":"2 minutes"},"schema":{"@context":"https:\/\/schema.org","@graph":[{"@type":"WebPage","@id":"https:\/\/www.brokk.com\/pl\/o-firmie-brokk\/siedziba-glowna\/","url":"https:\/\/www.brokk.com\/pl\/o-firmie-brokk\/siedziba-glowna\/","name":"Siedziba g\u0142\u00f3wna | Brokk Poland","isPartOf":{"@id":"https:\/\/www.brokk.com\/pl\/#website"},"primaryImageOfPage":{"@id":"https:\/\/www.brokk.com\/pl\/o-firmie-brokk\/siedziba-glowna\/#primaryimage"},"image":{"@id":"https:\/\/www.brokk.com\/pl\/o-firmie-brokk\/siedziba-glowna\/#primaryimage"},"thumbnailUrl":"https:\/\/www.brokk.com\/pl\/uploads\/sites\/15\/2018\/05\/head_office_spring.jpg","datePublished":"2023-05-19T20:56:09+00:00","dateModified":"2024-05-13T13:39:25+00:00","breadcrumb":{"@id":"https:\/\/www.brokk.com\/pl\/o-firmie-brokk\/siedziba-glowna\/#breadcrumb"},"inLanguage":"pl-PL","potentialAction":[{"@type":"ReadAction","target":["https:\/\/www.brokk.com\/pl\/o-firmie-brokk\/siedziba-glowna\/"]}]},{"@type":"ImageObject","inLanguage":"pl-PL","@id":"https:\/\/www.brokk.com\/pl\/o-firmie-brokk\/siedziba-glowna\/#primaryimage","url":"https:\/\/www.brokk.com\/pl\/uploads\/sites\/15\/2018\/05\/head_office_spring.jpg","contentUrl":"https:\/\/www.brokk.com\/pl\/uploads\/sites\/15\/2018\/05\/head_office_spring.jpg","width":2560,"height":1096},{"@type":"BreadcrumbList","@id":"https:\/\/www.brokk.com\/pl\/o-firmie-brokk\/siedziba-glowna\/#breadcrumb","itemListElement":[{"@type":"ListItem","position":1,"name":"Home","item":"https:\/\/www.brokk.com\/pl\/"},{"@type":"ListItem","position":2,"name":"O firmie Brokk","item":"https:\/\/www.brokk.com\/pl\/o-firmie-brokk\/"},{"@type":"ListItem","position":3,"name":"Siedziba g\u0142\u00f3wna"}]},{"@type":"WebSite","@id":"https:\/\/www.brokk.com\/pl\/#website","url":"https:\/\/www.brokk.com\/pl\/","name":"Brokk Poland","description":"The definitive demolition solution in Poland","publisher":{"@id":"https:\/\/www.brokk.com\/pl\/#organization"},"potentialAction":[{"@type":"SearchAction","target":{"@type":"EntryPoint","urlTemplate":"https:\/\/www.brokk.com\/pl\/?s={search_term_string}"},"query-input":{"@type":"PropertyValueSpecification","valueRequired":true,"valueName":"search_term_string"}}],"inLanguage":"pl-PL"},{"@type":"Organization","@id":"https:\/\/www.brokk.com\/pl\/#organization","name":"Brokk (UK) Ltd","url":"https:\/\/www.brokk.com\/pl\/","logo":{"@type":"ImageObject","inLanguage":"pl-PL","@id":"https:\/\/www.brokk.com\/pl\/#\/schema\/logo\/image\/","url":"https:\/\/www.brokk.com\/uk\/uploads\/sites\/5\/2018\/11\/logo.png","contentUrl":"https:\/\/www.brokk.com\/uk\/uploads\/sites\/5\/2018\/11\/logo.png","width":250,"height":65,"caption":"Brokk (UK) Ltd"},"image":{"@id":"https:\/\/www.brokk.com\/pl\/#\/schema\/logo\/image\/"},"sameAs":["http:\/\/www.facebook.com\/pages\/Brokk\/184270348326912","https:\/\/www.youtube.com\/user\/brokkrobots"]}]}},"_links":{"self":[{"href":"https:\/\/www.brokk.com\/pl\/wp-json\/wp\/v2\/pages\/5340","targetHints":{"allow":["GET"]}}],"collection":[{"href":"https:\/\/www.brokk.com\/pl\/wp-json\/wp\/v2\/pages"}],"about":[{"href":"https:\/\/www.brokk.com\/pl\/wp-json\/wp\/v2\/types\/page"}],"author":[{"embeddable":true,"href":"https:\/\/www.brokk.com\/pl\/wp-json\/wp\/v2\/users\/36"}],"replies":[{"embeddable":true,"href":"https:\/\/www.brokk.com\/pl\/wp-json\/wp\/v2\/comments?post=5340"}],"version-history":[{"count":2,"href":"https:\/\/www.brokk.com\/pl\/wp-json\/wp\/v2\/pages\/5340\/revisions"}],"predecessor-version":[{"id":5926,"href":"https:\/\/www.brokk.com\/pl\/wp-json\/wp\/v2\/pages\/5340\/revisions\/5926"}],"up":[{"embeddable":true,"href":"https:\/\/www.brokk.com\/pl\/wp-json\/wp\/v2\/pages\/5326"}],"wp:featuredmedia":[{"embeddable":true,"href":"https:\/\/www.brokk.com\/pl\/wp-json\/wp\/v2\/media\/5341"}],"wp:attachment":[{"href":"https:\/\/www.brokk.com\/pl\/wp-json\/wp\/v2\/media?parent=5340"}],"curies":[{"name":"wp","href":"https:\/\/api.w.org\/{rel}","templated":true}]}}