{"id":5351,"date":"2023-05-19T22:34:25","date_gmt":"2023-05-19T21:34:25","guid":{"rendered":"https:\/\/www.brokk.com\/pl\/after-sales__trashed\/wykrywanie-i-usuwanie-usterek\/"},"modified":"2023-06-22T14:45:23","modified_gmt":"2023-06-22T13:45:23","slug":"wykrywanie-i-usuwanie-usterek","status":"publish","type":"page","link":"https:\/\/www.brokk.com\/pl\/obsluga-posprzedazna\/wykrywanie-i-usuwanie-usterek\/","title":{"rendered":"Wykrywanie i usuwanie usterek"},"content":{"rendered":"<p>W tym pliku PDF zebrali\u015bmy wskaz\u00f3wki na temat wykrywania i usuwania usterek, kt\u00f3re opracowali\u015bmy na podstawie zgromadzonej wiedzy o maszynach Brokk. Pobierz plik PDF na sw\u00f3j telefon kom\u00f3rkowy lub go wydrukuj, dzi\u0119ki czemu b\u0119dziesz m\u00f3g\u0142 z niego korzysta\u0107 nawet w bez dost\u0119pu do internetu lub zasi\u0119gu telefonii kom\u00f3rkowej. Pobierz dokument <a href=\"https:\/\/www.brokk.com\/pl\/uploads\/sites\/15\/2023\/05\/troubleshooting-pl.pdf\" target=\"_blank\" rel=\"noopener\">tutaj<\/a><\/p>\n","protected":false},"excerpt":{"rendered":"<p>W tym pliku PDF zebrali\u015bmy wskaz\u00f3wki na temat wykrywania i usuwania usterek, kt\u00f3re opracowali\u015bmy na podstawie zgromadzonej wiedzy o maszynach Brokk. Pobierz plik PDF na sw\u00f3j telefon kom\u00f3rkowy lub go wydrukuj, dzi\u0119ki czemu b\u0119dziesz m\u00f3g\u0142 z niego korzysta\u0107 nawet w\u2026<\/p>\n","protected":false},"author":46,"featured_media":0,"parent":5038,"menu_order":55,"comment_status":"closed","ping_status":"closed","template":"","meta":{"_acf_changed":false,"_relevanssi_hide_post":"","_relevanssi_hide_content":"","_relevanssi_pin_for_all":"","_relevanssi_pin_keywords":"","_relevanssi_unpin_keywords":"","_relevanssi_related_keywords":"","_relevanssi_related_include_ids":"","_relevanssi_related_exclude_ids":"","_relevanssi_related_no_append":"","_relevanssi_related_not_related":"","_relevanssi_related_posts":"","_relevanssi_noindex_reason":"","footnotes":""},"class_list":["post-5351","page","type-page","status-publish","hentry"],"acf":[],"yoast_head":"<!-- This site is optimized with the Yoast SEO plugin v27.3 - https:\/\/yoast.com\/product\/yoast-seo-wordpress\/ -->\n<title>Wykrywanie i usuwanie usterek | Brokk Poland<\/title>\n<meta name=\"robots\" content=\"index, follow, max-snippet:-1, max-image-preview:large, max-video-preview:-1\" \/>\n<link rel=\"canonical\" href=\"https:\/\/www.brokk.com\/pl\/obsluga-posprzedazna\/wykrywanie-i-usuwanie-usterek\/\" \/>\n<meta property=\"og:locale\" content=\"pl_PL\" \/>\n<meta property=\"og:type\" content=\"article\" \/>\n<meta property=\"og:title\" content=\"Wykrywanie i usuwanie usterek | Brokk Poland\" \/>\n<meta property=\"og:description\" content=\"W tym pliku PDF zebrali\u015bmy wskaz\u00f3wki na temat wykrywania i usuwania usterek, kt\u00f3re opracowali\u015bmy na podstawie zgromadzonej wiedzy o maszynach Brokk. Pobierz plik PDF na sw\u00f3j telefon kom\u00f3rkowy lub go wydrukuj, dzi\u0119ki czemu b\u0119dziesz m\u00f3g\u0142 z niego korzysta\u0107 nawet w\u2026\" \/>\n<meta property=\"og:url\" content=\"https:\/\/www.brokk.com\/pl\/obsluga-posprzedazna\/wykrywanie-i-usuwanie-usterek\/\" \/>\n<meta property=\"og:site_name\" content=\"Brokk Poland\" \/>\n<meta property=\"article:publisher\" content=\"http:\/\/www.facebook.com\/pages\/Brokk\/184270348326912\" \/>\n<meta property=\"article:modified_time\" content=\"2023-06-22T13:45:23+00:00\" \/>\n<meta name=\"twitter:card\" content=\"summary_large_image\" \/>\n<meta name=\"twitter:label1\" content=\"Est. reading time\" \/>\n\t<meta name=\"twitter:data1\" content=\"1 minute\" \/>\n<script type=\"application\/ld+json\" class=\"yoast-schema-graph\">{\"@context\":\"https:\\\/\\\/schema.org\",\"@graph\":[{\"@type\":\"WebPage\",\"@id\":\"https:\\\/\\\/www.brokk.com\\\/pl\\\/obsluga-posprzedazna\\\/wykrywanie-i-usuwanie-usterek\\\/\",\"url\":\"https:\\\/\\\/www.brokk.com\\\/pl\\\/obsluga-posprzedazna\\\/wykrywanie-i-usuwanie-usterek\\\/\",\"name\":\"Wykrywanie i usuwanie usterek | Brokk Poland\",\"isPartOf\":{\"@id\":\"https:\\\/\\\/www.brokk.com\\\/pl\\\/#website\"},\"datePublished\":\"2023-05-19T21:34:25+00:00\",\"dateModified\":\"2023-06-22T13:45:23+00:00\",\"breadcrumb\":{\"@id\":\"https:\\\/\\\/www.brokk.com\\\/pl\\\/obsluga-posprzedazna\\\/wykrywanie-i-usuwanie-usterek\\\/#breadcrumb\"},\"inLanguage\":\"pl-PL\",\"potentialAction\":[{\"@type\":\"ReadAction\",\"target\":[\"https:\\\/\\\/www.brokk.com\\\/pl\\\/obsluga-posprzedazna\\\/wykrywanie-i-usuwanie-usterek\\\/\"]}]},{\"@type\":\"BreadcrumbList\",\"@id\":\"https:\\\/\\\/www.brokk.com\\\/pl\\\/obsluga-posprzedazna\\\/wykrywanie-i-usuwanie-usterek\\\/#breadcrumb\",\"itemListElement\":[{\"@type\":\"ListItem\",\"position\":1,\"name\":\"Home\",\"item\":\"https:\\\/\\\/www.brokk.com\\\/pl\\\/\"},{\"@type\":\"ListItem\",\"position\":2,\"name\":\"Obs\u0142uga posprzeda\u017cna\",\"item\":\"https:\\\/\\\/www.brokk.com\\\/pl\\\/obsluga-posprzedazna\\\/\"},{\"@type\":\"ListItem\",\"position\":3,\"name\":\"Wykrywanie i usuwanie usterek\"}]},{\"@type\":\"WebSite\",\"@id\":\"https:\\\/\\\/www.brokk.com\\\/pl\\\/#website\",\"url\":\"https:\\\/\\\/www.brokk.com\\\/pl\\\/\",\"name\":\"Brokk Poland\",\"description\":\"The definitive demolition solution in Poland\",\"publisher\":{\"@id\":\"https:\\\/\\\/www.brokk.com\\\/pl\\\/#organization\"},\"potentialAction\":[{\"@type\":\"SearchAction\",\"target\":{\"@type\":\"EntryPoint\",\"urlTemplate\":\"https:\\\/\\\/www.brokk.com\\\/pl\\\/?s={search_term_string}\"},\"query-input\":{\"@type\":\"PropertyValueSpecification\",\"valueRequired\":true,\"valueName\":\"search_term_string\"}}],\"inLanguage\":\"pl-PL\"},{\"@type\":\"Organization\",\"@id\":\"https:\\\/\\\/www.brokk.com\\\/pl\\\/#organization\",\"name\":\"Brokk (UK) Ltd\",\"url\":\"https:\\\/\\\/www.brokk.com\\\/pl\\\/\",\"logo\":{\"@type\":\"ImageObject\",\"inLanguage\":\"pl-PL\",\"@id\":\"https:\\\/\\\/www.brokk.com\\\/pl\\\/#\\\/schema\\\/logo\\\/image\\\/\",\"url\":\"https:\\\/\\\/www.brokk.com\\\/uk\\\/uploads\\\/sites\\\/5\\\/2018\\\/11\\\/logo.png\",\"contentUrl\":\"https:\\\/\\\/www.brokk.com\\\/uk\\\/uploads\\\/sites\\\/5\\\/2018\\\/11\\\/logo.png\",\"width\":250,\"height\":65,\"caption\":\"Brokk (UK) Ltd\"},\"image\":{\"@id\":\"https:\\\/\\\/www.brokk.com\\\/pl\\\/#\\\/schema\\\/logo\\\/image\\\/\"},\"sameAs\":[\"http:\\\/\\\/www.facebook.com\\\/pages\\\/Brokk\\\/184270348326912\",\"https:\\\/\\\/www.youtube.com\\\/user\\\/brokkrobots\"]}]}<\/script>\n<!-- \/ Yoast SEO plugin. -->","yoast_head_json":{"title":"Wykrywanie i usuwanie usterek | Brokk Poland","robots":{"index":"index","follow":"follow","max-snippet":"max-snippet:-1","max-image-preview":"max-image-preview:large","max-video-preview":"max-video-preview:-1"},"canonical":"https:\/\/www.brokk.com\/pl\/obsluga-posprzedazna\/wykrywanie-i-usuwanie-usterek\/","og_locale":"pl_PL","og_type":"article","og_title":"Wykrywanie i usuwanie usterek | Brokk Poland","og_description":"W tym pliku PDF zebrali\u015bmy wskaz\u00f3wki na temat wykrywania i usuwania usterek, kt\u00f3re opracowali\u015bmy na podstawie zgromadzonej wiedzy o maszynach Brokk. Pobierz plik PDF na sw\u00f3j telefon kom\u00f3rkowy lub go wydrukuj, dzi\u0119ki czemu b\u0119dziesz m\u00f3g\u0142 z niego korzysta\u0107 nawet w\u2026","og_url":"https:\/\/www.brokk.com\/pl\/obsluga-posprzedazna\/wykrywanie-i-usuwanie-usterek\/","og_site_name":"Brokk Poland","article_publisher":"http:\/\/www.facebook.com\/pages\/Brokk\/184270348326912","article_modified_time":"2023-06-22T13:45:23+00:00","twitter_card":"summary_large_image","twitter_misc":{"Est. reading time":"1 minute"},"schema":{"@context":"https:\/\/schema.org","@graph":[{"@type":"WebPage","@id":"https:\/\/www.brokk.com\/pl\/obsluga-posprzedazna\/wykrywanie-i-usuwanie-usterek\/","url":"https:\/\/www.brokk.com\/pl\/obsluga-posprzedazna\/wykrywanie-i-usuwanie-usterek\/","name":"Wykrywanie i usuwanie usterek | Brokk Poland","isPartOf":{"@id":"https:\/\/www.brokk.com\/pl\/#website"},"datePublished":"2023-05-19T21:34:25+00:00","dateModified":"2023-06-22T13:45:23+00:00","breadcrumb":{"@id":"https:\/\/www.brokk.com\/pl\/obsluga-posprzedazna\/wykrywanie-i-usuwanie-usterek\/#breadcrumb"},"inLanguage":"pl-PL","potentialAction":[{"@type":"ReadAction","target":["https:\/\/www.brokk.com\/pl\/obsluga-posprzedazna\/wykrywanie-i-usuwanie-usterek\/"]}]},{"@type":"BreadcrumbList","@id":"https:\/\/www.brokk.com\/pl\/obsluga-posprzedazna\/wykrywanie-i-usuwanie-usterek\/#breadcrumb","itemListElement":[{"@type":"ListItem","position":1,"name":"Home","item":"https:\/\/www.brokk.com\/pl\/"},{"@type":"ListItem","position":2,"name":"Obs\u0142uga posprzeda\u017cna","item":"https:\/\/www.brokk.com\/pl\/obsluga-posprzedazna\/"},{"@type":"ListItem","position":3,"name":"Wykrywanie i usuwanie usterek"}]},{"@type":"WebSite","@id":"https:\/\/www.brokk.com\/pl\/#website","url":"https:\/\/www.brokk.com\/pl\/","name":"Brokk Poland","description":"The definitive demolition solution in Poland","publisher":{"@id":"https:\/\/www.brokk.com\/pl\/#organization"},"potentialAction":[{"@type":"SearchAction","target":{"@type":"EntryPoint","urlTemplate":"https:\/\/www.brokk.com\/pl\/?s={search_term_string}"},"query-input":{"@type":"PropertyValueSpecification","valueRequired":true,"valueName":"search_term_string"}}],"inLanguage":"pl-PL"},{"@type":"Organization","@id":"https:\/\/www.brokk.com\/pl\/#organization","name":"Brokk (UK) Ltd","url":"https:\/\/www.brokk.com\/pl\/","logo":{"@type":"ImageObject","inLanguage":"pl-PL","@id":"https:\/\/www.brokk.com\/pl\/#\/schema\/logo\/image\/","url":"https:\/\/www.brokk.com\/uk\/uploads\/sites\/5\/2018\/11\/logo.png","contentUrl":"https:\/\/www.brokk.com\/uk\/uploads\/sites\/5\/2018\/11\/logo.png","width":250,"height":65,"caption":"Brokk (UK) Ltd"},"image":{"@id":"https:\/\/www.brokk.com\/pl\/#\/schema\/logo\/image\/"},"sameAs":["http:\/\/www.facebook.com\/pages\/Brokk\/184270348326912","https:\/\/www.youtube.com\/user\/brokkrobots"]}]}},"_links":{"self":[{"href":"https:\/\/www.brokk.com\/pl\/wp-json\/wp\/v2\/pages\/5351","targetHints":{"allow":["GET"]}}],"collection":[{"href":"https:\/\/www.brokk.com\/pl\/wp-json\/wp\/v2\/pages"}],"about":[{"href":"https:\/\/www.brokk.com\/pl\/wp-json\/wp\/v2\/types\/page"}],"author":[{"embeddable":true,"href":"https:\/\/www.brokk.com\/pl\/wp-json\/wp\/v2\/users\/46"}],"replies":[{"embeddable":true,"href":"https:\/\/www.brokk.com\/pl\/wp-json\/wp\/v2\/comments?post=5351"}],"version-history":[{"count":1,"href":"https:\/\/www.brokk.com\/pl\/wp-json\/wp\/v2\/pages\/5351\/revisions"}],"predecessor-version":[{"id":5823,"href":"https:\/\/www.brokk.com\/pl\/wp-json\/wp\/v2\/pages\/5351\/revisions\/5823"}],"up":[{"embeddable":true,"href":"https:\/\/www.brokk.com\/pl\/wp-json\/wp\/v2\/pages\/5038"}],"wp:attachment":[{"href":"https:\/\/www.brokk.com\/pl\/wp-json\/wp\/v2\/media?parent=5351"}],"curies":[{"name":"wp","href":"https:\/\/api.w.org\/{rel}","templated":true}]}}