{"id":5355,"date":"2023-05-19T22:36:19","date_gmt":"2023-05-19T21:36:19","guid":{"rendered":"https:\/\/www.brokk.com\/pl\/after-sales__trashed\/umowa-serwisowa\/"},"modified":"2023-06-22T14:43:03","modified_gmt":"2023-06-22T13:43:03","slug":"umowa-serwisowa","status":"publish","type":"page","link":"https:\/\/www.brokk.com\/pl\/obsluga-posprzedazna\/umowa-serwisowa\/","title":{"rendered":"Umowa serwisowa"},"content":{"rendered":"<p>Dzi\u0119ki umowie serwisowej Brokk Uptime\u2122 mo\u017cesz mie\u0107 pewno\u015b\u0107, \u017ce Tw\u00f3j robot wyburzeniowy Brokk zawsze b\u0119dzie pod doskonal\u0105 opiek\u0105. Planuj\u0105c okresy mi\u0119dzy przegl\u0105dami serwisowymi mamy pewno\u015b\u0107, \u017ce prace obs\u0142ugowe i konserwacyjne maj\u0105 miejsce w najlepszym czasie z punktu widzenia dzia\u0142alno\u015bci przedsi\u0119biorstwa. Wszelkie prace obs\u0142ugowe prowadzone s\u0105 przez do\u015bwiadczonych serwisant\u00f3w Brokk, co gwarantuje r\u00f3wnie\u017c u\u017cycie wy\u0142\u0105cznie wysokiej jako\u015bci, oryginalnych cz\u0119\u015bci zamiennych Brokk.<\/p>\n<p><a href=\"https:\/\/www.brokk.com\/contact\/find-dealer\/\">Skontaktuj si\u0119<\/a> z lokalnym przedstawicielem handlowym firmy Brokk, i poznaj najlepsze rozwi\u0105zania dla Ciebie i Twojej maszyny Brokk.<\/p>\n<p><img loading=\"lazy\" decoding=\"async\" class=\"alignnone size-medium wp-image-529\" src=\"https:\/\/www.brokk.com\/uploads\/2018\/03\/service-agreement-2_content-720x480.jpg\" alt=\"Brokk service\" width=\"720\" height=\"480\" srcset=\"https:\/\/www.brokk.com\/pl\/uploads\/2018\/03\/service-agreement-2_content-720x480.jpg 720w, https:\/\/www.brokk.com\/pl\/uploads\/2018\/03\/service-agreement-2_content-420x280.jpg 420w, https:\/\/www.brokk.com\/pl\/uploads\/2018\/03\/service-agreement-2_content-768x512.jpg 768w, https:\/\/www.brokk.com\/pl\/uploads\/2018\/03\/service-agreement-2_content-1280x853.jpg 1280w, https:\/\/www.brokk.com\/pl\/uploads\/2018\/03\/service-agreement-2_content-480x320.jpg 480w, https:\/\/www.brokk.com\/pl\/uploads\/2018\/03\/service-agreement-2_content-48x32.jpg 48w, https:\/\/www.brokk.com\/pl\/uploads\/2018\/03\/service-agreement-2_content.jpg 1440w\" sizes=\"auto, (max-width: 720px) 100vw, 720px\" \/><\/p>\n","protected":false},"excerpt":{"rendered":"<p>Dzi\u0119ki umowie serwisowej Brokk Uptime\u2122 mo\u017cesz mie\u0107 pewno\u015b\u0107, \u017ce Tw\u00f3j robot wyburzeniowy Brokk zawsze b\u0119dzie pod doskonal\u0105 opiek\u0105. Planuj\u0105c okresy mi\u0119dzy przegl\u0105dami serwisowymi mamy pewno\u015b\u0107, \u017ce prace obs\u0142ugowe i konserwacyjne maj\u0105 miejsce w najlepszym czasie z punktu widzenia dzia\u0142alno\u015bci przedsi\u0119biorstwa.\u2026<\/p>\n","protected":false},"author":36,"featured_media":5356,"parent":5038,"menu_order":80,"comment_status":"closed","ping_status":"closed","template":"page-templates\/common.php","meta":{"_acf_changed":false,"_relevanssi_hide_post":"","_relevanssi_hide_content":"","_relevanssi_pin_for_all":"","_relevanssi_pin_keywords":"","_relevanssi_unpin_keywords":"","_relevanssi_related_keywords":"","_relevanssi_related_include_ids":"","_relevanssi_related_exclude_ids":"","_relevanssi_related_no_append":"","_relevanssi_related_not_related":"","_relevanssi_related_posts":"","_relevanssi_noindex_reason":"","footnotes":""},"class_list":["post-5355","page","type-page","status-publish","has-post-thumbnail","hentry"],"acf":[],"yoast_head":"<!-- This site is optimized with the Yoast SEO plugin v27.3 - https:\/\/yoast.com\/product\/yoast-seo-wordpress\/ -->\n<title>Umowa serwisowa | Brokk Poland<\/title>\n<meta name=\"robots\" content=\"index, follow, max-snippet:-1, max-image-preview:large, max-video-preview:-1\" \/>\n<link rel=\"canonical\" href=\"https:\/\/www.brokk.com\/pl\/obsluga-posprzedazna\/umowa-serwisowa\/\" \/>\n<meta property=\"og:locale\" content=\"pl_PL\" \/>\n<meta property=\"og:type\" content=\"article\" \/>\n<meta property=\"og:title\" content=\"Umowa serwisowa | Brokk Poland\" \/>\n<meta property=\"og:description\" content=\"Dzi\u0119ki umowie serwisowej Brokk Uptime\u2122 mo\u017cesz mie\u0107 pewno\u015b\u0107, \u017ce Tw\u00f3j robot wyburzeniowy Brokk zawsze b\u0119dzie pod doskonal\u0105 opiek\u0105. Planuj\u0105c okresy mi\u0119dzy przegl\u0105dami serwisowymi mamy pewno\u015b\u0107, \u017ce prace obs\u0142ugowe i konserwacyjne maj\u0105 miejsce w najlepszym czasie z punktu widzenia dzia\u0142alno\u015bci przedsi\u0119biorstwa.\u2026\" \/>\n<meta property=\"og:url\" content=\"https:\/\/www.brokk.com\/pl\/obsluga-posprzedazna\/umowa-serwisowa\/\" \/>\n<meta property=\"og:site_name\" content=\"Brokk Poland\" \/>\n<meta property=\"article:publisher\" content=\"http:\/\/www.facebook.com\/pages\/Brokk\/184270348326912\" \/>\n<meta property=\"article:modified_time\" content=\"2023-06-22T13:43:03+00:00\" \/>\n<meta property=\"og:image\" content=\"https:\/\/www.brokk.com\/pl\/uploads\/sites\/15\/2018\/03\/service-agreement_hero.jpg\" \/>\n\t<meta property=\"og:image:width\" content=\"2560\" \/>\n\t<meta property=\"og:image:height\" content=\"1096\" \/>\n\t<meta property=\"og:image:type\" content=\"image\/jpeg\" \/>\n<meta name=\"twitter:card\" content=\"summary_large_image\" \/>\n<meta name=\"twitter:label1\" content=\"Est. reading time\" \/>\n\t<meta name=\"twitter:data1\" content=\"1 minute\" \/>\n<script type=\"application\/ld+json\" class=\"yoast-schema-graph\">{\"@context\":\"https:\\\/\\\/schema.org\",\"@graph\":[{\"@type\":\"WebPage\",\"@id\":\"https:\\\/\\\/www.brokk.com\\\/pl\\\/obsluga-posprzedazna\\\/umowa-serwisowa\\\/\",\"url\":\"https:\\\/\\\/www.brokk.com\\\/pl\\\/obsluga-posprzedazna\\\/umowa-serwisowa\\\/\",\"name\":\"Umowa serwisowa | Brokk Poland\",\"isPartOf\":{\"@id\":\"https:\\\/\\\/www.brokk.com\\\/pl\\\/#website\"},\"primaryImageOfPage\":{\"@id\":\"https:\\\/\\\/www.brokk.com\\\/pl\\\/obsluga-posprzedazna\\\/umowa-serwisowa\\\/#primaryimage\"},\"image\":{\"@id\":\"https:\\\/\\\/www.brokk.com\\\/pl\\\/obsluga-posprzedazna\\\/umowa-serwisowa\\\/#primaryimage\"},\"thumbnailUrl\":\"https:\\\/\\\/www.brokk.com\\\/pl\\\/uploads\\\/sites\\\/15\\\/2018\\\/03\\\/service-agreement_hero.jpg\",\"datePublished\":\"2023-05-19T21:36:19+00:00\",\"dateModified\":\"2023-06-22T13:43:03+00:00\",\"breadcrumb\":{\"@id\":\"https:\\\/\\\/www.brokk.com\\\/pl\\\/obsluga-posprzedazna\\\/umowa-serwisowa\\\/#breadcrumb\"},\"inLanguage\":\"pl-PL\",\"potentialAction\":[{\"@type\":\"ReadAction\",\"target\":[\"https:\\\/\\\/www.brokk.com\\\/pl\\\/obsluga-posprzedazna\\\/umowa-serwisowa\\\/\"]}]},{\"@type\":\"ImageObject\",\"inLanguage\":\"pl-PL\",\"@id\":\"https:\\\/\\\/www.brokk.com\\\/pl\\\/obsluga-posprzedazna\\\/umowa-serwisowa\\\/#primaryimage\",\"url\":\"https:\\\/\\\/www.brokk.com\\\/pl\\\/uploads\\\/sites\\\/15\\\/2018\\\/03\\\/service-agreement_hero.jpg\",\"contentUrl\":\"https:\\\/\\\/www.brokk.com\\\/pl\\\/uploads\\\/sites\\\/15\\\/2018\\\/03\\\/service-agreement_hero.jpg\",\"width\":2560,\"height\":1096},{\"@type\":\"BreadcrumbList\",\"@id\":\"https:\\\/\\\/www.brokk.com\\\/pl\\\/obsluga-posprzedazna\\\/umowa-serwisowa\\\/#breadcrumb\",\"itemListElement\":[{\"@type\":\"ListItem\",\"position\":1,\"name\":\"Home\",\"item\":\"https:\\\/\\\/www.brokk.com\\\/pl\\\/\"},{\"@type\":\"ListItem\",\"position\":2,\"name\":\"Obs\u0142uga posprzeda\u017cna\",\"item\":\"https:\\\/\\\/www.brokk.com\\\/pl\\\/obsluga-posprzedazna\\\/\"},{\"@type\":\"ListItem\",\"position\":3,\"name\":\"Umowa serwisowa\"}]},{\"@type\":\"WebSite\",\"@id\":\"https:\\\/\\\/www.brokk.com\\\/pl\\\/#website\",\"url\":\"https:\\\/\\\/www.brokk.com\\\/pl\\\/\",\"name\":\"Brokk Poland\",\"description\":\"The definitive demolition solution in Poland\",\"publisher\":{\"@id\":\"https:\\\/\\\/www.brokk.com\\\/pl\\\/#organization\"},\"potentialAction\":[{\"@type\":\"SearchAction\",\"target\":{\"@type\":\"EntryPoint\",\"urlTemplate\":\"https:\\\/\\\/www.brokk.com\\\/pl\\\/?s={search_term_string}\"},\"query-input\":{\"@type\":\"PropertyValueSpecification\",\"valueRequired\":true,\"valueName\":\"search_term_string\"}}],\"inLanguage\":\"pl-PL\"},{\"@type\":\"Organization\",\"@id\":\"https:\\\/\\\/www.brokk.com\\\/pl\\\/#organization\",\"name\":\"Brokk (UK) Ltd\",\"url\":\"https:\\\/\\\/www.brokk.com\\\/pl\\\/\",\"logo\":{\"@type\":\"ImageObject\",\"inLanguage\":\"pl-PL\",\"@id\":\"https:\\\/\\\/www.brokk.com\\\/pl\\\/#\\\/schema\\\/logo\\\/image\\\/\",\"url\":\"https:\\\/\\\/www.brokk.com\\\/uk\\\/uploads\\\/sites\\\/5\\\/2018\\\/11\\\/logo.png\",\"contentUrl\":\"https:\\\/\\\/www.brokk.com\\\/uk\\\/uploads\\\/sites\\\/5\\\/2018\\\/11\\\/logo.png\",\"width\":250,\"height\":65,\"caption\":\"Brokk (UK) Ltd\"},\"image\":{\"@id\":\"https:\\\/\\\/www.brokk.com\\\/pl\\\/#\\\/schema\\\/logo\\\/image\\\/\"},\"sameAs\":[\"http:\\\/\\\/www.facebook.com\\\/pages\\\/Brokk\\\/184270348326912\",\"https:\\\/\\\/www.youtube.com\\\/user\\\/brokkrobots\"]}]}<\/script>\n<!-- \/ Yoast SEO plugin. -->","yoast_head_json":{"title":"Umowa serwisowa | Brokk Poland","robots":{"index":"index","follow":"follow","max-snippet":"max-snippet:-1","max-image-preview":"max-image-preview:large","max-video-preview":"max-video-preview:-1"},"canonical":"https:\/\/www.brokk.com\/pl\/obsluga-posprzedazna\/umowa-serwisowa\/","og_locale":"pl_PL","og_type":"article","og_title":"Umowa serwisowa | Brokk Poland","og_description":"Dzi\u0119ki umowie serwisowej Brokk Uptime\u2122 mo\u017cesz mie\u0107 pewno\u015b\u0107, \u017ce Tw\u00f3j robot wyburzeniowy Brokk zawsze b\u0119dzie pod doskonal\u0105 opiek\u0105. Planuj\u0105c okresy mi\u0119dzy przegl\u0105dami serwisowymi mamy pewno\u015b\u0107, \u017ce prace obs\u0142ugowe i konserwacyjne maj\u0105 miejsce w najlepszym czasie z punktu widzenia dzia\u0142alno\u015bci przedsi\u0119biorstwa.\u2026","og_url":"https:\/\/www.brokk.com\/pl\/obsluga-posprzedazna\/umowa-serwisowa\/","og_site_name":"Brokk Poland","article_publisher":"http:\/\/www.facebook.com\/pages\/Brokk\/184270348326912","article_modified_time":"2023-06-22T13:43:03+00:00","og_image":[{"width":2560,"height":1096,"url":"https:\/\/www.brokk.com\/pl\/uploads\/sites\/15\/2018\/03\/service-agreement_hero.jpg","type":"image\/jpeg"}],"twitter_card":"summary_large_image","twitter_misc":{"Est. reading time":"1 minute"},"schema":{"@context":"https:\/\/schema.org","@graph":[{"@type":"WebPage","@id":"https:\/\/www.brokk.com\/pl\/obsluga-posprzedazna\/umowa-serwisowa\/","url":"https:\/\/www.brokk.com\/pl\/obsluga-posprzedazna\/umowa-serwisowa\/","name":"Umowa serwisowa | Brokk Poland","isPartOf":{"@id":"https:\/\/www.brokk.com\/pl\/#website"},"primaryImageOfPage":{"@id":"https:\/\/www.brokk.com\/pl\/obsluga-posprzedazna\/umowa-serwisowa\/#primaryimage"},"image":{"@id":"https:\/\/www.brokk.com\/pl\/obsluga-posprzedazna\/umowa-serwisowa\/#primaryimage"},"thumbnailUrl":"https:\/\/www.brokk.com\/pl\/uploads\/sites\/15\/2018\/03\/service-agreement_hero.jpg","datePublished":"2023-05-19T21:36:19+00:00","dateModified":"2023-06-22T13:43:03+00:00","breadcrumb":{"@id":"https:\/\/www.brokk.com\/pl\/obsluga-posprzedazna\/umowa-serwisowa\/#breadcrumb"},"inLanguage":"pl-PL","potentialAction":[{"@type":"ReadAction","target":["https:\/\/www.brokk.com\/pl\/obsluga-posprzedazna\/umowa-serwisowa\/"]}]},{"@type":"ImageObject","inLanguage":"pl-PL","@id":"https:\/\/www.brokk.com\/pl\/obsluga-posprzedazna\/umowa-serwisowa\/#primaryimage","url":"https:\/\/www.brokk.com\/pl\/uploads\/sites\/15\/2018\/03\/service-agreement_hero.jpg","contentUrl":"https:\/\/www.brokk.com\/pl\/uploads\/sites\/15\/2018\/03\/service-agreement_hero.jpg","width":2560,"height":1096},{"@type":"BreadcrumbList","@id":"https:\/\/www.brokk.com\/pl\/obsluga-posprzedazna\/umowa-serwisowa\/#breadcrumb","itemListElement":[{"@type":"ListItem","position":1,"name":"Home","item":"https:\/\/www.brokk.com\/pl\/"},{"@type":"ListItem","position":2,"name":"Obs\u0142uga posprzeda\u017cna","item":"https:\/\/www.brokk.com\/pl\/obsluga-posprzedazna\/"},{"@type":"ListItem","position":3,"name":"Umowa serwisowa"}]},{"@type":"WebSite","@id":"https:\/\/www.brokk.com\/pl\/#website","url":"https:\/\/www.brokk.com\/pl\/","name":"Brokk Poland","description":"The definitive demolition solution in Poland","publisher":{"@id":"https:\/\/www.brokk.com\/pl\/#organization"},"potentialAction":[{"@type":"SearchAction","target":{"@type":"EntryPoint","urlTemplate":"https:\/\/www.brokk.com\/pl\/?s={search_term_string}"},"query-input":{"@type":"PropertyValueSpecification","valueRequired":true,"valueName":"search_term_string"}}],"inLanguage":"pl-PL"},{"@type":"Organization","@id":"https:\/\/www.brokk.com\/pl\/#organization","name":"Brokk (UK) Ltd","url":"https:\/\/www.brokk.com\/pl\/","logo":{"@type":"ImageObject","inLanguage":"pl-PL","@id":"https:\/\/www.brokk.com\/pl\/#\/schema\/logo\/image\/","url":"https:\/\/www.brokk.com\/uk\/uploads\/sites\/5\/2018\/11\/logo.png","contentUrl":"https:\/\/www.brokk.com\/uk\/uploads\/sites\/5\/2018\/11\/logo.png","width":250,"height":65,"caption":"Brokk (UK) Ltd"},"image":{"@id":"https:\/\/www.brokk.com\/pl\/#\/schema\/logo\/image\/"},"sameAs":["http:\/\/www.facebook.com\/pages\/Brokk\/184270348326912","https:\/\/www.youtube.com\/user\/brokkrobots"]}]}},"_links":{"self":[{"href":"https:\/\/www.brokk.com\/pl\/wp-json\/wp\/v2\/pages\/5355","targetHints":{"allow":["GET"]}}],"collection":[{"href":"https:\/\/www.brokk.com\/pl\/wp-json\/wp\/v2\/pages"}],"about":[{"href":"https:\/\/www.brokk.com\/pl\/wp-json\/wp\/v2\/types\/page"}],"author":[{"embeddable":true,"href":"https:\/\/www.brokk.com\/pl\/wp-json\/wp\/v2\/users\/36"}],"replies":[{"embeddable":true,"href":"https:\/\/www.brokk.com\/pl\/wp-json\/wp\/v2\/comments?post=5355"}],"version-history":[{"count":1,"href":"https:\/\/www.brokk.com\/pl\/wp-json\/wp\/v2\/pages\/5355\/revisions"}],"predecessor-version":[{"id":5820,"href":"https:\/\/www.brokk.com\/pl\/wp-json\/wp\/v2\/pages\/5355\/revisions\/5820"}],"up":[{"embeddable":true,"href":"https:\/\/www.brokk.com\/pl\/wp-json\/wp\/v2\/pages\/5038"}],"wp:featuredmedia":[{"embeddable":true,"href":"https:\/\/www.brokk.com\/pl\/wp-json\/wp\/v2\/media\/5356"}],"wp:attachment":[{"href":"https:\/\/www.brokk.com\/pl\/wp-json\/wp\/v2\/media?parent=5355"}],"curies":[{"name":"wp","href":"https:\/\/api.w.org\/{rel}","templated":true}]}}