{"id":5362,"date":"2023-05-19T22:42:12","date_gmt":"2023-05-19T21:42:12","guid":{"rendered":"https:\/\/www.brokk.com\/pl\/o-plikach-cookie\/"},"modified":"2024-03-22T16:15:35","modified_gmt":"2024-03-22T16:15:35","slug":"o-plikach-cookie","status":"publish","type":"page","link":"https:\/\/www.brokk.com\/pl\/o-plikach-cookie\/","title":{"rendered":"O plikach cookie"},"content":{"rendered":"<p><strong>CZYM S\u0104 PLIKI COOKIE?<\/strong><\/p>\n<p>Pliki cookie to ma\u0142e pliki tekstowe zapisywane w pami\u0119ci Twojego komputera (lub innego urz\u0105dzenia, z kt\u00f3rego korzystasz w celu uzyskania dost\u0119pu do witryny) w chwili otwarcia danej strony internetowej. Plik cookie zazwyczaj zawiera nazw\u0119 strony, z kt\u00f3rej pochodzi, czas przechowywania pliku cookie oraz numer (zwykle jest to unikalny numer wygenerowany losowo). Pliki cookie s\u0142u\u017c\u0105 do usprawnienia dzia\u0142ania stron internetowych, ale tak\u017ce do przekazywania okre\u015blonych informacji w\u0142a\u015bcicielowi strony. Pliki cookie umo\u017cliwiaj\u0105 rozr\u00f3\u017cnienie r\u00f3\u017cnych u\u017cytkownik\u00f3w, dzi\u0119ki czemu ka\u017cdy z nich mo\u017ce znale\u017a\u0107 na stronie tre\u015bci bardziej dopasowane do ich potrzeb i wymaga\u0144.<\/p>\n<p><strong>DO CZEGO BROKK WYKORZYSTUJE PLIKI COOKIE?<\/strong><\/p>\n<p>Brokk wykorzystuje pliki cookie potrzebne do prawid\u0142owego dzia\u0142ania Witryn i s\u0105 niezb\u0119dne do poruszania si\u0119 po Witrynach i korzystania z ich funkcji.<\/p>\n<p>Witryny u\u017cywaj\u0105 r\u00f3wnie\u017c plik\u00f3w cookie umo\u017cliwiaj\u0105cych optymalizacj\u0119 funkcji Witryn, co ma na celu popraw\u0119 wra\u017ce\u0144 u\u017cytkownika i indywidualizacj\u0119 jego przysz\u0142ych wizyt, a to poprzez zapami\u0119tywanie jego preferencji, np. preferowanego j\u0119zyka.<\/p>\n<p><strong>PLIKI COOKIE, KT\u00d3RE S\u0104 WYKORZYSTYWANE NA STRONACH STRONACH INTERNETOWYCH<\/strong><strong>BROKK<\/strong><\/p>\n<p>Na naszych Witrynach stosowane s\u0105 trzy rodzaje plik\u00f3w cookie:<\/p>\n<p><strong>Cookie d\u0142ugoterminowe<\/strong>, czyli Cookie, kt\u00f3re zapisuj\u0105 plik na Twoim urz\u0105dzeniu przez d\u0142u\u017cszy czas. D\u0142ugoterminowe pliki cookie zawieraj\u0105, przyk\u0142adowo, funkcje opisuj\u0105ce, jakie informacje dodano od czasu ostatniej wizyty na stronie. Okres pozostawania pliku cookie na Twoim urz\u0105dzeniu zale\u017cy od czasu \u017cycia konkretnego pliku cookie i ustawie\u0144 Twojej przegl\u0105darki.<\/p>\n<p><strong>Sesyjne pliki cookie<\/strong>, tj. pliki cookie, kt\u00f3re s\u0105 tymczasowo przechowywane w pami\u0119ci Twojego urz\u0105dzenia podczas odwiedzania strony internetowej i poruszania si\u0119 po stronie. Sesyjne pliki cookie s\u0142u\u017c\u0105 na przyk\u0142ad do ustalenia wybranego j\u0119zyka. W chwili opuszczenia witryn\u0119 u\u017cyte sesyjne pliki cookie ulegaj\u0105 usuni\u0119ciu.<\/p>\n<p><strong>Pliki cookie stron trzecich<\/strong>, tj. pliki cookie nale\u017c\u0105ce do domen innych ni\u017c te, kt\u00f3re s\u0105 widoczne w pasku adresu. Pliki cookie stron trzecich umo\u017cliwiaj\u0105 \u015bledzenie historii przegl\u0105dania.<\/p>\n<p><strong>JAK ZABLOKOWA\u0106 I\/LUB USUN\u0104\u0106 PLIKI COOKIE<\/strong><\/p>\n<p>W wi\u0119kszo\u015bci przegl\u0105darek domy\u015blne ustawienia akceptuj\u0105 u\u017cycie plik\u00f3w cookie. Ustawienia te mo\u017cna zmieni\u0107, dzi\u0119ki czemu ka\u017cde przes\u0142anie pliku cookie na Twoje urz\u0105dzenie powoduje wygenerowanie ostrze\u017cenia, lub stworzy\u0107 regu\u0142\u0119 powoduj\u0105c\u0105 blokowanie plik\u00f3w cookie. Mo\u017cesz tak\u017ce usun\u0105\u0107 wszystkie pliki cookie, kt\u00f3re s\u0105 przechowywane na Twoim urz\u0105dzeniu.<\/p>\n<p>Instrukcje dotycz\u0105ce sposobu usuni\u0119cia zapisanych plik\u00f3w cookie lub zmiany ustawie\u0144 dotycz\u0105cych plik\u00f3w cookies zawiera funkcja pomocy przegl\u0105darki internetowej. Korzystaj\u0105c z r\u00f3\u017cnych urz\u0105dze\u0144 do przegl\u0105dania i uzyskiwania dost\u0119pu do strony nale\u017cy dopilnowa\u0107, by przegl\u0105darka na ka\u017cdym z nich by\u0142a dostosowana do w\u0142asnych preferencji w zakresie plik\u00f3w cookie.<\/p>\n<p><strong>ZMIANY W NINIEJSZYCH WYTYCZNYCH ORAZ PYTANIA<\/strong><\/p>\n<p>W razie pyta\u0144 na temat sposobu, w jaki korzystamy z plik\u00f3w cookie, skontaktuj si\u0119 z nami pod adresem <strong><u><a href=\"mailto:info@brokk.com\">INFO@BROKK.COM<\/a><\/u><\/strong><\/p>\n<p>Co jaki\u015b czas firma Brokk mo\u017ce aktualizowa\u0107 powy\u017csze informacje, wi\u0119c je\u015bli spos\u00f3b wykorzystywania plik\u00f3w cookie na tej stronie Ci\u0119 zainteresuje, zach\u0119camy do ponownego odwiedzenia tej witryny.<\/p>\n<style>.CookieDeclaration{font-size:16px;}<\/style><script id=\"CookieDeclaration\" data-culture=\"pl\" src=\"https:\/\/consent.cookiebot.com\/f4cced5d-6ce6-4529-9ccd-4327437c4e65\/cd.js\" type=\"text\/javascript\" async><\/script>\n<p>&nbsp;<\/p>\n<p>&nbsp;<\/p>\n","protected":false},"excerpt":{"rendered":"<p>CZYM S\u0104 PLIKI COOKIE? Pliki cookie to ma\u0142e pliki tekstowe zapisywane w pami\u0119ci Twojego komputera (lub innego urz\u0105dzenia, z kt\u00f3rego korzystasz w celu uzyskania dost\u0119pu do witryny) w chwili otwarcia danej strony internetowej. Plik cookie zazwyczaj zawiera nazw\u0119 strony, z\u2026<\/p>\n","protected":false},"author":36,"featured_media":0,"parent":0,"menu_order":141,"comment_status":"closed","ping_status":"closed","template":"","meta":{"_acf_changed":false,"_relevanssi_hide_post":"","_relevanssi_hide_content":"","_relevanssi_pin_for_all":"","_relevanssi_pin_keywords":"","_relevanssi_unpin_keywords":"","_relevanssi_related_keywords":"","_relevanssi_related_include_ids":"","_relevanssi_related_exclude_ids":"","_relevanssi_related_no_append":"","_relevanssi_related_not_related":"","_relevanssi_related_posts":"","_relevanssi_noindex_reason":"","footnotes":""},"class_list":["post-5362","page","type-page","status-publish","hentry"],"acf":[],"yoast_head":"<!-- This site is optimized with the Yoast SEO plugin v27.3 - https:\/\/yoast.com\/product\/yoast-seo-wordpress\/ -->\n<title>O plikach cookie | Brokk Poland<\/title>\n<meta name=\"robots\" content=\"index, follow, max-snippet:-1, max-image-preview:large, max-video-preview:-1\" \/>\n<link rel=\"canonical\" href=\"https:\/\/www.brokk.com\/pl\/o-plikach-cookie\/\" \/>\n<meta property=\"og:locale\" content=\"pl_PL\" \/>\n<meta property=\"og:type\" content=\"article\" \/>\n<meta property=\"og:title\" content=\"O plikach cookie | Brokk Poland\" \/>\n<meta property=\"og:description\" content=\"CZYM S\u0104 PLIKI COOKIE? Pliki cookie to ma\u0142e pliki tekstowe zapisywane w pami\u0119ci Twojego komputera (lub innego urz\u0105dzenia, z kt\u00f3rego korzystasz w celu uzyskania dost\u0119pu do witryny) w chwili otwarcia danej strony internetowej. Plik cookie zazwyczaj zawiera nazw\u0119 strony, z\u2026\" \/>\n<meta property=\"og:url\" content=\"https:\/\/www.brokk.com\/pl\/o-plikach-cookie\/\" \/>\n<meta property=\"og:site_name\" content=\"Brokk Poland\" \/>\n<meta property=\"article:publisher\" content=\"http:\/\/www.facebook.com\/pages\/Brokk\/184270348326912\" \/>\n<meta property=\"article:modified_time\" content=\"2024-03-22T16:15:35+00:00\" \/>\n<meta name=\"twitter:card\" content=\"summary_large_image\" \/>\n<meta name=\"twitter:label1\" content=\"Est. reading time\" \/>\n\t<meta name=\"twitter:data1\" content=\"2 minutes\" \/>\n<script type=\"application\/ld+json\" class=\"yoast-schema-graph\">{\"@context\":\"https:\\\/\\\/schema.org\",\"@graph\":[{\"@type\":\"WebPage\",\"@id\":\"https:\\\/\\\/www.brokk.com\\\/pl\\\/o-plikach-cookie\\\/\",\"url\":\"https:\\\/\\\/www.brokk.com\\\/pl\\\/o-plikach-cookie\\\/\",\"name\":\"O plikach cookie | Brokk Poland\",\"isPartOf\":{\"@id\":\"https:\\\/\\\/www.brokk.com\\\/pl\\\/#website\"},\"datePublished\":\"2023-05-19T21:42:12+00:00\",\"dateModified\":\"2024-03-22T16:15:35+00:00\",\"breadcrumb\":{\"@id\":\"https:\\\/\\\/www.brokk.com\\\/pl\\\/o-plikach-cookie\\\/#breadcrumb\"},\"inLanguage\":\"pl-PL\",\"potentialAction\":[{\"@type\":\"ReadAction\",\"target\":[\"https:\\\/\\\/www.brokk.com\\\/pl\\\/o-plikach-cookie\\\/\"]}]},{\"@type\":\"BreadcrumbList\",\"@id\":\"https:\\\/\\\/www.brokk.com\\\/pl\\\/o-plikach-cookie\\\/#breadcrumb\",\"itemListElement\":[{\"@type\":\"ListItem\",\"position\":1,\"name\":\"Home\",\"item\":\"https:\\\/\\\/www.brokk.com\\\/pl\\\/\"},{\"@type\":\"ListItem\",\"position\":2,\"name\":\"O plikach cookie\"}]},{\"@type\":\"WebSite\",\"@id\":\"https:\\\/\\\/www.brokk.com\\\/pl\\\/#website\",\"url\":\"https:\\\/\\\/www.brokk.com\\\/pl\\\/\",\"name\":\"Brokk Poland\",\"description\":\"The definitive demolition solution in Poland\",\"publisher\":{\"@id\":\"https:\\\/\\\/www.brokk.com\\\/pl\\\/#organization\"},\"potentialAction\":[{\"@type\":\"SearchAction\",\"target\":{\"@type\":\"EntryPoint\",\"urlTemplate\":\"https:\\\/\\\/www.brokk.com\\\/pl\\\/?s={search_term_string}\"},\"query-input\":{\"@type\":\"PropertyValueSpecification\",\"valueRequired\":true,\"valueName\":\"search_term_string\"}}],\"inLanguage\":\"pl-PL\"},{\"@type\":\"Organization\",\"@id\":\"https:\\\/\\\/www.brokk.com\\\/pl\\\/#organization\",\"name\":\"Brokk (UK) Ltd\",\"url\":\"https:\\\/\\\/www.brokk.com\\\/pl\\\/\",\"logo\":{\"@type\":\"ImageObject\",\"inLanguage\":\"pl-PL\",\"@id\":\"https:\\\/\\\/www.brokk.com\\\/pl\\\/#\\\/schema\\\/logo\\\/image\\\/\",\"url\":\"https:\\\/\\\/www.brokk.com\\\/uk\\\/uploads\\\/sites\\\/5\\\/2018\\\/11\\\/logo.png\",\"contentUrl\":\"https:\\\/\\\/www.brokk.com\\\/uk\\\/uploads\\\/sites\\\/5\\\/2018\\\/11\\\/logo.png\",\"width\":250,\"height\":65,\"caption\":\"Brokk (UK) Ltd\"},\"image\":{\"@id\":\"https:\\\/\\\/www.brokk.com\\\/pl\\\/#\\\/schema\\\/logo\\\/image\\\/\"},\"sameAs\":[\"http:\\\/\\\/www.facebook.com\\\/pages\\\/Brokk\\\/184270348326912\",\"https:\\\/\\\/www.youtube.com\\\/user\\\/brokkrobots\"]}]}<\/script>\n<!-- \/ Yoast SEO plugin. -->","yoast_head_json":{"title":"O plikach cookie | Brokk Poland","robots":{"index":"index","follow":"follow","max-snippet":"max-snippet:-1","max-image-preview":"max-image-preview:large","max-video-preview":"max-video-preview:-1"},"canonical":"https:\/\/www.brokk.com\/pl\/o-plikach-cookie\/","og_locale":"pl_PL","og_type":"article","og_title":"O plikach cookie | Brokk Poland","og_description":"CZYM S\u0104 PLIKI COOKIE? Pliki cookie to ma\u0142e pliki tekstowe zapisywane w pami\u0119ci Twojego komputera (lub innego urz\u0105dzenia, z kt\u00f3rego korzystasz w celu uzyskania dost\u0119pu do witryny) w chwili otwarcia danej strony internetowej. Plik cookie zazwyczaj zawiera nazw\u0119 strony, z\u2026","og_url":"https:\/\/www.brokk.com\/pl\/o-plikach-cookie\/","og_site_name":"Brokk Poland","article_publisher":"http:\/\/www.facebook.com\/pages\/Brokk\/184270348326912","article_modified_time":"2024-03-22T16:15:35+00:00","twitter_card":"summary_large_image","twitter_misc":{"Est. reading time":"2 minutes"},"schema":{"@context":"https:\/\/schema.org","@graph":[{"@type":"WebPage","@id":"https:\/\/www.brokk.com\/pl\/o-plikach-cookie\/","url":"https:\/\/www.brokk.com\/pl\/o-plikach-cookie\/","name":"O plikach cookie | Brokk Poland","isPartOf":{"@id":"https:\/\/www.brokk.com\/pl\/#website"},"datePublished":"2023-05-19T21:42:12+00:00","dateModified":"2024-03-22T16:15:35+00:00","breadcrumb":{"@id":"https:\/\/www.brokk.com\/pl\/o-plikach-cookie\/#breadcrumb"},"inLanguage":"pl-PL","potentialAction":[{"@type":"ReadAction","target":["https:\/\/www.brokk.com\/pl\/o-plikach-cookie\/"]}]},{"@type":"BreadcrumbList","@id":"https:\/\/www.brokk.com\/pl\/o-plikach-cookie\/#breadcrumb","itemListElement":[{"@type":"ListItem","position":1,"name":"Home","item":"https:\/\/www.brokk.com\/pl\/"},{"@type":"ListItem","position":2,"name":"O plikach cookie"}]},{"@type":"WebSite","@id":"https:\/\/www.brokk.com\/pl\/#website","url":"https:\/\/www.brokk.com\/pl\/","name":"Brokk Poland","description":"The definitive demolition solution in Poland","publisher":{"@id":"https:\/\/www.brokk.com\/pl\/#organization"},"potentialAction":[{"@type":"SearchAction","target":{"@type":"EntryPoint","urlTemplate":"https:\/\/www.brokk.com\/pl\/?s={search_term_string}"},"query-input":{"@type":"PropertyValueSpecification","valueRequired":true,"valueName":"search_term_string"}}],"inLanguage":"pl-PL"},{"@type":"Organization","@id":"https:\/\/www.brokk.com\/pl\/#organization","name":"Brokk (UK) Ltd","url":"https:\/\/www.brokk.com\/pl\/","logo":{"@type":"ImageObject","inLanguage":"pl-PL","@id":"https:\/\/www.brokk.com\/pl\/#\/schema\/logo\/image\/","url":"https:\/\/www.brokk.com\/uk\/uploads\/sites\/5\/2018\/11\/logo.png","contentUrl":"https:\/\/www.brokk.com\/uk\/uploads\/sites\/5\/2018\/11\/logo.png","width":250,"height":65,"caption":"Brokk (UK) Ltd"},"image":{"@id":"https:\/\/www.brokk.com\/pl\/#\/schema\/logo\/image\/"},"sameAs":["http:\/\/www.facebook.com\/pages\/Brokk\/184270348326912","https:\/\/www.youtube.com\/user\/brokkrobots"]}]}},"_links":{"self":[{"href":"https:\/\/www.brokk.com\/pl\/wp-json\/wp\/v2\/pages\/5362","targetHints":{"allow":["GET"]}}],"collection":[{"href":"https:\/\/www.brokk.com\/pl\/wp-json\/wp\/v2\/pages"}],"about":[{"href":"https:\/\/www.brokk.com\/pl\/wp-json\/wp\/v2\/types\/page"}],"author":[{"embeddable":true,"href":"https:\/\/www.brokk.com\/pl\/wp-json\/wp\/v2\/users\/36"}],"replies":[{"embeddable":true,"href":"https:\/\/www.brokk.com\/pl\/wp-json\/wp\/v2\/comments?post=5362"}],"version-history":[{"count":1,"href":"https:\/\/www.brokk.com\/pl\/wp-json\/wp\/v2\/pages\/5362\/revisions"}],"predecessor-version":[{"id":5865,"href":"https:\/\/www.brokk.com\/pl\/wp-json\/wp\/v2\/pages\/5362\/revisions\/5865"}],"wp:attachment":[{"href":"https:\/\/www.brokk.com\/pl\/wp-json\/wp\/v2\/media?parent=5362"}],"curies":[{"name":"wp","href":"https:\/\/api.w.org\/{rel}","templated":true}]}}