{"id":5373,"date":"2023-05-19T23:08:34","date_gmt":"2023-05-19T22:08:34","guid":{"rendered":"https:\/\/www.brokk.com\/pl\/kontakt\/"},"modified":"2023-05-19T23:14:48","modified_gmt":"2023-05-19T22:14:48","slug":"kontakt","status":"publish","type":"page","link":"https:\/\/www.brokk.com\/pl\/kontakt\/","title":{"rendered":"Kontakt"},"content":{"rendered":"<p>Bliskie relacje s\u0105 dla nas wa\u017cne. Dlatego cenimy pytania i ci\u0105g\u0142y dialog, kt\u00f3ry pomaga nam w d\u0105\u017ceniu do ci\u0105g\u0142ych ulepsze\u0144. Wybierz poni\u017csz\u0105 sekcj\u0119, gdzie uzyskasz odpowiednie informacje.<\/p>\n","protected":false},"excerpt":{"rendered":"<p>Bliskie relacje s\u0105 dla nas wa\u017cne. Dlatego cenimy pytania i ci\u0105g\u0142y dialog, kt\u00f3ry pomaga nam w d\u0105\u017ceniu do ci\u0105g\u0142ych ulepsze\u0144. Wybierz poni\u017csz\u0105 sekcj\u0119, gdzie uzyskasz odpowiednie informacje.<\/p>\n","protected":false},"author":36,"featured_media":0,"parent":0,"menu_order":101,"comment_status":"closed","ping_status":"closed","template":"page-templates\/contacts-global.php","meta":{"_acf_changed":false,"_relevanssi_hide_post":"","_relevanssi_hide_content":"","_relevanssi_pin_for_all":"","_relevanssi_pin_keywords":"","_relevanssi_unpin_keywords":"","_relevanssi_related_keywords":"","_relevanssi_related_include_ids":"","_relevanssi_related_exclude_ids":"","_relevanssi_related_no_append":"","_relevanssi_related_not_related":"","_relevanssi_related_posts":"","_relevanssi_noindex_reason":"","footnotes":""},"class_list":["post-5373","page","type-page","status-publish","hentry"],"acf":[],"yoast_head":"<!-- This site is optimized with the Yoast SEO plugin v27.3 - https:\/\/yoast.com\/product\/yoast-seo-wordpress\/ -->\n<title>Kontakt | Brokk Poland<\/title>\n<meta name=\"robots\" content=\"index, follow, max-snippet:-1, max-image-preview:large, max-video-preview:-1\" \/>\n<link rel=\"canonical\" href=\"https:\/\/www.brokk.com\/pl\/kontakt\/\" \/>\n<meta property=\"og:locale\" content=\"pl_PL\" \/>\n<meta property=\"og:type\" content=\"article\" \/>\n<meta property=\"og:title\" content=\"Kontakt | Brokk Poland\" \/>\n<meta property=\"og:description\" content=\"Bliskie relacje s\u0105 dla nas wa\u017cne. Dlatego cenimy pytania i ci\u0105g\u0142y dialog, kt\u00f3ry pomaga nam w d\u0105\u017ceniu do ci\u0105g\u0142ych ulepsze\u0144. Wybierz poni\u017csz\u0105 sekcj\u0119, gdzie uzyskasz odpowiednie informacje.\" \/>\n<meta property=\"og:url\" content=\"https:\/\/www.brokk.com\/pl\/kontakt\/\" \/>\n<meta property=\"og:site_name\" content=\"Brokk Poland\" \/>\n<meta property=\"article:publisher\" content=\"http:\/\/www.facebook.com\/pages\/Brokk\/184270348326912\" \/>\n<meta property=\"article:modified_time\" content=\"2023-05-19T22:14:48+00:00\" \/>\n<meta name=\"twitter:card\" content=\"summary_large_image\" \/>\n<meta name=\"twitter:label1\" content=\"Est. reading time\" \/>\n\t<meta name=\"twitter:data1\" content=\"1 minute\" \/>\n<script type=\"application\/ld+json\" class=\"yoast-schema-graph\">{\"@context\":\"https:\\\/\\\/schema.org\",\"@graph\":[{\"@type\":\"WebPage\",\"@id\":\"https:\\\/\\\/www.brokk.com\\\/pl\\\/kontakt\\\/\",\"url\":\"https:\\\/\\\/www.brokk.com\\\/pl\\\/kontakt\\\/\",\"name\":\"Kontakt | Brokk Poland\",\"isPartOf\":{\"@id\":\"https:\\\/\\\/www.brokk.com\\\/pl\\\/#website\"},\"datePublished\":\"2023-05-19T22:08:34+00:00\",\"dateModified\":\"2023-05-19T22:14:48+00:00\",\"breadcrumb\":{\"@id\":\"https:\\\/\\\/www.brokk.com\\\/pl\\\/kontakt\\\/#breadcrumb\"},\"inLanguage\":\"pl-PL\",\"potentialAction\":[{\"@type\":\"ReadAction\",\"target\":[\"https:\\\/\\\/www.brokk.com\\\/pl\\\/kontakt\\\/\"]}]},{\"@type\":\"BreadcrumbList\",\"@id\":\"https:\\\/\\\/www.brokk.com\\\/pl\\\/kontakt\\\/#breadcrumb\",\"itemListElement\":[{\"@type\":\"ListItem\",\"position\":1,\"name\":\"Home\",\"item\":\"https:\\\/\\\/www.brokk.com\\\/pl\\\/\"},{\"@type\":\"ListItem\",\"position\":2,\"name\":\"Kontakt\"}]},{\"@type\":\"WebSite\",\"@id\":\"https:\\\/\\\/www.brokk.com\\\/pl\\\/#website\",\"url\":\"https:\\\/\\\/www.brokk.com\\\/pl\\\/\",\"name\":\"Brokk Poland\",\"description\":\"The definitive demolition solution in Poland\",\"publisher\":{\"@id\":\"https:\\\/\\\/www.brokk.com\\\/pl\\\/#organization\"},\"potentialAction\":[{\"@type\":\"SearchAction\",\"target\":{\"@type\":\"EntryPoint\",\"urlTemplate\":\"https:\\\/\\\/www.brokk.com\\\/pl\\\/?s={search_term_string}\"},\"query-input\":{\"@type\":\"PropertyValueSpecification\",\"valueRequired\":true,\"valueName\":\"search_term_string\"}}],\"inLanguage\":\"pl-PL\"},{\"@type\":\"Organization\",\"@id\":\"https:\\\/\\\/www.brokk.com\\\/pl\\\/#organization\",\"name\":\"Brokk (UK) Ltd\",\"url\":\"https:\\\/\\\/www.brokk.com\\\/pl\\\/\",\"logo\":{\"@type\":\"ImageObject\",\"inLanguage\":\"pl-PL\",\"@id\":\"https:\\\/\\\/www.brokk.com\\\/pl\\\/#\\\/schema\\\/logo\\\/image\\\/\",\"url\":\"https:\\\/\\\/www.brokk.com\\\/uk\\\/uploads\\\/sites\\\/5\\\/2018\\\/11\\\/logo.png\",\"contentUrl\":\"https:\\\/\\\/www.brokk.com\\\/uk\\\/uploads\\\/sites\\\/5\\\/2018\\\/11\\\/logo.png\",\"width\":250,\"height\":65,\"caption\":\"Brokk (UK) Ltd\"},\"image\":{\"@id\":\"https:\\\/\\\/www.brokk.com\\\/pl\\\/#\\\/schema\\\/logo\\\/image\\\/\"},\"sameAs\":[\"http:\\\/\\\/www.facebook.com\\\/pages\\\/Brokk\\\/184270348326912\",\"https:\\\/\\\/www.youtube.com\\\/user\\\/brokkrobots\"]}]}<\/script>\n<!-- \/ Yoast SEO plugin. -->","yoast_head_json":{"title":"Kontakt | Brokk Poland","robots":{"index":"index","follow":"follow","max-snippet":"max-snippet:-1","max-image-preview":"max-image-preview:large","max-video-preview":"max-video-preview:-1"},"canonical":"https:\/\/www.brokk.com\/pl\/kontakt\/","og_locale":"pl_PL","og_type":"article","og_title":"Kontakt | Brokk Poland","og_description":"Bliskie relacje s\u0105 dla nas wa\u017cne. Dlatego cenimy pytania i ci\u0105g\u0142y dialog, kt\u00f3ry pomaga nam w d\u0105\u017ceniu do ci\u0105g\u0142ych ulepsze\u0144. Wybierz poni\u017csz\u0105 sekcj\u0119, gdzie uzyskasz odpowiednie informacje.","og_url":"https:\/\/www.brokk.com\/pl\/kontakt\/","og_site_name":"Brokk Poland","article_publisher":"http:\/\/www.facebook.com\/pages\/Brokk\/184270348326912","article_modified_time":"2023-05-19T22:14:48+00:00","twitter_card":"summary_large_image","twitter_misc":{"Est. reading time":"1 minute"},"schema":{"@context":"https:\/\/schema.org","@graph":[{"@type":"WebPage","@id":"https:\/\/www.brokk.com\/pl\/kontakt\/","url":"https:\/\/www.brokk.com\/pl\/kontakt\/","name":"Kontakt | Brokk Poland","isPartOf":{"@id":"https:\/\/www.brokk.com\/pl\/#website"},"datePublished":"2023-05-19T22:08:34+00:00","dateModified":"2023-05-19T22:14:48+00:00","breadcrumb":{"@id":"https:\/\/www.brokk.com\/pl\/kontakt\/#breadcrumb"},"inLanguage":"pl-PL","potentialAction":[{"@type":"ReadAction","target":["https:\/\/www.brokk.com\/pl\/kontakt\/"]}]},{"@type":"BreadcrumbList","@id":"https:\/\/www.brokk.com\/pl\/kontakt\/#breadcrumb","itemListElement":[{"@type":"ListItem","position":1,"name":"Home","item":"https:\/\/www.brokk.com\/pl\/"},{"@type":"ListItem","position":2,"name":"Kontakt"}]},{"@type":"WebSite","@id":"https:\/\/www.brokk.com\/pl\/#website","url":"https:\/\/www.brokk.com\/pl\/","name":"Brokk Poland","description":"The definitive demolition solution in Poland","publisher":{"@id":"https:\/\/www.brokk.com\/pl\/#organization"},"potentialAction":[{"@type":"SearchAction","target":{"@type":"EntryPoint","urlTemplate":"https:\/\/www.brokk.com\/pl\/?s={search_term_string}"},"query-input":{"@type":"PropertyValueSpecification","valueRequired":true,"valueName":"search_term_string"}}],"inLanguage":"pl-PL"},{"@type":"Organization","@id":"https:\/\/www.brokk.com\/pl\/#organization","name":"Brokk (UK) Ltd","url":"https:\/\/www.brokk.com\/pl\/","logo":{"@type":"ImageObject","inLanguage":"pl-PL","@id":"https:\/\/www.brokk.com\/pl\/#\/schema\/logo\/image\/","url":"https:\/\/www.brokk.com\/uk\/uploads\/sites\/5\/2018\/11\/logo.png","contentUrl":"https:\/\/www.brokk.com\/uk\/uploads\/sites\/5\/2018\/11\/logo.png","width":250,"height":65,"caption":"Brokk (UK) Ltd"},"image":{"@id":"https:\/\/www.brokk.com\/pl\/#\/schema\/logo\/image\/"},"sameAs":["http:\/\/www.facebook.com\/pages\/Brokk\/184270348326912","https:\/\/www.youtube.com\/user\/brokkrobots"]}]}},"_links":{"self":[{"href":"https:\/\/www.brokk.com\/pl\/wp-json\/wp\/v2\/pages\/5373","targetHints":{"allow":["GET"]}}],"collection":[{"href":"https:\/\/www.brokk.com\/pl\/wp-json\/wp\/v2\/pages"}],"about":[{"href":"https:\/\/www.brokk.com\/pl\/wp-json\/wp\/v2\/types\/page"}],"author":[{"embeddable":true,"href":"https:\/\/www.brokk.com\/pl\/wp-json\/wp\/v2\/users\/36"}],"replies":[{"embeddable":true,"href":"https:\/\/www.brokk.com\/pl\/wp-json\/wp\/v2\/comments?post=5373"}],"version-history":[{"count":1,"href":"https:\/\/www.brokk.com\/pl\/wp-json\/wp\/v2\/pages\/5373\/revisions"}],"predecessor-version":[{"id":5379,"href":"https:\/\/www.brokk.com\/pl\/wp-json\/wp\/v2\/pages\/5373\/revisions\/5379"}],"wp:attachment":[{"href":"https:\/\/www.brokk.com\/pl\/wp-json\/wp\/v2\/media?parent=5373"}],"curies":[{"name":"wp","href":"https:\/\/api.w.org\/{rel}","templated":true}]}}