{"id":5381,"date":"2023-05-19T23:25:31","date_gmt":"2023-05-19T22:25:31","guid":{"rendered":"https:\/\/www.brokk.com\/pl\/zatomizowana-mgla-wodna\/"},"modified":"2023-05-19T23:25:31","modified_gmt":"2023-05-19T22:25:31","slug":"zatomizowana-mgla-wodna","status":"publish","type":"page","link":"https:\/\/www.brokk.com\/pl\/zatomizowana-mgla-wodna\/","title":{"rendered":"Zatomizowana mg\u0142a wodna"},"content":{"rendered":"<h3><strong>Przedstawiamy: Pulweryzator mg\u0142y wodnej Brokk<br \/>\n<\/strong><\/h3>\n<p><strong>Bezpiecze\u0144stwo od zawsze ma dla firmy Brokk najwi\u0119ksze znaczenie; dlatego nasz zesp\u00f3\u0142 in\u017cynierski ci\u0105gle opracowuje maszyny, osprz\u0119t i technologie, dzi\u0119ki kt\u00f3rym operatorzy mog\u0105 pozostawa\u0107 z dala od miejsc prowadzenia najbardziej niebezpiecznych i kator\u017cniczych rob\u00f3t. Nie jest tu wyj\u0105tkiem nasz zupe\u0142nie nowy pulweryzator mg\u0142y wodnej, kt\u00f3ra wi\u0105\u017ce najbardziej szkodliwe cz\u0105steczki py\u0142u krzemionkowego zapewniaj\u0105c bezpieczniejsze i czystsze miejsce pracy.<br \/>\n<\/strong><\/p>\n<p>Urz\u0119dy ds. bezpiecze\u0144stwa i higieny pracy uzna\u0142y py\u0142 krzemionkowy za powa\u017cne zagro\u017cenie, a nasz pulweryzator mg\u0142y wodnej okaza\u0142 si\u0119 skuteczny w wi\u0105zaniu najbardziej niebezpiecznych cz\u0105stek py\u0142u: tych, kt\u00f3rych nie wida\u0107. Nasz system eliminacji py\u0142u wytwarza rozpylon\u0105 mg\u0142\u0119 o \u015brednicy cz\u0105steczek wynosz\u0105cej 10 mikron\u00f3w, kt\u00f3ra skutecznie wi\u0105\u017ce unosz\u0105ce si\u0119 w powietrzu cz\u0105steczki py\u0142u, utrzymuj\u0105c je na poziomie gruntu.<\/p>\n<p>R\u00f3\u017cnic\u0119 mi\u0119dzy pulweryzatorem mg\u0142y wodnej Brokk a innymi tradycyjnymi metodami mo\u017cna uj\u0105\u0107 w trzech g\u0142\u00f3wnych punktach:<\/p>\n<ol>\n<li>wi\u0105\u017ce niewidoczne cz\u0105steczki py\u0142u (od 0,1 do 1000 mikron\u00f3w)<\/li>\n<li>koncentruje si\u0119 na obszarze roboczym, co zapobiega przenoszeniu py\u0142u przez p\u0119d powietrza<\/li>\n<li>jest w pe\u0142ni zautomatyzowany, co oznacza, \u017ce nie ma potrzeby stosowania zewn\u0119trznej pompy ci\u015bnieniowej<\/li>\n<\/ol>\n<p><H4>dobrze wiedzie\u0107:<\/h4>\n<ul>\n<li>Zautomatyzowany system z wbudowan\u0105 pomp\u0105 ci\u015bnieniow\u0105 \u2013 nie wymaga zewn\u0119trznego wyposa\u017cenia<\/li>\n<li>Wi\u0105\u017ce niebezpieczne cz\u0105steczki py\u0142u o wielko\u015bci od 0,1 do 1000 mikron\u00f3w &#8211; zar\u00f3wno widoczne, jak i niewidoczne szkodliwe cz\u0105steczki py\u0142u<\/li>\n<li>Zu\u017cywa bardzo niewielkie ilo\u015bci wody \u2013 nie tworzy szlamu w miejscu prowadzenia prac<\/li>\n<li>Dost\u0119pny dla wszystkich modeli Brokk<\/li>\n<\/ul>\n<div style=\"width: 1024px;\" class=\"wp-video\"><video class=\"wp-video-shortcode\" id=\"video-5381-1\" width=\"1024\" height=\"576\" preload=\"metadata\" controls=\"controls\"><source type=\"video\/mp4\" src=\"\/uploads\/2020\/03\/brokk_atomized_water_mist.mp4?_=1\" \/><a href=\"\/uploads\/2020\/03\/brokk_atomized_water_mist.mp4\">\/uploads\/2020\/03\/brokk_atomized_water_mist.mp4<\/a><\/video><\/div>\n<p>&nbsp;<\/p>\n<p>Prosimy zapozna\u0107 si\u0119 z tre\u015bci\u0105 komunikatu prasowego <a href=\"https:\/\/www.brokk.com\/press-release\/atomized-water-mist\/\">press release<\/a> na temat nowego pulweryzatora mg\u0142y wodnej.<\/p>\n<p>Arkusz charakterystyki produktu mo\u017cna znale\u017a\u0107 <a href=\"https:\/\/www.brokk.com\/pl\/uploads\/sites\/15\/2023\/05\/brokk_options_atomized_water_mist-pl.pdf\">tutaj.<\/a><\/p>\n<p>&nbsp;<\/p>\n","protected":false},"excerpt":{"rendered":"<p>Our all-new atomized water mist tackles the most harmful silica dust particles for a safer and cleaner worksite.<\/p>\n","protected":false},"author":36,"featured_media":4790,"parent":0,"menu_order":97,"comment_status":"closed","ping_status":"closed","template":"page-templates\/campaign.php","meta":{"_acf_changed":false,"_relevanssi_hide_post":"","_relevanssi_hide_content":"","_relevanssi_pin_for_all":"","_relevanssi_pin_keywords":"","_relevanssi_unpin_keywords":"","_relevanssi_related_keywords":"","_relevanssi_related_include_ids":"","_relevanssi_related_exclude_ids":"","_relevanssi_related_no_append":"","_relevanssi_related_not_related":"","_relevanssi_related_posts":"","_relevanssi_noindex_reason":"Relevanssi image attachment filter Relevanssi index exclude","footnotes":""},"class_list":["post-5381","page","type-page","status-publish","has-post-thumbnail","hentry"],"acf":[],"yoast_head":"<!-- This site is optimized with the Yoast SEO plugin v27.3 - https:\/\/yoast.com\/product\/yoast-seo-wordpress\/ -->\n<title>Zatomizowana mg\u0142a wodna | Brokk Poland<\/title>\n<meta name=\"robots\" content=\"index, follow, max-snippet:-1, max-image-preview:large, max-video-preview:-1\" \/>\n<link rel=\"canonical\" href=\"https:\/\/www.brokk.com\/pl\/zatomizowana-mgla-wodna\/\" \/>\n<meta property=\"og:locale\" content=\"pl_PL\" \/>\n<meta property=\"og:type\" content=\"article\" \/>\n<meta property=\"og:title\" content=\"Zatomizowana mg\u0142a wodna | Brokk Poland\" \/>\n<meta property=\"og:description\" content=\"Our all-new atomized water mist tackles the most harmful silica dust particles for a safer and cleaner worksite.\" \/>\n<meta property=\"og:url\" content=\"https:\/\/www.brokk.com\/pl\/zatomizowana-mgla-wodna\/\" \/>\n<meta property=\"og:site_name\" content=\"Brokk Poland\" \/>\n<meta property=\"article:publisher\" content=\"http:\/\/www.facebook.com\/pages\/Brokk\/184270348326912\" \/>\n<meta name=\"twitter:card\" content=\"summary_large_image\" \/>\n<meta name=\"twitter:label1\" content=\"Est. reading time\" \/>\n\t<meta name=\"twitter:data1\" content=\"2 minutes\" \/>\n<script type=\"application\/ld+json\" class=\"yoast-schema-graph\">{\"@context\":\"https:\\\/\\\/schema.org\",\"@graph\":[{\"@type\":\"WebPage\",\"@id\":\"https:\\\/\\\/www.brokk.com\\\/pl\\\/zatomizowana-mgla-wodna\\\/\",\"url\":\"https:\\\/\\\/www.brokk.com\\\/pl\\\/zatomizowana-mgla-wodna\\\/\",\"name\":\"Zatomizowana mg\u0142a wodna | Brokk Poland\",\"isPartOf\":{\"@id\":\"https:\\\/\\\/www.brokk.com\\\/pl\\\/#website\"},\"primaryImageOfPage\":{\"@id\":\"https:\\\/\\\/www.brokk.com\\\/pl\\\/zatomizowana-mgla-wodna\\\/#primaryimage\"},\"image\":{\"@id\":\"https:\\\/\\\/www.brokk.com\\\/pl\\\/zatomizowana-mgla-wodna\\\/#primaryimage\"},\"thumbnailUrl\":\"https:\\\/\\\/www.brokk.com\\\/pl\\\/uploads\\\/2020\\\/03\\\/brokk_atomized_water_mist.jpg\",\"datePublished\":\"2023-05-19T22:25:31+00:00\",\"breadcrumb\":{\"@id\":\"https:\\\/\\\/www.brokk.com\\\/pl\\\/zatomizowana-mgla-wodna\\\/#breadcrumb\"},\"inLanguage\":\"pl-PL\",\"potentialAction\":[{\"@type\":\"ReadAction\",\"target\":[\"https:\\\/\\\/www.brokk.com\\\/pl\\\/zatomizowana-mgla-wodna\\\/\"]}]},{\"@type\":\"ImageObject\",\"inLanguage\":\"pl-PL\",\"@id\":\"https:\\\/\\\/www.brokk.com\\\/pl\\\/zatomizowana-mgla-wodna\\\/#primaryimage\",\"url\":\"https:\\\/\\\/www.brokk.com\\\/pl\\\/uploads\\\/2020\\\/03\\\/brokk_atomized_water_mist.jpg\",\"contentUrl\":\"https:\\\/\\\/www.brokk.com\\\/pl\\\/uploads\\\/2020\\\/03\\\/brokk_atomized_water_mist.jpg\",\"width\":1280,\"height\":800},{\"@type\":\"BreadcrumbList\",\"@id\":\"https:\\\/\\\/www.brokk.com\\\/pl\\\/zatomizowana-mgla-wodna\\\/#breadcrumb\",\"itemListElement\":[{\"@type\":\"ListItem\",\"position\":1,\"name\":\"Home\",\"item\":\"https:\\\/\\\/www.brokk.com\\\/pl\\\/\"},{\"@type\":\"ListItem\",\"position\":2,\"name\":\"Zatomizowana mg\u0142a wodna\"}]},{\"@type\":\"WebSite\",\"@id\":\"https:\\\/\\\/www.brokk.com\\\/pl\\\/#website\",\"url\":\"https:\\\/\\\/www.brokk.com\\\/pl\\\/\",\"name\":\"Brokk Poland\",\"description\":\"The definitive demolition solution in Poland\",\"publisher\":{\"@id\":\"https:\\\/\\\/www.brokk.com\\\/pl\\\/#organization\"},\"potentialAction\":[{\"@type\":\"SearchAction\",\"target\":{\"@type\":\"EntryPoint\",\"urlTemplate\":\"https:\\\/\\\/www.brokk.com\\\/pl\\\/?s={search_term_string}\"},\"query-input\":{\"@type\":\"PropertyValueSpecification\",\"valueRequired\":true,\"valueName\":\"search_term_string\"}}],\"inLanguage\":\"pl-PL\"},{\"@type\":\"Organization\",\"@id\":\"https:\\\/\\\/www.brokk.com\\\/pl\\\/#organization\",\"name\":\"Brokk (UK) Ltd\",\"url\":\"https:\\\/\\\/www.brokk.com\\\/pl\\\/\",\"logo\":{\"@type\":\"ImageObject\",\"inLanguage\":\"pl-PL\",\"@id\":\"https:\\\/\\\/www.brokk.com\\\/pl\\\/#\\\/schema\\\/logo\\\/image\\\/\",\"url\":\"https:\\\/\\\/www.brokk.com\\\/uk\\\/uploads\\\/sites\\\/5\\\/2018\\\/11\\\/logo.png\",\"contentUrl\":\"https:\\\/\\\/www.brokk.com\\\/uk\\\/uploads\\\/sites\\\/5\\\/2018\\\/11\\\/logo.png\",\"width\":250,\"height\":65,\"caption\":\"Brokk (UK) Ltd\"},\"image\":{\"@id\":\"https:\\\/\\\/www.brokk.com\\\/pl\\\/#\\\/schema\\\/logo\\\/image\\\/\"},\"sameAs\":[\"http:\\\/\\\/www.facebook.com\\\/pages\\\/Brokk\\\/184270348326912\",\"https:\\\/\\\/www.youtube.com\\\/user\\\/brokkrobots\"]}]}<\/script>\n<!-- \/ Yoast SEO plugin. -->","yoast_head_json":{"title":"Zatomizowana mg\u0142a wodna | Brokk Poland","robots":{"index":"index","follow":"follow","max-snippet":"max-snippet:-1","max-image-preview":"max-image-preview:large","max-video-preview":"max-video-preview:-1"},"canonical":"https:\/\/www.brokk.com\/pl\/zatomizowana-mgla-wodna\/","og_locale":"pl_PL","og_type":"article","og_title":"Zatomizowana mg\u0142a wodna | Brokk Poland","og_description":"Our all-new atomized water mist tackles the most harmful silica dust particles for a safer and cleaner worksite.","og_url":"https:\/\/www.brokk.com\/pl\/zatomizowana-mgla-wodna\/","og_site_name":"Brokk Poland","article_publisher":"http:\/\/www.facebook.com\/pages\/Brokk\/184270348326912","twitter_card":"summary_large_image","twitter_misc":{"Est. reading time":"2 minutes"},"schema":{"@context":"https:\/\/schema.org","@graph":[{"@type":"WebPage","@id":"https:\/\/www.brokk.com\/pl\/zatomizowana-mgla-wodna\/","url":"https:\/\/www.brokk.com\/pl\/zatomizowana-mgla-wodna\/","name":"Zatomizowana mg\u0142a wodna | Brokk Poland","isPartOf":{"@id":"https:\/\/www.brokk.com\/pl\/#website"},"primaryImageOfPage":{"@id":"https:\/\/www.brokk.com\/pl\/zatomizowana-mgla-wodna\/#primaryimage"},"image":{"@id":"https:\/\/www.brokk.com\/pl\/zatomizowana-mgla-wodna\/#primaryimage"},"thumbnailUrl":"https:\/\/www.brokk.com\/pl\/uploads\/2020\/03\/brokk_atomized_water_mist.jpg","datePublished":"2023-05-19T22:25:31+00:00","breadcrumb":{"@id":"https:\/\/www.brokk.com\/pl\/zatomizowana-mgla-wodna\/#breadcrumb"},"inLanguage":"pl-PL","potentialAction":[{"@type":"ReadAction","target":["https:\/\/www.brokk.com\/pl\/zatomizowana-mgla-wodna\/"]}]},{"@type":"ImageObject","inLanguage":"pl-PL","@id":"https:\/\/www.brokk.com\/pl\/zatomizowana-mgla-wodna\/#primaryimage","url":"https:\/\/www.brokk.com\/pl\/uploads\/2020\/03\/brokk_atomized_water_mist.jpg","contentUrl":"https:\/\/www.brokk.com\/pl\/uploads\/2020\/03\/brokk_atomized_water_mist.jpg","width":1280,"height":800},{"@type":"BreadcrumbList","@id":"https:\/\/www.brokk.com\/pl\/zatomizowana-mgla-wodna\/#breadcrumb","itemListElement":[{"@type":"ListItem","position":1,"name":"Home","item":"https:\/\/www.brokk.com\/pl\/"},{"@type":"ListItem","position":2,"name":"Zatomizowana mg\u0142a wodna"}]},{"@type":"WebSite","@id":"https:\/\/www.brokk.com\/pl\/#website","url":"https:\/\/www.brokk.com\/pl\/","name":"Brokk Poland","description":"The definitive demolition solution in Poland","publisher":{"@id":"https:\/\/www.brokk.com\/pl\/#organization"},"potentialAction":[{"@type":"SearchAction","target":{"@type":"EntryPoint","urlTemplate":"https:\/\/www.brokk.com\/pl\/?s={search_term_string}"},"query-input":{"@type":"PropertyValueSpecification","valueRequired":true,"valueName":"search_term_string"}}],"inLanguage":"pl-PL"},{"@type":"Organization","@id":"https:\/\/www.brokk.com\/pl\/#organization","name":"Brokk (UK) Ltd","url":"https:\/\/www.brokk.com\/pl\/","logo":{"@type":"ImageObject","inLanguage":"pl-PL","@id":"https:\/\/www.brokk.com\/pl\/#\/schema\/logo\/image\/","url":"https:\/\/www.brokk.com\/uk\/uploads\/sites\/5\/2018\/11\/logo.png","contentUrl":"https:\/\/www.brokk.com\/uk\/uploads\/sites\/5\/2018\/11\/logo.png","width":250,"height":65,"caption":"Brokk (UK) Ltd"},"image":{"@id":"https:\/\/www.brokk.com\/pl\/#\/schema\/logo\/image\/"},"sameAs":["http:\/\/www.facebook.com\/pages\/Brokk\/184270348326912","https:\/\/www.youtube.com\/user\/brokkrobots"]}]}},"_links":{"self":[{"href":"https:\/\/www.brokk.com\/pl\/wp-json\/wp\/v2\/pages\/5381","targetHints":{"allow":["GET"]}}],"collection":[{"href":"https:\/\/www.brokk.com\/pl\/wp-json\/wp\/v2\/pages"}],"about":[{"href":"https:\/\/www.brokk.com\/pl\/wp-json\/wp\/v2\/types\/page"}],"author":[{"embeddable":true,"href":"https:\/\/www.brokk.com\/pl\/wp-json\/wp\/v2\/users\/36"}],"replies":[{"embeddable":true,"href":"https:\/\/www.brokk.com\/pl\/wp-json\/wp\/v2\/comments?post=5381"}],"version-history":[{"count":0,"href":"https:\/\/www.brokk.com\/pl\/wp-json\/wp\/v2\/pages\/5381\/revisions"}],"wp:featuredmedia":[{"embeddable":true,"href":"https:\/\/www.brokk.com\/pl\/wp-json\/wp\/v2\/media\/4790"}],"wp:attachment":[{"href":"https:\/\/www.brokk.com\/pl\/wp-json\/wp\/v2\/media?parent=5381"}],"curies":[{"name":"wp","href":"https:\/\/api.w.org\/{rel}","templated":true}]}}