{"id":5395,"date":"2023-05-19T23:35:43","date_gmt":"2023-05-19T22:35:43","guid":{"rendered":"https:\/\/www.brokk.com\/pl\/brokk-descaler-maszyna-od-usuwania-zgorzeliny\/"},"modified":"2023-06-22T14:24:26","modified_gmt":"2023-06-22T13:24:26","slug":"brokk-descaler-maszyna-od-usuwania-zgorzeliny","status":"publish","type":"page","link":"https:\/\/www.brokk.com\/pl\/brokk-descaler-maszyna-od-usuwania-zgorzeliny\/","title":{"rendered":"Brokk Descaler &#8211; maszyna od usuwania zgorzeliny"},"content":{"rendered":"<div style=\"width: 1024px;\" class=\"wp-video\"><video class=\"wp-video-shortcode\" id=\"video-5395-1\" width=\"1024\" height=\"576\" preload=\"metadata\" controls=\"controls\"><source type=\"video\/mp4\" src=\"\/uploads\/2020\/05\/brokk_descaler_website.mp4?_=1\" \/><a href=\"\/uploads\/2020\/05\/brokk_descaler_website.mp4\">\/uploads\/2020\/05\/brokk_descaler_website.mp4<\/a><\/video><\/div>\n<p>&nbsp;<\/p>\n<h3><strong>Brokk Descaler &#8211; spos\u00f3b na eliminacj\u0119 zagro\u017ce\u0144 podczas usuwania zgorzeliny<\/strong><\/h3>\n<p><strong>Dzi\u0119ki wysi\u0119gnikowi teleskopowemu zapewniaj\u0105cemu wyj\u0105tkowy zasi\u0119g oraz zdalnemu sterowaniu maszyna do usuwania zgorzeliny Brokk Descaler rewolucjonizuje prace zwi\u0105zane z usuwaniem materia\u0142u na stropach wie\u017cy podgrzewaczy. Rozwi\u0105zanie, dzi\u0119ki kt\u00f3remu praca staje si\u0119 bezpieczna i wydajna, co wcze\u015bniej by\u0142o niemo\u017cliwe. Bezpieczne usuwanie zgorzeliny &#8211; bez ludzi wewn\u0105trz.<\/strong><\/p>\n<p><strong> <\/strong><\/p>\n<p><strong> <\/strong><\/p>\n<p><img loading=\"lazy\" decoding=\"async\" class=\"alignnone size-medium wp-image-3778\" src=\"\/uploads\/sites\/15\/2023\/05\/brokk_descaler_1280x800-pl.jpg\" alt=\"\" width=\"720\" height=\"589\" \/><\/p>\n<p>Zdrowie i bezpiecze\u0144stwo pracownik\u00f3w to nieustanne wyzwanie i wa\u017cna kwestia dla cementowni na ca\u0142ym \u015bwiecie. Proces eliminacji konieczno\u015bci obecno\u015bci pracownik\u00f3w w zagro\u017conych obszarach trwa ju\u017c 40 lat, a dzi\u0119ki zdalnie sterowanym robotom Brokk robotnicy nie musz\u0105 wchodzi\u0107 do wn\u0119trza piec\u00f3w cementowych i ch\u0142odni. Podobne problemy ze stropowymi wymur\u00f3wkami i wyprawami w wie\u017cach podgrzewaczy istniej\u0105 od lat, lecz nadal nie opracowano ca\u0142kowicie bezpiecznej i wydajnej metody pracy.<\/p>\n<p>Konwencjonalna metoda, przed wys\u0142aniem pracownik\u00f3w na rusztowania z r\u0119cznymi m\u0142otami, cz\u0119sto wymaga wst\u0119pnej, przeprowadzanej r\u0119cznie kontroli wst\u0119pnej, co jest zar\u00f3wno ryzykowne, jak i czasoch\u0142onne. Pracownicy nara\u017ceni s\u0105 nie tylko na spadaj\u0105cy gruz, ale tak\u017ce py\u0142 krzemionkowy, kt\u00f3ry przez sk\u00f3r\u0119 przedostaje si\u0119 do cia\u0142a. Ponadto wibracje z narz\u0119dzi r\u0119cznych s\u0105 znanym problemem i powoduj\u0105 schorzenie o nazwie \u201ebia\u0142e palce\u201d.<\/p>\n<p>Maszyna Brokk Descaler wyewoluowa\u0142a z robota Brokk, a umo\u017cliwia usuwanie ogniotrwa\u0142ych wymur\u00f3wek, pow\u0142ok i natopionych warstw bez konieczno\u015bci wchodzenia pracownik\u00f3w do wn\u0119trza wie\u017cy podgrzewacza. W ten spos\u00f3b wiele zagro\u017ce\u0144 ca\u0142kowicie wyeliminowano lub znacznie zredukowano.<\/p>\n<p><img loading=\"lazy\" decoding=\"async\" class=\"alignnone size-medium wp-image-3784\" src=\"uploads\/sites\/15\/2023\/05\/descaler_safety_comparison_web-pl.png\" alt=\"\" width=\"720\" height=\"450\" \/><\/p>\n<p><Strong>Zastosowanie<br \/>\n<\/strong>Wsz\u0119dzie, gdzie pojawiaj\u0105 natopione warstwy, Brokk Descaler znajdzie zastosowanie:<\/p>\n<ul>\n<li>Pyrotop<\/li>\n<li>Paleniska cyklonowe <\/li>\n<li>Kalcynatory<\/li>\n<li>Sklepienia kolumn gazowych<\/li>\n<li>Otwory wlotowe pieca<\/li>\n<li>Przeciwkolano<\/li>\n<li>Kalcynatory aluminium, silosy, itp.<\/li>\n<\/ul>\n<p><img loading=\"lazy\" decoding=\"async\" class=\"alignnone size-medium wp-image-3782\" src=\"\/uploads\/2020\/05\/jpa04365_ret-720x480.jpg\" alt=\"\" width=\"720\" height=\"480\" \/><\/p>\n<p><strong>Instalacja<\/strong><\/p>\n<p>Maszyn\u0119 do usuwania zgorzeliny Brokk Descaler mo\u017cna zainstalowa\u0107 w miejscu pracy w czasie kr\u00f3tszym ni\u017c 3 godziny, a dzi\u0119ki mo\u017cliwo\u015bci przewo\u017cenia jej w wi\u0119kszo\u015bci wind osobowych mo\u017cna j\u0105 \u0142atwo przetransportowa\u0107 w dowolne miejsce w wie\u017cy. Po zainstalowaniu maszyny operator mo\u017ce nadzorowa\u0107 prowadzone roboty przez luki, przebywaj\u0105c poza komor\u0105, co zapewnia precyzj\u0119 wyburze\u0144.<\/p>\n<p>Setki ton materia\u0142\u00f3w ogniotrwa\u0142ych mo\u017cna usun\u0105\u0107 przy zerowym kontakcie fizycznym, i znacznie szybciej, ni\u017c przy wykonuj\u0105c to samo zadanie r\u0119cznie. Zapewnia to wysok\u0105 wydajno\u015b\u0107, a tak\u017ce bezpiecze\u0144stwo pracownik\u00f3w. Daje to w efekcie bezpieczniejsze miejsce pracy i maksymaln\u0105 wydajno\u015b\u0107.<\/p>\n<p><img loading=\"lazy\" decoding=\"async\" class=\"alignnone size-medium wp-image-3783\" src=\"\/uploads\/2020\/05\/descaler_production_time_comparison_web-720x450.png\" alt=\"\" width=\"720\" height=\"450\" srcset=\"https:\/\/www.brokk.com\/pl\/uploads\/2020\/05\/descaler_production_time_comparison_web-720x450.png 720w, https:\/\/www.brokk.com\/pl\/uploads\/2020\/05\/descaler_production_time_comparison_web-768x480.png 768w, https:\/\/www.brokk.com\/pl\/uploads\/2020\/05\/descaler_production_time_comparison_web-480x300.png 480w, https:\/\/www.brokk.com\/pl\/uploads\/2020\/05\/descaler_production_time_comparison_web-48x30.png 48w, https:\/\/www.brokk.com\/pl\/uploads\/2020\/05\/descaler_production_time_comparison_web.png 1280w\" sizes=\"auto, (max-width: 720px) 100vw, 720px\" \/><\/p>\n<div style=\"width: 45%;padding: 0 10pt 0 0;float: left\">\n<p><strong>Bezpiecze\u0144stwo:<\/strong><\/p>\n<ul>\n<li>Bezpieczne usuwanie zgorzeliny &#8211; bez ludzi wewn\u0105trz<\/li>\n<li>Dost\u0119p z r\u00f3\u017cnych pozycji z zapewnieniem optymalnej widoczno\u015bci dla operatora<\/li>\n<li>Minimalizacja stopnia nara\u017cenia pracownik\u00f3w na dzia\u0142anie py\u0142u<\/li>\n<\/ul>\n<\/div>\n<div style=\"width: 45%;padding: 0 10pt 0 0;float: right\">\n<p><strong>Zwi\u0119kszona wydajno\u015b\u0107:<\/strong><\/p>\n<ul>\n<li>Skr\u00f3cenie czasu przestoj\u00f3w &#8211; zwi\u0119kszenie mocy produkcyjnych<\/li>\n<li>Instalacja na dowolnym poziomie w czasie kr\u00f3tszym, ni\u017c 3 godziny<\/li>\n<p> \t<Li>szybki transfer mi\u0119dzy platformami w windzie<\/li>\n<\/ul>\n<\/div>\n<div style=\"clear: both\"><\/div>\n<p><strong>Po poznaniu korzy\u015bci p\u0142yn\u0105cych ze stosowania maszyny Brokk Descaler, nie ma ju\u017c powrotu do bardzo ryzykownych metod stosowanych wcze\u015bniej.<\/strong><\/p>\n<p>&nbsp;<\/p>\n<p>Dane techniczne <a href=\"https:\/\/www.brokk.com\/uploads\/2021\/02\/3136-8082-83-1-b_descalersingle-1.pdf\">maszyn Brokk Descaler Single<\/a> oraz <a href=\"https:\/\/www.brokk.com\/uploads\/2021\/02\/3136-8082-82-1-b_descalertwin-1.pdf\">Brokk Descaler Twin<\/a>.<\/p>\n<p>Prosimy zapozna\u0107 si\u0119 z tre\u015bci\u0105 <a href=\"https:\/\/www.brokk.com\/press-release\/brokk-descaler\/\">komunikatu prasowego<\/a> na temat maszyny Brokk Descaler.<\/p>\n","protected":false},"excerpt":{"rendered":"<p>&nbsp; Brokk Descaler &#8211; spos\u00f3b na eliminacj\u0119 zagro\u017ce\u0144 podczas usuwania zgorzeliny Dzi\u0119ki wysi\u0119gnikowi teleskopowemu zapewniaj\u0105cemu wyj\u0105tkowy zasi\u0119g oraz zdalnemu sterowaniu maszyna do usuwania zgorzeliny Brokk Descaler rewolucjonizuje prace zwi\u0105zane z usuwaniem materia\u0142u na stropach wie\u017cy podgrzewaczy. Rozwi\u0105zanie, dzi\u0119ki kt\u00f3remu praca\u2026<\/p>\n","protected":false},"author":36,"featured_media":4808,"parent":0,"menu_order":169,"comment_status":"closed","ping_status":"closed","template":"page-templates\/campaign.php","meta":{"_acf_changed":false,"_relevanssi_hide_post":"","_relevanssi_hide_content":"","_relevanssi_pin_for_all":"","_relevanssi_pin_keywords":"","_relevanssi_unpin_keywords":"","_relevanssi_related_keywords":"","_relevanssi_related_include_ids":"","_relevanssi_related_exclude_ids":"","_relevanssi_related_no_append":"","_relevanssi_related_not_related":"","_relevanssi_related_posts":"","_relevanssi_noindex_reason":"","footnotes":""},"class_list":["post-5395","page","type-page","status-publish","has-post-thumbnail","hentry"],"acf":[],"yoast_head":"<!-- This site is optimized with the Yoast SEO plugin v27.3 - https:\/\/yoast.com\/product\/yoast-seo-wordpress\/ -->\n<title>Brokk Descaler - maszyna od usuwania zgorzeliny | Brokk Poland<\/title>\n<meta name=\"robots\" content=\"index, follow, max-snippet:-1, max-image-preview:large, max-video-preview:-1\" \/>\n<link rel=\"canonical\" href=\"https:\/\/www.brokk.com\/pl\/brokk-descaler-maszyna-od-usuwania-zgorzeliny\/\" \/>\n<meta property=\"og:locale\" content=\"pl_PL\" \/>\n<meta property=\"og:type\" content=\"article\" \/>\n<meta property=\"og:title\" content=\"Brokk Descaler - maszyna od usuwania zgorzeliny | Brokk Poland\" \/>\n<meta property=\"og:description\" content=\"&nbsp; Brokk Descaler &#8211; spos\u00f3b na eliminacj\u0119 zagro\u017ce\u0144 podczas usuwania zgorzeliny Dzi\u0119ki wysi\u0119gnikowi teleskopowemu zapewniaj\u0105cemu wyj\u0105tkowy zasi\u0119g oraz zdalnemu sterowaniu maszyna do usuwania zgorzeliny Brokk Descaler rewolucjonizuje prace zwi\u0105zane z usuwaniem materia\u0142u na stropach wie\u017cy podgrzewaczy. Rozwi\u0105zanie, dzi\u0119ki kt\u00f3remu praca\u2026\" \/>\n<meta property=\"og:url\" content=\"https:\/\/www.brokk.com\/pl\/brokk-descaler-maszyna-od-usuwania-zgorzeliny\/\" \/>\n<meta property=\"og:site_name\" content=\"Brokk Poland\" \/>\n<meta property=\"article:publisher\" content=\"http:\/\/www.facebook.com\/pages\/Brokk\/184270348326912\" \/>\n<meta property=\"article:modified_time\" content=\"2023-06-22T13:24:26+00:00\" \/>\n<meta property=\"og:image\" content=\"https:\/\/www.brokk.com\/pl\/uploads\/2020\/05\/brokk_descaler_1280x800.jpg\" \/>\n\t<meta property=\"og:image:width\" content=\"1280\" \/>\n\t<meta property=\"og:image:height\" content=\"800\" \/>\n\t<meta property=\"og:image:type\" content=\"image\/jpeg\" \/>\n<meta name=\"twitter:card\" content=\"summary_large_image\" \/>\n<meta name=\"twitter:label1\" content=\"Est. reading time\" \/>\n\t<meta name=\"twitter:data1\" content=\"4 minutes\" \/>\n<script type=\"application\/ld+json\" class=\"yoast-schema-graph\">{\"@context\":\"https:\\\/\\\/schema.org\",\"@graph\":[{\"@type\":\"WebPage\",\"@id\":\"https:\\\/\\\/www.brokk.com\\\/pl\\\/brokk-descaler-maszyna-od-usuwania-zgorzeliny\\\/\",\"url\":\"https:\\\/\\\/www.brokk.com\\\/pl\\\/brokk-descaler-maszyna-od-usuwania-zgorzeliny\\\/\",\"name\":\"Brokk Descaler - maszyna od usuwania zgorzeliny | Brokk Poland\",\"isPartOf\":{\"@id\":\"https:\\\/\\\/www.brokk.com\\\/pl\\\/#website\"},\"primaryImageOfPage\":{\"@id\":\"https:\\\/\\\/www.brokk.com\\\/pl\\\/brokk-descaler-maszyna-od-usuwania-zgorzeliny\\\/#primaryimage\"},\"image\":{\"@id\":\"https:\\\/\\\/www.brokk.com\\\/pl\\\/brokk-descaler-maszyna-od-usuwania-zgorzeliny\\\/#primaryimage\"},\"thumbnailUrl\":\"https:\\\/\\\/www.brokk.com\\\/pl\\\/uploads\\\/2020\\\/05\\\/brokk_descaler_1280x800.jpg\",\"datePublished\":\"2023-05-19T22:35:43+00:00\",\"dateModified\":\"2023-06-22T13:24:26+00:00\",\"breadcrumb\":{\"@id\":\"https:\\\/\\\/www.brokk.com\\\/pl\\\/brokk-descaler-maszyna-od-usuwania-zgorzeliny\\\/#breadcrumb\"},\"inLanguage\":\"pl-PL\",\"potentialAction\":[{\"@type\":\"ReadAction\",\"target\":[\"https:\\\/\\\/www.brokk.com\\\/pl\\\/brokk-descaler-maszyna-od-usuwania-zgorzeliny\\\/\"]}]},{\"@type\":\"ImageObject\",\"inLanguage\":\"pl-PL\",\"@id\":\"https:\\\/\\\/www.brokk.com\\\/pl\\\/brokk-descaler-maszyna-od-usuwania-zgorzeliny\\\/#primaryimage\",\"url\":\"https:\\\/\\\/www.brokk.com\\\/pl\\\/uploads\\\/2020\\\/05\\\/brokk_descaler_1280x800.jpg\",\"contentUrl\":\"https:\\\/\\\/www.brokk.com\\\/pl\\\/uploads\\\/2020\\\/05\\\/brokk_descaler_1280x800.jpg\",\"width\":1280,\"height\":800},{\"@type\":\"BreadcrumbList\",\"@id\":\"https:\\\/\\\/www.brokk.com\\\/pl\\\/brokk-descaler-maszyna-od-usuwania-zgorzeliny\\\/#breadcrumb\",\"itemListElement\":[{\"@type\":\"ListItem\",\"position\":1,\"name\":\"Home\",\"item\":\"https:\\\/\\\/www.brokk.com\\\/pl\\\/\"},{\"@type\":\"ListItem\",\"position\":2,\"name\":\"Brokk Descaler &#8211; maszyna od usuwania zgorzeliny\"}]},{\"@type\":\"WebSite\",\"@id\":\"https:\\\/\\\/www.brokk.com\\\/pl\\\/#website\",\"url\":\"https:\\\/\\\/www.brokk.com\\\/pl\\\/\",\"name\":\"Brokk Poland\",\"description\":\"The definitive demolition solution in Poland\",\"publisher\":{\"@id\":\"https:\\\/\\\/www.brokk.com\\\/pl\\\/#organization\"},\"potentialAction\":[{\"@type\":\"SearchAction\",\"target\":{\"@type\":\"EntryPoint\",\"urlTemplate\":\"https:\\\/\\\/www.brokk.com\\\/pl\\\/?s={search_term_string}\"},\"query-input\":{\"@type\":\"PropertyValueSpecification\",\"valueRequired\":true,\"valueName\":\"search_term_string\"}}],\"inLanguage\":\"pl-PL\"},{\"@type\":\"Organization\",\"@id\":\"https:\\\/\\\/www.brokk.com\\\/pl\\\/#organization\",\"name\":\"Brokk (UK) Ltd\",\"url\":\"https:\\\/\\\/www.brokk.com\\\/pl\\\/\",\"logo\":{\"@type\":\"ImageObject\",\"inLanguage\":\"pl-PL\",\"@id\":\"https:\\\/\\\/www.brokk.com\\\/pl\\\/#\\\/schema\\\/logo\\\/image\\\/\",\"url\":\"https:\\\/\\\/www.brokk.com\\\/uk\\\/uploads\\\/sites\\\/5\\\/2018\\\/11\\\/logo.png\",\"contentUrl\":\"https:\\\/\\\/www.brokk.com\\\/uk\\\/uploads\\\/sites\\\/5\\\/2018\\\/11\\\/logo.png\",\"width\":250,\"height\":65,\"caption\":\"Brokk (UK) Ltd\"},\"image\":{\"@id\":\"https:\\\/\\\/www.brokk.com\\\/pl\\\/#\\\/schema\\\/logo\\\/image\\\/\"},\"sameAs\":[\"http:\\\/\\\/www.facebook.com\\\/pages\\\/Brokk\\\/184270348326912\",\"https:\\\/\\\/www.youtube.com\\\/user\\\/brokkrobots\"]}]}<\/script>\n<!-- \/ Yoast SEO plugin. -->","yoast_head_json":{"title":"Brokk Descaler - maszyna od usuwania zgorzeliny | Brokk Poland","robots":{"index":"index","follow":"follow","max-snippet":"max-snippet:-1","max-image-preview":"max-image-preview:large","max-video-preview":"max-video-preview:-1"},"canonical":"https:\/\/www.brokk.com\/pl\/brokk-descaler-maszyna-od-usuwania-zgorzeliny\/","og_locale":"pl_PL","og_type":"article","og_title":"Brokk Descaler - maszyna od usuwania zgorzeliny | Brokk Poland","og_description":"&nbsp; Brokk Descaler &#8211; spos\u00f3b na eliminacj\u0119 zagro\u017ce\u0144 podczas usuwania zgorzeliny Dzi\u0119ki wysi\u0119gnikowi teleskopowemu zapewniaj\u0105cemu wyj\u0105tkowy zasi\u0119g oraz zdalnemu sterowaniu maszyna do usuwania zgorzeliny Brokk Descaler rewolucjonizuje prace zwi\u0105zane z usuwaniem materia\u0142u na stropach wie\u017cy podgrzewaczy. Rozwi\u0105zanie, dzi\u0119ki kt\u00f3remu praca\u2026","og_url":"https:\/\/www.brokk.com\/pl\/brokk-descaler-maszyna-od-usuwania-zgorzeliny\/","og_site_name":"Brokk Poland","article_publisher":"http:\/\/www.facebook.com\/pages\/Brokk\/184270348326912","article_modified_time":"2023-06-22T13:24:26+00:00","og_image":[{"width":1280,"height":800,"url":"https:\/\/www.brokk.com\/pl\/uploads\/2020\/05\/brokk_descaler_1280x800.jpg","type":"image\/jpeg"}],"twitter_card":"summary_large_image","twitter_misc":{"Est. reading time":"4 minutes"},"schema":{"@context":"https:\/\/schema.org","@graph":[{"@type":"WebPage","@id":"https:\/\/www.brokk.com\/pl\/brokk-descaler-maszyna-od-usuwania-zgorzeliny\/","url":"https:\/\/www.brokk.com\/pl\/brokk-descaler-maszyna-od-usuwania-zgorzeliny\/","name":"Brokk Descaler - maszyna od usuwania zgorzeliny | Brokk Poland","isPartOf":{"@id":"https:\/\/www.brokk.com\/pl\/#website"},"primaryImageOfPage":{"@id":"https:\/\/www.brokk.com\/pl\/brokk-descaler-maszyna-od-usuwania-zgorzeliny\/#primaryimage"},"image":{"@id":"https:\/\/www.brokk.com\/pl\/brokk-descaler-maszyna-od-usuwania-zgorzeliny\/#primaryimage"},"thumbnailUrl":"https:\/\/www.brokk.com\/pl\/uploads\/2020\/05\/brokk_descaler_1280x800.jpg","datePublished":"2023-05-19T22:35:43+00:00","dateModified":"2023-06-22T13:24:26+00:00","breadcrumb":{"@id":"https:\/\/www.brokk.com\/pl\/brokk-descaler-maszyna-od-usuwania-zgorzeliny\/#breadcrumb"},"inLanguage":"pl-PL","potentialAction":[{"@type":"ReadAction","target":["https:\/\/www.brokk.com\/pl\/brokk-descaler-maszyna-od-usuwania-zgorzeliny\/"]}]},{"@type":"ImageObject","inLanguage":"pl-PL","@id":"https:\/\/www.brokk.com\/pl\/brokk-descaler-maszyna-od-usuwania-zgorzeliny\/#primaryimage","url":"https:\/\/www.brokk.com\/pl\/uploads\/2020\/05\/brokk_descaler_1280x800.jpg","contentUrl":"https:\/\/www.brokk.com\/pl\/uploads\/2020\/05\/brokk_descaler_1280x800.jpg","width":1280,"height":800},{"@type":"BreadcrumbList","@id":"https:\/\/www.brokk.com\/pl\/brokk-descaler-maszyna-od-usuwania-zgorzeliny\/#breadcrumb","itemListElement":[{"@type":"ListItem","position":1,"name":"Home","item":"https:\/\/www.brokk.com\/pl\/"},{"@type":"ListItem","position":2,"name":"Brokk Descaler &#8211; maszyna od usuwania zgorzeliny"}]},{"@type":"WebSite","@id":"https:\/\/www.brokk.com\/pl\/#website","url":"https:\/\/www.brokk.com\/pl\/","name":"Brokk Poland","description":"The definitive demolition solution in Poland","publisher":{"@id":"https:\/\/www.brokk.com\/pl\/#organization"},"potentialAction":[{"@type":"SearchAction","target":{"@type":"EntryPoint","urlTemplate":"https:\/\/www.brokk.com\/pl\/?s={search_term_string}"},"query-input":{"@type":"PropertyValueSpecification","valueRequired":true,"valueName":"search_term_string"}}],"inLanguage":"pl-PL"},{"@type":"Organization","@id":"https:\/\/www.brokk.com\/pl\/#organization","name":"Brokk (UK) Ltd","url":"https:\/\/www.brokk.com\/pl\/","logo":{"@type":"ImageObject","inLanguage":"pl-PL","@id":"https:\/\/www.brokk.com\/pl\/#\/schema\/logo\/image\/","url":"https:\/\/www.brokk.com\/uk\/uploads\/sites\/5\/2018\/11\/logo.png","contentUrl":"https:\/\/www.brokk.com\/uk\/uploads\/sites\/5\/2018\/11\/logo.png","width":250,"height":65,"caption":"Brokk (UK) Ltd"},"image":{"@id":"https:\/\/www.brokk.com\/pl\/#\/schema\/logo\/image\/"},"sameAs":["http:\/\/www.facebook.com\/pages\/Brokk\/184270348326912","https:\/\/www.youtube.com\/user\/brokkrobots"]}]}},"_links":{"self":[{"href":"https:\/\/www.brokk.com\/pl\/wp-json\/wp\/v2\/pages\/5395","targetHints":{"allow":["GET"]}}],"collection":[{"href":"https:\/\/www.brokk.com\/pl\/wp-json\/wp\/v2\/pages"}],"about":[{"href":"https:\/\/www.brokk.com\/pl\/wp-json\/wp\/v2\/types\/page"}],"author":[{"embeddable":true,"href":"https:\/\/www.brokk.com\/pl\/wp-json\/wp\/v2\/users\/36"}],"replies":[{"embeddable":true,"href":"https:\/\/www.brokk.com\/pl\/wp-json\/wp\/v2\/comments?post=5395"}],"version-history":[{"count":1,"href":"https:\/\/www.brokk.com\/pl\/wp-json\/wp\/v2\/pages\/5395\/revisions"}],"predecessor-version":[{"id":5809,"href":"https:\/\/www.brokk.com\/pl\/wp-json\/wp\/v2\/pages\/5395\/revisions\/5809"}],"wp:featuredmedia":[{"embeddable":true,"href":"https:\/\/www.brokk.com\/pl\/wp-json\/wp\/v2\/media\/4808"}],"wp:attachment":[{"href":"https:\/\/www.brokk.com\/pl\/wp-json\/wp\/v2\/media?parent=5395"}],"curies":[{"name":"wp","href":"https:\/\/api.w.org\/{rel}","templated":true}]}}