{"id":5399,"date":"2023-05-20T01:39:45","date_gmt":"2023-05-20T00:39:45","guid":{"rendered":"https:\/\/www.brokk.com\/pl\/brokk-smartconcept\/"},"modified":"2023-06-07T07:43:33","modified_gmt":"2023-06-07T06:43:33","slug":"brokk-smartconcept","status":"publish","type":"page","link":"https:\/\/www.brokk.com\/pl\/brokk-smartconcept\/","title":{"rendered":"Brokk SmartConcept"},"content":{"rendered":"<h3>BROKK SMARTPOWER\u2122<\/h3>\n<p>Dzi\u0119ki Brokk SmartPower\u2122 otrzymujesz najbardziej inteligentny system zasilania na \u015bwiecie, zaprojektowany specjalnie do ci\u0119\u017ckich prac wyburzeniowych. Sekret tkwi w systemie, kt\u00f3ry oferuje zwi\u0119kszon\u0105 moc dzi\u0119ki inteligentnemu uk\u0142adowi sterowania i monitorowania oraz wzmocnionej instalacji elektrycznej \u2013 maksymalizuj\u0105c produkcj\u0119 przy minimalizacji przestoj\u00f3w.<\/p>\n<p>Jest to odpowied\u017a na pozornie niemo\u017cliwe do rozwi\u0105zania r\u00f3wnanie, jakim jest uczynienie robot\u00f3w wyburzeniowych mocniejszymi ni\u017c kiedykolwiek, a jednocze\u015bnie tak kompaktowymi i lekkimi, aby mog\u0142y dotrze\u0107 do najcia\u015bniejszych przestrzeni. Solidno\u015b\u0107 konstrukcji zapewnia r\u00f3wnie\u017c nieprzerwan\u0105 prac\u0119 nawet w miejscach, w kt\u00f3rych panuje bardzo wysoka temperatura i ekstremalnie trudne warunki.<\/p>\n<p>Brokk SmartPower\u2122 pokonuje ograniczenia. W tym ca\u0142kowicie nowym, inteligentnym systemie zarz\u0105dzania energi\u0105 zastosowano unikalny elektryczny uk\u0142ad nap\u0119dowy, kt\u00f3ry zwi\u0119ksza moc wyj\u015bciow\u0105 dowolnego uk\u0142adu zasilaj\u0105cego o 50% lub wi\u0119cej. Dzi\u0119ki inteligentnemu monitoringowi maszyna Brokk doskonale wsp\u00f3\u0142pracuje z generatorami i pracuje w miejscach z potencjalnie zawodnym zasilaniem. Inteligentny system wykrywa, czy zasilanie jest s\u0142abe lub niestabilne, kompensuje to w jak najwi\u0119kszym stopniu, i chroni podzespo\u0142y przed uszkodzeniem. Wyd\u0142u\u017ca to \u017cywotno\u015b\u0107 wszystkich element\u00f3w elektrycznych i hydraulicznych.<\/p>\n<p>Niespotykana konstrukcja i przemy\u015blane modyfikacje kluczowych podzespo\u0142\u00f3w r\u00f3wnie\u017c przyczyniaj\u0105 si\u0119 do niezr\u00f3wnanej niezawodno\u015bci. W por\u00f3wnaniu z tradycyjnym systemem wewn\u0119trzne okablowanie i styki s\u0105 zredukowane do absolutnego minimum (redukcja o 70 procent). Dzi\u0119ki brakowi ruchomych element\u00f3w w uk\u0142adzie elektrycznym i podzespo\u0142om odpornym na ekstremalne wibracje, dzia\u0142anie py\u0142u i trudne warunki system doskonale sprawdza si\u0119 w warunkach pracy robota wyburzeniowego.<\/p>\n<p><img loading=\"lazy\" decoding=\"async\" class=\"alignnone size-medium wp-image-1961\" src=\"https:\/\/www.brokk.com\/uploads\/2018\/05\/smartpower_chart_thumb-720x480.jpg\" alt=\"Brokk SmartPower Chart\" width=\"720\" height=\"480\" srcset=\"https:\/\/www.brokk.com\/pl\/uploads\/2018\/05\/smartpower_chart_thumb-720x480.jpg 720w, https:\/\/www.brokk.com\/pl\/uploads\/2018\/05\/smartpower_chart_thumb-420x280.jpg 420w, https:\/\/www.brokk.com\/pl\/uploads\/2018\/05\/smartpower_chart_thumb-768x512.jpg 768w, https:\/\/www.brokk.com\/pl\/uploads\/2018\/05\/smartpower_chart_thumb-1280x853.jpg 1280w, https:\/\/www.brokk.com\/pl\/uploads\/2018\/05\/smartpower_chart_thumb-480x320.jpg 480w, https:\/\/www.brokk.com\/pl\/uploads\/2018\/05\/smartpower_chart_thumb-48x32.jpg 48w, https:\/\/www.brokk.com\/pl\/uploads\/2018\/05\/smartpower_chart_thumb.jpg 1440w\" sizes=\"auto, (max-width: 720px) 100vw, 720px\" \/><\/p>\n<p>&nbsp;<\/p>\n<h3>BROKK SMARTDESIGN\u2122<\/h3>\n<p>Projektuj\u0105c now\u0105 maszyn\u0119 Brokk skoncentrowali\u015bmy si\u0119 na u\u0142atwieniu operatorowi jej codziennej obs\u0142ugi. U\u0142atwiaj\u0105c serwisowanie i konserwacj\u0119, maksymalizujemy czas sprawno\u015bci i zapewniamy bezproblemow\u0105 i produktywn\u0105 prac\u0119 przez ca\u0142y okres eksploatacji maszyny.<\/p>\n<p>Dlatego wszystkie codzienne i cotygodniowe czynno\u015bci konserwacyjne mo\u017cna przeprowadza\u0107 bez podnoszenia pokrywy maszyny. Dlatego wszystkie punkty smarowania, w tym miejsce do uzupe\u0142niania smaru w kruszarce, s\u0105 \u0142atwo dost\u0119pne z zewn\u0105trz. Dlatego wyeliminowali\u015bmy potrzeb\u0119 regularnego dokr\u0119cania trudno dost\u0119pnych wa\u0142\u00f3w. Dlatego wymiana w\u0119\u017cy w maszynach Brokk jest teraz tak \u0142atwa: w\u0119\u017ce wysi\u0119gnik\u00f3w s\u0105 podzielone, wi\u0119c w razie uszkodzenia w\u0119\u017ca wymiany wymaga tylko jego kr\u00f3tki odcinek.<\/p>\n<p>Nowa, wzmocniona konstrukcja chroni r\u00f3wnie\u017c robota wyburzeniowego i minimalizuje uszkodzenia w razie wypadku, co zmniejsza koszty naprawy i wyd\u0142u\u017ca czas sprawno\u015bci. Z odpornymi na uszkodzenia os\u0142onami ze stali t\u0142oczonej. Z odlewanymi naro\u017cnikami podstawy obrotowej i wytrzyma\u0142\u0105 os\u0142on\u0105 reflektor\u00f3w LED, itp.<\/p>\n<p><img loading=\"lazy\" decoding=\"async\" class=\"alignnone size-medium wp-image-597\" src=\"https:\/\/www.brokk.com\/uploads\/2018\/03\/brokk520d_reinforced_headlight_protection-720x479.jpg\" alt=\"Brokk 520D Reinforced headlight protection\" width=\"720\" height=\"479\" srcset=\"https:\/\/www.brokk.com\/pl\/uploads\/2018\/03\/brokk520d_reinforced_headlight_protection-720x479.jpg 720w, https:\/\/www.brokk.com\/pl\/uploads\/2018\/03\/brokk520d_reinforced_headlight_protection-420x280.jpg 420w, https:\/\/www.brokk.com\/pl\/uploads\/2018\/03\/brokk520d_reinforced_headlight_protection-768x511.jpg 768w, https:\/\/www.brokk.com\/pl\/uploads\/2018\/03\/brokk520d_reinforced_headlight_protection-1280x852.jpg 1280w, https:\/\/www.brokk.com\/pl\/uploads\/2018\/03\/brokk520d_reinforced_headlight_protection-480x320.jpg 480w, https:\/\/www.brokk.com\/pl\/uploads\/2018\/03\/brokk520d_reinforced_headlight_protection-48x32.jpg 48w, https:\/\/www.brokk.com\/pl\/uploads\/2018\/03\/brokk520d_reinforced_headlight_protection.jpg 1439w\" sizes=\"auto, (max-width: 720px) 100vw, 720px\" \/><\/p>\n<p>&nbsp;<\/p>\n<h3>BROKK SMARTREMOTE\u2122<\/h3>\n<p>Ergonomia to jedna z wielu zalet zdalnego sterowania; Operator ma mo\u017cliwo\u015b\u0107 zaj\u0119cia wygodnej pozycji roboczej z dala od wibracji, wysokiej temperatury i od\u0142amk\u00f3w skalnych, a jednocze\u015bnie mie\u0107 pe\u0142ny wgl\u0105d w sytuacj\u0119. Brokk idzie o krok dalej wprowadzaj\u0105c SmartRemote\u2122.<\/p>\n<p>Tak, istniej\u0105 inne zdalnie sterowane systemy. Lecz nie wszystkie s\u0105 sobie r\u00f3wne. SmartRemote\u2122 firmy Brokk jest liderem w bran\u017cy pod wzgl\u0119dem ergonomicznej konstrukcji i funkcji, kt\u00f3re zwi\u0119kszaj\u0105 wydajno\u015b\u0107 pracy operatora. Pomy\u015bleli\u015bmy o ka\u017cdym szczeg\u00f3le: Technologia \u0142\u0105czno\u015bci radiowej w profesjonalnym zakresie fal zapewnia niezawodne i szybkie po\u0142\u0105czenie z maszyn\u0105 na odleg\u0142o\u015b\u0107 nawet 300 metr\u00f3w, daj\u0105c operatorowi swobod\u0119 doboru w\u0142a\u015bciwej pozycji. Opatentowana uprz\u0105\u017c przenosi ci\u0119\u017car tam, gdzie powinien si\u0119 znale\u017a\u0107, odci\u0105\u017caj\u0105c barki i ramiona. Kr\u00f3tkie joysticki pozwalaj\u0105 operatorom oprze\u0107 r\u0119ce na pilocie, co zmniejsza wysi\u0142ek. Intuicyjne sterowanie pozwala operatorom skupi\u0107 si\u0119 na pracy, bez konieczno\u015bci wzrokowego kontrolowania pilota.<\/p>\n<p>W Brokk wiemy, \u017ce robot wyburzeniowy i operator stanowi\u0105 zesp\u00f3\u0142. Dlatego zaprojektowali\u015bmy system zdalnego sterowania, dzi\u0119ki kt\u00f3remu operator utrzymuje wydajno\u015b\u0107 pracy przez ca\u0142\u0105 zmian\u0119 robocz\u0105 nie nara\u017caj\u0105c si\u0119 na utrat\u0119 zdrowia.<\/p>\n<p><img loading=\"lazy\" decoding=\"async\" class=\"alignnone size-medium wp-image-1964\" src=\"https:\/\/www.brokk.com\/uploads\/2018\/05\/smartremote_thumb-720x480.jpg\" alt=\"Brokk SmartRemote\" width=\"720\" height=\"480\" srcset=\"https:\/\/www.brokk.com\/pl\/uploads\/2018\/05\/smartremote_thumb-720x480.jpg 720w, https:\/\/www.brokk.com\/pl\/uploads\/2018\/05\/smartremote_thumb-420x280.jpg 420w, https:\/\/www.brokk.com\/pl\/uploads\/2018\/05\/smartremote_thumb-768x512.jpg 768w, https:\/\/www.brokk.com\/pl\/uploads\/2018\/05\/smartremote_thumb-1280x853.jpg 1280w, https:\/\/www.brokk.com\/pl\/uploads\/2018\/05\/smartremote_thumb-480x320.jpg 480w, https:\/\/www.brokk.com\/pl\/uploads\/2018\/05\/smartremote_thumb-48x32.jpg 48w, https:\/\/www.brokk.com\/pl\/uploads\/2018\/05\/smartremote_thumb.jpg 1440w\" sizes=\"auto, (max-width: 720px) 100vw, 720px\" \/><\/p>\n","protected":false},"excerpt":{"rendered":"<p>W Brokk SmartConcept zebrali\u015bmy innowacje w trzech kluczowych obszarach. Razem s\u0105 nie do pokonania.<\/p>\n","protected":false},"author":46,"featured_media":5403,"parent":0,"menu_order":76,"comment_status":"closed","ping_status":"closed","template":"page-templates\/common.php","meta":{"_acf_changed":false,"_relevanssi_hide_post":"","_relevanssi_hide_content":"","_relevanssi_pin_for_all":"","_relevanssi_pin_keywords":"","_relevanssi_unpin_keywords":"","_relevanssi_related_keywords":"","_relevanssi_related_include_ids":"","_relevanssi_related_exclude_ids":"","_relevanssi_related_no_append":"","_relevanssi_related_not_related":"","_relevanssi_related_posts":"","_relevanssi_noindex_reason":"","footnotes":""},"class_list":["post-5399","page","type-page","status-publish","has-post-thumbnail","hentry"],"acf":[],"yoast_head":"<!-- This site is optimized with the Yoast SEO plugin v27.3 - https:\/\/yoast.com\/product\/yoast-seo-wordpress\/ -->\n<title>Brokk SmartConcept | Brokk Poland<\/title>\n<meta name=\"robots\" content=\"index, follow, max-snippet:-1, max-image-preview:large, max-video-preview:-1\" \/>\n<link rel=\"canonical\" href=\"https:\/\/www.brokk.com\/pl\/brokk-smartconcept\/\" \/>\n<meta property=\"og:locale\" content=\"pl_PL\" \/>\n<meta property=\"og:type\" content=\"article\" \/>\n<meta property=\"og:title\" content=\"Brokk SmartConcept | Brokk Poland\" \/>\n<meta property=\"og:description\" content=\"W Brokk SmartConcept zebrali\u015bmy innowacje w trzech kluczowych obszarach. Razem s\u0105 nie do pokonania.\" \/>\n<meta property=\"og:url\" content=\"https:\/\/www.brokk.com\/pl\/brokk-smartconcept\/\" \/>\n<meta property=\"og:site_name\" content=\"Brokk Poland\" \/>\n<meta property=\"article:publisher\" content=\"http:\/\/www.facebook.com\/pages\/Brokk\/184270348326912\" \/>\n<meta property=\"article:modified_time\" content=\"2023-06-07T06:43:33+00:00\" \/>\n<meta property=\"og:image\" content=\"https:\/\/www.brokk.com\/pl\/uploads\/sites\/15\/2018\/05\/smartpower.jpg\" \/>\n\t<meta property=\"og:image:width\" content=\"2560\" \/>\n\t<meta property=\"og:image:height\" content=\"1096\" \/>\n\t<meta property=\"og:image:type\" content=\"image\/jpeg\" \/>\n<meta name=\"twitter:card\" content=\"summary_large_image\" \/>\n<meta name=\"twitter:label1\" content=\"Est. reading time\" \/>\n\t<meta name=\"twitter:data1\" content=\"3 minutes\" \/>\n<script type=\"application\/ld+json\" class=\"yoast-schema-graph\">{\"@context\":\"https:\\\/\\\/schema.org\",\"@graph\":[{\"@type\":\"WebPage\",\"@id\":\"https:\\\/\\\/www.brokk.com\\\/pl\\\/brokk-smartconcept\\\/\",\"url\":\"https:\\\/\\\/www.brokk.com\\\/pl\\\/brokk-smartconcept\\\/\",\"name\":\"Brokk SmartConcept | Brokk Poland\",\"isPartOf\":{\"@id\":\"https:\\\/\\\/www.brokk.com\\\/pl\\\/#website\"},\"primaryImageOfPage\":{\"@id\":\"https:\\\/\\\/www.brokk.com\\\/pl\\\/brokk-smartconcept\\\/#primaryimage\"},\"image\":{\"@id\":\"https:\\\/\\\/www.brokk.com\\\/pl\\\/brokk-smartconcept\\\/#primaryimage\"},\"thumbnailUrl\":\"https:\\\/\\\/www.brokk.com\\\/pl\\\/uploads\\\/sites\\\/15\\\/2018\\\/05\\\/smartpower.jpg\",\"datePublished\":\"2023-05-20T00:39:45+00:00\",\"dateModified\":\"2023-06-07T06:43:33+00:00\",\"breadcrumb\":{\"@id\":\"https:\\\/\\\/www.brokk.com\\\/pl\\\/brokk-smartconcept\\\/#breadcrumb\"},\"inLanguage\":\"pl-PL\",\"potentialAction\":[{\"@type\":\"ReadAction\",\"target\":[\"https:\\\/\\\/www.brokk.com\\\/pl\\\/brokk-smartconcept\\\/\"]}]},{\"@type\":\"ImageObject\",\"inLanguage\":\"pl-PL\",\"@id\":\"https:\\\/\\\/www.brokk.com\\\/pl\\\/brokk-smartconcept\\\/#primaryimage\",\"url\":\"https:\\\/\\\/www.brokk.com\\\/pl\\\/uploads\\\/sites\\\/15\\\/2018\\\/05\\\/smartpower.jpg\",\"contentUrl\":\"https:\\\/\\\/www.brokk.com\\\/pl\\\/uploads\\\/sites\\\/15\\\/2018\\\/05\\\/smartpower.jpg\",\"width\":2560,\"height\":1096},{\"@type\":\"BreadcrumbList\",\"@id\":\"https:\\\/\\\/www.brokk.com\\\/pl\\\/brokk-smartconcept\\\/#breadcrumb\",\"itemListElement\":[{\"@type\":\"ListItem\",\"position\":1,\"name\":\"Home\",\"item\":\"https:\\\/\\\/www.brokk.com\\\/pl\\\/\"},{\"@type\":\"ListItem\",\"position\":2,\"name\":\"Brokk SmartConcept\"}]},{\"@type\":\"WebSite\",\"@id\":\"https:\\\/\\\/www.brokk.com\\\/pl\\\/#website\",\"url\":\"https:\\\/\\\/www.brokk.com\\\/pl\\\/\",\"name\":\"Brokk Poland\",\"description\":\"The definitive demolition solution in Poland\",\"publisher\":{\"@id\":\"https:\\\/\\\/www.brokk.com\\\/pl\\\/#organization\"},\"potentialAction\":[{\"@type\":\"SearchAction\",\"target\":{\"@type\":\"EntryPoint\",\"urlTemplate\":\"https:\\\/\\\/www.brokk.com\\\/pl\\\/?s={search_term_string}\"},\"query-input\":{\"@type\":\"PropertyValueSpecification\",\"valueRequired\":true,\"valueName\":\"search_term_string\"}}],\"inLanguage\":\"pl-PL\"},{\"@type\":\"Organization\",\"@id\":\"https:\\\/\\\/www.brokk.com\\\/pl\\\/#organization\",\"name\":\"Brokk (UK) Ltd\",\"url\":\"https:\\\/\\\/www.brokk.com\\\/pl\\\/\",\"logo\":{\"@type\":\"ImageObject\",\"inLanguage\":\"pl-PL\",\"@id\":\"https:\\\/\\\/www.brokk.com\\\/pl\\\/#\\\/schema\\\/logo\\\/image\\\/\",\"url\":\"https:\\\/\\\/www.brokk.com\\\/uk\\\/uploads\\\/sites\\\/5\\\/2018\\\/11\\\/logo.png\",\"contentUrl\":\"https:\\\/\\\/www.brokk.com\\\/uk\\\/uploads\\\/sites\\\/5\\\/2018\\\/11\\\/logo.png\",\"width\":250,\"height\":65,\"caption\":\"Brokk (UK) Ltd\"},\"image\":{\"@id\":\"https:\\\/\\\/www.brokk.com\\\/pl\\\/#\\\/schema\\\/logo\\\/image\\\/\"},\"sameAs\":[\"http:\\\/\\\/www.facebook.com\\\/pages\\\/Brokk\\\/184270348326912\",\"https:\\\/\\\/www.youtube.com\\\/user\\\/brokkrobots\"]}]}<\/script>\n<!-- \/ Yoast SEO plugin. -->","yoast_head_json":{"title":"Brokk SmartConcept | Brokk Poland","robots":{"index":"index","follow":"follow","max-snippet":"max-snippet:-1","max-image-preview":"max-image-preview:large","max-video-preview":"max-video-preview:-1"},"canonical":"https:\/\/www.brokk.com\/pl\/brokk-smartconcept\/","og_locale":"pl_PL","og_type":"article","og_title":"Brokk SmartConcept | Brokk Poland","og_description":"W Brokk SmartConcept zebrali\u015bmy innowacje w trzech kluczowych obszarach. Razem s\u0105 nie do pokonania.","og_url":"https:\/\/www.brokk.com\/pl\/brokk-smartconcept\/","og_site_name":"Brokk Poland","article_publisher":"http:\/\/www.facebook.com\/pages\/Brokk\/184270348326912","article_modified_time":"2023-06-07T06:43:33+00:00","og_image":[{"width":2560,"height":1096,"url":"https:\/\/www.brokk.com\/pl\/uploads\/sites\/15\/2018\/05\/smartpower.jpg","type":"image\/jpeg"}],"twitter_card":"summary_large_image","twitter_misc":{"Est. reading time":"3 minutes"},"schema":{"@context":"https:\/\/schema.org","@graph":[{"@type":"WebPage","@id":"https:\/\/www.brokk.com\/pl\/brokk-smartconcept\/","url":"https:\/\/www.brokk.com\/pl\/brokk-smartconcept\/","name":"Brokk SmartConcept | Brokk Poland","isPartOf":{"@id":"https:\/\/www.brokk.com\/pl\/#website"},"primaryImageOfPage":{"@id":"https:\/\/www.brokk.com\/pl\/brokk-smartconcept\/#primaryimage"},"image":{"@id":"https:\/\/www.brokk.com\/pl\/brokk-smartconcept\/#primaryimage"},"thumbnailUrl":"https:\/\/www.brokk.com\/pl\/uploads\/sites\/15\/2018\/05\/smartpower.jpg","datePublished":"2023-05-20T00:39:45+00:00","dateModified":"2023-06-07T06:43:33+00:00","breadcrumb":{"@id":"https:\/\/www.brokk.com\/pl\/brokk-smartconcept\/#breadcrumb"},"inLanguage":"pl-PL","potentialAction":[{"@type":"ReadAction","target":["https:\/\/www.brokk.com\/pl\/brokk-smartconcept\/"]}]},{"@type":"ImageObject","inLanguage":"pl-PL","@id":"https:\/\/www.brokk.com\/pl\/brokk-smartconcept\/#primaryimage","url":"https:\/\/www.brokk.com\/pl\/uploads\/sites\/15\/2018\/05\/smartpower.jpg","contentUrl":"https:\/\/www.brokk.com\/pl\/uploads\/sites\/15\/2018\/05\/smartpower.jpg","width":2560,"height":1096},{"@type":"BreadcrumbList","@id":"https:\/\/www.brokk.com\/pl\/brokk-smartconcept\/#breadcrumb","itemListElement":[{"@type":"ListItem","position":1,"name":"Home","item":"https:\/\/www.brokk.com\/pl\/"},{"@type":"ListItem","position":2,"name":"Brokk SmartConcept"}]},{"@type":"WebSite","@id":"https:\/\/www.brokk.com\/pl\/#website","url":"https:\/\/www.brokk.com\/pl\/","name":"Brokk Poland","description":"The definitive demolition solution in Poland","publisher":{"@id":"https:\/\/www.brokk.com\/pl\/#organization"},"potentialAction":[{"@type":"SearchAction","target":{"@type":"EntryPoint","urlTemplate":"https:\/\/www.brokk.com\/pl\/?s={search_term_string}"},"query-input":{"@type":"PropertyValueSpecification","valueRequired":true,"valueName":"search_term_string"}}],"inLanguage":"pl-PL"},{"@type":"Organization","@id":"https:\/\/www.brokk.com\/pl\/#organization","name":"Brokk (UK) Ltd","url":"https:\/\/www.brokk.com\/pl\/","logo":{"@type":"ImageObject","inLanguage":"pl-PL","@id":"https:\/\/www.brokk.com\/pl\/#\/schema\/logo\/image\/","url":"https:\/\/www.brokk.com\/uk\/uploads\/sites\/5\/2018\/11\/logo.png","contentUrl":"https:\/\/www.brokk.com\/uk\/uploads\/sites\/5\/2018\/11\/logo.png","width":250,"height":65,"caption":"Brokk (UK) Ltd"},"image":{"@id":"https:\/\/www.brokk.com\/pl\/#\/schema\/logo\/image\/"},"sameAs":["http:\/\/www.facebook.com\/pages\/Brokk\/184270348326912","https:\/\/www.youtube.com\/user\/brokkrobots"]}]}},"_links":{"self":[{"href":"https:\/\/www.brokk.com\/pl\/wp-json\/wp\/v2\/pages\/5399","targetHints":{"allow":["GET"]}}],"collection":[{"href":"https:\/\/www.brokk.com\/pl\/wp-json\/wp\/v2\/pages"}],"about":[{"href":"https:\/\/www.brokk.com\/pl\/wp-json\/wp\/v2\/types\/page"}],"author":[{"embeddable":true,"href":"https:\/\/www.brokk.com\/pl\/wp-json\/wp\/v2\/users\/46"}],"replies":[{"embeddable":true,"href":"https:\/\/www.brokk.com\/pl\/wp-json\/wp\/v2\/comments?post=5399"}],"version-history":[{"count":1,"href":"https:\/\/www.brokk.com\/pl\/wp-json\/wp\/v2\/pages\/5399\/revisions"}],"predecessor-version":[{"id":5763,"href":"https:\/\/www.brokk.com\/pl\/wp-json\/wp\/v2\/pages\/5399\/revisions\/5763"}],"wp:featuredmedia":[{"embeddable":true,"href":"https:\/\/www.brokk.com\/pl\/wp-json\/wp\/v2\/media\/5403"}],"wp:attachment":[{"href":"https:\/\/www.brokk.com\/pl\/wp-json\/wp\/v2\/media?parent=5399"}],"curies":[{"name":"wp","href":"https:\/\/api.w.org\/{rel}","templated":true}]}}