{"id":5408,"date":"2023-05-20T01:44:03","date_gmt":"2023-05-20T00:44:03","guid":{"rendered":"https:\/\/www.brokk.com\/pl\/maszyny-budowane-na-miare\/"},"modified":"2023-06-22T14:27:43","modified_gmt":"2023-06-22T13:27:43","slug":"maszyny-budowane-na-miare","status":"publish","type":"page","link":"https:\/\/www.brokk.com\/pl\/maszyny-budowane-na-miare\/","title":{"rendered":"Maszyny budowane na miar\u0119"},"content":{"rendered":"<p>Koncepcj\u0119 Brokk stworzono z my\u015bl\u0105 o mo\u017cliwo\u015bciach adaptacji. Dzi\u0119ki ponad 40-letniemu do\u015bwiadczeniu w opracowywaniu produkt\u00f3w i stosowaniu rozwi\u0105za\u0144 opartych na najlepszych praktykach, mo\u017cemy pom\u00f3c Ci dostosowa\u0107 robota wyburzeniowego do Twoich konkretnych potrzeb.<\/p>\n<p>W istocie, w\u0142a\u015bnie z takimi wyzwaniami radzimy sobie najlepiej. Mimo, \u017ce posiadamy szerok\u0105 gam\u0119 standardowych maszyn Brokk dla r\u00f3\u017cnych ga\u0142\u0119zi przemys\u0142u, stale poszukujemy mo\u017cliwo\u015bci rozszerzenia asortymentu produkt\u00f3w i ich funkcji, dzi\u0119ki kt\u00f3rym b\u0119dziemy mogli sprosta\u0107 jeszcze wi\u0119kszym wymaganiom naszych klient\u00f3w zwi\u0105zanym z bezpiecze\u0144stwem i rentowno\u015bci\u0105 prac. Najlepszym sposobem osi\u0105gni\u0119cia tego celu jest wsp\u00f3\u0142praca z klientami i wysi\u0142ki podejmowane w celu zaspokojenia ich bardzo specyficznych potrzeb. Aby rozwi\u0105za\u0107 nierozwi\u0105zywalne. Aby jeszcze bardziej przesun\u0105\u0107 granice mo\u017cliwo\u015bci robota wyburzeniowego. Razem tworzymy znakomity zesp\u00f3\u0142, Ty jako ekspert w swojej sytuacji i Brokk jako wiod\u0105cy tw\u00f3rca prze\u0142omowej technologii dla maszyn wyburzeniowych i konserwacyjnych.<\/p>\n<p><a href=\"https:\/\/www.brokk.com\/about-brokk\/head-office\/\">Skontaktuj si\u0119 z nami <\/a> i bez zobowi\u0105za\u0144 porozmawiaj na temat potrzebnego Ci rozwi\u0105zania.<\/p>\n","protected":false},"excerpt":{"rendered":"<p>Koncepcj\u0119 Brokk stworzono z my\u015bl\u0105 o mo\u017cliwo\u015bciach adaptacji. Dzi\u0119ki ponad 40-letniemu do\u015bwiadczeniu w opracowywaniu produkt\u00f3w i stosowaniu rozwi\u0105za\u0144 opartych na najlepszych praktykach, mo\u017cemy pom\u00f3c Ci dostosowa\u0107 robota wyburzeniowego do Twoich konkretnych potrzeb. W istocie, w\u0142a\u015bnie z takimi wyzwaniami radzimy sobie\u2026<\/p>\n","protected":false},"author":46,"featured_media":5409,"parent":0,"menu_order":165,"comment_status":"closed","ping_status":"closed","template":"page-templates\/common.php","meta":{"_acf_changed":false,"_relevanssi_hide_post":"","_relevanssi_hide_content":"","_relevanssi_pin_for_all":"","_relevanssi_pin_keywords":"","_relevanssi_unpin_keywords":"","_relevanssi_related_keywords":"","_relevanssi_related_include_ids":"","_relevanssi_related_exclude_ids":"","_relevanssi_related_no_append":"","_relevanssi_related_not_related":"","_relevanssi_related_posts":"","_relevanssi_noindex_reason":"","footnotes":""},"class_list":["post-5408","page","type-page","status-publish","has-post-thumbnail","hentry"],"acf":[],"yoast_head":"<!-- This site is optimized with the Yoast SEO plugin v27.3 - https:\/\/yoast.com\/product\/yoast-seo-wordpress\/ -->\n<title>Maszyny budowane na miar\u0119 | Brokk Poland<\/title>\n<meta name=\"robots\" content=\"index, follow, max-snippet:-1, max-image-preview:large, max-video-preview:-1\" \/>\n<link rel=\"canonical\" href=\"https:\/\/www.brokk.com\/pl\/maszyny-budowane-na-miare\/\" \/>\n<meta property=\"og:locale\" content=\"pl_PL\" \/>\n<meta property=\"og:type\" content=\"article\" \/>\n<meta property=\"og:title\" content=\"Maszyny budowane na miar\u0119 | Brokk Poland\" \/>\n<meta property=\"og:description\" content=\"Koncepcj\u0119 Brokk stworzono z my\u015bl\u0105 o mo\u017cliwo\u015bciach adaptacji. Dzi\u0119ki ponad 40-letniemu do\u015bwiadczeniu w opracowywaniu produkt\u00f3w i stosowaniu rozwi\u0105za\u0144 opartych na najlepszych praktykach, mo\u017cemy pom\u00f3c Ci dostosowa\u0107 robota wyburzeniowego do Twoich konkretnych potrzeb. W istocie, w\u0142a\u015bnie z takimi wyzwaniami radzimy sobie\u2026\" \/>\n<meta property=\"og:url\" content=\"https:\/\/www.brokk.com\/pl\/maszyny-budowane-na-miare\/\" \/>\n<meta property=\"og:site_name\" content=\"Brokk Poland\" \/>\n<meta property=\"article:publisher\" content=\"http:\/\/www.facebook.com\/pages\/Brokk\/184270348326912\" \/>\n<meta property=\"article:modified_time\" content=\"2023-06-22T13:27:43+00:00\" \/>\n<meta property=\"og:image\" content=\"https:\/\/www.brokk.com\/pl\/uploads\/sites\/15\/2018\/03\/custom-machines_hero.jpg\" \/>\n\t<meta property=\"og:image:width\" content=\"2560\" \/>\n\t<meta property=\"og:image:height\" content=\"1096\" \/>\n\t<meta property=\"og:image:type\" content=\"image\/jpeg\" \/>\n<meta name=\"twitter:card\" content=\"summary_large_image\" \/>\n<meta name=\"twitter:label1\" content=\"Est. reading time\" \/>\n\t<meta name=\"twitter:data1\" content=\"1 minute\" \/>\n<script type=\"application\/ld+json\" class=\"yoast-schema-graph\">{\"@context\":\"https:\\\/\\\/schema.org\",\"@graph\":[{\"@type\":\"WebPage\",\"@id\":\"https:\\\/\\\/www.brokk.com\\\/pl\\\/maszyny-budowane-na-miare\\\/\",\"url\":\"https:\\\/\\\/www.brokk.com\\\/pl\\\/maszyny-budowane-na-miare\\\/\",\"name\":\"Maszyny budowane na miar\u0119 | Brokk Poland\",\"isPartOf\":{\"@id\":\"https:\\\/\\\/www.brokk.com\\\/pl\\\/#website\"},\"primaryImageOfPage\":{\"@id\":\"https:\\\/\\\/www.brokk.com\\\/pl\\\/maszyny-budowane-na-miare\\\/#primaryimage\"},\"image\":{\"@id\":\"https:\\\/\\\/www.brokk.com\\\/pl\\\/maszyny-budowane-na-miare\\\/#primaryimage\"},\"thumbnailUrl\":\"https:\\\/\\\/www.brokk.com\\\/pl\\\/uploads\\\/sites\\\/15\\\/2018\\\/03\\\/custom-machines_hero.jpg\",\"datePublished\":\"2023-05-20T00:44:03+00:00\",\"dateModified\":\"2023-06-22T13:27:43+00:00\",\"breadcrumb\":{\"@id\":\"https:\\\/\\\/www.brokk.com\\\/pl\\\/maszyny-budowane-na-miare\\\/#breadcrumb\"},\"inLanguage\":\"pl-PL\",\"potentialAction\":[{\"@type\":\"ReadAction\",\"target\":[\"https:\\\/\\\/www.brokk.com\\\/pl\\\/maszyny-budowane-na-miare\\\/\"]}]},{\"@type\":\"ImageObject\",\"inLanguage\":\"pl-PL\",\"@id\":\"https:\\\/\\\/www.brokk.com\\\/pl\\\/maszyny-budowane-na-miare\\\/#primaryimage\",\"url\":\"https:\\\/\\\/www.brokk.com\\\/pl\\\/uploads\\\/sites\\\/15\\\/2018\\\/03\\\/custom-machines_hero.jpg\",\"contentUrl\":\"https:\\\/\\\/www.brokk.com\\\/pl\\\/uploads\\\/sites\\\/15\\\/2018\\\/03\\\/custom-machines_hero.jpg\",\"width\":2560,\"height\":1096},{\"@type\":\"BreadcrumbList\",\"@id\":\"https:\\\/\\\/www.brokk.com\\\/pl\\\/maszyny-budowane-na-miare\\\/#breadcrumb\",\"itemListElement\":[{\"@type\":\"ListItem\",\"position\":1,\"name\":\"Home\",\"item\":\"https:\\\/\\\/www.brokk.com\\\/pl\\\/\"},{\"@type\":\"ListItem\",\"position\":2,\"name\":\"Maszyny budowane na miar\u0119\"}]},{\"@type\":\"WebSite\",\"@id\":\"https:\\\/\\\/www.brokk.com\\\/pl\\\/#website\",\"url\":\"https:\\\/\\\/www.brokk.com\\\/pl\\\/\",\"name\":\"Brokk Poland\",\"description\":\"The definitive demolition solution in Poland\",\"publisher\":{\"@id\":\"https:\\\/\\\/www.brokk.com\\\/pl\\\/#organization\"},\"potentialAction\":[{\"@type\":\"SearchAction\",\"target\":{\"@type\":\"EntryPoint\",\"urlTemplate\":\"https:\\\/\\\/www.brokk.com\\\/pl\\\/?s={search_term_string}\"},\"query-input\":{\"@type\":\"PropertyValueSpecification\",\"valueRequired\":true,\"valueName\":\"search_term_string\"}}],\"inLanguage\":\"pl-PL\"},{\"@type\":\"Organization\",\"@id\":\"https:\\\/\\\/www.brokk.com\\\/pl\\\/#organization\",\"name\":\"Brokk (UK) Ltd\",\"url\":\"https:\\\/\\\/www.brokk.com\\\/pl\\\/\",\"logo\":{\"@type\":\"ImageObject\",\"inLanguage\":\"pl-PL\",\"@id\":\"https:\\\/\\\/www.brokk.com\\\/pl\\\/#\\\/schema\\\/logo\\\/image\\\/\",\"url\":\"https:\\\/\\\/www.brokk.com\\\/uk\\\/uploads\\\/sites\\\/5\\\/2018\\\/11\\\/logo.png\",\"contentUrl\":\"https:\\\/\\\/www.brokk.com\\\/uk\\\/uploads\\\/sites\\\/5\\\/2018\\\/11\\\/logo.png\",\"width\":250,\"height\":65,\"caption\":\"Brokk (UK) Ltd\"},\"image\":{\"@id\":\"https:\\\/\\\/www.brokk.com\\\/pl\\\/#\\\/schema\\\/logo\\\/image\\\/\"},\"sameAs\":[\"http:\\\/\\\/www.facebook.com\\\/pages\\\/Brokk\\\/184270348326912\",\"https:\\\/\\\/www.youtube.com\\\/user\\\/brokkrobots\"]}]}<\/script>\n<!-- \/ Yoast SEO plugin. -->","yoast_head_json":{"title":"Maszyny budowane na miar\u0119 | Brokk Poland","robots":{"index":"index","follow":"follow","max-snippet":"max-snippet:-1","max-image-preview":"max-image-preview:large","max-video-preview":"max-video-preview:-1"},"canonical":"https:\/\/www.brokk.com\/pl\/maszyny-budowane-na-miare\/","og_locale":"pl_PL","og_type":"article","og_title":"Maszyny budowane na miar\u0119 | Brokk Poland","og_description":"Koncepcj\u0119 Brokk stworzono z my\u015bl\u0105 o mo\u017cliwo\u015bciach adaptacji. Dzi\u0119ki ponad 40-letniemu do\u015bwiadczeniu w opracowywaniu produkt\u00f3w i stosowaniu rozwi\u0105za\u0144 opartych na najlepszych praktykach, mo\u017cemy pom\u00f3c Ci dostosowa\u0107 robota wyburzeniowego do Twoich konkretnych potrzeb. W istocie, w\u0142a\u015bnie z takimi wyzwaniami radzimy sobie\u2026","og_url":"https:\/\/www.brokk.com\/pl\/maszyny-budowane-na-miare\/","og_site_name":"Brokk Poland","article_publisher":"http:\/\/www.facebook.com\/pages\/Brokk\/184270348326912","article_modified_time":"2023-06-22T13:27:43+00:00","og_image":[{"width":2560,"height":1096,"url":"https:\/\/www.brokk.com\/pl\/uploads\/sites\/15\/2018\/03\/custom-machines_hero.jpg","type":"image\/jpeg"}],"twitter_card":"summary_large_image","twitter_misc":{"Est. reading time":"1 minute"},"schema":{"@context":"https:\/\/schema.org","@graph":[{"@type":"WebPage","@id":"https:\/\/www.brokk.com\/pl\/maszyny-budowane-na-miare\/","url":"https:\/\/www.brokk.com\/pl\/maszyny-budowane-na-miare\/","name":"Maszyny budowane na miar\u0119 | Brokk Poland","isPartOf":{"@id":"https:\/\/www.brokk.com\/pl\/#website"},"primaryImageOfPage":{"@id":"https:\/\/www.brokk.com\/pl\/maszyny-budowane-na-miare\/#primaryimage"},"image":{"@id":"https:\/\/www.brokk.com\/pl\/maszyny-budowane-na-miare\/#primaryimage"},"thumbnailUrl":"https:\/\/www.brokk.com\/pl\/uploads\/sites\/15\/2018\/03\/custom-machines_hero.jpg","datePublished":"2023-05-20T00:44:03+00:00","dateModified":"2023-06-22T13:27:43+00:00","breadcrumb":{"@id":"https:\/\/www.brokk.com\/pl\/maszyny-budowane-na-miare\/#breadcrumb"},"inLanguage":"pl-PL","potentialAction":[{"@type":"ReadAction","target":["https:\/\/www.brokk.com\/pl\/maszyny-budowane-na-miare\/"]}]},{"@type":"ImageObject","inLanguage":"pl-PL","@id":"https:\/\/www.brokk.com\/pl\/maszyny-budowane-na-miare\/#primaryimage","url":"https:\/\/www.brokk.com\/pl\/uploads\/sites\/15\/2018\/03\/custom-machines_hero.jpg","contentUrl":"https:\/\/www.brokk.com\/pl\/uploads\/sites\/15\/2018\/03\/custom-machines_hero.jpg","width":2560,"height":1096},{"@type":"BreadcrumbList","@id":"https:\/\/www.brokk.com\/pl\/maszyny-budowane-na-miare\/#breadcrumb","itemListElement":[{"@type":"ListItem","position":1,"name":"Home","item":"https:\/\/www.brokk.com\/pl\/"},{"@type":"ListItem","position":2,"name":"Maszyny budowane na miar\u0119"}]},{"@type":"WebSite","@id":"https:\/\/www.brokk.com\/pl\/#website","url":"https:\/\/www.brokk.com\/pl\/","name":"Brokk Poland","description":"The definitive demolition solution in Poland","publisher":{"@id":"https:\/\/www.brokk.com\/pl\/#organization"},"potentialAction":[{"@type":"SearchAction","target":{"@type":"EntryPoint","urlTemplate":"https:\/\/www.brokk.com\/pl\/?s={search_term_string}"},"query-input":{"@type":"PropertyValueSpecification","valueRequired":true,"valueName":"search_term_string"}}],"inLanguage":"pl-PL"},{"@type":"Organization","@id":"https:\/\/www.brokk.com\/pl\/#organization","name":"Brokk (UK) Ltd","url":"https:\/\/www.brokk.com\/pl\/","logo":{"@type":"ImageObject","inLanguage":"pl-PL","@id":"https:\/\/www.brokk.com\/pl\/#\/schema\/logo\/image\/","url":"https:\/\/www.brokk.com\/uk\/uploads\/sites\/5\/2018\/11\/logo.png","contentUrl":"https:\/\/www.brokk.com\/uk\/uploads\/sites\/5\/2018\/11\/logo.png","width":250,"height":65,"caption":"Brokk (UK) Ltd"},"image":{"@id":"https:\/\/www.brokk.com\/pl\/#\/schema\/logo\/image\/"},"sameAs":["http:\/\/www.facebook.com\/pages\/Brokk\/184270348326912","https:\/\/www.youtube.com\/user\/brokkrobots"]}]}},"_links":{"self":[{"href":"https:\/\/www.brokk.com\/pl\/wp-json\/wp\/v2\/pages\/5408","targetHints":{"allow":["GET"]}}],"collection":[{"href":"https:\/\/www.brokk.com\/pl\/wp-json\/wp\/v2\/pages"}],"about":[{"href":"https:\/\/www.brokk.com\/pl\/wp-json\/wp\/v2\/types\/page"}],"author":[{"embeddable":true,"href":"https:\/\/www.brokk.com\/pl\/wp-json\/wp\/v2\/users\/46"}],"replies":[{"embeddable":true,"href":"https:\/\/www.brokk.com\/pl\/wp-json\/wp\/v2\/comments?post=5408"}],"version-history":[{"count":1,"href":"https:\/\/www.brokk.com\/pl\/wp-json\/wp\/v2\/pages\/5408\/revisions"}],"predecessor-version":[{"id":5810,"href":"https:\/\/www.brokk.com\/pl\/wp-json\/wp\/v2\/pages\/5408\/revisions\/5810"}],"wp:featuredmedia":[{"embeddable":true,"href":"https:\/\/www.brokk.com\/pl\/wp-json\/wp\/v2\/media\/5409"}],"wp:attachment":[{"href":"https:\/\/www.brokk.com\/pl\/wp-json\/wp\/v2\/media?parent=5408"}],"curies":[{"name":"wp","href":"https:\/\/api.w.org\/{rel}","templated":true}]}}