{"id":5414,"date":"2023-05-20T01:49:08","date_gmt":"2023-05-20T00:49:08","guid":{"rendered":"https:\/\/www.brokk.com\/pl\/nasza-koncepcja\/"},"modified":"2023-05-20T01:49:08","modified_gmt":"2023-05-20T00:49:08","slug":"nasza-koncepcja","status":"publish","type":"page","link":"https:\/\/www.brokk.com\/pl\/nasza-koncepcja\/","title":{"rendered":"Nasza koncepcja"},"content":{"rendered":"<h3>NOWA DEFINICJA STOSUNKU MOCY DO WIELKO\u015aCI<\/h3>\n<h4>NIEWIELKI E WYMIARY I POT\u0118\u017bNA MOC<\/h4>\n<p>Roboty wyburzeniowe Brokk to wi\u0119ksza moc w mniejszej obudowie. Niezale\u017cnie od tego, gdzie ten niemal przera\u017caj\u0105co mocny Brokk pracuje, czy to na budowie, zak\u0142adzie przetw\u00f3rstwa metali, elektrowni j\u0105drowej czy w kopalni, jest gwarancj\u0105 wydajno\u015bci, wszechstronno\u015bci i op\u0142acalno\u015bci prowadzenia prac wyburzeniowych i konserwacyjnych. Pi\u0119ciotonowy Brokk jest tak pot\u0119\u017cny jak 25-tonowa koparka, a najmniejszy Brokk o masie 500 kg wykonuje prac\u0119 o 500-600 (!) procent szybciej, ni\u017c robotnicy u\u017cywaj\u0105cy narz\u0119dzi r\u0119cznych. Pomimo to jest zaskakuj\u0105co kompaktowy i lekki, a dzi\u0119ki temu \u0142atwy w transporcie.<\/p>\n<h4>BEZPIECZE\u0143STWO I WYDAJNO\u015a\u0106<\/h4>\n<p>Zdalnie sterowany Brokk zapewnia operatorowi doskona\u0142\u0105 widoczno\u015b\u0107 miejsca prowadzenia prac, a dzi\u0119ki temu umo\u017cliwia efektywniejsze manewrowanie maszyn\u0105. Korzystaj\u0105c z ergonomicznego pilota zdalnego sterowania operator mo\u017ce pracowa\u0107 z oddali nie b\u0119d\u0105c nara\u017conym na szkodliwe wibracje i spaliny. Niezawodny i trwa\u0142y silnik elektryczny z Brokk SmartPower\u2122 jest dostosowany do ci\u0119\u017ckich prac wyburzeniowych zapewniaj\u0105c ogromn\u0105 moc.<\/p>\n<h4>WSZECHSTRONNO\u015a\u0106<\/h4>\n<p>Cech\u0105 charakterystyczn\u0105 robota wyburzeniowego Brokk jest jego wszechstronno\u015b\u0107. Trzyramienny system Brokk zapewnia maszynie imponuj\u0105cy zasi\u0119g i stabilno\u015b\u0107. Szeroka i stale rozbudowywana gama oryginalnych element\u00f3w osprz\u0119tu sprawia, \u017ce jest to doskona\u0142e narz\u0119dzie do szerokiego zakresu zastosowa\u0144. Do ka\u017cdego rodzaju rob\u00f3t mo\u017cna dobra\u0107 Brokka odpowiedniej wielko\u015bci i w\u0142a\u015bciwy osprz\u0119t. A je\u015bli Twoje potrzeby wykraczaj\u0105 poza standardowe oczekiwania, mo\u017cesz zleci\u0107 budow\u0119 Brokka dostosowanego do w\u0142asnych wymaga\u0144 nadal korzystaj\u0105c z 40-letniego do\u015bwiadczenia firmy i jej najlepszych praktyk.<\/p>\n<h4>DO\u015aWIADCZENIE I WIARYGODNO\u015a\u0106<\/h4>\n<p>Dzi\u0119ki ponad 40-letniemu do\u015bwiadczeniu w bran\u017cy wyburzeniowej Brokk pomo\u017ce Ci znale\u017a\u0107 system odpowiedni dla Twoich potrzeb. Bezpieczniejszy, skuteczniejszy i bardziej op\u0142acalny. Nasi bran\u017cowi eksperci oferuj\u0105 rozwi\u0105zanie, a nie tylko maszyn\u0119. Nasza globalna sie\u0107 przedstawicieli i nowe spojrzenie na serwis i wsparcie techniczne (Brokk Uptime\u2122) to gwarancja dost\u0119pu do rozleg\u0142ej wiedzy, nie wspominaj\u0105c o kompleksowych rozwi\u0105zaniach i cz\u0119\u015bciach zamiennych.<\/p>\n<p>&nbsp;<\/p>\n<h3>BROKK PRZEKAZUJE CI<\/h3>\n<h4>SYSTEM TRZYRAMIENNY<\/h4>\n<p>Mocarny i wszechstronny system zapewniaj\u0105cy niezwyk\u0142y zasi\u0119g we wszystkich kierunkach i maksymaln\u0105 precyzj\u0119.<\/p>\n<h4>ZDALNE STEROWANIE<\/h4>\n<p>Maksymalizuje wydajno\u015b\u0107, jednocze\u015bnie chroni\u0105c operatora przed szkodliwymi wibracjami i innymi zagro\u017ceniami.<\/p>\n<h4>MOC WYBURZANIA<\/h4>\n<p>Pomimo niewielkich rozmiar\u00f3w maszyny Brokk osi\u0105gaj\u0105 lepsze wyniki, ni\u017c nawet pi\u0119ciokrotnie wi\u0119ksze koparki.<\/p>\n<h4>BRAK SPALIN<\/h4>\n<p>Mniejszy ha\u0142as i mniej prac konserwacyjnych<\/p>\n<h4>NIEWIELKI E WYMIARY I ZWROTNO\u015a\u0106<\/h4>\n<p>\u0141atwy w manewrowaniu i \u0142atwy w transporcie. Mo\u017ce przedosta\u0107 si\u0119 przez w\u0105skie przej\u015bcia i wchodzi\u0107 po schodach.<\/p>\n<h4>WSPORNIKI STABILIZUJ\u0104CE<\/h4>\n<p>Umo\u017cliwiaj\u0105 prac\u0119 z u\u017cyciem bardzo ci\u0119\u017ckich narz\u0119dzi.<\/p>\n<h4>ODPORNO\u015a\u0106 NA DZIA\u0141ANIE WYSOKICH TEMPERATUR<\/h4>\n<p>Od os\u0142on po si\u0142owniki i podzespo\u0142y, wszystkie elementy s\u0105 chronione przed uderzeniami i dzia\u0142aniem wysokiej temperatury.<\/p>\n<h4>SZEROKI WYB\u00d3R OSPRZ\u0118TU<\/h4>\n<p>Ca\u0142a gama element\u00f3w osprz\u0119tu, z kt\u00f3rych wiele jest specjalnie zaprojektowanych dla firmy Brokk. Opatentowane szybkoz\u0142\u0105cze zapewniaj\u0105ce szybk\u0105 i \u0142atw\u0105 wymian\u0119 narz\u0119dzi.<\/p>\n<h4>OPATENTOWANY SZYBKI ZACZEP<\/h4>\n<p>Zmniejsza wag\u0119 i umo\u017cliwia szybk\u0105 i bezpieczn\u0105 wymian\u0119 narz\u0119dzi.<\/p>\n","protected":false},"excerpt":{"rendered":"<p>NOWA DEFINICJA STOSUNKU MOCY DO WIELKO\u015aCI NIEWIELKI E WYMIARY I POT\u0118\u017bNA MOC Roboty wyburzeniowe Brokk to wi\u0119ksza moc w mniejszej obudowie. Niezale\u017cnie od tego, gdzie ten niemal przera\u017caj\u0105co mocny Brokk pracuje, czy to na budowie, zak\u0142adzie przetw\u00f3rstwa metali, elektrowni j\u0105drowej\u2026<\/p>\n","protected":false},"author":10,"featured_media":5415,"parent":0,"menu_order":99,"comment_status":"closed","ping_status":"closed","template":"page-templates\/common.php","meta":{"_acf_changed":false,"_relevanssi_hide_post":"","_relevanssi_hide_content":"","_relevanssi_pin_for_all":"","_relevanssi_pin_keywords":"","_relevanssi_unpin_keywords":"","_relevanssi_related_keywords":"","_relevanssi_related_include_ids":"","_relevanssi_related_exclude_ids":"","_relevanssi_related_no_append":"","_relevanssi_related_not_related":"","_relevanssi_related_posts":"","_relevanssi_noindex_reason":"Relevanssi image attachment filter Relevanssi index exclude","footnotes":""},"class_list":["post-5414","page","type-page","status-publish","has-post-thumbnail","hentry"],"acf":[],"yoast_head":"<!-- This site is optimized with the Yoast SEO plugin v27.3 - https:\/\/yoast.com\/product\/yoast-seo-wordpress\/ -->\n<title>Nasza koncepcja | Brokk Poland<\/title>\n<meta name=\"robots\" content=\"index, follow, max-snippet:-1, max-image-preview:large, max-video-preview:-1\" \/>\n<link rel=\"canonical\" href=\"https:\/\/www.brokk.com\/pl\/nasza-koncepcja\/\" \/>\n<meta property=\"og:locale\" content=\"pl_PL\" \/>\n<meta property=\"og:type\" content=\"article\" \/>\n<meta property=\"og:title\" content=\"Nasza koncepcja | Brokk Poland\" \/>\n<meta property=\"og:description\" content=\"NOWA DEFINICJA STOSUNKU MOCY DO WIELKO\u015aCI NIEWIELKI E WYMIARY I POT\u0118\u017bNA MOC Roboty wyburzeniowe Brokk to wi\u0119ksza moc w mniejszej obudowie. Niezale\u017cnie od tego, gdzie ten niemal przera\u017caj\u0105co mocny Brokk pracuje, czy to na budowie, zak\u0142adzie przetw\u00f3rstwa metali, elektrowni j\u0105drowej\u2026\" \/>\n<meta property=\"og:url\" content=\"https:\/\/www.brokk.com\/pl\/nasza-koncepcja\/\" \/>\n<meta property=\"og:site_name\" content=\"Brokk Poland\" \/>\n<meta property=\"article:publisher\" content=\"http:\/\/www.facebook.com\/pages\/Brokk\/184270348326912\" \/>\n<meta name=\"twitter:card\" content=\"summary_large_image\" \/>\n<meta name=\"twitter:label1\" content=\"Est. reading time\" \/>\n\t<meta name=\"twitter:data1\" content=\"3 minutes\" \/>\n<script type=\"application\/ld+json\" class=\"yoast-schema-graph\">{\"@context\":\"https:\\\/\\\/schema.org\",\"@graph\":[{\"@type\":\"WebPage\",\"@id\":\"https:\\\/\\\/www.brokk.com\\\/pl\\\/nasza-koncepcja\\\/\",\"url\":\"https:\\\/\\\/www.brokk.com\\\/pl\\\/nasza-koncepcja\\\/\",\"name\":\"Nasza koncepcja | Brokk Poland\",\"isPartOf\":{\"@id\":\"https:\\\/\\\/www.brokk.com\\\/pl\\\/#website\"},\"primaryImageOfPage\":{\"@id\":\"https:\\\/\\\/www.brokk.com\\\/pl\\\/nasza-koncepcja\\\/#primaryimage\"},\"image\":{\"@id\":\"https:\\\/\\\/www.brokk.com\\\/pl\\\/nasza-koncepcja\\\/#primaryimage\"},\"thumbnailUrl\":\"https:\\\/\\\/www.brokk.com\\\/pl\\\/uploads\\\/sites\\\/15\\\/2018\\\/03\\\/our-concept_hero.jpg\",\"datePublished\":\"2023-05-20T00:49:08+00:00\",\"breadcrumb\":{\"@id\":\"https:\\\/\\\/www.brokk.com\\\/pl\\\/nasza-koncepcja\\\/#breadcrumb\"},\"inLanguage\":\"pl-PL\",\"potentialAction\":[{\"@type\":\"ReadAction\",\"target\":[\"https:\\\/\\\/www.brokk.com\\\/pl\\\/nasza-koncepcja\\\/\"]}]},{\"@type\":\"ImageObject\",\"inLanguage\":\"pl-PL\",\"@id\":\"https:\\\/\\\/www.brokk.com\\\/pl\\\/nasza-koncepcja\\\/#primaryimage\",\"url\":\"https:\\\/\\\/www.brokk.com\\\/pl\\\/uploads\\\/sites\\\/15\\\/2018\\\/03\\\/our-concept_hero.jpg\",\"contentUrl\":\"https:\\\/\\\/www.brokk.com\\\/pl\\\/uploads\\\/sites\\\/15\\\/2018\\\/03\\\/our-concept_hero.jpg\",\"width\":2560,\"height\":1096},{\"@type\":\"BreadcrumbList\",\"@id\":\"https:\\\/\\\/www.brokk.com\\\/pl\\\/nasza-koncepcja\\\/#breadcrumb\",\"itemListElement\":[{\"@type\":\"ListItem\",\"position\":1,\"name\":\"Home\",\"item\":\"https:\\\/\\\/www.brokk.com\\\/pl\\\/\"},{\"@type\":\"ListItem\",\"position\":2,\"name\":\"Nasza koncepcja\"}]},{\"@type\":\"WebSite\",\"@id\":\"https:\\\/\\\/www.brokk.com\\\/pl\\\/#website\",\"url\":\"https:\\\/\\\/www.brokk.com\\\/pl\\\/\",\"name\":\"Brokk Poland\",\"description\":\"The definitive demolition solution in Poland\",\"publisher\":{\"@id\":\"https:\\\/\\\/www.brokk.com\\\/pl\\\/#organization\"},\"potentialAction\":[{\"@type\":\"SearchAction\",\"target\":{\"@type\":\"EntryPoint\",\"urlTemplate\":\"https:\\\/\\\/www.brokk.com\\\/pl\\\/?s={search_term_string}\"},\"query-input\":{\"@type\":\"PropertyValueSpecification\",\"valueRequired\":true,\"valueName\":\"search_term_string\"}}],\"inLanguage\":\"pl-PL\"},{\"@type\":\"Organization\",\"@id\":\"https:\\\/\\\/www.brokk.com\\\/pl\\\/#organization\",\"name\":\"Brokk (UK) Ltd\",\"url\":\"https:\\\/\\\/www.brokk.com\\\/pl\\\/\",\"logo\":{\"@type\":\"ImageObject\",\"inLanguage\":\"pl-PL\",\"@id\":\"https:\\\/\\\/www.brokk.com\\\/pl\\\/#\\\/schema\\\/logo\\\/image\\\/\",\"url\":\"https:\\\/\\\/www.brokk.com\\\/uk\\\/uploads\\\/sites\\\/5\\\/2018\\\/11\\\/logo.png\",\"contentUrl\":\"https:\\\/\\\/www.brokk.com\\\/uk\\\/uploads\\\/sites\\\/5\\\/2018\\\/11\\\/logo.png\",\"width\":250,\"height\":65,\"caption\":\"Brokk (UK) Ltd\"},\"image\":{\"@id\":\"https:\\\/\\\/www.brokk.com\\\/pl\\\/#\\\/schema\\\/logo\\\/image\\\/\"},\"sameAs\":[\"http:\\\/\\\/www.facebook.com\\\/pages\\\/Brokk\\\/184270348326912\",\"https:\\\/\\\/www.youtube.com\\\/user\\\/brokkrobots\"]}]}<\/script>\n<!-- \/ Yoast SEO plugin. -->","yoast_head_json":{"title":"Nasza koncepcja | Brokk Poland","robots":{"index":"index","follow":"follow","max-snippet":"max-snippet:-1","max-image-preview":"max-image-preview:large","max-video-preview":"max-video-preview:-1"},"canonical":"https:\/\/www.brokk.com\/pl\/nasza-koncepcja\/","og_locale":"pl_PL","og_type":"article","og_title":"Nasza koncepcja | Brokk Poland","og_description":"NOWA DEFINICJA STOSUNKU MOCY DO WIELKO\u015aCI NIEWIELKI E WYMIARY I POT\u0118\u017bNA MOC Roboty wyburzeniowe Brokk to wi\u0119ksza moc w mniejszej obudowie. Niezale\u017cnie od tego, gdzie ten niemal przera\u017caj\u0105co mocny Brokk pracuje, czy to na budowie, zak\u0142adzie przetw\u00f3rstwa metali, elektrowni j\u0105drowej\u2026","og_url":"https:\/\/www.brokk.com\/pl\/nasza-koncepcja\/","og_site_name":"Brokk Poland","article_publisher":"http:\/\/www.facebook.com\/pages\/Brokk\/184270348326912","twitter_card":"summary_large_image","twitter_misc":{"Est. reading time":"3 minutes"},"schema":{"@context":"https:\/\/schema.org","@graph":[{"@type":"WebPage","@id":"https:\/\/www.brokk.com\/pl\/nasza-koncepcja\/","url":"https:\/\/www.brokk.com\/pl\/nasza-koncepcja\/","name":"Nasza koncepcja | Brokk Poland","isPartOf":{"@id":"https:\/\/www.brokk.com\/pl\/#website"},"primaryImageOfPage":{"@id":"https:\/\/www.brokk.com\/pl\/nasza-koncepcja\/#primaryimage"},"image":{"@id":"https:\/\/www.brokk.com\/pl\/nasza-koncepcja\/#primaryimage"},"thumbnailUrl":"https:\/\/www.brokk.com\/pl\/uploads\/sites\/15\/2018\/03\/our-concept_hero.jpg","datePublished":"2023-05-20T00:49:08+00:00","breadcrumb":{"@id":"https:\/\/www.brokk.com\/pl\/nasza-koncepcja\/#breadcrumb"},"inLanguage":"pl-PL","potentialAction":[{"@type":"ReadAction","target":["https:\/\/www.brokk.com\/pl\/nasza-koncepcja\/"]}]},{"@type":"ImageObject","inLanguage":"pl-PL","@id":"https:\/\/www.brokk.com\/pl\/nasza-koncepcja\/#primaryimage","url":"https:\/\/www.brokk.com\/pl\/uploads\/sites\/15\/2018\/03\/our-concept_hero.jpg","contentUrl":"https:\/\/www.brokk.com\/pl\/uploads\/sites\/15\/2018\/03\/our-concept_hero.jpg","width":2560,"height":1096},{"@type":"BreadcrumbList","@id":"https:\/\/www.brokk.com\/pl\/nasza-koncepcja\/#breadcrumb","itemListElement":[{"@type":"ListItem","position":1,"name":"Home","item":"https:\/\/www.brokk.com\/pl\/"},{"@type":"ListItem","position":2,"name":"Nasza koncepcja"}]},{"@type":"WebSite","@id":"https:\/\/www.brokk.com\/pl\/#website","url":"https:\/\/www.brokk.com\/pl\/","name":"Brokk Poland","description":"The definitive demolition solution in Poland","publisher":{"@id":"https:\/\/www.brokk.com\/pl\/#organization"},"potentialAction":[{"@type":"SearchAction","target":{"@type":"EntryPoint","urlTemplate":"https:\/\/www.brokk.com\/pl\/?s={search_term_string}"},"query-input":{"@type":"PropertyValueSpecification","valueRequired":true,"valueName":"search_term_string"}}],"inLanguage":"pl-PL"},{"@type":"Organization","@id":"https:\/\/www.brokk.com\/pl\/#organization","name":"Brokk (UK) Ltd","url":"https:\/\/www.brokk.com\/pl\/","logo":{"@type":"ImageObject","inLanguage":"pl-PL","@id":"https:\/\/www.brokk.com\/pl\/#\/schema\/logo\/image\/","url":"https:\/\/www.brokk.com\/uk\/uploads\/sites\/5\/2018\/11\/logo.png","contentUrl":"https:\/\/www.brokk.com\/uk\/uploads\/sites\/5\/2018\/11\/logo.png","width":250,"height":65,"caption":"Brokk (UK) Ltd"},"image":{"@id":"https:\/\/www.brokk.com\/pl\/#\/schema\/logo\/image\/"},"sameAs":["http:\/\/www.facebook.com\/pages\/Brokk\/184270348326912","https:\/\/www.youtube.com\/user\/brokkrobots"]}]}},"_links":{"self":[{"href":"https:\/\/www.brokk.com\/pl\/wp-json\/wp\/v2\/pages\/5414","targetHints":{"allow":["GET"]}}],"collection":[{"href":"https:\/\/www.brokk.com\/pl\/wp-json\/wp\/v2\/pages"}],"about":[{"href":"https:\/\/www.brokk.com\/pl\/wp-json\/wp\/v2\/types\/page"}],"author":[{"embeddable":true,"href":"https:\/\/www.brokk.com\/pl\/wp-json\/wp\/v2\/users\/10"}],"replies":[{"embeddable":true,"href":"https:\/\/www.brokk.com\/pl\/wp-json\/wp\/v2\/comments?post=5414"}],"version-history":[{"count":0,"href":"https:\/\/www.brokk.com\/pl\/wp-json\/wp\/v2\/pages\/5414\/revisions"}],"wp:featuredmedia":[{"embeddable":true,"href":"https:\/\/www.brokk.com\/pl\/wp-json\/wp\/v2\/media\/5415"}],"wp:attachment":[{"href":"https:\/\/www.brokk.com\/pl\/wp-json\/wp\/v2\/media?parent=5414"}],"curies":[{"name":"wp","href":"https:\/\/api.w.org\/{rel}","templated":true}]}}