{"id":5416,"date":"2023-05-20T01:50:57","date_gmt":"2023-05-20T00:50:57","guid":{"rendered":"https:\/\/www.brokk.com\/pl\/nasza-przewaga\/"},"modified":"2023-05-20T01:50:57","modified_gmt":"2023-05-20T00:50:57","slug":"nasza-przewaga","status":"publish","type":"page","link":"https:\/\/www.brokk.com\/pl\/nasza-przewaga\/","title":{"rendered":"Nasza przewaga"},"content":{"rendered":"<h2>Cechy charakterystyczne<\/h2>\n<h4>SZEROKI WYB\u00d3R MODELI MASZYN<\/h4>\n<p>Szeroka gama modeli maszyn o wyj\u0105tkowych cechach i z niezliczon\u0105 ilo\u015bci\u0105 opcji.<\/p>\n<h4>MAKSYMALNA WYDAJNO\u015a\u0106 \u2013 MINIMALNY WK\u0141AD<\/h4>\n<p>Maksymalna moc przy minimalnym wk\u0142adzie energii. Nasze roboty dzia\u0142aj\u0105 na ma\u0142ych bezpiecznikach elektrycznych i zosta\u0142y zbudowane z my\u015bl\u0105 o optymalizacji wydajno\u015bci narz\u0119dzi.<\/p>\n<h4>ERGONOMIA DLA OPERATORA<\/h4>\n<p>Pas, uprz\u0105\u017c i wspornik d\u0142oni przy dr\u0105\u017ckach sterowania zapewniaj\u0105 optymalny komfort pracy.<\/p>\n<h4>WZMOCNIONA INSTALACJA ELEKTRYCZNA<\/h4>\n<p>Wyposa\u017cona w specjalne elementy przeznaczone do pracy w wyj\u0105tkowo trudnych warunkach.<\/p>\n<h4>NIEZR\u00d3WNANA STABILNO\u015a\u0106<\/h4>\n<p>Konstrukcja g\u0105sienic i podpory r\u00f3wnowa\u017c\u0105ce obci\u0105\u017cenie, kt\u00f3re maksymalizuj\u0105 stabilno\u015b\u0107 i bezpiecze\u0144stwo.<\/p>\n<h4>UNIKALNY UK\u0141AD STEROWANIA<\/h4>\n<p>Doskona\u0142a technologia radiowa z czytelnym wy\u015bwietlaczem. Sprawdzona niezawodno\u015b\u0107 z zasi\u0119giem nawet 300 m bez op\u00f3\u017anie\u0144 w \u0142\u0105czno\u015bci.<\/p>\n<h4>NIEZAWODNO\u015a\u0106<\/h4>\n<p>40 lat do\u015bwiadczenia i prac rozwojowych firmy stoi u podstaw robota przeznaczonego do pracy w ci\u0119\u017ckich warunkach.<\/p>\n<h4>NIEZR\u00d3WNANA SPRAWNO\u015a\u0106 CH\u0141ODZENIA<\/h4>\n<p>Maszyna skonstruowana z my\u015bl\u0105 o pracy w wysokich temperaturach.<\/p>\n<h4>\u0141ATWO\u015a\u0106 SERWISOWANIA<\/h4>\n<p>Szybka i \u0142atwa obs\u0142ug, nawet w miejscu pracy, to idea, jaka nam przy\u015bwieca\u0142a podczas prac projektowych nad t\u0105 maszyn\u0105.<\/p>\n<h4>W\u0141A\u015aCIWA KONFIGURACJA ODPOWIEDNIA DO DANEGO ZADANIA<\/h4>\n<p>Szeroka gama wyposa\u017cenia dodatkowego do wielorakich zastosowa\u0144.<\/p>\n","protected":false},"excerpt":{"rendered":"<p>Cechy charakterystyczne SZEROKI WYB\u00d3R MODELI MASZYN Szeroka gama modeli maszyn o wyj\u0105tkowych cechach i z niezliczon\u0105 ilo\u015bci\u0105 opcji. MAKSYMALNA WYDAJNO\u015a\u0106 \u2013 MINIMALNY WK\u0141AD Maksymalna moc przy minimalnym wk\u0142adzie energii. Nasze roboty dzia\u0142aj\u0105 na ma\u0142ych bezpiecznikach elektrycznych i zosta\u0142y zbudowane z\u2026<\/p>\n","protected":false},"author":8,"featured_media":5417,"parent":0,"menu_order":93,"comment_status":"closed","ping_status":"closed","template":"page-templates\/common.php","meta":{"_acf_changed":false,"_relevanssi_hide_post":"","_relevanssi_hide_content":"","_relevanssi_pin_for_all":"","_relevanssi_pin_keywords":"","_relevanssi_unpin_keywords":"","_relevanssi_related_keywords":"","_relevanssi_related_include_ids":"","_relevanssi_related_exclude_ids":"","_relevanssi_related_no_append":"","_relevanssi_related_not_related":"","_relevanssi_related_posts":"","_relevanssi_noindex_reason":"Relevanssi image attachment filter Relevanssi index exclude","footnotes":""},"class_list":["post-5416","page","type-page","status-publish","has-post-thumbnail","hentry"],"acf":[],"yoast_head":"<!-- This site is optimized with the Yoast SEO plugin v27.3 - https:\/\/yoast.com\/product\/yoast-seo-wordpress\/ -->\n<title>Nasza przewaga | Brokk Poland<\/title>\n<meta name=\"robots\" content=\"index, follow, max-snippet:-1, max-image-preview:large, max-video-preview:-1\" \/>\n<link rel=\"canonical\" href=\"https:\/\/www.brokk.com\/pl\/nasza-przewaga\/\" \/>\n<meta property=\"og:locale\" content=\"pl_PL\" \/>\n<meta property=\"og:type\" content=\"article\" \/>\n<meta property=\"og:title\" content=\"Nasza przewaga | Brokk Poland\" \/>\n<meta property=\"og:description\" content=\"Cechy charakterystyczne SZEROKI WYB\u00d3R MODELI MASZYN Szeroka gama modeli maszyn o wyj\u0105tkowych cechach i z niezliczon\u0105 ilo\u015bci\u0105 opcji. MAKSYMALNA WYDAJNO\u015a\u0106 \u2013 MINIMALNY WK\u0141AD Maksymalna moc przy minimalnym wk\u0142adzie energii. Nasze roboty dzia\u0142aj\u0105 na ma\u0142ych bezpiecznikach elektrycznych i zosta\u0142y zbudowane z\u2026\" \/>\n<meta property=\"og:url\" content=\"https:\/\/www.brokk.com\/pl\/nasza-przewaga\/\" \/>\n<meta property=\"og:site_name\" content=\"Brokk Poland\" \/>\n<meta property=\"article:publisher\" content=\"http:\/\/www.facebook.com\/pages\/Brokk\/184270348326912\" \/>\n<meta name=\"twitter:card\" content=\"summary_large_image\" \/>\n<meta name=\"twitter:label1\" content=\"Est. reading time\" \/>\n\t<meta name=\"twitter:data1\" content=\"1 minute\" \/>\n<script type=\"application\/ld+json\" class=\"yoast-schema-graph\">{\"@context\":\"https:\\\/\\\/schema.org\",\"@graph\":[{\"@type\":\"WebPage\",\"@id\":\"https:\\\/\\\/www.brokk.com\\\/pl\\\/nasza-przewaga\\\/\",\"url\":\"https:\\\/\\\/www.brokk.com\\\/pl\\\/nasza-przewaga\\\/\",\"name\":\"Nasza przewaga | Brokk Poland\",\"isPartOf\":{\"@id\":\"https:\\\/\\\/www.brokk.com\\\/pl\\\/#website\"},\"primaryImageOfPage\":{\"@id\":\"https:\\\/\\\/www.brokk.com\\\/pl\\\/nasza-przewaga\\\/#primaryimage\"},\"image\":{\"@id\":\"https:\\\/\\\/www.brokk.com\\\/pl\\\/nasza-przewaga\\\/#primaryimage\"},\"thumbnailUrl\":\"https:\\\/\\\/www.brokk.com\\\/pl\\\/uploads\\\/sites\\\/15\\\/2018\\\/03\\\/our-edge-brokk300_hero.jpg\",\"datePublished\":\"2023-05-20T00:50:57+00:00\",\"breadcrumb\":{\"@id\":\"https:\\\/\\\/www.brokk.com\\\/pl\\\/nasza-przewaga\\\/#breadcrumb\"},\"inLanguage\":\"pl-PL\",\"potentialAction\":[{\"@type\":\"ReadAction\",\"target\":[\"https:\\\/\\\/www.brokk.com\\\/pl\\\/nasza-przewaga\\\/\"]}]},{\"@type\":\"ImageObject\",\"inLanguage\":\"pl-PL\",\"@id\":\"https:\\\/\\\/www.brokk.com\\\/pl\\\/nasza-przewaga\\\/#primaryimage\",\"url\":\"https:\\\/\\\/www.brokk.com\\\/pl\\\/uploads\\\/sites\\\/15\\\/2018\\\/03\\\/our-edge-brokk300_hero.jpg\",\"contentUrl\":\"https:\\\/\\\/www.brokk.com\\\/pl\\\/uploads\\\/sites\\\/15\\\/2018\\\/03\\\/our-edge-brokk300_hero.jpg\",\"width\":2560,\"height\":1096},{\"@type\":\"BreadcrumbList\",\"@id\":\"https:\\\/\\\/www.brokk.com\\\/pl\\\/nasza-przewaga\\\/#breadcrumb\",\"itemListElement\":[{\"@type\":\"ListItem\",\"position\":1,\"name\":\"Home\",\"item\":\"https:\\\/\\\/www.brokk.com\\\/pl\\\/\"},{\"@type\":\"ListItem\",\"position\":2,\"name\":\"Nasza przewaga\"}]},{\"@type\":\"WebSite\",\"@id\":\"https:\\\/\\\/www.brokk.com\\\/pl\\\/#website\",\"url\":\"https:\\\/\\\/www.brokk.com\\\/pl\\\/\",\"name\":\"Brokk Poland\",\"description\":\"The definitive demolition solution in Poland\",\"publisher\":{\"@id\":\"https:\\\/\\\/www.brokk.com\\\/pl\\\/#organization\"},\"potentialAction\":[{\"@type\":\"SearchAction\",\"target\":{\"@type\":\"EntryPoint\",\"urlTemplate\":\"https:\\\/\\\/www.brokk.com\\\/pl\\\/?s={search_term_string}\"},\"query-input\":{\"@type\":\"PropertyValueSpecification\",\"valueRequired\":true,\"valueName\":\"search_term_string\"}}],\"inLanguage\":\"pl-PL\"},{\"@type\":\"Organization\",\"@id\":\"https:\\\/\\\/www.brokk.com\\\/pl\\\/#organization\",\"name\":\"Brokk (UK) Ltd\",\"url\":\"https:\\\/\\\/www.brokk.com\\\/pl\\\/\",\"logo\":{\"@type\":\"ImageObject\",\"inLanguage\":\"pl-PL\",\"@id\":\"https:\\\/\\\/www.brokk.com\\\/pl\\\/#\\\/schema\\\/logo\\\/image\\\/\",\"url\":\"https:\\\/\\\/www.brokk.com\\\/uk\\\/uploads\\\/sites\\\/5\\\/2018\\\/11\\\/logo.png\",\"contentUrl\":\"https:\\\/\\\/www.brokk.com\\\/uk\\\/uploads\\\/sites\\\/5\\\/2018\\\/11\\\/logo.png\",\"width\":250,\"height\":65,\"caption\":\"Brokk (UK) Ltd\"},\"image\":{\"@id\":\"https:\\\/\\\/www.brokk.com\\\/pl\\\/#\\\/schema\\\/logo\\\/image\\\/\"},\"sameAs\":[\"http:\\\/\\\/www.facebook.com\\\/pages\\\/Brokk\\\/184270348326912\",\"https:\\\/\\\/www.youtube.com\\\/user\\\/brokkrobots\"]}]}<\/script>\n<!-- \/ Yoast SEO plugin. -->","yoast_head_json":{"title":"Nasza przewaga | Brokk Poland","robots":{"index":"index","follow":"follow","max-snippet":"max-snippet:-1","max-image-preview":"max-image-preview:large","max-video-preview":"max-video-preview:-1"},"canonical":"https:\/\/www.brokk.com\/pl\/nasza-przewaga\/","og_locale":"pl_PL","og_type":"article","og_title":"Nasza przewaga | Brokk Poland","og_description":"Cechy charakterystyczne SZEROKI WYB\u00d3R MODELI MASZYN Szeroka gama modeli maszyn o wyj\u0105tkowych cechach i z niezliczon\u0105 ilo\u015bci\u0105 opcji. MAKSYMALNA WYDAJNO\u015a\u0106 \u2013 MINIMALNY WK\u0141AD Maksymalna moc przy minimalnym wk\u0142adzie energii. Nasze roboty dzia\u0142aj\u0105 na ma\u0142ych bezpiecznikach elektrycznych i zosta\u0142y zbudowane z\u2026","og_url":"https:\/\/www.brokk.com\/pl\/nasza-przewaga\/","og_site_name":"Brokk Poland","article_publisher":"http:\/\/www.facebook.com\/pages\/Brokk\/184270348326912","twitter_card":"summary_large_image","twitter_misc":{"Est. reading time":"1 minute"},"schema":{"@context":"https:\/\/schema.org","@graph":[{"@type":"WebPage","@id":"https:\/\/www.brokk.com\/pl\/nasza-przewaga\/","url":"https:\/\/www.brokk.com\/pl\/nasza-przewaga\/","name":"Nasza przewaga | Brokk Poland","isPartOf":{"@id":"https:\/\/www.brokk.com\/pl\/#website"},"primaryImageOfPage":{"@id":"https:\/\/www.brokk.com\/pl\/nasza-przewaga\/#primaryimage"},"image":{"@id":"https:\/\/www.brokk.com\/pl\/nasza-przewaga\/#primaryimage"},"thumbnailUrl":"https:\/\/www.brokk.com\/pl\/uploads\/sites\/15\/2018\/03\/our-edge-brokk300_hero.jpg","datePublished":"2023-05-20T00:50:57+00:00","breadcrumb":{"@id":"https:\/\/www.brokk.com\/pl\/nasza-przewaga\/#breadcrumb"},"inLanguage":"pl-PL","potentialAction":[{"@type":"ReadAction","target":["https:\/\/www.brokk.com\/pl\/nasza-przewaga\/"]}]},{"@type":"ImageObject","inLanguage":"pl-PL","@id":"https:\/\/www.brokk.com\/pl\/nasza-przewaga\/#primaryimage","url":"https:\/\/www.brokk.com\/pl\/uploads\/sites\/15\/2018\/03\/our-edge-brokk300_hero.jpg","contentUrl":"https:\/\/www.brokk.com\/pl\/uploads\/sites\/15\/2018\/03\/our-edge-brokk300_hero.jpg","width":2560,"height":1096},{"@type":"BreadcrumbList","@id":"https:\/\/www.brokk.com\/pl\/nasza-przewaga\/#breadcrumb","itemListElement":[{"@type":"ListItem","position":1,"name":"Home","item":"https:\/\/www.brokk.com\/pl\/"},{"@type":"ListItem","position":2,"name":"Nasza przewaga"}]},{"@type":"WebSite","@id":"https:\/\/www.brokk.com\/pl\/#website","url":"https:\/\/www.brokk.com\/pl\/","name":"Brokk Poland","description":"The definitive demolition solution in Poland","publisher":{"@id":"https:\/\/www.brokk.com\/pl\/#organization"},"potentialAction":[{"@type":"SearchAction","target":{"@type":"EntryPoint","urlTemplate":"https:\/\/www.brokk.com\/pl\/?s={search_term_string}"},"query-input":{"@type":"PropertyValueSpecification","valueRequired":true,"valueName":"search_term_string"}}],"inLanguage":"pl-PL"},{"@type":"Organization","@id":"https:\/\/www.brokk.com\/pl\/#organization","name":"Brokk (UK) Ltd","url":"https:\/\/www.brokk.com\/pl\/","logo":{"@type":"ImageObject","inLanguage":"pl-PL","@id":"https:\/\/www.brokk.com\/pl\/#\/schema\/logo\/image\/","url":"https:\/\/www.brokk.com\/uk\/uploads\/sites\/5\/2018\/11\/logo.png","contentUrl":"https:\/\/www.brokk.com\/uk\/uploads\/sites\/5\/2018\/11\/logo.png","width":250,"height":65,"caption":"Brokk (UK) Ltd"},"image":{"@id":"https:\/\/www.brokk.com\/pl\/#\/schema\/logo\/image\/"},"sameAs":["http:\/\/www.facebook.com\/pages\/Brokk\/184270348326912","https:\/\/www.youtube.com\/user\/brokkrobots"]}]}},"_links":{"self":[{"href":"https:\/\/www.brokk.com\/pl\/wp-json\/wp\/v2\/pages\/5416","targetHints":{"allow":["GET"]}}],"collection":[{"href":"https:\/\/www.brokk.com\/pl\/wp-json\/wp\/v2\/pages"}],"about":[{"href":"https:\/\/www.brokk.com\/pl\/wp-json\/wp\/v2\/types\/page"}],"author":[{"embeddable":true,"href":"https:\/\/www.brokk.com\/pl\/wp-json\/wp\/v2\/users\/8"}],"replies":[{"embeddable":true,"href":"https:\/\/www.brokk.com\/pl\/wp-json\/wp\/v2\/comments?post=5416"}],"version-history":[{"count":0,"href":"https:\/\/www.brokk.com\/pl\/wp-json\/wp\/v2\/pages\/5416\/revisions"}],"wp:featuredmedia":[{"embeddable":true,"href":"https:\/\/www.brokk.com\/pl\/wp-json\/wp\/v2\/media\/5417"}],"wp:attachment":[{"href":"https:\/\/www.brokk.com\/pl\/wp-json\/wp\/v2\/media?parent=5416"}],"curies":[{"name":"wp","href":"https:\/\/api.w.org\/{rel}","templated":true}]}}