{"id":5418,"date":"2023-05-20T01:51:38","date_gmt":"2023-05-20T00:51:38","guid":{"rendered":"https:\/\/www.brokk.com\/pl\/prasa\/"},"modified":"2025-04-01T17:11:48","modified_gmt":"2025-04-01T15:11:48","slug":"prasa","status":"publish","type":"page","link":"https:\/\/www.brokk.com\/pl\/prasa\/","title":{"rendered":"Prasa"},"content":{"rendered":"<p>Witamy w centrum prasowym Brokk. Tutaj znajdziesz nasze najnowsze komunikaty prasowe i o\u015bwiadczenia. W razie pyta\u0144 lub je\u015bli potrzebujesz dalszej pomocy skontaktuj si\u0119 z nami pod adresem <a href=\"mailto:buiro@brokk.pl\">buiro@brokk.pl<\/a>.<\/p>\n","protected":false},"excerpt":{"rendered":"<p>Witamy w centrum prasowym Brokk. Tutaj znajdziesz nasze najnowsze komunikaty prasowe i o\u015bwiadczenia. W razie pyta\u0144 lub je\u015bli potrzebujesz dalszej pomocy skontaktuj si\u0119 z nami pod adresem buiro@brokk.pl.<\/p>\n","protected":false},"author":46,"featured_media":5374,"parent":0,"menu_order":146,"comment_status":"closed","ping_status":"closed","template":"page-templates\/press.php","meta":{"_acf_changed":false,"_relevanssi_hide_post":"","_relevanssi_hide_content":"","_relevanssi_pin_for_all":"","_relevanssi_pin_keywords":"","_relevanssi_unpin_keywords":"","_relevanssi_related_keywords":"","_relevanssi_related_include_ids":"","_relevanssi_related_exclude_ids":"","_relevanssi_related_no_append":"","_relevanssi_related_not_related":"","_relevanssi_related_posts":"","_relevanssi_noindex_reason":"","footnotes":""},"class_list":["post-5418","page","type-page","status-publish","has-post-thumbnail","hentry"],"acf":[],"yoast_head":"<!-- This site is optimized with the Yoast SEO plugin v27.3 - https:\/\/yoast.com\/product\/yoast-seo-wordpress\/ -->\n<title>Prasa | Brokk Poland<\/title>\n<meta name=\"robots\" content=\"index, follow, max-snippet:-1, max-image-preview:large, max-video-preview:-1\" \/>\n<link rel=\"canonical\" href=\"https:\/\/www.brokk.com\/pl\/prasa\/\" \/>\n<meta property=\"og:locale\" content=\"pl_PL\" \/>\n<meta property=\"og:type\" content=\"article\" \/>\n<meta property=\"og:title\" content=\"Prasa | Brokk Poland\" \/>\n<meta property=\"og:description\" content=\"Witamy w centrum prasowym Brokk. Tutaj znajdziesz nasze najnowsze komunikaty prasowe i o\u015bwiadczenia. W razie pyta\u0144 lub je\u015bli potrzebujesz dalszej pomocy skontaktuj si\u0119 z nami pod adresem buiro@brokk.pl.\" \/>\n<meta property=\"og:url\" content=\"https:\/\/www.brokk.com\/pl\/prasa\/\" \/>\n<meta property=\"og:site_name\" content=\"Brokk Poland\" \/>\n<meta property=\"article:publisher\" content=\"http:\/\/www.facebook.com\/pages\/Brokk\/184270348326912\" \/>\n<meta property=\"article:modified_time\" content=\"2025-04-01T15:11:48+00:00\" \/>\n<meta property=\"og:image\" content=\"https:\/\/www.brokk.com\/pl\/uploads\/sites\/15\/2018\/03\/project-02.jpg\" \/>\n\t<meta property=\"og:image:width\" content=\"900\" \/>\n\t<meta property=\"og:image:height\" content=\"550\" \/>\n\t<meta property=\"og:image:type\" content=\"image\/jpeg\" \/>\n<meta name=\"twitter:card\" content=\"summary_large_image\" \/>\n<meta name=\"twitter:label1\" content=\"Est. reading time\" \/>\n\t<meta name=\"twitter:data1\" content=\"1 minute\" \/>\n<script type=\"application\/ld+json\" class=\"yoast-schema-graph\">{\"@context\":\"https:\\\/\\\/schema.org\",\"@graph\":[{\"@type\":\"WebPage\",\"@id\":\"https:\\\/\\\/www.brokk.com\\\/pl\\\/prasa\\\/\",\"url\":\"https:\\\/\\\/www.brokk.com\\\/pl\\\/prasa\\\/\",\"name\":\"Prasa | Brokk Poland\",\"isPartOf\":{\"@id\":\"https:\\\/\\\/www.brokk.com\\\/pl\\\/#website\"},\"primaryImageOfPage\":{\"@id\":\"https:\\\/\\\/www.brokk.com\\\/pl\\\/prasa\\\/#primaryimage\"},\"image\":{\"@id\":\"https:\\\/\\\/www.brokk.com\\\/pl\\\/prasa\\\/#primaryimage\"},\"thumbnailUrl\":\"https:\\\/\\\/www.brokk.com\\\/pl\\\/uploads\\\/sites\\\/15\\\/2018\\\/03\\\/project-02.jpg\",\"datePublished\":\"2023-05-20T00:51:38+00:00\",\"dateModified\":\"2025-04-01T15:11:48+00:00\",\"breadcrumb\":{\"@id\":\"https:\\\/\\\/www.brokk.com\\\/pl\\\/prasa\\\/#breadcrumb\"},\"inLanguage\":\"pl-PL\",\"potentialAction\":[{\"@type\":\"ReadAction\",\"target\":[\"https:\\\/\\\/www.brokk.com\\\/pl\\\/prasa\\\/\"]}]},{\"@type\":\"ImageObject\",\"inLanguage\":\"pl-PL\",\"@id\":\"https:\\\/\\\/www.brokk.com\\\/pl\\\/prasa\\\/#primaryimage\",\"url\":\"https:\\\/\\\/www.brokk.com\\\/pl\\\/uploads\\\/sites\\\/15\\\/2018\\\/03\\\/project-02.jpg\",\"contentUrl\":\"https:\\\/\\\/www.brokk.com\\\/pl\\\/uploads\\\/sites\\\/15\\\/2018\\\/03\\\/project-02.jpg\",\"width\":900,\"height\":550},{\"@type\":\"BreadcrumbList\",\"@id\":\"https:\\\/\\\/www.brokk.com\\\/pl\\\/prasa\\\/#breadcrumb\",\"itemListElement\":[{\"@type\":\"ListItem\",\"position\":1,\"name\":\"Home\",\"item\":\"https:\\\/\\\/www.brokk.com\\\/pl\\\/\"},{\"@type\":\"ListItem\",\"position\":2,\"name\":\"Prasa\"}]},{\"@type\":\"WebSite\",\"@id\":\"https:\\\/\\\/www.brokk.com\\\/pl\\\/#website\",\"url\":\"https:\\\/\\\/www.brokk.com\\\/pl\\\/\",\"name\":\"Brokk Poland\",\"description\":\"The definitive demolition solution in Poland\",\"publisher\":{\"@id\":\"https:\\\/\\\/www.brokk.com\\\/pl\\\/#organization\"},\"potentialAction\":[{\"@type\":\"SearchAction\",\"target\":{\"@type\":\"EntryPoint\",\"urlTemplate\":\"https:\\\/\\\/www.brokk.com\\\/pl\\\/?s={search_term_string}\"},\"query-input\":{\"@type\":\"PropertyValueSpecification\",\"valueRequired\":true,\"valueName\":\"search_term_string\"}}],\"inLanguage\":\"pl-PL\"},{\"@type\":\"Organization\",\"@id\":\"https:\\\/\\\/www.brokk.com\\\/pl\\\/#organization\",\"name\":\"Brokk (UK) Ltd\",\"url\":\"https:\\\/\\\/www.brokk.com\\\/pl\\\/\",\"logo\":{\"@type\":\"ImageObject\",\"inLanguage\":\"pl-PL\",\"@id\":\"https:\\\/\\\/www.brokk.com\\\/pl\\\/#\\\/schema\\\/logo\\\/image\\\/\",\"url\":\"https:\\\/\\\/www.brokk.com\\\/uk\\\/uploads\\\/sites\\\/5\\\/2018\\\/11\\\/logo.png\",\"contentUrl\":\"https:\\\/\\\/www.brokk.com\\\/uk\\\/uploads\\\/sites\\\/5\\\/2018\\\/11\\\/logo.png\",\"width\":250,\"height\":65,\"caption\":\"Brokk (UK) Ltd\"},\"image\":{\"@id\":\"https:\\\/\\\/www.brokk.com\\\/pl\\\/#\\\/schema\\\/logo\\\/image\\\/\"},\"sameAs\":[\"http:\\\/\\\/www.facebook.com\\\/pages\\\/Brokk\\\/184270348326912\",\"https:\\\/\\\/www.youtube.com\\\/user\\\/brokkrobots\"]}]}<\/script>\n<!-- \/ Yoast SEO plugin. -->","yoast_head_json":{"title":"Prasa | Brokk Poland","robots":{"index":"index","follow":"follow","max-snippet":"max-snippet:-1","max-image-preview":"max-image-preview:large","max-video-preview":"max-video-preview:-1"},"canonical":"https:\/\/www.brokk.com\/pl\/prasa\/","og_locale":"pl_PL","og_type":"article","og_title":"Prasa | Brokk Poland","og_description":"Witamy w centrum prasowym Brokk. Tutaj znajdziesz nasze najnowsze komunikaty prasowe i o\u015bwiadczenia. W razie pyta\u0144 lub je\u015bli potrzebujesz dalszej pomocy skontaktuj si\u0119 z nami pod adresem buiro@brokk.pl.","og_url":"https:\/\/www.brokk.com\/pl\/prasa\/","og_site_name":"Brokk Poland","article_publisher":"http:\/\/www.facebook.com\/pages\/Brokk\/184270348326912","article_modified_time":"2025-04-01T15:11:48+00:00","og_image":[{"width":900,"height":550,"url":"https:\/\/www.brokk.com\/pl\/uploads\/sites\/15\/2018\/03\/project-02.jpg","type":"image\/jpeg"}],"twitter_card":"summary_large_image","twitter_misc":{"Est. reading time":"1 minute"},"schema":{"@context":"https:\/\/schema.org","@graph":[{"@type":"WebPage","@id":"https:\/\/www.brokk.com\/pl\/prasa\/","url":"https:\/\/www.brokk.com\/pl\/prasa\/","name":"Prasa | Brokk Poland","isPartOf":{"@id":"https:\/\/www.brokk.com\/pl\/#website"},"primaryImageOfPage":{"@id":"https:\/\/www.brokk.com\/pl\/prasa\/#primaryimage"},"image":{"@id":"https:\/\/www.brokk.com\/pl\/prasa\/#primaryimage"},"thumbnailUrl":"https:\/\/www.brokk.com\/pl\/uploads\/sites\/15\/2018\/03\/project-02.jpg","datePublished":"2023-05-20T00:51:38+00:00","dateModified":"2025-04-01T15:11:48+00:00","breadcrumb":{"@id":"https:\/\/www.brokk.com\/pl\/prasa\/#breadcrumb"},"inLanguage":"pl-PL","potentialAction":[{"@type":"ReadAction","target":["https:\/\/www.brokk.com\/pl\/prasa\/"]}]},{"@type":"ImageObject","inLanguage":"pl-PL","@id":"https:\/\/www.brokk.com\/pl\/prasa\/#primaryimage","url":"https:\/\/www.brokk.com\/pl\/uploads\/sites\/15\/2018\/03\/project-02.jpg","contentUrl":"https:\/\/www.brokk.com\/pl\/uploads\/sites\/15\/2018\/03\/project-02.jpg","width":900,"height":550},{"@type":"BreadcrumbList","@id":"https:\/\/www.brokk.com\/pl\/prasa\/#breadcrumb","itemListElement":[{"@type":"ListItem","position":1,"name":"Home","item":"https:\/\/www.brokk.com\/pl\/"},{"@type":"ListItem","position":2,"name":"Prasa"}]},{"@type":"WebSite","@id":"https:\/\/www.brokk.com\/pl\/#website","url":"https:\/\/www.brokk.com\/pl\/","name":"Brokk Poland","description":"The definitive demolition solution in Poland","publisher":{"@id":"https:\/\/www.brokk.com\/pl\/#organization"},"potentialAction":[{"@type":"SearchAction","target":{"@type":"EntryPoint","urlTemplate":"https:\/\/www.brokk.com\/pl\/?s={search_term_string}"},"query-input":{"@type":"PropertyValueSpecification","valueRequired":true,"valueName":"search_term_string"}}],"inLanguage":"pl-PL"},{"@type":"Organization","@id":"https:\/\/www.brokk.com\/pl\/#organization","name":"Brokk (UK) Ltd","url":"https:\/\/www.brokk.com\/pl\/","logo":{"@type":"ImageObject","inLanguage":"pl-PL","@id":"https:\/\/www.brokk.com\/pl\/#\/schema\/logo\/image\/","url":"https:\/\/www.brokk.com\/uk\/uploads\/sites\/5\/2018\/11\/logo.png","contentUrl":"https:\/\/www.brokk.com\/uk\/uploads\/sites\/5\/2018\/11\/logo.png","width":250,"height":65,"caption":"Brokk (UK) Ltd"},"image":{"@id":"https:\/\/www.brokk.com\/pl\/#\/schema\/logo\/image\/"},"sameAs":["http:\/\/www.facebook.com\/pages\/Brokk\/184270348326912","https:\/\/www.youtube.com\/user\/brokkrobots"]}]}},"_links":{"self":[{"href":"https:\/\/www.brokk.com\/pl\/wp-json\/wp\/v2\/pages\/5418","targetHints":{"allow":["GET"]}}],"collection":[{"href":"https:\/\/www.brokk.com\/pl\/wp-json\/wp\/v2\/pages"}],"about":[{"href":"https:\/\/www.brokk.com\/pl\/wp-json\/wp\/v2\/types\/page"}],"author":[{"embeddable":true,"href":"https:\/\/www.brokk.com\/pl\/wp-json\/wp\/v2\/users\/46"}],"replies":[{"embeddable":true,"href":"https:\/\/www.brokk.com\/pl\/wp-json\/wp\/v2\/comments?post=5418"}],"version-history":[{"count":1,"href":"https:\/\/www.brokk.com\/pl\/wp-json\/wp\/v2\/pages\/5418\/revisions"}],"predecessor-version":[{"id":6173,"href":"https:\/\/www.brokk.com\/pl\/wp-json\/wp\/v2\/pages\/5418\/revisions\/6173"}],"wp:featuredmedia":[{"embeddable":true,"href":"https:\/\/www.brokk.com\/pl\/wp-json\/wp\/v2\/media\/5374"}],"wp:attachment":[{"href":"https:\/\/www.brokk.com\/pl\/wp-json\/wp\/v2\/media?parent=5418"}],"curies":[{"name":"wp","href":"https:\/\/api.w.org\/{rel}","templated":true}]}}