{"id":5421,"date":"2023-05-20T01:53:15","date_gmt":"2023-05-20T00:53:15","guid":{"rendered":"https:\/\/www.brokk.com\/pl\/doskonaly-system-wyburzeniowy\/"},"modified":"2023-05-20T01:53:15","modified_gmt":"2023-05-20T00:53:15","slug":"doskonaly-system-wyburzeniowy","status":"publish","type":"page","link":"https:\/\/www.brokk.com\/pl\/doskonaly-system-wyburzeniowy\/","title":{"rendered":"Doskona\u0142y system wyburzeniowy"},"content":{"rendered":"<h3><strong>Doskona\u0142y system wyburzeniowy<\/strong><\/h3>\n<p><strong>Obecnie Brokk czyni kolejny krok w bran\u017cy inteligentnego wyburzania. Cztery cuda dope\u0142niaj\u0105ce gam\u0119 maszyn, wyposa\u017cone w pierwsze w bran\u017cy rozwi\u0105zania techniczne i funkcje: SmartPower zapewnia rekordow\u0105 wytrzyma\u0142o\u015b\u0107 i niezawodno\u015b\u0107, SmartRemote zapewnia nowy poziom ergonomii i wydajno\u015bci, a SmartDesign \u0142\u0105czy wytrzyma\u0142o\u015b\u0107 i \u0142atwo\u015b\u0107 serwisowania.<\/strong><\/p>\n<p>&nbsp;<\/p>\n<h4>BROKK 170: Serce i g\u0142owa<\/h4>\n<p>Je\u015bli podoba\u0142 Ci si\u0119 Brokk 160, to w tej maszynie si\u0119 zakochasz. Brokk 170 to wi\u0119cej mocy i inteligencji w tym samym zdalnie sterowanym pakiecie.<\/p>\n<h4>BROKK 200: Moc, zasi\u0119g i wielko\u015b\u0107<\/h4>\n<p>Pojawi\u0142a si\u0119 nowa kategoria wagowa. Brokk 200 to pot\u0119ga mocy w 2,1-tonowej, kompaktowej maszynie, zajmuj\u0105cej wyj\u0105tkowo ma\u0142o przestrzeni.<\/p>\n<h4>BROKK 520D:<\/h4>\n<p>Mocarny i przyjazny dla \u015brodowiska. Najbardziej ekologiczny robot wyburzeniowy z silnikiem Diesla na \u015bwiecie. I istna bestia, o 40 procent wi\u0119kszej sile uderzenia, z mo\u017cliwo\u015bci\u0105 dopasowywania osprz\u0119tu.<\/p>\n<h4>BROKK 300: Nowa legenda<\/h4>\n<p>\u015aredniej wielko\u015bci maszyna z sercem giganta. Brokk 300 dysponuje o 40 procent mocniejszym ciosem, a mo\u017cna na nim zamontowa\u0107 ci\u0119\u017csze i mocniejsze narz\u0119dzia.<\/p>\n<h4>Ogl\u0105dnij pierwsz\u0105 ods\u0142on\u0119<\/h4>\n<p>W zwi\u0105zku z oficjaln\u0105 premier\u0105 nowych maszyn zorganizowali\u015bmy ekskluzywny pokaz dla naszych partner\u00f3w w siedzibie Brokk w Skellefte\u00e5. Tutaj mo\u017cesz zobaczy\u0107 kilka migawek z tego bardzo cenionego wydarzenia.<\/p>\n<p>&nbsp;<\/p>\n<div class=\"video-container\"><iframe loading=\"lazy\" title=\"Launch of 4(!) new Brokk models!\" width=\"1024\" height=\"576\" src=\"https:\/\/www.youtube.com\/embed\/ZFgugHyQaBk?feature=oembed\" frameborder=\"0\" allow=\"accelerometer; autoplay; clipboard-write; encrypted-media; gyroscope; picture-in-picture; web-share\" allowfullscreen><\/iframe><\/div>\n<p>&nbsp;<\/p>\n","protected":false},"excerpt":{"rendered":"<p>Doskona\u0142y system wyburzeniowy Obecnie Brokk czyni kolejny krok w bran\u017cy inteligentnego wyburzania. Cztery cuda dope\u0142niaj\u0105ce gam\u0119 maszyn, wyposa\u017cone w pierwsze w bran\u017cy rozwi\u0105zania techniczne i funkcje: SmartPower zapewnia rekordow\u0105 wytrzyma\u0142o\u015b\u0107 i niezawodno\u015b\u0107, SmartRemote zapewnia nowy poziom ergonomii i wydajno\u015bci, a\u2026<\/p>\n","protected":false},"author":2,"featured_media":5422,"parent":0,"menu_order":168,"comment_status":"closed","ping_status":"closed","template":"page-templates\/campaign.php","meta":{"_acf_changed":false,"_relevanssi_hide_post":"","_relevanssi_hide_content":"","_relevanssi_pin_for_all":"","_relevanssi_pin_keywords":"","_relevanssi_unpin_keywords":"","_relevanssi_related_keywords":"","_relevanssi_related_include_ids":"","_relevanssi_related_exclude_ids":"","_relevanssi_related_no_append":"","_relevanssi_related_not_related":"","_relevanssi_related_posts":"","_relevanssi_noindex_reason":"Relevanssi image attachment filter Relevanssi index exclude","footnotes":""},"class_list":["post-5421","page","type-page","status-publish","has-post-thumbnail","hentry"],"acf":[],"yoast_head":"<!-- This site is optimized with the Yoast SEO plugin v27.5 - https:\/\/yoast.com\/product\/yoast-seo-wordpress\/ -->\n<title>Doskona\u0142y system wyburzeniowy | Brokk Poland<\/title>\n<meta name=\"robots\" content=\"index, follow, max-snippet:-1, max-image-preview:large, max-video-preview:-1\" \/>\n<link rel=\"canonical\" href=\"https:\/\/www.brokk.com\/pl\/doskonaly-system-wyburzeniowy\/\" \/>\n<meta property=\"og:locale\" content=\"pl_PL\" \/>\n<meta property=\"og:type\" content=\"article\" \/>\n<meta property=\"og:title\" content=\"Doskona\u0142y system wyburzeniowy | Brokk Poland\" \/>\n<meta property=\"og:description\" content=\"Doskona\u0142y system wyburzeniowy Obecnie Brokk czyni kolejny krok w bran\u017cy inteligentnego wyburzania. Cztery cuda dope\u0142niaj\u0105ce gam\u0119 maszyn, wyposa\u017cone w pierwsze w bran\u017cy rozwi\u0105zania techniczne i funkcje: SmartPower zapewnia rekordow\u0105 wytrzyma\u0142o\u015b\u0107 i niezawodno\u015b\u0107, SmartRemote zapewnia nowy poziom ergonomii i wydajno\u015bci, a\u2026\" \/>\n<meta property=\"og:url\" content=\"https:\/\/www.brokk.com\/pl\/doskonaly-system-wyburzeniowy\/\" \/>\n<meta property=\"og:site_name\" content=\"Brokk Poland\" \/>\n<meta property=\"article:publisher\" content=\"http:\/\/www.facebook.com\/pages\/Brokk\/184270348326912\" \/>\n<meta name=\"twitter:card\" content=\"summary_large_image\" \/>\n<meta name=\"twitter:label1\" content=\"Est. reading time\" \/>\n\t<meta name=\"twitter:data1\" content=\"1 minute\" \/>\n<script type=\"application\/ld+json\" class=\"yoast-schema-graph\">{\"@context\":\"https:\\\/\\\/schema.org\",\"@graph\":[{\"@type\":\"WebPage\",\"@id\":\"https:\\\/\\\/www.brokk.com\\\/pl\\\/doskonaly-system-wyburzeniowy\\\/\",\"url\":\"https:\\\/\\\/www.brokk.com\\\/pl\\\/doskonaly-system-wyburzeniowy\\\/\",\"name\":\"Doskona\u0142y system wyburzeniowy | Brokk Poland\",\"isPartOf\":{\"@id\":\"https:\\\/\\\/www.brokk.com\\\/pl\\\/#website\"},\"primaryImageOfPage\":{\"@id\":\"https:\\\/\\\/www.brokk.com\\\/pl\\\/doskonaly-system-wyburzeniowy\\\/#primaryimage\"},\"image\":{\"@id\":\"https:\\\/\\\/www.brokk.com\\\/pl\\\/doskonaly-system-wyburzeniowy\\\/#primaryimage\"},\"thumbnailUrl\":\"https:\\\/\\\/www.brokk.com\\\/pl\\\/uploads\\\/sites\\\/15\\\/2018\\\/05\\\/4_new_machines-1.jpg\",\"datePublished\":\"2023-05-20T00:53:15+00:00\",\"breadcrumb\":{\"@id\":\"https:\\\/\\\/www.brokk.com\\\/pl\\\/doskonaly-system-wyburzeniowy\\\/#breadcrumb\"},\"inLanguage\":\"pl-PL\",\"potentialAction\":[{\"@type\":\"ReadAction\",\"target\":[\"https:\\\/\\\/www.brokk.com\\\/pl\\\/doskonaly-system-wyburzeniowy\\\/\"]}]},{\"@type\":\"ImageObject\",\"inLanguage\":\"pl-PL\",\"@id\":\"https:\\\/\\\/www.brokk.com\\\/pl\\\/doskonaly-system-wyburzeniowy\\\/#primaryimage\",\"url\":\"https:\\\/\\\/www.brokk.com\\\/pl\\\/uploads\\\/sites\\\/15\\\/2018\\\/05\\\/4_new_machines-1.jpg\",\"contentUrl\":\"https:\\\/\\\/www.brokk.com\\\/pl\\\/uploads\\\/sites\\\/15\\\/2018\\\/05\\\/4_new_machines-1.jpg\",\"width\":1280,\"height\":800},{\"@type\":\"BreadcrumbList\",\"@id\":\"https:\\\/\\\/www.brokk.com\\\/pl\\\/doskonaly-system-wyburzeniowy\\\/#breadcrumb\",\"itemListElement\":[{\"@type\":\"ListItem\",\"position\":1,\"name\":\"Home\",\"item\":\"https:\\\/\\\/www.brokk.com\\\/pl\\\/\"},{\"@type\":\"ListItem\",\"position\":2,\"name\":\"Doskona\u0142y system wyburzeniowy\"}]},{\"@type\":\"WebSite\",\"@id\":\"https:\\\/\\\/www.brokk.com\\\/pl\\\/#website\",\"url\":\"https:\\\/\\\/www.brokk.com\\\/pl\\\/\",\"name\":\"Brokk Poland\",\"description\":\"The definitive demolition solution in Poland\",\"publisher\":{\"@id\":\"https:\\\/\\\/www.brokk.com\\\/pl\\\/#organization\"},\"potentialAction\":[{\"@type\":\"SearchAction\",\"target\":{\"@type\":\"EntryPoint\",\"urlTemplate\":\"https:\\\/\\\/www.brokk.com\\\/pl\\\/?s={search_term_string}\"},\"query-input\":{\"@type\":\"PropertyValueSpecification\",\"valueRequired\":true,\"valueName\":\"search_term_string\"}}],\"inLanguage\":\"pl-PL\"},{\"@type\":\"Organization\",\"@id\":\"https:\\\/\\\/www.brokk.com\\\/pl\\\/#organization\",\"name\":\"Brokk (UK) Ltd\",\"url\":\"https:\\\/\\\/www.brokk.com\\\/pl\\\/\",\"logo\":{\"@type\":\"ImageObject\",\"inLanguage\":\"pl-PL\",\"@id\":\"https:\\\/\\\/www.brokk.com\\\/pl\\\/#\\\/schema\\\/logo\\\/image\\\/\",\"url\":\"https:\\\/\\\/www.brokk.com\\\/uk\\\/uploads\\\/sites\\\/5\\\/2018\\\/11\\\/logo.png\",\"contentUrl\":\"https:\\\/\\\/www.brokk.com\\\/uk\\\/uploads\\\/sites\\\/5\\\/2018\\\/11\\\/logo.png\",\"width\":250,\"height\":65,\"caption\":\"Brokk (UK) Ltd\"},\"image\":{\"@id\":\"https:\\\/\\\/www.brokk.com\\\/pl\\\/#\\\/schema\\\/logo\\\/image\\\/\"},\"sameAs\":[\"http:\\\/\\\/www.facebook.com\\\/pages\\\/Brokk\\\/184270348326912\",\"https:\\\/\\\/www.youtube.com\\\/user\\\/brokkrobots\"]}]}<\/script>\n<!-- \/ Yoast SEO plugin. -->","yoast_head_json":{"title":"Doskona\u0142y system wyburzeniowy | Brokk Poland","robots":{"index":"index","follow":"follow","max-snippet":"max-snippet:-1","max-image-preview":"max-image-preview:large","max-video-preview":"max-video-preview:-1"},"canonical":"https:\/\/www.brokk.com\/pl\/doskonaly-system-wyburzeniowy\/","og_locale":"pl_PL","og_type":"article","og_title":"Doskona\u0142y system wyburzeniowy | Brokk Poland","og_description":"Doskona\u0142y system wyburzeniowy Obecnie Brokk czyni kolejny krok w bran\u017cy inteligentnego wyburzania. Cztery cuda dope\u0142niaj\u0105ce gam\u0119 maszyn, wyposa\u017cone w pierwsze w bran\u017cy rozwi\u0105zania techniczne i funkcje: SmartPower zapewnia rekordow\u0105 wytrzyma\u0142o\u015b\u0107 i niezawodno\u015b\u0107, SmartRemote zapewnia nowy poziom ergonomii i wydajno\u015bci, a\u2026","og_url":"https:\/\/www.brokk.com\/pl\/doskonaly-system-wyburzeniowy\/","og_site_name":"Brokk Poland","article_publisher":"http:\/\/www.facebook.com\/pages\/Brokk\/184270348326912","twitter_card":"summary_large_image","twitter_misc":{"Est. reading time":"1 minute"},"schema":{"@context":"https:\/\/schema.org","@graph":[{"@type":"WebPage","@id":"https:\/\/www.brokk.com\/pl\/doskonaly-system-wyburzeniowy\/","url":"https:\/\/www.brokk.com\/pl\/doskonaly-system-wyburzeniowy\/","name":"Doskona\u0142y system wyburzeniowy | Brokk Poland","isPartOf":{"@id":"https:\/\/www.brokk.com\/pl\/#website"},"primaryImageOfPage":{"@id":"https:\/\/www.brokk.com\/pl\/doskonaly-system-wyburzeniowy\/#primaryimage"},"image":{"@id":"https:\/\/www.brokk.com\/pl\/doskonaly-system-wyburzeniowy\/#primaryimage"},"thumbnailUrl":"https:\/\/www.brokk.com\/pl\/uploads\/sites\/15\/2018\/05\/4_new_machines-1.jpg","datePublished":"2023-05-20T00:53:15+00:00","breadcrumb":{"@id":"https:\/\/www.brokk.com\/pl\/doskonaly-system-wyburzeniowy\/#breadcrumb"},"inLanguage":"pl-PL","potentialAction":[{"@type":"ReadAction","target":["https:\/\/www.brokk.com\/pl\/doskonaly-system-wyburzeniowy\/"]}]},{"@type":"ImageObject","inLanguage":"pl-PL","@id":"https:\/\/www.brokk.com\/pl\/doskonaly-system-wyburzeniowy\/#primaryimage","url":"https:\/\/www.brokk.com\/pl\/uploads\/sites\/15\/2018\/05\/4_new_machines-1.jpg","contentUrl":"https:\/\/www.brokk.com\/pl\/uploads\/sites\/15\/2018\/05\/4_new_machines-1.jpg","width":1280,"height":800},{"@type":"BreadcrumbList","@id":"https:\/\/www.brokk.com\/pl\/doskonaly-system-wyburzeniowy\/#breadcrumb","itemListElement":[{"@type":"ListItem","position":1,"name":"Home","item":"https:\/\/www.brokk.com\/pl\/"},{"@type":"ListItem","position":2,"name":"Doskona\u0142y system wyburzeniowy"}]},{"@type":"WebSite","@id":"https:\/\/www.brokk.com\/pl\/#website","url":"https:\/\/www.brokk.com\/pl\/","name":"Brokk Poland","description":"The definitive demolition solution in Poland","publisher":{"@id":"https:\/\/www.brokk.com\/pl\/#organization"},"potentialAction":[{"@type":"SearchAction","target":{"@type":"EntryPoint","urlTemplate":"https:\/\/www.brokk.com\/pl\/?s={search_term_string}"},"query-input":{"@type":"PropertyValueSpecification","valueRequired":true,"valueName":"search_term_string"}}],"inLanguage":"pl-PL"},{"@type":"Organization","@id":"https:\/\/www.brokk.com\/pl\/#organization","name":"Brokk (UK) Ltd","url":"https:\/\/www.brokk.com\/pl\/","logo":{"@type":"ImageObject","inLanguage":"pl-PL","@id":"https:\/\/www.brokk.com\/pl\/#\/schema\/logo\/image\/","url":"https:\/\/www.brokk.com\/uk\/uploads\/sites\/5\/2018\/11\/logo.png","contentUrl":"https:\/\/www.brokk.com\/uk\/uploads\/sites\/5\/2018\/11\/logo.png","width":250,"height":65,"caption":"Brokk (UK) Ltd"},"image":{"@id":"https:\/\/www.brokk.com\/pl\/#\/schema\/logo\/image\/"},"sameAs":["http:\/\/www.facebook.com\/pages\/Brokk\/184270348326912","https:\/\/www.youtube.com\/user\/brokkrobots"]}]}},"_links":{"self":[{"href":"https:\/\/www.brokk.com\/pl\/wp-json\/wp\/v2\/pages\/5421","targetHints":{"allow":["GET"]}}],"collection":[{"href":"https:\/\/www.brokk.com\/pl\/wp-json\/wp\/v2\/pages"}],"about":[{"href":"https:\/\/www.brokk.com\/pl\/wp-json\/wp\/v2\/types\/page"}],"author":[{"embeddable":true,"href":"https:\/\/www.brokk.com\/pl\/wp-json\/wp\/v2\/users\/2"}],"replies":[{"embeddable":true,"href":"https:\/\/www.brokk.com\/pl\/wp-json\/wp\/v2\/comments?post=5421"}],"version-history":[{"count":0,"href":"https:\/\/www.brokk.com\/pl\/wp-json\/wp\/v2\/pages\/5421\/revisions"}],"wp:featuredmedia":[{"embeddable":true,"href":"https:\/\/www.brokk.com\/pl\/wp-json\/wp\/v2\/media\/5422"}],"wp:attachment":[{"href":"https:\/\/www.brokk.com\/pl\/wp-json\/wp\/v2\/media?parent=5421"}],"curies":[{"name":"wp","href":"https:\/\/api.w.org\/{rel}","templated":true}]}}