{"id":6028,"date":"2024-05-29T12:07:40","date_gmt":"2024-05-29T10:07:40","guid":{"rendered":"https:\/\/www.brokk.com\/pl\/?page_id=6028"},"modified":"2025-05-06T13:51:27","modified_gmt":"2025-05-06T11:51:27","slug":"brokk-smartpowerplus","status":"publish","type":"page","link":"https:\/\/www.brokk.com\/pl\/brokk-smartpowerplus\/","title":{"rendered":"Brokk SmartPower+"},"content":{"rendered":"<div class=\"video-container\"><iframe loading=\"lazy\" title=\"Brokk SmartPower+:  Power and Brains - just unstoppable\" width=\"1024\" height=\"576\" src=\"https:\/\/www.youtube.com\/embed\/8sXoZ127qWc?feature=oembed\" frameborder=\"0\" allow=\"accelerometer; autoplay; clipboard-write; encrypted-media; gyroscope; picture-in-picture; web-share\" referrerpolicy=\"strict-origin-when-cross-origin\" allowfullscreen><\/iframe><\/div>\n<h3>MOC I M\u00d3ZG &#8211; PO PROSTU NIE DO ZATRZYMANIA!<\/h3>\n<p>Brokk wprowadza na rynek SmartPower+, najnowsz\u0105, wiod\u0105c\u0105 w bran\u017cy generacj\u0119 robot\u00f3w. Odkryj prze\u0142omow\u0105 ewolucj\u0119 robot\u00f3w wyburzeniowych dzi\u0119ki SmartPower+, pocz\u0105tkowo dost\u0119pnym w pi\u0119ciu rozmiarach: Brokk 70+, 170+, 200+, 300+ und 500+. SmartPower+ to co\u015b wi\u0119cej ni\u017c tylko ulepszenie, to nowa definicja wytrzyma\u0142o\u015bci, \u0142atwo\u015bci obs\u0142ugi i inteligencji, zapewniaj\u0105ca niezr\u00f3wnan\u0105 wydajno\u015b\u0107 na placach budowy na ca\u0142ym \u015bwiecie. Ta najnowsza generacja zosta\u0142a opracowana w oparciu o specjalistyczn\u0105 wiedz\u0119, na nowo definiuj\u0105c standardy bran\u017cowe.<\/p>\n<p>&nbsp;<\/p>\n<p><img loading=\"lazy\" decoding=\"async\" class=\"alignnone wp-image-6053 size-medium\" style=\"font-size: 1.6rem\" src=\"https:\/\/www.brokk.com\/pl\/uploads\/sites\/15\/2024\/05\/sp_hoods-1-720x480.jpg\" alt=\"\" width=\"720\" height=\"480\" srcset=\"https:\/\/www.brokk.com\/pl\/uploads\/sites\/15\/2024\/05\/sp_hoods-1-720x480.jpg 720w, https:\/\/www.brokk.com\/pl\/uploads\/sites\/15\/2024\/05\/sp_hoods-1-1280x853.jpg 1280w, https:\/\/www.brokk.com\/pl\/uploads\/sites\/15\/2024\/05\/sp_hoods-1-420x280.jpg 420w, https:\/\/www.brokk.com\/pl\/uploads\/sites\/15\/2024\/05\/sp_hoods-1-768x512.jpg 768w, https:\/\/www.brokk.com\/pl\/uploads\/sites\/15\/2024\/05\/sp_hoods-1-480x320.jpg 480w, https:\/\/www.brokk.com\/pl\/uploads\/sites\/15\/2024\/05\/sp_hoods-1-48x32.jpg 48w, https:\/\/www.brokk.com\/pl\/uploads\/sites\/15\/2024\/05\/sp_hoods-1.jpg 1440w\" sizes=\"auto, (max-width: 720px) 100vw, 720px\" \/><\/p>\n<p>&nbsp;<\/p>\n<h3>WYTRZYMA\u0141O\u015a\u0106 O NIEZR\u00d3WNANEJ MOCY<\/h3>\n<p>Roboty SmartPower+ zosta\u0142y opracowane przez naszych ekspert\u00f3w z my\u015bl\u0105 o niezr\u00f3wnanej wydajno\u015bci, umo\u017cliwiaj\u0105c d\u0142u\u017cszy czas pracy bez przestoj\u00f3w i sta\u0142\u0105 moc wyj\u015bciow\u0105 przez d\u0142ugi czas, co skutkuje niezr\u00f3wnan\u0105 wydajno\u015bci\u0105 i niezawodno\u015bci\u0105. Ta najnowsza generacja zapewnia niezr\u00f3wnan\u0105 wydajno\u015b\u0107 i wyznacza bran\u017cowy punkt odniesienia, kt\u00f3ry rewolucjonizuje technologi\u0119 wyburzania.<\/p>\n<p>Roboty SmartPower+ s\u0105 wyposa\u017cone w solidne komponenty, kt\u00f3re spe\u0142niaj\u0105 wysokie standardy Brokk i s\u0105 odporne na wstrz\u0105sy, temperatur\u0119 i wibracje, dzi\u0119ki czemu nadaj\u0105 si\u0119 do szerokiego zakresu zastosowa\u0144 i warunk\u00f3w pracy. Opr\u00f3cz ochrony przed py\u0142em i wod\u0105 odpowiadaj\u0105cej IP65, generacja SmartPower+ firmy Brokk oferuje niezwyk\u0142\u0105 redukcj\u0119 kabli i z\u0142\u0105czy o 87%. Oznacza to nie tylko krok naprz\u00f3d w konserwacji maszyn i rozwi\u0105zywaniu problem\u00f3w, ale tak\u017ce redukuje s\u0142abe punkty i oferuje operatorowi wi\u0119ksz\u0105 wydajno\u015b\u0107 i niezawodno\u015b\u0107.<\/p>\n<p><img loading=\"lazy\" decoding=\"async\" class=\"alignnone wp-image-6057 size-medium\" src=\"https:\/\/www.brokk.com\/pl\/uploads\/sites\/15\/2024\/05\/sp_control_unit-1-720x480.jpg\" alt=\"\" width=\"720\" height=\"480\" srcset=\"https:\/\/www.brokk.com\/pl\/uploads\/sites\/15\/2024\/05\/sp_control_unit-1-720x480.jpg 720w, https:\/\/www.brokk.com\/pl\/uploads\/sites\/15\/2024\/05\/sp_control_unit-1-1280x853.jpg 1280w, https:\/\/www.brokk.com\/pl\/uploads\/sites\/15\/2024\/05\/sp_control_unit-1-420x280.jpg 420w, https:\/\/www.brokk.com\/pl\/uploads\/sites\/15\/2024\/05\/sp_control_unit-1-768x512.jpg 768w, https:\/\/www.brokk.com\/pl\/uploads\/sites\/15\/2024\/05\/sp_control_unit-1-480x320.jpg 480w, https:\/\/www.brokk.com\/pl\/uploads\/sites\/15\/2024\/05\/sp_control_unit-1-48x32.jpg 48w, https:\/\/www.brokk.com\/pl\/uploads\/sites\/15\/2024\/05\/sp_control_unit-1.jpg 1440w\" sizes=\"auto, (max-width: 720px) 100vw, 720px\" \/><\/p>\n<p>&nbsp;<\/p>\n<h3>RADO\u015a\u0106 S\u0141U\u017bENIA<\/h3>\n<p>Generacja SmartPower+ firmy Brokk posiada now\u0105, lekk\u0105 skrzynk\u0119 kontroln\u0105 wa\u017c\u0105c\u0105 mniej ni\u017c 3 kg. Opr\u00f3cz nowej ergonomicznej konstrukcji, skrzynka kontrolna SmartPower+ jest wyposa\u017cona w pochylane joysticki, \u0142atwo dost\u0119pne funkcje i szybsze podw\u00f3jne \u0142adowanie, co zapewnia znacznie wygodniejsz\u0105 i wydajniejsz\u0105 prac\u0119 zar\u00f3wno do\u015bwiadczonym profesjonalistom, jak i nowym operatorom. Precyzja, lepsze czasy reakcji i \u0142atwo\u015b\u0107 obs\u0142ugi przyczyniaj\u0105 si\u0119 do nowego punktu odniesienia w bran\u017cy wyburzeniowej dzi\u0119ki Brokk SmartPower+.<\/p>\n<p>Najnowsza skrzynka kontrolna Brokk jest wyposa\u017cona w o\u015bwietlenie operatora, kt\u00f3re zapewnia bardziej wydajne i bezpieczniejsze korzystanie z robota. Podw\u00f3jne funkcje \u0142adowania zapewniaj\u0105 kr\u00f3tszy czas \u0142adowania, a lekka konstrukcja i du\u017cy prze\u015bwit na nadgarstek pozwalaj\u0105 operatorowi z \u0142atwo\u015bci\u0105 prze\u0142\u0105cza\u0107 si\u0119 mi\u0119dzy ustawieniami. Skrzynka kontrolna SmartPower+ firmy Brokk jest wyposa\u017cona w innowacyjny prze\u0142\u0105cznik Brokk QuickSwitch i intuicyjne ustawienia zapewniaj\u0105ce lepsze wra\u017cenia operatora, dzi\u0119ki czemu obs\u0142uga robota Brokk jest \u0142atwiejsza ni\u017c kiedykolwiek. \u0141atwo\u015b\u0107 obs\u0142ugi u\u0142atwia r\u00f3wnie\u017c znalezienie i przeszkolenie nowych operator\u00f3w.<\/p>\n<p>Do\u015bwiadczenie operatora z robotami SmartPower+ charakteryzuje si\u0119 przede wszystkim precyzj\u0105 i skr\u00f3conym czasem reakcji. Dzi\u0119ki najnowszej generacji robot\u00f3w Brokk operatorzy nie musz\u0105 ju\u017c podchodzi\u0107 do maszyny w celu wprowadzenia ustawie\u0144 cz\u0119stotliwo\u015bci radiowej, co pozwala im wygodnie i bezpiecznie sterowa\u0107 robotem bezpo\u015brednio z panelu sterowania. To nie tylko zwi\u0119ksza komfort, ale tak\u017ce przyczynia si\u0119 do przyjemniejszej i wydajniejszej pracy operatora.<\/p>\n<p>&nbsp;<\/p>\n<p>&nbsp;<\/p>\n<h2>INTELIGENCJA W SERCU MASZYNY<\/h2>\n<p>Inteligencja generacji SmartPower+ firmy Brokk przenosi interakcj\u0119 mi\u0119dzy operatorem a maszyn\u0105 na nowy poziom. Liczne wizualne funkcje komunikacji statusu &#8211; w szczeg\u00f3lno\u015bci przyrostowe wska\u017aniki \u015bwietlne &#8211; zapewniaj\u0105 p\u0142ynn\u0105 komunikacj\u0119, jednocze\u015bnie pozwalaj\u0105c operatorowi skupi\u0107 swoj\u0105 uwag\u0119 na maszynie zamiast ci\u0105g\u0142ego monitorowania panelu sterowania. Wprowadzenie zaawansowanego dwukierunkowego systemu interakcji pozwala robotowi Brokk SmartPower+ komunikowa\u0107 sw\u00f3j status operatorowi w czasie rzeczywistym, umo\u017cliwiaj\u0105c konserwacj\u0119 zapobiegawcz\u0105 i predykcyjn\u0105 w celu poprawy opieki operacyjnej i bezpiecze\u0144stwa.<\/p>\n<p>Dostosowane funkcje i przyjazny dla u\u017cytkownika interfejs zwi\u0119kszaj\u0105 komfort pracy operatora, a wst\u0119pne ustawienia osprz\u0119tu umo\u017cliwiaj\u0105 szybki i bezproblemowy wyb\u00f3r. \u0141\u0105czno\u015b\u0107 jest dodatkowo zwi\u0119kszona dzi\u0119ki integracji z MyBrokk i potr\u00f3jnej liczbie czujnik\u00f3w, co dodatkowo wzmacnia najnowsz\u0105 generacj\u0119 robot\u00f3w Brokk zbudowanych z bezkompromisow\u0105 jako\u015bci\u0105. Generacja SmartPower+ firmy Brokk zawiera komponenty, kt\u00f3re s\u0105 r\u00f3wnie\u017c p\u0142ynnie zoptymalizowane pod k\u0105tem przysz\u0142ych aktualizacji poprzez integracj\u0119 w chmurze, aby pozosta\u0107 w czo\u0142\u00f3wce bran\u017cy.<\/p>\n<p>SmartPower+ rozszerza swoj\u0105 inteligencj\u0119 na interfejs u\u017cytkownika i oferuje opcje dostosowywania w pi\u0119ciu r\u00f3\u017cnych krokach. Ten przyjazny dla u\u017cytkownika interfejs umo\u017cliwia operatorowi \u0142atwe dostosowanie ustawie\u0144 do w\u0142asnych preferencji, zapewniaj\u0105c bardziej intuicyjn\u0105 i wydajn\u0105 obs\u0142ug\u0119. Wprowadzenie zaprogramowanych ustawie\u0144 osprz\u0119tu dodatkowo optymalizuje prac\u0119 i zapewnia operatorowi funkcje szybkiego wybierania na panelu sterowania w celu szybkiego i bezproblemowego wyboru.<\/p>\n<p>&nbsp;<\/p>\n<h2>PRZE\u0141OMOWA ZMIANA<\/h2>\n<p>Brokk SmartPower+ to co\u015b wi\u0119cej ni\u017c tylko aktualizacja oprogramowania; to prze\u0142omowa zmiana w technologii wyburzania. Od wytrzyma\u0142o\u015bci, przez inteligencj\u0119, po czyst\u0105 rado\u015b\u0107 z obs\u0142ugi, roboty SmartPower+ s\u0105 \u015bwiadectwem misji Brokk polegaj\u0105cej na przekraczaniu granic i dostarczaniu operatorom narz\u0119dzia, kt\u00f3re nie tylko spe\u0142nia, ale przekracza ich oczekiwania.<\/p>\n<p><strong>Witamy w przysz\u0142o\u015bci zdalnie sterowanego wyburzania!<\/strong><\/p>\n<p>&nbsp;<\/p>\n<p><img loading=\"lazy\" decoding=\"async\" class=\"alignnone size-medium wp-image-6059\" src=\"https:\/\/www.brokk.com\/pl\/uploads\/sites\/15\/2024\/05\/sp_cablecarrier-1-720x481.jpg\" alt=\"\" width=\"720\" height=\"481\" srcset=\"https:\/\/www.brokk.com\/pl\/uploads\/sites\/15\/2024\/05\/sp_cablecarrier-1-720x481.jpg 720w, https:\/\/www.brokk.com\/pl\/uploads\/sites\/15\/2024\/05\/sp_cablecarrier-1-1280x856.jpg 1280w, https:\/\/www.brokk.com\/pl\/uploads\/sites\/15\/2024\/05\/sp_cablecarrier-1-420x280.jpg 420w, https:\/\/www.brokk.com\/pl\/uploads\/sites\/15\/2024\/05\/sp_cablecarrier-1-768x513.jpg 768w, https:\/\/www.brokk.com\/pl\/uploads\/sites\/15\/2024\/05\/sp_cablecarrier-1-480x321.jpg 480w, https:\/\/www.brokk.com\/pl\/uploads\/sites\/15\/2024\/05\/sp_cablecarrier-1-48x32.jpg 48w, https:\/\/www.brokk.com\/pl\/uploads\/sites\/15\/2024\/05\/sp_cablecarrier-1.jpg 1436w\" sizes=\"auto, (max-width: 720px) 100vw, 720px\" \/><\/p>\n","protected":false},"excerpt":{"rendered":"<p>W Brokk SmartConcept zebrali\u015bmy innowacje w trzech kluczowych obszarach. Razem s\u0105 nie do pokonania.<\/p>\n","protected":false},"author":48,"featured_media":6051,"parent":0,"menu_order":77,"comment_status":"closed","ping_status":"closed","template":"page-templates\/landing.php","meta":{"_acf_changed":false,"_relevanssi_hide_post":"","_relevanssi_hide_content":"","_relevanssi_pin_for_all":"","_relevanssi_pin_keywords":"","_relevanssi_unpin_keywords":"","_relevanssi_related_keywords":"","_relevanssi_related_include_ids":"","_relevanssi_related_exclude_ids":"","_relevanssi_related_no_append":"","_relevanssi_related_not_related":"","_relevanssi_related_posts":"","_relevanssi_noindex_reason":"","footnotes":""},"class_list":["post-6028","page","type-page","status-publish","has-post-thumbnail","hentry"],"acf":[],"yoast_head":"<!-- This site is optimized with the Yoast SEO plugin v27.3 - https:\/\/yoast.com\/product\/yoast-seo-wordpress\/ -->\n<title>Brokk SmartPower+ | Brokk Poland<\/title>\n<meta name=\"robots\" content=\"index, follow, max-snippet:-1, max-image-preview:large, max-video-preview:-1\" \/>\n<link rel=\"canonical\" href=\"https:\/\/www.brokk.com\/pl\/brokk-smartpowerplus\/\" \/>\n<meta property=\"og:locale\" content=\"pl_PL\" \/>\n<meta property=\"og:type\" content=\"article\" \/>\n<meta property=\"og:title\" content=\"Brokk SmartPower+ | Brokk Poland\" \/>\n<meta property=\"og:description\" content=\"W Brokk SmartConcept zebrali\u015bmy innowacje w trzech kluczowych obszarach. Razem s\u0105 nie do pokonania.\" \/>\n<meta property=\"og:url\" content=\"https:\/\/www.brokk.com\/pl\/brokk-smartpowerplus\/\" \/>\n<meta property=\"og:site_name\" content=\"Brokk Poland\" \/>\n<meta property=\"article:publisher\" content=\"http:\/\/www.facebook.com\/pages\/Brokk\/184270348326912\" \/>\n<meta property=\"article:modified_time\" content=\"2025-05-06T11:51:27+00:00\" \/>\n<meta property=\"og:image\" content=\"https:\/\/www.brokk.com\/pl\/uploads\/sites\/15\/2024\/05\/smartpowerplus-1.jpg\" \/>\n\t<meta property=\"og:image:width\" content=\"1440\" \/>\n\t<meta property=\"og:image:height\" content=\"960\" \/>\n\t<meta property=\"og:image:type\" content=\"image\/jpeg\" \/>\n<meta name=\"twitter:card\" content=\"summary_large_image\" \/>\n<meta name=\"twitter:label1\" content=\"Est. reading time\" \/>\n\t<meta name=\"twitter:data1\" content=\"6 minutes\" \/>\n<script type=\"application\/ld+json\" class=\"yoast-schema-graph\">{\"@context\":\"https:\\\/\\\/schema.org\",\"@graph\":[{\"@type\":\"WebPage\",\"@id\":\"https:\\\/\\\/www.brokk.com\\\/pl\\\/brokk-smartpowerplus\\\/\",\"url\":\"https:\\\/\\\/www.brokk.com\\\/pl\\\/brokk-smartpowerplus\\\/\",\"name\":\"Brokk SmartPower+ | Brokk Poland\",\"isPartOf\":{\"@id\":\"https:\\\/\\\/www.brokk.com\\\/pl\\\/#website\"},\"primaryImageOfPage\":{\"@id\":\"https:\\\/\\\/www.brokk.com\\\/pl\\\/brokk-smartpowerplus\\\/#primaryimage\"},\"image\":{\"@id\":\"https:\\\/\\\/www.brokk.com\\\/pl\\\/brokk-smartpowerplus\\\/#primaryimage\"},\"thumbnailUrl\":\"https:\\\/\\\/www.brokk.com\\\/pl\\\/uploads\\\/sites\\\/15\\\/2024\\\/05\\\/smartpowerplus-1.jpg\",\"datePublished\":\"2024-05-29T10:07:40+00:00\",\"dateModified\":\"2025-05-06T11:51:27+00:00\",\"breadcrumb\":{\"@id\":\"https:\\\/\\\/www.brokk.com\\\/pl\\\/brokk-smartpowerplus\\\/#breadcrumb\"},\"inLanguage\":\"pl-PL\",\"potentialAction\":[{\"@type\":\"ReadAction\",\"target\":[\"https:\\\/\\\/www.brokk.com\\\/pl\\\/brokk-smartpowerplus\\\/\"]}]},{\"@type\":\"ImageObject\",\"inLanguage\":\"pl-PL\",\"@id\":\"https:\\\/\\\/www.brokk.com\\\/pl\\\/brokk-smartpowerplus\\\/#primaryimage\",\"url\":\"https:\\\/\\\/www.brokk.com\\\/pl\\\/uploads\\\/sites\\\/15\\\/2024\\\/05\\\/smartpowerplus-1.jpg\",\"contentUrl\":\"https:\\\/\\\/www.brokk.com\\\/pl\\\/uploads\\\/sites\\\/15\\\/2024\\\/05\\\/smartpowerplus-1.jpg\",\"width\":1440,\"height\":960},{\"@type\":\"BreadcrumbList\",\"@id\":\"https:\\\/\\\/www.brokk.com\\\/pl\\\/brokk-smartpowerplus\\\/#breadcrumb\",\"itemListElement\":[{\"@type\":\"ListItem\",\"position\":1,\"name\":\"Home\",\"item\":\"https:\\\/\\\/www.brokk.com\\\/pl\\\/\"},{\"@type\":\"ListItem\",\"position\":2,\"name\":\"Brokk SmartPower+\"}]},{\"@type\":\"WebSite\",\"@id\":\"https:\\\/\\\/www.brokk.com\\\/pl\\\/#website\",\"url\":\"https:\\\/\\\/www.brokk.com\\\/pl\\\/\",\"name\":\"Brokk Poland\",\"description\":\"The definitive demolition solution in Poland\",\"publisher\":{\"@id\":\"https:\\\/\\\/www.brokk.com\\\/pl\\\/#organization\"},\"potentialAction\":[{\"@type\":\"SearchAction\",\"target\":{\"@type\":\"EntryPoint\",\"urlTemplate\":\"https:\\\/\\\/www.brokk.com\\\/pl\\\/?s={search_term_string}\"},\"query-input\":{\"@type\":\"PropertyValueSpecification\",\"valueRequired\":true,\"valueName\":\"search_term_string\"}}],\"inLanguage\":\"pl-PL\"},{\"@type\":\"Organization\",\"@id\":\"https:\\\/\\\/www.brokk.com\\\/pl\\\/#organization\",\"name\":\"Brokk (UK) Ltd\",\"url\":\"https:\\\/\\\/www.brokk.com\\\/pl\\\/\",\"logo\":{\"@type\":\"ImageObject\",\"inLanguage\":\"pl-PL\",\"@id\":\"https:\\\/\\\/www.brokk.com\\\/pl\\\/#\\\/schema\\\/logo\\\/image\\\/\",\"url\":\"https:\\\/\\\/www.brokk.com\\\/uk\\\/uploads\\\/sites\\\/5\\\/2018\\\/11\\\/logo.png\",\"contentUrl\":\"https:\\\/\\\/www.brokk.com\\\/uk\\\/uploads\\\/sites\\\/5\\\/2018\\\/11\\\/logo.png\",\"width\":250,\"height\":65,\"caption\":\"Brokk (UK) Ltd\"},\"image\":{\"@id\":\"https:\\\/\\\/www.brokk.com\\\/pl\\\/#\\\/schema\\\/logo\\\/image\\\/\"},\"sameAs\":[\"http:\\\/\\\/www.facebook.com\\\/pages\\\/Brokk\\\/184270348326912\",\"https:\\\/\\\/www.youtube.com\\\/user\\\/brokkrobots\"]}]}<\/script>\n<!-- \/ Yoast SEO plugin. -->","yoast_head_json":{"title":"Brokk SmartPower+ | Brokk Poland","robots":{"index":"index","follow":"follow","max-snippet":"max-snippet:-1","max-image-preview":"max-image-preview:large","max-video-preview":"max-video-preview:-1"},"canonical":"https:\/\/www.brokk.com\/pl\/brokk-smartpowerplus\/","og_locale":"pl_PL","og_type":"article","og_title":"Brokk SmartPower+ | Brokk Poland","og_description":"W Brokk SmartConcept zebrali\u015bmy innowacje w trzech kluczowych obszarach. Razem s\u0105 nie do pokonania.","og_url":"https:\/\/www.brokk.com\/pl\/brokk-smartpowerplus\/","og_site_name":"Brokk Poland","article_publisher":"http:\/\/www.facebook.com\/pages\/Brokk\/184270348326912","article_modified_time":"2025-05-06T11:51:27+00:00","og_image":[{"width":1440,"height":960,"url":"https:\/\/www.brokk.com\/pl\/uploads\/sites\/15\/2024\/05\/smartpowerplus-1.jpg","type":"image\/jpeg"}],"twitter_card":"summary_large_image","twitter_misc":{"Est. reading time":"6 minutes"},"schema":{"@context":"https:\/\/schema.org","@graph":[{"@type":"WebPage","@id":"https:\/\/www.brokk.com\/pl\/brokk-smartpowerplus\/","url":"https:\/\/www.brokk.com\/pl\/brokk-smartpowerplus\/","name":"Brokk SmartPower+ | Brokk Poland","isPartOf":{"@id":"https:\/\/www.brokk.com\/pl\/#website"},"primaryImageOfPage":{"@id":"https:\/\/www.brokk.com\/pl\/brokk-smartpowerplus\/#primaryimage"},"image":{"@id":"https:\/\/www.brokk.com\/pl\/brokk-smartpowerplus\/#primaryimage"},"thumbnailUrl":"https:\/\/www.brokk.com\/pl\/uploads\/sites\/15\/2024\/05\/smartpowerplus-1.jpg","datePublished":"2024-05-29T10:07:40+00:00","dateModified":"2025-05-06T11:51:27+00:00","breadcrumb":{"@id":"https:\/\/www.brokk.com\/pl\/brokk-smartpowerplus\/#breadcrumb"},"inLanguage":"pl-PL","potentialAction":[{"@type":"ReadAction","target":["https:\/\/www.brokk.com\/pl\/brokk-smartpowerplus\/"]}]},{"@type":"ImageObject","inLanguage":"pl-PL","@id":"https:\/\/www.brokk.com\/pl\/brokk-smartpowerplus\/#primaryimage","url":"https:\/\/www.brokk.com\/pl\/uploads\/sites\/15\/2024\/05\/smartpowerplus-1.jpg","contentUrl":"https:\/\/www.brokk.com\/pl\/uploads\/sites\/15\/2024\/05\/smartpowerplus-1.jpg","width":1440,"height":960},{"@type":"BreadcrumbList","@id":"https:\/\/www.brokk.com\/pl\/brokk-smartpowerplus\/#breadcrumb","itemListElement":[{"@type":"ListItem","position":1,"name":"Home","item":"https:\/\/www.brokk.com\/pl\/"},{"@type":"ListItem","position":2,"name":"Brokk SmartPower+"}]},{"@type":"WebSite","@id":"https:\/\/www.brokk.com\/pl\/#website","url":"https:\/\/www.brokk.com\/pl\/","name":"Brokk Poland","description":"The definitive demolition solution in Poland","publisher":{"@id":"https:\/\/www.brokk.com\/pl\/#organization"},"potentialAction":[{"@type":"SearchAction","target":{"@type":"EntryPoint","urlTemplate":"https:\/\/www.brokk.com\/pl\/?s={search_term_string}"},"query-input":{"@type":"PropertyValueSpecification","valueRequired":true,"valueName":"search_term_string"}}],"inLanguage":"pl-PL"},{"@type":"Organization","@id":"https:\/\/www.brokk.com\/pl\/#organization","name":"Brokk (UK) Ltd","url":"https:\/\/www.brokk.com\/pl\/","logo":{"@type":"ImageObject","inLanguage":"pl-PL","@id":"https:\/\/www.brokk.com\/pl\/#\/schema\/logo\/image\/","url":"https:\/\/www.brokk.com\/uk\/uploads\/sites\/5\/2018\/11\/logo.png","contentUrl":"https:\/\/www.brokk.com\/uk\/uploads\/sites\/5\/2018\/11\/logo.png","width":250,"height":65,"caption":"Brokk (UK) Ltd"},"image":{"@id":"https:\/\/www.brokk.com\/pl\/#\/schema\/logo\/image\/"},"sameAs":["http:\/\/www.facebook.com\/pages\/Brokk\/184270348326912","https:\/\/www.youtube.com\/user\/brokkrobots"]}]}},"_links":{"self":[{"href":"https:\/\/www.brokk.com\/pl\/wp-json\/wp\/v2\/pages\/6028","targetHints":{"allow":["GET"]}}],"collection":[{"href":"https:\/\/www.brokk.com\/pl\/wp-json\/wp\/v2\/pages"}],"about":[{"href":"https:\/\/www.brokk.com\/pl\/wp-json\/wp\/v2\/types\/page"}],"author":[{"embeddable":true,"href":"https:\/\/www.brokk.com\/pl\/wp-json\/wp\/v2\/users\/48"}],"replies":[{"embeddable":true,"href":"https:\/\/www.brokk.com\/pl\/wp-json\/wp\/v2\/comments?post=6028"}],"version-history":[{"count":6,"href":"https:\/\/www.brokk.com\/pl\/wp-json\/wp\/v2\/pages\/6028\/revisions"}],"predecessor-version":[{"id":6353,"href":"https:\/\/www.brokk.com\/pl\/wp-json\/wp\/v2\/pages\/6028\/revisions\/6353"}],"wp:featuredmedia":[{"embeddable":true,"href":"https:\/\/www.brokk.com\/pl\/wp-json\/wp\/v2\/media\/6051"}],"wp:attachment":[{"href":"https:\/\/www.brokk.com\/pl\/wp-json\/wp\/v2\/media?parent=6028"}],"curies":[{"name":"wp","href":"https:\/\/api.w.org\/{rel}","templated":true}]}}