{"id":5634,"date":"2023-05-21T00:43:38","date_gmt":"2023-05-20T23:43:38","guid":{"rendered":"https:\/\/www.brokk.com\/pl\/product\/brokk-110\/"},"modified":"2023-09-05T09:58:09","modified_gmt":"2023-09-05T08:58:09","slug":"brokk-110","status":"publish","type":"product","link":"https:\/\/www.brokk.com\/pl\/product\/brokk-110\/","title":{"rendered":"Brokk 110"},"excerpt":{"rendered":"<p>Silniejszy, m\u0105drzejszy, bardziej wytrzyma\u0142y i wszechstronny. W wiod\u0105cym w bran\u017cy kompaktowym rozmiarze.<\/p>\n","protected":false},"parent":0,"menu_order":25,"template":"","class_list":["post-5634","product","type-product","status-publish","has-post-thumbnail","hentry","product_feature-smartpower","product_feature-niezrownana-sprawnosc-chlodzenia","product_feature-pojemnik-na-smar-duzej-wielkosci","product_feature-unikalny-system-sterowania-brokk","product_feature-codzienna-konserwacja-oslony-zalozone"],"acf":[],"yoast_head":"<!-- This site is optimized with the Yoast SEO plugin v27.0 - https:\/\/yoast.com\/product\/yoast-seo-wordpress\/ -->\n<title>Brokk 110 | Brokk Poland<\/title>\n<meta name=\"robots\" content=\"index, follow, max-snippet:-1, max-image-preview:large, max-video-preview:-1\" \/>\n<link rel=\"canonical\" href=\"https:\/\/www.brokk.com\/pl\/product\/brokk-110\/\" \/>\n<meta property=\"og:locale\" content=\"pl_PL\" \/>\n<meta property=\"og:type\" content=\"article\" \/>\n<meta property=\"og:title\" content=\"Brokk 110 | Brokk Poland\" \/>\n<meta property=\"og:description\" content=\"Silniejszy, m\u0105drzejszy, bardziej wytrzyma\u0142y i wszechstronny. W wiod\u0105cym w bran\u017cy kompaktowym rozmiarze.\" \/>\n<meta property=\"og:url\" content=\"https:\/\/www.brokk.com\/pl\/product\/brokk-110\/\" \/>\n<meta property=\"og:site_name\" content=\"Brokk Poland\" \/>\n<meta property=\"article:publisher\" content=\"http:\/\/www.facebook.com\/pages\/Brokk\/184270348326912\" \/>\n<meta property=\"article:modified_time\" content=\"2023-09-05T08:58:09+00:00\" \/>\n<meta property=\"og:image\" content=\"https:\/\/www.brokk.com\/pl\/uploads\/sites\/15\/2018\/03\/brokk110_product_hero.jpg\" \/>\n\t<meta property=\"og:image:width\" content=\"2560\" \/>\n\t<meta property=\"og:image:height\" content=\"1096\" \/>\n\t<meta property=\"og:image:type\" content=\"image\/jpeg\" \/>\n<meta name=\"twitter:card\" content=\"summary_large_image\" \/>\n<script type=\"application\/ld+json\" class=\"yoast-schema-graph\">{\"@context\":\"https:\/\/schema.org\",\"@graph\":[{\"@type\":\"WebPage\",\"@id\":\"https:\/\/www.brokk.com\/pl\/product\/brokk-110\/\",\"url\":\"https:\/\/www.brokk.com\/pl\/product\/brokk-110\/\",\"name\":\"Brokk 110 | Brokk Poland\",\"isPartOf\":{\"@id\":\"https:\/\/www.brokk.com\/pl\/#website\"},\"primaryImageOfPage\":{\"@id\":\"https:\/\/www.brokk.com\/pl\/product\/brokk-110\/#primaryimage\"},\"image\":{\"@id\":\"https:\/\/www.brokk.com\/pl\/product\/brokk-110\/#primaryimage\"},\"thumbnailUrl\":\"https:\/\/www.brokk.com\/pl\/uploads\/sites\/15\/2018\/03\/brokk110_product_hero.jpg\",\"datePublished\":\"2023-05-20T23:43:38+00:00\",\"dateModified\":\"2023-09-05T08:58:09+00:00\",\"breadcrumb\":{\"@id\":\"https:\/\/www.brokk.com\/pl\/product\/brokk-110\/#breadcrumb\"},\"inLanguage\":\"pl-PL\",\"potentialAction\":[{\"@type\":\"ReadAction\",\"target\":[\"https:\/\/www.brokk.com\/pl\/product\/brokk-110\/\"]}]},{\"@type\":\"ImageObject\",\"inLanguage\":\"pl-PL\",\"@id\":\"https:\/\/www.brokk.com\/pl\/product\/brokk-110\/#primaryimage\",\"url\":\"https:\/\/www.brokk.com\/pl\/uploads\/sites\/15\/2018\/03\/brokk110_product_hero.jpg\",\"contentUrl\":\"https:\/\/www.brokk.com\/pl\/uploads\/sites\/15\/2018\/03\/brokk110_product_hero.jpg\",\"width\":2560,\"height\":1096},{\"@type\":\"BreadcrumbList\",\"@id\":\"https:\/\/www.brokk.com\/pl\/product\/brokk-110\/#breadcrumb\",\"itemListElement\":[{\"@type\":\"ListItem\",\"position\":1,\"name\":\"Home\",\"item\":\"https:\/\/www.brokk.com\/pl\/\"},{\"@type\":\"ListItem\",\"position\":2,\"name\":\"Produkty\",\"item\":\"https:\/\/www.brokk.com\/pl\/product\/\"},{\"@type\":\"ListItem\",\"position\":3,\"name\":\"Brokk 110\"}]},{\"@type\":\"WebSite\",\"@id\":\"https:\/\/www.brokk.com\/pl\/#website\",\"url\":\"https:\/\/www.brokk.com\/pl\/\",\"name\":\"Brokk Poland\",\"description\":\"The definitive demolition solution in Poland\",\"publisher\":{\"@id\":\"https:\/\/www.brokk.com\/pl\/#organization\"},\"potentialAction\":[{\"@type\":\"SearchAction\",\"target\":{\"@type\":\"EntryPoint\",\"urlTemplate\":\"https:\/\/www.brokk.com\/pl\/?s={search_term_string}\"},\"query-input\":{\"@type\":\"PropertyValueSpecification\",\"valueRequired\":true,\"valueName\":\"search_term_string\"}}],\"inLanguage\":\"pl-PL\"},{\"@type\":\"Organization\",\"@id\":\"https:\/\/www.brokk.com\/pl\/#organization\",\"name\":\"Brokk (UK) Ltd\",\"url\":\"https:\/\/www.brokk.com\/pl\/\",\"logo\":{\"@type\":\"ImageObject\",\"inLanguage\":\"pl-PL\",\"@id\":\"https:\/\/www.brokk.com\/pl\/#\/schema\/logo\/image\/\",\"url\":\"https:\/\/www.brokk.com\/uk\/uploads\/sites\/5\/2018\/11\/logo.png\",\"contentUrl\":\"https:\/\/www.brokk.com\/uk\/uploads\/sites\/5\/2018\/11\/logo.png\",\"width\":250,\"height\":65,\"caption\":\"Brokk (UK) Ltd\"},\"image\":{\"@id\":\"https:\/\/www.brokk.com\/pl\/#\/schema\/logo\/image\/\"},\"sameAs\":[\"http:\/\/www.facebook.com\/pages\/Brokk\/184270348326912\",\"https:\/\/www.youtube.com\/user\/brokkrobots\"]}]}<\/script>\n<!-- \/ Yoast SEO plugin. -->","yoast_head_json":{"title":"Brokk 110 | Brokk Poland","robots":{"index":"index","follow":"follow","max-snippet":"max-snippet:-1","max-image-preview":"max-image-preview:large","max-video-preview":"max-video-preview:-1"},"canonical":"https:\/\/www.brokk.com\/pl\/product\/brokk-110\/","og_locale":"pl_PL","og_type":"article","og_title":"Brokk 110 | Brokk Poland","og_description":"Silniejszy, m\u0105drzejszy, bardziej wytrzyma\u0142y i wszechstronny. W wiod\u0105cym w bran\u017cy kompaktowym rozmiarze.","og_url":"https:\/\/www.brokk.com\/pl\/product\/brokk-110\/","og_site_name":"Brokk Poland","article_publisher":"http:\/\/www.facebook.com\/pages\/Brokk\/184270348326912","article_modified_time":"2023-09-05T08:58:09+00:00","og_image":[{"width":2560,"height":1096,"url":"https:\/\/www.brokk.com\/pl\/uploads\/sites\/15\/2018\/03\/brokk110_product_hero.jpg","type":"image\/jpeg"}],"twitter_card":"summary_large_image","schema":{"@context":"https:\/\/schema.org","@graph":[{"@type":"WebPage","@id":"https:\/\/www.brokk.com\/pl\/product\/brokk-110\/","url":"https:\/\/www.brokk.com\/pl\/product\/brokk-110\/","name":"Brokk 110 | Brokk Poland","isPartOf":{"@id":"https:\/\/www.brokk.com\/pl\/#website"},"primaryImageOfPage":{"@id":"https:\/\/www.brokk.com\/pl\/product\/brokk-110\/#primaryimage"},"image":{"@id":"https:\/\/www.brokk.com\/pl\/product\/brokk-110\/#primaryimage"},"thumbnailUrl":"https:\/\/www.brokk.com\/pl\/uploads\/sites\/15\/2018\/03\/brokk110_product_hero.jpg","datePublished":"2023-05-20T23:43:38+00:00","dateModified":"2023-09-05T08:58:09+00:00","breadcrumb":{"@id":"https:\/\/www.brokk.com\/pl\/product\/brokk-110\/#breadcrumb"},"inLanguage":"pl-PL","potentialAction":[{"@type":"ReadAction","target":["https:\/\/www.brokk.com\/pl\/product\/brokk-110\/"]}]},{"@type":"ImageObject","inLanguage":"pl-PL","@id":"https:\/\/www.brokk.com\/pl\/product\/brokk-110\/#primaryimage","url":"https:\/\/www.brokk.com\/pl\/uploads\/sites\/15\/2018\/03\/brokk110_product_hero.jpg","contentUrl":"https:\/\/www.brokk.com\/pl\/uploads\/sites\/15\/2018\/03\/brokk110_product_hero.jpg","width":2560,"height":1096},{"@type":"BreadcrumbList","@id":"https:\/\/www.brokk.com\/pl\/product\/brokk-110\/#breadcrumb","itemListElement":[{"@type":"ListItem","position":1,"name":"Home","item":"https:\/\/www.brokk.com\/pl\/"},{"@type":"ListItem","position":2,"name":"Produkty","item":"https:\/\/www.brokk.com\/pl\/product\/"},{"@type":"ListItem","position":3,"name":"Brokk 110"}]},{"@type":"WebSite","@id":"https:\/\/www.brokk.com\/pl\/#website","url":"https:\/\/www.brokk.com\/pl\/","name":"Brokk Poland","description":"The definitive demolition solution in Poland","publisher":{"@id":"https:\/\/www.brokk.com\/pl\/#organization"},"potentialAction":[{"@type":"SearchAction","target":{"@type":"EntryPoint","urlTemplate":"https:\/\/www.brokk.com\/pl\/?s={search_term_string}"},"query-input":{"@type":"PropertyValueSpecification","valueRequired":true,"valueName":"search_term_string"}}],"inLanguage":"pl-PL"},{"@type":"Organization","@id":"https:\/\/www.brokk.com\/pl\/#organization","name":"Brokk (UK) Ltd","url":"https:\/\/www.brokk.com\/pl\/","logo":{"@type":"ImageObject","inLanguage":"pl-PL","@id":"https:\/\/www.brokk.com\/pl\/#\/schema\/logo\/image\/","url":"https:\/\/www.brokk.com\/uk\/uploads\/sites\/5\/2018\/11\/logo.png","contentUrl":"https:\/\/www.brokk.com\/uk\/uploads\/sites\/5\/2018\/11\/logo.png","width":250,"height":65,"caption":"Brokk (UK) Ltd"},"image":{"@id":"https:\/\/www.brokk.com\/pl\/#\/schema\/logo\/image\/"},"sameAs":["http:\/\/www.facebook.com\/pages\/Brokk\/184270348326912","https:\/\/www.youtube.com\/user\/brokkrobots"]}]}},"_links":{"self":[{"href":"https:\/\/www.brokk.com\/pl\/wp-json\/wp\/v2\/product\/5634","targetHints":{"allow":["GET"]}}],"collection":[{"href":"https:\/\/www.brokk.com\/pl\/wp-json\/wp\/v2\/product"}],"about":[{"href":"https:\/\/www.brokk.com\/pl\/wp-json\/wp\/v2\/types\/product"}],"version-history":[{"count":3,"href":"https:\/\/www.brokk.com\/pl\/wp-json\/wp\/v2\/product\/5634\/revisions"}],"predecessor-version":[{"id":5840,"href":"https:\/\/www.brokk.com\/pl\/wp-json\/wp\/v2\/product\/5634\/revisions\/5840"}],"wp:featuredmedia":[{"embeddable":true,"href":"https:\/\/www.brokk.com\/pl\/wp-json\/wp\/v2\/media\/5642"}],"wp:attachment":[{"href":"https:\/\/www.brokk.com\/pl\/wp-json\/wp\/v2\/media?parent=5634"}],"curies":[{"name":"wp","href":"https:\/\/api.w.org\/{rel}","templated":true}]}}