{"id":1580,"date":"2018-03-09T15:32:23","date_gmt":"2018-03-09T15:32:23","guid":{"rendered":"https:\/\/www.brokk.com\/?page_id=1580"},"modified":"2019-05-13T14:40:41","modified_gmt":"2019-05-13T13:40:41","slug":"campaign-page-1","status":"publish","type":"page","link":"https:\/\/www.brokk.com\/sv\/campaign-page-1\/","title":{"rendered":"4 nya maskiner"},"content":{"rendered":"<h3><strong>Den definitiva rivningsl\u00f6sningen<\/strong><\/h3>\n<p><strong>Nu tar Brokk n\u00e4sta steg n\u00e4r det g\u00e4ller intelligent och l\u00f6nsam rivning. Fyra nya underverk med branschledande teknik och funktioner: Oslagbar kraft med Brokk SmartPower. Ergonomi och produktivitet med Brokk SmartRemote. Robusthet och servicev\u00e4nlighet med Brokk SmartDesign. V\u00e4lkommen till framtiden.<\/strong><\/p>\n<h4><\/h4>\n<h4>BROKK 170: Hj\u00e4rta och hj\u00e4rna<\/h4>\n<p>Om du gillade Brokk 160 kommer du att \u00e4lska denna maskin. Brokk 170 ger dig b\u00e5de mer muskler och mer intelligenta funktioner i samma kompakta, fj\u00e4rrstyrda format.<\/p>\n<h4>BROKK 200: Muskler och r\u00e4ckvidd<\/h4>\n<p>S\u00e4g hej till en helt ny viktklass. Med sitt kompakta format och vikt p\u00e5 endast 2,1 ton \u00e4r Brokk 200 en riktig muskelm\u00e4stare med ett exceptionellt l\u00e5gt marktryck.<\/p>\n<h4>BROKK 520D: Gr\u00f6n och kraftfull<\/h4>\n<p>Den gr\u00f6naste dieseldrivna rivningsroboten i v\u00e5rt solsystem. Och dessutom ett riktigt kraftmonster med 40 procent st\u00f6rre rivningskraft och m\u00f6jlighet att anv\u00e4nda \u00e4nnu st\u00f6rre och effektivare redskap.<\/p>\n<h4>BROKK 300: En ny legend<\/h4>\n<p>Det finns inget medel i denna medelstora maskin. Med Brokk 300 f\u00e5r du hela 40 procent st\u00f6rre rivningskraft och muskler att anv\u00e4nda st\u00f6rre och mer kraftfulla redskap.<\/p>\n<p>&nbsp;<\/p>\n<p><strong>Se avt\u00e4ckningen av de nya maskinerna<\/strong><\/p>\n<p>Inf\u00f6r den officiella premi\u00e4ren av de nya maskinerna anordnade vi en exklusiv f\u00f6rhandsvisning f\u00f6r v\u00e5ra partners vid huvudkontoret i Skellefte\u00e5. H\u00e4r kan du se n\u00e5gra glimtar fr\u00e5n detta uppskattade event.<\/p>\n<p>&nbsp;<\/p>\n<div class=\"video-container\"><iframe loading=\"lazy\" width=\"1024\" height=\"576\" src=\"https:\/\/www.youtube.com\/embed\/ZFgugHyQaBk?feature=oembed\" frameborder=\"0\" allow=\"accelerometer; autoplay; encrypted-media; gyroscope; picture-in-picture\" allowfullscreen><\/iframe><\/div>\n","protected":false},"excerpt":{"rendered":"<p>Den definitiva rivningsl\u00f6sningen Nu tar Brokk n\u00e4sta steg n\u00e4r det g\u00e4ller intelligent och l\u00f6nsam rivning. Fyra nya underverk med branschledande teknik och funktioner: Oslagbar kraft med Brokk SmartPower. Ergonomi och produktivitet med Brokk SmartRemote. Robusthet och servicev\u00e4nlighet med Brokk SmartDesign.\u2026<\/p>\n","protected":false},"author":36,"featured_media":2713,"parent":0,"menu_order":101,"comment_status":"closed","ping_status":"closed","template":"page-templates\/campaign.php","meta":{"_acf_changed":false,"_relevanssi_hide_post":"","_relevanssi_hide_content":"","_relevanssi_pin_for_all":"","_relevanssi_pin_keywords":"","_relevanssi_unpin_keywords":"","_relevanssi_related_keywords":"","_relevanssi_related_include_ids":"","_relevanssi_related_exclude_ids":"","_relevanssi_related_no_append":"","_relevanssi_related_not_related":"","_relevanssi_related_posts":"","_relevanssi_noindex_reason":"","footnotes":""},"class_list":["post-1580","page","type-page","status-publish","has-post-thumbnail","hentry"],"acf":[],"yoast_head":"<!-- This site is optimized with the Yoast SEO plugin v27.3 - https:\/\/yoast.com\/product\/yoast-seo-wordpress\/ -->\n<title>4 nya maskiner - Brokk Sweden<\/title>\n<meta name=\"robots\" content=\"index, follow, max-snippet:-1, max-image-preview:large, max-video-preview:-1\" \/>\n<link rel=\"canonical\" href=\"https:\/\/www.brokk.com\/sv\/campaign-page-1\/\" \/>\n<meta property=\"og:locale\" content=\"sv_SE\" \/>\n<meta property=\"og:type\" content=\"article\" \/>\n<meta property=\"og:title\" content=\"4 nya maskiner - Brokk Sweden\" \/>\n<meta property=\"og:description\" content=\"Den definitiva rivningsl\u00f6sningen Nu tar Brokk n\u00e4sta steg n\u00e4r det g\u00e4ller intelligent och l\u00f6nsam rivning. Fyra nya underverk med branschledande teknik och funktioner: Oslagbar kraft med Brokk SmartPower. Ergonomi och produktivitet med Brokk SmartRemote. Robusthet och servicev\u00e4nlighet med Brokk SmartDesign.\u2026\" \/>\n<meta property=\"og:url\" content=\"https:\/\/www.brokk.com\/sv\/campaign-page-1\/\" \/>\n<meta property=\"og:site_name\" content=\"Brokk Sweden\" \/>\n<meta property=\"article:modified_time\" content=\"2019-05-13T13:40:41+00:00\" \/>\n<meta property=\"og:image\" content=\"https:\/\/www.brokk.com\/sv\/uploads\/sites\/10\/2018\/05\/4_new_machines.jpg\" \/>\n\t<meta property=\"og:image:width\" content=\"1440\" \/>\n\t<meta property=\"og:image:height\" content=\"960\" \/>\n\t<meta property=\"og:image:type\" content=\"image\/jpeg\" \/>\n<meta name=\"twitter:card\" content=\"summary_large_image\" \/>\n<meta name=\"twitter:label1\" content=\"Ber\u00e4knad l\u00e4stid\" \/>\n\t<meta name=\"twitter:data1\" content=\"1 minut\" \/>\n<script type=\"application\/ld+json\" class=\"yoast-schema-graph\">{\"@context\":\"https:\\\/\\\/schema.org\",\"@graph\":[{\"@type\":\"WebPage\",\"@id\":\"https:\\\/\\\/www.brokk.com\\\/sv\\\/campaign-page-1\\\/\",\"url\":\"https:\\\/\\\/www.brokk.com\\\/sv\\\/campaign-page-1\\\/\",\"name\":\"4 nya maskiner - Brokk Sweden\",\"isPartOf\":{\"@id\":\"https:\\\/\\\/www.brokk.com\\\/sv\\\/#website\"},\"primaryImageOfPage\":{\"@id\":\"https:\\\/\\\/www.brokk.com\\\/sv\\\/campaign-page-1\\\/#primaryimage\"},\"image\":{\"@id\":\"https:\\\/\\\/www.brokk.com\\\/sv\\\/campaign-page-1\\\/#primaryimage\"},\"thumbnailUrl\":\"https:\\\/\\\/www.brokk.com\\\/sv\\\/uploads\\\/sites\\\/10\\\/2018\\\/05\\\/4_new_machines.jpg\",\"datePublished\":\"2018-03-09T15:32:23+00:00\",\"dateModified\":\"2019-05-13T13:40:41+00:00\",\"breadcrumb\":{\"@id\":\"https:\\\/\\\/www.brokk.com\\\/sv\\\/campaign-page-1\\\/#breadcrumb\"},\"inLanguage\":\"sv-SE\",\"potentialAction\":[{\"@type\":\"ReadAction\",\"target\":[\"https:\\\/\\\/www.brokk.com\\\/sv\\\/campaign-page-1\\\/\"]}]},{\"@type\":\"ImageObject\",\"inLanguage\":\"sv-SE\",\"@id\":\"https:\\\/\\\/www.brokk.com\\\/sv\\\/campaign-page-1\\\/#primaryimage\",\"url\":\"https:\\\/\\\/www.brokk.com\\\/sv\\\/uploads\\\/sites\\\/10\\\/2018\\\/05\\\/4_new_machines.jpg\",\"contentUrl\":\"https:\\\/\\\/www.brokk.com\\\/sv\\\/uploads\\\/sites\\\/10\\\/2018\\\/05\\\/4_new_machines.jpg\",\"width\":1440,\"height\":960},{\"@type\":\"BreadcrumbList\",\"@id\":\"https:\\\/\\\/www.brokk.com\\\/sv\\\/campaign-page-1\\\/#breadcrumb\",\"itemListElement\":[{\"@type\":\"ListItem\",\"position\":1,\"name\":\"Home\",\"item\":\"https:\\\/\\\/www.brokk.com\\\/sv\\\/\"},{\"@type\":\"ListItem\",\"position\":2,\"name\":\"4 nya maskiner\"}]},{\"@type\":\"WebSite\",\"@id\":\"https:\\\/\\\/www.brokk.com\\\/sv\\\/#website\",\"url\":\"https:\\\/\\\/www.brokk.com\\\/sv\\\/\",\"name\":\"Brokk Sweden\",\"description\":\"\",\"potentialAction\":[{\"@type\":\"SearchAction\",\"target\":{\"@type\":\"EntryPoint\",\"urlTemplate\":\"https:\\\/\\\/www.brokk.com\\\/sv\\\/?s={search_term_string}\"},\"query-input\":{\"@type\":\"PropertyValueSpecification\",\"valueRequired\":true,\"valueName\":\"search_term_string\"}}],\"inLanguage\":\"sv-SE\"}]}<\/script>\n<!-- \/ Yoast SEO plugin. -->","yoast_head_json":{"title":"4 nya maskiner - Brokk Sweden","robots":{"index":"index","follow":"follow","max-snippet":"max-snippet:-1","max-image-preview":"max-image-preview:large","max-video-preview":"max-video-preview:-1"},"canonical":"https:\/\/www.brokk.com\/sv\/campaign-page-1\/","og_locale":"sv_SE","og_type":"article","og_title":"4 nya maskiner - Brokk Sweden","og_description":"Den definitiva rivningsl\u00f6sningen Nu tar Brokk n\u00e4sta steg n\u00e4r det g\u00e4ller intelligent och l\u00f6nsam rivning. Fyra nya underverk med branschledande teknik och funktioner: Oslagbar kraft med Brokk SmartPower. Ergonomi och produktivitet med Brokk SmartRemote. Robusthet och servicev\u00e4nlighet med Brokk SmartDesign.\u2026","og_url":"https:\/\/www.brokk.com\/sv\/campaign-page-1\/","og_site_name":"Brokk Sweden","article_modified_time":"2019-05-13T13:40:41+00:00","og_image":[{"width":1440,"height":960,"url":"https:\/\/www.brokk.com\/sv\/uploads\/sites\/10\/2018\/05\/4_new_machines.jpg","type":"image\/jpeg"}],"twitter_card":"summary_large_image","twitter_misc":{"Ber\u00e4knad l\u00e4stid":"1 minut"},"schema":{"@context":"https:\/\/schema.org","@graph":[{"@type":"WebPage","@id":"https:\/\/www.brokk.com\/sv\/campaign-page-1\/","url":"https:\/\/www.brokk.com\/sv\/campaign-page-1\/","name":"4 nya maskiner - Brokk Sweden","isPartOf":{"@id":"https:\/\/www.brokk.com\/sv\/#website"},"primaryImageOfPage":{"@id":"https:\/\/www.brokk.com\/sv\/campaign-page-1\/#primaryimage"},"image":{"@id":"https:\/\/www.brokk.com\/sv\/campaign-page-1\/#primaryimage"},"thumbnailUrl":"https:\/\/www.brokk.com\/sv\/uploads\/sites\/10\/2018\/05\/4_new_machines.jpg","datePublished":"2018-03-09T15:32:23+00:00","dateModified":"2019-05-13T13:40:41+00:00","breadcrumb":{"@id":"https:\/\/www.brokk.com\/sv\/campaign-page-1\/#breadcrumb"},"inLanguage":"sv-SE","potentialAction":[{"@type":"ReadAction","target":["https:\/\/www.brokk.com\/sv\/campaign-page-1\/"]}]},{"@type":"ImageObject","inLanguage":"sv-SE","@id":"https:\/\/www.brokk.com\/sv\/campaign-page-1\/#primaryimage","url":"https:\/\/www.brokk.com\/sv\/uploads\/sites\/10\/2018\/05\/4_new_machines.jpg","contentUrl":"https:\/\/www.brokk.com\/sv\/uploads\/sites\/10\/2018\/05\/4_new_machines.jpg","width":1440,"height":960},{"@type":"BreadcrumbList","@id":"https:\/\/www.brokk.com\/sv\/campaign-page-1\/#breadcrumb","itemListElement":[{"@type":"ListItem","position":1,"name":"Home","item":"https:\/\/www.brokk.com\/sv\/"},{"@type":"ListItem","position":2,"name":"4 nya maskiner"}]},{"@type":"WebSite","@id":"https:\/\/www.brokk.com\/sv\/#website","url":"https:\/\/www.brokk.com\/sv\/","name":"Brokk Sweden","description":"","potentialAction":[{"@type":"SearchAction","target":{"@type":"EntryPoint","urlTemplate":"https:\/\/www.brokk.com\/sv\/?s={search_term_string}"},"query-input":{"@type":"PropertyValueSpecification","valueRequired":true,"valueName":"search_term_string"}}],"inLanguage":"sv-SE"}]}},"_links":{"self":[{"href":"https:\/\/www.brokk.com\/sv\/wp-json\/wp\/v2\/pages\/1580","targetHints":{"allow":["GET"]}}],"collection":[{"href":"https:\/\/www.brokk.com\/sv\/wp-json\/wp\/v2\/pages"}],"about":[{"href":"https:\/\/www.brokk.com\/sv\/wp-json\/wp\/v2\/types\/page"}],"author":[{"embeddable":true,"href":"https:\/\/www.brokk.com\/sv\/wp-json\/wp\/v2\/users\/36"}],"replies":[{"embeddable":true,"href":"https:\/\/www.brokk.com\/sv\/wp-json\/wp\/v2\/comments?post=1580"}],"version-history":[{"count":6,"href":"https:\/\/www.brokk.com\/sv\/wp-json\/wp\/v2\/pages\/1580\/revisions"}],"predecessor-version":[{"id":3786,"href":"https:\/\/www.brokk.com\/sv\/wp-json\/wp\/v2\/pages\/1580\/revisions\/3786"}],"wp:featuredmedia":[{"embeddable":true,"href":"https:\/\/www.brokk.com\/sv\/wp-json\/wp\/v2\/media\/2713"}],"wp:attachment":[{"href":"https:\/\/www.brokk.com\/sv\/wp-json\/wp\/v2\/media?parent=1580"}],"curies":[{"name":"wp","href":"https:\/\/api.w.org\/{rel}","templated":true}]}}