{"id":2670,"date":"2018-05-23T07:26:16","date_gmt":"2018-05-23T06:26:16","guid":{"rendered":"https:\/\/www.brokk.com\/sweden\/security-and-rescue-for-industries\/"},"modified":"2025-06-26T14:21:54","modified_gmt":"2025-06-26T12:21:54","slug":"security-and-rescue-for-industrier","status":"publish","type":"page","link":"https:\/\/www.brokk.com\/sv\/security-and-rescue-for-industrier\/","title":{"rendered":"Security &#038; Rescue"},"content":{"rendered":"<h3>Security &amp; Rescue Solutions \u2013 robusta robotl\u00f6sningar till de farligaste av platser<\/h3>\n<p><strong>Brokks SR-System \u00e4r en serie robotar framtagna och utvecklade speciellt f\u00f6r r\u00e4ddnings- och s\u00e4kerhetsarbete som kan fj\u00e4rrstyras p\u00e5 \u00f6ver 1 000 meters avst\u00e5nd. Detta specialsystem har utvecklats genom miljontals arbetstimmar i de mest kr\u00e4vande milj\u00f6erna runt om i v\u00e4rlden.<\/strong><\/p>\n<h4>En plattform, or\u00e4kneliga antal uppdrag<\/h4>\n<p>Oberoende av faran; naturkatastrof, terroristattack, kollapsade byggnader, h\u00f6ga temperaturer, risk f\u00f6r fientlig eldgivning, kemiska-, biologiska-, radioaktiva milj\u00f6er (CBRN) eller risk f\u00f6r explosiva eller instabiliserade material (EOD\/UXO\/IED\/VBIED\/Gasflaskor), SR-Systemet kommer att utf\u00f6ra sina s\u00e4kerhetsuppdrag effektivt och samtidigt h\u00e5lla operat\u00f6ren p\u00e5 s\u00e4kert avst\u00e5nd.<\/p>\n<p>SR-Systemet \u00e4r baserade p\u00e5 tre av Brokks rivningsrobotar, men har vidareutvecklats och standardiserats i samarbete med s\u00e4kerhets- och r\u00e4ddningsorganisationer fr\u00e5n olika delar av v\u00e4rlden f\u00f6r att passa detta segments behov. De tillgodoses med hj\u00e4lp av bland annat ny, kraftfull milit\u00e4rspecificerad och krypterad datal\u00e4nk (radio), speciellt utvecklad f\u00f6r mycket kr\u00e4vande Line of Sight och None Line of Sight uppdrag, nya sensorsystem, kameror och nya skr\u00e4ddarsydda verktyg som kompletterar den redan unika upps\u00e4ttningen standardverktyg. En verktygs och sensorupps\u00e4ttning som inte bara bidrar till en unik flexibilitet och anv\u00e4ndarv\u00e4nlighet i det enskilda uppdraget, utan \u00e4ven m\u00f6jligg\u00f6r en helt ny niv\u00e5 av nyttjandegrad av investeringen.<\/p>\n","protected":false},"excerpt":{"rendered":"<p>Security &amp; Rescue Solutions \u2013 robusta robotl\u00f6sningar till de farligaste av platser Brokks SR-System \u00e4r en serie robotar framtagna och utvecklade speciellt f\u00f6r r\u00e4ddnings- och s\u00e4kerhetsarbete som kan fj\u00e4rrstyras p\u00e5 \u00f6ver 1 000 meters avst\u00e5nd. Detta specialsystem har utvecklats genom\u2026<\/p>\n","protected":false},"author":36,"featured_media":2671,"parent":0,"menu_order":65,"comment_status":"closed","ping_status":"closed","template":"page-templates\/campaign.php","meta":{"_acf_changed":false,"_relevanssi_hide_post":"","_relevanssi_hide_content":"","_relevanssi_pin_for_all":"","_relevanssi_pin_keywords":"","_relevanssi_unpin_keywords":"","_relevanssi_related_keywords":"","_relevanssi_related_include_ids":"","_relevanssi_related_exclude_ids":"","_relevanssi_related_no_append":"","_relevanssi_related_not_related":"","_relevanssi_related_posts":"","_relevanssi_noindex_reason":"","footnotes":""},"class_list":["post-2670","page","type-page","status-publish","has-post-thumbnail","hentry"],"acf":[],"yoast_head":"<!-- This site is optimized with the Yoast SEO plugin v27.3 - https:\/\/yoast.com\/product\/yoast-seo-wordpress\/ -->\n<title>Security &amp; Rescue - Brokk Sweden<\/title>\n<meta name=\"robots\" content=\"index, follow, max-snippet:-1, max-image-preview:large, max-video-preview:-1\" \/>\n<link rel=\"canonical\" href=\"https:\/\/www.brokk.com\/sv\/security-and-rescue-for-industrier\/\" \/>\n<meta property=\"og:locale\" content=\"sv_SE\" \/>\n<meta property=\"og:type\" content=\"article\" \/>\n<meta property=\"og:title\" content=\"Security &amp; Rescue - Brokk Sweden\" \/>\n<meta property=\"og:description\" content=\"Security &amp; Rescue Solutions \u2013 robusta robotl\u00f6sningar till de farligaste av platser Brokks SR-System \u00e4r en serie robotar framtagna och utvecklade speciellt f\u00f6r r\u00e4ddnings- och s\u00e4kerhetsarbete som kan fj\u00e4rrstyras p\u00e5 \u00f6ver 1 000 meters avst\u00e5nd. Detta specialsystem har utvecklats genom\u2026\" \/>\n<meta property=\"og:url\" content=\"https:\/\/www.brokk.com\/sv\/security-and-rescue-for-industrier\/\" \/>\n<meta property=\"og:site_name\" content=\"Brokk Sweden\" \/>\n<meta property=\"article:modified_time\" content=\"2025-06-26T12:21:54+00:00\" \/>\n<meta property=\"og:image\" content=\"https:\/\/www.brokk.com\/sv\/uploads\/sites\/10\/2018\/06\/brokksr_product_hero.jpg\" \/>\n\t<meta property=\"og:image:width\" content=\"2560\" \/>\n\t<meta property=\"og:image:height\" content=\"1096\" \/>\n\t<meta property=\"og:image:type\" content=\"image\/jpeg\" \/>\n<meta name=\"twitter:card\" content=\"summary_large_image\" \/>\n<meta name=\"twitter:label1\" content=\"Ber\u00e4knad l\u00e4stid\" \/>\n\t<meta name=\"twitter:data1\" content=\"2 minuter\" \/>\n<script type=\"application\/ld+json\" class=\"yoast-schema-graph\">{\"@context\":\"https:\\\/\\\/schema.org\",\"@graph\":[{\"@type\":\"WebPage\",\"@id\":\"https:\\\/\\\/www.brokk.com\\\/sv\\\/security-and-rescue-for-industrier\\\/\",\"url\":\"https:\\\/\\\/www.brokk.com\\\/sv\\\/security-and-rescue-for-industrier\\\/\",\"name\":\"Security & Rescue - Brokk Sweden\",\"isPartOf\":{\"@id\":\"https:\\\/\\\/www.brokk.com\\\/sv\\\/#website\"},\"primaryImageOfPage\":{\"@id\":\"https:\\\/\\\/www.brokk.com\\\/sv\\\/security-and-rescue-for-industrier\\\/#primaryimage\"},\"image\":{\"@id\":\"https:\\\/\\\/www.brokk.com\\\/sv\\\/security-and-rescue-for-industrier\\\/#primaryimage\"},\"thumbnailUrl\":\"https:\\\/\\\/www.brokk.com\\\/sv\\\/uploads\\\/sites\\\/10\\\/2018\\\/06\\\/brokksr_product_hero.jpg\",\"datePublished\":\"2018-05-23T06:26:16+00:00\",\"dateModified\":\"2025-06-26T12:21:54+00:00\",\"breadcrumb\":{\"@id\":\"https:\\\/\\\/www.brokk.com\\\/sv\\\/security-and-rescue-for-industrier\\\/#breadcrumb\"},\"inLanguage\":\"sv-SE\",\"potentialAction\":[{\"@type\":\"ReadAction\",\"target\":[\"https:\\\/\\\/www.brokk.com\\\/sv\\\/security-and-rescue-for-industrier\\\/\"]}]},{\"@type\":\"ImageObject\",\"inLanguage\":\"sv-SE\",\"@id\":\"https:\\\/\\\/www.brokk.com\\\/sv\\\/security-and-rescue-for-industrier\\\/#primaryimage\",\"url\":\"https:\\\/\\\/www.brokk.com\\\/sv\\\/uploads\\\/sites\\\/10\\\/2018\\\/06\\\/brokksr_product_hero.jpg\",\"contentUrl\":\"https:\\\/\\\/www.brokk.com\\\/sv\\\/uploads\\\/sites\\\/10\\\/2018\\\/06\\\/brokksr_product_hero.jpg\",\"width\":2560,\"height\":1096},{\"@type\":\"BreadcrumbList\",\"@id\":\"https:\\\/\\\/www.brokk.com\\\/sv\\\/security-and-rescue-for-industrier\\\/#breadcrumb\",\"itemListElement\":[{\"@type\":\"ListItem\",\"position\":1,\"name\":\"Home\",\"item\":\"https:\\\/\\\/www.brokk.com\\\/sv\\\/\"},{\"@type\":\"ListItem\",\"position\":2,\"name\":\"Security &#038; Rescue\"}]},{\"@type\":\"WebSite\",\"@id\":\"https:\\\/\\\/www.brokk.com\\\/sv\\\/#website\",\"url\":\"https:\\\/\\\/www.brokk.com\\\/sv\\\/\",\"name\":\"Brokk Sweden\",\"description\":\"\",\"potentialAction\":[{\"@type\":\"SearchAction\",\"target\":{\"@type\":\"EntryPoint\",\"urlTemplate\":\"https:\\\/\\\/www.brokk.com\\\/sv\\\/?s={search_term_string}\"},\"query-input\":{\"@type\":\"PropertyValueSpecification\",\"valueRequired\":true,\"valueName\":\"search_term_string\"}}],\"inLanguage\":\"sv-SE\"}]}<\/script>\n<!-- \/ Yoast SEO plugin. -->","yoast_head_json":{"title":"Security & Rescue - Brokk Sweden","robots":{"index":"index","follow":"follow","max-snippet":"max-snippet:-1","max-image-preview":"max-image-preview:large","max-video-preview":"max-video-preview:-1"},"canonical":"https:\/\/www.brokk.com\/sv\/security-and-rescue-for-industrier\/","og_locale":"sv_SE","og_type":"article","og_title":"Security & Rescue - Brokk Sweden","og_description":"Security &amp; Rescue Solutions \u2013 robusta robotl\u00f6sningar till de farligaste av platser Brokks SR-System \u00e4r en serie robotar framtagna och utvecklade speciellt f\u00f6r r\u00e4ddnings- och s\u00e4kerhetsarbete som kan fj\u00e4rrstyras p\u00e5 \u00f6ver 1 000 meters avst\u00e5nd. Detta specialsystem har utvecklats genom\u2026","og_url":"https:\/\/www.brokk.com\/sv\/security-and-rescue-for-industrier\/","og_site_name":"Brokk Sweden","article_modified_time":"2025-06-26T12:21:54+00:00","og_image":[{"width":2560,"height":1096,"url":"https:\/\/www.brokk.com\/sv\/uploads\/sites\/10\/2018\/06\/brokksr_product_hero.jpg","type":"image\/jpeg"}],"twitter_card":"summary_large_image","twitter_misc":{"Ber\u00e4knad l\u00e4stid":"2 minuter"},"schema":{"@context":"https:\/\/schema.org","@graph":[{"@type":"WebPage","@id":"https:\/\/www.brokk.com\/sv\/security-and-rescue-for-industrier\/","url":"https:\/\/www.brokk.com\/sv\/security-and-rescue-for-industrier\/","name":"Security & Rescue - Brokk Sweden","isPartOf":{"@id":"https:\/\/www.brokk.com\/sv\/#website"},"primaryImageOfPage":{"@id":"https:\/\/www.brokk.com\/sv\/security-and-rescue-for-industrier\/#primaryimage"},"image":{"@id":"https:\/\/www.brokk.com\/sv\/security-and-rescue-for-industrier\/#primaryimage"},"thumbnailUrl":"https:\/\/www.brokk.com\/sv\/uploads\/sites\/10\/2018\/06\/brokksr_product_hero.jpg","datePublished":"2018-05-23T06:26:16+00:00","dateModified":"2025-06-26T12:21:54+00:00","breadcrumb":{"@id":"https:\/\/www.brokk.com\/sv\/security-and-rescue-for-industrier\/#breadcrumb"},"inLanguage":"sv-SE","potentialAction":[{"@type":"ReadAction","target":["https:\/\/www.brokk.com\/sv\/security-and-rescue-for-industrier\/"]}]},{"@type":"ImageObject","inLanguage":"sv-SE","@id":"https:\/\/www.brokk.com\/sv\/security-and-rescue-for-industrier\/#primaryimage","url":"https:\/\/www.brokk.com\/sv\/uploads\/sites\/10\/2018\/06\/brokksr_product_hero.jpg","contentUrl":"https:\/\/www.brokk.com\/sv\/uploads\/sites\/10\/2018\/06\/brokksr_product_hero.jpg","width":2560,"height":1096},{"@type":"BreadcrumbList","@id":"https:\/\/www.brokk.com\/sv\/security-and-rescue-for-industrier\/#breadcrumb","itemListElement":[{"@type":"ListItem","position":1,"name":"Home","item":"https:\/\/www.brokk.com\/sv\/"},{"@type":"ListItem","position":2,"name":"Security &#038; Rescue"}]},{"@type":"WebSite","@id":"https:\/\/www.brokk.com\/sv\/#website","url":"https:\/\/www.brokk.com\/sv\/","name":"Brokk Sweden","description":"","potentialAction":[{"@type":"SearchAction","target":{"@type":"EntryPoint","urlTemplate":"https:\/\/www.brokk.com\/sv\/?s={search_term_string}"},"query-input":{"@type":"PropertyValueSpecification","valueRequired":true,"valueName":"search_term_string"}}],"inLanguage":"sv-SE"}]}},"_links":{"self":[{"href":"https:\/\/www.brokk.com\/sv\/wp-json\/wp\/v2\/pages\/2670","targetHints":{"allow":["GET"]}}],"collection":[{"href":"https:\/\/www.brokk.com\/sv\/wp-json\/wp\/v2\/pages"}],"about":[{"href":"https:\/\/www.brokk.com\/sv\/wp-json\/wp\/v2\/types\/page"}],"author":[{"embeddable":true,"href":"https:\/\/www.brokk.com\/sv\/wp-json\/wp\/v2\/users\/36"}],"replies":[{"embeddable":true,"href":"https:\/\/www.brokk.com\/sv\/wp-json\/wp\/v2\/comments?post=2670"}],"version-history":[{"count":4,"href":"https:\/\/www.brokk.com\/sv\/wp-json\/wp\/v2\/pages\/2670\/revisions"}],"predecessor-version":[{"id":6088,"href":"https:\/\/www.brokk.com\/sv\/wp-json\/wp\/v2\/pages\/2670\/revisions\/6088"}],"wp:featuredmedia":[{"embeddable":true,"href":"https:\/\/www.brokk.com\/sv\/wp-json\/wp\/v2\/media\/2671"}],"wp:attachment":[{"href":"https:\/\/www.brokk.com\/sv\/wp-json\/wp\/v2\/media?parent=2670"}],"curies":[{"name":"wp","href":"https:\/\/api.w.org\/{rel}","templated":true}]}}