{"id":2703,"date":"2018-05-18T09:46:41","date_gmt":"2018-05-18T08:46:41","guid":{"rendered":"https:\/\/www.brokk.com\/sweden\/our-concept\/"},"modified":"2025-07-03T10:26:50","modified_gmt":"2025-07-03T08:26:50","slug":"vart-koncept","status":"publish","type":"page","link":"https:\/\/www.brokk.com\/sv\/vart-koncept\/","title":{"rendered":"V\u00e5rt koncept"},"content":{"rendered":"<h3>Omdefinierar reglerna f\u00f6r storlek och kraft<\/h3>\n<h4>Kompakt kraft<\/h4>\n<p>Brokks rivningsrobotar ger dig imponerande muskler i ett f\u00f6rv\u00e5nansv\u00e4rt litet paket. En Brokkrobot har samma rivningskraft som en fyra eller fem g\u00e5nger st\u00f6rre gr\u00e4vmaskin. Samtidigt \u00e4r den s\u00e5 l\u00e4tt och kompakt att du enkelt kan transportera rivningsroboten mellan olika uppdrag. Oavsett om det handlar om uppdrag inom bygg-, cement- eller processindustri, om tunnelarbeten, k\u00e4rnkraft eller avancerade s\u00e4kerhetsarbeten, g\u00f6r den extraordin\u00e4ra styrkan och smarta flexibiliteten Brokk till den idealiska l\u00f6sningen f\u00f6r ett l\u00f6nsamt rivnings- eller underh\u00e5llsarbete.<\/p>\n<h4>S\u00e4ker och effektiv<\/h4>\n<p>Fj\u00e4rrstyrning g\u00f6r att operat\u00f6ren kan utf\u00f6ra arbetet effektivare, med en b\u00e4ttre \u00f6verblick \u00f6ver arbetet. Den ergonomiska fj\u00e4rrstyrningen ger operat\u00f6ren en h\u00e5llbar arbetsst\u00e4llning \u00e4ven under l\u00e5nga arbetspass och g\u00f6r att hen slipper st\u00e5 och arbeta i utsatta omr\u00e5den. Dessutom eliminerar denna fj\u00e4rrstyrda robot problem med skadliga vibrationer och avgaser. Den elektriska motorn med Brokk SmartPower\u2122 ger maskinerna all den kraft, tillf\u00f6rlitlighet och h\u00e5llbarhet du beh\u00f6ver, \u00e4ven f\u00f6r de mest kr\u00e4vande projekt.<\/p>\n<h4>FLEXIBel och m\u00e5ngsidig<\/h4>\n<p>Ett av Brokks k\u00e4nnetecken \u00e4r m\u00e5ngsidighet. Tack vare det tredelade armsystemet och fj\u00e4rrstyrningen har maskinen en o\u00f6vertr\u00e4ffad r\u00e4ckvidd, precision och stabilitet, perfekt f\u00f6r alla typer av uppdrag. Det redan stora redskapssortimentet ut\u00f6kas hela tiden och m\u00f6jligg\u00f6r nya l\u00f6nsamma anv\u00e4ndningsomr\u00e5den f\u00f6r din maskin. Oavsett hur dina behov ser ut, finns det alltid en maskinstorlek och ett redskap som passar ditt projekt och din situation. Och \u00e4r dina behov extraordin\u00e4ra l\u00f6ser vi det ocks\u00e5. Vi kan specialanpassa din maskin s\u00e5 du har f\u00e5r en unik rivningsrobot med \u00f6ver 40 \u00e5rs effektiv erfarenhet inbyggd.<\/p>\n<h4>Erfarna och p\u00e5litliga<\/h4>\n<p>Med \u00f6ver fyra decenniers erfarenhet av rivning, kan vi hj\u00e4lpa dig att hitta den effektivaste, s\u00e4kraste och mest l\u00f6nsamma l\u00f6sningen. V\u00e5ra experter ser till dina specifika behov och kan f\u00f6resl\u00e5 den perfekta kombinationen av maskin, redskap och anpassningar. Genom v\u00e5rt globala n\u00e4tverk och Brokks f\u00f6rnyade satsning p\u00e5 service och support (Brokk Uptime\u2122) \u00e4r r\u00e4tt l\u00f6sning och r\u00e4tt reservdel bara ett telefonsamtal bort.<\/p>\n<p>&nbsp;<\/p>\n<p>&nbsp;<\/p>\n<h3>Styrkan ligger i detaljerna<\/h3>\n<h4>tredelat armsystem<\/h4>\n<p>En stark och flexibel l\u00f6sning f\u00f6r extraordin\u00e4r r\u00e4ckvidd och kraft i alla riktningar ger maximal precision och noggrannhet.<\/p>\n<h4>fj\u00e4rrstyrd man\u00f6vrering<\/h4>\n<p>Maximerar effektiviteten samtidigt som operat\u00f6ren \u00e4r skyddad fr\u00e5n skadliga vibrationer och farliga omr\u00e5den.<\/p>\n<h4>rivningskraft<\/h4>\n<p>Trots sin kompakta storlek \u00f6vertr\u00e4ffar Brokk fem g\u00e5nger st\u00f6rre gr\u00e4vmaskiner.<\/p>\n<h4>Inga avgaser<\/h4>\n<p>Elektrisk drivlina inneb\u00e4r mindre buller, f\u00f6roreningar och underh\u00e5ll.<\/p>\n<h4>kompakt och l\u00e4ttman\u00f6vrerad<\/h4>\n<p>Enkel att man\u00f6vrera och transportera. Kan ta sig genom tr\u00e5nga utrymmen och uppf\u00f6r trappor.<\/p>\n<h4>st\u00f6dben f\u00f6r stabilitet<\/h4>\n<p>Ger o\u00f6vertr\u00e4ffad stabilitet \u00e4ven vid arbete och verktyg avsedda f\u00f6r mycket st\u00f6rre maskiner.<\/p>\n<h4>v\u00e4rmebest\u00e4ndig<\/h4>\n<p>Fr\u00e5n stora cylindrar till sm\u00e5 komponenter &#8211; allt \u00e4r skyddat fr\u00e5n v\u00e4rme och st\u00f6tar.<\/p>\n<h4>Stort sortiment av redskap<\/h4>\n<p>Ett stor urval av redskap \u2013 m\u00e5nga specialdesignade f\u00f6r Brokk. Patenterad snabbkoppling f\u00f6r att snabbt och enkelt byta redskap.<\/p>\n<h4>Patenterad snabbkoppling<\/h4>\n<p>Sparar vikt och g\u00f6r att redskap kan bytas snabbt och s\u00e4kert.<\/p>\n","protected":false},"excerpt":{"rendered":"<p>Omdefinierar reglerna f\u00f6r storlek och kraft Kompakt kraft Brokks rivningsrobotar ger dig imponerande muskler i ett f\u00f6rv\u00e5nansv\u00e4rt litet paket. En Brokkrobot har samma rivningskraft som en fyra eller fem g\u00e5nger st\u00f6rre gr\u00e4vmaskin. Samtidigt \u00e4r den s\u00e5 l\u00e4tt och kompakt att\u2026<\/p>\n","protected":false},"author":36,"featured_media":6149,"parent":0,"menu_order":74,"comment_status":"closed","ping_status":"closed","template":"page-templates\/common.php","meta":{"_acf_changed":false,"_relevanssi_hide_post":"","_relevanssi_hide_content":"","_relevanssi_pin_for_all":"","_relevanssi_pin_keywords":"","_relevanssi_unpin_keywords":"","_relevanssi_related_keywords":"","_relevanssi_related_include_ids":"","_relevanssi_related_exclude_ids":"","_relevanssi_related_no_append":"","_relevanssi_related_not_related":"","_relevanssi_related_posts":"","_relevanssi_noindex_reason":"","footnotes":""},"class_list":["post-2703","page","type-page","status-publish","has-post-thumbnail","hentry"],"acf":[],"yoast_head":"<!-- This site is optimized with the Yoast SEO plugin v27.3 - https:\/\/yoast.com\/product\/yoast-seo-wordpress\/ -->\n<title>V\u00e5rt koncept - Brokk Sweden<\/title>\n<meta name=\"robots\" content=\"index, follow, max-snippet:-1, max-image-preview:large, max-video-preview:-1\" \/>\n<link rel=\"canonical\" href=\"https:\/\/www.brokk.com\/sv\/vart-koncept\/\" \/>\n<meta property=\"og:locale\" content=\"sv_SE\" \/>\n<meta property=\"og:type\" content=\"article\" \/>\n<meta property=\"og:title\" content=\"V\u00e5rt koncept - Brokk Sweden\" \/>\n<meta property=\"og:description\" content=\"Omdefinierar reglerna f\u00f6r storlek och kraft Kompakt kraft Brokks rivningsrobotar ger dig imponerande muskler i ett f\u00f6rv\u00e5nansv\u00e4rt litet paket. En Brokkrobot har samma rivningskraft som en fyra eller fem g\u00e5nger st\u00f6rre gr\u00e4vmaskin. Samtidigt \u00e4r den s\u00e5 l\u00e4tt och kompakt att\u2026\" \/>\n<meta property=\"og:url\" content=\"https:\/\/www.brokk.com\/sv\/vart-koncept\/\" \/>\n<meta property=\"og:site_name\" content=\"Brokk Sweden\" \/>\n<meta property=\"article:modified_time\" content=\"2025-07-03T08:26:50+00:00\" \/>\n<meta property=\"og:image\" content=\"https:\/\/www.brokk.com\/sv\/uploads\/sites\/10\/2025\/07\/b300_cutaway.jpg\" \/>\n\t<meta property=\"og:image:width\" content=\"2560\" \/>\n\t<meta property=\"og:image:height\" content=\"1096\" \/>\n\t<meta property=\"og:image:type\" content=\"image\/jpeg\" \/>\n<meta name=\"twitter:card\" content=\"summary_large_image\" \/>\n<meta name=\"twitter:label1\" content=\"Ber\u00e4knad l\u00e4stid\" \/>\n\t<meta name=\"twitter:data1\" content=\"3 minuter\" \/>\n<script type=\"application\/ld+json\" class=\"yoast-schema-graph\">{\"@context\":\"https:\\\/\\\/schema.org\",\"@graph\":[{\"@type\":\"WebPage\",\"@id\":\"https:\\\/\\\/www.brokk.com\\\/sv\\\/vart-koncept\\\/\",\"url\":\"https:\\\/\\\/www.brokk.com\\\/sv\\\/vart-koncept\\\/\",\"name\":\"V\u00e5rt koncept - Brokk Sweden\",\"isPartOf\":{\"@id\":\"https:\\\/\\\/www.brokk.com\\\/sv\\\/#website\"},\"primaryImageOfPage\":{\"@id\":\"https:\\\/\\\/www.brokk.com\\\/sv\\\/vart-koncept\\\/#primaryimage\"},\"image\":{\"@id\":\"https:\\\/\\\/www.brokk.com\\\/sv\\\/vart-koncept\\\/#primaryimage\"},\"thumbnailUrl\":\"https:\\\/\\\/www.brokk.com\\\/sv\\\/uploads\\\/sites\\\/10\\\/2025\\\/07\\\/b300_cutaway.jpg\",\"datePublished\":\"2018-05-18T08:46:41+00:00\",\"dateModified\":\"2025-07-03T08:26:50+00:00\",\"breadcrumb\":{\"@id\":\"https:\\\/\\\/www.brokk.com\\\/sv\\\/vart-koncept\\\/#breadcrumb\"},\"inLanguage\":\"sv-SE\",\"potentialAction\":[{\"@type\":\"ReadAction\",\"target\":[\"https:\\\/\\\/www.brokk.com\\\/sv\\\/vart-koncept\\\/\"]}]},{\"@type\":\"ImageObject\",\"inLanguage\":\"sv-SE\",\"@id\":\"https:\\\/\\\/www.brokk.com\\\/sv\\\/vart-koncept\\\/#primaryimage\",\"url\":\"https:\\\/\\\/www.brokk.com\\\/sv\\\/uploads\\\/sites\\\/10\\\/2025\\\/07\\\/b300_cutaway.jpg\",\"contentUrl\":\"https:\\\/\\\/www.brokk.com\\\/sv\\\/uploads\\\/sites\\\/10\\\/2025\\\/07\\\/b300_cutaway.jpg\",\"width\":2560,\"height\":1096},{\"@type\":\"BreadcrumbList\",\"@id\":\"https:\\\/\\\/www.brokk.com\\\/sv\\\/vart-koncept\\\/#breadcrumb\",\"itemListElement\":[{\"@type\":\"ListItem\",\"position\":1,\"name\":\"Home\",\"item\":\"https:\\\/\\\/www.brokk.com\\\/sv\\\/\"},{\"@type\":\"ListItem\",\"position\":2,\"name\":\"V\u00e5rt koncept\"}]},{\"@type\":\"WebSite\",\"@id\":\"https:\\\/\\\/www.brokk.com\\\/sv\\\/#website\",\"url\":\"https:\\\/\\\/www.brokk.com\\\/sv\\\/\",\"name\":\"Brokk Sweden\",\"description\":\"\",\"potentialAction\":[{\"@type\":\"SearchAction\",\"target\":{\"@type\":\"EntryPoint\",\"urlTemplate\":\"https:\\\/\\\/www.brokk.com\\\/sv\\\/?s={search_term_string}\"},\"query-input\":{\"@type\":\"PropertyValueSpecification\",\"valueRequired\":true,\"valueName\":\"search_term_string\"}}],\"inLanguage\":\"sv-SE\"}]}<\/script>\n<!-- \/ Yoast SEO plugin. -->","yoast_head_json":{"title":"V\u00e5rt koncept - Brokk Sweden","robots":{"index":"index","follow":"follow","max-snippet":"max-snippet:-1","max-image-preview":"max-image-preview:large","max-video-preview":"max-video-preview:-1"},"canonical":"https:\/\/www.brokk.com\/sv\/vart-koncept\/","og_locale":"sv_SE","og_type":"article","og_title":"V\u00e5rt koncept - Brokk Sweden","og_description":"Omdefinierar reglerna f\u00f6r storlek och kraft Kompakt kraft Brokks rivningsrobotar ger dig imponerande muskler i ett f\u00f6rv\u00e5nansv\u00e4rt litet paket. En Brokkrobot har samma rivningskraft som en fyra eller fem g\u00e5nger st\u00f6rre gr\u00e4vmaskin. Samtidigt \u00e4r den s\u00e5 l\u00e4tt och kompakt att\u2026","og_url":"https:\/\/www.brokk.com\/sv\/vart-koncept\/","og_site_name":"Brokk Sweden","article_modified_time":"2025-07-03T08:26:50+00:00","og_image":[{"width":2560,"height":1096,"url":"https:\/\/www.brokk.com\/sv\/uploads\/sites\/10\/2025\/07\/b300_cutaway.jpg","type":"image\/jpeg"}],"twitter_card":"summary_large_image","twitter_misc":{"Ber\u00e4knad l\u00e4stid":"3 minuter"},"schema":{"@context":"https:\/\/schema.org","@graph":[{"@type":"WebPage","@id":"https:\/\/www.brokk.com\/sv\/vart-koncept\/","url":"https:\/\/www.brokk.com\/sv\/vart-koncept\/","name":"V\u00e5rt koncept - Brokk Sweden","isPartOf":{"@id":"https:\/\/www.brokk.com\/sv\/#website"},"primaryImageOfPage":{"@id":"https:\/\/www.brokk.com\/sv\/vart-koncept\/#primaryimage"},"image":{"@id":"https:\/\/www.brokk.com\/sv\/vart-koncept\/#primaryimage"},"thumbnailUrl":"https:\/\/www.brokk.com\/sv\/uploads\/sites\/10\/2025\/07\/b300_cutaway.jpg","datePublished":"2018-05-18T08:46:41+00:00","dateModified":"2025-07-03T08:26:50+00:00","breadcrumb":{"@id":"https:\/\/www.brokk.com\/sv\/vart-koncept\/#breadcrumb"},"inLanguage":"sv-SE","potentialAction":[{"@type":"ReadAction","target":["https:\/\/www.brokk.com\/sv\/vart-koncept\/"]}]},{"@type":"ImageObject","inLanguage":"sv-SE","@id":"https:\/\/www.brokk.com\/sv\/vart-koncept\/#primaryimage","url":"https:\/\/www.brokk.com\/sv\/uploads\/sites\/10\/2025\/07\/b300_cutaway.jpg","contentUrl":"https:\/\/www.brokk.com\/sv\/uploads\/sites\/10\/2025\/07\/b300_cutaway.jpg","width":2560,"height":1096},{"@type":"BreadcrumbList","@id":"https:\/\/www.brokk.com\/sv\/vart-koncept\/#breadcrumb","itemListElement":[{"@type":"ListItem","position":1,"name":"Home","item":"https:\/\/www.brokk.com\/sv\/"},{"@type":"ListItem","position":2,"name":"V\u00e5rt koncept"}]},{"@type":"WebSite","@id":"https:\/\/www.brokk.com\/sv\/#website","url":"https:\/\/www.brokk.com\/sv\/","name":"Brokk Sweden","description":"","potentialAction":[{"@type":"SearchAction","target":{"@type":"EntryPoint","urlTemplate":"https:\/\/www.brokk.com\/sv\/?s={search_term_string}"},"query-input":{"@type":"PropertyValueSpecification","valueRequired":true,"valueName":"search_term_string"}}],"inLanguage":"sv-SE"}]}},"_links":{"self":[{"href":"https:\/\/www.brokk.com\/sv\/wp-json\/wp\/v2\/pages\/2703","targetHints":{"allow":["GET"]}}],"collection":[{"href":"https:\/\/www.brokk.com\/sv\/wp-json\/wp\/v2\/pages"}],"about":[{"href":"https:\/\/www.brokk.com\/sv\/wp-json\/wp\/v2\/types\/page"}],"author":[{"embeddable":true,"href":"https:\/\/www.brokk.com\/sv\/wp-json\/wp\/v2\/users\/36"}],"replies":[{"embeddable":true,"href":"https:\/\/www.brokk.com\/sv\/wp-json\/wp\/v2\/comments?post=2703"}],"version-history":[{"count":6,"href":"https:\/\/www.brokk.com\/sv\/wp-json\/wp\/v2\/pages\/2703\/revisions"}],"predecessor-version":[{"id":4123,"href":"https:\/\/www.brokk.com\/sv\/wp-json\/wp\/v2\/pages\/2703\/revisions\/4123"}],"wp:featuredmedia":[{"embeddable":true,"href":"https:\/\/www.brokk.com\/sv\/wp-json\/wp\/v2\/media\/6149"}],"wp:attachment":[{"href":"https:\/\/www.brokk.com\/sv\/wp-json\/wp\/v2\/media?parent=2703"}],"curies":[{"name":"wp","href":"https:\/\/api.w.org\/{rel}","templated":true}]}}