{"id":2920,"date":"2018-04-06T09:28:40","date_gmt":"2018-04-06T08:28:40","guid":{"rendered":"https:\/\/www.brokk.com\/sweden\/history\/"},"modified":"2024-07-02T13:31:22","modified_gmt":"2024-07-02T11:31:22","slug":"historia","status":"publish","type":"page","link":"https:\/\/www.brokk.com\/sv\/om-brokk\/historia\/","title":{"rendered":"Historia"},"content":{"rendered":"<p>1976 var ett sp\u00e4nnande \u00e5r f\u00f6r tekniska genombrott. I januari genomf\u00f6rde passagerarplanet Concorde sin f\u00f6rsta kommersiella flygning, i mars grundades Apple Computer. I september landade NASAs Viking 2 rymdfarkoster p\u00e5 mars och i oktober samma \u00e5r gick vision\u00e4rer och entrepren\u00f6rer fr\u00e5n tv\u00e5 f\u00f6retag, PE Holmgren och Rivteknik, samman och utvecklade en fj\u00e4rrstyrd robot &#8211; Brokk &#8211; som f\u00f6r evigt skulle f\u00f6r\u00e4ndra rivningsindustrin.<\/p>\n<p>Sedan dess har Brokks historia alltid handlat om framtiden. Om att ers\u00e4tta farligt manuellt arbete med ett s\u00e4kert och mer produktivt, mekaniserat, alternativ, om att s\u00e4tta ledande teknik i h\u00e4nderna p\u00e5 skickliga operat\u00f6rer p\u00e5 arbetsplatser \u00f6ver hela v\u00e4rlden. Om att utveckla Brokkrobotarna och addera verktyg f\u00f6r att g\u00f6ra dem till den perfekta maskinen i flera branscher och fler applikationer. Om att alltid utveckla ny teknik och l\u00f6sningar som g\u00f6r v\u00e5ra kunder mer l\u00f6nsamma.<\/p>\n<p>&nbsp;<\/p>\n<h2>HEMLIGHETEN BAKOM FRAMG\u00c5NGEN<\/h2>\n<p>Brokk har alltid lyssnat p\u00e5 sina kunder, l\u00e4rt sig av deras arbete och f\u00f6rb\u00e4ttrat maskinerna i mer \u00e4n 40 \u00e5r. F\u00f6r oss \u00e4r det viktigt att l\u00e4ra k\u00e4nna v\u00e5ra kunder, vilka milj\u00f6er de arbetar i och de utmaningar de st\u00e5r inf\u00f6r. Vi ser det som v\u00e5r uppgift att l\u00e4ra oss vad f\u00f6retag, operat\u00f6rer och projekt beh\u00f6ver f\u00f6r en s\u00e4krare, mer kraftfull och mer effektiv rivningsl\u00f6sning.<\/p>\n<p>V\u00e5ra intelligenta rivningsrobotar har f\u00f6rb\u00e4ttrat arbetsf\u00f6rh\u00e5llandena f\u00f6r tusentals m\u00e4nniskor runt om i v\u00e4rlden och tillhandah\u00f6ll akut service n\u00e4r det var som mest n\u00f6dv\u00e4ndigt. Brokk-robotar hj\u00e4lpte till att r\u00f6ja Ground Zero efter 9\/11. De hj\u00e4lpte till att s\u00e4kra k\u00e4rnkatastrofen vid Fukushima NPP efter den f\u00f6r\u00f6dande tsunamin. Och varje dag jobbar de p\u00e5 tusentals arbetsplatser, vilket h\u00e5ller m\u00e4nniskor s\u00e4kra medan de g\u00f6r f\u00f6retag mer l\u00f6nsamma.<\/p>\n<p><img loading=\"lazy\" decoding=\"async\" class=\"alignnone size-medium wp-image-533\" src=\"https:\/\/www.brokk.com\/uploads\/2018\/03\/1987_introduced-brokk-100-720x480.jpg\" alt=\"Brokk 100, 1987\" width=\"720\" height=\"480\" \/><\/p>\n<p><img loading=\"lazy\" decoding=\"async\" class=\"alignnone size-medium wp-image-532\" src=\"https:\/\/www.brokk.com\/uploads\/2018\/03\/1981_first-serial-produced-brokk-250-720x480.jpg\" alt=\"Brokk 250, 1981\" width=\"720\" height=\"480\" \/><\/p>\n<h3>MILSTOLPAR<\/h3>\n<ul>\n<li><strong>1976:<\/strong> F\u00f6retagen PE Holmgren och Rivteknik utvecklar v\u00e4rldens f\u00f6rsta rivningsrobot i Skellefte\u00e5.<\/li>\n<li><strong>1981:<\/strong> Den f\u00f6rsta massproducerade fj\u00e4rrstyrda rivningsroboten, Brokk 250 lanseras p\u00e5 marknaden.<\/li>\n<li><strong>1987:<\/strong> Ytterligare en legendarisk rivningsrobot sl\u00e4pps, den f\u00f6rsta Brokk 100.<\/li>\n<li><strong>1994:<\/strong> Den f\u00f6rsta Brokk 110 och Brokk 150 lanseras. 1 000 levererade Brokk-robotar.<\/li>\n<li><strong>2000:<\/strong> De f\u00f6rsta internationella dotterbolagen etableras i USA och UK.<\/li>\n<li><strong>2005:<\/strong> Brokk \u00f6ppnar ett kontor i Kina.<\/li>\n<li><strong>2006:<\/strong> Brokk f\u00f6rv\u00e4rvar Darda i Tyskland, <span class=\"tlid-translation translation\" lang=\"sv\"><span class=\"\" title=\"\">v\u00e4rldens ledande tillverkare av kompakta betongsaxar, spr\u00e4ckare och andra verktyg.<\/span><\/span><\/li>\n<li><strong>2007-2010:<\/strong> En intensiv produktutveckling med introduceringen av Brokk 50, Brokk 400, Brokk 260 och Brokk 160.<\/li>\n<li><strong>2011:<\/strong> <span class=\"tlid-translation translation\" lang=\"sv\"><span class=\"\" title=\"\">Den st\u00f6rsta Brokk-roboten n\u00e5gonsin, Brokk 800, ser dagens ljus<\/span><\/span>.<\/li>\n<li><strong>2012:<\/strong> Brokk f\u00f6rv\u00e4rvar Ahlberg Cameras, <span class=\"tlid-translation translation\" lang=\"sv\"><span class=\"\" title=\"\">v\u00e4rldens ledande leverant\u00f6r av kamerautrustning till k\u00e4rnkraftsindustrin.<\/span><\/span><\/li>\n<li><strong>2014:<\/strong> Brokks \u00e4gare, Lifco, blir b\u00f6rsnoterat p\u00e5 Nasdaq.<\/li>\n<li><strong>2016:<\/strong> Brokk firar 40 \u00e5r av m\u00e5lmedveten innovation.<\/li>\n<li><strong>2016:<\/strong> Brokk f\u00f6rv\u00e4rvar Aquajet Systems, v\u00e4rldens ledande tillverkare av vattenbilningsrobotar och utrustning.<\/li>\n<li><strong>2010-2017: <\/strong>En h\u00f6g takt av internationell expansion inneb\u00e4r etableringen av Brokk Australia, Brokk France, Brokk Italia, Brokk China, Brokk Norway, Brokk Switzerland, Brokk Benelux och Brokk Middle East.<\/li>\n<li><strong>2011-2017:<\/strong> Branschledande produktutveckling genererar Brokk 100, Brokk 60, Brokk 120D, Brokk 110, Brokk 280 och Brokk 500.<\/li>\n<li><strong>2017:<\/strong> Brokk introducerar SmartPower\u2122, v\u00e4rldens mest intelligenta kraftsystem, speciellt utvecklat f\u00f6r tuffa rivningsmaskiner.<\/li>\n<li><strong>2018:<\/strong> Brokk lanserar fyra nya rivningsrobotar \u2013 Brokk 170, Brokk 200, Brokk 300 och Brokk 520D.<\/li>\n<li><strong>2018:<\/strong> Brokk introducerar Brokk SmartConcept\u2122, som best\u00e5r av n\u00e4sta generation av SmartPower\u2122, SmartDesign\u2122 and SmartRemote\u2122.<\/li>\n<li><strong>2018:<\/strong> Brokk UpTime\u2122, ett nytt service- och supportkoncept n\u00e5r marknaden.<\/li>\n<li><strong>2018:<\/strong> En oms\u00e4ttning p\u00e5 \u00f6ver 1 miljard<\/li>\n<li><strong>2019: <\/strong>Brokk landar en rekordorder p\u00e5 60 maskiner<strong><br \/>\n<\/strong><\/li>\n<li><strong>2019: <\/strong>V\u00e4rldens minsta rivningsrobot Brokk 60 f\u00e5r en eftertr\u00e4dare, Brokk 70<\/li>\n<li><strong>2021:<\/strong> Brokk lanserar Brokk 900, v\u00e4rldens st\u00f6rsta rivningsrobot.<\/li>\n<li><strong>2021:<\/strong> Brokk Connect presenteras, en molnbaserad plattform utvecklad speciellt f\u00f6r uppkopplade Brokk-robotar.<\/li>\n<li><strong>2022:<\/strong> Lanseringen av online plattformen My Brokk, markerar n\u00e4sta steg i Brokks digitala resa.<\/li>\n<\/ul>\n","protected":false},"excerpt":{"rendered":"<p>1976 var ett sp\u00e4nnande \u00e5r f\u00f6r tekniska genombrott. I januari genomf\u00f6rde passagerarplanet Concorde sin f\u00f6rsta kommersiella flygning, i mars grundades Apple Computer. I september landade NASAs Viking 2 rymdfarkoster p\u00e5 mars och i oktober samma \u00e5r gick vision\u00e4rer och entrepren\u00f6rer\u2026<\/p>\n","protected":false},"author":36,"featured_media":0,"parent":3513,"menu_order":63,"comment_status":"closed","ping_status":"closed","template":"page-templates\/common.php","meta":{"_acf_changed":false,"_relevanssi_hide_post":"","_relevanssi_hide_content":"","_relevanssi_pin_for_all":"","_relevanssi_pin_keywords":"","_relevanssi_unpin_keywords":"","_relevanssi_related_keywords":"","_relevanssi_related_include_ids":"","_relevanssi_related_exclude_ids":"","_relevanssi_related_no_append":"","_relevanssi_related_not_related":"","_relevanssi_related_posts":"","_relevanssi_noindex_reason":"","footnotes":""},"class_list":["post-2920","page","type-page","status-publish","hentry"],"acf":[],"yoast_head":"<!-- This site is optimized with the Yoast SEO plugin v27.3 - https:\/\/yoast.com\/product\/yoast-seo-wordpress\/ -->\n<title>Historia - Brokk Sweden<\/title>\n<meta name=\"robots\" content=\"index, follow, max-snippet:-1, max-image-preview:large, max-video-preview:-1\" \/>\n<link rel=\"canonical\" href=\"https:\/\/www.brokk.com\/sv\/om-brokk\/historia\/\" \/>\n<meta property=\"og:locale\" content=\"sv_SE\" \/>\n<meta property=\"og:type\" content=\"article\" \/>\n<meta property=\"og:title\" content=\"Historia - Brokk Sweden\" \/>\n<meta property=\"og:description\" content=\"1976 var ett sp\u00e4nnande \u00e5r f\u00f6r tekniska genombrott. I januari genomf\u00f6rde passagerarplanet Concorde sin f\u00f6rsta kommersiella flygning, i mars grundades Apple Computer. I september landade NASAs Viking 2 rymdfarkoster p\u00e5 mars och i oktober samma \u00e5r gick vision\u00e4rer och entrepren\u00f6rer\u2026\" \/>\n<meta property=\"og:url\" content=\"https:\/\/www.brokk.com\/sv\/om-brokk\/historia\/\" \/>\n<meta property=\"og:site_name\" content=\"Brokk Sweden\" \/>\n<meta property=\"article:modified_time\" content=\"2024-07-02T11:31:22+00:00\" \/>\n<meta property=\"og:image\" content=\"https:\/\/www.brokk.com\/sv\/uploads\/sites\/10\/2018\/03\/history-brokk250_hero.jpg\" \/>\n\t<meta property=\"og:image:width\" content=\"2560\" \/>\n\t<meta property=\"og:image:height\" content=\"1096\" \/>\n\t<meta property=\"og:image:type\" content=\"image\/jpeg\" \/>\n<meta name=\"twitter:card\" content=\"summary_large_image\" \/>\n<meta name=\"twitter:label1\" content=\"Ber\u00e4knad l\u00e4stid\" \/>\n\t<meta name=\"twitter:data1\" content=\"4 minuter\" \/>\n<script type=\"application\/ld+json\" class=\"yoast-schema-graph\">{\"@context\":\"https:\\\/\\\/schema.org\",\"@graph\":[{\"@type\":\"WebPage\",\"@id\":\"https:\\\/\\\/www.brokk.com\\\/sv\\\/om-brokk\\\/historia\\\/\",\"url\":\"https:\\\/\\\/www.brokk.com\\\/sv\\\/om-brokk\\\/historia\\\/\",\"name\":\"Historia - Brokk Sweden\",\"isPartOf\":{\"@id\":\"https:\\\/\\\/www.brokk.com\\\/sv\\\/#website\"},\"primaryImageOfPage\":{\"@id\":\"https:\\\/\\\/www.brokk.com\\\/sv\\\/om-brokk\\\/historia\\\/#primaryimage\"},\"image\":{\"@id\":\"https:\\\/\\\/www.brokk.com\\\/sv\\\/om-brokk\\\/historia\\\/#primaryimage\"},\"thumbnailUrl\":\"https:\\\/\\\/www.brokk.com\\\/uploads\\\/2018\\\/03\\\/1987_introduced-brokk-100-720x480.jpg\",\"datePublished\":\"2018-04-06T08:28:40+00:00\",\"dateModified\":\"2024-07-02T11:31:22+00:00\",\"breadcrumb\":{\"@id\":\"https:\\\/\\\/www.brokk.com\\\/sv\\\/om-brokk\\\/historia\\\/#breadcrumb\"},\"inLanguage\":\"sv-SE\",\"potentialAction\":[{\"@type\":\"ReadAction\",\"target\":[\"https:\\\/\\\/www.brokk.com\\\/sv\\\/om-brokk\\\/historia\\\/\"]}]},{\"@type\":\"ImageObject\",\"inLanguage\":\"sv-SE\",\"@id\":\"https:\\\/\\\/www.brokk.com\\\/sv\\\/om-brokk\\\/historia\\\/#primaryimage\",\"url\":\"https:\\\/\\\/www.brokk.com\\\/uploads\\\/2018\\\/03\\\/1987_introduced-brokk-100-720x480.jpg\",\"contentUrl\":\"https:\\\/\\\/www.brokk.com\\\/uploads\\\/2018\\\/03\\\/1987_introduced-brokk-100-720x480.jpg\"},{\"@type\":\"BreadcrumbList\",\"@id\":\"https:\\\/\\\/www.brokk.com\\\/sv\\\/om-brokk\\\/historia\\\/#breadcrumb\",\"itemListElement\":[{\"@type\":\"ListItem\",\"position\":1,\"name\":\"Home\",\"item\":\"https:\\\/\\\/www.brokk.com\\\/sv\\\/\"},{\"@type\":\"ListItem\",\"position\":2,\"name\":\"Om Brokk\",\"item\":\"https:\\\/\\\/www.brokk.com\\\/sv\\\/om-brokk\\\/\"},{\"@type\":\"ListItem\",\"position\":3,\"name\":\"Historia\"}]},{\"@type\":\"WebSite\",\"@id\":\"https:\\\/\\\/www.brokk.com\\\/sv\\\/#website\",\"url\":\"https:\\\/\\\/www.brokk.com\\\/sv\\\/\",\"name\":\"Brokk Sweden\",\"description\":\"\",\"potentialAction\":[{\"@type\":\"SearchAction\",\"target\":{\"@type\":\"EntryPoint\",\"urlTemplate\":\"https:\\\/\\\/www.brokk.com\\\/sv\\\/?s={search_term_string}\"},\"query-input\":{\"@type\":\"PropertyValueSpecification\",\"valueRequired\":true,\"valueName\":\"search_term_string\"}}],\"inLanguage\":\"sv-SE\"}]}<\/script>\n<!-- \/ Yoast SEO plugin. -->","yoast_head_json":{"title":"Historia - Brokk Sweden","robots":{"index":"index","follow":"follow","max-snippet":"max-snippet:-1","max-image-preview":"max-image-preview:large","max-video-preview":"max-video-preview:-1"},"canonical":"https:\/\/www.brokk.com\/sv\/om-brokk\/historia\/","og_locale":"sv_SE","og_type":"article","og_title":"Historia - Brokk Sweden","og_description":"1976 var ett sp\u00e4nnande \u00e5r f\u00f6r tekniska genombrott. I januari genomf\u00f6rde passagerarplanet Concorde sin f\u00f6rsta kommersiella flygning, i mars grundades Apple Computer. I september landade NASAs Viking 2 rymdfarkoster p\u00e5 mars och i oktober samma \u00e5r gick vision\u00e4rer och entrepren\u00f6rer\u2026","og_url":"https:\/\/www.brokk.com\/sv\/om-brokk\/historia\/","og_site_name":"Brokk Sweden","article_modified_time":"2024-07-02T11:31:22+00:00","og_image":[{"width":2560,"height":1096,"url":"https:\/\/www.brokk.com\/sv\/uploads\/sites\/10\/2018\/03\/history-brokk250_hero.jpg","type":"image\/jpeg"}],"twitter_card":"summary_large_image","twitter_misc":{"Ber\u00e4knad l\u00e4stid":"4 minuter"},"schema":{"@context":"https:\/\/schema.org","@graph":[{"@type":"WebPage","@id":"https:\/\/www.brokk.com\/sv\/om-brokk\/historia\/","url":"https:\/\/www.brokk.com\/sv\/om-brokk\/historia\/","name":"Historia - Brokk Sweden","isPartOf":{"@id":"https:\/\/www.brokk.com\/sv\/#website"},"primaryImageOfPage":{"@id":"https:\/\/www.brokk.com\/sv\/om-brokk\/historia\/#primaryimage"},"image":{"@id":"https:\/\/www.brokk.com\/sv\/om-brokk\/historia\/#primaryimage"},"thumbnailUrl":"https:\/\/www.brokk.com\/uploads\/2018\/03\/1987_introduced-brokk-100-720x480.jpg","datePublished":"2018-04-06T08:28:40+00:00","dateModified":"2024-07-02T11:31:22+00:00","breadcrumb":{"@id":"https:\/\/www.brokk.com\/sv\/om-brokk\/historia\/#breadcrumb"},"inLanguage":"sv-SE","potentialAction":[{"@type":"ReadAction","target":["https:\/\/www.brokk.com\/sv\/om-brokk\/historia\/"]}]},{"@type":"ImageObject","inLanguage":"sv-SE","@id":"https:\/\/www.brokk.com\/sv\/om-brokk\/historia\/#primaryimage","url":"https:\/\/www.brokk.com\/uploads\/2018\/03\/1987_introduced-brokk-100-720x480.jpg","contentUrl":"https:\/\/www.brokk.com\/uploads\/2018\/03\/1987_introduced-brokk-100-720x480.jpg"},{"@type":"BreadcrumbList","@id":"https:\/\/www.brokk.com\/sv\/om-brokk\/historia\/#breadcrumb","itemListElement":[{"@type":"ListItem","position":1,"name":"Home","item":"https:\/\/www.brokk.com\/sv\/"},{"@type":"ListItem","position":2,"name":"Om Brokk","item":"https:\/\/www.brokk.com\/sv\/om-brokk\/"},{"@type":"ListItem","position":3,"name":"Historia"}]},{"@type":"WebSite","@id":"https:\/\/www.brokk.com\/sv\/#website","url":"https:\/\/www.brokk.com\/sv\/","name":"Brokk Sweden","description":"","potentialAction":[{"@type":"SearchAction","target":{"@type":"EntryPoint","urlTemplate":"https:\/\/www.brokk.com\/sv\/?s={search_term_string}"},"query-input":{"@type":"PropertyValueSpecification","valueRequired":true,"valueName":"search_term_string"}}],"inLanguage":"sv-SE"}]}},"_links":{"self":[{"href":"https:\/\/www.brokk.com\/sv\/wp-json\/wp\/v2\/pages\/2920","targetHints":{"allow":["GET"]}}],"collection":[{"href":"https:\/\/www.brokk.com\/sv\/wp-json\/wp\/v2\/pages"}],"about":[{"href":"https:\/\/www.brokk.com\/sv\/wp-json\/wp\/v2\/types\/page"}],"author":[{"embeddable":true,"href":"https:\/\/www.brokk.com\/sv\/wp-json\/wp\/v2\/users\/36"}],"replies":[{"embeddable":true,"href":"https:\/\/www.brokk.com\/sv\/wp-json\/wp\/v2\/comments?post=2920"}],"version-history":[{"count":9,"href":"https:\/\/www.brokk.com\/sv\/wp-json\/wp\/v2\/pages\/2920\/revisions"}],"predecessor-version":[{"id":5723,"href":"https:\/\/www.brokk.com\/sv\/wp-json\/wp\/v2\/pages\/2920\/revisions\/5723"}],"up":[{"embeddable":true,"href":"https:\/\/www.brokk.com\/sv\/wp-json\/wp\/v2\/pages\/3513"}],"wp:attachment":[{"href":"https:\/\/www.brokk.com\/sv\/wp-json\/wp\/v2\/media?parent=2920"}],"curies":[{"name":"wp","href":"https:\/\/api.w.org\/{rel}","templated":true}]}}