{"id":3402,"date":"2018-04-06T08:00:17","date_gmt":"2018-04-06T07:00:17","guid":{"rendered":"https:\/\/www.brokk.com\/sweden\/our-edge\/"},"modified":"2025-08-13T13:51:36","modified_gmt":"2025-08-13T11:51:36","slug":"vara-styrkor","status":"publish","type":"page","link":"https:\/\/www.brokk.com\/sv\/vara-styrkor\/","title":{"rendered":"V\u00e5ra styrkor"},"content":{"rendered":"<h2>Tekniska f\u00f6rdelar<\/h2>\n<h4>Stort utbud av modeller<\/h4>\n<p>Det st\u00f6rsta utbudet av rivningsrobotar med unika egenskaper och o\u00e4ndligt med valm\u00f6jligheter.<\/p>\n<h4>\u00f6verl\u00e4gsen stabilitet<\/h4>\n<p>Larvband och lastbalanserade st\u00f6dben maximerar stabilitet och s\u00e4kerhet.<\/p>\n<h4>unikt styrsystem<\/h4>\n<p>H\u00f6gteknologiskt radiosystem med en l\u00e4ttl\u00e4st display. Bevisad r\u00e4ckvidd upp till 300 meter utan dr\u00f6jsm\u00e5l.<\/p>\n<h4>Tillf\u00f6rlitlighet<\/h4>\n<p>Byggd f\u00f6r att h\u00e5lla i tuffa milj\u00f6er, baserat p\u00e5 \u00f6ver 40 \u00e5rs konstruktionsarbete.<\/p>\n<h4>oslagbar kylkapacitet<\/h4>\n<p>H\u00e5ller en j\u00e4mn oljetemperatur f\u00f6r h\u00e5rt arbete i varma milj\u00f6er.<\/p>\n<h4>r\u00e4tt konfiguration f\u00f6r din industri<\/h4>\n<p>Stort utbud av tillval f\u00f6r att passa dina behov och uppdrag.<\/p>\n","protected":false},"excerpt":{"rendered":"<p>Tekniska f\u00f6rdelar Stort utbud av modeller Det st\u00f6rsta utbudet av rivningsrobotar med unika egenskaper och o\u00e4ndligt med valm\u00f6jligheter. \u00f6verl\u00e4gsen stabilitet Larvband och lastbalanserade st\u00f6dben maximerar stabilitet och s\u00e4kerhet. unikt styrsystem H\u00f6gteknologiskt radiosystem med en l\u00e4ttl\u00e4st display. Bevisad r\u00e4ckvidd upp till\u2026<\/p>\n","protected":false},"author":36,"featured_media":5925,"parent":0,"menu_order":79,"comment_status":"closed","ping_status":"closed","template":"page-templates\/common.php","meta":{"_acf_changed":false,"_relevanssi_hide_post":"","_relevanssi_hide_content":"","_relevanssi_pin_for_all":"","_relevanssi_pin_keywords":"","_relevanssi_unpin_keywords":"","_relevanssi_related_keywords":"","_relevanssi_related_include_ids":"","_relevanssi_related_exclude_ids":"","_relevanssi_related_no_append":"","_relevanssi_related_not_related":"","_relevanssi_related_posts":"","_relevanssi_noindex_reason":"","footnotes":""},"class_list":["post-3402","page","type-page","status-publish","has-post-thumbnail","hentry"],"acf":[],"yoast_head":"<!-- This site is optimized with the Yoast SEO plugin v27.3 - https:\/\/yoast.com\/product\/yoast-seo-wordpress\/ -->\n<title>V\u00e5ra styrkor - Brokk Sweden<\/title>\n<meta name=\"robots\" content=\"index, follow, max-snippet:-1, max-image-preview:large, max-video-preview:-1\" \/>\n<link rel=\"canonical\" href=\"https:\/\/www.brokk.com\/sv\/vara-styrkor\/\" \/>\n<meta property=\"og:locale\" content=\"sv_SE\" \/>\n<meta property=\"og:type\" content=\"article\" \/>\n<meta property=\"og:title\" content=\"V\u00e5ra styrkor - Brokk Sweden\" \/>\n<meta property=\"og:description\" content=\"Tekniska f\u00f6rdelar Stort utbud av modeller Det st\u00f6rsta utbudet av rivningsrobotar med unika egenskaper och o\u00e4ndligt med valm\u00f6jligheter. \u00f6verl\u00e4gsen stabilitet Larvband och lastbalanserade st\u00f6dben maximerar stabilitet och s\u00e4kerhet. unikt styrsystem H\u00f6gteknologiskt radiosystem med en l\u00e4ttl\u00e4st display. Bevisad r\u00e4ckvidd upp till\u2026\" \/>\n<meta property=\"og:url\" content=\"https:\/\/www.brokk.com\/sv\/vara-styrkor\/\" \/>\n<meta property=\"og:site_name\" content=\"Brokk Sweden\" \/>\n<meta property=\"article:modified_time\" content=\"2025-08-13T11:51:36+00:00\" \/>\n<meta property=\"og:image\" content=\"https:\/\/www.brokk.com\/sv\/uploads\/sites\/10\/2025\/04\/r6__1172.jpg\" \/>\n\t<meta property=\"og:image:width\" content=\"1440\" \/>\n\t<meta property=\"og:image:height\" content=\"960\" \/>\n\t<meta property=\"og:image:type\" content=\"image\/jpeg\" \/>\n<meta name=\"twitter:card\" content=\"summary_large_image\" \/>\n<meta name=\"twitter:label1\" content=\"Ber\u00e4knad l\u00e4stid\" \/>\n\t<meta name=\"twitter:data1\" content=\"1 minut\" \/>\n<script type=\"application\/ld+json\" class=\"yoast-schema-graph\">{\"@context\":\"https:\\\/\\\/schema.org\",\"@graph\":[{\"@type\":\"WebPage\",\"@id\":\"https:\\\/\\\/www.brokk.com\\\/sv\\\/vara-styrkor\\\/\",\"url\":\"https:\\\/\\\/www.brokk.com\\\/sv\\\/vara-styrkor\\\/\",\"name\":\"V\u00e5ra styrkor - Brokk Sweden\",\"isPartOf\":{\"@id\":\"https:\\\/\\\/www.brokk.com\\\/sv\\\/#website\"},\"primaryImageOfPage\":{\"@id\":\"https:\\\/\\\/www.brokk.com\\\/sv\\\/vara-styrkor\\\/#primaryimage\"},\"image\":{\"@id\":\"https:\\\/\\\/www.brokk.com\\\/sv\\\/vara-styrkor\\\/#primaryimage\"},\"thumbnailUrl\":\"https:\\\/\\\/www.brokk.com\\\/sv\\\/uploads\\\/sites\\\/10\\\/2025\\\/04\\\/r6__1172.jpg\",\"datePublished\":\"2018-04-06T07:00:17+00:00\",\"dateModified\":\"2025-08-13T11:51:36+00:00\",\"breadcrumb\":{\"@id\":\"https:\\\/\\\/www.brokk.com\\\/sv\\\/vara-styrkor\\\/#breadcrumb\"},\"inLanguage\":\"sv-SE\",\"potentialAction\":[{\"@type\":\"ReadAction\",\"target\":[\"https:\\\/\\\/www.brokk.com\\\/sv\\\/vara-styrkor\\\/\"]}]},{\"@type\":\"ImageObject\",\"inLanguage\":\"sv-SE\",\"@id\":\"https:\\\/\\\/www.brokk.com\\\/sv\\\/vara-styrkor\\\/#primaryimage\",\"url\":\"https:\\\/\\\/www.brokk.com\\\/sv\\\/uploads\\\/sites\\\/10\\\/2025\\\/04\\\/r6__1172.jpg\",\"contentUrl\":\"https:\\\/\\\/www.brokk.com\\\/sv\\\/uploads\\\/sites\\\/10\\\/2025\\\/04\\\/r6__1172.jpg\",\"width\":1440,\"height\":960},{\"@type\":\"BreadcrumbList\",\"@id\":\"https:\\\/\\\/www.brokk.com\\\/sv\\\/vara-styrkor\\\/#breadcrumb\",\"itemListElement\":[{\"@type\":\"ListItem\",\"position\":1,\"name\":\"Home\",\"item\":\"https:\\\/\\\/www.brokk.com\\\/sv\\\/\"},{\"@type\":\"ListItem\",\"position\":2,\"name\":\"V\u00e5ra styrkor\"}]},{\"@type\":\"WebSite\",\"@id\":\"https:\\\/\\\/www.brokk.com\\\/sv\\\/#website\",\"url\":\"https:\\\/\\\/www.brokk.com\\\/sv\\\/\",\"name\":\"Brokk Sweden\",\"description\":\"\",\"potentialAction\":[{\"@type\":\"SearchAction\",\"target\":{\"@type\":\"EntryPoint\",\"urlTemplate\":\"https:\\\/\\\/www.brokk.com\\\/sv\\\/?s={search_term_string}\"},\"query-input\":{\"@type\":\"PropertyValueSpecification\",\"valueRequired\":true,\"valueName\":\"search_term_string\"}}],\"inLanguage\":\"sv-SE\"}]}<\/script>\n<!-- \/ Yoast SEO plugin. -->","yoast_head_json":{"title":"V\u00e5ra styrkor - Brokk Sweden","robots":{"index":"index","follow":"follow","max-snippet":"max-snippet:-1","max-image-preview":"max-image-preview:large","max-video-preview":"max-video-preview:-1"},"canonical":"https:\/\/www.brokk.com\/sv\/vara-styrkor\/","og_locale":"sv_SE","og_type":"article","og_title":"V\u00e5ra styrkor - Brokk Sweden","og_description":"Tekniska f\u00f6rdelar Stort utbud av modeller Det st\u00f6rsta utbudet av rivningsrobotar med unika egenskaper och o\u00e4ndligt med valm\u00f6jligheter. \u00f6verl\u00e4gsen stabilitet Larvband och lastbalanserade st\u00f6dben maximerar stabilitet och s\u00e4kerhet. unikt styrsystem H\u00f6gteknologiskt radiosystem med en l\u00e4ttl\u00e4st display. Bevisad r\u00e4ckvidd upp till\u2026","og_url":"https:\/\/www.brokk.com\/sv\/vara-styrkor\/","og_site_name":"Brokk Sweden","article_modified_time":"2025-08-13T11:51:36+00:00","og_image":[{"width":1440,"height":960,"url":"https:\/\/www.brokk.com\/sv\/uploads\/sites\/10\/2025\/04\/r6__1172.jpg","type":"image\/jpeg"}],"twitter_card":"summary_large_image","twitter_misc":{"Ber\u00e4knad l\u00e4stid":"1 minut"},"schema":{"@context":"https:\/\/schema.org","@graph":[{"@type":"WebPage","@id":"https:\/\/www.brokk.com\/sv\/vara-styrkor\/","url":"https:\/\/www.brokk.com\/sv\/vara-styrkor\/","name":"V\u00e5ra styrkor - Brokk Sweden","isPartOf":{"@id":"https:\/\/www.brokk.com\/sv\/#website"},"primaryImageOfPage":{"@id":"https:\/\/www.brokk.com\/sv\/vara-styrkor\/#primaryimage"},"image":{"@id":"https:\/\/www.brokk.com\/sv\/vara-styrkor\/#primaryimage"},"thumbnailUrl":"https:\/\/www.brokk.com\/sv\/uploads\/sites\/10\/2025\/04\/r6__1172.jpg","datePublished":"2018-04-06T07:00:17+00:00","dateModified":"2025-08-13T11:51:36+00:00","breadcrumb":{"@id":"https:\/\/www.brokk.com\/sv\/vara-styrkor\/#breadcrumb"},"inLanguage":"sv-SE","potentialAction":[{"@type":"ReadAction","target":["https:\/\/www.brokk.com\/sv\/vara-styrkor\/"]}]},{"@type":"ImageObject","inLanguage":"sv-SE","@id":"https:\/\/www.brokk.com\/sv\/vara-styrkor\/#primaryimage","url":"https:\/\/www.brokk.com\/sv\/uploads\/sites\/10\/2025\/04\/r6__1172.jpg","contentUrl":"https:\/\/www.brokk.com\/sv\/uploads\/sites\/10\/2025\/04\/r6__1172.jpg","width":1440,"height":960},{"@type":"BreadcrumbList","@id":"https:\/\/www.brokk.com\/sv\/vara-styrkor\/#breadcrumb","itemListElement":[{"@type":"ListItem","position":1,"name":"Home","item":"https:\/\/www.brokk.com\/sv\/"},{"@type":"ListItem","position":2,"name":"V\u00e5ra styrkor"}]},{"@type":"WebSite","@id":"https:\/\/www.brokk.com\/sv\/#website","url":"https:\/\/www.brokk.com\/sv\/","name":"Brokk Sweden","description":"","potentialAction":[{"@type":"SearchAction","target":{"@type":"EntryPoint","urlTemplate":"https:\/\/www.brokk.com\/sv\/?s={search_term_string}"},"query-input":{"@type":"PropertyValueSpecification","valueRequired":true,"valueName":"search_term_string"}}],"inLanguage":"sv-SE"}]}},"_links":{"self":[{"href":"https:\/\/www.brokk.com\/sv\/wp-json\/wp\/v2\/pages\/3402","targetHints":{"allow":["GET"]}}],"collection":[{"href":"https:\/\/www.brokk.com\/sv\/wp-json\/wp\/v2\/pages"}],"about":[{"href":"https:\/\/www.brokk.com\/sv\/wp-json\/wp\/v2\/types\/page"}],"author":[{"embeddable":true,"href":"https:\/\/www.brokk.com\/sv\/wp-json\/wp\/v2\/users\/36"}],"replies":[{"embeddable":true,"href":"https:\/\/www.brokk.com\/sv\/wp-json\/wp\/v2\/comments?post=3402"}],"version-history":[{"count":11,"href":"https:\/\/www.brokk.com\/sv\/wp-json\/wp\/v2\/pages\/3402\/revisions"}],"predecessor-version":[{"id":6187,"href":"https:\/\/www.brokk.com\/sv\/wp-json\/wp\/v2\/pages\/3402\/revisions\/6187"}],"wp:featuredmedia":[{"embeddable":true,"href":"https:\/\/www.brokk.com\/sv\/wp-json\/wp\/v2\/media\/5925"}],"wp:attachment":[{"href":"https:\/\/www.brokk.com\/sv\/wp-json\/wp\/v2\/media?parent=3402"}],"curies":[{"name":"wp","href":"https:\/\/api.w.org\/{rel}","templated":true}]}}