{"id":3412,"date":"2018-04-06T08:34:15","date_gmt":"2018-04-06T07:34:15","guid":{"rendered":"https:\/\/www.brokk.com\/sweden\/after-sales\/"},"modified":"2023-10-05T15:04:19","modified_gmt":"2023-10-05T13:04:19","slug":"eftermarknad","status":"publish","type":"page","link":"https:\/\/www.brokk.com\/sv\/eftermarknad\/","title":{"rendered":"Eftermarknad"},"content":{"rendered":"<h3>Din Brokk \u00e4r i goda h\u00e4nder<\/h3>\n<p>Brokk Uptime\u2122 konceptet har tre unika delar:<\/p>\n<ul>\n<li>Service och support i v\u00e4rldsklass<\/li>\n<li>Originalreservdelar f\u00f6r optimal prestanda och livsl\u00e4ngd f\u00f6r din Brokk<\/li>\n<li>Branschens f\u00f6rsta proaktiva serviceavtal. Proaktiv f\u00f6rs\u00e4kran ist\u00e4llet f\u00f6r ov\u00e4ntade \u00f6verraskningar.<\/li>\n<\/ul>\n<p><span title=\"\">Sammantaget ser dessa tj\u00e4nster till att din Brokk blir produktiv och p\u00e5litlig \u00e5r efter \u00e5r.<\/span> <span title=\"\">Observera att det proaktiva serviceavtalet ocks\u00e5 g\u00e4ller f\u00f6r begagnade maskiner.<\/span> <span title=\"\">Klicka p\u00e5 avsnitten nedan f\u00f6r mer info.<\/span><\/p>\n","protected":false},"excerpt":{"rendered":"<p>Service och reservdelar du kan lita p\u00e5. Oavsett n\u00e4r eller var du beh\u00f6ver dem.<\/p>\n","protected":false},"author":36,"featured_media":3413,"parent":0,"menu_order":35,"comment_status":"closed","ping_status":"closed","template":"page-templates\/common.php","meta":{"_acf_changed":false,"_relevanssi_hide_post":"","_relevanssi_hide_content":"","_relevanssi_pin_for_all":"","_relevanssi_pin_keywords":"","_relevanssi_unpin_keywords":"","_relevanssi_related_keywords":"","_relevanssi_related_include_ids":"","_relevanssi_related_exclude_ids":"","_relevanssi_related_no_append":"","_relevanssi_related_not_related":"","_relevanssi_related_posts":"","_relevanssi_noindex_reason":"","footnotes":""},"class_list":["post-3412","page","type-page","status-publish","has-post-thumbnail","hentry"],"acf":[],"yoast_head":"<!-- This site is optimized with the Yoast SEO plugin v27.3 - https:\/\/yoast.com\/product\/yoast-seo-wordpress\/ -->\n<title>Eftermarknad - Brokk Sweden<\/title>\n<meta name=\"robots\" content=\"index, follow, max-snippet:-1, max-image-preview:large, max-video-preview:-1\" \/>\n<link rel=\"canonical\" href=\"https:\/\/www.brokk.com\/sv\/eftermarknad\/\" \/>\n<meta property=\"og:locale\" content=\"sv_SE\" \/>\n<meta property=\"og:type\" content=\"article\" \/>\n<meta property=\"og:title\" content=\"Eftermarknad - Brokk Sweden\" \/>\n<meta property=\"og:description\" content=\"Service och reservdelar du kan lita p\u00e5. Oavsett n\u00e4r eller var du beh\u00f6ver dem.\" \/>\n<meta property=\"og:url\" content=\"https:\/\/www.brokk.com\/sv\/eftermarknad\/\" \/>\n<meta property=\"og:site_name\" content=\"Brokk Sweden\" \/>\n<meta property=\"article:modified_time\" content=\"2023-10-05T13:04:19+00:00\" \/>\n<meta property=\"og:image\" content=\"https:\/\/www.brokk.com\/sv\/uploads\/sites\/10\/2018\/03\/after-sales_hero.jpg\" \/>\n\t<meta property=\"og:image:width\" content=\"2560\" \/>\n\t<meta property=\"og:image:height\" content=\"1096\" \/>\n\t<meta property=\"og:image:type\" content=\"image\/jpeg\" \/>\n<meta name=\"twitter:card\" content=\"summary_large_image\" \/>\n<meta name=\"twitter:label1\" content=\"Ber\u00e4knad l\u00e4stid\" \/>\n\t<meta name=\"twitter:data1\" content=\"1 minut\" \/>\n<script type=\"application\/ld+json\" class=\"yoast-schema-graph\">{\"@context\":\"https:\\\/\\\/schema.org\",\"@graph\":[{\"@type\":\"WebPage\",\"@id\":\"https:\\\/\\\/www.brokk.com\\\/sv\\\/eftermarknad\\\/\",\"url\":\"https:\\\/\\\/www.brokk.com\\\/sv\\\/eftermarknad\\\/\",\"name\":\"Eftermarknad - Brokk Sweden\",\"isPartOf\":{\"@id\":\"https:\\\/\\\/www.brokk.com\\\/sv\\\/#website\"},\"primaryImageOfPage\":{\"@id\":\"https:\\\/\\\/www.brokk.com\\\/sv\\\/eftermarknad\\\/#primaryimage\"},\"image\":{\"@id\":\"https:\\\/\\\/www.brokk.com\\\/sv\\\/eftermarknad\\\/#primaryimage\"},\"thumbnailUrl\":\"https:\\\/\\\/www.brokk.com\\\/sv\\\/uploads\\\/sites\\\/10\\\/2018\\\/03\\\/after-sales_hero.jpg\",\"datePublished\":\"2018-04-06T07:34:15+00:00\",\"dateModified\":\"2023-10-05T13:04:19+00:00\",\"breadcrumb\":{\"@id\":\"https:\\\/\\\/www.brokk.com\\\/sv\\\/eftermarknad\\\/#breadcrumb\"},\"inLanguage\":\"sv-SE\",\"potentialAction\":[{\"@type\":\"ReadAction\",\"target\":[\"https:\\\/\\\/www.brokk.com\\\/sv\\\/eftermarknad\\\/\"]}]},{\"@type\":\"ImageObject\",\"inLanguage\":\"sv-SE\",\"@id\":\"https:\\\/\\\/www.brokk.com\\\/sv\\\/eftermarknad\\\/#primaryimage\",\"url\":\"https:\\\/\\\/www.brokk.com\\\/sv\\\/uploads\\\/sites\\\/10\\\/2018\\\/03\\\/after-sales_hero.jpg\",\"contentUrl\":\"https:\\\/\\\/www.brokk.com\\\/sv\\\/uploads\\\/sites\\\/10\\\/2018\\\/03\\\/after-sales_hero.jpg\",\"width\":2560,\"height\":1096},{\"@type\":\"BreadcrumbList\",\"@id\":\"https:\\\/\\\/www.brokk.com\\\/sv\\\/eftermarknad\\\/#breadcrumb\",\"itemListElement\":[{\"@type\":\"ListItem\",\"position\":1,\"name\":\"Home\",\"item\":\"https:\\\/\\\/www.brokk.com\\\/sv\\\/\"},{\"@type\":\"ListItem\",\"position\":2,\"name\":\"Eftermarknad\"}]},{\"@type\":\"WebSite\",\"@id\":\"https:\\\/\\\/www.brokk.com\\\/sv\\\/#website\",\"url\":\"https:\\\/\\\/www.brokk.com\\\/sv\\\/\",\"name\":\"Brokk Sweden\",\"description\":\"\",\"potentialAction\":[{\"@type\":\"SearchAction\",\"target\":{\"@type\":\"EntryPoint\",\"urlTemplate\":\"https:\\\/\\\/www.brokk.com\\\/sv\\\/?s={search_term_string}\"},\"query-input\":{\"@type\":\"PropertyValueSpecification\",\"valueRequired\":true,\"valueName\":\"search_term_string\"}}],\"inLanguage\":\"sv-SE\"}]}<\/script>\n<!-- \/ Yoast SEO plugin. -->","yoast_head_json":{"title":"Eftermarknad - Brokk Sweden","robots":{"index":"index","follow":"follow","max-snippet":"max-snippet:-1","max-image-preview":"max-image-preview:large","max-video-preview":"max-video-preview:-1"},"canonical":"https:\/\/www.brokk.com\/sv\/eftermarknad\/","og_locale":"sv_SE","og_type":"article","og_title":"Eftermarknad - Brokk Sweden","og_description":"Service och reservdelar du kan lita p\u00e5. Oavsett n\u00e4r eller var du beh\u00f6ver dem.","og_url":"https:\/\/www.brokk.com\/sv\/eftermarknad\/","og_site_name":"Brokk Sweden","article_modified_time":"2023-10-05T13:04:19+00:00","og_image":[{"width":2560,"height":1096,"url":"https:\/\/www.brokk.com\/sv\/uploads\/sites\/10\/2018\/03\/after-sales_hero.jpg","type":"image\/jpeg"}],"twitter_card":"summary_large_image","twitter_misc":{"Ber\u00e4knad l\u00e4stid":"1 minut"},"schema":{"@context":"https:\/\/schema.org","@graph":[{"@type":"WebPage","@id":"https:\/\/www.brokk.com\/sv\/eftermarknad\/","url":"https:\/\/www.brokk.com\/sv\/eftermarknad\/","name":"Eftermarknad - Brokk Sweden","isPartOf":{"@id":"https:\/\/www.brokk.com\/sv\/#website"},"primaryImageOfPage":{"@id":"https:\/\/www.brokk.com\/sv\/eftermarknad\/#primaryimage"},"image":{"@id":"https:\/\/www.brokk.com\/sv\/eftermarknad\/#primaryimage"},"thumbnailUrl":"https:\/\/www.brokk.com\/sv\/uploads\/sites\/10\/2018\/03\/after-sales_hero.jpg","datePublished":"2018-04-06T07:34:15+00:00","dateModified":"2023-10-05T13:04:19+00:00","breadcrumb":{"@id":"https:\/\/www.brokk.com\/sv\/eftermarknad\/#breadcrumb"},"inLanguage":"sv-SE","potentialAction":[{"@type":"ReadAction","target":["https:\/\/www.brokk.com\/sv\/eftermarknad\/"]}]},{"@type":"ImageObject","inLanguage":"sv-SE","@id":"https:\/\/www.brokk.com\/sv\/eftermarknad\/#primaryimage","url":"https:\/\/www.brokk.com\/sv\/uploads\/sites\/10\/2018\/03\/after-sales_hero.jpg","contentUrl":"https:\/\/www.brokk.com\/sv\/uploads\/sites\/10\/2018\/03\/after-sales_hero.jpg","width":2560,"height":1096},{"@type":"BreadcrumbList","@id":"https:\/\/www.brokk.com\/sv\/eftermarknad\/#breadcrumb","itemListElement":[{"@type":"ListItem","position":1,"name":"Home","item":"https:\/\/www.brokk.com\/sv\/"},{"@type":"ListItem","position":2,"name":"Eftermarknad"}]},{"@type":"WebSite","@id":"https:\/\/www.brokk.com\/sv\/#website","url":"https:\/\/www.brokk.com\/sv\/","name":"Brokk Sweden","description":"","potentialAction":[{"@type":"SearchAction","target":{"@type":"EntryPoint","urlTemplate":"https:\/\/www.brokk.com\/sv\/?s={search_term_string}"},"query-input":{"@type":"PropertyValueSpecification","valueRequired":true,"valueName":"search_term_string"}}],"inLanguage":"sv-SE"}]}},"_links":{"self":[{"href":"https:\/\/www.brokk.com\/sv\/wp-json\/wp\/v2\/pages\/3412","targetHints":{"allow":["GET"]}}],"collection":[{"href":"https:\/\/www.brokk.com\/sv\/wp-json\/wp\/v2\/pages"}],"about":[{"href":"https:\/\/www.brokk.com\/sv\/wp-json\/wp\/v2\/types\/page"}],"author":[{"embeddable":true,"href":"https:\/\/www.brokk.com\/sv\/wp-json\/wp\/v2\/users\/36"}],"replies":[{"embeddable":true,"href":"https:\/\/www.brokk.com\/sv\/wp-json\/wp\/v2\/comments?post=3412"}],"version-history":[{"count":10,"href":"https:\/\/www.brokk.com\/sv\/wp-json\/wp\/v2\/pages\/3412\/revisions"}],"predecessor-version":[{"id":5360,"href":"https:\/\/www.brokk.com\/sv\/wp-json\/wp\/v2\/pages\/3412\/revisions\/5360"}],"wp:featuredmedia":[{"embeddable":true,"href":"https:\/\/www.brokk.com\/sv\/wp-json\/wp\/v2\/media\/3413"}],"wp:attachment":[{"href":"https:\/\/www.brokk.com\/sv\/wp-json\/wp\/v2\/media?parent=3412"}],"curies":[{"name":"wp","href":"https:\/\/api.w.org\/{rel}","templated":true}]}}