{"id":3425,"date":"2018-04-06T08:35:41","date_gmt":"2018-04-06T07:35:41","guid":{"rendered":"https:\/\/www.brokk.com\/sweden\/after-sales\/troubleshooting\/"},"modified":"2019-08-28T09:12:03","modified_gmt":"2019-08-28T08:12:03","slug":"felsokning","status":"publish","type":"page","link":"https:\/\/www.brokk.com\/sv\/eftermarknad\/felsokning\/","title":{"rendered":"Fels\u00f6kning"},"content":{"rendered":"<p>H\u00e4r har vi, baserat p\u00e5 v\u00e5r samlade kunskap om Brokkrobotar, sammanst\u00e4llt ett PDF-dokument med information kring fels\u00f6kning. Ladda g\u00e4rna ner PDF-filen till din dator\/mobil eller skriv ut det p\u00e5 papper s\u00e5 du har tillg\u00e5ng till fels\u00f6kningen \u00e4ven om du befinner dig i omr\u00e5den med d\u00e5lig t\u00e4ckning. Ladda ner dokumentet <a href=\"https:\/\/www.brokk.com\/uploads\/2019\/03\/felsokning_webben.pdf\" target=\"_blank\" rel=\"noopener noreferrer\">H\u00c4R<\/a><\/p>\n","protected":false},"excerpt":{"rendered":"<p>H\u00e4r har vi, baserat p\u00e5 v\u00e5r samlade kunskap om Brokkrobotar, sammanst\u00e4llt ett PDF-dokument med information kring fels\u00f6kning. Ladda g\u00e4rna ner PDF-filen till din dator\/mobil eller skriv ut det p\u00e5 papper s\u00e5 du har tillg\u00e5ng till fels\u00f6kningen \u00e4ven om du befinner\u2026<\/p>\n","protected":false},"author":36,"featured_media":0,"parent":3412,"menu_order":87,"comment_status":"closed","ping_status":"closed","template":"","meta":{"_acf_changed":false,"_relevanssi_hide_post":"","_relevanssi_hide_content":"","_relevanssi_pin_for_all":"","_relevanssi_pin_keywords":"","_relevanssi_unpin_keywords":"","_relevanssi_related_keywords":"","_relevanssi_related_include_ids":"","_relevanssi_related_exclude_ids":"","_relevanssi_related_no_append":"","_relevanssi_related_not_related":"","_relevanssi_related_posts":"","_relevanssi_noindex_reason":"","footnotes":""},"class_list":["post-3425","page","type-page","status-publish","hentry"],"acf":[],"yoast_head":"<!-- This site is optimized with the Yoast SEO plugin v27.3 - https:\/\/yoast.com\/product\/yoast-seo-wordpress\/ -->\n<title>Fels\u00f6kning - Brokk Sweden<\/title>\n<meta name=\"robots\" content=\"index, follow, max-snippet:-1, max-image-preview:large, max-video-preview:-1\" \/>\n<link rel=\"canonical\" href=\"https:\/\/www.brokk.com\/sv\/eftermarknad\/felsokning\/\" \/>\n<meta property=\"og:locale\" content=\"sv_SE\" \/>\n<meta property=\"og:type\" content=\"article\" \/>\n<meta property=\"og:title\" content=\"Fels\u00f6kning - Brokk Sweden\" \/>\n<meta property=\"og:description\" content=\"H\u00e4r har vi, baserat p\u00e5 v\u00e5r samlade kunskap om Brokkrobotar, sammanst\u00e4llt ett PDF-dokument med information kring fels\u00f6kning. Ladda g\u00e4rna ner PDF-filen till din dator\/mobil eller skriv ut det p\u00e5 papper s\u00e5 du har tillg\u00e5ng till fels\u00f6kningen \u00e4ven om du befinner\u2026\" \/>\n<meta property=\"og:url\" content=\"https:\/\/www.brokk.com\/sv\/eftermarknad\/felsokning\/\" \/>\n<meta property=\"og:site_name\" content=\"Brokk Sweden\" \/>\n<meta property=\"article:modified_time\" content=\"2019-08-28T08:12:03+00:00\" \/>\n<meta name=\"twitter:card\" content=\"summary_large_image\" \/>\n<script type=\"application\/ld+json\" class=\"yoast-schema-graph\">{\"@context\":\"https:\\\/\\\/schema.org\",\"@graph\":[{\"@type\":\"WebPage\",\"@id\":\"https:\\\/\\\/www.brokk.com\\\/sv\\\/eftermarknad\\\/felsokning\\\/\",\"url\":\"https:\\\/\\\/www.brokk.com\\\/sv\\\/eftermarknad\\\/felsokning\\\/\",\"name\":\"Fels\u00f6kning - Brokk Sweden\",\"isPartOf\":{\"@id\":\"https:\\\/\\\/www.brokk.com\\\/sv\\\/#website\"},\"datePublished\":\"2018-04-06T07:35:41+00:00\",\"dateModified\":\"2019-08-28T08:12:03+00:00\",\"breadcrumb\":{\"@id\":\"https:\\\/\\\/www.brokk.com\\\/sv\\\/eftermarknad\\\/felsokning\\\/#breadcrumb\"},\"inLanguage\":\"sv-SE\",\"potentialAction\":[{\"@type\":\"ReadAction\",\"target\":[\"https:\\\/\\\/www.brokk.com\\\/sv\\\/eftermarknad\\\/felsokning\\\/\"]}]},{\"@type\":\"BreadcrumbList\",\"@id\":\"https:\\\/\\\/www.brokk.com\\\/sv\\\/eftermarknad\\\/felsokning\\\/#breadcrumb\",\"itemListElement\":[{\"@type\":\"ListItem\",\"position\":1,\"name\":\"Home\",\"item\":\"https:\\\/\\\/www.brokk.com\\\/sv\\\/\"},{\"@type\":\"ListItem\",\"position\":2,\"name\":\"Eftermarknad\",\"item\":\"https:\\\/\\\/www.brokk.com\\\/sv\\\/eftermarknad\\\/\"},{\"@type\":\"ListItem\",\"position\":3,\"name\":\"Fels\u00f6kning\"}]},{\"@type\":\"WebSite\",\"@id\":\"https:\\\/\\\/www.brokk.com\\\/sv\\\/#website\",\"url\":\"https:\\\/\\\/www.brokk.com\\\/sv\\\/\",\"name\":\"Brokk Sweden\",\"description\":\"\",\"potentialAction\":[{\"@type\":\"SearchAction\",\"target\":{\"@type\":\"EntryPoint\",\"urlTemplate\":\"https:\\\/\\\/www.brokk.com\\\/sv\\\/?s={search_term_string}\"},\"query-input\":{\"@type\":\"PropertyValueSpecification\",\"valueRequired\":true,\"valueName\":\"search_term_string\"}}],\"inLanguage\":\"sv-SE\"}]}<\/script>\n<!-- \/ Yoast SEO plugin. -->","yoast_head_json":{"title":"Fels\u00f6kning - Brokk Sweden","robots":{"index":"index","follow":"follow","max-snippet":"max-snippet:-1","max-image-preview":"max-image-preview:large","max-video-preview":"max-video-preview:-1"},"canonical":"https:\/\/www.brokk.com\/sv\/eftermarknad\/felsokning\/","og_locale":"sv_SE","og_type":"article","og_title":"Fels\u00f6kning - Brokk Sweden","og_description":"H\u00e4r har vi, baserat p\u00e5 v\u00e5r samlade kunskap om Brokkrobotar, sammanst\u00e4llt ett PDF-dokument med information kring fels\u00f6kning. Ladda g\u00e4rna ner PDF-filen till din dator\/mobil eller skriv ut det p\u00e5 papper s\u00e5 du har tillg\u00e5ng till fels\u00f6kningen \u00e4ven om du befinner\u2026","og_url":"https:\/\/www.brokk.com\/sv\/eftermarknad\/felsokning\/","og_site_name":"Brokk Sweden","article_modified_time":"2019-08-28T08:12:03+00:00","twitter_card":"summary_large_image","schema":{"@context":"https:\/\/schema.org","@graph":[{"@type":"WebPage","@id":"https:\/\/www.brokk.com\/sv\/eftermarknad\/felsokning\/","url":"https:\/\/www.brokk.com\/sv\/eftermarknad\/felsokning\/","name":"Fels\u00f6kning - Brokk Sweden","isPartOf":{"@id":"https:\/\/www.brokk.com\/sv\/#website"},"datePublished":"2018-04-06T07:35:41+00:00","dateModified":"2019-08-28T08:12:03+00:00","breadcrumb":{"@id":"https:\/\/www.brokk.com\/sv\/eftermarknad\/felsokning\/#breadcrumb"},"inLanguage":"sv-SE","potentialAction":[{"@type":"ReadAction","target":["https:\/\/www.brokk.com\/sv\/eftermarknad\/felsokning\/"]}]},{"@type":"BreadcrumbList","@id":"https:\/\/www.brokk.com\/sv\/eftermarknad\/felsokning\/#breadcrumb","itemListElement":[{"@type":"ListItem","position":1,"name":"Home","item":"https:\/\/www.brokk.com\/sv\/"},{"@type":"ListItem","position":2,"name":"Eftermarknad","item":"https:\/\/www.brokk.com\/sv\/eftermarknad\/"},{"@type":"ListItem","position":3,"name":"Fels\u00f6kning"}]},{"@type":"WebSite","@id":"https:\/\/www.brokk.com\/sv\/#website","url":"https:\/\/www.brokk.com\/sv\/","name":"Brokk Sweden","description":"","potentialAction":[{"@type":"SearchAction","target":{"@type":"EntryPoint","urlTemplate":"https:\/\/www.brokk.com\/sv\/?s={search_term_string}"},"query-input":{"@type":"PropertyValueSpecification","valueRequired":true,"valueName":"search_term_string"}}],"inLanguage":"sv-SE"}]}},"_links":{"self":[{"href":"https:\/\/www.brokk.com\/sv\/wp-json\/wp\/v2\/pages\/3425","targetHints":{"allow":["GET"]}}],"collection":[{"href":"https:\/\/www.brokk.com\/sv\/wp-json\/wp\/v2\/pages"}],"about":[{"href":"https:\/\/www.brokk.com\/sv\/wp-json\/wp\/v2\/types\/page"}],"author":[{"embeddable":true,"href":"https:\/\/www.brokk.com\/sv\/wp-json\/wp\/v2\/users\/36"}],"replies":[{"embeddable":true,"href":"https:\/\/www.brokk.com\/sv\/wp-json\/wp\/v2\/comments?post=3425"}],"version-history":[{"count":7,"href":"https:\/\/www.brokk.com\/sv\/wp-json\/wp\/v2\/pages\/3425\/revisions"}],"predecessor-version":[{"id":4005,"href":"https:\/\/www.brokk.com\/sv\/wp-json\/wp\/v2\/pages\/3425\/revisions\/4005"}],"up":[{"embeddable":true,"href":"https:\/\/www.brokk.com\/sv\/wp-json\/wp\/v2\/pages\/3412"}],"wp:attachment":[{"href":"https:\/\/www.brokk.com\/sv\/wp-json\/wp\/v2\/media?parent=3425"}],"curies":[{"name":"wp","href":"https:\/\/api.w.org\/{rel}","templated":true}]}}