{"id":3433,"date":"2018-04-06T09:17:49","date_gmt":"2018-04-06T08:17:49","guid":{"rendered":"https:\/\/www.brokk.com\/sweden\/after-sales\/spare-parts\/"},"modified":"2020-05-11T09:59:37","modified_gmt":"2020-05-11T08:59:37","slug":"reservdelar","status":"publish","type":"page","link":"https:\/\/www.brokk.com\/sv\/eftermarknad\/reservdelar\/","title":{"rendered":"Reservdelar"},"content":{"rendered":"<p>Alla v\u00e5ra reservdelar \u00e4r speciellt konstruerade, tillverkade och utprovade f\u00f6r Brokk. F\u00f6r att underl\u00e4tta fels\u00f6kning s\u00e5 finns v\u00e5ra detaljerade och anv\u00e4ndarv\u00e4nliga manualer, skulle det sedan beh\u00f6vas mer ing\u00e5ende hj\u00e4lp finns v\u00e5ra serviceexperter bara ett telefonsamtal bort.<\/p>\n<p>P\u00e5 f\u00f6rfr\u00e5gan kan vi s\u00e4tta ihop skr\u00e4ddarsydda reservdelspaket f\u00f6r din Brokkrobot. Dessutom deltar alla v\u00e5ra auktoriserade tekniker v\u00e4rlden \u00f6ver i kontinuerliga och omfattande utbildningsprogram som garanterar att du f\u00e5r samma h\u00f6gkvalitativa Brokk-service var du \u00e4n \u00e4r verksam. Effektiva distributionscenter i kombination med Brokks omfattande servicen\u00e4tverk garanterar snabb fels\u00f6kning och snabba leveranser av reservdelar &#8211; tv\u00e5 mycket viktiga faktorer n\u00e4r det g\u00e4ller att minimera stillest\u00e5ndstid.<\/p>\n<p>&nbsp;<\/p>\n<h3>Brokk UPTIME\u2122 &#8211; slitage- och reservdelskit<\/h3>\n<p>Brokkrobotar \u00e4r byggda f\u00f6r att h\u00e5lla. Deras unika kvalitet tillsammans med regelbundet underh\u00e5ll s\u00e4kerst\u00e4ller att varje Brokk med hj\u00e4lp av originalreservdelar kan arbeta l\u00e5ngt efter att konkurrenternas maskiner har gett upp.<\/p>\n<p>Efter \u00f6ver 40 \u00e5rs erfarenhet vet vi vad du beh\u00f6ver! D\u00e4rf\u00f6r rekommenderar vi Brokk Uptime\u2122 slitage- och reservdelskit f\u00f6r att beh\u00e5lla alla f\u00f6rdelar din rivningsrobot ger f\u00f6r en l\u00e5ng tid fram\u00f6ver.<\/p>\n<p>\u2022 Standardkit<br \/>\n\u2022 Akutkit<br \/>\n\u2022 Hammarkit<\/p>\n<p>F\u00f6r mer information om v\u00e5ra reservdelspaket, klicka <a href=\"https:\/\/www.brokk.com\/uploads\/2019\/03\/uptime_wear_and_spare_parts_digital.pdf\" target=\"_blank\" rel=\"noopener noreferrer\">H\u00c4R<\/a><\/p>\n<p>F\u00f6r att hitta n\u00e4rmaste reservdelsdistribut\u00f6r, <a href=\"https:\/\/www.brokk.com\/sv\/kontakt\/hitta-service\/\">klicka h\u00e4r<\/a><\/p>\n","protected":false},"excerpt":{"rendered":"<p>Alla v\u00e5ra reservdelar \u00e4r speciellt konstruerade, tillverkade och utprovade f\u00f6r Brokk. F\u00f6r att underl\u00e4tta fels\u00f6kning s\u00e5 finns v\u00e5ra detaljerade och anv\u00e4ndarv\u00e4nliga manualer, skulle det sedan beh\u00f6vas mer ing\u00e5ende hj\u00e4lp finns v\u00e5ra serviceexperter bara ett telefonsamtal bort. P\u00e5 f\u00f6rfr\u00e5gan kan vi\u2026<\/p>\n","protected":false},"author":36,"featured_media":3418,"parent":3412,"menu_order":68,"comment_status":"closed","ping_status":"closed","template":"page-templates\/common.php","meta":{"_acf_changed":false,"_relevanssi_hide_post":"","_relevanssi_hide_content":"","_relevanssi_pin_for_all":"","_relevanssi_pin_keywords":"","_relevanssi_unpin_keywords":"","_relevanssi_related_keywords":"","_relevanssi_related_include_ids":"","_relevanssi_related_exclude_ids":"","_relevanssi_related_no_append":"","_relevanssi_related_not_related":"","_relevanssi_related_posts":"","_relevanssi_noindex_reason":"","footnotes":""},"class_list":["post-3433","page","type-page","status-publish","has-post-thumbnail","hentry"],"acf":[],"yoast_head":"<!-- This site is optimized with the Yoast SEO plugin v27.3 - https:\/\/yoast.com\/product\/yoast-seo-wordpress\/ -->\n<title>Reservdelar - Brokk Sweden<\/title>\n<meta name=\"robots\" content=\"index, follow, max-snippet:-1, max-image-preview:large, max-video-preview:-1\" \/>\n<link rel=\"canonical\" href=\"https:\/\/www.brokk.com\/sv\/eftermarknad\/reservdelar\/\" \/>\n<meta property=\"og:locale\" content=\"sv_SE\" \/>\n<meta property=\"og:type\" content=\"article\" \/>\n<meta property=\"og:title\" content=\"Reservdelar - Brokk Sweden\" \/>\n<meta property=\"og:description\" content=\"Alla v\u00e5ra reservdelar \u00e4r speciellt konstruerade, tillverkade och utprovade f\u00f6r Brokk. F\u00f6r att underl\u00e4tta fels\u00f6kning s\u00e5 finns v\u00e5ra detaljerade och anv\u00e4ndarv\u00e4nliga manualer, skulle det sedan beh\u00f6vas mer ing\u00e5ende hj\u00e4lp finns v\u00e5ra serviceexperter bara ett telefonsamtal bort. P\u00e5 f\u00f6rfr\u00e5gan kan vi\u2026\" \/>\n<meta property=\"og:url\" content=\"https:\/\/www.brokk.com\/sv\/eftermarknad\/reservdelar\/\" \/>\n<meta property=\"og:site_name\" content=\"Brokk Sweden\" \/>\n<meta property=\"article:modified_time\" content=\"2020-05-11T08:59:37+00:00\" \/>\n<meta property=\"og:image\" content=\"https:\/\/www.brokk.com\/sv\/uploads\/sites\/10\/2018\/03\/spare-parts_1_hero.jpg\" \/>\n\t<meta property=\"og:image:width\" content=\"2560\" \/>\n\t<meta property=\"og:image:height\" content=\"1096\" \/>\n\t<meta property=\"og:image:type\" content=\"image\/jpeg\" \/>\n<meta name=\"twitter:card\" content=\"summary_large_image\" \/>\n<meta name=\"twitter:label1\" content=\"Ber\u00e4knad l\u00e4stid\" \/>\n\t<meta name=\"twitter:data1\" content=\"1 minut\" \/>\n<script type=\"application\/ld+json\" class=\"yoast-schema-graph\">{\"@context\":\"https:\\\/\\\/schema.org\",\"@graph\":[{\"@type\":\"WebPage\",\"@id\":\"https:\\\/\\\/www.brokk.com\\\/sv\\\/eftermarknad\\\/reservdelar\\\/\",\"url\":\"https:\\\/\\\/www.brokk.com\\\/sv\\\/eftermarknad\\\/reservdelar\\\/\",\"name\":\"Reservdelar - Brokk Sweden\",\"isPartOf\":{\"@id\":\"https:\\\/\\\/www.brokk.com\\\/sv\\\/#website\"},\"primaryImageOfPage\":{\"@id\":\"https:\\\/\\\/www.brokk.com\\\/sv\\\/eftermarknad\\\/reservdelar\\\/#primaryimage\"},\"image\":{\"@id\":\"https:\\\/\\\/www.brokk.com\\\/sv\\\/eftermarknad\\\/reservdelar\\\/#primaryimage\"},\"thumbnailUrl\":\"https:\\\/\\\/www.brokk.com\\\/sv\\\/uploads\\\/sites\\\/10\\\/2018\\\/03\\\/spare-parts_1_hero.jpg\",\"datePublished\":\"2018-04-06T08:17:49+00:00\",\"dateModified\":\"2020-05-11T08:59:37+00:00\",\"breadcrumb\":{\"@id\":\"https:\\\/\\\/www.brokk.com\\\/sv\\\/eftermarknad\\\/reservdelar\\\/#breadcrumb\"},\"inLanguage\":\"sv-SE\",\"potentialAction\":[{\"@type\":\"ReadAction\",\"target\":[\"https:\\\/\\\/www.brokk.com\\\/sv\\\/eftermarknad\\\/reservdelar\\\/\"]}]},{\"@type\":\"ImageObject\",\"inLanguage\":\"sv-SE\",\"@id\":\"https:\\\/\\\/www.brokk.com\\\/sv\\\/eftermarknad\\\/reservdelar\\\/#primaryimage\",\"url\":\"https:\\\/\\\/www.brokk.com\\\/sv\\\/uploads\\\/sites\\\/10\\\/2018\\\/03\\\/spare-parts_1_hero.jpg\",\"contentUrl\":\"https:\\\/\\\/www.brokk.com\\\/sv\\\/uploads\\\/sites\\\/10\\\/2018\\\/03\\\/spare-parts_1_hero.jpg\",\"width\":2560,\"height\":1096},{\"@type\":\"BreadcrumbList\",\"@id\":\"https:\\\/\\\/www.brokk.com\\\/sv\\\/eftermarknad\\\/reservdelar\\\/#breadcrumb\",\"itemListElement\":[{\"@type\":\"ListItem\",\"position\":1,\"name\":\"Home\",\"item\":\"https:\\\/\\\/www.brokk.com\\\/sv\\\/\"},{\"@type\":\"ListItem\",\"position\":2,\"name\":\"Eftermarknad\",\"item\":\"https:\\\/\\\/www.brokk.com\\\/sv\\\/eftermarknad\\\/\"},{\"@type\":\"ListItem\",\"position\":3,\"name\":\"Reservdelar\"}]},{\"@type\":\"WebSite\",\"@id\":\"https:\\\/\\\/www.brokk.com\\\/sv\\\/#website\",\"url\":\"https:\\\/\\\/www.brokk.com\\\/sv\\\/\",\"name\":\"Brokk Sweden\",\"description\":\"\",\"potentialAction\":[{\"@type\":\"SearchAction\",\"target\":{\"@type\":\"EntryPoint\",\"urlTemplate\":\"https:\\\/\\\/www.brokk.com\\\/sv\\\/?s={search_term_string}\"},\"query-input\":{\"@type\":\"PropertyValueSpecification\",\"valueRequired\":true,\"valueName\":\"search_term_string\"}}],\"inLanguage\":\"sv-SE\"}]}<\/script>\n<!-- \/ Yoast SEO plugin. -->","yoast_head_json":{"title":"Reservdelar - Brokk Sweden","robots":{"index":"index","follow":"follow","max-snippet":"max-snippet:-1","max-image-preview":"max-image-preview:large","max-video-preview":"max-video-preview:-1"},"canonical":"https:\/\/www.brokk.com\/sv\/eftermarknad\/reservdelar\/","og_locale":"sv_SE","og_type":"article","og_title":"Reservdelar - Brokk Sweden","og_description":"Alla v\u00e5ra reservdelar \u00e4r speciellt konstruerade, tillverkade och utprovade f\u00f6r Brokk. F\u00f6r att underl\u00e4tta fels\u00f6kning s\u00e5 finns v\u00e5ra detaljerade och anv\u00e4ndarv\u00e4nliga manualer, skulle det sedan beh\u00f6vas mer ing\u00e5ende hj\u00e4lp finns v\u00e5ra serviceexperter bara ett telefonsamtal bort. P\u00e5 f\u00f6rfr\u00e5gan kan vi\u2026","og_url":"https:\/\/www.brokk.com\/sv\/eftermarknad\/reservdelar\/","og_site_name":"Brokk Sweden","article_modified_time":"2020-05-11T08:59:37+00:00","og_image":[{"width":2560,"height":1096,"url":"https:\/\/www.brokk.com\/sv\/uploads\/sites\/10\/2018\/03\/spare-parts_1_hero.jpg","type":"image\/jpeg"}],"twitter_card":"summary_large_image","twitter_misc":{"Ber\u00e4knad l\u00e4stid":"1 minut"},"schema":{"@context":"https:\/\/schema.org","@graph":[{"@type":"WebPage","@id":"https:\/\/www.brokk.com\/sv\/eftermarknad\/reservdelar\/","url":"https:\/\/www.brokk.com\/sv\/eftermarknad\/reservdelar\/","name":"Reservdelar - Brokk Sweden","isPartOf":{"@id":"https:\/\/www.brokk.com\/sv\/#website"},"primaryImageOfPage":{"@id":"https:\/\/www.brokk.com\/sv\/eftermarknad\/reservdelar\/#primaryimage"},"image":{"@id":"https:\/\/www.brokk.com\/sv\/eftermarknad\/reservdelar\/#primaryimage"},"thumbnailUrl":"https:\/\/www.brokk.com\/sv\/uploads\/sites\/10\/2018\/03\/spare-parts_1_hero.jpg","datePublished":"2018-04-06T08:17:49+00:00","dateModified":"2020-05-11T08:59:37+00:00","breadcrumb":{"@id":"https:\/\/www.brokk.com\/sv\/eftermarknad\/reservdelar\/#breadcrumb"},"inLanguage":"sv-SE","potentialAction":[{"@type":"ReadAction","target":["https:\/\/www.brokk.com\/sv\/eftermarknad\/reservdelar\/"]}]},{"@type":"ImageObject","inLanguage":"sv-SE","@id":"https:\/\/www.brokk.com\/sv\/eftermarknad\/reservdelar\/#primaryimage","url":"https:\/\/www.brokk.com\/sv\/uploads\/sites\/10\/2018\/03\/spare-parts_1_hero.jpg","contentUrl":"https:\/\/www.brokk.com\/sv\/uploads\/sites\/10\/2018\/03\/spare-parts_1_hero.jpg","width":2560,"height":1096},{"@type":"BreadcrumbList","@id":"https:\/\/www.brokk.com\/sv\/eftermarknad\/reservdelar\/#breadcrumb","itemListElement":[{"@type":"ListItem","position":1,"name":"Home","item":"https:\/\/www.brokk.com\/sv\/"},{"@type":"ListItem","position":2,"name":"Eftermarknad","item":"https:\/\/www.brokk.com\/sv\/eftermarknad\/"},{"@type":"ListItem","position":3,"name":"Reservdelar"}]},{"@type":"WebSite","@id":"https:\/\/www.brokk.com\/sv\/#website","url":"https:\/\/www.brokk.com\/sv\/","name":"Brokk Sweden","description":"","potentialAction":[{"@type":"SearchAction","target":{"@type":"EntryPoint","urlTemplate":"https:\/\/www.brokk.com\/sv\/?s={search_term_string}"},"query-input":{"@type":"PropertyValueSpecification","valueRequired":true,"valueName":"search_term_string"}}],"inLanguage":"sv-SE"}]}},"_links":{"self":[{"href":"https:\/\/www.brokk.com\/sv\/wp-json\/wp\/v2\/pages\/3433","targetHints":{"allow":["GET"]}}],"collection":[{"href":"https:\/\/www.brokk.com\/sv\/wp-json\/wp\/v2\/pages"}],"about":[{"href":"https:\/\/www.brokk.com\/sv\/wp-json\/wp\/v2\/types\/page"}],"author":[{"embeddable":true,"href":"https:\/\/www.brokk.com\/sv\/wp-json\/wp\/v2\/users\/36"}],"replies":[{"embeddable":true,"href":"https:\/\/www.brokk.com\/sv\/wp-json\/wp\/v2\/comments?post=3433"}],"version-history":[{"count":10,"href":"https:\/\/www.brokk.com\/sv\/wp-json\/wp\/v2\/pages\/3433\/revisions"}],"predecessor-version":[{"id":4169,"href":"https:\/\/www.brokk.com\/sv\/wp-json\/wp\/v2\/pages\/3433\/revisions\/4169"}],"up":[{"embeddable":true,"href":"https:\/\/www.brokk.com\/sv\/wp-json\/wp\/v2\/pages\/3412"}],"wp:featuredmedia":[{"embeddable":true,"href":"https:\/\/www.brokk.com\/sv\/wp-json\/wp\/v2\/media\/3418"}],"wp:attachment":[{"href":"https:\/\/www.brokk.com\/sv\/wp-json\/wp\/v2\/media?parent=3433"}],"curies":[{"name":"wp","href":"https:\/\/api.w.org\/{rel}","templated":true}]}}