{"id":3436,"date":"2018-04-06T09:19:37","date_gmt":"2018-04-06T08:19:37","guid":{"rendered":"https:\/\/www.brokk.com\/sweden\/after-sales\/brokk-academy\/"},"modified":"2019-08-28T10:11:00","modified_gmt":"2019-08-28T09:11:00","slug":"brokk-academy","status":"publish","type":"page","link":"https:\/\/www.brokk.com\/sv\/eftermarknad\/brokk-academy\/","title":{"rendered":"Brokk Academy"},"content":{"rendered":"<p>Det \u00e4r l\u00e4tt att l\u00e4ra sig man\u00f6vrera en Brokkrobot, men erfarenhet och \u00f6vning g\u00f6r en avsev\u00e4rd skillnad. F\u00f6r att s\u00e4kerst\u00e4lla att du kan f\u00e5 ut det mesta av din maskin, och p\u00e5 ett s\u00e4tt som maximerar tillf\u00f6rlitlighet och livsl\u00e4ngd, erbjuder vi speciella utbildningar f\u00f6r b\u00e5de dina operat\u00f6rer och din servicepersonal. V\u00e5r operat\u00f6rsutbildning \u2013 Brokk Academy \u2013 ger dig en inblick i alla de olika jobb som en Brokkrobot kan utf\u00f6ra. F\u00f6r \u00e4ven om rivning och underh\u00e5ll \u00e4r en Brokkrobots huvudsakliga uppgift, kan nya redskap och r\u00e4tt utbildning g\u00f6ra dig redo f\u00f6r fler uppdrag.<\/p>\n<p><span title=\"\">Att l\u00e4ra sig det s\u00e4kra och smarta s\u00e4ttet att arbeta med din Brokk kommer g\u00f6ra varje jobb mer l\u00f6nsamt, p\u00e5 s\u00e5 s\u00e4tt kan du maximera avkastningen p\u00e5 din investering.<\/span><\/p>\n<p>F\u00f6r mer information, kontakta din n\u00e4rmaste <a href=\"https:\/\/www.brokk.com\/sv\/kontakt\/hitta-aterforsaljare\/\">\u00c5TERF\u00d6RS\u00c4LJARE<\/a> eller <a href=\"mailto:info@brokk.com\">maila oss<\/a>.<\/p>\n<p><img loading=\"lazy\" decoding=\"async\" class=\"alignnone size-medium wp-image-526\" src=\"https:\/\/www.brokk.com\/uploads\/2018\/03\/brokk-academy-1_content-720x480.jpg\" alt=\"Brokk academy\" width=\"720\" height=\"480\" \/><\/p>\n<p>&nbsp;<\/p>\n","protected":false},"excerpt":{"rendered":"<p>Det \u00e4r l\u00e4tt att l\u00e4ra sig man\u00f6vrera en Brokkrobot, men erfarenhet och \u00f6vning g\u00f6r en avsev\u00e4rd skillnad. F\u00f6r att s\u00e4kerst\u00e4lla att du kan f\u00e5 ut det mesta av din maskin, och p\u00e5 ett s\u00e4tt som maximerar tillf\u00f6rlitlighet och livsl\u00e4ngd, erbjuder\u2026<\/p>\n","protected":false},"author":36,"featured_media":0,"parent":3412,"menu_order":30,"comment_status":"closed","ping_status":"closed","template":"page-templates\/common.php","meta":{"_acf_changed":false,"_relevanssi_hide_post":"","_relevanssi_hide_content":"","_relevanssi_pin_for_all":"","_relevanssi_pin_keywords":"","_relevanssi_unpin_keywords":"","_relevanssi_related_keywords":"","_relevanssi_related_include_ids":"","_relevanssi_related_exclude_ids":"","_relevanssi_related_no_append":"","_relevanssi_related_not_related":"","_relevanssi_related_posts":"","_relevanssi_noindex_reason":"","footnotes":""},"class_list":["post-3436","page","type-page","status-publish","hentry"],"acf":[],"yoast_head":"<!-- This site is optimized with the Yoast SEO plugin v27.3 - https:\/\/yoast.com\/product\/yoast-seo-wordpress\/ -->\n<title>Brokk Academy - Brokk Sweden<\/title>\n<meta name=\"robots\" content=\"index, follow, max-snippet:-1, max-image-preview:large, max-video-preview:-1\" \/>\n<link rel=\"canonical\" href=\"https:\/\/www.brokk.com\/sv\/eftermarknad\/brokk-academy\/\" \/>\n<meta property=\"og:locale\" content=\"sv_SE\" \/>\n<meta property=\"og:type\" content=\"article\" \/>\n<meta property=\"og:title\" content=\"Brokk Academy - Brokk Sweden\" \/>\n<meta property=\"og:description\" content=\"Det \u00e4r l\u00e4tt att l\u00e4ra sig man\u00f6vrera en Brokkrobot, men erfarenhet och \u00f6vning g\u00f6r en avsev\u00e4rd skillnad. F\u00f6r att s\u00e4kerst\u00e4lla att du kan f\u00e5 ut det mesta av din maskin, och p\u00e5 ett s\u00e4tt som maximerar tillf\u00f6rlitlighet och livsl\u00e4ngd, erbjuder\u2026\" \/>\n<meta property=\"og:url\" content=\"https:\/\/www.brokk.com\/sv\/eftermarknad\/brokk-academy\/\" \/>\n<meta property=\"og:site_name\" content=\"Brokk Sweden\" \/>\n<meta property=\"article:modified_time\" content=\"2019-08-28T09:11:00+00:00\" \/>\n<meta property=\"og:image\" content=\"https:\/\/www.brokk.com\/uploads\/2018\/03\/brokk-academy-1_content-720x480.jpg\" \/>\n<meta name=\"twitter:card\" content=\"summary_large_image\" \/>\n<meta name=\"twitter:label1\" content=\"Ber\u00e4knad l\u00e4stid\" \/>\n\t<meta name=\"twitter:data1\" content=\"1 minut\" \/>\n<script type=\"application\/ld+json\" class=\"yoast-schema-graph\">{\"@context\":\"https:\\\/\\\/schema.org\",\"@graph\":[{\"@type\":\"WebPage\",\"@id\":\"https:\\\/\\\/www.brokk.com\\\/sv\\\/eftermarknad\\\/brokk-academy\\\/\",\"url\":\"https:\\\/\\\/www.brokk.com\\\/sv\\\/eftermarknad\\\/brokk-academy\\\/\",\"name\":\"Brokk Academy - Brokk Sweden\",\"isPartOf\":{\"@id\":\"https:\\\/\\\/www.brokk.com\\\/sv\\\/#website\"},\"primaryImageOfPage\":{\"@id\":\"https:\\\/\\\/www.brokk.com\\\/sv\\\/eftermarknad\\\/brokk-academy\\\/#primaryimage\"},\"image\":{\"@id\":\"https:\\\/\\\/www.brokk.com\\\/sv\\\/eftermarknad\\\/brokk-academy\\\/#primaryimage\"},\"thumbnailUrl\":\"https:\\\/\\\/www.brokk.com\\\/uploads\\\/2018\\\/03\\\/brokk-academy-1_content-720x480.jpg\",\"datePublished\":\"2018-04-06T08:19:37+00:00\",\"dateModified\":\"2019-08-28T09:11:00+00:00\",\"breadcrumb\":{\"@id\":\"https:\\\/\\\/www.brokk.com\\\/sv\\\/eftermarknad\\\/brokk-academy\\\/#breadcrumb\"},\"inLanguage\":\"sv-SE\",\"potentialAction\":[{\"@type\":\"ReadAction\",\"target\":[\"https:\\\/\\\/www.brokk.com\\\/sv\\\/eftermarknad\\\/brokk-academy\\\/\"]}]},{\"@type\":\"ImageObject\",\"inLanguage\":\"sv-SE\",\"@id\":\"https:\\\/\\\/www.brokk.com\\\/sv\\\/eftermarknad\\\/brokk-academy\\\/#primaryimage\",\"url\":\"https:\\\/\\\/www.brokk.com\\\/uploads\\\/2018\\\/03\\\/brokk-academy-1_content-720x480.jpg\",\"contentUrl\":\"https:\\\/\\\/www.brokk.com\\\/uploads\\\/2018\\\/03\\\/brokk-academy-1_content-720x480.jpg\"},{\"@type\":\"BreadcrumbList\",\"@id\":\"https:\\\/\\\/www.brokk.com\\\/sv\\\/eftermarknad\\\/brokk-academy\\\/#breadcrumb\",\"itemListElement\":[{\"@type\":\"ListItem\",\"position\":1,\"name\":\"Home\",\"item\":\"https:\\\/\\\/www.brokk.com\\\/sv\\\/\"},{\"@type\":\"ListItem\",\"position\":2,\"name\":\"Eftermarknad\",\"item\":\"https:\\\/\\\/www.brokk.com\\\/sv\\\/eftermarknad\\\/\"},{\"@type\":\"ListItem\",\"position\":3,\"name\":\"Brokk Academy\"}]},{\"@type\":\"WebSite\",\"@id\":\"https:\\\/\\\/www.brokk.com\\\/sv\\\/#website\",\"url\":\"https:\\\/\\\/www.brokk.com\\\/sv\\\/\",\"name\":\"Brokk Sweden\",\"description\":\"\",\"potentialAction\":[{\"@type\":\"SearchAction\",\"target\":{\"@type\":\"EntryPoint\",\"urlTemplate\":\"https:\\\/\\\/www.brokk.com\\\/sv\\\/?s={search_term_string}\"},\"query-input\":{\"@type\":\"PropertyValueSpecification\",\"valueRequired\":true,\"valueName\":\"search_term_string\"}}],\"inLanguage\":\"sv-SE\"}]}<\/script>\n<!-- \/ Yoast SEO plugin. -->","yoast_head_json":{"title":"Brokk Academy - Brokk Sweden","robots":{"index":"index","follow":"follow","max-snippet":"max-snippet:-1","max-image-preview":"max-image-preview:large","max-video-preview":"max-video-preview:-1"},"canonical":"https:\/\/www.brokk.com\/sv\/eftermarknad\/brokk-academy\/","og_locale":"sv_SE","og_type":"article","og_title":"Brokk Academy - Brokk Sweden","og_description":"Det \u00e4r l\u00e4tt att l\u00e4ra sig man\u00f6vrera en Brokkrobot, men erfarenhet och \u00f6vning g\u00f6r en avsev\u00e4rd skillnad. F\u00f6r att s\u00e4kerst\u00e4lla att du kan f\u00e5 ut det mesta av din maskin, och p\u00e5 ett s\u00e4tt som maximerar tillf\u00f6rlitlighet och livsl\u00e4ngd, erbjuder\u2026","og_url":"https:\/\/www.brokk.com\/sv\/eftermarknad\/brokk-academy\/","og_site_name":"Brokk Sweden","article_modified_time":"2019-08-28T09:11:00+00:00","og_image":[{"url":"https:\/\/www.brokk.com\/uploads\/2018\/03\/brokk-academy-1_content-720x480.jpg","type":"","width":"","height":""}],"twitter_card":"summary_large_image","twitter_misc":{"Ber\u00e4knad l\u00e4stid":"1 minut"},"schema":{"@context":"https:\/\/schema.org","@graph":[{"@type":"WebPage","@id":"https:\/\/www.brokk.com\/sv\/eftermarknad\/brokk-academy\/","url":"https:\/\/www.brokk.com\/sv\/eftermarknad\/brokk-academy\/","name":"Brokk Academy - Brokk Sweden","isPartOf":{"@id":"https:\/\/www.brokk.com\/sv\/#website"},"primaryImageOfPage":{"@id":"https:\/\/www.brokk.com\/sv\/eftermarknad\/brokk-academy\/#primaryimage"},"image":{"@id":"https:\/\/www.brokk.com\/sv\/eftermarknad\/brokk-academy\/#primaryimage"},"thumbnailUrl":"https:\/\/www.brokk.com\/uploads\/2018\/03\/brokk-academy-1_content-720x480.jpg","datePublished":"2018-04-06T08:19:37+00:00","dateModified":"2019-08-28T09:11:00+00:00","breadcrumb":{"@id":"https:\/\/www.brokk.com\/sv\/eftermarknad\/brokk-academy\/#breadcrumb"},"inLanguage":"sv-SE","potentialAction":[{"@type":"ReadAction","target":["https:\/\/www.brokk.com\/sv\/eftermarknad\/brokk-academy\/"]}]},{"@type":"ImageObject","inLanguage":"sv-SE","@id":"https:\/\/www.brokk.com\/sv\/eftermarknad\/brokk-academy\/#primaryimage","url":"https:\/\/www.brokk.com\/uploads\/2018\/03\/brokk-academy-1_content-720x480.jpg","contentUrl":"https:\/\/www.brokk.com\/uploads\/2018\/03\/brokk-academy-1_content-720x480.jpg"},{"@type":"BreadcrumbList","@id":"https:\/\/www.brokk.com\/sv\/eftermarknad\/brokk-academy\/#breadcrumb","itemListElement":[{"@type":"ListItem","position":1,"name":"Home","item":"https:\/\/www.brokk.com\/sv\/"},{"@type":"ListItem","position":2,"name":"Eftermarknad","item":"https:\/\/www.brokk.com\/sv\/eftermarknad\/"},{"@type":"ListItem","position":3,"name":"Brokk Academy"}]},{"@type":"WebSite","@id":"https:\/\/www.brokk.com\/sv\/#website","url":"https:\/\/www.brokk.com\/sv\/","name":"Brokk Sweden","description":"","potentialAction":[{"@type":"SearchAction","target":{"@type":"EntryPoint","urlTemplate":"https:\/\/www.brokk.com\/sv\/?s={search_term_string}"},"query-input":{"@type":"PropertyValueSpecification","valueRequired":true,"valueName":"search_term_string"}}],"inLanguage":"sv-SE"}]}},"_links":{"self":[{"href":"https:\/\/www.brokk.com\/sv\/wp-json\/wp\/v2\/pages\/3436","targetHints":{"allow":["GET"]}}],"collection":[{"href":"https:\/\/www.brokk.com\/sv\/wp-json\/wp\/v2\/pages"}],"about":[{"href":"https:\/\/www.brokk.com\/sv\/wp-json\/wp\/v2\/types\/page"}],"author":[{"embeddable":true,"href":"https:\/\/www.brokk.com\/sv\/wp-json\/wp\/v2\/users\/36"}],"replies":[{"embeddable":true,"href":"https:\/\/www.brokk.com\/sv\/wp-json\/wp\/v2\/comments?post=3436"}],"version-history":[{"count":9,"href":"https:\/\/www.brokk.com\/sv\/wp-json\/wp\/v2\/pages\/3436\/revisions"}],"predecessor-version":[{"id":4015,"href":"https:\/\/www.brokk.com\/sv\/wp-json\/wp\/v2\/pages\/3436\/revisions\/4015"}],"up":[{"embeddable":true,"href":"https:\/\/www.brokk.com\/sv\/wp-json\/wp\/v2\/pages\/3412"}],"wp:attachment":[{"href":"https:\/\/www.brokk.com\/sv\/wp-json\/wp\/v2\/media?parent=3436"}],"curies":[{"name":"wp","href":"https:\/\/api.w.org\/{rel}","templated":true}]}}