{"id":3446,"date":"2018-03-16T10:22:01","date_gmt":"2018-03-16T09:22:01","guid":{"rendered":"https:\/\/www.brokk.com\/sweden\/after-sales\/service-agreement\/"},"modified":"2019-08-28T09:11:00","modified_gmt":"2019-08-28T08:11:00","slug":"service-avtal","status":"publish","type":"page","link":"https:\/\/www.brokk.com\/sv\/eftermarknad\/service-avtal\/","title":{"rendered":"Serviceavtal"},"content":{"rendered":"<p>Med Brokk Uptime\u2122 serviceavtal kan du vara s\u00e4ker p\u00e5 att din Brokkrobot \u00e4r i goda h\u00e4nder. Med planerade driftstopp och serviceintervaller kan vi s\u00e4kerst\u00e4lla att service och underh\u00e5ll sker n\u00e4r det passar dig och ditt arbete. Du \u00e4r garanterad att varje service utf\u00f6rs av Brokks specialutbildade tekniker samt att vi enbart anv\u00e4nder Brokks h\u00f6gkvalitativa originalreservdelar.<\/p>\n<p>Kontakta din n\u00e4rmaste \u00e5terf\u00f6rs\u00e4ljare f\u00f6r att f\u00e5 veta mer om den b\u00e4sta l\u00f6sningen f\u00f6r dig och din Brokkrobot.<\/p>\n<p><img loading=\"lazy\" decoding=\"async\" class=\"alignnone size-medium wp-image-529\" src=\"https:\/\/www.brokk.com\/uploads\/2018\/03\/service-agreement-2_content-720x480.jpg\" alt=\"Brokk service\" width=\"720\" height=\"480\" \/><\/p>\n<p>&nbsp;<\/p>\n","protected":false},"excerpt":{"rendered":"<p>Med Brokk Uptime\u2122 serviceavtal kan du vara s\u00e4ker p\u00e5 att din Brokkrobot \u00e4r i goda h\u00e4nder. Med planerade driftstopp och serviceintervaller kan vi s\u00e4kerst\u00e4lla att service och underh\u00e5ll sker n\u00e4r det passar dig och ditt arbete. Du \u00e4r garanterad att\u2026<\/p>\n","protected":false},"author":36,"featured_media":0,"parent":3412,"menu_order":91,"comment_status":"closed","ping_status":"closed","template":"page-templates\/common.php","meta":{"_acf_changed":false,"_relevanssi_hide_post":"","_relevanssi_hide_content":"","_relevanssi_pin_for_all":"","_relevanssi_pin_keywords":"","_relevanssi_unpin_keywords":"","_relevanssi_related_keywords":"","_relevanssi_related_include_ids":"","_relevanssi_related_exclude_ids":"","_relevanssi_related_no_append":"","_relevanssi_related_not_related":"","_relevanssi_related_posts":"","_relevanssi_noindex_reason":"","footnotes":""},"class_list":["post-3446","page","type-page","status-publish","hentry"],"acf":[],"yoast_head":"<!-- This site is optimized with the Yoast SEO plugin v27.3 - https:\/\/yoast.com\/product\/yoast-seo-wordpress\/ -->\n<title>Serviceavtal - Brokk Sweden<\/title>\n<meta name=\"robots\" content=\"index, follow, max-snippet:-1, max-image-preview:large, max-video-preview:-1\" \/>\n<link rel=\"canonical\" href=\"https:\/\/www.brokk.com\/sv\/eftermarknad\/service-avtal\/\" \/>\n<meta property=\"og:locale\" content=\"sv_SE\" \/>\n<meta property=\"og:type\" content=\"article\" \/>\n<meta property=\"og:title\" content=\"Serviceavtal - Brokk Sweden\" \/>\n<meta property=\"og:description\" content=\"Med Brokk Uptime\u2122 serviceavtal kan du vara s\u00e4ker p\u00e5 att din Brokkrobot \u00e4r i goda h\u00e4nder. Med planerade driftstopp och serviceintervaller kan vi s\u00e4kerst\u00e4lla att service och underh\u00e5ll sker n\u00e4r det passar dig och ditt arbete. Du \u00e4r garanterad att\u2026\" \/>\n<meta property=\"og:url\" content=\"https:\/\/www.brokk.com\/sv\/eftermarknad\/service-avtal\/\" \/>\n<meta property=\"og:site_name\" content=\"Brokk Sweden\" \/>\n<meta property=\"article:modified_time\" content=\"2019-08-28T08:11:00+00:00\" \/>\n<meta property=\"og:image\" content=\"https:\/\/www.brokk.com\/uploads\/2018\/03\/service-agreement-2_content-720x480.jpg\" \/>\n<meta name=\"twitter:card\" content=\"summary_large_image\" \/>\n<script type=\"application\/ld+json\" class=\"yoast-schema-graph\">{\"@context\":\"https:\\\/\\\/schema.org\",\"@graph\":[{\"@type\":\"WebPage\",\"@id\":\"https:\\\/\\\/www.brokk.com\\\/sv\\\/eftermarknad\\\/service-avtal\\\/\",\"url\":\"https:\\\/\\\/www.brokk.com\\\/sv\\\/eftermarknad\\\/service-avtal\\\/\",\"name\":\"Serviceavtal - Brokk Sweden\",\"isPartOf\":{\"@id\":\"https:\\\/\\\/www.brokk.com\\\/sv\\\/#website\"},\"primaryImageOfPage\":{\"@id\":\"https:\\\/\\\/www.brokk.com\\\/sv\\\/eftermarknad\\\/service-avtal\\\/#primaryimage\"},\"image\":{\"@id\":\"https:\\\/\\\/www.brokk.com\\\/sv\\\/eftermarknad\\\/service-avtal\\\/#primaryimage\"},\"thumbnailUrl\":\"https:\\\/\\\/www.brokk.com\\\/uploads\\\/2018\\\/03\\\/service-agreement-2_content-720x480.jpg\",\"datePublished\":\"2018-03-16T09:22:01+00:00\",\"dateModified\":\"2019-08-28T08:11:00+00:00\",\"breadcrumb\":{\"@id\":\"https:\\\/\\\/www.brokk.com\\\/sv\\\/eftermarknad\\\/service-avtal\\\/#breadcrumb\"},\"inLanguage\":\"sv-SE\",\"potentialAction\":[{\"@type\":\"ReadAction\",\"target\":[\"https:\\\/\\\/www.brokk.com\\\/sv\\\/eftermarknad\\\/service-avtal\\\/\"]}]},{\"@type\":\"ImageObject\",\"inLanguage\":\"sv-SE\",\"@id\":\"https:\\\/\\\/www.brokk.com\\\/sv\\\/eftermarknad\\\/service-avtal\\\/#primaryimage\",\"url\":\"https:\\\/\\\/www.brokk.com\\\/uploads\\\/2018\\\/03\\\/service-agreement-2_content-720x480.jpg\",\"contentUrl\":\"https:\\\/\\\/www.brokk.com\\\/uploads\\\/2018\\\/03\\\/service-agreement-2_content-720x480.jpg\"},{\"@type\":\"BreadcrumbList\",\"@id\":\"https:\\\/\\\/www.brokk.com\\\/sv\\\/eftermarknad\\\/service-avtal\\\/#breadcrumb\",\"itemListElement\":[{\"@type\":\"ListItem\",\"position\":1,\"name\":\"Home\",\"item\":\"https:\\\/\\\/www.brokk.com\\\/sv\\\/\"},{\"@type\":\"ListItem\",\"position\":2,\"name\":\"Eftermarknad\",\"item\":\"https:\\\/\\\/www.brokk.com\\\/sv\\\/eftermarknad\\\/\"},{\"@type\":\"ListItem\",\"position\":3,\"name\":\"Serviceavtal\"}]},{\"@type\":\"WebSite\",\"@id\":\"https:\\\/\\\/www.brokk.com\\\/sv\\\/#website\",\"url\":\"https:\\\/\\\/www.brokk.com\\\/sv\\\/\",\"name\":\"Brokk Sweden\",\"description\":\"\",\"potentialAction\":[{\"@type\":\"SearchAction\",\"target\":{\"@type\":\"EntryPoint\",\"urlTemplate\":\"https:\\\/\\\/www.brokk.com\\\/sv\\\/?s={search_term_string}\"},\"query-input\":{\"@type\":\"PropertyValueSpecification\",\"valueRequired\":true,\"valueName\":\"search_term_string\"}}],\"inLanguage\":\"sv-SE\"}]}<\/script>\n<!-- \/ Yoast SEO plugin. -->","yoast_head_json":{"title":"Serviceavtal - Brokk Sweden","robots":{"index":"index","follow":"follow","max-snippet":"max-snippet:-1","max-image-preview":"max-image-preview:large","max-video-preview":"max-video-preview:-1"},"canonical":"https:\/\/www.brokk.com\/sv\/eftermarknad\/service-avtal\/","og_locale":"sv_SE","og_type":"article","og_title":"Serviceavtal - Brokk Sweden","og_description":"Med Brokk Uptime\u2122 serviceavtal kan du vara s\u00e4ker p\u00e5 att din Brokkrobot \u00e4r i goda h\u00e4nder. Med planerade driftstopp och serviceintervaller kan vi s\u00e4kerst\u00e4lla att service och underh\u00e5ll sker n\u00e4r det passar dig och ditt arbete. Du \u00e4r garanterad att\u2026","og_url":"https:\/\/www.brokk.com\/sv\/eftermarknad\/service-avtal\/","og_site_name":"Brokk Sweden","article_modified_time":"2019-08-28T08:11:00+00:00","og_image":[{"url":"https:\/\/www.brokk.com\/uploads\/2018\/03\/service-agreement-2_content-720x480.jpg","type":"","width":"","height":""}],"twitter_card":"summary_large_image","schema":{"@context":"https:\/\/schema.org","@graph":[{"@type":"WebPage","@id":"https:\/\/www.brokk.com\/sv\/eftermarknad\/service-avtal\/","url":"https:\/\/www.brokk.com\/sv\/eftermarknad\/service-avtal\/","name":"Serviceavtal - Brokk Sweden","isPartOf":{"@id":"https:\/\/www.brokk.com\/sv\/#website"},"primaryImageOfPage":{"@id":"https:\/\/www.brokk.com\/sv\/eftermarknad\/service-avtal\/#primaryimage"},"image":{"@id":"https:\/\/www.brokk.com\/sv\/eftermarknad\/service-avtal\/#primaryimage"},"thumbnailUrl":"https:\/\/www.brokk.com\/uploads\/2018\/03\/service-agreement-2_content-720x480.jpg","datePublished":"2018-03-16T09:22:01+00:00","dateModified":"2019-08-28T08:11:00+00:00","breadcrumb":{"@id":"https:\/\/www.brokk.com\/sv\/eftermarknad\/service-avtal\/#breadcrumb"},"inLanguage":"sv-SE","potentialAction":[{"@type":"ReadAction","target":["https:\/\/www.brokk.com\/sv\/eftermarknad\/service-avtal\/"]}]},{"@type":"ImageObject","inLanguage":"sv-SE","@id":"https:\/\/www.brokk.com\/sv\/eftermarknad\/service-avtal\/#primaryimage","url":"https:\/\/www.brokk.com\/uploads\/2018\/03\/service-agreement-2_content-720x480.jpg","contentUrl":"https:\/\/www.brokk.com\/uploads\/2018\/03\/service-agreement-2_content-720x480.jpg"},{"@type":"BreadcrumbList","@id":"https:\/\/www.brokk.com\/sv\/eftermarknad\/service-avtal\/#breadcrumb","itemListElement":[{"@type":"ListItem","position":1,"name":"Home","item":"https:\/\/www.brokk.com\/sv\/"},{"@type":"ListItem","position":2,"name":"Eftermarknad","item":"https:\/\/www.brokk.com\/sv\/eftermarknad\/"},{"@type":"ListItem","position":3,"name":"Serviceavtal"}]},{"@type":"WebSite","@id":"https:\/\/www.brokk.com\/sv\/#website","url":"https:\/\/www.brokk.com\/sv\/","name":"Brokk Sweden","description":"","potentialAction":[{"@type":"SearchAction","target":{"@type":"EntryPoint","urlTemplate":"https:\/\/www.brokk.com\/sv\/?s={search_term_string}"},"query-input":{"@type":"PropertyValueSpecification","valueRequired":true,"valueName":"search_term_string"}}],"inLanguage":"sv-SE"}]}},"_links":{"self":[{"href":"https:\/\/www.brokk.com\/sv\/wp-json\/wp\/v2\/pages\/3446","targetHints":{"allow":["GET"]}}],"collection":[{"href":"https:\/\/www.brokk.com\/sv\/wp-json\/wp\/v2\/pages"}],"about":[{"href":"https:\/\/www.brokk.com\/sv\/wp-json\/wp\/v2\/types\/page"}],"author":[{"embeddable":true,"href":"https:\/\/www.brokk.com\/sv\/wp-json\/wp\/v2\/users\/36"}],"replies":[{"embeddable":true,"href":"https:\/\/www.brokk.com\/sv\/wp-json\/wp\/v2\/comments?post=3446"}],"version-history":[{"count":6,"href":"https:\/\/www.brokk.com\/sv\/wp-json\/wp\/v2\/pages\/3446\/revisions"}],"predecessor-version":[{"id":4004,"href":"https:\/\/www.brokk.com\/sv\/wp-json\/wp\/v2\/pages\/3446\/revisions\/4004"}],"up":[{"embeddable":true,"href":"https:\/\/www.brokk.com\/sv\/wp-json\/wp\/v2\/pages\/3412"}],"wp:attachment":[{"href":"https:\/\/www.brokk.com\/sv\/wp-json\/wp\/v2\/media?parent=3446"}],"curies":[{"name":"wp","href":"https:\/\/api.w.org\/{rel}","templated":true}]}}