{"id":3451,"date":"2018-04-06T10:02:11","date_gmt":"2018-04-06T09:02:11","guid":{"rendered":"https:\/\/www.brokk.com\/sweden\/brokk-smartconcept\/"},"modified":"2019-06-13T12:42:06","modified_gmt":"2019-06-13T11:42:06","slug":"brokk-smartconcept","status":"publish","type":"page","link":"https:\/\/www.brokk.com\/sv\/brokk-smartconcept\/","title":{"rendered":"Brokk SmartConcept"},"content":{"rendered":"<h3>BROKK SMARTPOWER\u2122<\/h3>\n<p>Med Brokk SmartPower\u2122 f\u00e5r du v\u00e4rldens mest intelligenta kraftsystem, speciellt utformat f\u00f6r tuffa rivningsmaskiner. Hemligheten ligger i en l\u00f6sning som ger \u00f6kad kraft och en robust elektrisk konstruktion som maximerar produktion och minimerar stillest\u00e5nd. Den nya intelligenta krafthanteringen har en unik elektrisk drivlina som \u00f6kar effekten med 50 procent eller mer.<\/p>\n<p>Brokk SmartPower\u2122 \u00e4r ocks\u00e5 svaret p\u00e5 den till synes om\u00f6jliga ekvationen att g\u00f6ra maskinerna mer kraftfulla men \u00e4nd\u00e5 s\u00e5 kompakta och l\u00e4tta att de kan arbeta i de mest sv\u00e5r\u00e5tkomliga av utrymmen. Maskinerna \u00e4r ocks\u00e5 konstruerade att motst\u00e5 tuff behandling i riskfyllda milj\u00f6er.<\/p>\n<p>Brokk SmartPower\u2122 ger dig inte bara mer kraft. Det \u00f6kar dessutom maskinens drifttid och tillg\u00e4nglighet samt f\u00f6rl\u00e4nger livsl\u00e4ngden hos b\u00e5de el- och hydraulsystemet. Den smarta kraft\u00f6vervakningen \u00e4r perfekt f\u00f6r arbete i milj\u00f6er med generatorer eller potentiellt otillf\u00f6rlitlig sp\u00e4nningsmatning. Det intelligenta systemet k\u00e4nner kontinuerligt av om sp\u00e4nningsmatningen \u00e4r d\u00e5lig eller trasig, kompenserar f\u00f6r det s\u00e5 mycket som m\u00f6jligt och skyddar sedan komponenterna innan de tar skada.<\/p>\n<p>Brokk SmartPower\u2122 unika konstruktion och smarta anpassningar av nyckelkomponenter ger dig ocks\u00e5 en o\u00f6vertr\u00e4ffad tillf\u00f6rlitlighet. J\u00e4mf\u00f6rt med ett traditionellt system har internt kablage och kontakter minskats till ett absolut minimum (en minskning med 70 procent). Utan r\u00f6rliga delar i elsystemet och med komponenter konstruerade f\u00f6r att klara extrema vibrationer, damm och o\u00f6m behandling \u00e4r systemet perfekt f\u00f6r den tuffa arbetsmilj\u00f6 som en rivningsrobot uts\u00e4tts f\u00f6r.<\/p>\n<p><img loading=\"lazy\" decoding=\"async\" class=\"alignnone size-medium wp-image-3820\" src=\"\/uploads\/2019\/05\/smartpower-diagram_rev_sv-720x477.jpg\" alt=\"\" width=\"720\" height=\"477\" srcset=\"https:\/\/www.brokk.com\/sv\/uploads\/2019\/05\/smartpower-diagram_rev_sv-720x477.jpg 720w, https:\/\/www.brokk.com\/sv\/uploads\/2019\/05\/smartpower-diagram_rev_sv-768x509.jpg 768w, https:\/\/www.brokk.com\/sv\/uploads\/2019\/05\/smartpower-diagram_rev_sv-1280x849.jpg 1280w, https:\/\/www.brokk.com\/sv\/uploads\/2019\/05\/smartpower-diagram_rev_sv-1920x1273.jpg 1920w, https:\/\/www.brokk.com\/sv\/uploads\/2019\/05\/smartpower-diagram_rev_sv-480x318.jpg 480w, https:\/\/www.brokk.com\/sv\/uploads\/2019\/05\/smartpower-diagram_rev_sv-48x32.jpg 48w\" sizes=\"auto, (max-width: 720px) 100vw, 720px\" \/><\/p>\n<p>&nbsp;<\/p>\n<h3>BROKK SMARTDESIGN\u2122<\/h3>\n<p>Jo, det \u00e4r tufft d\u00e4r ute. Det \u00e4r d\u00e4rf\u00f6r Brokks nya maskindesign fokuserar p\u00e5 att underl\u00e4tta operat\u00f6rens dagliga arbete. Vi vill maximera driftstiden samt underl\u00e4tta f\u00f6r service och underh\u00e5ll. V\u00e5rt m\u00e5l \u00e4r att skapa en problemfri och produktiv upplevelse under hela produktens livsl\u00e4ngd.<\/p>\n<p>Det \u00e4r d\u00e4rf\u00f6r vi har sett till att allt dagligt och veckovist underh\u00e5ll g\u00e5r att g\u00f6ra utan att ens beh\u00f6va lyfta p\u00e5 en enda maskink\u00e5pa. Det \u00e4r d\u00e4rf\u00f6r alla sm\u00f6rjst\u00e4llen, inklusive p\u00e5fyllning av fett till hammaren, \u00e4r l\u00e4tt\u00e5tkomliga fr\u00e5n utsidan. Det \u00e4r d\u00e4rf\u00f6r vi eliminerat behovet av regelbunden \u00e5tdragning av axlar som \u00e4r sv\u00e5ra att komma \u00e5t. Det \u00e4r d\u00e4rf\u00f6r vi har gjort det s\u00e5 enkelt att utf\u00f6ra service p\u00e5 maskinen i f\u00e4lt, samt att det \u00e4r enkelt att byta slangar p\u00e5 en Brokkrobot. Det \u00e4r ocks\u00e5 d\u00e4rf\u00f6r slangarna till st\u00f6dbenen \u00e4r uppdelade, s\u00e5 att det bara \u00e4r en kort sektion som beh\u00f6ver bytas om slangarna skadats av armeringsj\u00e4rn eller andra rivningsmassor.<\/p>\n<p>N\u00e4r du v\u00e4ljer Brokk \u00e4r f\u00f6rdelarna inbyggda.<\/p>\n<p>&nbsp;<\/p>\n<h3>BROKK SMARTREMOTE\u2122<\/h3>\n<p>Det mest ergonomiska, s\u00e4kra och effektiva s\u00e4ttet att man\u00f6vrera en rivningsmaskin \u00e4r utan tvekan att kunna jobba p\u00e5 tryggt avst\u00e5nd fr\u00e5n vibrationer, v\u00e4rme och skr\u00e4p och samtidigt ha en perfekt \u00f6verblick \u00f6ver sj\u00e4lva arbetet. Allt detta \u00e4r m\u00f6jligt med Brokk SmartRemote\u2122.<\/p>\n<p>Ja, det finns andra fj\u00e4rrstyrda l\u00f6sningar. Men all fj\u00e4rrstyrning \u00e4r inte likv\u00e4rdig. Brokks styrning \u00e4r branschledande tack vare sin p\u00e5litlighet, ergonomiska utformning och egenskaper som g\u00f6r operat\u00f6ren mer produktiv. Vi har t\u00e4nkt p\u00e5 varje detalj: den professionella radiotekniken ger tillf\u00f6rlitlig och snabb f\u00f6rbindelse med maskinen. En patenterad midjesele l\u00e4gger vikten d\u00e4r den h\u00f6r hemma och avlastar axlarna fr\u00e5n p\u00e5frestningar. Korta styrspakar g\u00f6r att operat\u00f6ren kan st\u00f6dja armarna p\u00e5 fj\u00e4rrkontrollen vilket ocks\u00e5 minskar belastningen. Intuitiva man\u00f6verdon g\u00f6r att operat\u00f6rerna kan fokusera p\u00e5 arbetet utan att beh\u00f6va titta p\u00e5 kontrollen.<\/p>\n<p>P\u00e5 Brokk vet vi att maskin och operat\u00f6r \u00e4r en dynamisk duo. Det \u00e4r d\u00e4rf\u00f6r vi konstruerat ett fj\u00e4rrstyrningssystem som hj\u00e4lper operat\u00f6ren till h\u00e5llbar produktivitet hela dagen, vilket ocks\u00e5 hj\u00e4lper hen att h\u00e5lla sig frisk p\u00e5 l\u00e5ng sikt. Enkelt uttryckt \u00e4r det en smart fj\u00e4rrstyrning som g\u00f6r att maskin och operat\u00f6r sporrar varandra till nya stord\u00e5d.<\/p>\n<p><img loading=\"lazy\" decoding=\"async\" class=\"alignnone size-medium wp-image-1964\" src=\"https:\/\/www.brokk.com\/uploads\/2018\/05\/smartremote_thumb-720x480.jpg\" alt=\"Brokk SmartRemote\" width=\"720\" height=\"480\" \/><\/p>\n","protected":false},"excerpt":{"rendered":"<p>Vi har samlat innovationer fr\u00e5n tre viktiga omr\u00e5den och skapat SmartConcept. Tillsammans \u00e4r de oslagbara. <\/p>\n","protected":false},"author":36,"featured_media":0,"parent":0,"menu_order":90,"comment_status":"closed","ping_status":"closed","template":"page-templates\/common.php","meta":{"_acf_changed":false,"_relevanssi_hide_post":"","_relevanssi_hide_content":"","_relevanssi_pin_for_all":"","_relevanssi_pin_keywords":"","_relevanssi_unpin_keywords":"","_relevanssi_related_keywords":"","_relevanssi_related_include_ids":"","_relevanssi_related_exclude_ids":"","_relevanssi_related_no_append":"","_relevanssi_related_not_related":"","_relevanssi_related_posts":"","_relevanssi_noindex_reason":"","footnotes":""},"class_list":["post-3451","page","type-page","status-publish","hentry"],"acf":[],"yoast_head":"<!-- This site is optimized with the Yoast SEO plugin v27.3 - https:\/\/yoast.com\/product\/yoast-seo-wordpress\/ -->\n<title>Brokk SmartConcept - Brokk Sweden<\/title>\n<meta name=\"robots\" content=\"index, follow, max-snippet:-1, max-image-preview:large, max-video-preview:-1\" \/>\n<link rel=\"canonical\" href=\"https:\/\/www.brokk.com\/sv\/brokk-smartconcept\/\" \/>\n<meta property=\"og:locale\" content=\"sv_SE\" \/>\n<meta property=\"og:type\" content=\"article\" \/>\n<meta property=\"og:title\" content=\"Brokk SmartConcept - Brokk Sweden\" \/>\n<meta property=\"og:description\" content=\"Vi har samlat innovationer fr\u00e5n tre viktiga omr\u00e5den och skapat SmartConcept. Tillsammans \u00e4r de oslagbara.\" \/>\n<meta property=\"og:url\" content=\"https:\/\/www.brokk.com\/sv\/brokk-smartconcept\/\" \/>\n<meta property=\"og:site_name\" content=\"Brokk Sweden\" \/>\n<meta property=\"article:modified_time\" content=\"2019-06-13T11:42:06+00:00\" \/>\n<meta property=\"og:image\" content=\"https:\/\/www.brokk.com\/sv\/uploads\/sites\/10\/2018\/05\/smartpower.jpg\" \/>\n\t<meta property=\"og:image:width\" content=\"2560\" \/>\n\t<meta property=\"og:image:height\" content=\"1096\" \/>\n\t<meta property=\"og:image:type\" content=\"image\/jpeg\" \/>\n<meta name=\"twitter:card\" content=\"summary_large_image\" \/>\n<meta name=\"twitter:label1\" content=\"Ber\u00e4knad l\u00e4stid\" \/>\n\t<meta name=\"twitter:data1\" content=\"4 minuter\" \/>\n<script type=\"application\/ld+json\" class=\"yoast-schema-graph\">{\"@context\":\"https:\\\/\\\/schema.org\",\"@graph\":[{\"@type\":\"WebPage\",\"@id\":\"https:\\\/\\\/www.brokk.com\\\/sv\\\/brokk-smartconcept\\\/\",\"url\":\"https:\\\/\\\/www.brokk.com\\\/sv\\\/brokk-smartconcept\\\/\",\"name\":\"Brokk SmartConcept - Brokk Sweden\",\"isPartOf\":{\"@id\":\"https:\\\/\\\/www.brokk.com\\\/sv\\\/#website\"},\"primaryImageOfPage\":{\"@id\":\"https:\\\/\\\/www.brokk.com\\\/sv\\\/brokk-smartconcept\\\/#primaryimage\"},\"image\":{\"@id\":\"https:\\\/\\\/www.brokk.com\\\/sv\\\/brokk-smartconcept\\\/#primaryimage\"},\"thumbnailUrl\":\"https:\\\/\\\/www.brokk.com\\\/uploads\\\/2018\\\/05\\\/smartremote_thumb-720x480.jpg\",\"datePublished\":\"2018-04-06T09:02:11+00:00\",\"dateModified\":\"2019-06-13T11:42:06+00:00\",\"breadcrumb\":{\"@id\":\"https:\\\/\\\/www.brokk.com\\\/sv\\\/brokk-smartconcept\\\/#breadcrumb\"},\"inLanguage\":\"sv-SE\",\"potentialAction\":[{\"@type\":\"ReadAction\",\"target\":[\"https:\\\/\\\/www.brokk.com\\\/sv\\\/brokk-smartconcept\\\/\"]}]},{\"@type\":\"ImageObject\",\"inLanguage\":\"sv-SE\",\"@id\":\"https:\\\/\\\/www.brokk.com\\\/sv\\\/brokk-smartconcept\\\/#primaryimage\",\"url\":\"https:\\\/\\\/www.brokk.com\\\/uploads\\\/2018\\\/05\\\/smartremote_thumb-720x480.jpg\",\"contentUrl\":\"https:\\\/\\\/www.brokk.com\\\/uploads\\\/2018\\\/05\\\/smartremote_thumb-720x480.jpg\"},{\"@type\":\"BreadcrumbList\",\"@id\":\"https:\\\/\\\/www.brokk.com\\\/sv\\\/brokk-smartconcept\\\/#breadcrumb\",\"itemListElement\":[{\"@type\":\"ListItem\",\"position\":1,\"name\":\"Home\",\"item\":\"https:\\\/\\\/www.brokk.com\\\/sv\\\/\"},{\"@type\":\"ListItem\",\"position\":2,\"name\":\"Brokk SmartConcept\"}]},{\"@type\":\"WebSite\",\"@id\":\"https:\\\/\\\/www.brokk.com\\\/sv\\\/#website\",\"url\":\"https:\\\/\\\/www.brokk.com\\\/sv\\\/\",\"name\":\"Brokk Sweden\",\"description\":\"\",\"potentialAction\":[{\"@type\":\"SearchAction\",\"target\":{\"@type\":\"EntryPoint\",\"urlTemplate\":\"https:\\\/\\\/www.brokk.com\\\/sv\\\/?s={search_term_string}\"},\"query-input\":{\"@type\":\"PropertyValueSpecification\",\"valueRequired\":true,\"valueName\":\"search_term_string\"}}],\"inLanguage\":\"sv-SE\"}]}<\/script>\n<!-- \/ Yoast SEO plugin. -->","yoast_head_json":{"title":"Brokk SmartConcept - Brokk Sweden","robots":{"index":"index","follow":"follow","max-snippet":"max-snippet:-1","max-image-preview":"max-image-preview:large","max-video-preview":"max-video-preview:-1"},"canonical":"https:\/\/www.brokk.com\/sv\/brokk-smartconcept\/","og_locale":"sv_SE","og_type":"article","og_title":"Brokk SmartConcept - Brokk Sweden","og_description":"Vi har samlat innovationer fr\u00e5n tre viktiga omr\u00e5den och skapat SmartConcept. Tillsammans \u00e4r de oslagbara.","og_url":"https:\/\/www.brokk.com\/sv\/brokk-smartconcept\/","og_site_name":"Brokk Sweden","article_modified_time":"2019-06-13T11:42:06+00:00","og_image":[{"width":2560,"height":1096,"url":"https:\/\/www.brokk.com\/sv\/uploads\/sites\/10\/2018\/05\/smartpower.jpg","type":"image\/jpeg"}],"twitter_card":"summary_large_image","twitter_misc":{"Ber\u00e4knad l\u00e4stid":"4 minuter"},"schema":{"@context":"https:\/\/schema.org","@graph":[{"@type":"WebPage","@id":"https:\/\/www.brokk.com\/sv\/brokk-smartconcept\/","url":"https:\/\/www.brokk.com\/sv\/brokk-smartconcept\/","name":"Brokk SmartConcept - Brokk Sweden","isPartOf":{"@id":"https:\/\/www.brokk.com\/sv\/#website"},"primaryImageOfPage":{"@id":"https:\/\/www.brokk.com\/sv\/brokk-smartconcept\/#primaryimage"},"image":{"@id":"https:\/\/www.brokk.com\/sv\/brokk-smartconcept\/#primaryimage"},"thumbnailUrl":"https:\/\/www.brokk.com\/uploads\/2018\/05\/smartremote_thumb-720x480.jpg","datePublished":"2018-04-06T09:02:11+00:00","dateModified":"2019-06-13T11:42:06+00:00","breadcrumb":{"@id":"https:\/\/www.brokk.com\/sv\/brokk-smartconcept\/#breadcrumb"},"inLanguage":"sv-SE","potentialAction":[{"@type":"ReadAction","target":["https:\/\/www.brokk.com\/sv\/brokk-smartconcept\/"]}]},{"@type":"ImageObject","inLanguage":"sv-SE","@id":"https:\/\/www.brokk.com\/sv\/brokk-smartconcept\/#primaryimage","url":"https:\/\/www.brokk.com\/uploads\/2018\/05\/smartremote_thumb-720x480.jpg","contentUrl":"https:\/\/www.brokk.com\/uploads\/2018\/05\/smartremote_thumb-720x480.jpg"},{"@type":"BreadcrumbList","@id":"https:\/\/www.brokk.com\/sv\/brokk-smartconcept\/#breadcrumb","itemListElement":[{"@type":"ListItem","position":1,"name":"Home","item":"https:\/\/www.brokk.com\/sv\/"},{"@type":"ListItem","position":2,"name":"Brokk SmartConcept"}]},{"@type":"WebSite","@id":"https:\/\/www.brokk.com\/sv\/#website","url":"https:\/\/www.brokk.com\/sv\/","name":"Brokk Sweden","description":"","potentialAction":[{"@type":"SearchAction","target":{"@type":"EntryPoint","urlTemplate":"https:\/\/www.brokk.com\/sv\/?s={search_term_string}"},"query-input":{"@type":"PropertyValueSpecification","valueRequired":true,"valueName":"search_term_string"}}],"inLanguage":"sv-SE"}]}},"_links":{"self":[{"href":"https:\/\/www.brokk.com\/sv\/wp-json\/wp\/v2\/pages\/3451","targetHints":{"allow":["GET"]}}],"collection":[{"href":"https:\/\/www.brokk.com\/sv\/wp-json\/wp\/v2\/pages"}],"about":[{"href":"https:\/\/www.brokk.com\/sv\/wp-json\/wp\/v2\/types\/page"}],"author":[{"embeddable":true,"href":"https:\/\/www.brokk.com\/sv\/wp-json\/wp\/v2\/users\/36"}],"replies":[{"embeddable":true,"href":"https:\/\/www.brokk.com\/sv\/wp-json\/wp\/v2\/comments?post=3451"}],"version-history":[{"count":7,"href":"https:\/\/www.brokk.com\/sv\/wp-json\/wp\/v2\/pages\/3451\/revisions"}],"predecessor-version":[{"id":3955,"href":"https:\/\/www.brokk.com\/sv\/wp-json\/wp\/v2\/pages\/3451\/revisions\/3955"}],"wp:attachment":[{"href":"https:\/\/www.brokk.com\/sv\/wp-json\/wp\/v2\/media?parent=3451"}],"curies":[{"name":"wp","href":"https:\/\/api.w.org\/{rel}","templated":true}]}}