{"id":3467,"date":"2018-04-06T09:16:42","date_gmt":"2018-04-06T08:16:42","guid":{"rendered":"https:\/\/www.brokk.com\/sweden\/faq-after-sales\/"},"modified":"2019-06-11T07:46:55","modified_gmt":"2019-06-11T06:46:55","slug":"faq-eftermarknad","status":"publish","type":"page","link":"https:\/\/www.brokk.com\/sv\/faq-eftermarknad\/","title":{"rendered":"FAQ &#8211; Eftermarknad"},"content":{"rendered":"<p>Vi v\u00e4rdes\u00e4tter dina fr\u00e5gor och vi f\u00f6rs\u00f6ker alltid ge dig s\u00e5 snabba och tydliga svar som m\u00f6jligt, men f\u00f6r att underl\u00e4tta f\u00f6r dig har vi samlat de vanligaste fr\u00e5gorna och svaren h\u00e4r nedan. Naturligtvis kan du \u00e4ven skicka in ytterligare fr\u00e5gor och svarar dig s\u00e5 snart som m\u00f6jligt.<\/p>\n","protected":false},"excerpt":{"rendered":"<p>Vi v\u00e4rdes\u00e4tter dina fr\u00e5gor och vi f\u00f6rs\u00f6ker alltid ge dig s\u00e5 snabba och tydliga svar som m\u00f6jligt, men f\u00f6r att underl\u00e4tta f\u00f6r dig har vi samlat de vanligaste fr\u00e5gorna och svaren h\u00e4r nedan. Naturligtvis kan du \u00e4ven skicka in ytterligare\u2026<\/p>\n","protected":false},"author":36,"featured_media":0,"parent":0,"menu_order":89,"comment_status":"closed","ping_status":"closed","template":"page-templates\/faq.php","meta":{"_acf_changed":false,"_relevanssi_hide_post":"","_relevanssi_hide_content":"","_relevanssi_pin_for_all":"","_relevanssi_pin_keywords":"","_relevanssi_unpin_keywords":"","_relevanssi_related_keywords":"","_relevanssi_related_include_ids":"","_relevanssi_related_exclude_ids":"","_relevanssi_related_no_append":"","_relevanssi_related_not_related":"","_relevanssi_related_posts":"","_relevanssi_noindex_reason":"","footnotes":""},"class_list":["post-3467","page","type-page","status-publish","hentry"],"acf":[],"yoast_head":"<!-- This site is optimized with the Yoast SEO plugin v27.3 - https:\/\/yoast.com\/product\/yoast-seo-wordpress\/ -->\n<title>FAQ - Eftermarknad - Brokk Sweden<\/title>\n<meta name=\"robots\" content=\"index, follow, max-snippet:-1, max-image-preview:large, max-video-preview:-1\" \/>\n<link rel=\"canonical\" href=\"https:\/\/www.brokk.com\/sv\/faq-eftermarknad\/\" \/>\n<meta property=\"og:locale\" content=\"sv_SE\" \/>\n<meta property=\"og:type\" content=\"article\" \/>\n<meta property=\"og:title\" content=\"FAQ - Eftermarknad - Brokk Sweden\" \/>\n<meta property=\"og:description\" content=\"Vi v\u00e4rdes\u00e4tter dina fr\u00e5gor och vi f\u00f6rs\u00f6ker alltid ge dig s\u00e5 snabba och tydliga svar som m\u00f6jligt, men f\u00f6r att underl\u00e4tta f\u00f6r dig har vi samlat de vanligaste fr\u00e5gorna och svaren h\u00e4r nedan. Naturligtvis kan du \u00e4ven skicka in ytterligare\u2026\" \/>\n<meta property=\"og:url\" content=\"https:\/\/www.brokk.com\/sv\/faq-eftermarknad\/\" \/>\n<meta property=\"og:site_name\" content=\"Brokk Sweden\" \/>\n<meta property=\"article:modified_time\" content=\"2019-06-11T06:46:55+00:00\" \/>\n<meta name=\"twitter:card\" content=\"summary_large_image\" \/>\n<script type=\"application\/ld+json\" class=\"yoast-schema-graph\">{\"@context\":\"https:\\\/\\\/schema.org\",\"@graph\":[{\"@type\":\"WebPage\",\"@id\":\"https:\\\/\\\/www.brokk.com\\\/sv\\\/faq-eftermarknad\\\/\",\"url\":\"https:\\\/\\\/www.brokk.com\\\/sv\\\/faq-eftermarknad\\\/\",\"name\":\"FAQ - Eftermarknad - Brokk Sweden\",\"isPartOf\":{\"@id\":\"https:\\\/\\\/www.brokk.com\\\/sv\\\/#website\"},\"datePublished\":\"2018-04-06T08:16:42+00:00\",\"dateModified\":\"2019-06-11T06:46:55+00:00\",\"breadcrumb\":{\"@id\":\"https:\\\/\\\/www.brokk.com\\\/sv\\\/faq-eftermarknad\\\/#breadcrumb\"},\"inLanguage\":\"sv-SE\",\"potentialAction\":[{\"@type\":\"ReadAction\",\"target\":[\"https:\\\/\\\/www.brokk.com\\\/sv\\\/faq-eftermarknad\\\/\"]}]},{\"@type\":\"BreadcrumbList\",\"@id\":\"https:\\\/\\\/www.brokk.com\\\/sv\\\/faq-eftermarknad\\\/#breadcrumb\",\"itemListElement\":[{\"@type\":\"ListItem\",\"position\":1,\"name\":\"Home\",\"item\":\"https:\\\/\\\/www.brokk.com\\\/sv\\\/\"},{\"@type\":\"ListItem\",\"position\":2,\"name\":\"FAQ &#8211; Eftermarknad\"}]},{\"@type\":\"WebSite\",\"@id\":\"https:\\\/\\\/www.brokk.com\\\/sv\\\/#website\",\"url\":\"https:\\\/\\\/www.brokk.com\\\/sv\\\/\",\"name\":\"Brokk Sweden\",\"description\":\"\",\"potentialAction\":[{\"@type\":\"SearchAction\",\"target\":{\"@type\":\"EntryPoint\",\"urlTemplate\":\"https:\\\/\\\/www.brokk.com\\\/sv\\\/?s={search_term_string}\"},\"query-input\":{\"@type\":\"PropertyValueSpecification\",\"valueRequired\":true,\"valueName\":\"search_term_string\"}}],\"inLanguage\":\"sv-SE\"}]}<\/script>\n<!-- \/ Yoast SEO plugin. -->","yoast_head_json":{"title":"FAQ - Eftermarknad - Brokk Sweden","robots":{"index":"index","follow":"follow","max-snippet":"max-snippet:-1","max-image-preview":"max-image-preview:large","max-video-preview":"max-video-preview:-1"},"canonical":"https:\/\/www.brokk.com\/sv\/faq-eftermarknad\/","og_locale":"sv_SE","og_type":"article","og_title":"FAQ - Eftermarknad - Brokk Sweden","og_description":"Vi v\u00e4rdes\u00e4tter dina fr\u00e5gor och vi f\u00f6rs\u00f6ker alltid ge dig s\u00e5 snabba och tydliga svar som m\u00f6jligt, men f\u00f6r att underl\u00e4tta f\u00f6r dig har vi samlat de vanligaste fr\u00e5gorna och svaren h\u00e4r nedan. Naturligtvis kan du \u00e4ven skicka in ytterligare\u2026","og_url":"https:\/\/www.brokk.com\/sv\/faq-eftermarknad\/","og_site_name":"Brokk Sweden","article_modified_time":"2019-06-11T06:46:55+00:00","twitter_card":"summary_large_image","schema":{"@context":"https:\/\/schema.org","@graph":[{"@type":"WebPage","@id":"https:\/\/www.brokk.com\/sv\/faq-eftermarknad\/","url":"https:\/\/www.brokk.com\/sv\/faq-eftermarknad\/","name":"FAQ - Eftermarknad - Brokk Sweden","isPartOf":{"@id":"https:\/\/www.brokk.com\/sv\/#website"},"datePublished":"2018-04-06T08:16:42+00:00","dateModified":"2019-06-11T06:46:55+00:00","breadcrumb":{"@id":"https:\/\/www.brokk.com\/sv\/faq-eftermarknad\/#breadcrumb"},"inLanguage":"sv-SE","potentialAction":[{"@type":"ReadAction","target":["https:\/\/www.brokk.com\/sv\/faq-eftermarknad\/"]}]},{"@type":"BreadcrumbList","@id":"https:\/\/www.brokk.com\/sv\/faq-eftermarknad\/#breadcrumb","itemListElement":[{"@type":"ListItem","position":1,"name":"Home","item":"https:\/\/www.brokk.com\/sv\/"},{"@type":"ListItem","position":2,"name":"FAQ &#8211; Eftermarknad"}]},{"@type":"WebSite","@id":"https:\/\/www.brokk.com\/sv\/#website","url":"https:\/\/www.brokk.com\/sv\/","name":"Brokk Sweden","description":"","potentialAction":[{"@type":"SearchAction","target":{"@type":"EntryPoint","urlTemplate":"https:\/\/www.brokk.com\/sv\/?s={search_term_string}"},"query-input":{"@type":"PropertyValueSpecification","valueRequired":true,"valueName":"search_term_string"}}],"inLanguage":"sv-SE"}]}},"_links":{"self":[{"href":"https:\/\/www.brokk.com\/sv\/wp-json\/wp\/v2\/pages\/3467","targetHints":{"allow":["GET"]}}],"collection":[{"href":"https:\/\/www.brokk.com\/sv\/wp-json\/wp\/v2\/pages"}],"about":[{"href":"https:\/\/www.brokk.com\/sv\/wp-json\/wp\/v2\/types\/page"}],"author":[{"embeddable":true,"href":"https:\/\/www.brokk.com\/sv\/wp-json\/wp\/v2\/users\/36"}],"replies":[{"embeddable":true,"href":"https:\/\/www.brokk.com\/sv\/wp-json\/wp\/v2\/comments?post=3467"}],"version-history":[{"count":5,"href":"https:\/\/www.brokk.com\/sv\/wp-json\/wp\/v2\/pages\/3467\/revisions"}],"predecessor-version":[{"id":3927,"href":"https:\/\/www.brokk.com\/sv\/wp-json\/wp\/v2\/pages\/3467\/revisions\/3927"}],"wp:attachment":[{"href":"https:\/\/www.brokk.com\/sv\/wp-json\/wp\/v2\/media?parent=3467"}],"curies":[{"name":"wp","href":"https:\/\/api.w.org\/{rel}","templated":true}]}}