{"id":3475,"date":"2018-04-06T10:00:19","date_gmt":"2018-04-06T09:00:19","guid":{"rendered":"https:\/\/www.brokk.com\/sweden\/custom-machines\/"},"modified":"2025-07-03T10:41:52","modified_gmt":"2025-07-03T08:41:52","slug":"special-losningar","status":"publish","type":"page","link":"https:\/\/www.brokk.com\/sv\/special-losningar\/","title":{"rendered":"Specialanpassade l\u00f6sningar"},"content":{"rendered":"<p><span title=\"\">Vissa projekt kr\u00e4ver speciall\u00f6sningar. Brokk erbjuder bepr\u00f6vade kombinationer av design, konstruktion och service som kan klara n\u00e4stan vilken utmaning som helst. Fr\u00e5n id\u00e9 till modell, fr\u00e5n operat\u00f6rsutbildning till underh\u00e5ll, fr\u00e5n projektstart till slutgiltiga tester. Vi l\u00e4mnar inget \u00e5t slumpen n\u00e4r det g\u00e4ller att maximera maskinens prestanda. <\/span><\/p>\n<p><span title=\"\">Hela Brokkkonceptet \u00e4r byggt med m\u00f6jlighet f\u00f6r anpassningar och med<\/span><span title=\"\"> \u00f6ver 40 \u00e5rs erfarenhet och st\u00e4ndig produktutveckling kan vi hj\u00e4lpa dig att skr\u00e4ddarsy din rivningsrobot f\u00f6r<\/span><span title=\"\"> dina specifika behov. F\u00f6r att kunna m\u00f6ta kundens specifika behov, <\/span><span title=\"\">\u00e4r det b\u00e4sta s\u00e4ttet att arbeta tillsammans, med kunden <\/span><span title=\"\">som expert p\u00e5 vad som kommer beh\u00f6vas och med Brokk som den ledande utvecklaren av banbrytande teknik f\u00f6r rivnings- och underh\u00e5llsmaskiner. <a href=\"https:\/\/www.brokk.com\/sv\/brokk-sverige-ab\/\">KONTAKTA OSS<\/a> g\u00e4rna f\u00f6r ett f\u00f6ruts\u00e4ttningsl\u00f6st samtal!\u00a0<\/span><\/p>\n","protected":false},"excerpt":{"rendered":"<p>Vissa projekt kr\u00e4ver speciall\u00f6sningar. Brokk erbjuder bepr\u00f6vade kombinationer av design, konstruktion och service som kan klara n\u00e4stan vilken utmaning som helst. Fr\u00e5n id\u00e9 till modell, fr\u00e5n operat\u00f6rsutbildning till underh\u00e5ll, fr\u00e5n projektstart till slutgiltiga tester. Vi l\u00e4mnar inget \u00e5t slumpen n\u00e4r\u2026<\/p>\n","protected":false},"author":36,"featured_media":3476,"parent":0,"menu_order":112,"comment_status":"closed","ping_status":"closed","template":"page-templates\/common.php","meta":{"_acf_changed":false,"_relevanssi_hide_post":"","_relevanssi_hide_content":"","_relevanssi_pin_for_all":"","_relevanssi_pin_keywords":"","_relevanssi_unpin_keywords":"","_relevanssi_related_keywords":"","_relevanssi_related_include_ids":"","_relevanssi_related_exclude_ids":"","_relevanssi_related_no_append":"","_relevanssi_related_not_related":"","_relevanssi_related_posts":"","_relevanssi_noindex_reason":"","footnotes":""},"class_list":["post-3475","page","type-page","status-publish","has-post-thumbnail","hentry"],"acf":[],"yoast_head":"<!-- This site is optimized with the Yoast SEO plugin v27.3 - https:\/\/yoast.com\/product\/yoast-seo-wordpress\/ -->\n<title>Specialanpassade l\u00f6sningar - Brokk Sweden<\/title>\n<meta name=\"robots\" content=\"index, follow, max-snippet:-1, max-image-preview:large, max-video-preview:-1\" \/>\n<link rel=\"canonical\" href=\"https:\/\/www.brokk.com\/sv\/special-losningar\/\" \/>\n<meta property=\"og:locale\" content=\"sv_SE\" \/>\n<meta property=\"og:type\" content=\"article\" \/>\n<meta property=\"og:title\" content=\"Specialanpassade l\u00f6sningar - Brokk Sweden\" \/>\n<meta property=\"og:description\" content=\"Vissa projekt kr\u00e4ver speciall\u00f6sningar. Brokk erbjuder bepr\u00f6vade kombinationer av design, konstruktion och service som kan klara n\u00e4stan vilken utmaning som helst. Fr\u00e5n id\u00e9 till modell, fr\u00e5n operat\u00f6rsutbildning till underh\u00e5ll, fr\u00e5n projektstart till slutgiltiga tester. Vi l\u00e4mnar inget \u00e5t slumpen n\u00e4r\u2026\" \/>\n<meta property=\"og:url\" content=\"https:\/\/www.brokk.com\/sv\/special-losningar\/\" \/>\n<meta property=\"og:site_name\" content=\"Brokk Sweden\" \/>\n<meta property=\"article:modified_time\" content=\"2025-07-03T08:41:52+00:00\" \/>\n<meta property=\"og:image\" content=\"https:\/\/www.brokk.com\/sv\/uploads\/sites\/10\/2018\/03\/custom-machines_hero.jpg\" \/>\n\t<meta property=\"og:image:width\" content=\"2560\" \/>\n\t<meta property=\"og:image:height\" content=\"1096\" \/>\n\t<meta property=\"og:image:type\" content=\"image\/jpeg\" \/>\n<meta name=\"twitter:card\" content=\"summary_large_image\" \/>\n<meta name=\"twitter:label1\" content=\"Ber\u00e4knad l\u00e4stid\" \/>\n\t<meta name=\"twitter:data1\" content=\"1 minut\" \/>\n<script type=\"application\/ld+json\" class=\"yoast-schema-graph\">{\"@context\":\"https:\\\/\\\/schema.org\",\"@graph\":[{\"@type\":\"WebPage\",\"@id\":\"https:\\\/\\\/www.brokk.com\\\/sv\\\/special-losningar\\\/\",\"url\":\"https:\\\/\\\/www.brokk.com\\\/sv\\\/special-losningar\\\/\",\"name\":\"Specialanpassade l\u00f6sningar - Brokk Sweden\",\"isPartOf\":{\"@id\":\"https:\\\/\\\/www.brokk.com\\\/sv\\\/#website\"},\"primaryImageOfPage\":{\"@id\":\"https:\\\/\\\/www.brokk.com\\\/sv\\\/special-losningar\\\/#primaryimage\"},\"image\":{\"@id\":\"https:\\\/\\\/www.brokk.com\\\/sv\\\/special-losningar\\\/#primaryimage\"},\"thumbnailUrl\":\"https:\\\/\\\/www.brokk.com\\\/sv\\\/uploads\\\/sites\\\/10\\\/2018\\\/03\\\/custom-machines_hero.jpg\",\"datePublished\":\"2018-04-06T09:00:19+00:00\",\"dateModified\":\"2025-07-03T08:41:52+00:00\",\"breadcrumb\":{\"@id\":\"https:\\\/\\\/www.brokk.com\\\/sv\\\/special-losningar\\\/#breadcrumb\"},\"inLanguage\":\"sv-SE\",\"potentialAction\":[{\"@type\":\"ReadAction\",\"target\":[\"https:\\\/\\\/www.brokk.com\\\/sv\\\/special-losningar\\\/\"]}]},{\"@type\":\"ImageObject\",\"inLanguage\":\"sv-SE\",\"@id\":\"https:\\\/\\\/www.brokk.com\\\/sv\\\/special-losningar\\\/#primaryimage\",\"url\":\"https:\\\/\\\/www.brokk.com\\\/sv\\\/uploads\\\/sites\\\/10\\\/2018\\\/03\\\/custom-machines_hero.jpg\",\"contentUrl\":\"https:\\\/\\\/www.brokk.com\\\/sv\\\/uploads\\\/sites\\\/10\\\/2018\\\/03\\\/custom-machines_hero.jpg\",\"width\":2560,\"height\":1096},{\"@type\":\"BreadcrumbList\",\"@id\":\"https:\\\/\\\/www.brokk.com\\\/sv\\\/special-losningar\\\/#breadcrumb\",\"itemListElement\":[{\"@type\":\"ListItem\",\"position\":1,\"name\":\"Home\",\"item\":\"https:\\\/\\\/www.brokk.com\\\/sv\\\/\"},{\"@type\":\"ListItem\",\"position\":2,\"name\":\"Specialanpassade l\u00f6sningar\"}]},{\"@type\":\"WebSite\",\"@id\":\"https:\\\/\\\/www.brokk.com\\\/sv\\\/#website\",\"url\":\"https:\\\/\\\/www.brokk.com\\\/sv\\\/\",\"name\":\"Brokk Sweden\",\"description\":\"\",\"potentialAction\":[{\"@type\":\"SearchAction\",\"target\":{\"@type\":\"EntryPoint\",\"urlTemplate\":\"https:\\\/\\\/www.brokk.com\\\/sv\\\/?s={search_term_string}\"},\"query-input\":{\"@type\":\"PropertyValueSpecification\",\"valueRequired\":true,\"valueName\":\"search_term_string\"}}],\"inLanguage\":\"sv-SE\"}]}<\/script>\n<!-- \/ Yoast SEO plugin. -->","yoast_head_json":{"title":"Specialanpassade l\u00f6sningar - Brokk Sweden","robots":{"index":"index","follow":"follow","max-snippet":"max-snippet:-1","max-image-preview":"max-image-preview:large","max-video-preview":"max-video-preview:-1"},"canonical":"https:\/\/www.brokk.com\/sv\/special-losningar\/","og_locale":"sv_SE","og_type":"article","og_title":"Specialanpassade l\u00f6sningar - Brokk Sweden","og_description":"Vissa projekt kr\u00e4ver speciall\u00f6sningar. Brokk erbjuder bepr\u00f6vade kombinationer av design, konstruktion och service som kan klara n\u00e4stan vilken utmaning som helst. Fr\u00e5n id\u00e9 till modell, fr\u00e5n operat\u00f6rsutbildning till underh\u00e5ll, fr\u00e5n projektstart till slutgiltiga tester. Vi l\u00e4mnar inget \u00e5t slumpen n\u00e4r\u2026","og_url":"https:\/\/www.brokk.com\/sv\/special-losningar\/","og_site_name":"Brokk Sweden","article_modified_time":"2025-07-03T08:41:52+00:00","og_image":[{"width":2560,"height":1096,"url":"https:\/\/www.brokk.com\/sv\/uploads\/sites\/10\/2018\/03\/custom-machines_hero.jpg","type":"image\/jpeg"}],"twitter_card":"summary_large_image","twitter_misc":{"Ber\u00e4knad l\u00e4stid":"1 minut"},"schema":{"@context":"https:\/\/schema.org","@graph":[{"@type":"WebPage","@id":"https:\/\/www.brokk.com\/sv\/special-losningar\/","url":"https:\/\/www.brokk.com\/sv\/special-losningar\/","name":"Specialanpassade l\u00f6sningar - Brokk Sweden","isPartOf":{"@id":"https:\/\/www.brokk.com\/sv\/#website"},"primaryImageOfPage":{"@id":"https:\/\/www.brokk.com\/sv\/special-losningar\/#primaryimage"},"image":{"@id":"https:\/\/www.brokk.com\/sv\/special-losningar\/#primaryimage"},"thumbnailUrl":"https:\/\/www.brokk.com\/sv\/uploads\/sites\/10\/2018\/03\/custom-machines_hero.jpg","datePublished":"2018-04-06T09:00:19+00:00","dateModified":"2025-07-03T08:41:52+00:00","breadcrumb":{"@id":"https:\/\/www.brokk.com\/sv\/special-losningar\/#breadcrumb"},"inLanguage":"sv-SE","potentialAction":[{"@type":"ReadAction","target":["https:\/\/www.brokk.com\/sv\/special-losningar\/"]}]},{"@type":"ImageObject","inLanguage":"sv-SE","@id":"https:\/\/www.brokk.com\/sv\/special-losningar\/#primaryimage","url":"https:\/\/www.brokk.com\/sv\/uploads\/sites\/10\/2018\/03\/custom-machines_hero.jpg","contentUrl":"https:\/\/www.brokk.com\/sv\/uploads\/sites\/10\/2018\/03\/custom-machines_hero.jpg","width":2560,"height":1096},{"@type":"BreadcrumbList","@id":"https:\/\/www.brokk.com\/sv\/special-losningar\/#breadcrumb","itemListElement":[{"@type":"ListItem","position":1,"name":"Home","item":"https:\/\/www.brokk.com\/sv\/"},{"@type":"ListItem","position":2,"name":"Specialanpassade l\u00f6sningar"}]},{"@type":"WebSite","@id":"https:\/\/www.brokk.com\/sv\/#website","url":"https:\/\/www.brokk.com\/sv\/","name":"Brokk Sweden","description":"","potentialAction":[{"@type":"SearchAction","target":{"@type":"EntryPoint","urlTemplate":"https:\/\/www.brokk.com\/sv\/?s={search_term_string}"},"query-input":{"@type":"PropertyValueSpecification","valueRequired":true,"valueName":"search_term_string"}}],"inLanguage":"sv-SE"}]}},"_links":{"self":[{"href":"https:\/\/www.brokk.com\/sv\/wp-json\/wp\/v2\/pages\/3475","targetHints":{"allow":["GET"]}}],"collection":[{"href":"https:\/\/www.brokk.com\/sv\/wp-json\/wp\/v2\/pages"}],"about":[{"href":"https:\/\/www.brokk.com\/sv\/wp-json\/wp\/v2\/types\/page"}],"author":[{"embeddable":true,"href":"https:\/\/www.brokk.com\/sv\/wp-json\/wp\/v2\/users\/36"}],"replies":[{"embeddable":true,"href":"https:\/\/www.brokk.com\/sv\/wp-json\/wp\/v2\/comments?post=3475"}],"version-history":[{"count":7,"href":"https:\/\/www.brokk.com\/sv\/wp-json\/wp\/v2\/pages\/3475\/revisions"}],"predecessor-version":[{"id":6159,"href":"https:\/\/www.brokk.com\/sv\/wp-json\/wp\/v2\/pages\/3475\/revisions\/6159"}],"wp:featuredmedia":[{"embeddable":true,"href":"https:\/\/www.brokk.com\/sv\/wp-json\/wp\/v2\/media\/3476"}],"wp:attachment":[{"href":"https:\/\/www.brokk.com\/sv\/wp-json\/wp\/v2\/media?parent=3475"}],"curies":[{"name":"wp","href":"https:\/\/api.w.org\/{rel}","templated":true}]}}