{"id":3482,"date":"2018-03-21T10:43:05","date_gmt":"2018-03-21T09:43:05","guid":{"rendered":"https:\/\/www.brokk.com\/sweden\/press\/"},"modified":"2024-05-17T13:53:28","modified_gmt":"2024-05-17T11:53:28","slug":"nyheter","status":"publish","type":"page","link":"https:\/\/www.brokk.com\/sv\/nyheter\/","title":{"rendered":"Nyheter"},"content":{"rendered":"<p>V\u00e4lkommen till v\u00e5rt pressrum. H\u00e4r hittar du v\u00e5ra senaste pressreleaser och uttalanden. Om du har n\u00e5gra fr\u00e5gor, v\u00e4nligen kontakta oss <a href=\"mailto:marketing@brokk.com\">h\u00e4r<\/a>!<\/p>\n","protected":false},"excerpt":{"rendered":"<p>V\u00e4lkommen till v\u00e5rt pressrum. H\u00e4r hittar du v\u00e5ra senaste pressreleaser och uttalanden. Om du har n\u00e5gra fr\u00e5gor, v\u00e4nligen kontakta oss h\u00e4r!<\/p>\n","protected":false},"author":36,"featured_media":3483,"parent":0,"menu_order":107,"comment_status":"closed","ping_status":"closed","template":"page-templates\/press.php","meta":{"_acf_changed":false,"_relevanssi_hide_post":"","_relevanssi_hide_content":"","_relevanssi_pin_for_all":"","_relevanssi_pin_keywords":"","_relevanssi_unpin_keywords":"","_relevanssi_related_keywords":"","_relevanssi_related_include_ids":"","_relevanssi_related_exclude_ids":"","_relevanssi_related_no_append":"","_relevanssi_related_not_related":"","_relevanssi_related_posts":"","_relevanssi_noindex_reason":"","footnotes":""},"class_list":["post-3482","page","type-page","status-publish","has-post-thumbnail","hentry"],"acf":[],"yoast_head":"<!-- This site is optimized with the Yoast SEO plugin v27.0 - https:\/\/yoast.com\/product\/yoast-seo-wordpress\/ -->\n<title>Nyheter - Brokk Sweden<\/title>\n<meta name=\"robots\" content=\"index, follow, max-snippet:-1, max-image-preview:large, max-video-preview:-1\" \/>\n<link rel=\"canonical\" href=\"https:\/\/www.brokk.com\/sv\/nyheter\/\" \/>\n<meta property=\"og:locale\" content=\"sv_SE\" \/>\n<meta property=\"og:type\" content=\"article\" \/>\n<meta property=\"og:title\" content=\"Nyheter - Brokk Sweden\" \/>\n<meta property=\"og:description\" content=\"V\u00e4lkommen till v\u00e5rt pressrum. H\u00e4r hittar du v\u00e5ra senaste pressreleaser och uttalanden. Om du har n\u00e5gra fr\u00e5gor, v\u00e4nligen kontakta oss h\u00e4r!\" \/>\n<meta property=\"og:url\" content=\"https:\/\/www.brokk.com\/sv\/nyheter\/\" \/>\n<meta property=\"og:site_name\" content=\"Brokk Sweden\" \/>\n<meta property=\"article:modified_time\" content=\"2024-05-17T11:53:28+00:00\" \/>\n<meta property=\"og:image\" content=\"https:\/\/www.brokk.com\/sv\/uploads\/sites\/10\/2018\/03\/project-02.jpg\" \/>\n\t<meta property=\"og:image:width\" content=\"900\" \/>\n\t<meta property=\"og:image:height\" content=\"550\" \/>\n\t<meta property=\"og:image:type\" content=\"image\/jpeg\" \/>\n<meta name=\"twitter:card\" content=\"summary_large_image\" \/>\n<meta name=\"twitter:label1\" content=\"Ber\u00e4knad l\u00e4stid\" \/>\n\t<meta name=\"twitter:data1\" content=\"1 minut\" \/>\n<script type=\"application\/ld+json\" class=\"yoast-schema-graph\">{\"@context\":\"https:\/\/schema.org\",\"@graph\":[{\"@type\":\"WebPage\",\"@id\":\"https:\/\/www.brokk.com\/sv\/nyheter\/\",\"url\":\"https:\/\/www.brokk.com\/sv\/nyheter\/\",\"name\":\"Nyheter - Brokk Sweden\",\"isPartOf\":{\"@id\":\"https:\/\/www.brokk.com\/sv\/#website\"},\"primaryImageOfPage\":{\"@id\":\"https:\/\/www.brokk.com\/sv\/nyheter\/#primaryimage\"},\"image\":{\"@id\":\"https:\/\/www.brokk.com\/sv\/nyheter\/#primaryimage\"},\"thumbnailUrl\":\"https:\/\/www.brokk.com\/sv\/uploads\/sites\/10\/2018\/03\/project-02.jpg\",\"datePublished\":\"2018-03-21T09:43:05+00:00\",\"dateModified\":\"2024-05-17T11:53:28+00:00\",\"breadcrumb\":{\"@id\":\"https:\/\/www.brokk.com\/sv\/nyheter\/#breadcrumb\"},\"inLanguage\":\"sv-SE\",\"potentialAction\":[{\"@type\":\"ReadAction\",\"target\":[\"https:\/\/www.brokk.com\/sv\/nyheter\/\"]}]},{\"@type\":\"ImageObject\",\"inLanguage\":\"sv-SE\",\"@id\":\"https:\/\/www.brokk.com\/sv\/nyheter\/#primaryimage\",\"url\":\"https:\/\/www.brokk.com\/sv\/uploads\/sites\/10\/2018\/03\/project-02.jpg\",\"contentUrl\":\"https:\/\/www.brokk.com\/sv\/uploads\/sites\/10\/2018\/03\/project-02.jpg\",\"width\":900,\"height\":550},{\"@type\":\"BreadcrumbList\",\"@id\":\"https:\/\/www.brokk.com\/sv\/nyheter\/#breadcrumb\",\"itemListElement\":[{\"@type\":\"ListItem\",\"position\":1,\"name\":\"Home\",\"item\":\"https:\/\/www.brokk.com\/sv\/\"},{\"@type\":\"ListItem\",\"position\":2,\"name\":\"Nyheter\"}]},{\"@type\":\"WebSite\",\"@id\":\"https:\/\/www.brokk.com\/sv\/#website\",\"url\":\"https:\/\/www.brokk.com\/sv\/\",\"name\":\"Brokk Sweden\",\"description\":\"\",\"potentialAction\":[{\"@type\":\"SearchAction\",\"target\":{\"@type\":\"EntryPoint\",\"urlTemplate\":\"https:\/\/www.brokk.com\/sv\/?s={search_term_string}\"},\"query-input\":{\"@type\":\"PropertyValueSpecification\",\"valueRequired\":true,\"valueName\":\"search_term_string\"}}],\"inLanguage\":\"sv-SE\"}]}<\/script>\n<!-- \/ Yoast SEO plugin. -->","yoast_head_json":{"title":"Nyheter - Brokk Sweden","robots":{"index":"index","follow":"follow","max-snippet":"max-snippet:-1","max-image-preview":"max-image-preview:large","max-video-preview":"max-video-preview:-1"},"canonical":"https:\/\/www.brokk.com\/sv\/nyheter\/","og_locale":"sv_SE","og_type":"article","og_title":"Nyheter - Brokk Sweden","og_description":"V\u00e4lkommen till v\u00e5rt pressrum. H\u00e4r hittar du v\u00e5ra senaste pressreleaser och uttalanden. Om du har n\u00e5gra fr\u00e5gor, v\u00e4nligen kontakta oss h\u00e4r!","og_url":"https:\/\/www.brokk.com\/sv\/nyheter\/","og_site_name":"Brokk Sweden","article_modified_time":"2024-05-17T11:53:28+00:00","og_image":[{"width":900,"height":550,"url":"https:\/\/www.brokk.com\/sv\/uploads\/sites\/10\/2018\/03\/project-02.jpg","type":"image\/jpeg"}],"twitter_card":"summary_large_image","twitter_misc":{"Ber\u00e4knad l\u00e4stid":"1 minut"},"schema":{"@context":"https:\/\/schema.org","@graph":[{"@type":"WebPage","@id":"https:\/\/www.brokk.com\/sv\/nyheter\/","url":"https:\/\/www.brokk.com\/sv\/nyheter\/","name":"Nyheter - Brokk Sweden","isPartOf":{"@id":"https:\/\/www.brokk.com\/sv\/#website"},"primaryImageOfPage":{"@id":"https:\/\/www.brokk.com\/sv\/nyheter\/#primaryimage"},"image":{"@id":"https:\/\/www.brokk.com\/sv\/nyheter\/#primaryimage"},"thumbnailUrl":"https:\/\/www.brokk.com\/sv\/uploads\/sites\/10\/2018\/03\/project-02.jpg","datePublished":"2018-03-21T09:43:05+00:00","dateModified":"2024-05-17T11:53:28+00:00","breadcrumb":{"@id":"https:\/\/www.brokk.com\/sv\/nyheter\/#breadcrumb"},"inLanguage":"sv-SE","potentialAction":[{"@type":"ReadAction","target":["https:\/\/www.brokk.com\/sv\/nyheter\/"]}]},{"@type":"ImageObject","inLanguage":"sv-SE","@id":"https:\/\/www.brokk.com\/sv\/nyheter\/#primaryimage","url":"https:\/\/www.brokk.com\/sv\/uploads\/sites\/10\/2018\/03\/project-02.jpg","contentUrl":"https:\/\/www.brokk.com\/sv\/uploads\/sites\/10\/2018\/03\/project-02.jpg","width":900,"height":550},{"@type":"BreadcrumbList","@id":"https:\/\/www.brokk.com\/sv\/nyheter\/#breadcrumb","itemListElement":[{"@type":"ListItem","position":1,"name":"Home","item":"https:\/\/www.brokk.com\/sv\/"},{"@type":"ListItem","position":2,"name":"Nyheter"}]},{"@type":"WebSite","@id":"https:\/\/www.brokk.com\/sv\/#website","url":"https:\/\/www.brokk.com\/sv\/","name":"Brokk Sweden","description":"","potentialAction":[{"@type":"SearchAction","target":{"@type":"EntryPoint","urlTemplate":"https:\/\/www.brokk.com\/sv\/?s={search_term_string}"},"query-input":{"@type":"PropertyValueSpecification","valueRequired":true,"valueName":"search_term_string"}}],"inLanguage":"sv-SE"}]}},"_links":{"self":[{"href":"https:\/\/www.brokk.com\/sv\/wp-json\/wp\/v2\/pages\/3482","targetHints":{"allow":["GET"]}}],"collection":[{"href":"https:\/\/www.brokk.com\/sv\/wp-json\/wp\/v2\/pages"}],"about":[{"href":"https:\/\/www.brokk.com\/sv\/wp-json\/wp\/v2\/types\/page"}],"author":[{"embeddable":true,"href":"https:\/\/www.brokk.com\/sv\/wp-json\/wp\/v2\/users\/36"}],"replies":[{"embeddable":true,"href":"https:\/\/www.brokk.com\/sv\/wp-json\/wp\/v2\/comments?post=3482"}],"version-history":[{"count":5,"href":"https:\/\/www.brokk.com\/sv\/wp-json\/wp\/v2\/pages\/3482\/revisions"}],"predecessor-version":[{"id":5681,"href":"https:\/\/www.brokk.com\/sv\/wp-json\/wp\/v2\/pages\/3482\/revisions\/5681"}],"wp:featuredmedia":[{"embeddable":true,"href":"https:\/\/www.brokk.com\/sv\/wp-json\/wp\/v2\/media\/3483"}],"wp:attachment":[{"href":"https:\/\/www.brokk.com\/sv\/wp-json\/wp\/v2\/media?parent=3482"}],"curies":[{"name":"wp","href":"https:\/\/api.w.org\/{rel}","templated":true}]}}